{"id":684,"date":"2021-02-25T12:23:09","date_gmt":"2021-02-25T11:23:09","guid":{"rendered":"https:\/\/www.lesjardinsdesaintehildegarde.com\/contactar-les-jardins-de-sainte-hildegarde\/"},"modified":"2023-07-17T10:42:24","modified_gmt":"2023-07-17T08:42:24","slug":"contactar-les-jardins-de-sainte-hildegarde","status":"publish","type":"page","link":"https:\/\/www.lesjardinsdesaintehildegarde.com\/es\/contactar-les-jardins-de-sainte-hildegarde\/","title":{"rendered":"Contactar les Jardins de Sainte Hildegarde"},"content":{"rendered":"<\/div>\n<p><!-- overriding the default theme display --><\/p>\n<div class=\"container mt-5\">\n<div class=\"row\">\n<div class=\"col-12 col-md-6\"><img decoding=\"async\" src=\"https:\/\/www.lesjardinsdesaintehildegarde.com\/wp-content\/uploads\/2020\/04\/jsh-contact-page.jpg\" \/><\/div>\n<div class=\"col-12 col-md-6\">\n<p>Para cualquier informaci\u00f3n sobre nuestros productos o nuestra empresa, no dude en contactarnos por correo electr\u00f3nico, completando el formulario de contacto. Estaremos encantados de responderte lo antes posible. Tambi\u00e9n puede contactarnos por tel\u00e9fono en horario de oficina de lunes a viernes de 10h a 12h y a partir de 14h a las 17h30.<\/p>\n<h2><i class=\"fas fa-phone-alt\"><\/i> Contacta con nosotros<\/h2>\n<p><strong>Atenci\u00f3n al cliente<\/strong><br \/>\nTel. 05 53 31 07 07<br \/>\nAdresse : LD Le Suquet<br \/>\n24220 COUX et BIGAROQUE<\/p>\n<h2><i class=\"fas fa-clock\"><\/i> Horas<\/h2>\n<p>De lunes a viernes<br \/>\n10h &#8211; 12h \/ 14h &#8211; 17h30<\/p>\n<\/div>\n<\/div>\n<\/div>\n<div class=\"container mt-5\">\n<div class=\"wpcf7 no-js\" id=\"wpcf7-f774-o1\" lang=\"fr-FR\" dir=\"ltr\" data-wpcf7-id=\"774\">\n<div class=\"screen-reader-response\"><p role=\"status\" aria-live=\"polite\" aria-atomic=\"true\"><\/p> <ul><\/ul><\/div>\n<form action=\"\/es\/wp-json\/wp\/v2\/pages\/684#wpcf7-f774-o1\" method=\"post\" class=\"wpcf7-form init\" aria-label=\"Formulaire de contact\" novalidate=\"novalidate\" data-status=\"init\">\n<fieldset class=\"hidden-fields-container\"><input type=\"hidden\" name=\"_wpcf7\" value=\"774\" \/><input type=\"hidden\" name=\"_wpcf7_version\" value=\"6.1.5\" \/><input type=\"hidden\" name=\"_wpcf7_locale\" value=\"fr_FR\" \/><input type=\"hidden\" name=\"_wpcf7_unit_tag\" value=\"wpcf7-f774-o1\" \/><input type=\"hidden\" name=\"_wpcf7_container_post\" value=\"0\" \/><input type=\"hidden\" name=\"_wpcf7_posted_data_hash\" value=\"\" \/>\n<\/fieldset>\n<div class=\"jdsh-contact-form\">\n\t<div class=\"row\">\n\t\t<div class=\"col-12 col-sm-6 col-md-4\">\n\t\t\t<div class=\"form-group\">\n\t\t\t\t<p><label>Apellido (*)<br \/>\n<span class=\"wpcf7-form-control-wrap\" data-name=\"last-name\"><input size=\"40\" maxlength=\"400\" class=\"wpcf7-form-control wpcf7-text wpcf7-validates-as-required form-control\" aria-required=\"true\" aria-invalid=\"false\" value=\"\" type=\"text\" name=\"last-name\" \/><\/span><\/label>\n\t\t\t\t<\/p>\n\t\t\t<\/div>\n\t\t<\/div>\n\t\t<div class=\"col-12 col-sm-6 col-md-4\">\n\t\t\t<div class=\"form-group\">\n\t\t\t\t<p><label>Nombre (*)<br \/>\n<span class=\"wpcf7-form-control-wrap\" data-name=\"first-name\"><input size=\"40\" maxlength=\"400\" class=\"wpcf7-form-control wpcf7-text wpcf7-validates-as-required form-control\" aria-required=\"true\" aria-invalid=\"false\" value=\"\" type=\"text\" name=\"first-name\" \/><\/span><\/label>\n\t\t\t\t<\/p>\n\t\t\t<\/div>\n\t\t<\/div>\n\t\t<div class=\"col-12 col-sm-6 col-md-4\">\n\t\t\t<div class=\"form-group\">\n\t\t\t\t<p><label>Empresa<br \/>\n<span class=\"wpcf7-form-control-wrap\" data-name=\"company\"><input size=\"40\" maxlength=\"400\" class=\"wpcf7-form-control wpcf7-text form-control\" aria-invalid=\"false\" value=\"\" type=\"text\" name=\"company\" \/><\/span><\/label>\n\t\t\t\t<\/p>\n\t\t\t<\/div>\n\t\t<\/div>\n\t<\/div>\n\t<div class=\"row\">\n\t\t<div class=\"col-12 col-sm-6 col-md-4\">\n\t\t\t<div class=\"form-group\">\n\t\t\t\t<p><label>Direcci\u00f3n (*)<br \/>\n<span class=\"wpcf7-form-control-wrap\" data-name=\"address\"><input size=\"40\" maxlength=\"400\" class=\"wpcf7-form-control wpcf7-text wpcf7-validates-as-required form-control\" aria-required=\"true\" aria-invalid=\"false\" value=\"\" type=\"text\" name=\"address\" \/><\/span><\/label>\n\t\t\t\t<\/p>\n\t\t\t<\/div>\n\t\t<\/div>\n\t\t<div class=\"col-12 col-sm-6 col-md-4\">\n\t\t\t<div class=\"form-group\">\n\t\t\t\t<p><label>C\u00f3digo postal (*)<br \/>\n<span class=\"wpcf7-form-control-wrap\" data-name=\"postalcode\"><input size=\"40\" maxlength=\"400\" class=\"wpcf7-form-control wpcf7-text wpcf7-validates-as-required form-control\" aria-required=\"true\" aria-invalid=\"false\" value=\"\" type=\"text\" name=\"postalcode\" \/><\/span><\/label>\n\t\t\t\t<\/p>\n\t\t\t<\/div>\n\t\t<\/div>\n\t\t<div class=\"col-12 col-sm-6 col-md-4\">\n\t\t\t<div class=\"form-group\">\n\t\t\t\t<p><label>Ciudad (*)<br \/>\n<span class=\"wpcf7-form-control-wrap\" data-name=\"city\"><input size=\"40\" maxlength=\"400\" class=\"wpcf7-form-control wpcf7-text wpcf7-validates-as-required form-control\" aria-required=\"true\" aria-invalid=\"false\" value=\"\" type=\"text\" name=\"city\" \/><\/span><\/label>\n\t\t\t\t<\/p>\n\t\t\t<\/div>\n\t\t<\/div>\n\t<\/div>\n\t<div class=\"row\">\n\t\t<div class=\"col-12 col-sm-6\">\n\t\t\t<div class=\"form-group\">\n\t\t\t\t<p><label>Email (*)<br \/>\n<span class=\"wpcf7-form-control-wrap\" data-name=\"email\"><input size=\"40\" maxlength=\"400\" class=\"wpcf7-form-control wpcf7-email wpcf7-validates-as-required wpcf7-text wpcf7-validates-as-email form-control\" aria-required=\"true\" aria-invalid=\"false\" value=\"\" type=\"email\" name=\"email\" \/><\/span><\/label>\n\t\t\t\t<\/p>\n\t\t\t<\/div>\n\t\t<\/div>\n\t\t<div class=\"col-12 col-sm-6\">\n\t\t\t<div class=\"form-group\">\n\t\t\t\t<p><label>Tel\u00e9fono (*)<br \/>\n<span class=\"wpcf7-form-control-wrap\" data-name=\"phone\"><input size=\"40\" maxlength=\"400\" class=\"wpcf7-form-control wpcf7-text wpcf7-validates-as-required form-control\" aria-required=\"true\" aria-invalid=\"false\" value=\"\" type=\"text\" name=\"phone\" \/><\/span><\/label>\n\t\t\t\t<\/p>\n\t\t\t<\/div>\n\t\t<\/div>\n\t<\/div>\n\t<div class=\"row\">\n\t\t<div class=\"col-12\">\n\t\t\t<div class=\"form-group\">\n\t\t\t\t<p><label>Asunto (*)<br \/>\n<span class=\"wpcf7-form-control-wrap\" data-name=\"subject\"><input size=\"40\" maxlength=\"400\" class=\"wpcf7-form-control wpcf7-text wpcf7-validates-as-required form-control\" aria-required=\"true\" aria-invalid=\"false\" value=\"\" type=\"text\" name=\"subject\" \/><\/span><\/label>\n\t\t\t\t<\/p>\n\t\t\t<\/div>\n\t\t<\/div>\n\t\t<div class=\"col-12\">\n\t\t\t<div class=\"form-group\">\n\t\t\t\t<p><label>Mensaje (*)<br \/>\n<span class=\"wpcf7-form-control-wrap\" data-name=\"message\"><textarea cols=\"40\" rows=\"10\" maxlength=\"2000\" class=\"wpcf7-form-control wpcf7-textarea form-control\" aria-invalid=\"false\" name=\"message\"><\/textarea><\/span><\/label>\n\t\t\t\t<\/p>\n\t\t\t<\/div>\n\t\t<\/div>\n\t\t<div class=\"col-12\">\n\t\t\t<div class=\"jdsh-cf-submit\">\n\t\t\t\t<div class=\"form-group\">\n\t\t\t\t\t<p><input class=\"wpcf7-form-control wpcf7-submit has-spinner form-control bouton\" type=\"submit\" value=\"&gt; Enviar\" \/>\n\t\t\t\t\t<\/p>\n\t\t\t\t<\/div>\n\t\t\t<\/div>\n\t\t<\/div>\n\t<\/div>\n\t<p><span id=\"wpcf7-69f6ba1d745ad-wrapper\" class=\"wpcf7-form-control-wrap email-24-wrap\" ><input id=\"wpcf7-69f6ba1d745ad-field\"  class=\"wpcf7-form-control wpcf7-text\" type=\"text\" name=\"email-24\" value=\"\" size=\"40\" tabindex=\"-1\" autocomplete=\"new-password\" \/><\/span>\n\t<\/p>\n<\/div><div class=\"wpcf7-response-output\" aria-hidden=\"true\"><\/div>\n<\/form>\n<\/div>\n<\/div>\n<div class=\"mt-5\">\n<div id=\"cm-sc-map-dom-element-id-3\" style=\"height: 400px;\"><\/div>\n<p><script type=\"text\/javascript\">\r\n        (function(){\r\n        jQuery(document).ready(function(){\r\n\r\n            \/\/ Setting up params\r\n            var map_params = {\"target\":\"cm-sc-map-dom-element-id-3\",\"zoom\":10,\"center\":{\"longitude\":\"0.988988\",\"latitude\":\"44.836646\"},\"allow_popups\":true,\"allow_multiple_popups\":false,\"allow_sticky_popups\":\"\",\"tile_layer\":\"https:\\\/\\\/{s}.tile.openstreetmap.org\\\/{z}\\\/{x}\\\/{y}.png\",\"cogi_map_geojson\":\"cogi_map_geojson\",\"markers\":[{\"longitude\":0.988988,\"latitude\":44.836646,\"tooltip\":\"Les Jardins de Sainte-Hildegarde\",\"popup\":\"Les Jardins de Sainte-Hildegarde\",\"popup_display\":\"sticky\",\"icon\":\"https:\\\/\\\/www.lesjardinsdesaintehildegarde.com\\\/wp-content\\\/plugins\\\/cogi-map\\\/shortcodes\\\/..\\\/images\\\/marker.png\",\"key\":\"marker-069f6ba1d7562f\"}],\"markers_iconsize\":{\"width\":25,\"height\":36},\"filter_retrieve_posts_markers\":\"cm_default_filter_retrieve_posts_markers\",\"filter_compute_marker_popup_display\":\"cm_default_filter_compute_marker_popup_display\",\"show_posts_markers\":true};\r\n\r\n            \/\/ Setting up the map\r\n            var map = L.map(map_params.target).setView([map_params.center.latitude, map_params.center.longitude], map_params.zoom);\r\n\r\n            if (typeof window._map_zoomstart === \"function\") {\r\n                map.on('zoomstart', function(evt) {\r\n                    window[\"\" + \"_map_zoomstart\"](evt);\r\n                });\r\n            }\r\n            if (typeof window._map_mousedown === \"function\") {\r\n                map.on('mousedown', function(evt) {\r\n                    window[\"\" + \"_map_mousedown\"](evt);\r\n                });\r\n            }\r\n\r\n            L.tileLayer('https:\/\/{s}.tile.openstreetmap.org\/{z}\/{x}\/{y}.png', {\r\n                maxZoom: 19,\r\n                attribution: '&copy; <a href=\"http:\/\/www.openstreetmap.org\/copyright\">OpenStreetMap<\/a>'\r\n            }).addTo(map);\r\n\r\n            \/\/ Handling geoJSON\r\n            if (typeof window.cogi_map_geojson === \"object\") {\r\n                geojson = L.geoJson(cogi_map_geojson).addTo(map);\r\n            }\r\n\r\n            var markers = [];\r\n            var markers_clusters = L.markerClusterGroup({\r\n                    showCoverageOnHover: false\r\n                });\r\n            for (var i=0;i<map_params.markers.length;i++) {\r\n\r\n                var marker = map_params.markers[i];\r\n                var marker_sticky = marker.popup_display == 'sticky';\r\n\r\n                var marker_icon = L.icon({\r\n                    iconUrl: marker.icon, \r\n                    iconSize: [25, 36],\r\n                    iconAnchor: [12.5, 36],\r\n                    popupAnchor: [0, -36],\r\n                });\r\n\r\n                if (marker.gatherable) {\r\n                    l_marker = L.marker(\r\n                        [parseFloat(marker.latitude), parseFloat(marker.longitude)],\r\n                        {\r\n                            icon: marker_icon,\r\n                            title: (marker.tooltip)?marker.tooltip:'',\r\n                            interactive: !marker_sticky,\r\n                            marker_data: marker,\r\n                        }\r\n                    );\r\n                    markers_clusters.addLayer(l_marker);\r\n                } else {\r\n                    l_marker = L.marker(\r\n                        [parseFloat(marker.latitude), parseFloat(marker.longitude)],\r\n                        {\r\n                            icon: marker_icon,\r\n                            title: (marker.tooltip)?marker.tooltip:'',\r\n                            interactive: !marker_sticky,\r\n                            marker_data: marker,\r\n                        }\r\n                    ).addTo(map);\r\n                }\r\n\r\n                l_marker.on(\"click\", function (evt) {\r\n                    window[\"\" + \"_marker_click\"](evt);\r\n                });\r\n\r\n                if (map_params.allow_popups && marker.popup) {\r\n                    l_popup = l_marker.bindPopup(marker.popup, {\r\n                        closeButton: !marker_sticky,\r\n                        autoClose: !marker_sticky,\r\n                        closeOnEscapeKey: !marker_sticky,\r\n                        closeOnClick: !marker_sticky,\r\n                    });\r\n                    if (marker_sticky) {\r\n                        l_popup.openPopup();\r\n                    }\r\n                }\r\n                markers.push(l_marker);\r\n            }\r\n            map.addLayer( markers_clusters );\r\n            \r\n            map._onResize();\r\n\r\n\r\n                    });\r\n    })();\r\n<\/script>\r\n\n<\/div>\n<div><!-- overriding the default theme display --><\/p>\n","protected":false},"excerpt":{"rendered":"<p>Para cualquier informaci\u00f3n sobre nuestros productos o nuestra empresa, no dude en contactarnos por correo electr\u00f3nico, completando el formulario de contacto. Estaremos encantados de responderte lo antes posible. Tambi\u00e9n puede contactarnos por tel\u00e9fono en horario de oficina de lunes a viernes de 10h a 12h y a partir de 14h a las 17h30. Contacta con [&hellip;]<\/p>\n","protected":false},"author":1,"featured_media":0,"parent":0,"menu_order":0,"comment_status":"closed","ping_status":"closed","template":"","meta":{"_acf_changed":false,"_relevanssi_hide_post":"","_relevanssi_hide_content":"","_relevanssi_pin_for_all":"","_relevanssi_pin_keywords":"","_relevanssi_unpin_keywords":"","_relevanssi_related_keywords":"","_relevanssi_related_include_ids":"","_relevanssi_related_exclude_ids":"","_relevanssi_related_no_append":"","_relevanssi_related_not_related":"","_relevanssi_related_posts":"","_relevanssi_noindex_reason":"","footnotes":""},"class_list":["post-684","page","type-page","status-publish","hentry"],"acf":[],"yoast_head":"<!-- This site is optimized with the Yoast SEO plugin v27.4 - https:\/\/yoast.com\/product\/yoast-seo-wordpress\/ -->\n<title>Contactar les Jardins de Sainte Hildegarde - Les Jardins de Sainte-Hildegarde<\/title>\n<meta name=\"robots\" content=\"index, follow, max-snippet:-1, max-image-preview:large, max-video-preview:-1\" \/>\n<link rel=\"canonical\" href=\"https:\/\/www.lesjardinsdesaintehildegarde.com\/es\/contactar-les-jardins-de-sainte-hildegarde\/\" \/>\n<meta property=\"og:locale\" content=\"es_ES\" \/>\n<meta property=\"og:type\" content=\"article\" \/>\n<meta property=\"og:title\" content=\"Contactar les Jardins de Sainte Hildegarde - Les Jardins de Sainte-Hildegarde\" \/>\n<meta property=\"og:description\" content=\"Para cualquier informaci\u00f3n sobre nuestros productos o nuestra empresa, no dude en contactarnos por correo electr\u00f3nico, completando el formulario de contacto. Estaremos encantados de responderte lo antes posible. Tambi\u00e9n puede contactarnos por tel\u00e9fono en horario de oficina de lunes a viernes de 10h a 12h y a partir de 14h a las 17h30. Contacta con [&hellip;]\" \/>\n<meta property=\"og:url\" content=\"https:\/\/www.lesjardinsdesaintehildegarde.com\/es\/contactar-les-jardins-de-sainte-hildegarde\/\" \/>\n<meta property=\"og:site_name\" content=\"Les Jardins de Sainte-Hildegarde\" \/>\n<meta property=\"article:modified_time\" content=\"2023-07-17T08:42:24+00:00\" \/>\n<meta property=\"og:image\" content=\"https:\/\/www.lesjardinsdesaintehildegarde.com\/wp-content\/uploads\/2020\/04\/jsh-contact-page.jpg\" \/>\n<meta name=\"twitter:card\" content=\"summary_large_image\" \/>\n<meta name=\"twitter:label1\" content=\"Tiempo de lectura\" \/>\n\t<meta name=\"twitter:data1\" content=\"1 minuto\" \/>\n<script type=\"application\/ld+json\" class=\"yoast-schema-graph\">{\"@context\":\"https:\\\/\\\/schema.org\",\"@graph\":[{\"@type\":\"WebPage\",\"@id\":\"https:\\\/\\\/www.lesjardinsdesaintehildegarde.com\\\/es\\\/contactar-les-jardins-de-sainte-hildegarde\\\/\",\"url\":\"https:\\\/\\\/www.lesjardinsdesaintehildegarde.com\\\/es\\\/contactar-les-jardins-de-sainte-hildegarde\\\/\",\"name\":\"Contactar les Jardins de Sainte Hildegarde - Les Jardins de Sainte-Hildegarde\",\"isPartOf\":{\"@id\":\"https:\\\/\\\/www.lesjardinsdesaintehildegarde.com\\\/es\\\/#website\"},\"primaryImageOfPage\":{\"@id\":\"https:\\\/\\\/www.lesjardinsdesaintehildegarde.com\\\/es\\\/contactar-les-jardins-de-sainte-hildegarde\\\/#primaryimage\"},\"image\":{\"@id\":\"https:\\\/\\\/www.lesjardinsdesaintehildegarde.com\\\/es\\\/contactar-les-jardins-de-sainte-hildegarde\\\/#primaryimage\"},\"thumbnailUrl\":\"https:\\\/\\\/www.lesjardinsdesaintehildegarde.com\\\/wp-content\\\/uploads\\\/2020\\\/04\\\/jsh-contact-page.jpg\",\"datePublished\":\"2021-02-25T11:23:09+00:00\",\"dateModified\":\"2023-07-17T08:42:24+00:00\",\"breadcrumb\":{\"@id\":\"https:\\\/\\\/www.lesjardinsdesaintehildegarde.com\\\/es\\\/contactar-les-jardins-de-sainte-hildegarde\\\/#breadcrumb\"},\"inLanguage\":\"es\",\"potentialAction\":[{\"@type\":\"ReadAction\",\"target\":[\"https:\\\/\\\/www.lesjardinsdesaintehildegarde.com\\\/es\\\/contactar-les-jardins-de-sainte-hildegarde\\\/\"]}]},{\"@type\":\"ImageObject\",\"inLanguage\":\"es\",\"@id\":\"https:\\\/\\\/www.lesjardinsdesaintehildegarde.com\\\/es\\\/contactar-les-jardins-de-sainte-hildegarde\\\/#primaryimage\",\"url\":\"https:\\\/\\\/www.lesjardinsdesaintehildegarde.com\\\/wp-content\\\/uploads\\\/2020\\\/04\\\/jsh-contact-page.jpg\",\"contentUrl\":\"https:\\\/\\\/www.lesjardinsdesaintehildegarde.com\\\/wp-content\\\/uploads\\\/2020\\\/04\\\/jsh-contact-page.jpg\"},{\"@type\":\"BreadcrumbList\",\"@id\":\"https:\\\/\\\/www.lesjardinsdesaintehildegarde.com\\\/es\\\/contactar-les-jardins-de-sainte-hildegarde\\\/#breadcrumb\",\"itemListElement\":[{\"@type\":\"ListItem\",\"position\":1,\"name\":\"Inicio\",\"item\":\"https:\\\/\\\/www.lesjardinsdesaintehildegarde.com\\\/es\\\/\"},{\"@type\":\"ListItem\",\"position\":2,\"name\":\"Contactar les Jardins de Sainte Hildegarde\"}]},{\"@type\":\"WebSite\",\"@id\":\"https:\\\/\\\/www.lesjardinsdesaintehildegarde.com\\\/es\\\/#website\",\"url\":\"https:\\\/\\\/www.lesjardinsdesaintehildegarde.com\\\/es\\\/\",\"name\":\"Les Jardins de Sainte-Hildegarde\",\"description\":\"Viriditas\",\"publisher\":{\"@id\":\"https:\\\/\\\/www.lesjardinsdesaintehildegarde.com\\\/es\\\/#organization\"},\"potentialAction\":[{\"@type\":\"SearchAction\",\"target\":{\"@type\":\"EntryPoint\",\"urlTemplate\":\"https:\\\/\\\/www.lesjardinsdesaintehildegarde.com\\\/es\\\/?s={search_term_string}\"},\"query-input\":{\"@type\":\"PropertyValueSpecification\",\"valueRequired\":true,\"valueName\":\"search_term_string\"}}],\"inLanguage\":\"es\"},{\"@type\":\"Organization\",\"@id\":\"https:\\\/\\\/www.lesjardinsdesaintehildegarde.com\\\/es\\\/#organization\",\"name\":\"Les Jardins de Sainte-Hildegarde\",\"url\":\"https:\\\/\\\/www.lesjardinsdesaintehildegarde.com\\\/es\\\/\",\"logo\":{\"@type\":\"ImageObject\",\"inLanguage\":\"es\",\"@id\":\"https:\\\/\\\/www.lesjardinsdesaintehildegarde.com\\\/es\\\/#\\\/schema\\\/logo\\\/image\\\/\",\"url\":\"https:\\\/\\\/www.lesjardinsdesaintehildegarde.com\\\/wp-content\\\/uploads\\\/2022\\\/11\\\/logo-2022.png\",\"contentUrl\":\"https:\\\/\\\/www.lesjardinsdesaintehildegarde.com\\\/wp-content\\\/uploads\\\/2022\\\/11\\\/logo-2022.png\",\"width\":365,\"height\":90,\"caption\":\"Les Jardins de Sainte-Hildegarde\"},\"image\":{\"@id\":\"https:\\\/\\\/www.lesjardinsdesaintehildegarde.com\\\/es\\\/#\\\/schema\\\/logo\\\/image\\\/\"}}]}<\/script>\n<!-- \/ Yoast SEO plugin. -->","yoast_head_json":{"title":"Contactar les Jardins de Sainte Hildegarde - Les Jardins de Sainte-Hildegarde","robots":{"index":"index","follow":"follow","max-snippet":"max-snippet:-1","max-image-preview":"max-image-preview:large","max-video-preview":"max-video-preview:-1"},"canonical":"https:\/\/www.lesjardinsdesaintehildegarde.com\/es\/contactar-les-jardins-de-sainte-hildegarde\/","og_locale":"es_ES","og_type":"article","og_title":"Contactar les Jardins de Sainte Hildegarde - Les Jardins de Sainte-Hildegarde","og_description":"Para cualquier informaci\u00f3n sobre nuestros productos o nuestra empresa, no dude en contactarnos por correo electr\u00f3nico, completando el formulario de contacto. Estaremos encantados de responderte lo antes posible. Tambi\u00e9n puede contactarnos por tel\u00e9fono en horario de oficina de lunes a viernes de 10h a 12h y a partir de 14h a las 17h30. Contacta con [&hellip;]","og_url":"https:\/\/www.lesjardinsdesaintehildegarde.com\/es\/contactar-les-jardins-de-sainte-hildegarde\/","og_site_name":"Les Jardins de Sainte-Hildegarde","article_modified_time":"2023-07-17T08:42:24+00:00","og_image":[{"url":"https:\/\/www.lesjardinsdesaintehildegarde.com\/wp-content\/uploads\/2020\/04\/jsh-contact-page.jpg","type":"","width":"","height":""}],"twitter_card":"summary_large_image","twitter_misc":{"Tiempo de lectura":"1 minuto"},"schema":{"@context":"https:\/\/schema.org","@graph":[{"@type":"WebPage","@id":"https:\/\/www.lesjardinsdesaintehildegarde.com\/es\/contactar-les-jardins-de-sainte-hildegarde\/","url":"https:\/\/www.lesjardinsdesaintehildegarde.com\/es\/contactar-les-jardins-de-sainte-hildegarde\/","name":"Contactar les Jardins de Sainte Hildegarde - Les Jardins de Sainte-Hildegarde","isPartOf":{"@id":"https:\/\/www.lesjardinsdesaintehildegarde.com\/es\/#website"},"primaryImageOfPage":{"@id":"https:\/\/www.lesjardinsdesaintehildegarde.com\/es\/contactar-les-jardins-de-sainte-hildegarde\/#primaryimage"},"image":{"@id":"https:\/\/www.lesjardinsdesaintehildegarde.com\/es\/contactar-les-jardins-de-sainte-hildegarde\/#primaryimage"},"thumbnailUrl":"https:\/\/www.lesjardinsdesaintehildegarde.com\/wp-content\/uploads\/2020\/04\/jsh-contact-page.jpg","datePublished":"2021-02-25T11:23:09+00:00","dateModified":"2023-07-17T08:42:24+00:00","breadcrumb":{"@id":"https:\/\/www.lesjardinsdesaintehildegarde.com\/es\/contactar-les-jardins-de-sainte-hildegarde\/#breadcrumb"},"inLanguage":"es","potentialAction":[{"@type":"ReadAction","target":["https:\/\/www.lesjardinsdesaintehildegarde.com\/es\/contactar-les-jardins-de-sainte-hildegarde\/"]}]},{"@type":"ImageObject","inLanguage":"es","@id":"https:\/\/www.lesjardinsdesaintehildegarde.com\/es\/contactar-les-jardins-de-sainte-hildegarde\/#primaryimage","url":"https:\/\/www.lesjardinsdesaintehildegarde.com\/wp-content\/uploads\/2020\/04\/jsh-contact-page.jpg","contentUrl":"https:\/\/www.lesjardinsdesaintehildegarde.com\/wp-content\/uploads\/2020\/04\/jsh-contact-page.jpg"},{"@type":"BreadcrumbList","@id":"https:\/\/www.lesjardinsdesaintehildegarde.com\/es\/contactar-les-jardins-de-sainte-hildegarde\/#breadcrumb","itemListElement":[{"@type":"ListItem","position":1,"name":"Inicio","item":"https:\/\/www.lesjardinsdesaintehildegarde.com\/es\/"},{"@type":"ListItem","position":2,"name":"Contactar les Jardins de Sainte Hildegarde"}]},{"@type":"WebSite","@id":"https:\/\/www.lesjardinsdesaintehildegarde.com\/es\/#website","url":"https:\/\/www.lesjardinsdesaintehildegarde.com\/es\/","name":"Les Jardins de Sainte-Hildegarde","description":"Viriditas","publisher":{"@id":"https:\/\/www.lesjardinsdesaintehildegarde.com\/es\/#organization"},"potentialAction":[{"@type":"SearchAction","target":{"@type":"EntryPoint","urlTemplate":"https:\/\/www.lesjardinsdesaintehildegarde.com\/es\/?s={search_term_string}"},"query-input":{"@type":"PropertyValueSpecification","valueRequired":true,"valueName":"search_term_string"}}],"inLanguage":"es"},{"@type":"Organization","@id":"https:\/\/www.lesjardinsdesaintehildegarde.com\/es\/#organization","name":"Les Jardins de Sainte-Hildegarde","url":"https:\/\/www.lesjardinsdesaintehildegarde.com\/es\/","logo":{"@type":"ImageObject","inLanguage":"es","@id":"https:\/\/www.lesjardinsdesaintehildegarde.com\/es\/#\/schema\/logo\/image\/","url":"https:\/\/www.lesjardinsdesaintehildegarde.com\/wp-content\/uploads\/2022\/11\/logo-2022.png","contentUrl":"https:\/\/www.lesjardinsdesaintehildegarde.com\/wp-content\/uploads\/2022\/11\/logo-2022.png","width":365,"height":90,"caption":"Les Jardins de Sainte-Hildegarde"},"image":{"@id":"https:\/\/www.lesjardinsdesaintehildegarde.com\/es\/#\/schema\/logo\/image\/"}}]}},"_links":{"self":[{"href":"https:\/\/www.lesjardinsdesaintehildegarde.com\/es\/wp-json\/wp\/v2\/pages\/684","targetHints":{"allow":["GET"]}}],"collection":[{"href":"https:\/\/www.lesjardinsdesaintehildegarde.com\/es\/wp-json\/wp\/v2\/pages"}],"about":[{"href":"https:\/\/www.lesjardinsdesaintehildegarde.com\/es\/wp-json\/wp\/v2\/types\/page"}],"author":[{"embeddable":true,"href":"https:\/\/www.lesjardinsdesaintehildegarde.com\/es\/wp-json\/wp\/v2\/users\/1"}],"replies":[{"embeddable":true,"href":"https:\/\/www.lesjardinsdesaintehildegarde.com\/es\/wp-json\/wp\/v2\/comments?post=684"}],"version-history":[{"count":3,"href":"https:\/\/www.lesjardinsdesaintehildegarde.com\/es\/wp-json\/wp\/v2\/pages\/684\/revisions"}],"predecessor-version":[{"id":67581,"href":"https:\/\/www.lesjardinsdesaintehildegarde.com\/es\/wp-json\/wp\/v2\/pages\/684\/revisions\/67581"}],"wp:attachment":[{"href":"https:\/\/www.lesjardinsdesaintehildegarde.com\/es\/wp-json\/wp\/v2\/media?parent=684"}],"curies":[{"name":"wp","href":"https:\/\/api.w.org\/{rel}","templated":true}]}}