{"id":1054,"date":"2022-11-04T09:07:30","date_gmt":"2022-11-04T08:07:30","guid":{"rendered":"https:\/\/www.lesjardinsdesaintehildegarde.com\/non%20class\u00e9\/cannelle-bio-poudre-100g\/"},"modified":"2026-04-30T16:42:03","modified_gmt":"2026-04-30T14:42:03","slug":"cannelle-bio-poudre-100g","status":"publish","type":"product","link":"https:\/\/www.lesjardinsdesaintehildegarde.com\/es\/plantas-y-especias\/especias\/cannelle-bio-poudre-100g\/","title":{"rendered":"CANNELLE CEYLAN BIO POUDRE 100G*"},"content":{"rendered":"<p>CANNELLE POUDRE BIO 100 G * (51\u20ac \/ kg)<\/p>\n<p>Cinnamomum verum<\/p>\n<p>\u00c9pice essentielle de Sainte Hildegarde<\/p>\n<p>*issu de l&#8217;agriculture biologique<\/p>\n<p>Mode d&#8217;emploi :<\/p>\n<p>La cannelle est utile dans plusieurs pr\u00e9parations pr\u00e9conis\u00e9es par sainte Hildegarde. <\/p>\n<p>Elle fait partie des \u00e9pices de la joie, utile au quotidien on peut en saupoudrer de petites doses dans l&#8217;alimentation et bien entendu, l&#8217;utiliser en cuisine ! <\/p>\n<p>Du fait de sa teneur en coumarines (b\u00e9n\u00e9fiques mais aussi potentiellement n\u00e9fastes \u00e0 fortes doses), il est recommand\u00e9 de ne pas en consommer plus de 4 \u00e0 5g par jour pour un poids corporel de 60kg.<\/p>\n<p>La cannelle est tr\u00e8s chaude et a beaucoup d&#8217;\u00e9nergiques propri\u00e9t\u00e9s ; elle a \u00e9galement en elle une certaine humidit\u00e9 ; mais sa chaleur est si forte qu&#8217;elle fait dispara\u00eetre l&#8217;humidit\u00e9, et celui qui en mange souvent fait dispara\u00eetre en lui les humeurs mauvaises et en fait na\u00eetre de bonnes.\u00bbD&#8217;apr\u00e8s Sainte Hildegarde dans  PHYSICA Ch.XX<\/p>\n<p>La cannelle cassia contient beaucoup plus de coumarine que la cannelle zeylacinum (cannelle de Ceylan), de ce fait son odeur est plus puissante que celle de la cannelle zeylacinum.<\/p>\n<p>Garder \u00e0 l&#8217;abri du soleil dans un endroit propre, sec et temp\u00e9r\u00e9.<\/p>\n<p>Photo(s) non contractuelles:<\/p>\n<p>L&#8217;origine naturelle de ce produit ne nous permet pas de vous garantir un aspect strictement identique d &#8216;un lot \u00e0 l&#8217;autre.<\/p>\n<p>En effet, de sensibles variations de couleurs, d&#8217;aspect, de texture, de go\u00fbt, de coupe, peuvent intervenir selon la zone g\u00e9ographique de culture, selon le climat, et selon les diff\u00e9rentes \u00e9tapes qui succ\u00e8dent \u00e0 la r\u00e9colte.<\/p>\n","protected":false},"excerpt":{"rendered":"<p>CANNELLE POUDRE BIO 100 G * (51\u20ac \/ kg) Cinnamomum verum \u00c9pice essentielle de Sainte Hildegarde *issu de l&#8217;agriculture biologique Mode d&#8217;emploi : La cannelle est utile dans plusieurs pr\u00e9parations pr\u00e9conis\u00e9es par sainte Hildegarde. Elle fait partie des \u00e9pices de la joie, utile au quotidien on peut en saupoudrer de petites doses dans l&#8217;alimentation et [&hellip;]<\/p>\n","protected":false},"featured_media":50540,"comment_status":"open","ping_status":"closed","template":"","meta":{"_acf_changed":false,"_relevanssi_hide_post":"","_relevanssi_hide_content":"","_relevanssi_pin_for_all":"","_relevanssi_pin_keywords":"","_relevanssi_unpin_keywords":"","_relevanssi_related_keywords":"","_relevanssi_related_include_ids":"","_relevanssi_related_exclude_ids":"","_relevanssi_related_no_append":"","_relevanssi_related_not_related":"","_relevanssi_related_posts":"","_relevanssi_noindex_reason":""},"product_brand":[],"product_cat":[66,35],"product_tag":[49],"class_list":{"0":"post-1054","1":"product","2":"type-product","3":"status-publish","4":"has-post-thumbnail","6":"product_cat-epices-recommandees-par-sainte-hildegarde-de-bingen","7":"product_cat-plantes-et-epices","8":"product_tag-produit-bio","10":"first","11":"instock","12":"taxable","13":"shipping-taxable","14":"purchasable","15":"product-type-simple"},"acf":[],"yoast_head":"<!-- This site is optimized with the Yoast SEO plugin v27.4 - https:\/\/yoast.com\/product\/yoast-seo-wordpress\/ -->\n<title>CANNELLE CEYLAN BIO POUDRE 100G* - Les Jardins de Sainte-Hildegarde<\/title>\n<meta name=\"robots\" content=\"index, follow, max-snippet:-1, max-image-preview:large, max-video-preview:-1\" \/>\n<link rel=\"canonical\" href=\"https:\/\/www.lesjardinsdesaintehildegarde.com\/es\/plantas-y-especias\/especias\/cannelle-bio-poudre-100g\/\" \/>\n<meta property=\"og:locale\" content=\"es_ES\" \/>\n<meta property=\"og:type\" content=\"article\" \/>\n<meta property=\"og:title\" content=\"CANNELLE CEYLAN BIO POUDRE 100G* - Les Jardins de Sainte-Hildegarde\" \/>\n<meta property=\"og:description\" content=\"CANNELLE POUDRE BIO 100 G * (51\u20ac \/ kg) Cinnamomum verum \u00c9pice essentielle de Sainte Hildegarde *issu de l&#8217;agriculture biologique Mode d&#8217;emploi : La cannelle est utile dans plusieurs pr\u00e9parations pr\u00e9conis\u00e9es par sainte Hildegarde. Elle fait partie des \u00e9pices de la joie, utile au quotidien on peut en saupoudrer de petites doses dans l&#8217;alimentation et [&hellip;]\" \/>\n<meta property=\"og:url\" content=\"https:\/\/www.lesjardinsdesaintehildegarde.com\/es\/plantas-y-especias\/especias\/cannelle-bio-poudre-100g\/\" \/>\n<meta property=\"og:site_name\" content=\"Les Jardins de Sainte-Hildegarde\" \/>\n<meta property=\"article:modified_time\" content=\"2026-04-30T14:42:03+00:00\" \/>\n<meta property=\"og:image\" content=\"https:\/\/www.lesjardinsdesaintehildegarde.com\/wp-content\/uploads\/2022\/11\/500011-cannelle-poudre-bio-100g.jpg\" \/>\n\t<meta property=\"og:image:width\" content=\"1200\" \/>\n\t<meta property=\"og:image:height\" content=\"1200\" \/>\n\t<meta property=\"og:image:type\" content=\"image\/jpeg\" \/>\n<meta name=\"twitter:card\" content=\"summary_large_image\" \/>\n<meta name=\"twitter:label1\" content=\"Tiempo de lectura\" \/>\n\t<meta name=\"twitter:data1\" content=\"1 minuto\" \/>\n<script type=\"application\/ld+json\" class=\"yoast-schema-graph\">{\"@context\":\"https:\\\/\\\/schema.org\",\"@graph\":[{\"@type\":\"WebPage\",\"@id\":\"https:\\\/\\\/www.lesjardinsdesaintehildegarde.com\\\/es\\\/plantas-y-especias\\\/especias\\\/cannelle-bio-poudre-100g\\\/\",\"url\":\"https:\\\/\\\/www.lesjardinsdesaintehildegarde.com\\\/es\\\/plantas-y-especias\\\/especias\\\/cannelle-bio-poudre-100g\\\/\",\"name\":\"CANNELLE CEYLAN BIO POUDRE 100G* - Les Jardins de Sainte-Hildegarde\",\"isPartOf\":{\"@id\":\"https:\\\/\\\/www.lesjardinsdesaintehildegarde.com\\\/es\\\/#website\"},\"primaryImageOfPage\":{\"@id\":\"https:\\\/\\\/www.lesjardinsdesaintehildegarde.com\\\/es\\\/plantas-y-especias\\\/especias\\\/cannelle-bio-poudre-100g\\\/#primaryimage\"},\"image\":{\"@id\":\"https:\\\/\\\/www.lesjardinsdesaintehildegarde.com\\\/es\\\/plantas-y-especias\\\/especias\\\/cannelle-bio-poudre-100g\\\/#primaryimage\"},\"thumbnailUrl\":\"https:\\\/\\\/www.lesjardinsdesaintehildegarde.com\\\/wp-content\\\/uploads\\\/2022\\\/11\\\/500011-cannelle-poudre-bio-100g.jpg\",\"datePublished\":\"2022-11-04T08:07:30+00:00\",\"dateModified\":\"2026-04-30T14:42:03+00:00\",\"breadcrumb\":{\"@id\":\"https:\\\/\\\/www.lesjardinsdesaintehildegarde.com\\\/es\\\/plantas-y-especias\\\/especias\\\/cannelle-bio-poudre-100g\\\/#breadcrumb\"},\"inLanguage\":\"es\",\"potentialAction\":[{\"@type\":\"ReadAction\",\"target\":[\"https:\\\/\\\/www.lesjardinsdesaintehildegarde.com\\\/es\\\/plantas-y-especias\\\/especias\\\/cannelle-bio-poudre-100g\\\/\"]}]},{\"@type\":\"ImageObject\",\"inLanguage\":\"es\",\"@id\":\"https:\\\/\\\/www.lesjardinsdesaintehildegarde.com\\\/es\\\/plantas-y-especias\\\/especias\\\/cannelle-bio-poudre-100g\\\/#primaryimage\",\"url\":\"https:\\\/\\\/www.lesjardinsdesaintehildegarde.com\\\/wp-content\\\/uploads\\\/2022\\\/11\\\/500011-cannelle-poudre-bio-100g.jpg\",\"contentUrl\":\"https:\\\/\\\/www.lesjardinsdesaintehildegarde.com\\\/wp-content\\\/uploads\\\/2022\\\/11\\\/500011-cannelle-poudre-bio-100g.jpg\",\"width\":1200,\"height\":1200,\"caption\":\"cannelle moulue bio, Bo\u00eete de 100g, recommand\u00e9 par sainte Hildegarde de Bingen\"},{\"@type\":\"BreadcrumbList\",\"@id\":\"https:\\\/\\\/www.lesjardinsdesaintehildegarde.com\\\/es\\\/plantas-y-especias\\\/especias\\\/cannelle-bio-poudre-100g\\\/#breadcrumb\",\"itemListElement\":[{\"@type\":\"ListItem\",\"position\":1,\"name\":\"Inicio\",\"item\":\"https:\\\/\\\/www.lesjardinsdesaintehildegarde.com\\\/es\\\/\"},{\"@type\":\"ListItem\",\"position\":2,\"name\":\"Productos\",\"item\":\"https:\\\/\\\/www.lesjardinsdesaintehildegarde.com\\\/es\\\/shop\\\/\"},{\"@type\":\"ListItem\",\"position\":3,\"name\":\"CANNELLE CEYLAN BIO POUDRE 100G*\"}]},{\"@type\":\"WebSite\",\"@id\":\"https:\\\/\\\/www.lesjardinsdesaintehildegarde.com\\\/es\\\/#website\",\"url\":\"https:\\\/\\\/www.lesjardinsdesaintehildegarde.com\\\/es\\\/\",\"name\":\"Les Jardins de Sainte-Hildegarde\",\"description\":\"Viriditas\",\"publisher\":{\"@id\":\"https:\\\/\\\/www.lesjardinsdesaintehildegarde.com\\\/es\\\/#organization\"},\"potentialAction\":[{\"@type\":\"SearchAction\",\"target\":{\"@type\":\"EntryPoint\",\"urlTemplate\":\"https:\\\/\\\/www.lesjardinsdesaintehildegarde.com\\\/es\\\/?s={search_term_string}\"},\"query-input\":{\"@type\":\"PropertyValueSpecification\",\"valueRequired\":true,\"valueName\":\"search_term_string\"}}],\"inLanguage\":\"es\"},{\"@type\":\"Organization\",\"@id\":\"https:\\\/\\\/www.lesjardinsdesaintehildegarde.com\\\/es\\\/#organization\",\"name\":\"Les Jardins de Sainte-Hildegarde\",\"url\":\"https:\\\/\\\/www.lesjardinsdesaintehildegarde.com\\\/es\\\/\",\"logo\":{\"@type\":\"ImageObject\",\"inLanguage\":\"es\",\"@id\":\"https:\\\/\\\/www.lesjardinsdesaintehildegarde.com\\\/es\\\/#\\\/schema\\\/logo\\\/image\\\/\",\"url\":\"https:\\\/\\\/www.lesjardinsdesaintehildegarde.com\\\/wp-content\\\/uploads\\\/2022\\\/11\\\/logo-2022.png\",\"contentUrl\":\"https:\\\/\\\/www.lesjardinsdesaintehildegarde.com\\\/wp-content\\\/uploads\\\/2022\\\/11\\\/logo-2022.png\",\"width\":365,\"height\":90,\"caption\":\"Les Jardins de Sainte-Hildegarde\"},\"image\":{\"@id\":\"https:\\\/\\\/www.lesjardinsdesaintehildegarde.com\\\/es\\\/#\\\/schema\\\/logo\\\/image\\\/\"}}]}<\/script>\n<!-- \/ Yoast SEO plugin. -->","yoast_head_json":{"title":"CANNELLE CEYLAN BIO POUDRE 100G* - Les Jardins de Sainte-Hildegarde","robots":{"index":"index","follow":"follow","max-snippet":"max-snippet:-1","max-image-preview":"max-image-preview:large","max-video-preview":"max-video-preview:-1"},"canonical":"https:\/\/www.lesjardinsdesaintehildegarde.com\/es\/plantas-y-especias\/especias\/cannelle-bio-poudre-100g\/","og_locale":"es_ES","og_type":"article","og_title":"CANNELLE CEYLAN BIO POUDRE 100G* - Les Jardins de Sainte-Hildegarde","og_description":"CANNELLE POUDRE BIO 100 G * (51\u20ac \/ kg) Cinnamomum verum \u00c9pice essentielle de Sainte Hildegarde *issu de l&#8217;agriculture biologique Mode d&#8217;emploi : La cannelle est utile dans plusieurs pr\u00e9parations pr\u00e9conis\u00e9es par sainte Hildegarde. Elle fait partie des \u00e9pices de la joie, utile au quotidien on peut en saupoudrer de petites doses dans l&#8217;alimentation et [&hellip;]","og_url":"https:\/\/www.lesjardinsdesaintehildegarde.com\/es\/plantas-y-especias\/especias\/cannelle-bio-poudre-100g\/","og_site_name":"Les Jardins de Sainte-Hildegarde","article_modified_time":"2026-04-30T14:42:03+00:00","og_image":[{"width":1200,"height":1200,"url":"https:\/\/www.lesjardinsdesaintehildegarde.com\/wp-content\/uploads\/2022\/11\/500011-cannelle-poudre-bio-100g.jpg","type":"image\/jpeg"}],"twitter_card":"summary_large_image","twitter_misc":{"Tiempo de lectura":"1 minuto"},"schema":{"@context":"https:\/\/schema.org","@graph":[{"@type":"WebPage","@id":"https:\/\/www.lesjardinsdesaintehildegarde.com\/es\/plantas-y-especias\/especias\/cannelle-bio-poudre-100g\/","url":"https:\/\/www.lesjardinsdesaintehildegarde.com\/es\/plantas-y-especias\/especias\/cannelle-bio-poudre-100g\/","name":"CANNELLE CEYLAN BIO POUDRE 100G* - Les Jardins de Sainte-Hildegarde","isPartOf":{"@id":"https:\/\/www.lesjardinsdesaintehildegarde.com\/es\/#website"},"primaryImageOfPage":{"@id":"https:\/\/www.lesjardinsdesaintehildegarde.com\/es\/plantas-y-especias\/especias\/cannelle-bio-poudre-100g\/#primaryimage"},"image":{"@id":"https:\/\/www.lesjardinsdesaintehildegarde.com\/es\/plantas-y-especias\/especias\/cannelle-bio-poudre-100g\/#primaryimage"},"thumbnailUrl":"https:\/\/www.lesjardinsdesaintehildegarde.com\/wp-content\/uploads\/2022\/11\/500011-cannelle-poudre-bio-100g.jpg","datePublished":"2022-11-04T08:07:30+00:00","dateModified":"2026-04-30T14:42:03+00:00","breadcrumb":{"@id":"https:\/\/www.lesjardinsdesaintehildegarde.com\/es\/plantas-y-especias\/especias\/cannelle-bio-poudre-100g\/#breadcrumb"},"inLanguage":"es","potentialAction":[{"@type":"ReadAction","target":["https:\/\/www.lesjardinsdesaintehildegarde.com\/es\/plantas-y-especias\/especias\/cannelle-bio-poudre-100g\/"]}]},{"@type":"ImageObject","inLanguage":"es","@id":"https:\/\/www.lesjardinsdesaintehildegarde.com\/es\/plantas-y-especias\/especias\/cannelle-bio-poudre-100g\/#primaryimage","url":"https:\/\/www.lesjardinsdesaintehildegarde.com\/wp-content\/uploads\/2022\/11\/500011-cannelle-poudre-bio-100g.jpg","contentUrl":"https:\/\/www.lesjardinsdesaintehildegarde.com\/wp-content\/uploads\/2022\/11\/500011-cannelle-poudre-bio-100g.jpg","width":1200,"height":1200,"caption":"cannelle moulue bio, Bo\u00eete de 100g, recommand\u00e9 par sainte Hildegarde de Bingen"},{"@type":"BreadcrumbList","@id":"https:\/\/www.lesjardinsdesaintehildegarde.com\/es\/plantas-y-especias\/especias\/cannelle-bio-poudre-100g\/#breadcrumb","itemListElement":[{"@type":"ListItem","position":1,"name":"Inicio","item":"https:\/\/www.lesjardinsdesaintehildegarde.com\/es\/"},{"@type":"ListItem","position":2,"name":"Productos","item":"https:\/\/www.lesjardinsdesaintehildegarde.com\/es\/shop\/"},{"@type":"ListItem","position":3,"name":"CANNELLE CEYLAN BIO POUDRE 100G*"}]},{"@type":"WebSite","@id":"https:\/\/www.lesjardinsdesaintehildegarde.com\/es\/#website","url":"https:\/\/www.lesjardinsdesaintehildegarde.com\/es\/","name":"Les Jardins de Sainte-Hildegarde","description":"Viriditas","publisher":{"@id":"https:\/\/www.lesjardinsdesaintehildegarde.com\/es\/#organization"},"potentialAction":[{"@type":"SearchAction","target":{"@type":"EntryPoint","urlTemplate":"https:\/\/www.lesjardinsdesaintehildegarde.com\/es\/?s={search_term_string}"},"query-input":{"@type":"PropertyValueSpecification","valueRequired":true,"valueName":"search_term_string"}}],"inLanguage":"es"},{"@type":"Organization","@id":"https:\/\/www.lesjardinsdesaintehildegarde.com\/es\/#organization","name":"Les Jardins de Sainte-Hildegarde","url":"https:\/\/www.lesjardinsdesaintehildegarde.com\/es\/","logo":{"@type":"ImageObject","inLanguage":"es","@id":"https:\/\/www.lesjardinsdesaintehildegarde.com\/es\/#\/schema\/logo\/image\/","url":"https:\/\/www.lesjardinsdesaintehildegarde.com\/wp-content\/uploads\/2022\/11\/logo-2022.png","contentUrl":"https:\/\/www.lesjardinsdesaintehildegarde.com\/wp-content\/uploads\/2022\/11\/logo-2022.png","width":365,"height":90,"caption":"Les Jardins de Sainte-Hildegarde"},"image":{"@id":"https:\/\/www.lesjardinsdesaintehildegarde.com\/es\/#\/schema\/logo\/image\/"}}]}},"_links":{"self":[{"href":"https:\/\/www.lesjardinsdesaintehildegarde.com\/es\/wp-json\/wp\/v2\/product\/1054","targetHints":{"allow":["GET"]}}],"collection":[{"href":"https:\/\/www.lesjardinsdesaintehildegarde.com\/es\/wp-json\/wp\/v2\/product"}],"about":[{"href":"https:\/\/www.lesjardinsdesaintehildegarde.com\/es\/wp-json\/wp\/v2\/types\/product"}],"replies":[{"embeddable":true,"href":"https:\/\/www.lesjardinsdesaintehildegarde.com\/es\/wp-json\/wp\/v2\/comments?post=1054"}],"wp:featuredmedia":[{"embeddable":true,"href":"https:\/\/www.lesjardinsdesaintehildegarde.com\/es\/wp-json\/wp\/v2\/media\/50540"}],"wp:attachment":[{"href":"https:\/\/www.lesjardinsdesaintehildegarde.com\/es\/wp-json\/wp\/v2\/media?parent=1054"}],"wp:term":[{"taxonomy":"product_brand","embeddable":true,"href":"https:\/\/www.lesjardinsdesaintehildegarde.com\/es\/wp-json\/wp\/v2\/product_brand?post=1054"},{"taxonomy":"product_cat","embeddable":true,"href":"https:\/\/www.lesjardinsdesaintehildegarde.com\/es\/wp-json\/wp\/v2\/product_cat?post=1054"},{"taxonomy":"product_tag","embeddable":true,"href":"https:\/\/www.lesjardinsdesaintehildegarde.com\/es\/wp-json\/wp\/v2\/product_tag?post=1054"}],"curies":[{"name":"wp","href":"https:\/\/api.w.org\/{rel}","templated":true}]}}