{"id":1073,"date":"2022-11-04T09:07:33","date_gmt":"2022-11-04T08:07:33","guid":{"rendered":"https:\/\/www.lesjardinsdesaintehildegarde.com\/non%20class\u00e9\/creme-raffermissante-125-ml\/"},"modified":"2026-04-17T23:02:05","modified_gmt":"2026-04-17T21:02:05","slug":"creme-raffermissante-125-ml","status":"publish","type":"product","link":"https:\/\/www.lesjardinsdesaintehildegarde.com\/es\/cosmeticos\/cosmeticos-naturales-viriditas\/cremas-de-belleza-y-cuidados\/creme-raffermissante-125-ml\/","title":{"rendered":"CREME RAFFERMISSANTE 125 ML"},"content":{"rendered":"<p>CR\u00c8ME RAFFERMISSANTE VIRIDITAS 125ML (23,12\u20ac \/ 100ml)<\/p>\n<p>Ingr\u00e9dients 100% naturels<\/p>\n<p>Lissage et embellissement aux peaux sujettes au rel\u00e2chement et \u00e0 la peau d&#8217;orange<\/p>\n<p>La Cr\u00e8me raffermissante est un produit de massage essentiel pour le modelage du corps, elle contient des extraits de Centella et de Ginkgo qui soulagent la congestion des tissus.<\/p>\n<p>Sa formule \u00e0 base d&#8217;antioxydants actifs prot\u00e8ge efficacement les peaux sujettes aux vergetures.<\/p>\n<p>Entrent dans sa composition des plantes essentielles recommand\u00e9es par sainte Hildegarde pour le bien \u00eatre, qui passe tant par la peau que par l&#8217;odorat.<\/p>\n<p>Elle nous dit ainsi que la sauge est de nature chaude et s\u00e8che : Elle se d\u00e9veloppe gr\u00e2ce \u00e0 chaleur du soleil plut\u00f4t qu&#8217;\u00e0 l&#8217;humidit\u00e9 de la terre, elle est utile contre les humeurs molles car elle est s\u00e8che. Elle apaise les humeurs nocives.<\/p>\n<p>On retrouve \u00e9galement dans cette cr\u00e8me le thym dont elle \u00e9voque la grande force et la viridit\u00e9, le noisetier qui est utile pour la peau, la r\u00e9glisse qui, gr\u00e2ce \u00e0 sa chaleur mod\u00e9r\u00e9e, donne un esprit suave et adoucit, le germe de bl\u00e9 dont sainte Hildegarde dit qu&#8217;il est chaud, rempli de richesses, si bien qu&#8217;il ne manque rien en lui.<\/p>\n<p>Principaux composants actifs :<\/p>\n<p>&#8211; La Noisette : son contenu en acide gras essentiels et en vitamine E prot\u00e8ge et \u00e9quilibre la couche de protection naturelle de la peau. Sainte Hildegarde pr\u00e9cise qu&#8217;il est tr\u00e8s utile pour la peau.<\/p>\n<p>&#8211; La R\u00e9glisse : Fournit la glycyrrhizine et des oligo-\u00e9l\u00e9ments d\u00e9congestionnants.<\/p>\n<p>&#8211; Le Germe de Bl\u00e9 : Cette huile est riche en vitamine E, c&#8217;est une source d&#8217;acide linol\u00e9ique et d&#8217;acide linol\u00e9nique. Ces acides gras sont des nutriments appropri\u00e9s pour favoriser la r\u00e9paration des vergetures et renforcer l&#8217;action de la pr\u00eale.<\/p>\n<p>&#8211; La Pr\u00eale : Plante riche en min\u00e9raux, en particulier en silicium, actifs qui pr\u00e9viennent les vergetures et favorisent l&#8217;\u00e9lasticit\u00e9 de la peau.<\/p>\n<p>&#8211; Le Gingko : les feuilles de cet arbre contiennent des bilobetines et des flavono\u00efdes qui am\u00e9liorent la circulation p\u00e9riph\u00e9rique.<\/p>\n<p>Du fait de leur composition naturelle, pour l&#8217;usage des produits de la ligne Viriditas :<\/p>\n<p>Il est possible d&#8217;observer de l\u00e9g\u00e8res variations d&#8217;aspect, de textures et d&#8217;ar\u00f4mes d&#8217;un lot \u00e0 un autre, les qualit\u00e9s des produits n&#8217;en sont pas affect\u00e9es, cela vient simplement du fait qu&#8217;aucun produit chimique n&#8217;est utilis\u00e9 pour les amalgamer.<\/p>\n<p>Ces variations sont propres aux variations naturelles des v\u00e9g\u00e9taux.<\/p>\n<p>Compos\u00e9s Phyto- aromatiques :<\/p>\n<p>Les notes citronn\u00e9es de l&#8217;huile essentielle de Cypr\u00e8s associ\u00e9es \u00e0 la chaleur de la Cannelle, activent et tonifient le drainage. Ces ar\u00f4mes naturels transmettent, \u00e0 travers la peau et l&#8217;odorat, l&#8217;optimisme et la s\u00e9curit\u00e9.<\/p>\n<p>Ingr\u00e9dients :<\/p>\n<p>Aqua, Salvia lavandulifolia herb oil* \u00b7 Helianthus annuus seed oil* \u00b7 Kaolin \u00b7 Corylus avellana seed oil* \u00b7 Salvia officinalis leaf extract* \u00b7 Glycyrrhiza glabra root extract* \u00b7 Lecithin \u00b7 Hectorite \u00b7 Triticum vulgare germ oil \u00b7 Parfum \u00b7 Centella asiatica extract\u00ba \u00b7 Equisetum arvense extract* \u00b7 Ginkgo biloba leaf extract* \u00b7 Thymus vulgaris flower\/leaf extract* \u00b7 Sorbic acid \u00b7 Tocopherol \u00b7 Limonene^ \u00b7 Eugenol^ \u00b7 Benzyl benzoate^ \u00b7 Citral^<\/p>\n<p>*Issu de l&#8217;agriculture biologique<\/p>\n<p>\u00ba issu de cueillette sauvage<\/p>\n<p>^ Issu des huiles essentielles naturelles<\/p>\n<p>(En Fran\u00e7ais : Eau, Huile d&#8217;herbe de Sauge \u00e0 feuilles de Lavande, Extrait d&#8217;huile de semence de Tournesol, Argile, Extrait d&#8217;huile de semence de Noisetier, Extrait de feuille de Sauge Officinale, Extrait de racine de R\u00e9glisse, L\u00e9cithine, Hectorite, Huile de Germe de Bl\u00e9, Parfum (huiles essentielles naturelles), Extrait de Centella asiatica, Extrait de Pr\u00eale des Champs, Extrait de feuille de Ginkgo biloba, Acide Sorbique, Vitamine E, Limon\u00e8ne^, Eug\u00e9nol^).<\/p>\n<p>Mode d&#8217;emploi : Toujours agiter avant emploi pour homog\u00e9n\u00e9iser le produit.<\/p>\n<p>Appliquer quotidiennement une l\u00e9g\u00e8re couche de Cr\u00e8me raffermissante et faire un massage doux jusqu&#8217;\u00e0 absorption compl\u00e8te de la cr\u00e8me par la peau. <\/p>\n<p>Sur les jambes, appliquer des pieds en remontant vers le haut du corps.<\/p>\n<p>Pour faciliter son application il est id\u00e9al de l&#8217;utiliser sur une peau humide apr\u00e8s la douche ou le bain.<\/p>\n","protected":false},"excerpt":{"rendered":"<p>CR\u00c8ME RAFFERMISSANTE VIRIDITAS 125ML (23,12\u20ac \/ 100ml) Ingr\u00e9dients 100% naturels Lissage et embellissement aux peaux sujettes au rel\u00e2chement et \u00e0 la peau d&#8217;orange La Cr\u00e8me raffermissante est un produit de massage essentiel pour le modelage du corps, elle contient des extraits de Centella et de Ginkgo qui soulagent la congestion des tissus. Sa formule \u00e0 [&hellip;]<\/p>\n","protected":false},"featured_media":70892,"comment_status":"open","ping_status":"closed","template":"","meta":{"_acf_changed":false,"_relevanssi_hide_post":"","_relevanssi_hide_content":"","_relevanssi_pin_for_all":"","_relevanssi_pin_keywords":"","_relevanssi_unpin_keywords":"","_relevanssi_related_keywords":"","_relevanssi_related_include_ids":"","_relevanssi_related_exclude_ids":"","_relevanssi_related_no_append":"","_relevanssi_related_not_related":"","_relevanssi_related_posts":"","_relevanssi_noindex_reason":""},"product_brand":[],"product_cat":[27,96,100],"product_tag":[],"class_list":{"0":"post-1073","1":"product","2":"type-product","3":"status-publish","4":"has-post-thumbnail","6":"product_cat-cosmetiques","7":"product_cat-cosmetiques-viriditas-naturels","8":"product_cat-cremes-de-beaute-et-de-soin","10":"first","11":"instock","12":"taxable","13":"shipping-taxable","14":"purchasable","15":"product-type-simple"},"acf":[],"yoast_head":"<!-- This site is optimized with the Yoast SEO plugin v27.2 - https:\/\/yoast.com\/product\/yoast-seo-wordpress\/ -->\n<title>CREME RAFFERMISSANTE 125 ML - Les Jardins de Sainte-Hildegarde<\/title>\n<meta name=\"robots\" content=\"index, follow, max-snippet:-1, max-image-preview:large, max-video-preview:-1\" \/>\n<link rel=\"canonical\" href=\"https:\/\/www.lesjardinsdesaintehildegarde.com\/es\/cosmeticos\/cosmeticos-naturales-viriditas\/cremas-de-belleza-y-cuidados\/creme-raffermissante-125-ml\/\" \/>\n<meta property=\"og:locale\" content=\"es_ES\" \/>\n<meta property=\"og:type\" content=\"article\" \/>\n<meta property=\"og:title\" content=\"CREME RAFFERMISSANTE 125 ML - Les Jardins de Sainte-Hildegarde\" \/>\n<meta property=\"og:description\" content=\"CR\u00c8ME RAFFERMISSANTE VIRIDITAS 125ML (23,12\u20ac \/ 100ml) Ingr\u00e9dients 100% naturels Lissage et embellissement aux peaux sujettes au rel\u00e2chement et \u00e0 la peau d&#8217;orange La Cr\u00e8me raffermissante est un produit de massage essentiel pour le modelage du corps, elle contient des extraits de Centella et de Ginkgo qui soulagent la congestion des tissus. Sa formule \u00e0 [&hellip;]\" \/>\n<meta property=\"og:url\" content=\"https:\/\/www.lesjardinsdesaintehildegarde.com\/es\/cosmeticos\/cosmeticos-naturales-viriditas\/cremas-de-belleza-y-cuidados\/creme-raffermissante-125-ml\/\" \/>\n<meta property=\"og:site_name\" content=\"Les Jardins de Sainte-Hildegarde\" \/>\n<meta property=\"article:modified_time\" content=\"2026-04-17T21:02:05+00:00\" \/>\n<meta property=\"og:image\" content=\"https:\/\/www.lesjardinsdesaintehildegarde.com\/wp-content\/uploads\/2023\/08\/502-creme-sauge-raffermissante-125ml.jpg\" \/>\n\t<meta property=\"og:image:width\" content=\"1200\" \/>\n\t<meta property=\"og:image:height\" content=\"1200\" \/>\n\t<meta property=\"og:image:type\" content=\"image\/jpeg\" \/>\n<meta name=\"twitter:card\" content=\"summary_large_image\" \/>\n<meta name=\"twitter:label1\" content=\"Tiempo de lectura\" \/>\n\t<meta name=\"twitter:data1\" content=\"4 minutos\" \/>\n<script type=\"application\/ld+json\" class=\"yoast-schema-graph\">{\"@context\":\"https:\/\/schema.org\",\"@graph\":[{\"@type\":\"WebPage\",\"@id\":\"https:\/\/www.lesjardinsdesaintehildegarde.com\/es\/cosmeticos\/cosmeticos-naturales-viriditas\/cremas-de-belleza-y-cuidados\/creme-raffermissante-125-ml\/\",\"url\":\"https:\/\/www.lesjardinsdesaintehildegarde.com\/es\/cosmeticos\/cosmeticos-naturales-viriditas\/cremas-de-belleza-y-cuidados\/creme-raffermissante-125-ml\/\",\"name\":\"CREME RAFFERMISSANTE 125 ML - Les Jardins de Sainte-Hildegarde\",\"isPartOf\":{\"@id\":\"https:\/\/www.lesjardinsdesaintehildegarde.com\/es\/#website\"},\"primaryImageOfPage\":{\"@id\":\"https:\/\/www.lesjardinsdesaintehildegarde.com\/es\/cosmeticos\/cosmeticos-naturales-viriditas\/cremas-de-belleza-y-cuidados\/creme-raffermissante-125-ml\/#primaryimage\"},\"image\":{\"@id\":\"https:\/\/www.lesjardinsdesaintehildegarde.com\/es\/cosmeticos\/cosmeticos-naturales-viriditas\/cremas-de-belleza-y-cuidados\/creme-raffermissante-125-ml\/#primaryimage\"},\"thumbnailUrl\":\"https:\/\/www.lesjardinsdesaintehildegarde.com\/wp-content\/uploads\/2023\/08\/502-creme-sauge-raffermissante-125ml.jpg\",\"datePublished\":\"2022-11-04T08:07:33+00:00\",\"dateModified\":\"2026-04-17T21:02:05+00:00\",\"breadcrumb\":{\"@id\":\"https:\/\/www.lesjardinsdesaintehildegarde.com\/es\/cosmeticos\/cosmeticos-naturales-viriditas\/cremas-de-belleza-y-cuidados\/creme-raffermissante-125-ml\/#breadcrumb\"},\"inLanguage\":\"es\",\"potentialAction\":[{\"@type\":\"ReadAction\",\"target\":[\"https:\/\/www.lesjardinsdesaintehildegarde.com\/es\/cosmeticos\/cosmeticos-naturales-viriditas\/cremas-de-belleza-y-cuidados\/creme-raffermissante-125-ml\/\"]}]},{\"@type\":\"ImageObject\",\"inLanguage\":\"es\",\"@id\":\"https:\/\/www.lesjardinsdesaintehildegarde.com\/es\/cosmeticos\/cosmeticos-naturales-viriditas\/cremas-de-belleza-y-cuidados\/creme-raffermissante-125-ml\/#primaryimage\",\"url\":\"https:\/\/www.lesjardinsdesaintehildegarde.com\/wp-content\/uploads\/2023\/08\/502-creme-sauge-raffermissante-125ml.jpg\",\"contentUrl\":\"https:\/\/www.lesjardinsdesaintehildegarde.com\/wp-content\/uploads\/2023\/08\/502-creme-sauge-raffermissante-125ml.jpg\",\"width\":1200,\"height\":1200,\"caption\":\"cr\u00e8me adoucissante fluide au calendula, pour les peaux fines et sensibles - ingr\u00e9dients 100% naturels - 125ml\"},{\"@type\":\"BreadcrumbList\",\"@id\":\"https:\/\/www.lesjardinsdesaintehildegarde.com\/es\/cosmeticos\/cosmeticos-naturales-viriditas\/cremas-de-belleza-y-cuidados\/creme-raffermissante-125-ml\/#breadcrumb\",\"itemListElement\":[{\"@type\":\"ListItem\",\"position\":1,\"name\":\"Inicio\",\"item\":\"https:\/\/www.lesjardinsdesaintehildegarde.com\/es\/\"},{\"@type\":\"ListItem\",\"position\":2,\"name\":\"Productos\",\"item\":\"https:\/\/www.lesjardinsdesaintehildegarde.com\/es\/shop\/\"},{\"@type\":\"ListItem\",\"position\":3,\"name\":\"CREME RAFFERMISSANTE 125 ML\"}]},{\"@type\":\"WebSite\",\"@id\":\"https:\/\/www.lesjardinsdesaintehildegarde.com\/es\/#website\",\"url\":\"https:\/\/www.lesjardinsdesaintehildegarde.com\/es\/\",\"name\":\"Les Jardins de Sainte-Hildegarde\",\"description\":\"Viriditas\",\"publisher\":{\"@id\":\"https:\/\/www.lesjardinsdesaintehildegarde.com\/es\/#organization\"},\"potentialAction\":[{\"@type\":\"SearchAction\",\"target\":{\"@type\":\"EntryPoint\",\"urlTemplate\":\"https:\/\/www.lesjardinsdesaintehildegarde.com\/es\/?s={search_term_string}\"},\"query-input\":{\"@type\":\"PropertyValueSpecification\",\"valueRequired\":true,\"valueName\":\"search_term_string\"}}],\"inLanguage\":\"es\"},{\"@type\":\"Organization\",\"@id\":\"https:\/\/www.lesjardinsdesaintehildegarde.com\/es\/#organization\",\"name\":\"Les Jardins de Sainte-Hildegarde\",\"url\":\"https:\/\/www.lesjardinsdesaintehildegarde.com\/es\/\",\"logo\":{\"@type\":\"ImageObject\",\"inLanguage\":\"es\",\"@id\":\"https:\/\/www.lesjardinsdesaintehildegarde.com\/es\/#\/schema\/logo\/image\/\",\"url\":\"https:\/\/www.lesjardinsdesaintehildegarde.com\/wp-content\/uploads\/2022\/11\/logo-2022.png\",\"contentUrl\":\"https:\/\/www.lesjardinsdesaintehildegarde.com\/wp-content\/uploads\/2022\/11\/logo-2022.png\",\"width\":365,\"height\":90,\"caption\":\"Les Jardins de Sainte-Hildegarde\"},\"image\":{\"@id\":\"https:\/\/www.lesjardinsdesaintehildegarde.com\/es\/#\/schema\/logo\/image\/\"}}]}<\/script>\n<!-- \/ Yoast SEO plugin. -->","yoast_head_json":{"title":"CREME RAFFERMISSANTE 125 ML - Les Jardins de Sainte-Hildegarde","robots":{"index":"index","follow":"follow","max-snippet":"max-snippet:-1","max-image-preview":"max-image-preview:large","max-video-preview":"max-video-preview:-1"},"canonical":"https:\/\/www.lesjardinsdesaintehildegarde.com\/es\/cosmeticos\/cosmeticos-naturales-viriditas\/cremas-de-belleza-y-cuidados\/creme-raffermissante-125-ml\/","og_locale":"es_ES","og_type":"article","og_title":"CREME RAFFERMISSANTE 125 ML - Les Jardins de Sainte-Hildegarde","og_description":"CR\u00c8ME RAFFERMISSANTE VIRIDITAS 125ML (23,12\u20ac \/ 100ml) Ingr\u00e9dients 100% naturels Lissage et embellissement aux peaux sujettes au rel\u00e2chement et \u00e0 la peau d&#8217;orange La Cr\u00e8me raffermissante est un produit de massage essentiel pour le modelage du corps, elle contient des extraits de Centella et de Ginkgo qui soulagent la congestion des tissus. Sa formule \u00e0 [&hellip;]","og_url":"https:\/\/www.lesjardinsdesaintehildegarde.com\/es\/cosmeticos\/cosmeticos-naturales-viriditas\/cremas-de-belleza-y-cuidados\/creme-raffermissante-125-ml\/","og_site_name":"Les Jardins de Sainte-Hildegarde","article_modified_time":"2026-04-17T21:02:05+00:00","og_image":[{"width":1200,"height":1200,"url":"https:\/\/www.lesjardinsdesaintehildegarde.com\/wp-content\/uploads\/2023\/08\/502-creme-sauge-raffermissante-125ml.jpg","type":"image\/jpeg"}],"twitter_card":"summary_large_image","twitter_misc":{"Tiempo de lectura":"4 minutos"},"schema":{"@context":"https:\/\/schema.org","@graph":[{"@type":"WebPage","@id":"https:\/\/www.lesjardinsdesaintehildegarde.com\/es\/cosmeticos\/cosmeticos-naturales-viriditas\/cremas-de-belleza-y-cuidados\/creme-raffermissante-125-ml\/","url":"https:\/\/www.lesjardinsdesaintehildegarde.com\/es\/cosmeticos\/cosmeticos-naturales-viriditas\/cremas-de-belleza-y-cuidados\/creme-raffermissante-125-ml\/","name":"CREME RAFFERMISSANTE 125 ML - Les Jardins de Sainte-Hildegarde","isPartOf":{"@id":"https:\/\/www.lesjardinsdesaintehildegarde.com\/es\/#website"},"primaryImageOfPage":{"@id":"https:\/\/www.lesjardinsdesaintehildegarde.com\/es\/cosmeticos\/cosmeticos-naturales-viriditas\/cremas-de-belleza-y-cuidados\/creme-raffermissante-125-ml\/#primaryimage"},"image":{"@id":"https:\/\/www.lesjardinsdesaintehildegarde.com\/es\/cosmeticos\/cosmeticos-naturales-viriditas\/cremas-de-belleza-y-cuidados\/creme-raffermissante-125-ml\/#primaryimage"},"thumbnailUrl":"https:\/\/www.lesjardinsdesaintehildegarde.com\/wp-content\/uploads\/2023\/08\/502-creme-sauge-raffermissante-125ml.jpg","datePublished":"2022-11-04T08:07:33+00:00","dateModified":"2026-04-17T21:02:05+00:00","breadcrumb":{"@id":"https:\/\/www.lesjardinsdesaintehildegarde.com\/es\/cosmeticos\/cosmeticos-naturales-viriditas\/cremas-de-belleza-y-cuidados\/creme-raffermissante-125-ml\/#breadcrumb"},"inLanguage":"es","potentialAction":[{"@type":"ReadAction","target":["https:\/\/www.lesjardinsdesaintehildegarde.com\/es\/cosmeticos\/cosmeticos-naturales-viriditas\/cremas-de-belleza-y-cuidados\/creme-raffermissante-125-ml\/"]}]},{"@type":"ImageObject","inLanguage":"es","@id":"https:\/\/www.lesjardinsdesaintehildegarde.com\/es\/cosmeticos\/cosmeticos-naturales-viriditas\/cremas-de-belleza-y-cuidados\/creme-raffermissante-125-ml\/#primaryimage","url":"https:\/\/www.lesjardinsdesaintehildegarde.com\/wp-content\/uploads\/2023\/08\/502-creme-sauge-raffermissante-125ml.jpg","contentUrl":"https:\/\/www.lesjardinsdesaintehildegarde.com\/wp-content\/uploads\/2023\/08\/502-creme-sauge-raffermissante-125ml.jpg","width":1200,"height":1200,"caption":"cr\u00e8me adoucissante fluide au calendula, pour les peaux fines et sensibles - ingr\u00e9dients 100% naturels - 125ml"},{"@type":"BreadcrumbList","@id":"https:\/\/www.lesjardinsdesaintehildegarde.com\/es\/cosmeticos\/cosmeticos-naturales-viriditas\/cremas-de-belleza-y-cuidados\/creme-raffermissante-125-ml\/#breadcrumb","itemListElement":[{"@type":"ListItem","position":1,"name":"Inicio","item":"https:\/\/www.lesjardinsdesaintehildegarde.com\/es\/"},{"@type":"ListItem","position":2,"name":"Productos","item":"https:\/\/www.lesjardinsdesaintehildegarde.com\/es\/shop\/"},{"@type":"ListItem","position":3,"name":"CREME RAFFERMISSANTE 125 ML"}]},{"@type":"WebSite","@id":"https:\/\/www.lesjardinsdesaintehildegarde.com\/es\/#website","url":"https:\/\/www.lesjardinsdesaintehildegarde.com\/es\/","name":"Les Jardins de Sainte-Hildegarde","description":"Viriditas","publisher":{"@id":"https:\/\/www.lesjardinsdesaintehildegarde.com\/es\/#organization"},"potentialAction":[{"@type":"SearchAction","target":{"@type":"EntryPoint","urlTemplate":"https:\/\/www.lesjardinsdesaintehildegarde.com\/es\/?s={search_term_string}"},"query-input":{"@type":"PropertyValueSpecification","valueRequired":true,"valueName":"search_term_string"}}],"inLanguage":"es"},{"@type":"Organization","@id":"https:\/\/www.lesjardinsdesaintehildegarde.com\/es\/#organization","name":"Les Jardins de Sainte-Hildegarde","url":"https:\/\/www.lesjardinsdesaintehildegarde.com\/es\/","logo":{"@type":"ImageObject","inLanguage":"es","@id":"https:\/\/www.lesjardinsdesaintehildegarde.com\/es\/#\/schema\/logo\/image\/","url":"https:\/\/www.lesjardinsdesaintehildegarde.com\/wp-content\/uploads\/2022\/11\/logo-2022.png","contentUrl":"https:\/\/www.lesjardinsdesaintehildegarde.com\/wp-content\/uploads\/2022\/11\/logo-2022.png","width":365,"height":90,"caption":"Les Jardins de Sainte-Hildegarde"},"image":{"@id":"https:\/\/www.lesjardinsdesaintehildegarde.com\/es\/#\/schema\/logo\/image\/"}}]}},"_links":{"self":[{"href":"https:\/\/www.lesjardinsdesaintehildegarde.com\/es\/wp-json\/wp\/v2\/product\/1073","targetHints":{"allow":["GET"]}}],"collection":[{"href":"https:\/\/www.lesjardinsdesaintehildegarde.com\/es\/wp-json\/wp\/v2\/product"}],"about":[{"href":"https:\/\/www.lesjardinsdesaintehildegarde.com\/es\/wp-json\/wp\/v2\/types\/product"}],"replies":[{"embeddable":true,"href":"https:\/\/www.lesjardinsdesaintehildegarde.com\/es\/wp-json\/wp\/v2\/comments?post=1073"}],"wp:featuredmedia":[{"embeddable":true,"href":"https:\/\/www.lesjardinsdesaintehildegarde.com\/es\/wp-json\/wp\/v2\/media\/70892"}],"wp:attachment":[{"href":"https:\/\/www.lesjardinsdesaintehildegarde.com\/es\/wp-json\/wp\/v2\/media?parent=1073"}],"wp:term":[{"taxonomy":"product_brand","embeddable":true,"href":"https:\/\/www.lesjardinsdesaintehildegarde.com\/es\/wp-json\/wp\/v2\/product_brand?post=1073"},{"taxonomy":"product_cat","embeddable":true,"href":"https:\/\/www.lesjardinsdesaintehildegarde.com\/es\/wp-json\/wp\/v2\/product_cat?post=1073"},{"taxonomy":"product_tag","embeddable":true,"href":"https:\/\/www.lesjardinsdesaintehildegarde.com\/es\/wp-json\/wp\/v2\/product_tag?post=1073"}],"curies":[{"name":"wp","href":"https:\/\/api.w.org\/{rel}","templated":true}]}}