{"id":1074,"date":"2022-11-04T09:07:33","date_gmt":"2022-11-04T08:07:33","guid":{"rendered":"https:\/\/www.lesjardinsdesaintehildegarde.com\/non%20class\u00e9\/masque-purifiant-a-la-lavande-125-ml\/"},"modified":"2026-04-29T23:02:10","modified_gmt":"2026-04-29T21:02:10","slug":"masque-purifiant-a-la-lavande-125-ml","status":"publish","type":"product","link":"https:\/\/www.lesjardinsdesaintehildegarde.com\/es\/cosmeticos\/cosmeticos-naturales-viriditas\/cremas-de-belleza-y-cuidados\/masque-purifiant-a-la-lavande-125-ml\/","title":{"rendered":"MASQUE PURIFIANT A LA LAVANDE 125 ML"},"content":{"rendered":"<p>MASQUE PURIFIANT A LA LAVANDE VIRIDITAS 125ML (23,60\u20ac \/ 100ml)<\/p>\n<p>Ingr\u00e9dients 100% naturels<\/p>\n<p>Masque purifiant \u00e0 la lavande : harmonise et purifie- tous types de peaux<\/p>\n<p>Cette formule active le drainage de la peau et harmonise le teint. <\/p>\n<p>Elle apporte des antioxydants et des nutriments essentiels qui rajeunissent la peau et la maintiennent saine. Ses bioactifs nettoient et purifient les pores. Le masque contient des argiles qui produisent un \u00e9change thermique sur la surface de la peau et cette action permet d&#8217;\u00e9liminer les com\u00e9dons (points noirs) et les cellules mortes. Il permet de r\u00e9aliser un lifting naturel qui donne une peau radieuse.<\/p>\n<p>Entrent dans sa composition des plantes essentielles recommand\u00e9es par sainte Hildegarde pour le bien \u00eatre, qui passe tant par la peau que par l&#8217;odorat !<\/p>\n<p>La lavande, nous dit-elle, poss\u00e8de une chaleur s\u00e8che et une odeur p\u00e9n\u00e9trante. <\/p>\n<p>Elle a un ar\u00f4me des plus puissants et l&#8217;utilit\u00e9 des plus amers, elle \u00e9carte en outre les esprits mauvais. Le thym quant \u00e0 lui poss\u00e8de une grande force et beaucoup de \u00ab viridit\u00e9 \u00bb.<\/p>\n<p>Sainte Hildegarde nous parle de la terre (les argiles dans le masque), disant qu&#8217;elle d\u00e9tient en elle un grand nombre de forces.<\/p>\n<p>Principaux ingr\u00e9dients actifs :<\/p>\n<p>&#8211; La Lavande : Cette plante apporte des min\u00e9raux, des bioflavono\u00efdes et une huile essentielle qui \u00e9quilibre la flore cutan\u00e9e et active la r\u00e9g\u00e9n\u00e9ration de la peau.<\/p>\n<p>&#8211; Le Tournesol : Cette huile contient des acides gras ol\u00e9iques et linol\u00e9iques, nutriments qui renforcent la couche de protection naturelle de la peau et l&#8217;adoucissent.<\/p>\n<p>&#8211; La Guimauve : Contient de la b\u00e9ta\u00efne, des polysaccharides et des oligo-\u00e9l\u00e9ments qui apaisent l&#8217;\u00e9piderme. Ces principes actifs sont efficaces pour le soin des peaux ayant tendance au rel\u00e2chement.<\/p>\n<p>&#8211; La P\u00e2querette : Fleur particuli\u00e8rement riche en vitamine C, mucilages et acides organiques. Ces actifs permettent d&#8217;unifier le teint.<\/p>\n<p>&#8211; Le M\u00e9lilot : Contient une huile essentielle sp\u00e9cifique et des flavono\u00efdes qui renforcent l&#8217;effet d\u00e9congestionnant et apaisant de la guimauve.<\/p>\n<p>&#8211; Le Sureau : Parmi ses principes actifs on trouve de la vitamine C, des flavono\u00efdes et des mucilages. L&#8217;extrait de cette fleur referme les pores et unifie le teint.<\/p>\n<p>&#8211; Le Thym : Son huile essentielle et ses bioflavono\u00efdes \u00e9quilibrent la flore de la peau. Ces \u00e9l\u00e9ments purifient l&#8217;\u00e9piderme \u00e0 tendance acn\u00e9ique.<\/p>\n<p>&#8211; Le Jojoba : L&#8217;huile de cette plante contient des c\u00e9ramides et des acides gras insatur\u00e9s, eicos\u00e9no\u00efque et docos\u00e9no\u00efques entre autres. Ces nutriments aux propri\u00e9t\u00e9s \u00e9mollientes et rajeunissantes \u00e9quilibrent les s\u00e9cr\u00e9tions de la peau.<\/p>\n<p>&#8211; L&#8217;Argile : Sa composition naturelle a la vertu d&#8217;augmenter le flux sanguin et de  r\u00e9aliser une action thermique, c&#8217;est-\u00e0-dire une activation de la chaleur qui renouvelle et revitalise la peau.<\/p>\n<p>Du fait de leur composition naturelle, pour l&#8217;usage des produits de la ligne Viriditas :<\/p>\n<p>Il est possible d&#8217;observer de l\u00e9g\u00e8res variations d&#8217;aspect, de textures et d&#8217;ar\u00f4mes d&#8217;un lot \u00e0 un autre, les qualit\u00e9s des produits n&#8217;en sont pas affect\u00e9es, cela vient simplement du fait qu&#8217;aucun produit chimique n&#8217;est utilis\u00e9 pour les amalgamer.<\/p>\n<p>Ces variations sont propres aux variations naturelles des v\u00e9g\u00e9taux.<\/p>\n<p>Compos\u00e9 Phyto-aromatique :<\/p>\n<p>Le parfum doux et balsamique de la lavande et celui tr\u00e8s frais du v\u00e9tiver communiquent \u00e0 travers la peau et l&#8217;odorat vigueur et \u00e9nergie renouvel\u00e9es.<\/p>\n<p>Ingr\u00e9dients : <\/p>\n<p>Aqua \u00b7 Kaolin \u00b7  Lavandula latifolia herb extract* and Helianthus annuus seed oil* \u00b7 Lecithin \u00b7 Hectorite \u00b7 Bellis perennis flower extract\u00ba \u00b7 Althaea officinalis root extract* \u00b7 Melilotus officinalis extract* \u00b7 Sambucus nigra flower extract* \u00b7 Thymus vulgaris flower\/leaf extract* \u00b7 Achillea millefolium extract* \u00b7 Simmondsia chinensis seed oil* \u00b7 Parfum* \u00b7 Sorbic acid \u00b7 Tocopherol \u00b7 Thymus  serpyllum oil \u00b7 Linalool^ \u00b7 Limonene^<\/p>\n<p>*issu de l&#8217;agriculture biologique <\/p>\n<p>\u00b0issu de cueillette sauvage<\/p>\n<p>^issu d&#8217;huiles essentielles naturelles<\/p>\n<p>(En Fran\u00e7ais : Eau, Argile, Extrait d&#8217;herbe de Lavande Aspic, Extrait d&#8217;huile de semence de Tournesol, L\u00e9cithine, Hectorite, Extrait de racine de Guimauve Officinale, Extrait de fleur de P\u00e2querette, Extrait de M\u00e9lilot Officinal, Extrait de fleur de Sureau noir, Extrait de fleur et feuille de Thym commun, Acide Sorbique, Extrait de semence de Jojoba, Parfum (huiles essentielles), Linalool^, Limon\u00e8ne^).<\/p>\n<p>Mode d&#8217;emploi : Toujours agiter avant emploi pour homog\u00e9n\u00e9iser le produit.<\/p>\n<p>Appliquer le masque au pinceau sur le visage et le cou en \u00e9vitant le contour des yeux. Laisser agir 20 ou 30 mn puis rincer \u00e0 l&#8217;eau. <\/p>\n<p>Ce masque peut produire une sensation de chaleur suivie d&#8217;un rougissement de la peau. <\/p>\n<p>Cet effet est b\u00e9n\u00e9fique, il ne faut pas le confondre avec une r\u00e9action allergique. En fonction du type de peau, cette hyperthermie dure 10 \u00e0 15 mn. <\/p>\n<p>Nous conseillons d&#8217;appliquer le masque au moins 2 heures avant de sortir.<\/p>\n<p>Pour \u00e9viter ce ph\u00e9nom\u00e8ne vous pouvez utiliser le masque quotidiennement en fine couche, comme une cr\u00e8me de soin le soir au coucher.<\/p>\n","protected":false},"excerpt":{"rendered":"<p>MASQUE PURIFIANT A LA LAVANDE VIRIDITAS 125ML (23,60\u20ac \/ 100ml) Ingr\u00e9dients 100% naturels Masque purifiant \u00e0 la lavande : harmonise et purifie- tous types de peaux Cette formule active le drainage de la peau et harmonise le teint. Elle apporte des antioxydants et des nutriments essentiels qui rajeunissent la peau et la maintiennent saine. Ses [&hellip;]<\/p>\n","protected":false},"featured_media":70889,"comment_status":"open","ping_status":"closed","template":"","meta":{"_acf_changed":false,"_relevanssi_hide_post":"","_relevanssi_hide_content":"","_relevanssi_pin_for_all":"","_relevanssi_pin_keywords":"","_relevanssi_unpin_keywords":"","_relevanssi_related_keywords":"","_relevanssi_related_include_ids":"","_relevanssi_related_exclude_ids":"","_relevanssi_related_no_append":"","_relevanssi_related_not_related":"","_relevanssi_related_posts":"","_relevanssi_noindex_reason":""},"product_brand":[],"product_cat":[27,96,100],"product_tag":[],"class_list":{"0":"post-1074","1":"product","2":"type-product","3":"status-publish","4":"has-post-thumbnail","6":"product_cat-cosmetiques","7":"product_cat-cosmetiques-viriditas-naturels","8":"product_cat-cremes-de-beaute-et-de-soin","10":"first","11":"instock","12":"taxable","13":"shipping-taxable","14":"purchasable","15":"product-type-simple"},"acf":[],"yoast_head":"<!-- This site is optimized with the Yoast SEO plugin v27.4 - https:\/\/yoast.com\/product\/yoast-seo-wordpress\/ -->\n<title>MASQUE PURIFIANT A LA LAVANDE 125 ML - Les Jardins de Sainte-Hildegarde<\/title>\n<meta name=\"robots\" content=\"index, follow, max-snippet:-1, max-image-preview:large, max-video-preview:-1\" \/>\n<link rel=\"canonical\" href=\"https:\/\/www.lesjardinsdesaintehildegarde.com\/es\/cosmeticos\/cosmeticos-naturales-viriditas\/cremas-de-belleza-y-cuidados\/masque-purifiant-a-la-lavande-125-ml\/\" \/>\n<meta property=\"og:locale\" content=\"es_ES\" \/>\n<meta property=\"og:type\" content=\"article\" \/>\n<meta property=\"og:title\" content=\"MASQUE PURIFIANT A LA LAVANDE 125 ML - Les Jardins de Sainte-Hildegarde\" \/>\n<meta property=\"og:description\" content=\"MASQUE PURIFIANT A LA LAVANDE VIRIDITAS 125ML (23,60\u20ac \/ 100ml) Ingr\u00e9dients 100% naturels Masque purifiant \u00e0 la lavande : harmonise et purifie- tous types de peaux Cette formule active le drainage de la peau et harmonise le teint. Elle apporte des antioxydants et des nutriments essentiels qui rajeunissent la peau et la maintiennent saine. Ses [&hellip;]\" \/>\n<meta property=\"og:url\" content=\"https:\/\/www.lesjardinsdesaintehildegarde.com\/es\/cosmeticos\/cosmeticos-naturales-viriditas\/cremas-de-belleza-y-cuidados\/masque-purifiant-a-la-lavande-125-ml\/\" \/>\n<meta property=\"og:site_name\" content=\"Les Jardins de Sainte-Hildegarde\" \/>\n<meta property=\"article:modified_time\" content=\"2026-04-29T21:02:10+00:00\" \/>\n<meta property=\"og:image\" content=\"https:\/\/www.lesjardinsdesaintehildegarde.com\/wp-content\/uploads\/2023\/08\/503-masque-purifiant-lavande-125ml.jpg\" \/>\n\t<meta property=\"og:image:width\" content=\"1200\" \/>\n\t<meta property=\"og:image:height\" content=\"1200\" \/>\n\t<meta property=\"og:image:type\" content=\"image\/jpeg\" \/>\n<meta name=\"twitter:card\" content=\"summary_large_image\" \/>\n<meta name=\"twitter:label1\" content=\"Tiempo de lectura\" \/>\n\t<meta name=\"twitter:data1\" content=\"4 minutos\" \/>\n<script type=\"application\/ld+json\" class=\"yoast-schema-graph\">{\"@context\":\"https:\\\/\\\/schema.org\",\"@graph\":[{\"@type\":\"WebPage\",\"@id\":\"https:\\\/\\\/www.lesjardinsdesaintehildegarde.com\\\/es\\\/cosmeticos\\\/cosmeticos-naturales-viriditas\\\/cremas-de-belleza-y-cuidados\\\/masque-purifiant-a-la-lavande-125-ml\\\/\",\"url\":\"https:\\\/\\\/www.lesjardinsdesaintehildegarde.com\\\/es\\\/cosmeticos\\\/cosmeticos-naturales-viriditas\\\/cremas-de-belleza-y-cuidados\\\/masque-purifiant-a-la-lavande-125-ml\\\/\",\"name\":\"MASQUE PURIFIANT A LA LAVANDE 125 ML - Les Jardins de Sainte-Hildegarde\",\"isPartOf\":{\"@id\":\"https:\\\/\\\/www.lesjardinsdesaintehildegarde.com\\\/es\\\/#website\"},\"primaryImageOfPage\":{\"@id\":\"https:\\\/\\\/www.lesjardinsdesaintehildegarde.com\\\/es\\\/cosmeticos\\\/cosmeticos-naturales-viriditas\\\/cremas-de-belleza-y-cuidados\\\/masque-purifiant-a-la-lavande-125-ml\\\/#primaryimage\"},\"image\":{\"@id\":\"https:\\\/\\\/www.lesjardinsdesaintehildegarde.com\\\/es\\\/cosmeticos\\\/cosmeticos-naturales-viriditas\\\/cremas-de-belleza-y-cuidados\\\/masque-purifiant-a-la-lavande-125-ml\\\/#primaryimage\"},\"thumbnailUrl\":\"https:\\\/\\\/www.lesjardinsdesaintehildegarde.com\\\/wp-content\\\/uploads\\\/2023\\\/08\\\/503-masque-purifiant-lavande-125ml.jpg\",\"datePublished\":\"2022-11-04T08:07:33+00:00\",\"dateModified\":\"2026-04-29T21:02:10+00:00\",\"breadcrumb\":{\"@id\":\"https:\\\/\\\/www.lesjardinsdesaintehildegarde.com\\\/es\\\/cosmeticos\\\/cosmeticos-naturales-viriditas\\\/cremas-de-belleza-y-cuidados\\\/masque-purifiant-a-la-lavande-125-ml\\\/#breadcrumb\"},\"inLanguage\":\"es\",\"potentialAction\":[{\"@type\":\"ReadAction\",\"target\":[\"https:\\\/\\\/www.lesjardinsdesaintehildegarde.com\\\/es\\\/cosmeticos\\\/cosmeticos-naturales-viriditas\\\/cremas-de-belleza-y-cuidados\\\/masque-purifiant-a-la-lavande-125-ml\\\/\"]}]},{\"@type\":\"ImageObject\",\"inLanguage\":\"es\",\"@id\":\"https:\\\/\\\/www.lesjardinsdesaintehildegarde.com\\\/es\\\/cosmeticos\\\/cosmeticos-naturales-viriditas\\\/cremas-de-belleza-y-cuidados\\\/masque-purifiant-a-la-lavande-125-ml\\\/#primaryimage\",\"url\":\"https:\\\/\\\/www.lesjardinsdesaintehildegarde.com\\\/wp-content\\\/uploads\\\/2023\\\/08\\\/503-masque-purifiant-lavande-125ml.jpg\",\"contentUrl\":\"https:\\\/\\\/www.lesjardinsdesaintehildegarde.com\\\/wp-content\\\/uploads\\\/2023\\\/08\\\/503-masque-purifiant-lavande-125ml.jpg\",\"width\":1200,\"height\":1200,\"caption\":\"masque purifiant \u00e0 la lavande, nettoie et adoucit - ingr\u00e9dients 100% naturels - 125ml\"},{\"@type\":\"BreadcrumbList\",\"@id\":\"https:\\\/\\\/www.lesjardinsdesaintehildegarde.com\\\/es\\\/cosmeticos\\\/cosmeticos-naturales-viriditas\\\/cremas-de-belleza-y-cuidados\\\/masque-purifiant-a-la-lavande-125-ml\\\/#breadcrumb\",\"itemListElement\":[{\"@type\":\"ListItem\",\"position\":1,\"name\":\"Inicio\",\"item\":\"https:\\\/\\\/www.lesjardinsdesaintehildegarde.com\\\/es\\\/\"},{\"@type\":\"ListItem\",\"position\":2,\"name\":\"Productos\",\"item\":\"https:\\\/\\\/www.lesjardinsdesaintehildegarde.com\\\/es\\\/shop\\\/\"},{\"@type\":\"ListItem\",\"position\":3,\"name\":\"MASQUE PURIFIANT A LA LAVANDE 125 ML\"}]},{\"@type\":\"WebSite\",\"@id\":\"https:\\\/\\\/www.lesjardinsdesaintehildegarde.com\\\/es\\\/#website\",\"url\":\"https:\\\/\\\/www.lesjardinsdesaintehildegarde.com\\\/es\\\/\",\"name\":\"Les Jardins de Sainte-Hildegarde\",\"description\":\"Viriditas\",\"publisher\":{\"@id\":\"https:\\\/\\\/www.lesjardinsdesaintehildegarde.com\\\/es\\\/#organization\"},\"potentialAction\":[{\"@type\":\"SearchAction\",\"target\":{\"@type\":\"EntryPoint\",\"urlTemplate\":\"https:\\\/\\\/www.lesjardinsdesaintehildegarde.com\\\/es\\\/?s={search_term_string}\"},\"query-input\":{\"@type\":\"PropertyValueSpecification\",\"valueRequired\":true,\"valueName\":\"search_term_string\"}}],\"inLanguage\":\"es\"},{\"@type\":\"Organization\",\"@id\":\"https:\\\/\\\/www.lesjardinsdesaintehildegarde.com\\\/es\\\/#organization\",\"name\":\"Les Jardins de Sainte-Hildegarde\",\"url\":\"https:\\\/\\\/www.lesjardinsdesaintehildegarde.com\\\/es\\\/\",\"logo\":{\"@type\":\"ImageObject\",\"inLanguage\":\"es\",\"@id\":\"https:\\\/\\\/www.lesjardinsdesaintehildegarde.com\\\/es\\\/#\\\/schema\\\/logo\\\/image\\\/\",\"url\":\"https:\\\/\\\/www.lesjardinsdesaintehildegarde.com\\\/wp-content\\\/uploads\\\/2022\\\/11\\\/logo-2022.png\",\"contentUrl\":\"https:\\\/\\\/www.lesjardinsdesaintehildegarde.com\\\/wp-content\\\/uploads\\\/2022\\\/11\\\/logo-2022.png\",\"width\":365,\"height\":90,\"caption\":\"Les Jardins de Sainte-Hildegarde\"},\"image\":{\"@id\":\"https:\\\/\\\/www.lesjardinsdesaintehildegarde.com\\\/es\\\/#\\\/schema\\\/logo\\\/image\\\/\"}}]}<\/script>\n<!-- \/ Yoast SEO plugin. -->","yoast_head_json":{"title":"MASQUE PURIFIANT A LA LAVANDE 125 ML - Les Jardins de Sainte-Hildegarde","robots":{"index":"index","follow":"follow","max-snippet":"max-snippet:-1","max-image-preview":"max-image-preview:large","max-video-preview":"max-video-preview:-1"},"canonical":"https:\/\/www.lesjardinsdesaintehildegarde.com\/es\/cosmeticos\/cosmeticos-naturales-viriditas\/cremas-de-belleza-y-cuidados\/masque-purifiant-a-la-lavande-125-ml\/","og_locale":"es_ES","og_type":"article","og_title":"MASQUE PURIFIANT A LA LAVANDE 125 ML - Les Jardins de Sainte-Hildegarde","og_description":"MASQUE PURIFIANT A LA LAVANDE VIRIDITAS 125ML (23,60\u20ac \/ 100ml) Ingr\u00e9dients 100% naturels Masque purifiant \u00e0 la lavande : harmonise et purifie- tous types de peaux Cette formule active le drainage de la peau et harmonise le teint. Elle apporte des antioxydants et des nutriments essentiels qui rajeunissent la peau et la maintiennent saine. Ses [&hellip;]","og_url":"https:\/\/www.lesjardinsdesaintehildegarde.com\/es\/cosmeticos\/cosmeticos-naturales-viriditas\/cremas-de-belleza-y-cuidados\/masque-purifiant-a-la-lavande-125-ml\/","og_site_name":"Les Jardins de Sainte-Hildegarde","article_modified_time":"2026-04-29T21:02:10+00:00","og_image":[{"width":1200,"height":1200,"url":"https:\/\/www.lesjardinsdesaintehildegarde.com\/wp-content\/uploads\/2023\/08\/503-masque-purifiant-lavande-125ml.jpg","type":"image\/jpeg"}],"twitter_card":"summary_large_image","twitter_misc":{"Tiempo de lectura":"4 minutos"},"schema":{"@context":"https:\/\/schema.org","@graph":[{"@type":"WebPage","@id":"https:\/\/www.lesjardinsdesaintehildegarde.com\/es\/cosmeticos\/cosmeticos-naturales-viriditas\/cremas-de-belleza-y-cuidados\/masque-purifiant-a-la-lavande-125-ml\/","url":"https:\/\/www.lesjardinsdesaintehildegarde.com\/es\/cosmeticos\/cosmeticos-naturales-viriditas\/cremas-de-belleza-y-cuidados\/masque-purifiant-a-la-lavande-125-ml\/","name":"MASQUE PURIFIANT A LA LAVANDE 125 ML - Les Jardins de Sainte-Hildegarde","isPartOf":{"@id":"https:\/\/www.lesjardinsdesaintehildegarde.com\/es\/#website"},"primaryImageOfPage":{"@id":"https:\/\/www.lesjardinsdesaintehildegarde.com\/es\/cosmeticos\/cosmeticos-naturales-viriditas\/cremas-de-belleza-y-cuidados\/masque-purifiant-a-la-lavande-125-ml\/#primaryimage"},"image":{"@id":"https:\/\/www.lesjardinsdesaintehildegarde.com\/es\/cosmeticos\/cosmeticos-naturales-viriditas\/cremas-de-belleza-y-cuidados\/masque-purifiant-a-la-lavande-125-ml\/#primaryimage"},"thumbnailUrl":"https:\/\/www.lesjardinsdesaintehildegarde.com\/wp-content\/uploads\/2023\/08\/503-masque-purifiant-lavande-125ml.jpg","datePublished":"2022-11-04T08:07:33+00:00","dateModified":"2026-04-29T21:02:10+00:00","breadcrumb":{"@id":"https:\/\/www.lesjardinsdesaintehildegarde.com\/es\/cosmeticos\/cosmeticos-naturales-viriditas\/cremas-de-belleza-y-cuidados\/masque-purifiant-a-la-lavande-125-ml\/#breadcrumb"},"inLanguage":"es","potentialAction":[{"@type":"ReadAction","target":["https:\/\/www.lesjardinsdesaintehildegarde.com\/es\/cosmeticos\/cosmeticos-naturales-viriditas\/cremas-de-belleza-y-cuidados\/masque-purifiant-a-la-lavande-125-ml\/"]}]},{"@type":"ImageObject","inLanguage":"es","@id":"https:\/\/www.lesjardinsdesaintehildegarde.com\/es\/cosmeticos\/cosmeticos-naturales-viriditas\/cremas-de-belleza-y-cuidados\/masque-purifiant-a-la-lavande-125-ml\/#primaryimage","url":"https:\/\/www.lesjardinsdesaintehildegarde.com\/wp-content\/uploads\/2023\/08\/503-masque-purifiant-lavande-125ml.jpg","contentUrl":"https:\/\/www.lesjardinsdesaintehildegarde.com\/wp-content\/uploads\/2023\/08\/503-masque-purifiant-lavande-125ml.jpg","width":1200,"height":1200,"caption":"masque purifiant \u00e0 la lavande, nettoie et adoucit - ingr\u00e9dients 100% naturels - 125ml"},{"@type":"BreadcrumbList","@id":"https:\/\/www.lesjardinsdesaintehildegarde.com\/es\/cosmeticos\/cosmeticos-naturales-viriditas\/cremas-de-belleza-y-cuidados\/masque-purifiant-a-la-lavande-125-ml\/#breadcrumb","itemListElement":[{"@type":"ListItem","position":1,"name":"Inicio","item":"https:\/\/www.lesjardinsdesaintehildegarde.com\/es\/"},{"@type":"ListItem","position":2,"name":"Productos","item":"https:\/\/www.lesjardinsdesaintehildegarde.com\/es\/shop\/"},{"@type":"ListItem","position":3,"name":"MASQUE PURIFIANT A LA LAVANDE 125 ML"}]},{"@type":"WebSite","@id":"https:\/\/www.lesjardinsdesaintehildegarde.com\/es\/#website","url":"https:\/\/www.lesjardinsdesaintehildegarde.com\/es\/","name":"Les Jardins de Sainte-Hildegarde","description":"Viriditas","publisher":{"@id":"https:\/\/www.lesjardinsdesaintehildegarde.com\/es\/#organization"},"potentialAction":[{"@type":"SearchAction","target":{"@type":"EntryPoint","urlTemplate":"https:\/\/www.lesjardinsdesaintehildegarde.com\/es\/?s={search_term_string}"},"query-input":{"@type":"PropertyValueSpecification","valueRequired":true,"valueName":"search_term_string"}}],"inLanguage":"es"},{"@type":"Organization","@id":"https:\/\/www.lesjardinsdesaintehildegarde.com\/es\/#organization","name":"Les Jardins de Sainte-Hildegarde","url":"https:\/\/www.lesjardinsdesaintehildegarde.com\/es\/","logo":{"@type":"ImageObject","inLanguage":"es","@id":"https:\/\/www.lesjardinsdesaintehildegarde.com\/es\/#\/schema\/logo\/image\/","url":"https:\/\/www.lesjardinsdesaintehildegarde.com\/wp-content\/uploads\/2022\/11\/logo-2022.png","contentUrl":"https:\/\/www.lesjardinsdesaintehildegarde.com\/wp-content\/uploads\/2022\/11\/logo-2022.png","width":365,"height":90,"caption":"Les Jardins de Sainte-Hildegarde"},"image":{"@id":"https:\/\/www.lesjardinsdesaintehildegarde.com\/es\/#\/schema\/logo\/image\/"}}]}},"_links":{"self":[{"href":"https:\/\/www.lesjardinsdesaintehildegarde.com\/es\/wp-json\/wp\/v2\/product\/1074","targetHints":{"allow":["GET"]}}],"collection":[{"href":"https:\/\/www.lesjardinsdesaintehildegarde.com\/es\/wp-json\/wp\/v2\/product"}],"about":[{"href":"https:\/\/www.lesjardinsdesaintehildegarde.com\/es\/wp-json\/wp\/v2\/types\/product"}],"replies":[{"embeddable":true,"href":"https:\/\/www.lesjardinsdesaintehildegarde.com\/es\/wp-json\/wp\/v2\/comments?post=1074"}],"wp:featuredmedia":[{"embeddable":true,"href":"https:\/\/www.lesjardinsdesaintehildegarde.com\/es\/wp-json\/wp\/v2\/media\/70889"}],"wp:attachment":[{"href":"https:\/\/www.lesjardinsdesaintehildegarde.com\/es\/wp-json\/wp\/v2\/media?parent=1074"}],"wp:term":[{"taxonomy":"product_brand","embeddable":true,"href":"https:\/\/www.lesjardinsdesaintehildegarde.com\/es\/wp-json\/wp\/v2\/product_brand?post=1074"},{"taxonomy":"product_cat","embeddable":true,"href":"https:\/\/www.lesjardinsdesaintehildegarde.com\/es\/wp-json\/wp\/v2\/product_cat?post=1074"},{"taxonomy":"product_tag","embeddable":true,"href":"https:\/\/www.lesjardinsdesaintehildegarde.com\/es\/wp-json\/wp\/v2\/product_tag?post=1074"}],"curies":[{"name":"wp","href":"https:\/\/api.w.org\/{rel}","templated":true}]}}