{"id":1076,"date":"2022-11-04T09:07:33","date_gmt":"2022-11-04T08:07:33","guid":{"rendered":"https:\/\/www.lesjardinsdesaintehildegarde.com\/non%20class\u00e9\/lait-virginal-rosee-de-lys-125-ml\/"},"modified":"2026-04-04T23:01:04","modified_gmt":"2026-04-04T21:01:04","slug":"lait-virginal-rosee-de-lys-125-ml","status":"publish","type":"product","link":"https:\/\/www.lesjardinsdesaintehildegarde.com\/es\/cosmeticos\/cosmeticos-naturales-viriditas\/savias-esenciales-y-lociones\/lait-virginal-rosee-de-lys-125-ml\/","title":{"rendered":"LAIT VIRGINAL ROSEE DE LYS 125 ML"},"content":{"rendered":"<p>LAIT VIRGINAL VIRIDITAS 125ML (17,52\u20ac \/ 100ml)<\/p>\n<p>Ingr\u00e9dients 100% naturels<\/p>\n<p>Id\u00e9al pour :<\/p>\n<p>&#8211; Tous types de peau<\/p>\n<p>Lait Virginal Ros\u00e9e de Lys Viriditas<\/p>\n<p>L&#8217;application de la lotion Ros\u00e9e de Lys Viriditas nettoie, rafra\u00eechit, nourrit et adoucit la peau de fa\u00e7on pratique et imm\u00e9diate. Ses actifs hydratent et apaisent l&#8217;\u00e9piderme.<\/p>\n<p>La lotion Ros\u00e9e de Lys est une source naturelle de bien \u00eatre aux effets d\u00e9congestionnants pour les peaux de tous types et de tous \u00e2ges.<\/p>\n<p>Pr\u00e9cieuse et unique, elle est un concentr\u00e9 d&#8217;extraits de plantes et de fleurs, exempt de tout produit chimique.<\/p>\n<p>Entrent dans sa composition des plantes essentielles recommand\u00e9es par sainte Hildegarde pour le bien \u00eatre, qui passe tant par la peau que par l&#8217;odorat !<\/p>\n<p>L&#8217;odeur du Lys, nous dit sainte Hildegarde, r\u00e9jouit le coeur de l&#8217;homme et suscite en lui de juste pens\u00e9es. Il est tout \u00e0 fait indiqu\u00e9 pour la beaut\u00e9 de la peau.<\/p>\n<p>Le Tilleul poss\u00e8de une grande chaleur, celle-ci se trouve dans ses racines avant de monter dans ses branches et dans ses feuilles. Elle recommande de placer des feuilles de tilleul fra\u00eeches sur le visage et les yeux, il peut aussi \u00eatre utilis\u00e9 en bain pour d&#8217;autres bienfaits. Les extraits de tilleul contenus dans cette lotion permettent de b\u00e9n\u00e9ficier de tous ses bienfaits.<\/p>\n<p>La lotion Ros\u00e9e de lys contient aussi du calendula, plein de \u00ab verdeur \u00bb il est tr\u00e8s utile pour le soin du corps, de la rose qui ajout\u00e9e aux onguents et produits de beaut\u00e9 renforce leur efficacit\u00e9 gr\u00e2ce \u00e0 ses remarquables qualit\u00e9, son odeur r\u00e9jouit le c\u0153ur et l&#8217;\u00e2me.<\/p>\n<p>Principaux ingr\u00e9dients actifs <\/p>\n<p>-Le Benjoin : vertus soignantes et cicatrisantes. Apaise et calme les peaux irrit\u00e9es.<\/p>\n<p>-Le Calendula : apporte des min\u00e9raux, des flavono\u00efdes, des carot\u00e9no\u00efdes, du lycop\u00e8ne et des mucilages. Ces \u00e9l\u00e9ments sont de pr\u00e9cieux anti-oxydants qui reconstituent et calment la peau expos\u00e9e au soleil. <\/p>\n<p>&#8211; La Bruy\u00e8re : parmi ses principes actifs on trouve des vitamines, des tanins, de l&#8217;acide silicique et des flavono\u00efdes. Ces \u00e9l\u00e9ments prot\u00e8gent les vaisseaux capillaires.<\/p>\n<p>&#8211; La Rose : contient de l&#8217;huile essentielle, des flavono\u00efdes, de la vitamine C et des oligo- \u00e9l\u00e9ments. Ces substances aident \u00e0 retrouver de l&#8217;\u00e9lasticit\u00e9 et la jeunesse des zones les plus d\u00e9licates comme le contour des yeux, le d\u00e9collet\u00e9 et les seins. Les pr\u00e9cieux anti-oxydants de cette fleur prot\u00e8gent la peau des radicaux libres. Sainte Hildegarde nous dit que son odeur r\u00e9jouit le c\u0153ur et qu&#8217;elle est tr\u00e8s utile dans les onguents et pr\u00e9parations diverses.<\/p>\n<p>&#8211; Le Sureau : Apporte de l&#8217;huile essentielle, des acides gras, des flavono\u00efdes et des mucilages qui prot\u00e8gent et adoucissent l&#8217;\u00e9piderme. Ces composants sont b\u00e9n\u00e9fiques pour les peaux sujettes aux taches de vieillesse.<\/p>\n<p>&#8211; Le Tilleul : les fleurs de cet arbre contiennent une essence caract\u00e9ristique, des flavono\u00efdes et du farn\u00e9sol aux effets d\u00e9congestifs. Il est tr\u00e8s conseill\u00e9 par sainte Hildegarde en application sur le visage et les yeux.<\/p>\n<p>Du fait de leur composition naturelle, pour l&#8217;usage des produits de la ligne Viriditas :<\/p>\n<p>Il est possible d&#8217;observer de l\u00e9g\u00e8res variations d&#8217;aspect, de textures et d&#8217;ar\u00f4mes d&#8217;un lot \u00e0 un autre, les qualit\u00e9s des produits n&#8217;en sont pas affect\u00e9es, cela vient simplement du fait qu&#8217;aucun produit chimique n&#8217;est utilis\u00e9 pour les amalgamer.<\/p>\n<p>Ces variations sont propres aux variations naturelles des v\u00e9g\u00e9taux.<\/p>\n<p>Compos\u00e9s Phyto- aromatiques <\/p>\n<p>La Ros\u00e9e de Lys Viriditas d\u00e9gage les douces odeurs florales du lys et de la rose, fragrance vanill\u00e9e aux notes de camomille. <\/p>\n<p>Ce bouquet a des effets \u00e9quilibrants, il apporte de la fra\u00eecheur et transmet \u00e0 travers la peau et l&#8217;odorat une profonde sensation de calme et de s\u00e9r\u00e9nit\u00e9.<\/p>\n<p>Ingr\u00e9dients :<\/p>\n<p>Ingredients: Aqua \u00b7 Styrax benzoin resin extract\u00b0 \u00b7 Myroxylon toluiferum resin extract \u00b7 Parfum (huiles essentielles)*\u00b7 Calendula officinalis flower extract* \u00b7 Erica multiflora* \u00b7 Rosa centifolia flower extract* \u00b7 Sambucus nigra flower extract* \u00b7 Tilia officinalis* \u00b7 Linalool^ \u00b7 Limonene^<\/p>\n<p>*issu de l&#8217;agriculture biologique <\/p>\n<p>\u00b0issu de cueillette sauvage<\/p>\n<p>^issu d&#8217;huiles essentielles naturelles<\/p>\n<p>(En fran\u00e7ais : Eau, styrax bezoin (benjoin), myroxylon toluiferum extrait de r\u00e9sine (arbre tropical), parfum (huiles essentielles), extraits de fleurs de calendula officinal, bruy\u00e8re \u00e0 nombreuses fleurs, extrait de fleurs de rose \u00ab cent-feuilles \u00bb, sureau noir, tilleul officinal, linalool^, limonene^).<\/p>\n<p>Mode d&#8217;emploi : Toujours agiter avant emploi pour homog\u00e9n\u00e9iser le produit.<\/p>\n<p>&#8211; Il peut \u00eatre pulv\u00e9ris\u00e9 directement sur la peau ou bien utilis\u00e9 sur un coton doux, dans ce cas faire de d\u00e9licats massages sans frotter la peau.<\/p>\n<p>&#8211; Pour une efficacit\u00e9 optimale nous vous conseillons de rafra\u00eechir la Ros\u00e9e de Lys (la placer au r\u00e9frig\u00e9rateur ou dans une glaci\u00e8re) avant son application dans les cas suivants : t\u00e2ches photosensibles, couperose, vaisseaux capillaires fragiles, cernes.<\/p>\n","protected":false},"excerpt":{"rendered":"<p>LAIT VIRGINAL VIRIDITAS 125ML (17,52\u20ac \/ 100ml) Ingr\u00e9dients 100% naturels Id\u00e9al pour : &#8211; Tous types de peau Lait Virginal Ros\u00e9e de Lys Viriditas L&#8217;application de la lotion Ros\u00e9e de Lys Viriditas nettoie, rafra\u00eechit, nourrit et adoucit la peau de fa\u00e7on pratique et imm\u00e9diate. Ses actifs hydratent et apaisent l&#8217;\u00e9piderme. La lotion Ros\u00e9e de Lys [&hellip;]<\/p>\n","protected":false},"featured_media":70841,"comment_status":"open","ping_status":"closed","template":"","meta":{"_acf_changed":false,"_relevanssi_hide_post":"","_relevanssi_hide_content":"","_relevanssi_pin_for_all":"","_relevanssi_pin_keywords":"","_relevanssi_unpin_keywords":"","_relevanssi_related_keywords":"","_relevanssi_related_include_ids":"","_relevanssi_related_exclude_ids":"","_relevanssi_related_no_append":"","_relevanssi_related_not_related":"","_relevanssi_related_posts":"","_relevanssi_noindex_reason":""},"product_brand":[],"product_cat":[27,96,99],"product_tag":[],"class_list":{"0":"post-1076","1":"product","2":"type-product","3":"status-publish","4":"has-post-thumbnail","6":"product_cat-cosmetiques","7":"product_cat-cosmetiques-viriditas-naturels","8":"product_cat-lotions-et-seves-essentielles","10":"first","11":"instock","12":"taxable","13":"shipping-taxable","14":"purchasable","15":"product-type-simple"},"acf":[],"yoast_head":"<!-- This site is optimized with the Yoast SEO plugin v27.2 - https:\/\/yoast.com\/product\/yoast-seo-wordpress\/ -->\n<title>LAIT VIRGINAL ROSEE DE LYS 125 ML - Les Jardins de Sainte-Hildegarde<\/title>\n<meta name=\"robots\" content=\"index, follow, max-snippet:-1, max-image-preview:large, max-video-preview:-1\" \/>\n<link rel=\"canonical\" href=\"https:\/\/www.lesjardinsdesaintehildegarde.com\/es\/cosmeticos\/cosmeticos-naturales-viriditas\/savias-esenciales-y-lociones\/lait-virginal-rosee-de-lys-125-ml\/\" \/>\n<meta property=\"og:locale\" content=\"es_ES\" \/>\n<meta property=\"og:type\" content=\"article\" \/>\n<meta property=\"og:title\" content=\"LAIT VIRGINAL ROSEE DE LYS 125 ML - Les Jardins de Sainte-Hildegarde\" \/>\n<meta property=\"og:description\" content=\"LAIT VIRGINAL VIRIDITAS 125ML (17,52\u20ac \/ 100ml) Ingr\u00e9dients 100% naturels Id\u00e9al pour : &#8211; Tous types de peau Lait Virginal Ros\u00e9e de Lys Viriditas L&#8217;application de la lotion Ros\u00e9e de Lys Viriditas nettoie, rafra\u00eechit, nourrit et adoucit la peau de fa\u00e7on pratique et imm\u00e9diate. Ses actifs hydratent et apaisent l&#8217;\u00e9piderme. La lotion Ros\u00e9e de Lys [&hellip;]\" \/>\n<meta property=\"og:url\" content=\"https:\/\/www.lesjardinsdesaintehildegarde.com\/es\/cosmeticos\/cosmeticos-naturales-viriditas\/savias-esenciales-y-lociones\/lait-virginal-rosee-de-lys-125-ml\/\" \/>\n<meta property=\"og:site_name\" content=\"Les Jardins de Sainte-Hildegarde\" \/>\n<meta property=\"article:modified_time\" content=\"2026-04-04T21:01:04+00:00\" \/>\n<meta property=\"og:image\" content=\"https:\/\/www.lesjardinsdesaintehildegarde.com\/wp-content\/uploads\/2023\/08\/507-lait-virginal.jpg\" \/>\n\t<meta property=\"og:image:width\" content=\"1200\" \/>\n\t<meta property=\"og:image:height\" content=\"1200\" \/>\n\t<meta property=\"og:image:type\" content=\"image\/jpeg\" \/>\n<meta name=\"twitter:card\" content=\"summary_large_image\" \/>\n<meta name=\"twitter:label1\" content=\"Tiempo de lectura\" \/>\n\t<meta name=\"twitter:data1\" content=\"4 minutos\" \/>\n<script type=\"application\/ld+json\" class=\"yoast-schema-graph\">{\"@context\":\"https:\/\/schema.org\",\"@graph\":[{\"@type\":\"WebPage\",\"@id\":\"https:\/\/www.lesjardinsdesaintehildegarde.com\/es\/cosmeticos\/cosmeticos-naturales-viriditas\/savias-esenciales-y-lociones\/lait-virginal-rosee-de-lys-125-ml\/\",\"url\":\"https:\/\/www.lesjardinsdesaintehildegarde.com\/es\/cosmeticos\/cosmeticos-naturales-viriditas\/savias-esenciales-y-lociones\/lait-virginal-rosee-de-lys-125-ml\/\",\"name\":\"LAIT VIRGINAL ROSEE DE LYS 125 ML - Les Jardins de Sainte-Hildegarde\",\"isPartOf\":{\"@id\":\"https:\/\/www.lesjardinsdesaintehildegarde.com\/es\/#website\"},\"primaryImageOfPage\":{\"@id\":\"https:\/\/www.lesjardinsdesaintehildegarde.com\/es\/cosmeticos\/cosmeticos-naturales-viriditas\/savias-esenciales-y-lociones\/lait-virginal-rosee-de-lys-125-ml\/#primaryimage\"},\"image\":{\"@id\":\"https:\/\/www.lesjardinsdesaintehildegarde.com\/es\/cosmeticos\/cosmeticos-naturales-viriditas\/savias-esenciales-y-lociones\/lait-virginal-rosee-de-lys-125-ml\/#primaryimage\"},\"thumbnailUrl\":\"https:\/\/www.lesjardinsdesaintehildegarde.com\/wp-content\/uploads\/2023\/08\/507-lait-virginal.jpg\",\"datePublished\":\"2022-11-04T08:07:33+00:00\",\"dateModified\":\"2026-04-04T21:01:04+00:00\",\"breadcrumb\":{\"@id\":\"https:\/\/www.lesjardinsdesaintehildegarde.com\/es\/cosmeticos\/cosmeticos-naturales-viriditas\/savias-esenciales-y-lociones\/lait-virginal-rosee-de-lys-125-ml\/#breadcrumb\"},\"inLanguage\":\"es\",\"potentialAction\":[{\"@type\":\"ReadAction\",\"target\":[\"https:\/\/www.lesjardinsdesaintehildegarde.com\/es\/cosmeticos\/cosmeticos-naturales-viriditas\/savias-esenciales-y-lociones\/lait-virginal-rosee-de-lys-125-ml\/\"]}]},{\"@type\":\"ImageObject\",\"inLanguage\":\"es\",\"@id\":\"https:\/\/www.lesjardinsdesaintehildegarde.com\/es\/cosmeticos\/cosmeticos-naturales-viriditas\/savias-esenciales-y-lociones\/lait-virginal-rosee-de-lys-125-ml\/#primaryimage\",\"url\":\"https:\/\/www.lesjardinsdesaintehildegarde.com\/wp-content\/uploads\/2023\/08\/507-lait-virginal.jpg\",\"contentUrl\":\"https:\/\/www.lesjardinsdesaintehildegarde.com\/wp-content\/uploads\/2023\/08\/507-lait-virginal.jpg\",\"width\":1200,\"height\":1200,\"caption\":\"lait virginal, recette ancestrale \u00e0 base de benjoin pour le soin du visage, adoucissante, nettoyante et hydratante - 125ml\"},{\"@type\":\"BreadcrumbList\",\"@id\":\"https:\/\/www.lesjardinsdesaintehildegarde.com\/es\/cosmeticos\/cosmeticos-naturales-viriditas\/savias-esenciales-y-lociones\/lait-virginal-rosee-de-lys-125-ml\/#breadcrumb\",\"itemListElement\":[{\"@type\":\"ListItem\",\"position\":1,\"name\":\"Inicio\",\"item\":\"https:\/\/www.lesjardinsdesaintehildegarde.com\/es\/\"},{\"@type\":\"ListItem\",\"position\":2,\"name\":\"Productos\",\"item\":\"https:\/\/www.lesjardinsdesaintehildegarde.com\/es\/shop\/\"},{\"@type\":\"ListItem\",\"position\":3,\"name\":\"LAIT VIRGINAL ROSEE DE LYS 125 ML\"}]},{\"@type\":\"WebSite\",\"@id\":\"https:\/\/www.lesjardinsdesaintehildegarde.com\/es\/#website\",\"url\":\"https:\/\/www.lesjardinsdesaintehildegarde.com\/es\/\",\"name\":\"Les Jardins de Sainte-Hildegarde\",\"description\":\"Viriditas\",\"publisher\":{\"@id\":\"https:\/\/www.lesjardinsdesaintehildegarde.com\/es\/#organization\"},\"potentialAction\":[{\"@type\":\"SearchAction\",\"target\":{\"@type\":\"EntryPoint\",\"urlTemplate\":\"https:\/\/www.lesjardinsdesaintehildegarde.com\/es\/?s={search_term_string}\"},\"query-input\":{\"@type\":\"PropertyValueSpecification\",\"valueRequired\":true,\"valueName\":\"search_term_string\"}}],\"inLanguage\":\"es\"},{\"@type\":\"Organization\",\"@id\":\"https:\/\/www.lesjardinsdesaintehildegarde.com\/es\/#organization\",\"name\":\"Les Jardins de Sainte-Hildegarde\",\"url\":\"https:\/\/www.lesjardinsdesaintehildegarde.com\/es\/\",\"logo\":{\"@type\":\"ImageObject\",\"inLanguage\":\"es\",\"@id\":\"https:\/\/www.lesjardinsdesaintehildegarde.com\/es\/#\/schema\/logo\/image\/\",\"url\":\"https:\/\/www.lesjardinsdesaintehildegarde.com\/wp-content\/uploads\/2022\/11\/logo-2022.png\",\"contentUrl\":\"https:\/\/www.lesjardinsdesaintehildegarde.com\/wp-content\/uploads\/2022\/11\/logo-2022.png\",\"width\":365,\"height\":90,\"caption\":\"Les Jardins de Sainte-Hildegarde\"},\"image\":{\"@id\":\"https:\/\/www.lesjardinsdesaintehildegarde.com\/es\/#\/schema\/logo\/image\/\"}}]}<\/script>\n<!-- \/ Yoast SEO plugin. -->","yoast_head_json":{"title":"LAIT VIRGINAL ROSEE DE LYS 125 ML - Les Jardins de Sainte-Hildegarde","robots":{"index":"index","follow":"follow","max-snippet":"max-snippet:-1","max-image-preview":"max-image-preview:large","max-video-preview":"max-video-preview:-1"},"canonical":"https:\/\/www.lesjardinsdesaintehildegarde.com\/es\/cosmeticos\/cosmeticos-naturales-viriditas\/savias-esenciales-y-lociones\/lait-virginal-rosee-de-lys-125-ml\/","og_locale":"es_ES","og_type":"article","og_title":"LAIT VIRGINAL ROSEE DE LYS 125 ML - Les Jardins de Sainte-Hildegarde","og_description":"LAIT VIRGINAL VIRIDITAS 125ML (17,52\u20ac \/ 100ml) Ingr\u00e9dients 100% naturels Id\u00e9al pour : &#8211; Tous types de peau Lait Virginal Ros\u00e9e de Lys Viriditas L&#8217;application de la lotion Ros\u00e9e de Lys Viriditas nettoie, rafra\u00eechit, nourrit et adoucit la peau de fa\u00e7on pratique et imm\u00e9diate. Ses actifs hydratent et apaisent l&#8217;\u00e9piderme. La lotion Ros\u00e9e de Lys [&hellip;]","og_url":"https:\/\/www.lesjardinsdesaintehildegarde.com\/es\/cosmeticos\/cosmeticos-naturales-viriditas\/savias-esenciales-y-lociones\/lait-virginal-rosee-de-lys-125-ml\/","og_site_name":"Les Jardins de Sainte-Hildegarde","article_modified_time":"2026-04-04T21:01:04+00:00","og_image":[{"width":1200,"height":1200,"url":"https:\/\/www.lesjardinsdesaintehildegarde.com\/wp-content\/uploads\/2023\/08\/507-lait-virginal.jpg","type":"image\/jpeg"}],"twitter_card":"summary_large_image","twitter_misc":{"Tiempo de lectura":"4 minutos"},"schema":{"@context":"https:\/\/schema.org","@graph":[{"@type":"WebPage","@id":"https:\/\/www.lesjardinsdesaintehildegarde.com\/es\/cosmeticos\/cosmeticos-naturales-viriditas\/savias-esenciales-y-lociones\/lait-virginal-rosee-de-lys-125-ml\/","url":"https:\/\/www.lesjardinsdesaintehildegarde.com\/es\/cosmeticos\/cosmeticos-naturales-viriditas\/savias-esenciales-y-lociones\/lait-virginal-rosee-de-lys-125-ml\/","name":"LAIT VIRGINAL ROSEE DE LYS 125 ML - Les Jardins de Sainte-Hildegarde","isPartOf":{"@id":"https:\/\/www.lesjardinsdesaintehildegarde.com\/es\/#website"},"primaryImageOfPage":{"@id":"https:\/\/www.lesjardinsdesaintehildegarde.com\/es\/cosmeticos\/cosmeticos-naturales-viriditas\/savias-esenciales-y-lociones\/lait-virginal-rosee-de-lys-125-ml\/#primaryimage"},"image":{"@id":"https:\/\/www.lesjardinsdesaintehildegarde.com\/es\/cosmeticos\/cosmeticos-naturales-viriditas\/savias-esenciales-y-lociones\/lait-virginal-rosee-de-lys-125-ml\/#primaryimage"},"thumbnailUrl":"https:\/\/www.lesjardinsdesaintehildegarde.com\/wp-content\/uploads\/2023\/08\/507-lait-virginal.jpg","datePublished":"2022-11-04T08:07:33+00:00","dateModified":"2026-04-04T21:01:04+00:00","breadcrumb":{"@id":"https:\/\/www.lesjardinsdesaintehildegarde.com\/es\/cosmeticos\/cosmeticos-naturales-viriditas\/savias-esenciales-y-lociones\/lait-virginal-rosee-de-lys-125-ml\/#breadcrumb"},"inLanguage":"es","potentialAction":[{"@type":"ReadAction","target":["https:\/\/www.lesjardinsdesaintehildegarde.com\/es\/cosmeticos\/cosmeticos-naturales-viriditas\/savias-esenciales-y-lociones\/lait-virginal-rosee-de-lys-125-ml\/"]}]},{"@type":"ImageObject","inLanguage":"es","@id":"https:\/\/www.lesjardinsdesaintehildegarde.com\/es\/cosmeticos\/cosmeticos-naturales-viriditas\/savias-esenciales-y-lociones\/lait-virginal-rosee-de-lys-125-ml\/#primaryimage","url":"https:\/\/www.lesjardinsdesaintehildegarde.com\/wp-content\/uploads\/2023\/08\/507-lait-virginal.jpg","contentUrl":"https:\/\/www.lesjardinsdesaintehildegarde.com\/wp-content\/uploads\/2023\/08\/507-lait-virginal.jpg","width":1200,"height":1200,"caption":"lait virginal, recette ancestrale \u00e0 base de benjoin pour le soin du visage, adoucissante, nettoyante et hydratante - 125ml"},{"@type":"BreadcrumbList","@id":"https:\/\/www.lesjardinsdesaintehildegarde.com\/es\/cosmeticos\/cosmeticos-naturales-viriditas\/savias-esenciales-y-lociones\/lait-virginal-rosee-de-lys-125-ml\/#breadcrumb","itemListElement":[{"@type":"ListItem","position":1,"name":"Inicio","item":"https:\/\/www.lesjardinsdesaintehildegarde.com\/es\/"},{"@type":"ListItem","position":2,"name":"Productos","item":"https:\/\/www.lesjardinsdesaintehildegarde.com\/es\/shop\/"},{"@type":"ListItem","position":3,"name":"LAIT VIRGINAL ROSEE DE LYS 125 ML"}]},{"@type":"WebSite","@id":"https:\/\/www.lesjardinsdesaintehildegarde.com\/es\/#website","url":"https:\/\/www.lesjardinsdesaintehildegarde.com\/es\/","name":"Les Jardins de Sainte-Hildegarde","description":"Viriditas","publisher":{"@id":"https:\/\/www.lesjardinsdesaintehildegarde.com\/es\/#organization"},"potentialAction":[{"@type":"SearchAction","target":{"@type":"EntryPoint","urlTemplate":"https:\/\/www.lesjardinsdesaintehildegarde.com\/es\/?s={search_term_string}"},"query-input":{"@type":"PropertyValueSpecification","valueRequired":true,"valueName":"search_term_string"}}],"inLanguage":"es"},{"@type":"Organization","@id":"https:\/\/www.lesjardinsdesaintehildegarde.com\/es\/#organization","name":"Les Jardins de Sainte-Hildegarde","url":"https:\/\/www.lesjardinsdesaintehildegarde.com\/es\/","logo":{"@type":"ImageObject","inLanguage":"es","@id":"https:\/\/www.lesjardinsdesaintehildegarde.com\/es\/#\/schema\/logo\/image\/","url":"https:\/\/www.lesjardinsdesaintehildegarde.com\/wp-content\/uploads\/2022\/11\/logo-2022.png","contentUrl":"https:\/\/www.lesjardinsdesaintehildegarde.com\/wp-content\/uploads\/2022\/11\/logo-2022.png","width":365,"height":90,"caption":"Les Jardins de Sainte-Hildegarde"},"image":{"@id":"https:\/\/www.lesjardinsdesaintehildegarde.com\/es\/#\/schema\/logo\/image\/"}}]}},"_links":{"self":[{"href":"https:\/\/www.lesjardinsdesaintehildegarde.com\/es\/wp-json\/wp\/v2\/product\/1076","targetHints":{"allow":["GET"]}}],"collection":[{"href":"https:\/\/www.lesjardinsdesaintehildegarde.com\/es\/wp-json\/wp\/v2\/product"}],"about":[{"href":"https:\/\/www.lesjardinsdesaintehildegarde.com\/es\/wp-json\/wp\/v2\/types\/product"}],"replies":[{"embeddable":true,"href":"https:\/\/www.lesjardinsdesaintehildegarde.com\/es\/wp-json\/wp\/v2\/comments?post=1076"}],"wp:featuredmedia":[{"embeddable":true,"href":"https:\/\/www.lesjardinsdesaintehildegarde.com\/es\/wp-json\/wp\/v2\/media\/70841"}],"wp:attachment":[{"href":"https:\/\/www.lesjardinsdesaintehildegarde.com\/es\/wp-json\/wp\/v2\/media?parent=1076"}],"wp:term":[{"taxonomy":"product_brand","embeddable":true,"href":"https:\/\/www.lesjardinsdesaintehildegarde.com\/es\/wp-json\/wp\/v2\/product_brand?post=1076"},{"taxonomy":"product_cat","embeddable":true,"href":"https:\/\/www.lesjardinsdesaintehildegarde.com\/es\/wp-json\/wp\/v2\/product_cat?post=1076"},{"taxonomy":"product_tag","embeddable":true,"href":"https:\/\/www.lesjardinsdesaintehildegarde.com\/es\/wp-json\/wp\/v2\/product_tag?post=1076"}],"curies":[{"name":"wp","href":"https:\/\/api.w.org\/{rel}","templated":true}]}}