{"id":1077,"date":"2022-11-04T09:07:33","date_gmt":"2022-11-04T08:07:33","guid":{"rendered":"https:\/\/www.lesjardinsdesaintehildegarde.com\/non%20class\u00e9\/gommage-vegetal-facial-et-corporel-iris\/"},"modified":"2026-04-14T23:01:07","modified_gmt":"2026-04-14T21:01:07","slug":"gommage-vegetal-facial-et-corporel-iris","status":"publish","type":"product","link":"https:\/\/www.lesjardinsdesaintehildegarde.com\/es\/cosmeticos\/cosmeticos-naturales-viriditas\/exfoliante\/gommage-vegetal-facial-et-corporel-iris\/","title":{"rendered":"GOMMAGE VEGETAL FACIAL ET CORPOREL IRIS"},"content":{"rendered":"<p>GOMMAGE V\u00c9G\u00c9TAL FACIAL ET CORPOREL VIRIDITAS 50G (51,80\u20ac \/ 100g)<\/p>\n<p>Ingr\u00e9dients 100% naturels<\/p>\n<p>Gommage V\u00e9g\u00e9tal facial et corporel : Renouvelle et adoucit &#8211; tous types de peaux<\/p>\n<p>Cette poudre micronis\u00e9e de racine d&#8217;Iris est un excellent traitement d&#8217;hygi\u00e8ne et de beaut\u00e9 qui adoucit et r\u00e9g\u00e9n\u00e8re la peau. <\/p>\n<p>Cette pr\u00e9paration est utilis\u00e9e pour nettoyer la peau du visage et du corps de fa\u00e7on naturelle et \u00e9cologique. Ce gommage est particuli\u00e8rement indiqu\u00e9 pour les peaux sensibles aux agents tensioactifs des savons.<\/p>\n<p>Sainte Hildegarde dit justement que toute la verdeur de l&#8217;iris se trouve dans sa racine et qu&#8217;elle est tr\u00e8s utile pour le soin du visage, mais aussi pour d&#8217;autres parties du corps pour avoir une peau douce, un teint frais et agr\u00e9able. <\/p>\n<p>Il existe plusieurs recettes \u00e0 base racines d&#8217;iris pour la beaut\u00e9 et le bien \u00eatre.<\/p>\n<p>Principaux ingr\u00e9dients actifs :<\/p>\n<p>&#8211; L&#8217;Iris : Apporte de l&#8217;huile essentielle et des min\u00e9raux irido\u00efdes et flavono\u00efdes. Ces principes actifs purifient et renouvellent la peau.<\/p>\n<p>Compos\u00e9s Phyto- aromatiques :<\/p>\n<p>Le parfum de cette racine d\u00e9gage de douces notes iris\u00e9es avec des nuances de violette. Ce parfum transmet \u00e0 travers la peau et l&#8217;odorat, un sentiment r\u00e9confortant.<\/p>\n<p>Ingr\u00e9dients :<\/p>\n<p>Iris florentina root powder\u00b0<\/p>\n<p>\u00b0 Issu de la cueillette sauvage<\/p>\n<p>(En Fran\u00e7ais : Poudre de Racine d&#8217;Iris)<\/p>\n<p>Mode d&#8217;emploi : <\/p>\n<p>Selon votre type de peau et l&#8217;effet souhait\u00e9, le Gommage V\u00e9g\u00e9tal Facial et Corporel se m\u00e9lange soit avec le Lait Virginal Ros\u00e9e de Lys, soit avec une huile de soin parmi: l&#8217;huile corporelle au germe de bl\u00e9 et \u00e0 l&#8217;orange Viriditas, l&#8217;huile solaire s\u00e9same- vanille Viriditas ou l&#8217;huile douceur massage Viriditas.<\/p>\n<p>Pour le visage on dose \u00e0 raison d&#8217;une cuill\u00e8re \u00e0 caf\u00e9 de gommage et quelques gouttes de liquide jusqu&#8217;\u00e0 obtenir une p\u00e2te molle. <\/p>\n<p>Pour le corps il suffit d&#8217;adapter la quantit\u00e9 de pr\u00e9paration \u00e0 la zone que vous souhaitez traiter.<\/p>\n<p>Appliquer ce m\u00e9lange sur la peau. Masser et humidifier la peau avec de l&#8217;eau tout au long du processus. Retirer \u00e0 l&#8217;eau tout en massant.<\/p>\n","protected":false},"excerpt":{"rendered":"<p>GOMMAGE V\u00c9G\u00c9TAL FACIAL ET CORPOREL VIRIDITAS 50G (51,80\u20ac \/ 100g) Ingr\u00e9dients 100% naturels Gommage V\u00e9g\u00e9tal facial et corporel : Renouvelle et adoucit &#8211; tous types de peaux Cette poudre micronis\u00e9e de racine d&#8217;Iris est un excellent traitement d&#8217;hygi\u00e8ne et de beaut\u00e9 qui adoucit et r\u00e9g\u00e9n\u00e8re la peau. Cette pr\u00e9paration est utilis\u00e9e pour nettoyer la peau [&hellip;]<\/p>\n","protected":false},"featured_media":70838,"comment_status":"open","ping_status":"closed","template":"","meta":{"_acf_changed":false,"_relevanssi_hide_post":"","_relevanssi_hide_content":"","_relevanssi_pin_for_all":"","_relevanssi_pin_keywords":"","_relevanssi_unpin_keywords":"","_relevanssi_related_keywords":"","_relevanssi_related_include_ids":"","_relevanssi_related_exclude_ids":"","_relevanssi_related_no_append":"","_relevanssi_related_not_related":"","_relevanssi_related_posts":"","_relevanssi_noindex_reason":""},"product_brand":[],"product_cat":[27,96,101],"product_tag":[],"class_list":{"0":"post-1077","1":"product","2":"type-product","3":"status-publish","4":"has-post-thumbnail","6":"product_cat-cosmetiques","7":"product_cat-cosmetiques-viriditas-naturels","8":"product_cat-gommage-vegetal","10":"first","11":"instock","12":"taxable","13":"shipping-taxable","14":"purchasable","15":"product-type-simple"},"acf":[],"yoast_head":"<!-- This site is optimized with the Yoast SEO plugin v27.2 - https:\/\/yoast.com\/product\/yoast-seo-wordpress\/ -->\n<title>GOMMAGE VEGETAL FACIAL ET CORPOREL IRIS - Les Jardins de Sainte-Hildegarde<\/title>\n<meta name=\"robots\" content=\"index, follow, max-snippet:-1, max-image-preview:large, max-video-preview:-1\" \/>\n<link rel=\"canonical\" href=\"https:\/\/www.lesjardinsdesaintehildegarde.com\/es\/cosmeticos\/cosmeticos-naturales-viriditas\/exfoliante\/gommage-vegetal-facial-et-corporel-iris\/\" \/>\n<meta property=\"og:locale\" content=\"es_ES\" \/>\n<meta property=\"og:type\" content=\"article\" \/>\n<meta property=\"og:title\" content=\"GOMMAGE VEGETAL FACIAL ET CORPOREL IRIS - Les Jardins de Sainte-Hildegarde\" \/>\n<meta property=\"og:description\" content=\"GOMMAGE V\u00c9G\u00c9TAL FACIAL ET CORPOREL VIRIDITAS 50G (51,80\u20ac \/ 100g) Ingr\u00e9dients 100% naturels Gommage V\u00e9g\u00e9tal facial et corporel : Renouvelle et adoucit &#8211; tous types de peaux Cette poudre micronis\u00e9e de racine d&#8217;Iris est un excellent traitement d&#8217;hygi\u00e8ne et de beaut\u00e9 qui adoucit et r\u00e9g\u00e9n\u00e8re la peau. Cette pr\u00e9paration est utilis\u00e9e pour nettoyer la peau [&hellip;]\" \/>\n<meta property=\"og:url\" content=\"https:\/\/www.lesjardinsdesaintehildegarde.com\/es\/cosmeticos\/cosmeticos-naturales-viriditas\/exfoliante\/gommage-vegetal-facial-et-corporel-iris\/\" \/>\n<meta property=\"og:site_name\" content=\"Les Jardins de Sainte-Hildegarde\" \/>\n<meta property=\"article:modified_time\" content=\"2026-04-14T21:01:07+00:00\" \/>\n<meta property=\"og:image\" content=\"https:\/\/www.lesjardinsdesaintehildegarde.com\/wp-content\/uploads\/2023\/08\/508-gommage-vegetal-facial-50g.jpg\" \/>\n\t<meta property=\"og:image:width\" content=\"1200\" \/>\n\t<meta property=\"og:image:height\" content=\"1200\" \/>\n\t<meta property=\"og:image:type\" content=\"image\/jpeg\" \/>\n<meta name=\"twitter:card\" content=\"summary_large_image\" \/>\n<meta name=\"twitter:label1\" content=\"Tiempo de lectura\" \/>\n\t<meta name=\"twitter:data1\" content=\"2 minutos\" \/>\n<script type=\"application\/ld+json\" class=\"yoast-schema-graph\">{\"@context\":\"https:\/\/schema.org\",\"@graph\":[{\"@type\":\"WebPage\",\"@id\":\"https:\/\/www.lesjardinsdesaintehildegarde.com\/es\/cosmeticos\/cosmeticos-naturales-viriditas\/exfoliante\/gommage-vegetal-facial-et-corporel-iris\/\",\"url\":\"https:\/\/www.lesjardinsdesaintehildegarde.com\/es\/cosmeticos\/cosmeticos-naturales-viriditas\/exfoliante\/gommage-vegetal-facial-et-corporel-iris\/\",\"name\":\"GOMMAGE VEGETAL FACIAL ET CORPOREL IRIS - Les Jardins de Sainte-Hildegarde\",\"isPartOf\":{\"@id\":\"https:\/\/www.lesjardinsdesaintehildegarde.com\/es\/#website\"},\"primaryImageOfPage\":{\"@id\":\"https:\/\/www.lesjardinsdesaintehildegarde.com\/es\/cosmeticos\/cosmeticos-naturales-viriditas\/exfoliante\/gommage-vegetal-facial-et-corporel-iris\/#primaryimage\"},\"image\":{\"@id\":\"https:\/\/www.lesjardinsdesaintehildegarde.com\/es\/cosmeticos\/cosmeticos-naturales-viriditas\/exfoliante\/gommage-vegetal-facial-et-corporel-iris\/#primaryimage\"},\"thumbnailUrl\":\"https:\/\/www.lesjardinsdesaintehildegarde.com\/wp-content\/uploads\/2023\/08\/508-gommage-vegetal-facial-50g.jpg\",\"datePublished\":\"2022-11-04T08:07:33+00:00\",\"dateModified\":\"2026-04-14T21:01:07+00:00\",\"breadcrumb\":{\"@id\":\"https:\/\/www.lesjardinsdesaintehildegarde.com\/es\/cosmeticos\/cosmeticos-naturales-viriditas\/exfoliante\/gommage-vegetal-facial-et-corporel-iris\/#breadcrumb\"},\"inLanguage\":\"es\",\"potentialAction\":[{\"@type\":\"ReadAction\",\"target\":[\"https:\/\/www.lesjardinsdesaintehildegarde.com\/es\/cosmeticos\/cosmeticos-naturales-viriditas\/exfoliante\/gommage-vegetal-facial-et-corporel-iris\/\"]}]},{\"@type\":\"ImageObject\",\"inLanguage\":\"es\",\"@id\":\"https:\/\/www.lesjardinsdesaintehildegarde.com\/es\/cosmeticos\/cosmeticos-naturales-viriditas\/exfoliante\/gommage-vegetal-facial-et-corporel-iris\/#primaryimage\",\"url\":\"https:\/\/www.lesjardinsdesaintehildegarde.com\/wp-content\/uploads\/2023\/08\/508-gommage-vegetal-facial-50g.jpg\",\"contentUrl\":\"https:\/\/www.lesjardinsdesaintehildegarde.com\/wp-content\/uploads\/2023\/08\/508-gommage-vegetal-facial-50g.jpg\",\"width\":1200,\"height\":1200,\"caption\":\"gommage v\u00e9g\u00e9tal facial pour nettoyer la peau en douceur, l'adoucir et la rendre lumineuse - ingr\u00e9dients 100% naturels -50g\"},{\"@type\":\"BreadcrumbList\",\"@id\":\"https:\/\/www.lesjardinsdesaintehildegarde.com\/es\/cosmeticos\/cosmeticos-naturales-viriditas\/exfoliante\/gommage-vegetal-facial-et-corporel-iris\/#breadcrumb\",\"itemListElement\":[{\"@type\":\"ListItem\",\"position\":1,\"name\":\"Inicio\",\"item\":\"https:\/\/www.lesjardinsdesaintehildegarde.com\/es\/\"},{\"@type\":\"ListItem\",\"position\":2,\"name\":\"Productos\",\"item\":\"https:\/\/www.lesjardinsdesaintehildegarde.com\/es\/shop\/\"},{\"@type\":\"ListItem\",\"position\":3,\"name\":\"GOMMAGE VEGETAL FACIAL ET CORPOREL IRIS\"}]},{\"@type\":\"WebSite\",\"@id\":\"https:\/\/www.lesjardinsdesaintehildegarde.com\/es\/#website\",\"url\":\"https:\/\/www.lesjardinsdesaintehildegarde.com\/es\/\",\"name\":\"Les Jardins de Sainte-Hildegarde\",\"description\":\"Viriditas\",\"publisher\":{\"@id\":\"https:\/\/www.lesjardinsdesaintehildegarde.com\/es\/#organization\"},\"potentialAction\":[{\"@type\":\"SearchAction\",\"target\":{\"@type\":\"EntryPoint\",\"urlTemplate\":\"https:\/\/www.lesjardinsdesaintehildegarde.com\/es\/?s={search_term_string}\"},\"query-input\":{\"@type\":\"PropertyValueSpecification\",\"valueRequired\":true,\"valueName\":\"search_term_string\"}}],\"inLanguage\":\"es\"},{\"@type\":\"Organization\",\"@id\":\"https:\/\/www.lesjardinsdesaintehildegarde.com\/es\/#organization\",\"name\":\"Les Jardins de Sainte-Hildegarde\",\"url\":\"https:\/\/www.lesjardinsdesaintehildegarde.com\/es\/\",\"logo\":{\"@type\":\"ImageObject\",\"inLanguage\":\"es\",\"@id\":\"https:\/\/www.lesjardinsdesaintehildegarde.com\/es\/#\/schema\/logo\/image\/\",\"url\":\"https:\/\/www.lesjardinsdesaintehildegarde.com\/wp-content\/uploads\/2022\/11\/logo-2022.png\",\"contentUrl\":\"https:\/\/www.lesjardinsdesaintehildegarde.com\/wp-content\/uploads\/2022\/11\/logo-2022.png\",\"width\":365,\"height\":90,\"caption\":\"Les Jardins de Sainte-Hildegarde\"},\"image\":{\"@id\":\"https:\/\/www.lesjardinsdesaintehildegarde.com\/es\/#\/schema\/logo\/image\/\"}}]}<\/script>\n<!-- \/ Yoast SEO plugin. -->","yoast_head_json":{"title":"GOMMAGE VEGETAL FACIAL ET CORPOREL IRIS - Les Jardins de Sainte-Hildegarde","robots":{"index":"index","follow":"follow","max-snippet":"max-snippet:-1","max-image-preview":"max-image-preview:large","max-video-preview":"max-video-preview:-1"},"canonical":"https:\/\/www.lesjardinsdesaintehildegarde.com\/es\/cosmeticos\/cosmeticos-naturales-viriditas\/exfoliante\/gommage-vegetal-facial-et-corporel-iris\/","og_locale":"es_ES","og_type":"article","og_title":"GOMMAGE VEGETAL FACIAL ET CORPOREL IRIS - Les Jardins de Sainte-Hildegarde","og_description":"GOMMAGE V\u00c9G\u00c9TAL FACIAL ET CORPOREL VIRIDITAS 50G (51,80\u20ac \/ 100g) Ingr\u00e9dients 100% naturels Gommage V\u00e9g\u00e9tal facial et corporel : Renouvelle et adoucit &#8211; tous types de peaux Cette poudre micronis\u00e9e de racine d&#8217;Iris est un excellent traitement d&#8217;hygi\u00e8ne et de beaut\u00e9 qui adoucit et r\u00e9g\u00e9n\u00e8re la peau. Cette pr\u00e9paration est utilis\u00e9e pour nettoyer la peau [&hellip;]","og_url":"https:\/\/www.lesjardinsdesaintehildegarde.com\/es\/cosmeticos\/cosmeticos-naturales-viriditas\/exfoliante\/gommage-vegetal-facial-et-corporel-iris\/","og_site_name":"Les Jardins de Sainte-Hildegarde","article_modified_time":"2026-04-14T21:01:07+00:00","og_image":[{"width":1200,"height":1200,"url":"https:\/\/www.lesjardinsdesaintehildegarde.com\/wp-content\/uploads\/2023\/08\/508-gommage-vegetal-facial-50g.jpg","type":"image\/jpeg"}],"twitter_card":"summary_large_image","twitter_misc":{"Tiempo de lectura":"2 minutos"},"schema":{"@context":"https:\/\/schema.org","@graph":[{"@type":"WebPage","@id":"https:\/\/www.lesjardinsdesaintehildegarde.com\/es\/cosmeticos\/cosmeticos-naturales-viriditas\/exfoliante\/gommage-vegetal-facial-et-corporel-iris\/","url":"https:\/\/www.lesjardinsdesaintehildegarde.com\/es\/cosmeticos\/cosmeticos-naturales-viriditas\/exfoliante\/gommage-vegetal-facial-et-corporel-iris\/","name":"GOMMAGE VEGETAL FACIAL ET CORPOREL IRIS - Les Jardins de Sainte-Hildegarde","isPartOf":{"@id":"https:\/\/www.lesjardinsdesaintehildegarde.com\/es\/#website"},"primaryImageOfPage":{"@id":"https:\/\/www.lesjardinsdesaintehildegarde.com\/es\/cosmeticos\/cosmeticos-naturales-viriditas\/exfoliante\/gommage-vegetal-facial-et-corporel-iris\/#primaryimage"},"image":{"@id":"https:\/\/www.lesjardinsdesaintehildegarde.com\/es\/cosmeticos\/cosmeticos-naturales-viriditas\/exfoliante\/gommage-vegetal-facial-et-corporel-iris\/#primaryimage"},"thumbnailUrl":"https:\/\/www.lesjardinsdesaintehildegarde.com\/wp-content\/uploads\/2023\/08\/508-gommage-vegetal-facial-50g.jpg","datePublished":"2022-11-04T08:07:33+00:00","dateModified":"2026-04-14T21:01:07+00:00","breadcrumb":{"@id":"https:\/\/www.lesjardinsdesaintehildegarde.com\/es\/cosmeticos\/cosmeticos-naturales-viriditas\/exfoliante\/gommage-vegetal-facial-et-corporel-iris\/#breadcrumb"},"inLanguage":"es","potentialAction":[{"@type":"ReadAction","target":["https:\/\/www.lesjardinsdesaintehildegarde.com\/es\/cosmeticos\/cosmeticos-naturales-viriditas\/exfoliante\/gommage-vegetal-facial-et-corporel-iris\/"]}]},{"@type":"ImageObject","inLanguage":"es","@id":"https:\/\/www.lesjardinsdesaintehildegarde.com\/es\/cosmeticos\/cosmeticos-naturales-viriditas\/exfoliante\/gommage-vegetal-facial-et-corporel-iris\/#primaryimage","url":"https:\/\/www.lesjardinsdesaintehildegarde.com\/wp-content\/uploads\/2023\/08\/508-gommage-vegetal-facial-50g.jpg","contentUrl":"https:\/\/www.lesjardinsdesaintehildegarde.com\/wp-content\/uploads\/2023\/08\/508-gommage-vegetal-facial-50g.jpg","width":1200,"height":1200,"caption":"gommage v\u00e9g\u00e9tal facial pour nettoyer la peau en douceur, l'adoucir et la rendre lumineuse - ingr\u00e9dients 100% naturels -50g"},{"@type":"BreadcrumbList","@id":"https:\/\/www.lesjardinsdesaintehildegarde.com\/es\/cosmeticos\/cosmeticos-naturales-viriditas\/exfoliante\/gommage-vegetal-facial-et-corporel-iris\/#breadcrumb","itemListElement":[{"@type":"ListItem","position":1,"name":"Inicio","item":"https:\/\/www.lesjardinsdesaintehildegarde.com\/es\/"},{"@type":"ListItem","position":2,"name":"Productos","item":"https:\/\/www.lesjardinsdesaintehildegarde.com\/es\/shop\/"},{"@type":"ListItem","position":3,"name":"GOMMAGE VEGETAL FACIAL ET CORPOREL IRIS"}]},{"@type":"WebSite","@id":"https:\/\/www.lesjardinsdesaintehildegarde.com\/es\/#website","url":"https:\/\/www.lesjardinsdesaintehildegarde.com\/es\/","name":"Les Jardins de Sainte-Hildegarde","description":"Viriditas","publisher":{"@id":"https:\/\/www.lesjardinsdesaintehildegarde.com\/es\/#organization"},"potentialAction":[{"@type":"SearchAction","target":{"@type":"EntryPoint","urlTemplate":"https:\/\/www.lesjardinsdesaintehildegarde.com\/es\/?s={search_term_string}"},"query-input":{"@type":"PropertyValueSpecification","valueRequired":true,"valueName":"search_term_string"}}],"inLanguage":"es"},{"@type":"Organization","@id":"https:\/\/www.lesjardinsdesaintehildegarde.com\/es\/#organization","name":"Les Jardins de Sainte-Hildegarde","url":"https:\/\/www.lesjardinsdesaintehildegarde.com\/es\/","logo":{"@type":"ImageObject","inLanguage":"es","@id":"https:\/\/www.lesjardinsdesaintehildegarde.com\/es\/#\/schema\/logo\/image\/","url":"https:\/\/www.lesjardinsdesaintehildegarde.com\/wp-content\/uploads\/2022\/11\/logo-2022.png","contentUrl":"https:\/\/www.lesjardinsdesaintehildegarde.com\/wp-content\/uploads\/2022\/11\/logo-2022.png","width":365,"height":90,"caption":"Les Jardins de Sainte-Hildegarde"},"image":{"@id":"https:\/\/www.lesjardinsdesaintehildegarde.com\/es\/#\/schema\/logo\/image\/"}}]}},"_links":{"self":[{"href":"https:\/\/www.lesjardinsdesaintehildegarde.com\/es\/wp-json\/wp\/v2\/product\/1077","targetHints":{"allow":["GET"]}}],"collection":[{"href":"https:\/\/www.lesjardinsdesaintehildegarde.com\/es\/wp-json\/wp\/v2\/product"}],"about":[{"href":"https:\/\/www.lesjardinsdesaintehildegarde.com\/es\/wp-json\/wp\/v2\/types\/product"}],"replies":[{"embeddable":true,"href":"https:\/\/www.lesjardinsdesaintehildegarde.com\/es\/wp-json\/wp\/v2\/comments?post=1077"}],"wp:featuredmedia":[{"embeddable":true,"href":"https:\/\/www.lesjardinsdesaintehildegarde.com\/es\/wp-json\/wp\/v2\/media\/70838"}],"wp:attachment":[{"href":"https:\/\/www.lesjardinsdesaintehildegarde.com\/es\/wp-json\/wp\/v2\/media?parent=1077"}],"wp:term":[{"taxonomy":"product_brand","embeddable":true,"href":"https:\/\/www.lesjardinsdesaintehildegarde.com\/es\/wp-json\/wp\/v2\/product_brand?post=1077"},{"taxonomy":"product_cat","embeddable":true,"href":"https:\/\/www.lesjardinsdesaintehildegarde.com\/es\/wp-json\/wp\/v2\/product_cat?post=1077"},{"taxonomy":"product_tag","embeddable":true,"href":"https:\/\/www.lesjardinsdesaintehildegarde.com\/es\/wp-json\/wp\/v2\/product_tag?post=1077"}],"curies":[{"name":"wp","href":"https:\/\/api.w.org\/{rel}","templated":true}]}}