{"id":1078,"date":"2022-11-04T09:07:34","date_gmt":"2022-11-04T08:07:34","guid":{"rendered":"https:\/\/www.lesjardinsdesaintehildegarde.com\/non%20class\u00e9\/creme-intime-125-ml\/"},"modified":"2026-04-30T23:02:08","modified_gmt":"2026-04-30T21:02:08","slug":"creme-intime-125-ml","status":"publish","type":"product","link":"https:\/\/www.lesjardinsdesaintehildegarde.com\/es\/cosmeticos\/cosmeticos-naturales-viriditas\/cremas-de-belleza-y-cuidados\/creme-intime-125-ml\/","title":{"rendered":"CREME INTIME 125 ML"},"content":{"rendered":"<p>CR\u00c8ME INTIME VIRIDITAS 125ml <\/p>\n<p>Ingr\u00e9dients 100% naturels<\/p>\n<p>\u00c9quilibre la flore intime, hydrate et renforce la barri\u00e8re de la peau<\/p>\n<p>Nourrissante et protectrice elle assure un confort quotidien.<\/p>\n<p>Entrent dans sa composition des plantes essentielles recommand\u00e9es par sainte Hildegarde pour le bien \u00eatre, qui passe tant par la peau que par l&#8217;odorat.<\/p>\n<p>L&#8217;argile tir\u00e9e de la terre d\u00e9tient en lui un grand nombre de force, l&#8217;achill\u00e9e millefeuille chaud et sec \u00e0 la fois poss\u00e8de des vertus subtiles et vari\u00e9es pour les blessures.<\/p>\n<p>On retrouve \u00e9galement dans cette cr\u00e8me les baies de cassissier dont sainte Hildegarde nous dit qu&#8217;elles sont tr\u00e8s utiles en combinaison \u00e0 d&#8217;autres plantes, puis le lys qu&#8217;elle d\u00e9crit comme excellent pour la peau. <\/p>\n<p>Principaux composants actifs :<\/p>\n<p>-Le Romarin est connu pour ses vertus antibact\u00e9riennes, antifongiques et anti-inflammatoires.<\/p>\n<p>-Le Tournesol : Cette huile contient des acides gras ol\u00e9iques et linol\u00e9iques et de la vitamine E qui renforce la couche de protection naturelle de la peau.<\/p>\n<p>&#8211; Le Coco : Fournit de la vitamine E et des acides gras mono-insatur\u00e9s (acide ol\u00e9ique, linol\u00e9ique, myristique et laurique), composants qui prot\u00e8gent la barri\u00e8re de la peau. <\/p>\n<p>-Le Gattilier est connu pour ses propri\u00e9t\u00e9s de r\u00e9gulation hormonale. Il contient des flavono\u00efdes  anti-oxydants et veinotoniques, ils apaisent les inflammations.<\/p>\n<p>&#8211; L&#8217;Achill\u00e9e millefeuille : Contient des Azul\u00e8nes aux vertus apaisantes, anti-inflammatoires, antiseptiques et cicatrisantes, des acides gras ol\u00e9iques et linol\u00e9iques, des coumarines, de la chlorophylle qui contribue \u00e0 la r\u00e9paration et \u00e0 la r\u00e9g\u00e9n\u00e9ration des tissus endommag\u00e9s, des bio flavono\u00efdes : antioxydants qui inhibent les inflammations (vitamine P qui prot\u00e8ge les vaisseaux capillaires fragile et peut r\u00e9parer les dommages cutan\u00e9s) et des r\u00e9sines astringentes et antiseptiques.<\/p>\n<p>&#8211; Le M\u00e9lilot : Contient une huile essentielle sp\u00e9cifique et des flavono\u00efdes qui d\u00e9congestionnent et apaisent l&#8217;\u00e9piderme.<\/p>\n<p>&#8211; Les Baies de cassissier contiennent des flavono\u00efdes, tanins et vitamine C qui permettent de calmer les irritations et tonifier les cellules de l&#8217;\u00e9piderme.<\/p>\n<p>-Le Lys blanc contient des phytost\u00e9rols aux vertus anti-inflammatoires et antioxydantes, il renforce la fonction barri\u00e8re de la peau.<\/p>\n<p>-La salsepareille poss\u00e8de une action anti-inflammatoire et purifiante gr\u00e2ce \u00e0 ses teneurs en beta-sitost\u00e9rol, amidon, r\u00e9sine, acide sarsapique et sels min\u00e9raux. Elle agit \u00e9galement sur les hormones.<\/p>\n<p>Du fait de leur composition naturelle, pour l&#8217;usage des produits de la ligne Viriditas :<\/p>\n<p>Il est possible d&#8217;observer de l\u00e9g\u00e8res variations d&#8217;aspect, de textures et d&#8217;ar\u00f4mes d&#8217;un lot \u00e0 un autre, les qualit\u00e9s des produits n&#8217;en sont pas affect\u00e9es, cela vient simplement du fait qu&#8217;aucun produit chimique n&#8217;est utilis\u00e9 pour les amalgamer.<\/p>\n<p>Ces variations sont propres aux variations naturelles des v\u00e9g\u00e9taux.<\/p>\n<p>Compos\u00e9s Phyto- aromatiques :<\/p>\n<p>La cr\u00e8me intime Viriditas d\u00e9gage la d\u00e9licate odeur de la f\u00e8ve tonka, entre vanilline et foin coup\u00e9, ainsi que les notes plus soutenues du romarin.<\/p>\n<p>Ingr\u00e9dients: Aqua \u2022 Rosmarinus officinalis leaf extract* and Helianthus annuus seed oil* \u2022 Kaolin \u2022 Cocos nucifera oil* \u2022 Lecithin \u2022 Vitex agnus castus extract \u2022 Hectorite \u2022 Achillea millefolium extract* \u2022 Melilotus officinalis extract* \u2022 Ribes nigrum fruit extract* \u2022 Lillium candidum bulb extract \u2022 Dypterix odorata bean extract\u00ba \u2022 Smilax aristolochiaefolia root extract\u00ba \u2022 Parfum* \u2022 Sorbic acid \u2022 Tocopherol <\/p>\n<p>*Issu de l&#8217;agriculture biologique<\/p>\n<p>\u00ba issu de cueillette sauvage<\/p>\n<p>^ Issu des huiles essentielles naturelles<\/p>\n<p>(En Fran\u00e7ais : Eau, Extraits de feuilles de Romarin Officinal*, Extrait d&#8217;huile de semence de Tournesol*, Argile, Huile de Coco*, L\u00e9cithine, Extraits de Gattilier, Hectorite, Extraits d&#8217;Achill\u00e9e Millefeuille*, extraits de M\u00e9lilot Officinal*, Extraits de baies de cassissier*, Extraits de bulbe de Lys blanc,   Extrait de f\u00e8ve tonka\u00b0, Extrait de racines de salsepareille grise, Parfum (huiles essentielles naturelles), acide sorbique, tocoph\u00e9rol).<\/p>\n<p>Mode d&#8217;emploi : Toujours agiter avant emploi pour homog\u00e9n\u00e9iser le produit.<\/p>\n<p>Usage externe intime.<\/p>\n","protected":false},"excerpt":{"rendered":"<p>CR\u00c8ME INTIME VIRIDITAS 125ml Ingr\u00e9dients 100% naturels \u00c9quilibre la flore intime, hydrate et renforce la barri\u00e8re de la peau Nourrissante et protectrice elle assure un confort quotidien. Entrent dans sa composition des plantes essentielles recommand\u00e9es par sainte Hildegarde pour le bien \u00eatre, qui passe tant par la peau que par l&#8217;odorat. L&#8217;argile tir\u00e9e de la [&hellip;]<\/p>\n","protected":false},"featured_media":70954,"comment_status":"open","ping_status":"closed","template":"","meta":{"_acf_changed":false,"_relevanssi_hide_post":"","_relevanssi_hide_content":"","_relevanssi_pin_for_all":"","_relevanssi_pin_keywords":"","_relevanssi_unpin_keywords":"","_relevanssi_related_keywords":"","_relevanssi_related_include_ids":"","_relevanssi_related_exclude_ids":"","_relevanssi_related_no_append":"","_relevanssi_related_not_related":"","_relevanssi_related_posts":"","_relevanssi_noindex_reason":""},"product_brand":[],"product_cat":[27,96,100],"product_tag":[],"class_list":{"0":"post-1078","1":"product","2":"type-product","3":"status-publish","4":"has-post-thumbnail","6":"product_cat-cosmetiques","7":"product_cat-cosmetiques-viriditas-naturels","8":"product_cat-cremes-de-beaute-et-de-soin","10":"first","11":"instock","12":"taxable","13":"shipping-taxable","14":"purchasable","15":"product-type-simple"},"acf":[],"yoast_head":"<!-- This site is optimized with the Yoast SEO plugin v27.4 - https:\/\/yoast.com\/product\/yoast-seo-wordpress\/ -->\n<title>CREME INTIME 125 ML - Les Jardins de Sainte-Hildegarde<\/title>\n<meta name=\"robots\" content=\"index, follow, max-snippet:-1, max-image-preview:large, max-video-preview:-1\" \/>\n<link rel=\"canonical\" href=\"https:\/\/www.lesjardinsdesaintehildegarde.com\/es\/cosmeticos\/cosmeticos-naturales-viriditas\/cremas-de-belleza-y-cuidados\/creme-intime-125-ml\/\" \/>\n<meta property=\"og:locale\" content=\"es_ES\" \/>\n<meta property=\"og:type\" content=\"article\" \/>\n<meta property=\"og:title\" content=\"CREME INTIME 125 ML - Les Jardins de Sainte-Hildegarde\" \/>\n<meta property=\"og:description\" content=\"CR\u00c8ME INTIME VIRIDITAS 125ml Ingr\u00e9dients 100% naturels \u00c9quilibre la flore intime, hydrate et renforce la barri\u00e8re de la peau Nourrissante et protectrice elle assure un confort quotidien. Entrent dans sa composition des plantes essentielles recommand\u00e9es par sainte Hildegarde pour le bien \u00eatre, qui passe tant par la peau que par l&#8217;odorat. L&#8217;argile tir\u00e9e de la [&hellip;]\" \/>\n<meta property=\"og:url\" content=\"https:\/\/www.lesjardinsdesaintehildegarde.com\/es\/cosmeticos\/cosmeticos-naturales-viriditas\/cremas-de-belleza-y-cuidados\/creme-intime-125-ml\/\" \/>\n<meta property=\"og:site_name\" content=\"Les Jardins de Sainte-Hildegarde\" \/>\n<meta property=\"article:modified_time\" content=\"2026-04-30T21:02:08+00:00\" \/>\n<meta property=\"og:image\" content=\"https:\/\/www.lesjardinsdesaintehildegarde.com\/wp-content\/uploads\/2022\/11\/509-creme-intime.jpg\" \/>\n\t<meta property=\"og:image:width\" content=\"1200\" \/>\n\t<meta property=\"og:image:height\" content=\"1200\" \/>\n\t<meta property=\"og:image:type\" content=\"image\/jpeg\" \/>\n<meta name=\"twitter:card\" content=\"summary_large_image\" \/>\n<meta name=\"twitter:label1\" content=\"Tiempo de lectura\" \/>\n\t<meta name=\"twitter:data1\" content=\"3 minutos\" \/>\n<script type=\"application\/ld+json\" class=\"yoast-schema-graph\">{\"@context\":\"https:\\\/\\\/schema.org\",\"@graph\":[{\"@type\":\"WebPage\",\"@id\":\"https:\\\/\\\/www.lesjardinsdesaintehildegarde.com\\\/es\\\/cosmeticos\\\/cosmeticos-naturales-viriditas\\\/cremas-de-belleza-y-cuidados\\\/creme-intime-125-ml\\\/\",\"url\":\"https:\\\/\\\/www.lesjardinsdesaintehildegarde.com\\\/es\\\/cosmeticos\\\/cosmeticos-naturales-viriditas\\\/cremas-de-belleza-y-cuidados\\\/creme-intime-125-ml\\\/\",\"name\":\"CREME INTIME 125 ML - Les Jardins de Sainte-Hildegarde\",\"isPartOf\":{\"@id\":\"https:\\\/\\\/www.lesjardinsdesaintehildegarde.com\\\/es\\\/#website\"},\"primaryImageOfPage\":{\"@id\":\"https:\\\/\\\/www.lesjardinsdesaintehildegarde.com\\\/es\\\/cosmeticos\\\/cosmeticos-naturales-viriditas\\\/cremas-de-belleza-y-cuidados\\\/creme-intime-125-ml\\\/#primaryimage\"},\"image\":{\"@id\":\"https:\\\/\\\/www.lesjardinsdesaintehildegarde.com\\\/es\\\/cosmeticos\\\/cosmeticos-naturales-viriditas\\\/cremas-de-belleza-y-cuidados\\\/creme-intime-125-ml\\\/#primaryimage\"},\"thumbnailUrl\":\"https:\\\/\\\/www.lesjardinsdesaintehildegarde.com\\\/wp-content\\\/uploads\\\/2022\\\/11\\\/509-creme-intime.jpg\",\"datePublished\":\"2022-11-04T08:07:34+00:00\",\"dateModified\":\"2026-04-30T21:02:08+00:00\",\"breadcrumb\":{\"@id\":\"https:\\\/\\\/www.lesjardinsdesaintehildegarde.com\\\/es\\\/cosmeticos\\\/cosmeticos-naturales-viriditas\\\/cremas-de-belleza-y-cuidados\\\/creme-intime-125-ml\\\/#breadcrumb\"},\"inLanguage\":\"es\",\"potentialAction\":[{\"@type\":\"ReadAction\",\"target\":[\"https:\\\/\\\/www.lesjardinsdesaintehildegarde.com\\\/es\\\/cosmeticos\\\/cosmeticos-naturales-viriditas\\\/cremas-de-belleza-y-cuidados\\\/creme-intime-125-ml\\\/\"]}]},{\"@type\":\"ImageObject\",\"inLanguage\":\"es\",\"@id\":\"https:\\\/\\\/www.lesjardinsdesaintehildegarde.com\\\/es\\\/cosmeticos\\\/cosmeticos-naturales-viriditas\\\/cremas-de-belleza-y-cuidados\\\/creme-intime-125-ml\\\/#primaryimage\",\"url\":\"https:\\\/\\\/www.lesjardinsdesaintehildegarde.com\\\/wp-content\\\/uploads\\\/2022\\\/11\\\/509-creme-intime.jpg\",\"contentUrl\":\"https:\\\/\\\/www.lesjardinsdesaintehildegarde.com\\\/wp-content\\\/uploads\\\/2022\\\/11\\\/509-creme-intime.jpg\",\"width\":1200,\"height\":1200,\"caption\":\"cr\u00e8me intime pour le soin des zones d\u00e9licates - ingr\u00e9dients 100% naturels - 125ml\"},{\"@type\":\"BreadcrumbList\",\"@id\":\"https:\\\/\\\/www.lesjardinsdesaintehildegarde.com\\\/es\\\/cosmeticos\\\/cosmeticos-naturales-viriditas\\\/cremas-de-belleza-y-cuidados\\\/creme-intime-125-ml\\\/#breadcrumb\",\"itemListElement\":[{\"@type\":\"ListItem\",\"position\":1,\"name\":\"Inicio\",\"item\":\"https:\\\/\\\/www.lesjardinsdesaintehildegarde.com\\\/es\\\/\"},{\"@type\":\"ListItem\",\"position\":2,\"name\":\"Productos\",\"item\":\"https:\\\/\\\/www.lesjardinsdesaintehildegarde.com\\\/es\\\/shop\\\/\"},{\"@type\":\"ListItem\",\"position\":3,\"name\":\"CREME INTIME 125 ML\"}]},{\"@type\":\"WebSite\",\"@id\":\"https:\\\/\\\/www.lesjardinsdesaintehildegarde.com\\\/es\\\/#website\",\"url\":\"https:\\\/\\\/www.lesjardinsdesaintehildegarde.com\\\/es\\\/\",\"name\":\"Les Jardins de Sainte-Hildegarde\",\"description\":\"Viriditas\",\"publisher\":{\"@id\":\"https:\\\/\\\/www.lesjardinsdesaintehildegarde.com\\\/es\\\/#organization\"},\"potentialAction\":[{\"@type\":\"SearchAction\",\"target\":{\"@type\":\"EntryPoint\",\"urlTemplate\":\"https:\\\/\\\/www.lesjardinsdesaintehildegarde.com\\\/es\\\/?s={search_term_string}\"},\"query-input\":{\"@type\":\"PropertyValueSpecification\",\"valueRequired\":true,\"valueName\":\"search_term_string\"}}],\"inLanguage\":\"es\"},{\"@type\":\"Organization\",\"@id\":\"https:\\\/\\\/www.lesjardinsdesaintehildegarde.com\\\/es\\\/#organization\",\"name\":\"Les Jardins de Sainte-Hildegarde\",\"url\":\"https:\\\/\\\/www.lesjardinsdesaintehildegarde.com\\\/es\\\/\",\"logo\":{\"@type\":\"ImageObject\",\"inLanguage\":\"es\",\"@id\":\"https:\\\/\\\/www.lesjardinsdesaintehildegarde.com\\\/es\\\/#\\\/schema\\\/logo\\\/image\\\/\",\"url\":\"https:\\\/\\\/www.lesjardinsdesaintehildegarde.com\\\/wp-content\\\/uploads\\\/2022\\\/11\\\/logo-2022.png\",\"contentUrl\":\"https:\\\/\\\/www.lesjardinsdesaintehildegarde.com\\\/wp-content\\\/uploads\\\/2022\\\/11\\\/logo-2022.png\",\"width\":365,\"height\":90,\"caption\":\"Les Jardins de Sainte-Hildegarde\"},\"image\":{\"@id\":\"https:\\\/\\\/www.lesjardinsdesaintehildegarde.com\\\/es\\\/#\\\/schema\\\/logo\\\/image\\\/\"}}]}<\/script>\n<!-- \/ Yoast SEO plugin. -->","yoast_head_json":{"title":"CREME INTIME 125 ML - Les Jardins de Sainte-Hildegarde","robots":{"index":"index","follow":"follow","max-snippet":"max-snippet:-1","max-image-preview":"max-image-preview:large","max-video-preview":"max-video-preview:-1"},"canonical":"https:\/\/www.lesjardinsdesaintehildegarde.com\/es\/cosmeticos\/cosmeticos-naturales-viriditas\/cremas-de-belleza-y-cuidados\/creme-intime-125-ml\/","og_locale":"es_ES","og_type":"article","og_title":"CREME INTIME 125 ML - Les Jardins de Sainte-Hildegarde","og_description":"CR\u00c8ME INTIME VIRIDITAS 125ml Ingr\u00e9dients 100% naturels \u00c9quilibre la flore intime, hydrate et renforce la barri\u00e8re de la peau Nourrissante et protectrice elle assure un confort quotidien. Entrent dans sa composition des plantes essentielles recommand\u00e9es par sainte Hildegarde pour le bien \u00eatre, qui passe tant par la peau que par l&#8217;odorat. L&#8217;argile tir\u00e9e de la [&hellip;]","og_url":"https:\/\/www.lesjardinsdesaintehildegarde.com\/es\/cosmeticos\/cosmeticos-naturales-viriditas\/cremas-de-belleza-y-cuidados\/creme-intime-125-ml\/","og_site_name":"Les Jardins de Sainte-Hildegarde","article_modified_time":"2026-04-30T21:02:08+00:00","og_image":[{"width":1200,"height":1200,"url":"https:\/\/www.lesjardinsdesaintehildegarde.com\/wp-content\/uploads\/2022\/11\/509-creme-intime.jpg","type":"image\/jpeg"}],"twitter_card":"summary_large_image","twitter_misc":{"Tiempo de lectura":"3 minutos"},"schema":{"@context":"https:\/\/schema.org","@graph":[{"@type":"WebPage","@id":"https:\/\/www.lesjardinsdesaintehildegarde.com\/es\/cosmeticos\/cosmeticos-naturales-viriditas\/cremas-de-belleza-y-cuidados\/creme-intime-125-ml\/","url":"https:\/\/www.lesjardinsdesaintehildegarde.com\/es\/cosmeticos\/cosmeticos-naturales-viriditas\/cremas-de-belleza-y-cuidados\/creme-intime-125-ml\/","name":"CREME INTIME 125 ML - Les Jardins de Sainte-Hildegarde","isPartOf":{"@id":"https:\/\/www.lesjardinsdesaintehildegarde.com\/es\/#website"},"primaryImageOfPage":{"@id":"https:\/\/www.lesjardinsdesaintehildegarde.com\/es\/cosmeticos\/cosmeticos-naturales-viriditas\/cremas-de-belleza-y-cuidados\/creme-intime-125-ml\/#primaryimage"},"image":{"@id":"https:\/\/www.lesjardinsdesaintehildegarde.com\/es\/cosmeticos\/cosmeticos-naturales-viriditas\/cremas-de-belleza-y-cuidados\/creme-intime-125-ml\/#primaryimage"},"thumbnailUrl":"https:\/\/www.lesjardinsdesaintehildegarde.com\/wp-content\/uploads\/2022\/11\/509-creme-intime.jpg","datePublished":"2022-11-04T08:07:34+00:00","dateModified":"2026-04-30T21:02:08+00:00","breadcrumb":{"@id":"https:\/\/www.lesjardinsdesaintehildegarde.com\/es\/cosmeticos\/cosmeticos-naturales-viriditas\/cremas-de-belleza-y-cuidados\/creme-intime-125-ml\/#breadcrumb"},"inLanguage":"es","potentialAction":[{"@type":"ReadAction","target":["https:\/\/www.lesjardinsdesaintehildegarde.com\/es\/cosmeticos\/cosmeticos-naturales-viriditas\/cremas-de-belleza-y-cuidados\/creme-intime-125-ml\/"]}]},{"@type":"ImageObject","inLanguage":"es","@id":"https:\/\/www.lesjardinsdesaintehildegarde.com\/es\/cosmeticos\/cosmeticos-naturales-viriditas\/cremas-de-belleza-y-cuidados\/creme-intime-125-ml\/#primaryimage","url":"https:\/\/www.lesjardinsdesaintehildegarde.com\/wp-content\/uploads\/2022\/11\/509-creme-intime.jpg","contentUrl":"https:\/\/www.lesjardinsdesaintehildegarde.com\/wp-content\/uploads\/2022\/11\/509-creme-intime.jpg","width":1200,"height":1200,"caption":"cr\u00e8me intime pour le soin des zones d\u00e9licates - ingr\u00e9dients 100% naturels - 125ml"},{"@type":"BreadcrumbList","@id":"https:\/\/www.lesjardinsdesaintehildegarde.com\/es\/cosmeticos\/cosmeticos-naturales-viriditas\/cremas-de-belleza-y-cuidados\/creme-intime-125-ml\/#breadcrumb","itemListElement":[{"@type":"ListItem","position":1,"name":"Inicio","item":"https:\/\/www.lesjardinsdesaintehildegarde.com\/es\/"},{"@type":"ListItem","position":2,"name":"Productos","item":"https:\/\/www.lesjardinsdesaintehildegarde.com\/es\/shop\/"},{"@type":"ListItem","position":3,"name":"CREME INTIME 125 ML"}]},{"@type":"WebSite","@id":"https:\/\/www.lesjardinsdesaintehildegarde.com\/es\/#website","url":"https:\/\/www.lesjardinsdesaintehildegarde.com\/es\/","name":"Les Jardins de Sainte-Hildegarde","description":"Viriditas","publisher":{"@id":"https:\/\/www.lesjardinsdesaintehildegarde.com\/es\/#organization"},"potentialAction":[{"@type":"SearchAction","target":{"@type":"EntryPoint","urlTemplate":"https:\/\/www.lesjardinsdesaintehildegarde.com\/es\/?s={search_term_string}"},"query-input":{"@type":"PropertyValueSpecification","valueRequired":true,"valueName":"search_term_string"}}],"inLanguage":"es"},{"@type":"Organization","@id":"https:\/\/www.lesjardinsdesaintehildegarde.com\/es\/#organization","name":"Les Jardins de Sainte-Hildegarde","url":"https:\/\/www.lesjardinsdesaintehildegarde.com\/es\/","logo":{"@type":"ImageObject","inLanguage":"es","@id":"https:\/\/www.lesjardinsdesaintehildegarde.com\/es\/#\/schema\/logo\/image\/","url":"https:\/\/www.lesjardinsdesaintehildegarde.com\/wp-content\/uploads\/2022\/11\/logo-2022.png","contentUrl":"https:\/\/www.lesjardinsdesaintehildegarde.com\/wp-content\/uploads\/2022\/11\/logo-2022.png","width":365,"height":90,"caption":"Les Jardins de Sainte-Hildegarde"},"image":{"@id":"https:\/\/www.lesjardinsdesaintehildegarde.com\/es\/#\/schema\/logo\/image\/"}}]}},"_links":{"self":[{"href":"https:\/\/www.lesjardinsdesaintehildegarde.com\/es\/wp-json\/wp\/v2\/product\/1078","targetHints":{"allow":["GET"]}}],"collection":[{"href":"https:\/\/www.lesjardinsdesaintehildegarde.com\/es\/wp-json\/wp\/v2\/product"}],"about":[{"href":"https:\/\/www.lesjardinsdesaintehildegarde.com\/es\/wp-json\/wp\/v2\/types\/product"}],"replies":[{"embeddable":true,"href":"https:\/\/www.lesjardinsdesaintehildegarde.com\/es\/wp-json\/wp\/v2\/comments?post=1078"}],"wp:featuredmedia":[{"embeddable":true,"href":"https:\/\/www.lesjardinsdesaintehildegarde.com\/es\/wp-json\/wp\/v2\/media\/70954"}],"wp:attachment":[{"href":"https:\/\/www.lesjardinsdesaintehildegarde.com\/es\/wp-json\/wp\/v2\/media?parent=1078"}],"wp:term":[{"taxonomy":"product_brand","embeddable":true,"href":"https:\/\/www.lesjardinsdesaintehildegarde.com\/es\/wp-json\/wp\/v2\/product_brand?post=1078"},{"taxonomy":"product_cat","embeddable":true,"href":"https:\/\/www.lesjardinsdesaintehildegarde.com\/es\/wp-json\/wp\/v2\/product_cat?post=1078"},{"taxonomy":"product_tag","embeddable":true,"href":"https:\/\/www.lesjardinsdesaintehildegarde.com\/es\/wp-json\/wp\/v2\/product_tag?post=1078"}],"curies":[{"name":"wp","href":"https:\/\/api.w.org\/{rel}","templated":true}]}}