{"id":1095,"date":"2022-11-04T09:07:36","date_gmt":"2022-11-04T08:07:36","guid":{"rendered":"https:\/\/www.lesjardinsdesaintehildegarde.com\/non%20class\u00e9\/agar-agar-poudre-bio-50g\/"},"modified":"2026-05-05T23:02:03","modified_gmt":"2026-05-05T21:02:03","slug":"agar-agar-poudre-bio-50g","status":"publish","type":"product","link":"https:\/\/www.lesjardinsdesaintehildegarde.com\/es\/plantas-y-especias\/plantas\/agar-agar-poudre-bio-50g\/","title":{"rendered":"AGAR AGAR POUDRE BIO 50G*"},"content":{"rendered":"<p>AGAR-AGAR POUDRE BIO 50 G* (128\u20ac \/ kg)<\/p>\n<p>Produit 100% naturel, l&#8217;agar-agar est aujourd&#8217;hui fortement pl\u00e9biscit\u00e9 pour ses propri\u00e9t\u00e9s g\u00e9lifiantes \u00e9tonnantes. Ses qualit\u00e9s texturantes en font une alternative de choix \u00e0 la g\u00e9latine d&#8217;origine animale.<\/p>\n<p>Ingr\u00e9dients : <\/p>\n<p>Agar-agar* (extrait d\u2019algues marines). <\/p>\n<p>* Produit issu de l\u2019Agriculture Biologique &#8211; origine France<\/p>\n<p>Mode d&#8217;emploi :<\/p>\n<p>Pour que l&#8217;agar-agar puisse agir, il faut qu&#8217;il soit port\u00e9 \u00e0 une temp\u00e9rature de 85\u00b0C.<\/p>\n<p>4 g d&#8217;agar-agar permettent de g\u00e9lifier un litre de liquide. Il suffit de diluer la poudre dans le liquide, et de porter l&#8217;ensemble \u00e0 \u00e9bullition pendant 1 minute.<\/p>\n<p>Pour les confitures, ajouter en fin de cuisson.<\/p>\n<p>Conservation de la poudre \u00e0 temp\u00e9rature ambiante, dans un endroit sec.<\/p>\n<p>Valeurs nutritionnelles pour 100g :<\/p>\n<p>Energie : 804 kJ \/ 198  kcal<\/p>\n<p>Lipides 0 g dont acides gras satur\u00e9s 0g<\/p>\n<p>Glucides 10 g dont sucres &lt; 0.5g<\/p>\n<p>Prot\u00e9ines 0.3g<\/p>\n<p>Sel 0.58g<\/p>\n","protected":false},"excerpt":{"rendered":"<p>AGAR-AGAR POUDRE BIO 50 G* (128\u20ac \/ kg) Produit 100% naturel, l&#8217;agar-agar est aujourd&#8217;hui fortement pl\u00e9biscit\u00e9 pour ses propri\u00e9t\u00e9s g\u00e9lifiantes \u00e9tonnantes. Ses qualit\u00e9s texturantes en font une alternative de choix \u00e0 la g\u00e9latine d&#8217;origine animale. Ingr\u00e9dients : Agar-agar* (extrait d\u2019algues marines). * Produit issu de l\u2019Agriculture Biologique &#8211; origine France Mode d&#8217;emploi : Pour que [&hellip;]<\/p>\n","protected":false},"featured_media":66985,"comment_status":"open","ping_status":"closed","template":"","meta":{"_acf_changed":false,"_relevanssi_hide_post":"","_relevanssi_hide_content":"","_relevanssi_pin_for_all":"","_relevanssi_pin_keywords":"","_relevanssi_unpin_keywords":"","_relevanssi_related_keywords":"","_relevanssi_related_include_ids":"","_relevanssi_related_exclude_ids":"","_relevanssi_related_no_append":"","_relevanssi_related_not_related":"","_relevanssi_related_posts":"","_relevanssi_noindex_reason":""},"product_brand":[],"product_cat":[65,35],"product_tag":[49],"class_list":{"0":"post-1095","1":"product","2":"type-product","3":"status-publish","4":"has-post-thumbnail","6":"product_cat-plantes","7":"product_cat-plantes-et-epices","8":"product_tag-produit-bio","10":"first","11":"instock","12":"taxable","13":"shipping-taxable","14":"purchasable","15":"product-type-simple"},"acf":[],"yoast_head":"<!-- This site is optimized with the Yoast SEO plugin v27.4 - https:\/\/yoast.com\/product\/yoast-seo-wordpress\/ -->\n<title>AGAR AGAR POUDRE BIO 50G* - Les Jardins de Sainte-Hildegarde<\/title>\n<meta name=\"robots\" content=\"index, follow, max-snippet:-1, max-image-preview:large, max-video-preview:-1\" \/>\n<link rel=\"canonical\" href=\"https:\/\/www.lesjardinsdesaintehildegarde.com\/es\/plantas-y-especias\/plantas\/agar-agar-poudre-bio-50g\/\" \/>\n<meta property=\"og:locale\" content=\"es_ES\" \/>\n<meta property=\"og:type\" content=\"article\" \/>\n<meta property=\"og:title\" content=\"AGAR AGAR POUDRE BIO 50G* - Les Jardins de Sainte-Hildegarde\" \/>\n<meta property=\"og:description\" content=\"AGAR-AGAR POUDRE BIO 50 G* (128\u20ac \/ kg) Produit 100% naturel, l&#8217;agar-agar est aujourd&#8217;hui fortement pl\u00e9biscit\u00e9 pour ses propri\u00e9t\u00e9s g\u00e9lifiantes \u00e9tonnantes. Ses qualit\u00e9s texturantes en font une alternative de choix \u00e0 la g\u00e9latine d&#8217;origine animale. Ingr\u00e9dients : Agar-agar* (extrait d\u2019algues marines). * Produit issu de l\u2019Agriculture Biologique &#8211; origine France Mode d&#8217;emploi : Pour que [&hellip;]\" \/>\n<meta property=\"og:url\" content=\"https:\/\/www.lesjardinsdesaintehildegarde.com\/es\/plantas-y-especias\/plantas\/agar-agar-poudre-bio-50g\/\" \/>\n<meta property=\"og:site_name\" content=\"Les Jardins de Sainte-Hildegarde\" \/>\n<meta property=\"article:modified_time\" content=\"2026-05-05T21:02:03+00:00\" \/>\n<meta property=\"og:image\" content=\"https:\/\/www.lesjardinsdesaintehildegarde.com\/wp-content\/uploads\/2023\/07\/60143-agar-agar-poudre-bio-50g.jpg\" \/>\n\t<meta property=\"og:image:width\" content=\"1200\" \/>\n\t<meta property=\"og:image:height\" content=\"1200\" \/>\n\t<meta property=\"og:image:type\" content=\"image\/jpeg\" \/>\n<meta name=\"twitter:card\" content=\"summary_large_image\" \/>\n<meta name=\"twitter:label1\" content=\"Tiempo de lectura\" \/>\n\t<meta name=\"twitter:data1\" content=\"1 minuto\" \/>\n<script type=\"application\/ld+json\" class=\"yoast-schema-graph\">{\"@context\":\"https:\\\/\\\/schema.org\",\"@graph\":[{\"@type\":\"WebPage\",\"@id\":\"https:\\\/\\\/www.lesjardinsdesaintehildegarde.com\\\/es\\\/plantas-y-especias\\\/plantas\\\/agar-agar-poudre-bio-50g\\\/\",\"url\":\"https:\\\/\\\/www.lesjardinsdesaintehildegarde.com\\\/es\\\/plantas-y-especias\\\/plantas\\\/agar-agar-poudre-bio-50g\\\/\",\"name\":\"AGAR AGAR POUDRE BIO 50G* - Les Jardins de Sainte-Hildegarde\",\"isPartOf\":{\"@id\":\"https:\\\/\\\/www.lesjardinsdesaintehildegarde.com\\\/es\\\/#website\"},\"primaryImageOfPage\":{\"@id\":\"https:\\\/\\\/www.lesjardinsdesaintehildegarde.com\\\/es\\\/plantas-y-especias\\\/plantas\\\/agar-agar-poudre-bio-50g\\\/#primaryimage\"},\"image\":{\"@id\":\"https:\\\/\\\/www.lesjardinsdesaintehildegarde.com\\\/es\\\/plantas-y-especias\\\/plantas\\\/agar-agar-poudre-bio-50g\\\/#primaryimage\"},\"thumbnailUrl\":\"https:\\\/\\\/www.lesjardinsdesaintehildegarde.com\\\/wp-content\\\/uploads\\\/2023\\\/07\\\/60143-agar-agar-poudre-bio-50g.jpg\",\"datePublished\":\"2022-11-04T08:07:36+00:00\",\"dateModified\":\"2026-05-05T21:02:03+00:00\",\"breadcrumb\":{\"@id\":\"https:\\\/\\\/www.lesjardinsdesaintehildegarde.com\\\/es\\\/plantas-y-especias\\\/plantas\\\/agar-agar-poudre-bio-50g\\\/#breadcrumb\"},\"inLanguage\":\"es\",\"potentialAction\":[{\"@type\":\"ReadAction\",\"target\":[\"https:\\\/\\\/www.lesjardinsdesaintehildegarde.com\\\/es\\\/plantas-y-especias\\\/plantas\\\/agar-agar-poudre-bio-50g\\\/\"]}]},{\"@type\":\"ImageObject\",\"inLanguage\":\"es\",\"@id\":\"https:\\\/\\\/www.lesjardinsdesaintehildegarde.com\\\/es\\\/plantas-y-especias\\\/plantas\\\/agar-agar-poudre-bio-50g\\\/#primaryimage\",\"url\":\"https:\\\/\\\/www.lesjardinsdesaintehildegarde.com\\\/wp-content\\\/uploads\\\/2023\\\/07\\\/60143-agar-agar-poudre-bio-50g.jpg\",\"contentUrl\":\"https:\\\/\\\/www.lesjardinsdesaintehildegarde.com\\\/wp-content\\\/uploads\\\/2023\\\/07\\\/60143-agar-agar-poudre-bio-50g.jpg\",\"width\":1200,\"height\":1200,\"caption\":\"agar agar bio en poudre fine, pot de 50g, recommand\u00e9 par sainte Hildegarde de Bingen\"},{\"@type\":\"BreadcrumbList\",\"@id\":\"https:\\\/\\\/www.lesjardinsdesaintehildegarde.com\\\/es\\\/plantas-y-especias\\\/plantas\\\/agar-agar-poudre-bio-50g\\\/#breadcrumb\",\"itemListElement\":[{\"@type\":\"ListItem\",\"position\":1,\"name\":\"Inicio\",\"item\":\"https:\\\/\\\/www.lesjardinsdesaintehildegarde.com\\\/es\\\/\"},{\"@type\":\"ListItem\",\"position\":2,\"name\":\"Productos\",\"item\":\"https:\\\/\\\/www.lesjardinsdesaintehildegarde.com\\\/es\\\/shop\\\/\"},{\"@type\":\"ListItem\",\"position\":3,\"name\":\"AGAR AGAR POUDRE BIO 50G*\"}]},{\"@type\":\"WebSite\",\"@id\":\"https:\\\/\\\/www.lesjardinsdesaintehildegarde.com\\\/es\\\/#website\",\"url\":\"https:\\\/\\\/www.lesjardinsdesaintehildegarde.com\\\/es\\\/\",\"name\":\"Les Jardins de Sainte-Hildegarde\",\"description\":\"Viriditas\",\"publisher\":{\"@id\":\"https:\\\/\\\/www.lesjardinsdesaintehildegarde.com\\\/es\\\/#organization\"},\"potentialAction\":[{\"@type\":\"SearchAction\",\"target\":{\"@type\":\"EntryPoint\",\"urlTemplate\":\"https:\\\/\\\/www.lesjardinsdesaintehildegarde.com\\\/es\\\/?s={search_term_string}\"},\"query-input\":{\"@type\":\"PropertyValueSpecification\",\"valueRequired\":true,\"valueName\":\"search_term_string\"}}],\"inLanguage\":\"es\"},{\"@type\":\"Organization\",\"@id\":\"https:\\\/\\\/www.lesjardinsdesaintehildegarde.com\\\/es\\\/#organization\",\"name\":\"Les Jardins de Sainte-Hildegarde\",\"url\":\"https:\\\/\\\/www.lesjardinsdesaintehildegarde.com\\\/es\\\/\",\"logo\":{\"@type\":\"ImageObject\",\"inLanguage\":\"es\",\"@id\":\"https:\\\/\\\/www.lesjardinsdesaintehildegarde.com\\\/es\\\/#\\\/schema\\\/logo\\\/image\\\/\",\"url\":\"https:\\\/\\\/www.lesjardinsdesaintehildegarde.com\\\/wp-content\\\/uploads\\\/2022\\\/11\\\/logo-2022.png\",\"contentUrl\":\"https:\\\/\\\/www.lesjardinsdesaintehildegarde.com\\\/wp-content\\\/uploads\\\/2022\\\/11\\\/logo-2022.png\",\"width\":365,\"height\":90,\"caption\":\"Les Jardins de Sainte-Hildegarde\"},\"image\":{\"@id\":\"https:\\\/\\\/www.lesjardinsdesaintehildegarde.com\\\/es\\\/#\\\/schema\\\/logo\\\/image\\\/\"}}]}<\/script>\n<!-- \/ Yoast SEO plugin. -->","yoast_head_json":{"title":"AGAR AGAR POUDRE BIO 50G* - Les Jardins de Sainte-Hildegarde","robots":{"index":"index","follow":"follow","max-snippet":"max-snippet:-1","max-image-preview":"max-image-preview:large","max-video-preview":"max-video-preview:-1"},"canonical":"https:\/\/www.lesjardinsdesaintehildegarde.com\/es\/plantas-y-especias\/plantas\/agar-agar-poudre-bio-50g\/","og_locale":"es_ES","og_type":"article","og_title":"AGAR AGAR POUDRE BIO 50G* - Les Jardins de Sainte-Hildegarde","og_description":"AGAR-AGAR POUDRE BIO 50 G* (128\u20ac \/ kg) Produit 100% naturel, l&#8217;agar-agar est aujourd&#8217;hui fortement pl\u00e9biscit\u00e9 pour ses propri\u00e9t\u00e9s g\u00e9lifiantes \u00e9tonnantes. Ses qualit\u00e9s texturantes en font une alternative de choix \u00e0 la g\u00e9latine d&#8217;origine animale. Ingr\u00e9dients : Agar-agar* (extrait d\u2019algues marines). * Produit issu de l\u2019Agriculture Biologique &#8211; origine France Mode d&#8217;emploi : Pour que [&hellip;]","og_url":"https:\/\/www.lesjardinsdesaintehildegarde.com\/es\/plantas-y-especias\/plantas\/agar-agar-poudre-bio-50g\/","og_site_name":"Les Jardins de Sainte-Hildegarde","article_modified_time":"2026-05-05T21:02:03+00:00","og_image":[{"width":1200,"height":1200,"url":"https:\/\/www.lesjardinsdesaintehildegarde.com\/wp-content\/uploads\/2023\/07\/60143-agar-agar-poudre-bio-50g.jpg","type":"image\/jpeg"}],"twitter_card":"summary_large_image","twitter_misc":{"Tiempo de lectura":"1 minuto"},"schema":{"@context":"https:\/\/schema.org","@graph":[{"@type":"WebPage","@id":"https:\/\/www.lesjardinsdesaintehildegarde.com\/es\/plantas-y-especias\/plantas\/agar-agar-poudre-bio-50g\/","url":"https:\/\/www.lesjardinsdesaintehildegarde.com\/es\/plantas-y-especias\/plantas\/agar-agar-poudre-bio-50g\/","name":"AGAR AGAR POUDRE BIO 50G* - Les Jardins de Sainte-Hildegarde","isPartOf":{"@id":"https:\/\/www.lesjardinsdesaintehildegarde.com\/es\/#website"},"primaryImageOfPage":{"@id":"https:\/\/www.lesjardinsdesaintehildegarde.com\/es\/plantas-y-especias\/plantas\/agar-agar-poudre-bio-50g\/#primaryimage"},"image":{"@id":"https:\/\/www.lesjardinsdesaintehildegarde.com\/es\/plantas-y-especias\/plantas\/agar-agar-poudre-bio-50g\/#primaryimage"},"thumbnailUrl":"https:\/\/www.lesjardinsdesaintehildegarde.com\/wp-content\/uploads\/2023\/07\/60143-agar-agar-poudre-bio-50g.jpg","datePublished":"2022-11-04T08:07:36+00:00","dateModified":"2026-05-05T21:02:03+00:00","breadcrumb":{"@id":"https:\/\/www.lesjardinsdesaintehildegarde.com\/es\/plantas-y-especias\/plantas\/agar-agar-poudre-bio-50g\/#breadcrumb"},"inLanguage":"es","potentialAction":[{"@type":"ReadAction","target":["https:\/\/www.lesjardinsdesaintehildegarde.com\/es\/plantas-y-especias\/plantas\/agar-agar-poudre-bio-50g\/"]}]},{"@type":"ImageObject","inLanguage":"es","@id":"https:\/\/www.lesjardinsdesaintehildegarde.com\/es\/plantas-y-especias\/plantas\/agar-agar-poudre-bio-50g\/#primaryimage","url":"https:\/\/www.lesjardinsdesaintehildegarde.com\/wp-content\/uploads\/2023\/07\/60143-agar-agar-poudre-bio-50g.jpg","contentUrl":"https:\/\/www.lesjardinsdesaintehildegarde.com\/wp-content\/uploads\/2023\/07\/60143-agar-agar-poudre-bio-50g.jpg","width":1200,"height":1200,"caption":"agar agar bio en poudre fine, pot de 50g, recommand\u00e9 par sainte Hildegarde de Bingen"},{"@type":"BreadcrumbList","@id":"https:\/\/www.lesjardinsdesaintehildegarde.com\/es\/plantas-y-especias\/plantas\/agar-agar-poudre-bio-50g\/#breadcrumb","itemListElement":[{"@type":"ListItem","position":1,"name":"Inicio","item":"https:\/\/www.lesjardinsdesaintehildegarde.com\/es\/"},{"@type":"ListItem","position":2,"name":"Productos","item":"https:\/\/www.lesjardinsdesaintehildegarde.com\/es\/shop\/"},{"@type":"ListItem","position":3,"name":"AGAR AGAR POUDRE BIO 50G*"}]},{"@type":"WebSite","@id":"https:\/\/www.lesjardinsdesaintehildegarde.com\/es\/#website","url":"https:\/\/www.lesjardinsdesaintehildegarde.com\/es\/","name":"Les Jardins de Sainte-Hildegarde","description":"Viriditas","publisher":{"@id":"https:\/\/www.lesjardinsdesaintehildegarde.com\/es\/#organization"},"potentialAction":[{"@type":"SearchAction","target":{"@type":"EntryPoint","urlTemplate":"https:\/\/www.lesjardinsdesaintehildegarde.com\/es\/?s={search_term_string}"},"query-input":{"@type":"PropertyValueSpecification","valueRequired":true,"valueName":"search_term_string"}}],"inLanguage":"es"},{"@type":"Organization","@id":"https:\/\/www.lesjardinsdesaintehildegarde.com\/es\/#organization","name":"Les Jardins de Sainte-Hildegarde","url":"https:\/\/www.lesjardinsdesaintehildegarde.com\/es\/","logo":{"@type":"ImageObject","inLanguage":"es","@id":"https:\/\/www.lesjardinsdesaintehildegarde.com\/es\/#\/schema\/logo\/image\/","url":"https:\/\/www.lesjardinsdesaintehildegarde.com\/wp-content\/uploads\/2022\/11\/logo-2022.png","contentUrl":"https:\/\/www.lesjardinsdesaintehildegarde.com\/wp-content\/uploads\/2022\/11\/logo-2022.png","width":365,"height":90,"caption":"Les Jardins de Sainte-Hildegarde"},"image":{"@id":"https:\/\/www.lesjardinsdesaintehildegarde.com\/es\/#\/schema\/logo\/image\/"}}]}},"_links":{"self":[{"href":"https:\/\/www.lesjardinsdesaintehildegarde.com\/es\/wp-json\/wp\/v2\/product\/1095","targetHints":{"allow":["GET"]}}],"collection":[{"href":"https:\/\/www.lesjardinsdesaintehildegarde.com\/es\/wp-json\/wp\/v2\/product"}],"about":[{"href":"https:\/\/www.lesjardinsdesaintehildegarde.com\/es\/wp-json\/wp\/v2\/types\/product"}],"replies":[{"embeddable":true,"href":"https:\/\/www.lesjardinsdesaintehildegarde.com\/es\/wp-json\/wp\/v2\/comments?post=1095"}],"wp:featuredmedia":[{"embeddable":true,"href":"https:\/\/www.lesjardinsdesaintehildegarde.com\/es\/wp-json\/wp\/v2\/media\/66985"}],"wp:attachment":[{"href":"https:\/\/www.lesjardinsdesaintehildegarde.com\/es\/wp-json\/wp\/v2\/media?parent=1095"}],"wp:term":[{"taxonomy":"product_brand","embeddable":true,"href":"https:\/\/www.lesjardinsdesaintehildegarde.com\/es\/wp-json\/wp\/v2\/product_brand?post=1095"},{"taxonomy":"product_cat","embeddable":true,"href":"https:\/\/www.lesjardinsdesaintehildegarde.com\/es\/wp-json\/wp\/v2\/product_cat?post=1095"},{"taxonomy":"product_tag","embeddable":true,"href":"https:\/\/www.lesjardinsdesaintehildegarde.com\/es\/wp-json\/wp\/v2\/product_tag?post=1095"}],"curies":[{"name":"wp","href":"https:\/\/api.w.org\/{rel}","templated":true}]}}