{"id":1110,"date":"2022-11-04T09:07:38","date_gmt":"2022-11-04T08:07:38","guid":{"rendered":"https:\/\/www.lesjardinsdesaintehildegarde.com\/non%20class\u00e9\/preparation-pour-biscuit-joie-bio-500g\/"},"modified":"2026-04-16T23:01:10","modified_gmt":"2026-04-16T21:01:10","slug":"preparation-pour-biscuit-joie-bio-500g","status":"publish","type":"product","link":"https:\/\/www.lesjardinsdesaintehildegarde.com\/es\/espelta-alimentacion\/espelta\/gran-espelta\/preparation-pour-biscuit-joie-bio-500g\/","title":{"rendered":"PREPARATION POUR BISCUIT JOIE BIO 500G*"},"content":{"rendered":"<p>PREMIX BIO POUR BISCUITS DE LA JOIE* 500g (11\u20ac \/ kg)<\/p>\n<p>* Issu de l&#8217;agriculture biologique<\/p>\n<p>Il n&#8217;a jamais \u00e9t\u00e9 aussi facile de cuisiner des biscuits de la joie qu&#8217;avec cette pr\u00e9paration ! <\/p>\n<p>Il vous suffira d&#8217;ajouter 2 oeufs entiers et 70g de beurre pour obtenir une p\u00e2te pr\u00eate \u00e0 abaisser pour d\u00e9couper vos biscuits \u00e0 l&#8217;emporte pi\u00e8ce, leur cuisson r\u00e9pandra un doux parfum d&#8217;\u00e9pices de la joie dans votre maison.<\/p>\n<p>Ingr\u00e9dients: farine compl\u00e8te de grand \u00e9peautre Oberkulmer non hybrid\u00e9* (GLUTEN d&#8217;\u00e9peautre), sucre de canne roux*, cannelle de Ceylan*, noix de muscade*, clous de girofle*, sel de Camargue.<\/p>\n<p>Pr\u00e9paration:<\/p>\n<p>Vous pouvez faire la totalit\u00e9 de la p\u00e2te ou bien diviser par deux. Pour la totalit\u00e9 de la p\u00e2te:<\/p>\n<p>Verser la pr\u00e9paration dans un saladier, ajouter successivement 2 gros oeufs et 75g de beurre en pommade. P\u00e9trir jusqu&#8217;\u00e0 l&#8217;obtention d&#8217;une p\u00e2te lisse et homog\u00e8ne. Allumer votre four sur 180\u00b0.<\/p>\n<p>Sur un plan de travail l\u00e9g\u00e8rement farin\u00e9 abaisser la p\u00e2te au rouleau sur 5mm d&#8217;\u00e9paisseur. D\u00e9couper les formes de votre choix \u00e0 l&#8217;emporte pi\u00e8ce.<\/p>\n<p>Enfourner \u00e0 four bien chaud et cuire 15 \u00e0 20 minutes selon la consistance souhait\u00e9e. Pour une cuisson de 15 minutes les biscuits seront croquants \u00e0 l&#8217;ext\u00e9rieur et fondants \u00e0 l&#8217;int\u00e9rieur alors que pour une cuisson de 20 minutes ils seront totalement croustillants.<\/p>\n<p>Si vous souhaitez les d\u00e9corer vous pouvez faire un gla\u00e7age rapide avec un blanc d&#8217;oeuf battu en neige et un peu de sucre glace ou bien un m\u00e9lange jus de citron\/ sucre glace. Dessiner ensuite les motifs de votre choix \u00e0 l&#8217;aide d&#8217;une poche \u00e0 douille, bon app\u00e9tit !<\/p>\n<p>Entreposer dans un environnement frais et sec. <\/p>\n<p>Valeurs nutritionnelles pour 100g : <\/p>\n<p>Energie : 1522 kJ \/ 361 kcal<\/p>\n<p>Lipides 2,4g dont acides gras satur\u00e9s 0,9g<\/p>\n<p>Glucides 76g donc sucres 29g<\/p>\n<p>Prot\u00e9ines 9g <\/p>\n<p>Fibres 7g <\/p>\n<p>Sel 0,6 g<\/p>\n","protected":false},"excerpt":{"rendered":"<p>PREMIX BIO POUR BISCUITS DE LA JOIE* 500g (11\u20ac \/ kg) * Issu de l&#8217;agriculture biologique Il n&#8217;a jamais \u00e9t\u00e9 aussi facile de cuisiner des biscuits de la joie qu&#8217;avec cette pr\u00e9paration ! Il vous suffira d&#8217;ajouter 2 oeufs entiers et 70g de beurre pour obtenir une p\u00e2te pr\u00eate \u00e0 abaisser pour d\u00e9couper vos biscuits [&hellip;]<\/p>\n","protected":false},"featured_media":66846,"comment_status":"open","ping_status":"closed","template":"","meta":{"_acf_changed":false,"_relevanssi_hide_post":"","_relevanssi_hide_content":"","_relevanssi_pin_for_all":"","_relevanssi_pin_keywords":"","_relevanssi_unpin_keywords":"","_relevanssi_related_keywords":"","_relevanssi_related_include_ids":"","_relevanssi_related_exclude_ids":"","_relevanssi_related_no_append":"","_relevanssi_related_not_related":"","_relevanssi_related_posts":"","_relevanssi_noindex_reason":""},"product_brand":[],"product_cat":[52,30,59],"product_tag":[49],"class_list":{"0":"post-1110","1":"product","2":"type-product","3":"status-publish","4":"has-post-thumbnail","6":"product_cat-epeautre","7":"product_cat-epeautres-alimentation","8":"product_cat-grand-epeautre","9":"product_tag-produit-bio","11":"first","12":"instock","13":"taxable","14":"shipping-taxable","15":"purchasable","16":"product-type-simple"},"acf":[],"yoast_head":"<!-- This site is optimized with the Yoast SEO plugin v27.2 - https:\/\/yoast.com\/product\/yoast-seo-wordpress\/ -->\n<title>PREPARATION POUR BISCUIT JOIE BIO 500G* - Les Jardins de Sainte-Hildegarde<\/title>\n<meta name=\"robots\" content=\"index, follow, max-snippet:-1, max-image-preview:large, max-video-preview:-1\" \/>\n<link rel=\"canonical\" href=\"https:\/\/www.lesjardinsdesaintehildegarde.com\/es\/espelta-alimentacion\/espelta\/gran-espelta\/preparation-pour-biscuit-joie-bio-500g\/\" \/>\n<meta property=\"og:locale\" content=\"es_ES\" \/>\n<meta property=\"og:type\" content=\"article\" \/>\n<meta property=\"og:title\" content=\"PREPARATION POUR BISCUIT JOIE BIO 500G* - Les Jardins de Sainte-Hildegarde\" \/>\n<meta property=\"og:description\" content=\"PREMIX BIO POUR BISCUITS DE LA JOIE* 500g (11\u20ac \/ kg) * Issu de l&#8217;agriculture biologique Il n&#8217;a jamais \u00e9t\u00e9 aussi facile de cuisiner des biscuits de la joie qu&#8217;avec cette pr\u00e9paration ! Il vous suffira d&#8217;ajouter 2 oeufs entiers et 70g de beurre pour obtenir une p\u00e2te pr\u00eate \u00e0 abaisser pour d\u00e9couper vos biscuits [&hellip;]\" \/>\n<meta property=\"og:url\" content=\"https:\/\/www.lesjardinsdesaintehildegarde.com\/es\/espelta-alimentacion\/espelta\/gran-espelta\/preparation-pour-biscuit-joie-bio-500g\/\" \/>\n<meta property=\"og:site_name\" content=\"Les Jardins de Sainte-Hildegarde\" \/>\n<meta property=\"article:modified_time\" content=\"2026-04-16T21:01:10+00:00\" \/>\n<meta property=\"og:image\" content=\"https:\/\/www.lesjardinsdesaintehildegarde.com\/wp-content\/uploads\/2023\/07\/60169-premix-pour-biscuits-de-la-joie-bio-500g.jpg\" \/>\n\t<meta property=\"og:image:width\" content=\"1200\" \/>\n\t<meta property=\"og:image:height\" content=\"1200\" \/>\n\t<meta property=\"og:image:type\" content=\"image\/jpeg\" \/>\n<meta name=\"twitter:card\" content=\"summary_large_image\" \/>\n<meta name=\"twitter:label1\" content=\"Tiempo de lectura\" \/>\n\t<meta name=\"twitter:data1\" content=\"2 minutos\" \/>\n<script type=\"application\/ld+json\" class=\"yoast-schema-graph\">{\"@context\":\"https:\/\/schema.org\",\"@graph\":[{\"@type\":\"WebPage\",\"@id\":\"https:\/\/www.lesjardinsdesaintehildegarde.com\/es\/espelta-alimentacion\/espelta\/gran-espelta\/preparation-pour-biscuit-joie-bio-500g\/\",\"url\":\"https:\/\/www.lesjardinsdesaintehildegarde.com\/es\/espelta-alimentacion\/espelta\/gran-espelta\/preparation-pour-biscuit-joie-bio-500g\/\",\"name\":\"PREPARATION POUR BISCUIT JOIE BIO 500G* - Les Jardins de Sainte-Hildegarde\",\"isPartOf\":{\"@id\":\"https:\/\/www.lesjardinsdesaintehildegarde.com\/es\/#website\"},\"primaryImageOfPage\":{\"@id\":\"https:\/\/www.lesjardinsdesaintehildegarde.com\/es\/espelta-alimentacion\/espelta\/gran-espelta\/preparation-pour-biscuit-joie-bio-500g\/#primaryimage\"},\"image\":{\"@id\":\"https:\/\/www.lesjardinsdesaintehildegarde.com\/es\/espelta-alimentacion\/espelta\/gran-espelta\/preparation-pour-biscuit-joie-bio-500g\/#primaryimage\"},\"thumbnailUrl\":\"https:\/\/www.lesjardinsdesaintehildegarde.com\/wp-content\/uploads\/2023\/07\/60169-premix-pour-biscuits-de-la-joie-bio-500g.jpg\",\"datePublished\":\"2022-11-04T08:07:38+00:00\",\"dateModified\":\"2026-04-16T21:01:10+00:00\",\"breadcrumb\":{\"@id\":\"https:\/\/www.lesjardinsdesaintehildegarde.com\/es\/espelta-alimentacion\/espelta\/gran-espelta\/preparation-pour-biscuit-joie-bio-500g\/#breadcrumb\"},\"inLanguage\":\"es\",\"potentialAction\":[{\"@type\":\"ReadAction\",\"target\":[\"https:\/\/www.lesjardinsdesaintehildegarde.com\/es\/espelta-alimentacion\/espelta\/gran-espelta\/preparation-pour-biscuit-joie-bio-500g\/\"]}]},{\"@type\":\"ImageObject\",\"inLanguage\":\"es\",\"@id\":\"https:\/\/www.lesjardinsdesaintehildegarde.com\/es\/espelta-alimentacion\/espelta\/gran-espelta\/preparation-pour-biscuit-joie-bio-500g\/#primaryimage\",\"url\":\"https:\/\/www.lesjardinsdesaintehildegarde.com\/wp-content\/uploads\/2023\/07\/60169-premix-pour-biscuits-de-la-joie-bio-500g.jpg\",\"contentUrl\":\"https:\/\/www.lesjardinsdesaintehildegarde.com\/wp-content\/uploads\/2023\/07\/60169-premix-pour-biscuits-de-la-joie-bio-500g.jpg\",\"width\":1200,\"height\":1200,\"caption\":\"Premix Bio pour biscuits de la joie, pr\u00eat \u00e0 l'emploi, 500g net, recommand\u00e9 par sainte Hildegarde de Bingen\"},{\"@type\":\"BreadcrumbList\",\"@id\":\"https:\/\/www.lesjardinsdesaintehildegarde.com\/es\/espelta-alimentacion\/espelta\/gran-espelta\/preparation-pour-biscuit-joie-bio-500g\/#breadcrumb\",\"itemListElement\":[{\"@type\":\"ListItem\",\"position\":1,\"name\":\"Inicio\",\"item\":\"https:\/\/www.lesjardinsdesaintehildegarde.com\/es\/\"},{\"@type\":\"ListItem\",\"position\":2,\"name\":\"Productos\",\"item\":\"https:\/\/www.lesjardinsdesaintehildegarde.com\/es\/shop\/\"},{\"@type\":\"ListItem\",\"position\":3,\"name\":\"PREPARATION POUR BISCUIT JOIE BIO 500G*\"}]},{\"@type\":\"WebSite\",\"@id\":\"https:\/\/www.lesjardinsdesaintehildegarde.com\/es\/#website\",\"url\":\"https:\/\/www.lesjardinsdesaintehildegarde.com\/es\/\",\"name\":\"Les Jardins de Sainte-Hildegarde\",\"description\":\"Viriditas\",\"publisher\":{\"@id\":\"https:\/\/www.lesjardinsdesaintehildegarde.com\/es\/#organization\"},\"potentialAction\":[{\"@type\":\"SearchAction\",\"target\":{\"@type\":\"EntryPoint\",\"urlTemplate\":\"https:\/\/www.lesjardinsdesaintehildegarde.com\/es\/?s={search_term_string}\"},\"query-input\":{\"@type\":\"PropertyValueSpecification\",\"valueRequired\":true,\"valueName\":\"search_term_string\"}}],\"inLanguage\":\"es\"},{\"@type\":\"Organization\",\"@id\":\"https:\/\/www.lesjardinsdesaintehildegarde.com\/es\/#organization\",\"name\":\"Les Jardins de Sainte-Hildegarde\",\"url\":\"https:\/\/www.lesjardinsdesaintehildegarde.com\/es\/\",\"logo\":{\"@type\":\"ImageObject\",\"inLanguage\":\"es\",\"@id\":\"https:\/\/www.lesjardinsdesaintehildegarde.com\/es\/#\/schema\/logo\/image\/\",\"url\":\"https:\/\/www.lesjardinsdesaintehildegarde.com\/wp-content\/uploads\/2022\/11\/logo-2022.png\",\"contentUrl\":\"https:\/\/www.lesjardinsdesaintehildegarde.com\/wp-content\/uploads\/2022\/11\/logo-2022.png\",\"width\":365,\"height\":90,\"caption\":\"Les Jardins de Sainte-Hildegarde\"},\"image\":{\"@id\":\"https:\/\/www.lesjardinsdesaintehildegarde.com\/es\/#\/schema\/logo\/image\/\"}}]}<\/script>\n<!-- \/ Yoast SEO plugin. -->","yoast_head_json":{"title":"PREPARATION POUR BISCUIT JOIE BIO 500G* - Les Jardins de Sainte-Hildegarde","robots":{"index":"index","follow":"follow","max-snippet":"max-snippet:-1","max-image-preview":"max-image-preview:large","max-video-preview":"max-video-preview:-1"},"canonical":"https:\/\/www.lesjardinsdesaintehildegarde.com\/es\/espelta-alimentacion\/espelta\/gran-espelta\/preparation-pour-biscuit-joie-bio-500g\/","og_locale":"es_ES","og_type":"article","og_title":"PREPARATION POUR BISCUIT JOIE BIO 500G* - Les Jardins de Sainte-Hildegarde","og_description":"PREMIX BIO POUR BISCUITS DE LA JOIE* 500g (11\u20ac \/ kg) * Issu de l&#8217;agriculture biologique Il n&#8217;a jamais \u00e9t\u00e9 aussi facile de cuisiner des biscuits de la joie qu&#8217;avec cette pr\u00e9paration ! Il vous suffira d&#8217;ajouter 2 oeufs entiers et 70g de beurre pour obtenir une p\u00e2te pr\u00eate \u00e0 abaisser pour d\u00e9couper vos biscuits [&hellip;]","og_url":"https:\/\/www.lesjardinsdesaintehildegarde.com\/es\/espelta-alimentacion\/espelta\/gran-espelta\/preparation-pour-biscuit-joie-bio-500g\/","og_site_name":"Les Jardins de Sainte-Hildegarde","article_modified_time":"2026-04-16T21:01:10+00:00","og_image":[{"width":1200,"height":1200,"url":"https:\/\/www.lesjardinsdesaintehildegarde.com\/wp-content\/uploads\/2023\/07\/60169-premix-pour-biscuits-de-la-joie-bio-500g.jpg","type":"image\/jpeg"}],"twitter_card":"summary_large_image","twitter_misc":{"Tiempo de lectura":"2 minutos"},"schema":{"@context":"https:\/\/schema.org","@graph":[{"@type":"WebPage","@id":"https:\/\/www.lesjardinsdesaintehildegarde.com\/es\/espelta-alimentacion\/espelta\/gran-espelta\/preparation-pour-biscuit-joie-bio-500g\/","url":"https:\/\/www.lesjardinsdesaintehildegarde.com\/es\/espelta-alimentacion\/espelta\/gran-espelta\/preparation-pour-biscuit-joie-bio-500g\/","name":"PREPARATION POUR BISCUIT JOIE BIO 500G* - Les Jardins de Sainte-Hildegarde","isPartOf":{"@id":"https:\/\/www.lesjardinsdesaintehildegarde.com\/es\/#website"},"primaryImageOfPage":{"@id":"https:\/\/www.lesjardinsdesaintehildegarde.com\/es\/espelta-alimentacion\/espelta\/gran-espelta\/preparation-pour-biscuit-joie-bio-500g\/#primaryimage"},"image":{"@id":"https:\/\/www.lesjardinsdesaintehildegarde.com\/es\/espelta-alimentacion\/espelta\/gran-espelta\/preparation-pour-biscuit-joie-bio-500g\/#primaryimage"},"thumbnailUrl":"https:\/\/www.lesjardinsdesaintehildegarde.com\/wp-content\/uploads\/2023\/07\/60169-premix-pour-biscuits-de-la-joie-bio-500g.jpg","datePublished":"2022-11-04T08:07:38+00:00","dateModified":"2026-04-16T21:01:10+00:00","breadcrumb":{"@id":"https:\/\/www.lesjardinsdesaintehildegarde.com\/es\/espelta-alimentacion\/espelta\/gran-espelta\/preparation-pour-biscuit-joie-bio-500g\/#breadcrumb"},"inLanguage":"es","potentialAction":[{"@type":"ReadAction","target":["https:\/\/www.lesjardinsdesaintehildegarde.com\/es\/espelta-alimentacion\/espelta\/gran-espelta\/preparation-pour-biscuit-joie-bio-500g\/"]}]},{"@type":"ImageObject","inLanguage":"es","@id":"https:\/\/www.lesjardinsdesaintehildegarde.com\/es\/espelta-alimentacion\/espelta\/gran-espelta\/preparation-pour-biscuit-joie-bio-500g\/#primaryimage","url":"https:\/\/www.lesjardinsdesaintehildegarde.com\/wp-content\/uploads\/2023\/07\/60169-premix-pour-biscuits-de-la-joie-bio-500g.jpg","contentUrl":"https:\/\/www.lesjardinsdesaintehildegarde.com\/wp-content\/uploads\/2023\/07\/60169-premix-pour-biscuits-de-la-joie-bio-500g.jpg","width":1200,"height":1200,"caption":"Premix Bio pour biscuits de la joie, pr\u00eat \u00e0 l'emploi, 500g net, recommand\u00e9 par sainte Hildegarde de Bingen"},{"@type":"BreadcrumbList","@id":"https:\/\/www.lesjardinsdesaintehildegarde.com\/es\/espelta-alimentacion\/espelta\/gran-espelta\/preparation-pour-biscuit-joie-bio-500g\/#breadcrumb","itemListElement":[{"@type":"ListItem","position":1,"name":"Inicio","item":"https:\/\/www.lesjardinsdesaintehildegarde.com\/es\/"},{"@type":"ListItem","position":2,"name":"Productos","item":"https:\/\/www.lesjardinsdesaintehildegarde.com\/es\/shop\/"},{"@type":"ListItem","position":3,"name":"PREPARATION POUR BISCUIT JOIE BIO 500G*"}]},{"@type":"WebSite","@id":"https:\/\/www.lesjardinsdesaintehildegarde.com\/es\/#website","url":"https:\/\/www.lesjardinsdesaintehildegarde.com\/es\/","name":"Les Jardins de Sainte-Hildegarde","description":"Viriditas","publisher":{"@id":"https:\/\/www.lesjardinsdesaintehildegarde.com\/es\/#organization"},"potentialAction":[{"@type":"SearchAction","target":{"@type":"EntryPoint","urlTemplate":"https:\/\/www.lesjardinsdesaintehildegarde.com\/es\/?s={search_term_string}"},"query-input":{"@type":"PropertyValueSpecification","valueRequired":true,"valueName":"search_term_string"}}],"inLanguage":"es"},{"@type":"Organization","@id":"https:\/\/www.lesjardinsdesaintehildegarde.com\/es\/#organization","name":"Les Jardins de Sainte-Hildegarde","url":"https:\/\/www.lesjardinsdesaintehildegarde.com\/es\/","logo":{"@type":"ImageObject","inLanguage":"es","@id":"https:\/\/www.lesjardinsdesaintehildegarde.com\/es\/#\/schema\/logo\/image\/","url":"https:\/\/www.lesjardinsdesaintehildegarde.com\/wp-content\/uploads\/2022\/11\/logo-2022.png","contentUrl":"https:\/\/www.lesjardinsdesaintehildegarde.com\/wp-content\/uploads\/2022\/11\/logo-2022.png","width":365,"height":90,"caption":"Les Jardins de Sainte-Hildegarde"},"image":{"@id":"https:\/\/www.lesjardinsdesaintehildegarde.com\/es\/#\/schema\/logo\/image\/"}}]}},"_links":{"self":[{"href":"https:\/\/www.lesjardinsdesaintehildegarde.com\/es\/wp-json\/wp\/v2\/product\/1110","targetHints":{"allow":["GET"]}}],"collection":[{"href":"https:\/\/www.lesjardinsdesaintehildegarde.com\/es\/wp-json\/wp\/v2\/product"}],"about":[{"href":"https:\/\/www.lesjardinsdesaintehildegarde.com\/es\/wp-json\/wp\/v2\/types\/product"}],"replies":[{"embeddable":true,"href":"https:\/\/www.lesjardinsdesaintehildegarde.com\/es\/wp-json\/wp\/v2\/comments?post=1110"}],"wp:featuredmedia":[{"embeddable":true,"href":"https:\/\/www.lesjardinsdesaintehildegarde.com\/es\/wp-json\/wp\/v2\/media\/66846"}],"wp:attachment":[{"href":"https:\/\/www.lesjardinsdesaintehildegarde.com\/es\/wp-json\/wp\/v2\/media?parent=1110"}],"wp:term":[{"taxonomy":"product_brand","embeddable":true,"href":"https:\/\/www.lesjardinsdesaintehildegarde.com\/es\/wp-json\/wp\/v2\/product_brand?post=1110"},{"taxonomy":"product_cat","embeddable":true,"href":"https:\/\/www.lesjardinsdesaintehildegarde.com\/es\/wp-json\/wp\/v2\/product_cat?post=1110"},{"taxonomy":"product_tag","embeddable":true,"href":"https:\/\/www.lesjardinsdesaintehildegarde.com\/es\/wp-json\/wp\/v2\/product_tag?post=1110"}],"curies":[{"name":"wp","href":"https:\/\/api.w.org\/{rel}","templated":true}]}}