{"id":1118,"date":"2022-11-04T09:07:39","date_gmt":"2022-11-04T08:07:39","guid":{"rendered":"https:\/\/www.lesjardinsdesaintehildegarde.com\/non%20class\u00e9\/propogom-miel-eucalyptus-45g-bio\/"},"modified":"2026-04-17T11:26:03","modified_gmt":"2026-04-17T09:26:03","slug":"propogom-miel-eucalyptus-45g-bio","status":"publish","type":"product","link":"https:\/\/www.lesjardinsdesaintehildegarde.com\/es\/otros-productos\/productos-apicolas\/propogom-miel-eucalyptus-45g-bio\/","title":{"rendered":"PROPOGOM MIEL\/ EUCALYPTUS 45G BIO*"},"content":{"rendered":"<p>PROPOGOM BIO* 45 G MIEL\/ EUCALYPTUS<\/p>\n<p>D\u00e9licieuses &amp; Actives<\/p>\n<p>Apaise la gorge &amp; Rafra\u00eechit l&#8217;haleine<\/p>\n<p>* Issu de l&#8217;agriculture biologique<\/p>\n<p>La Propolis est une substance r\u00e9sineuse r\u00e9colt\u00e9e par les abeilles sur les bourgeons des arbres. Elle est utilis\u00e9e au sein de la ruche pour prot\u00e9ger l&#8217;environnement. Les Gommes \u00e0 la Propolis Bio, Miel et Eucalyptus Propos Nature ont une influence b\u00e9n\u00e9fique sur la gorge. Elles vous procurent une sensation de bien-\u00eatre qui s&#8217;ajoute \u00e0 l&#8217;action adoucissante et fluidifiante de la gomme arabique et du miel. L&#8217;effet expectorant de l&#8217;Eucalyptus facilite la respiration tout en rafra\u00eechissant l&#8217;haleine.<\/p>\n<p>Mode d&#8217;emploi :<\/p>\n<p>Sucer lentement 5 \u00e0 6 gommes par jour.<\/p>\n<p>Efficacit\u00e9 d\u00e8s la premi\u00e8re gomme !<\/p>\n<p>Compl\u00e9ment alimentaire. Ceci n&#8217;est pas un m\u00e9dicament. Ne se substitue pas \u00e0 une alimentation vari\u00e9e et \u00e9quilibr\u00e9e et \u00e0 un mode de vie sain. Ne pas d\u00e9passer la dose conseill\u00e9e. Tenir hors de port\u00e9e des enfants.<\/p>\n<p>Ingr\u00e9dients :<\/p>\n<p>gomme d&#8217;acacia bio*, sucre roux bio*, miel bio*, extrait de propolis bio* 0,52% (4,16% \u00e9quivalent teinture m\u00e8re), ar\u00f4me naturel HE eucalyptus bio* (eucalyptus radiata) 0,16%.<\/p>\n<p>Valeurs nutritionnelles pour 100 g :<\/p>\n<p>Valeur \u00e9nerg\u00e9tique : 259 kcal &#8211; 1082  kJ<\/p>\n<p>Glucides : 44,7g<\/p>\n<p>Lipides : &lt;0,1g<\/p>\n<p>Protides : 1g<\/p>\n<p>Valeurs nutritionnelles moyennes pour 6 gommes de 1g :<\/p>\n<p>Valeur \u00e9nerg\u00e9tique : 15,54 Kcal &#8211; 64,92 Kj<\/p>\n<p>Glucides : 2,68g<\/p>\n<p>Lipides : &lt;0,01g<\/p>\n<p>Protides : 0,1g<\/p>\n<p>Propolis Bio : 31mg <\/p>\n<p>Huile essentielle d&#8217;ecualyptus : 9,6mg<\/p>\n","protected":false},"excerpt":{"rendered":"<p>PROPOGOM BIO* 45 G MIEL\/ EUCALYPTUS D\u00e9licieuses &amp; Actives Apaise la gorge &amp; Rafra\u00eechit l&#8217;haleine * Issu de l&#8217;agriculture biologique La Propolis est une substance r\u00e9sineuse r\u00e9colt\u00e9e par les abeilles sur les bourgeons des arbres. Elle est utilis\u00e9e au sein de la ruche pour prot\u00e9ger l&#8217;environnement. Les Gommes \u00e0 la Propolis Bio, Miel et Eucalyptus [&hellip;]<\/p>\n","protected":false},"featured_media":142840,"comment_status":"open","ping_status":"closed","template":"","meta":{"_acf_changed":false,"_relevanssi_hide_post":"","_relevanssi_hide_content":"","_relevanssi_pin_for_all":"","_relevanssi_pin_keywords":"","_relevanssi_unpin_keywords":"","_relevanssi_related_keywords":"","_relevanssi_related_include_ids":"","_relevanssi_related_exclude_ids":"","_relevanssi_related_no_append":"","_relevanssi_related_not_related":"","_relevanssi_related_posts":"","_relevanssi_noindex_reason":""},"product_brand":[],"product_cat":[37,119],"product_tag":[49],"class_list":{"0":"post-1118","1":"product","2":"type-product","3":"status-publish","4":"has-post-thumbnail","6":"product_cat-produits-divers","7":"product_cat-propolis","8":"product_tag-produit-bio","10":"first","11":"instock","12":"taxable","13":"shipping-taxable","14":"purchasable","15":"product-type-simple"},"acf":[],"yoast_head":"<!-- This site is optimized with the Yoast SEO plugin v27.2 - https:\/\/yoast.com\/product\/yoast-seo-wordpress\/ -->\n<title>PROPOGOM MIEL\/ EUCALYPTUS 45G BIO* - Les Jardins de Sainte-Hildegarde<\/title>\n<meta name=\"robots\" content=\"index, follow, max-snippet:-1, max-image-preview:large, max-video-preview:-1\" \/>\n<link rel=\"canonical\" href=\"https:\/\/www.lesjardinsdesaintehildegarde.com\/es\/otros-productos\/productos-apicolas\/propogom-miel-eucalyptus-45g-bio\/\" \/>\n<meta property=\"og:locale\" content=\"es_ES\" \/>\n<meta property=\"og:type\" content=\"article\" \/>\n<meta property=\"og:title\" content=\"PROPOGOM MIEL\/ EUCALYPTUS 45G BIO* - Les Jardins de Sainte-Hildegarde\" \/>\n<meta property=\"og:description\" content=\"PROPOGOM BIO* 45 G MIEL\/ EUCALYPTUS D\u00e9licieuses &amp; Actives Apaise la gorge &amp; Rafra\u00eechit l&#8217;haleine * Issu de l&#8217;agriculture biologique La Propolis est une substance r\u00e9sineuse r\u00e9colt\u00e9e par les abeilles sur les bourgeons des arbres. Elle est utilis\u00e9e au sein de la ruche pour prot\u00e9ger l&#8217;environnement. Les Gommes \u00e0 la Propolis Bio, Miel et Eucalyptus [&hellip;]\" \/>\n<meta property=\"og:url\" content=\"https:\/\/www.lesjardinsdesaintehildegarde.com\/es\/otros-productos\/productos-apicolas\/propogom-miel-eucalyptus-45g-bio\/\" \/>\n<meta property=\"og:site_name\" content=\"Les Jardins de Sainte-Hildegarde\" \/>\n<meta property=\"article:modified_time\" content=\"2026-04-17T09:26:03+00:00\" \/>\n<meta property=\"og:image\" content=\"https:\/\/www.lesjardinsdesaintehildegarde.com\/wp-content\/uploads\/2022\/11\/67010-propogom-miel-eucalyptus-1.jpg\" \/>\n\t<meta property=\"og:image:width\" content=\"1200\" \/>\n\t<meta property=\"og:image:height\" content=\"1200\" \/>\n\t<meta property=\"og:image:type\" content=\"image\/jpeg\" \/>\n<meta name=\"twitter:card\" content=\"summary_large_image\" \/>\n<meta name=\"twitter:label1\" content=\"Tiempo de lectura\" \/>\n\t<meta name=\"twitter:data1\" content=\"2 minutos\" \/>\n<script type=\"application\/ld+json\" class=\"yoast-schema-graph\">{\"@context\":\"https:\/\/schema.org\",\"@graph\":[{\"@type\":\"WebPage\",\"@id\":\"https:\/\/www.lesjardinsdesaintehildegarde.com\/es\/otros-productos\/productos-apicolas\/propogom-miel-eucalyptus-45g-bio\/\",\"url\":\"https:\/\/www.lesjardinsdesaintehildegarde.com\/es\/otros-productos\/productos-apicolas\/propogom-miel-eucalyptus-45g-bio\/\",\"name\":\"PROPOGOM MIEL\/ EUCALYPTUS 45G BIO* - Les Jardins de Sainte-Hildegarde\",\"isPartOf\":{\"@id\":\"https:\/\/www.lesjardinsdesaintehildegarde.com\/es\/#website\"},\"primaryImageOfPage\":{\"@id\":\"https:\/\/www.lesjardinsdesaintehildegarde.com\/es\/otros-productos\/productos-apicolas\/propogom-miel-eucalyptus-45g-bio\/#primaryimage\"},\"image\":{\"@id\":\"https:\/\/www.lesjardinsdesaintehildegarde.com\/es\/otros-productos\/productos-apicolas\/propogom-miel-eucalyptus-45g-bio\/#primaryimage\"},\"thumbnailUrl\":\"https:\/\/www.lesjardinsdesaintehildegarde.com\/wp-content\/uploads\/2022\/11\/67010-propogom-miel-eucalyptus-1.jpg\",\"datePublished\":\"2022-11-04T08:07:39+00:00\",\"dateModified\":\"2026-04-17T09:26:03+00:00\",\"breadcrumb\":{\"@id\":\"https:\/\/www.lesjardinsdesaintehildegarde.com\/es\/otros-productos\/productos-apicolas\/propogom-miel-eucalyptus-45g-bio\/#breadcrumb\"},\"inLanguage\":\"es\",\"potentialAction\":[{\"@type\":\"ReadAction\",\"target\":[\"https:\/\/www.lesjardinsdesaintehildegarde.com\/es\/otros-productos\/productos-apicolas\/propogom-miel-eucalyptus-45g-bio\/\"]}]},{\"@type\":\"ImageObject\",\"inLanguage\":\"es\",\"@id\":\"https:\/\/www.lesjardinsdesaintehildegarde.com\/es\/otros-productos\/productos-apicolas\/propogom-miel-eucalyptus-45g-bio\/#primaryimage\",\"url\":\"https:\/\/www.lesjardinsdesaintehildegarde.com\/wp-content\/uploads\/2022\/11\/67010-propogom-miel-eucalyptus-1.jpg\",\"contentUrl\":\"https:\/\/www.lesjardinsdesaintehildegarde.com\/wp-content\/uploads\/2022\/11\/67010-propogom-miel-eucalyptus-1.jpg\",\"width\":1200,\"height\":1200,\"caption\":\"PROPOGOM BIO* 45 G MIEL\/ EUCALYPTUS\"},{\"@type\":\"BreadcrumbList\",\"@id\":\"https:\/\/www.lesjardinsdesaintehildegarde.com\/es\/otros-productos\/productos-apicolas\/propogom-miel-eucalyptus-45g-bio\/#breadcrumb\",\"itemListElement\":[{\"@type\":\"ListItem\",\"position\":1,\"name\":\"Inicio\",\"item\":\"https:\/\/www.lesjardinsdesaintehildegarde.com\/es\/\"},{\"@type\":\"ListItem\",\"position\":2,\"name\":\"Productos\",\"item\":\"https:\/\/www.lesjardinsdesaintehildegarde.com\/es\/shop\/\"},{\"@type\":\"ListItem\",\"position\":3,\"name\":\"PROPOGOM MIEL\/ EUCALYPTUS 45G BIO*\"}]},{\"@type\":\"WebSite\",\"@id\":\"https:\/\/www.lesjardinsdesaintehildegarde.com\/es\/#website\",\"url\":\"https:\/\/www.lesjardinsdesaintehildegarde.com\/es\/\",\"name\":\"Les Jardins de Sainte-Hildegarde\",\"description\":\"Viriditas\",\"publisher\":{\"@id\":\"https:\/\/www.lesjardinsdesaintehildegarde.com\/es\/#organization\"},\"potentialAction\":[{\"@type\":\"SearchAction\",\"target\":{\"@type\":\"EntryPoint\",\"urlTemplate\":\"https:\/\/www.lesjardinsdesaintehildegarde.com\/es\/?s={search_term_string}\"},\"query-input\":{\"@type\":\"PropertyValueSpecification\",\"valueRequired\":true,\"valueName\":\"search_term_string\"}}],\"inLanguage\":\"es\"},{\"@type\":\"Organization\",\"@id\":\"https:\/\/www.lesjardinsdesaintehildegarde.com\/es\/#organization\",\"name\":\"Les Jardins de Sainte-Hildegarde\",\"url\":\"https:\/\/www.lesjardinsdesaintehildegarde.com\/es\/\",\"logo\":{\"@type\":\"ImageObject\",\"inLanguage\":\"es\",\"@id\":\"https:\/\/www.lesjardinsdesaintehildegarde.com\/es\/#\/schema\/logo\/image\/\",\"url\":\"https:\/\/www.lesjardinsdesaintehildegarde.com\/wp-content\/uploads\/2022\/11\/logo-2022.png\",\"contentUrl\":\"https:\/\/www.lesjardinsdesaintehildegarde.com\/wp-content\/uploads\/2022\/11\/logo-2022.png\",\"width\":365,\"height\":90,\"caption\":\"Les Jardins de Sainte-Hildegarde\"},\"image\":{\"@id\":\"https:\/\/www.lesjardinsdesaintehildegarde.com\/es\/#\/schema\/logo\/image\/\"}}]}<\/script>\n<!-- \/ Yoast SEO plugin. -->","yoast_head_json":{"title":"PROPOGOM MIEL\/ EUCALYPTUS 45G BIO* - Les Jardins de Sainte-Hildegarde","robots":{"index":"index","follow":"follow","max-snippet":"max-snippet:-1","max-image-preview":"max-image-preview:large","max-video-preview":"max-video-preview:-1"},"canonical":"https:\/\/www.lesjardinsdesaintehildegarde.com\/es\/otros-productos\/productos-apicolas\/propogom-miel-eucalyptus-45g-bio\/","og_locale":"es_ES","og_type":"article","og_title":"PROPOGOM MIEL\/ EUCALYPTUS 45G BIO* - Les Jardins de Sainte-Hildegarde","og_description":"PROPOGOM BIO* 45 G MIEL\/ EUCALYPTUS D\u00e9licieuses &amp; Actives Apaise la gorge &amp; Rafra\u00eechit l&#8217;haleine * Issu de l&#8217;agriculture biologique La Propolis est une substance r\u00e9sineuse r\u00e9colt\u00e9e par les abeilles sur les bourgeons des arbres. Elle est utilis\u00e9e au sein de la ruche pour prot\u00e9ger l&#8217;environnement. Les Gommes \u00e0 la Propolis Bio, Miel et Eucalyptus [&hellip;]","og_url":"https:\/\/www.lesjardinsdesaintehildegarde.com\/es\/otros-productos\/productos-apicolas\/propogom-miel-eucalyptus-45g-bio\/","og_site_name":"Les Jardins de Sainte-Hildegarde","article_modified_time":"2026-04-17T09:26:03+00:00","og_image":[{"width":1200,"height":1200,"url":"https:\/\/www.lesjardinsdesaintehildegarde.com\/wp-content\/uploads\/2022\/11\/67010-propogom-miel-eucalyptus-1.jpg","type":"image\/jpeg"}],"twitter_card":"summary_large_image","twitter_misc":{"Tiempo de lectura":"2 minutos"},"schema":{"@context":"https:\/\/schema.org","@graph":[{"@type":"WebPage","@id":"https:\/\/www.lesjardinsdesaintehildegarde.com\/es\/otros-productos\/productos-apicolas\/propogom-miel-eucalyptus-45g-bio\/","url":"https:\/\/www.lesjardinsdesaintehildegarde.com\/es\/otros-productos\/productos-apicolas\/propogom-miel-eucalyptus-45g-bio\/","name":"PROPOGOM MIEL\/ EUCALYPTUS 45G BIO* - Les Jardins de Sainte-Hildegarde","isPartOf":{"@id":"https:\/\/www.lesjardinsdesaintehildegarde.com\/es\/#website"},"primaryImageOfPage":{"@id":"https:\/\/www.lesjardinsdesaintehildegarde.com\/es\/otros-productos\/productos-apicolas\/propogom-miel-eucalyptus-45g-bio\/#primaryimage"},"image":{"@id":"https:\/\/www.lesjardinsdesaintehildegarde.com\/es\/otros-productos\/productos-apicolas\/propogom-miel-eucalyptus-45g-bio\/#primaryimage"},"thumbnailUrl":"https:\/\/www.lesjardinsdesaintehildegarde.com\/wp-content\/uploads\/2022\/11\/67010-propogom-miel-eucalyptus-1.jpg","datePublished":"2022-11-04T08:07:39+00:00","dateModified":"2026-04-17T09:26:03+00:00","breadcrumb":{"@id":"https:\/\/www.lesjardinsdesaintehildegarde.com\/es\/otros-productos\/productos-apicolas\/propogom-miel-eucalyptus-45g-bio\/#breadcrumb"},"inLanguage":"es","potentialAction":[{"@type":"ReadAction","target":["https:\/\/www.lesjardinsdesaintehildegarde.com\/es\/otros-productos\/productos-apicolas\/propogom-miel-eucalyptus-45g-bio\/"]}]},{"@type":"ImageObject","inLanguage":"es","@id":"https:\/\/www.lesjardinsdesaintehildegarde.com\/es\/otros-productos\/productos-apicolas\/propogom-miel-eucalyptus-45g-bio\/#primaryimage","url":"https:\/\/www.lesjardinsdesaintehildegarde.com\/wp-content\/uploads\/2022\/11\/67010-propogom-miel-eucalyptus-1.jpg","contentUrl":"https:\/\/www.lesjardinsdesaintehildegarde.com\/wp-content\/uploads\/2022\/11\/67010-propogom-miel-eucalyptus-1.jpg","width":1200,"height":1200,"caption":"PROPOGOM BIO* 45 G MIEL\/ EUCALYPTUS"},{"@type":"BreadcrumbList","@id":"https:\/\/www.lesjardinsdesaintehildegarde.com\/es\/otros-productos\/productos-apicolas\/propogom-miel-eucalyptus-45g-bio\/#breadcrumb","itemListElement":[{"@type":"ListItem","position":1,"name":"Inicio","item":"https:\/\/www.lesjardinsdesaintehildegarde.com\/es\/"},{"@type":"ListItem","position":2,"name":"Productos","item":"https:\/\/www.lesjardinsdesaintehildegarde.com\/es\/shop\/"},{"@type":"ListItem","position":3,"name":"PROPOGOM MIEL\/ EUCALYPTUS 45G BIO*"}]},{"@type":"WebSite","@id":"https:\/\/www.lesjardinsdesaintehildegarde.com\/es\/#website","url":"https:\/\/www.lesjardinsdesaintehildegarde.com\/es\/","name":"Les Jardins de Sainte-Hildegarde","description":"Viriditas","publisher":{"@id":"https:\/\/www.lesjardinsdesaintehildegarde.com\/es\/#organization"},"potentialAction":[{"@type":"SearchAction","target":{"@type":"EntryPoint","urlTemplate":"https:\/\/www.lesjardinsdesaintehildegarde.com\/es\/?s={search_term_string}"},"query-input":{"@type":"PropertyValueSpecification","valueRequired":true,"valueName":"search_term_string"}}],"inLanguage":"es"},{"@type":"Organization","@id":"https:\/\/www.lesjardinsdesaintehildegarde.com\/es\/#organization","name":"Les Jardins de Sainte-Hildegarde","url":"https:\/\/www.lesjardinsdesaintehildegarde.com\/es\/","logo":{"@type":"ImageObject","inLanguage":"es","@id":"https:\/\/www.lesjardinsdesaintehildegarde.com\/es\/#\/schema\/logo\/image\/","url":"https:\/\/www.lesjardinsdesaintehildegarde.com\/wp-content\/uploads\/2022\/11\/logo-2022.png","contentUrl":"https:\/\/www.lesjardinsdesaintehildegarde.com\/wp-content\/uploads\/2022\/11\/logo-2022.png","width":365,"height":90,"caption":"Les Jardins de Sainte-Hildegarde"},"image":{"@id":"https:\/\/www.lesjardinsdesaintehildegarde.com\/es\/#\/schema\/logo\/image\/"}}]}},"_links":{"self":[{"href":"https:\/\/www.lesjardinsdesaintehildegarde.com\/es\/wp-json\/wp\/v2\/product\/1118","targetHints":{"allow":["GET"]}}],"collection":[{"href":"https:\/\/www.lesjardinsdesaintehildegarde.com\/es\/wp-json\/wp\/v2\/product"}],"about":[{"href":"https:\/\/www.lesjardinsdesaintehildegarde.com\/es\/wp-json\/wp\/v2\/types\/product"}],"replies":[{"embeddable":true,"href":"https:\/\/www.lesjardinsdesaintehildegarde.com\/es\/wp-json\/wp\/v2\/comments?post=1118"}],"wp:featuredmedia":[{"embeddable":true,"href":"https:\/\/www.lesjardinsdesaintehildegarde.com\/es\/wp-json\/wp\/v2\/media\/142840"}],"wp:attachment":[{"href":"https:\/\/www.lesjardinsdesaintehildegarde.com\/es\/wp-json\/wp\/v2\/media?parent=1118"}],"wp:term":[{"taxonomy":"product_brand","embeddable":true,"href":"https:\/\/www.lesjardinsdesaintehildegarde.com\/es\/wp-json\/wp\/v2\/product_brand?post=1118"},{"taxonomy":"product_cat","embeddable":true,"href":"https:\/\/www.lesjardinsdesaintehildegarde.com\/es\/wp-json\/wp\/v2\/product_cat?post=1118"},{"taxonomy":"product_tag","embeddable":true,"href":"https:\/\/www.lesjardinsdesaintehildegarde.com\/es\/wp-json\/wp\/v2\/product_tag?post=1118"}],"curies":[{"name":"wp","href":"https:\/\/api.w.org\/{rel}","templated":true}]}}