{"id":114810,"date":"2024-12-10T09:40:03","date_gmt":"2024-12-10T08:40:03","guid":{"rendered":"https:\/\/www.lesjardinsdesaintehildegarde.com\/?post_type=product&#038;p=114810"},"modified":"2026-04-14T23:01:11","modified_gmt":"2026-04-14T21:01:11","slug":"roll-on-amethyste","status":"publish","type":"product","link":"https:\/\/www.lesjardinsdesaintehildegarde.com\/es\/piedras-preciosas\/amatista\/roll-on-amethyste\/","title":{"rendered":"ROLL-ON AMETHYSTE"},"content":{"rendered":"<p>ROLL-ON D&#8217;AMETYSTE<\/p>\n<p>Taille en hauteur : 85mm<\/p>\n<p>Poids des pierres : 15 \u00e0 20g dans le flacon<\/p>\n<p>Ce roll-on vous permet de pr\u00e9parer et d&#8217;utiliser facilement l&#8217;eau d&#8217;am\u00e9thyste \u00e9voqu\u00e9e par sainte Hildegarde.<\/p>\n<p>Selon ses \u00e9crits : \u00ab se laver le visage souvent avec cette eau donne la peau douce et une belle couleur \u00bb<\/p>\n<p>Mode d&#8217;emploi :<\/p>\n<p>1) Ouvrir le roll-on<\/p>\n<p>D\u00e9vissez le bouchon, puis s\u00e9parez d\u00e9licatement la partie haute de la partie basse en faisant doucement levier avec une lame fine et plate. <\/p>\n<p>Veillez \u00e0 ne pas incliner la base afin d&#8217;\u00e9viter que les petites pierres d&#8217;am\u00e9thyste ne tombent.<\/p>\n<p>2) Pr\u00e9parer l&#8217;eau d&#8217;am\u00e9thyste<\/p>\n<p>Portez une petite quantit\u00e9 d&#8217;eau \u00e0 \u00e9bullition dans une casserole, puis versez-la avec pr\u00e9caution dans le flacon, directement sur les pierres.<\/p>\n<p>Pour \u00e9viter tout risque de br\u00fblure, utilisez un petit entonnoir ou un contenant avec un bec verseur.<\/p>\n<p>3) Refermer le roll-on<\/p>\n<p>Replacez fermement la partie sup\u00e9rieure sur la base.<\/p>\n<p>Votre roll-on est pr\u00eat \u00e0 l&#8217;emploi.<\/p>\n<p>Appliquez-le sur une peau propre, non maquill\u00e9e et sans soin appliqu\u00e9.<\/p>\n<p>Id\u00e9alement, utilisez-le le matin avant vos soins cosm\u00e9tiques et le soir apr\u00e8s le nettoyage de votre visage.<\/p>\n<p>Faites-le rouler d\u00e9licatement du centre vers l&#8217;ext\u00e9rieur et du haut vers le bas (ou inversement selon la zone trait\u00e9e). R\u00e9f\u00e9rez-vous au sch\u00e9ma p.32 de notre catalogue papier pour plus de d\u00e9tails.<\/p>\n<p>Ces gestes doux stimulent la circulation sanguine, favorisent l&#8217;oxyg\u00e9nation de la peau et offrent un effet lissant et raffermissant. <\/p>\n<p>Un rituel simple pour un teint \u00e9clatant et une peau tonifi\u00e9e !<\/p>\n<p>Astuce : Pour un effet optimal, conservez votre roll-on d&#8217;am\u00e9thyste au r\u00e9frig\u00e9rateur lorsque vous \u00eates \u00e0 la maison. <\/p>\n<p>Le froid renforcera son action d\u00e9congestionnante.<\/p>\n","protected":false},"excerpt":{"rendered":"<p>ROLL-ON D&#8217;AMETYSTE Taille en hauteur : 85mm Poids des pierres : 15 \u00e0 20g dans le flacon Ce roll-on vous permet de pr\u00e9parer et d&#8217;utiliser facilement l&#8217;eau d&#8217;am\u00e9thyste \u00e9voqu\u00e9e par sainte Hildegarde. Selon ses \u00e9crits : \u00ab se laver le visage souvent avec cette eau donne la peau douce et une belle couleur \u00bb Mode [&hellip;]<\/p>\n","protected":false},"featured_media":144686,"comment_status":"open","ping_status":"closed","template":"","meta":{"_acf_changed":false,"_relevanssi_hide_post":"","_relevanssi_hide_content":"","_relevanssi_pin_for_all":"","_relevanssi_pin_keywords":"","_relevanssi_unpin_keywords":"","_relevanssi_related_keywords":"","_relevanssi_related_include_ids":"","_relevanssi_related_exclude_ids":"","_relevanssi_related_no_append":"","_relevanssi_related_not_related":"","_relevanssi_related_posts":"","_relevanssi_noindex_reason":""},"product_brand":[],"product_cat":[84,34],"product_tag":[48],"class_list":{"0":"post-114810","1":"product","2":"type-product","3":"status-publish","4":"has-post-thumbnail","6":"product_cat-amethyste","7":"product_cat-pierres-precieuses-de-sainte-hildegarde-de-bingen","8":"product_tag-achat-direct","10":"first","11":"instock","12":"taxable","13":"shipping-taxable","14":"purchasable","15":"product-type-simple"},"acf":[],"yoast_head":"<!-- This site is optimized with the Yoast SEO plugin v27.2 - https:\/\/yoast.com\/product\/yoast-seo-wordpress\/ -->\n<title>ROLL-ON AMETHYSTE - Les Jardins de Sainte-Hildegarde<\/title>\n<meta name=\"robots\" content=\"index, follow, max-snippet:-1, max-image-preview:large, max-video-preview:-1\" \/>\n<link rel=\"canonical\" href=\"https:\/\/www.lesjardinsdesaintehildegarde.com\/es\/piedras-preciosas\/amatista\/roll-on-amethyste\/\" \/>\n<meta property=\"og:locale\" content=\"es_ES\" \/>\n<meta property=\"og:type\" content=\"article\" \/>\n<meta property=\"og:title\" content=\"ROLL-ON AMETHYSTE - Les Jardins de Sainte-Hildegarde\" \/>\n<meta property=\"og:description\" content=\"ROLL-ON D&#8217;AMETYSTE Taille en hauteur : 85mm Poids des pierres : 15 \u00e0 20g dans le flacon Ce roll-on vous permet de pr\u00e9parer et d&#8217;utiliser facilement l&#8217;eau d&#8217;am\u00e9thyste \u00e9voqu\u00e9e par sainte Hildegarde. Selon ses \u00e9crits : \u00ab se laver le visage souvent avec cette eau donne la peau douce et une belle couleur \u00bb Mode [&hellip;]\" \/>\n<meta property=\"og:url\" content=\"https:\/\/www.lesjardinsdesaintehildegarde.com\/es\/piedras-preciosas\/amatista\/roll-on-amethyste\/\" \/>\n<meta property=\"og:site_name\" content=\"Les Jardins de Sainte-Hildegarde\" \/>\n<meta property=\"article:modified_time\" content=\"2026-04-14T21:01:11+00:00\" \/>\n<meta property=\"og:image\" content=\"https:\/\/www.lesjardinsdesaintehildegarde.com\/wp-content\/uploads\/2024\/12\/73812-rollon-amethyste-1.jpg\" \/>\n\t<meta property=\"og:image:width\" content=\"1200\" \/>\n\t<meta property=\"og:image:height\" content=\"1200\" \/>\n\t<meta property=\"og:image:type\" content=\"image\/jpeg\" \/>\n<meta name=\"twitter:card\" content=\"summary_large_image\" \/>\n<meta name=\"twitter:label1\" content=\"Tiempo de lectura\" \/>\n\t<meta name=\"twitter:data1\" content=\"2 minutos\" \/>\n<script type=\"application\/ld+json\" class=\"yoast-schema-graph\">{\"@context\":\"https:\/\/schema.org\",\"@graph\":[{\"@type\":\"WebPage\",\"@id\":\"https:\/\/www.lesjardinsdesaintehildegarde.com\/es\/piedras-preciosas\/amatista\/roll-on-amethyste\/\",\"url\":\"https:\/\/www.lesjardinsdesaintehildegarde.com\/es\/piedras-preciosas\/amatista\/roll-on-amethyste\/\",\"name\":\"ROLL-ON AMETHYSTE - Les Jardins de Sainte-Hildegarde\",\"isPartOf\":{\"@id\":\"https:\/\/www.lesjardinsdesaintehildegarde.com\/es\/#website\"},\"primaryImageOfPage\":{\"@id\":\"https:\/\/www.lesjardinsdesaintehildegarde.com\/es\/piedras-preciosas\/amatista\/roll-on-amethyste\/#primaryimage\"},\"image\":{\"@id\":\"https:\/\/www.lesjardinsdesaintehildegarde.com\/es\/piedras-preciosas\/amatista\/roll-on-amethyste\/#primaryimage\"},\"thumbnailUrl\":\"https:\/\/www.lesjardinsdesaintehildegarde.com\/wp-content\/uploads\/2024\/12\/73812-rollon-amethyste-1.jpg\",\"datePublished\":\"2024-12-10T08:40:03+00:00\",\"dateModified\":\"2026-04-14T21:01:11+00:00\",\"breadcrumb\":{\"@id\":\"https:\/\/www.lesjardinsdesaintehildegarde.com\/es\/piedras-preciosas\/amatista\/roll-on-amethyste\/#breadcrumb\"},\"inLanguage\":\"es\",\"potentialAction\":[{\"@type\":\"ReadAction\",\"target\":[\"https:\/\/www.lesjardinsdesaintehildegarde.com\/es\/piedras-preciosas\/amatista\/roll-on-amethyste\/\"]}]},{\"@type\":\"ImageObject\",\"inLanguage\":\"es\",\"@id\":\"https:\/\/www.lesjardinsdesaintehildegarde.com\/es\/piedras-preciosas\/amatista\/roll-on-amethyste\/#primaryimage\",\"url\":\"https:\/\/www.lesjardinsdesaintehildegarde.com\/wp-content\/uploads\/2024\/12\/73812-rollon-amethyste-1.jpg\",\"contentUrl\":\"https:\/\/www.lesjardinsdesaintehildegarde.com\/wp-content\/uploads\/2024\/12\/73812-rollon-amethyste-1.jpg\",\"width\":1200,\"height\":1200,\"caption\":\"roll'on am\u00e9thyste soin du visage\"},{\"@type\":\"BreadcrumbList\",\"@id\":\"https:\/\/www.lesjardinsdesaintehildegarde.com\/es\/piedras-preciosas\/amatista\/roll-on-amethyste\/#breadcrumb\",\"itemListElement\":[{\"@type\":\"ListItem\",\"position\":1,\"name\":\"Inicio\",\"item\":\"https:\/\/www.lesjardinsdesaintehildegarde.com\/es\/\"},{\"@type\":\"ListItem\",\"position\":2,\"name\":\"Productos\",\"item\":\"https:\/\/www.lesjardinsdesaintehildegarde.com\/es\/shop\/\"},{\"@type\":\"ListItem\",\"position\":3,\"name\":\"ROLL-ON AMETHYSTE\"}]},{\"@type\":\"WebSite\",\"@id\":\"https:\/\/www.lesjardinsdesaintehildegarde.com\/es\/#website\",\"url\":\"https:\/\/www.lesjardinsdesaintehildegarde.com\/es\/\",\"name\":\"Les Jardins de Sainte-Hildegarde\",\"description\":\"Viriditas\",\"publisher\":{\"@id\":\"https:\/\/www.lesjardinsdesaintehildegarde.com\/es\/#organization\"},\"potentialAction\":[{\"@type\":\"SearchAction\",\"target\":{\"@type\":\"EntryPoint\",\"urlTemplate\":\"https:\/\/www.lesjardinsdesaintehildegarde.com\/es\/?s={search_term_string}\"},\"query-input\":{\"@type\":\"PropertyValueSpecification\",\"valueRequired\":true,\"valueName\":\"search_term_string\"}}],\"inLanguage\":\"es\"},{\"@type\":\"Organization\",\"@id\":\"https:\/\/www.lesjardinsdesaintehildegarde.com\/es\/#organization\",\"name\":\"Les Jardins de Sainte-Hildegarde\",\"url\":\"https:\/\/www.lesjardinsdesaintehildegarde.com\/es\/\",\"logo\":{\"@type\":\"ImageObject\",\"inLanguage\":\"es\",\"@id\":\"https:\/\/www.lesjardinsdesaintehildegarde.com\/es\/#\/schema\/logo\/image\/\",\"url\":\"https:\/\/www.lesjardinsdesaintehildegarde.com\/wp-content\/uploads\/2022\/11\/logo-2022.png\",\"contentUrl\":\"https:\/\/www.lesjardinsdesaintehildegarde.com\/wp-content\/uploads\/2022\/11\/logo-2022.png\",\"width\":365,\"height\":90,\"caption\":\"Les Jardins de Sainte-Hildegarde\"},\"image\":{\"@id\":\"https:\/\/www.lesjardinsdesaintehildegarde.com\/es\/#\/schema\/logo\/image\/\"}}]}<\/script>\n<!-- \/ Yoast SEO plugin. -->","yoast_head_json":{"title":"ROLL-ON AMETHYSTE - Les Jardins de Sainte-Hildegarde","robots":{"index":"index","follow":"follow","max-snippet":"max-snippet:-1","max-image-preview":"max-image-preview:large","max-video-preview":"max-video-preview:-1"},"canonical":"https:\/\/www.lesjardinsdesaintehildegarde.com\/es\/piedras-preciosas\/amatista\/roll-on-amethyste\/","og_locale":"es_ES","og_type":"article","og_title":"ROLL-ON AMETHYSTE - Les Jardins de Sainte-Hildegarde","og_description":"ROLL-ON D&#8217;AMETYSTE Taille en hauteur : 85mm Poids des pierres : 15 \u00e0 20g dans le flacon Ce roll-on vous permet de pr\u00e9parer et d&#8217;utiliser facilement l&#8217;eau d&#8217;am\u00e9thyste \u00e9voqu\u00e9e par sainte Hildegarde. Selon ses \u00e9crits : \u00ab se laver le visage souvent avec cette eau donne la peau douce et une belle couleur \u00bb Mode [&hellip;]","og_url":"https:\/\/www.lesjardinsdesaintehildegarde.com\/es\/piedras-preciosas\/amatista\/roll-on-amethyste\/","og_site_name":"Les Jardins de Sainte-Hildegarde","article_modified_time":"2026-04-14T21:01:11+00:00","og_image":[{"width":1200,"height":1200,"url":"https:\/\/www.lesjardinsdesaintehildegarde.com\/wp-content\/uploads\/2024\/12\/73812-rollon-amethyste-1.jpg","type":"image\/jpeg"}],"twitter_card":"summary_large_image","twitter_misc":{"Tiempo de lectura":"2 minutos"},"schema":{"@context":"https:\/\/schema.org","@graph":[{"@type":"WebPage","@id":"https:\/\/www.lesjardinsdesaintehildegarde.com\/es\/piedras-preciosas\/amatista\/roll-on-amethyste\/","url":"https:\/\/www.lesjardinsdesaintehildegarde.com\/es\/piedras-preciosas\/amatista\/roll-on-amethyste\/","name":"ROLL-ON AMETHYSTE - Les Jardins de Sainte-Hildegarde","isPartOf":{"@id":"https:\/\/www.lesjardinsdesaintehildegarde.com\/es\/#website"},"primaryImageOfPage":{"@id":"https:\/\/www.lesjardinsdesaintehildegarde.com\/es\/piedras-preciosas\/amatista\/roll-on-amethyste\/#primaryimage"},"image":{"@id":"https:\/\/www.lesjardinsdesaintehildegarde.com\/es\/piedras-preciosas\/amatista\/roll-on-amethyste\/#primaryimage"},"thumbnailUrl":"https:\/\/www.lesjardinsdesaintehildegarde.com\/wp-content\/uploads\/2024\/12\/73812-rollon-amethyste-1.jpg","datePublished":"2024-12-10T08:40:03+00:00","dateModified":"2026-04-14T21:01:11+00:00","breadcrumb":{"@id":"https:\/\/www.lesjardinsdesaintehildegarde.com\/es\/piedras-preciosas\/amatista\/roll-on-amethyste\/#breadcrumb"},"inLanguage":"es","potentialAction":[{"@type":"ReadAction","target":["https:\/\/www.lesjardinsdesaintehildegarde.com\/es\/piedras-preciosas\/amatista\/roll-on-amethyste\/"]}]},{"@type":"ImageObject","inLanguage":"es","@id":"https:\/\/www.lesjardinsdesaintehildegarde.com\/es\/piedras-preciosas\/amatista\/roll-on-amethyste\/#primaryimage","url":"https:\/\/www.lesjardinsdesaintehildegarde.com\/wp-content\/uploads\/2024\/12\/73812-rollon-amethyste-1.jpg","contentUrl":"https:\/\/www.lesjardinsdesaintehildegarde.com\/wp-content\/uploads\/2024\/12\/73812-rollon-amethyste-1.jpg","width":1200,"height":1200,"caption":"roll'on am\u00e9thyste soin du visage"},{"@type":"BreadcrumbList","@id":"https:\/\/www.lesjardinsdesaintehildegarde.com\/es\/piedras-preciosas\/amatista\/roll-on-amethyste\/#breadcrumb","itemListElement":[{"@type":"ListItem","position":1,"name":"Inicio","item":"https:\/\/www.lesjardinsdesaintehildegarde.com\/es\/"},{"@type":"ListItem","position":2,"name":"Productos","item":"https:\/\/www.lesjardinsdesaintehildegarde.com\/es\/shop\/"},{"@type":"ListItem","position":3,"name":"ROLL-ON AMETHYSTE"}]},{"@type":"WebSite","@id":"https:\/\/www.lesjardinsdesaintehildegarde.com\/es\/#website","url":"https:\/\/www.lesjardinsdesaintehildegarde.com\/es\/","name":"Les Jardins de Sainte-Hildegarde","description":"Viriditas","publisher":{"@id":"https:\/\/www.lesjardinsdesaintehildegarde.com\/es\/#organization"},"potentialAction":[{"@type":"SearchAction","target":{"@type":"EntryPoint","urlTemplate":"https:\/\/www.lesjardinsdesaintehildegarde.com\/es\/?s={search_term_string}"},"query-input":{"@type":"PropertyValueSpecification","valueRequired":true,"valueName":"search_term_string"}}],"inLanguage":"es"},{"@type":"Organization","@id":"https:\/\/www.lesjardinsdesaintehildegarde.com\/es\/#organization","name":"Les Jardins de Sainte-Hildegarde","url":"https:\/\/www.lesjardinsdesaintehildegarde.com\/es\/","logo":{"@type":"ImageObject","inLanguage":"es","@id":"https:\/\/www.lesjardinsdesaintehildegarde.com\/es\/#\/schema\/logo\/image\/","url":"https:\/\/www.lesjardinsdesaintehildegarde.com\/wp-content\/uploads\/2022\/11\/logo-2022.png","contentUrl":"https:\/\/www.lesjardinsdesaintehildegarde.com\/wp-content\/uploads\/2022\/11\/logo-2022.png","width":365,"height":90,"caption":"Les Jardins de Sainte-Hildegarde"},"image":{"@id":"https:\/\/www.lesjardinsdesaintehildegarde.com\/es\/#\/schema\/logo\/image\/"}}]}},"_links":{"self":[{"href":"https:\/\/www.lesjardinsdesaintehildegarde.com\/es\/wp-json\/wp\/v2\/product\/114810","targetHints":{"allow":["GET"]}}],"collection":[{"href":"https:\/\/www.lesjardinsdesaintehildegarde.com\/es\/wp-json\/wp\/v2\/product"}],"about":[{"href":"https:\/\/www.lesjardinsdesaintehildegarde.com\/es\/wp-json\/wp\/v2\/types\/product"}],"replies":[{"embeddable":true,"href":"https:\/\/www.lesjardinsdesaintehildegarde.com\/es\/wp-json\/wp\/v2\/comments?post=114810"}],"wp:featuredmedia":[{"embeddable":true,"href":"https:\/\/www.lesjardinsdesaintehildegarde.com\/es\/wp-json\/wp\/v2\/media\/144686"}],"wp:attachment":[{"href":"https:\/\/www.lesjardinsdesaintehildegarde.com\/es\/wp-json\/wp\/v2\/media?parent=114810"}],"wp:term":[{"taxonomy":"product_brand","embeddable":true,"href":"https:\/\/www.lesjardinsdesaintehildegarde.com\/es\/wp-json\/wp\/v2\/product_brand?post=114810"},{"taxonomy":"product_cat","embeddable":true,"href":"https:\/\/www.lesjardinsdesaintehildegarde.com\/es\/wp-json\/wp\/v2\/product_cat?post=114810"},{"taxonomy":"product_tag","embeddable":true,"href":"https:\/\/www.lesjardinsdesaintehildegarde.com\/es\/wp-json\/wp\/v2\/product_tag?post=114810"}],"curies":[{"name":"wp","href":"https:\/\/api.w.org\/{rel}","templated":true}]}}