{"id":1168,"date":"2022-11-04T09:07:46","date_gmt":"2022-11-04T08:07:46","guid":{"rendered":"https:\/\/www.lesjardinsdesaintehildegarde.com\/non%20class\u00e9\/sardonyx-pendentif-pierre-roulee\/"},"modified":"2026-04-16T23:01:11","modified_gmt":"2026-04-16T21:01:11","slug":"sardonyx-pendentif-pierre-roulee","status":"publish","type":"product","link":"https:\/\/www.lesjardinsdesaintehildegarde.com\/es\/piedras-preciosas\/sardonice\/sardonyx-pendentif-pierre-roulee\/","title":{"rendered":"SARDONYX PENDENTIF PIERRE ROULEE"},"content":{"rendered":"<p>SARDONYX PENDENTIF PIERRE ROULEE<\/p>\n<p>Description : Pierre roul\u00e9e d&#8217;environ 2 cm de long et 1.5 cm d&#8217;\u00e9paisseur<\/p>\n<p>Couleurs : Opaque, noir, jaune clair, bleu clair, orang\u00e9 &#8211; nuances uniques pour chaque pierre<\/p>\n<p>A noter : Chaque pierre est d\u00e9licatement perc\u00e9e puis la b\u00e9li\u00e8re est ins\u00e9r\u00e9e avec un point de colle interne pour  une solidit\u00e9 maximum et une esth\u00e9tique irr\u00e9prochable. <\/p>\n<p>Pour une dur\u00e9e de vie sup\u00e9rieure, vous pouvez faire \u00e9ventuellement changer la b\u00e9li\u00e8re aupr\u00e8s de votre bijoutier.<\/p>\n<p>Attention, le poids brut indiqu\u00e9 ci-dessus n&#8217;est pas le poids du produit lui-m\u00eame mais le poids utilis\u00e9 pour le calcul des frais d&#8217;envoi de votre colis. Les bijoux et min\u00e9raux sont vendus \u00e0 la pi\u00e8ce.<\/p>\n<p>Photo(s) non contractuelle(s) : <\/p>\n<p>Les min\u00e9raux sont des \u00e9l\u00e9ments de la nature, les formes et nuances des pierres sont diverses et vari\u00e9es, chaque pi\u00e8ce est donc unique !<\/p>\n<p>Se r\u00e9f\u00e9rer aux \u00e9crits de Sainte Hildegarde de Bingen pour conna\u00eetre les diff\u00e9rentes utilisations et les bienfaits de cette pierre. (cf Les Pierres qui Gu\u00e9rissent selon Hildegarde de Bingen ou le livre Physica).<\/p>\n<p>GARANTIES : Pierres naturelles, non color\u00e9es, non irradi\u00e9es<\/p>\n<p>R\u00e9g\u00e9n\u00e9rer vos pierres : les mettre dans de l&#8217;eau de source, puis les faire s\u00e9cher \u00e0 la lumi\u00e8re du jour une ou deux heures<\/p>\n","protected":false},"excerpt":{"rendered":"<p>SARDONYX PENDENTIF PIERRE ROULEE Description : Pierre roul\u00e9e d&#8217;environ 2 cm de long et 1.5 cm d&#8217;\u00e9paisseur Couleurs : Opaque, noir, jaune clair, bleu clair, orang\u00e9 &#8211; nuances uniques pour chaque pierre A noter : Chaque pierre est d\u00e9licatement perc\u00e9e puis la b\u00e9li\u00e8re est ins\u00e9r\u00e9e avec un point de colle interne pour une solidit\u00e9 maximum [&hellip;]<\/p>\n","protected":false},"featured_media":5822,"comment_status":"open","ping_status":"closed","template":"","meta":{"_acf_changed":false,"_relevanssi_hide_post":"","_relevanssi_hide_content":"","_relevanssi_pin_for_all":"","_relevanssi_pin_keywords":"","_relevanssi_unpin_keywords":"","_relevanssi_related_keywords":"","_relevanssi_related_include_ids":"","_relevanssi_related_exclude_ids":"","_relevanssi_related_no_append":"","_relevanssi_related_not_related":"","_relevanssi_related_posts":"","_relevanssi_noindex_reason":""},"product_brand":[],"product_cat":[34,80],"product_tag":[],"class_list":{"0":"post-1168","1":"product","2":"type-product","3":"status-publish","4":"has-post-thumbnail","6":"product_cat-pierres-precieuses-de-sainte-hildegarde-de-bingen","7":"product_cat-sardonyx","9":"first","10":"instock","11":"taxable","12":"shipping-taxable","13":"purchasable","14":"product-type-simple"},"acf":[],"yoast_head":"<!-- This site is optimized with the Yoast SEO plugin v27.2 - https:\/\/yoast.com\/product\/yoast-seo-wordpress\/ -->\n<title>SARDONYX PENDENTIF PIERRE ROULEE - Les Jardins de Sainte-Hildegarde<\/title>\n<meta name=\"robots\" content=\"index, follow, max-snippet:-1, max-image-preview:large, max-video-preview:-1\" \/>\n<link rel=\"canonical\" href=\"https:\/\/www.lesjardinsdesaintehildegarde.com\/es\/piedras-preciosas\/sardonice\/sardonyx-pendentif-pierre-roulee\/\" \/>\n<meta property=\"og:locale\" content=\"es_ES\" \/>\n<meta property=\"og:type\" content=\"article\" \/>\n<meta property=\"og:title\" content=\"SARDONYX PENDENTIF PIERRE ROULEE - Les Jardins de Sainte-Hildegarde\" \/>\n<meta property=\"og:description\" content=\"SARDONYX PENDENTIF PIERRE ROULEE Description : Pierre roul\u00e9e d&#8217;environ 2 cm de long et 1.5 cm d&#8217;\u00e9paisseur Couleurs : Opaque, noir, jaune clair, bleu clair, orang\u00e9 &#8211; nuances uniques pour chaque pierre A noter : Chaque pierre est d\u00e9licatement perc\u00e9e puis la b\u00e9li\u00e8re est ins\u00e9r\u00e9e avec un point de colle interne pour une solidit\u00e9 maximum [&hellip;]\" \/>\n<meta property=\"og:url\" content=\"https:\/\/www.lesjardinsdesaintehildegarde.com\/es\/piedras-preciosas\/sardonice\/sardonyx-pendentif-pierre-roulee\/\" \/>\n<meta property=\"og:site_name\" content=\"Les Jardins de Sainte-Hildegarde\" \/>\n<meta property=\"article:modified_time\" content=\"2026-04-16T21:01:11+00:00\" \/>\n<meta property=\"og:image\" content=\"https:\/\/www.lesjardinsdesaintehildegarde.com\/wp-content\/uploads\/2022\/11\/70073.jpg\" \/>\n\t<meta property=\"og:image:width\" content=\"3357\" \/>\n\t<meta property=\"og:image:height\" content=\"3046\" \/>\n\t<meta property=\"og:image:type\" content=\"image\/jpeg\" \/>\n<meta name=\"twitter:card\" content=\"summary_large_image\" \/>\n<meta name=\"twitter:label1\" content=\"Tiempo de lectura\" \/>\n\t<meta name=\"twitter:data1\" content=\"1 minuto\" \/>\n<script type=\"application\/ld+json\" class=\"yoast-schema-graph\">{\"@context\":\"https:\/\/schema.org\",\"@graph\":[{\"@type\":\"WebPage\",\"@id\":\"https:\/\/www.lesjardinsdesaintehildegarde.com\/es\/piedras-preciosas\/sardonice\/sardonyx-pendentif-pierre-roulee\/\",\"url\":\"https:\/\/www.lesjardinsdesaintehildegarde.com\/es\/piedras-preciosas\/sardonice\/sardonyx-pendentif-pierre-roulee\/\",\"name\":\"SARDONYX PENDENTIF PIERRE ROULEE - Les Jardins de Sainte-Hildegarde\",\"isPartOf\":{\"@id\":\"https:\/\/www.lesjardinsdesaintehildegarde.com\/es\/#website\"},\"primaryImageOfPage\":{\"@id\":\"https:\/\/www.lesjardinsdesaintehildegarde.com\/es\/piedras-preciosas\/sardonice\/sardonyx-pendentif-pierre-roulee\/#primaryimage\"},\"image\":{\"@id\":\"https:\/\/www.lesjardinsdesaintehildegarde.com\/es\/piedras-preciosas\/sardonice\/sardonyx-pendentif-pierre-roulee\/#primaryimage\"},\"thumbnailUrl\":\"https:\/\/www.lesjardinsdesaintehildegarde.com\/wp-content\/uploads\/2022\/11\/70073.jpg\",\"datePublished\":\"2022-11-04T08:07:46+00:00\",\"dateModified\":\"2026-04-16T21:01:11+00:00\",\"breadcrumb\":{\"@id\":\"https:\/\/www.lesjardinsdesaintehildegarde.com\/es\/piedras-preciosas\/sardonice\/sardonyx-pendentif-pierre-roulee\/#breadcrumb\"},\"inLanguage\":\"es\",\"potentialAction\":[{\"@type\":\"ReadAction\",\"target\":[\"https:\/\/www.lesjardinsdesaintehildegarde.com\/es\/piedras-preciosas\/sardonice\/sardonyx-pendentif-pierre-roulee\/\"]}]},{\"@type\":\"ImageObject\",\"inLanguage\":\"es\",\"@id\":\"https:\/\/www.lesjardinsdesaintehildegarde.com\/es\/piedras-preciosas\/sardonice\/sardonyx-pendentif-pierre-roulee\/#primaryimage\",\"url\":\"https:\/\/www.lesjardinsdesaintehildegarde.com\/wp-content\/uploads\/2022\/11\/70073.jpg\",\"contentUrl\":\"https:\/\/www.lesjardinsdesaintehildegarde.com\/wp-content\/uploads\/2022\/11\/70073.jpg\",\"width\":3357,\"height\":3046,\"caption\":\"SARDONYX PENDENTIF\"},{\"@type\":\"BreadcrumbList\",\"@id\":\"https:\/\/www.lesjardinsdesaintehildegarde.com\/es\/piedras-preciosas\/sardonice\/sardonyx-pendentif-pierre-roulee\/#breadcrumb\",\"itemListElement\":[{\"@type\":\"ListItem\",\"position\":1,\"name\":\"Inicio\",\"item\":\"https:\/\/www.lesjardinsdesaintehildegarde.com\/es\/\"},{\"@type\":\"ListItem\",\"position\":2,\"name\":\"Productos\",\"item\":\"https:\/\/www.lesjardinsdesaintehildegarde.com\/es\/shop\/\"},{\"@type\":\"ListItem\",\"position\":3,\"name\":\"SARDONYX PENDENTIF PIERRE ROULEE\"}]},{\"@type\":\"WebSite\",\"@id\":\"https:\/\/www.lesjardinsdesaintehildegarde.com\/es\/#website\",\"url\":\"https:\/\/www.lesjardinsdesaintehildegarde.com\/es\/\",\"name\":\"Les Jardins de Sainte-Hildegarde\",\"description\":\"Viriditas\",\"publisher\":{\"@id\":\"https:\/\/www.lesjardinsdesaintehildegarde.com\/es\/#organization\"},\"potentialAction\":[{\"@type\":\"SearchAction\",\"target\":{\"@type\":\"EntryPoint\",\"urlTemplate\":\"https:\/\/www.lesjardinsdesaintehildegarde.com\/es\/?s={search_term_string}\"},\"query-input\":{\"@type\":\"PropertyValueSpecification\",\"valueRequired\":true,\"valueName\":\"search_term_string\"}}],\"inLanguage\":\"es\"},{\"@type\":\"Organization\",\"@id\":\"https:\/\/www.lesjardinsdesaintehildegarde.com\/es\/#organization\",\"name\":\"Les Jardins de Sainte-Hildegarde\",\"url\":\"https:\/\/www.lesjardinsdesaintehildegarde.com\/es\/\",\"logo\":{\"@type\":\"ImageObject\",\"inLanguage\":\"es\",\"@id\":\"https:\/\/www.lesjardinsdesaintehildegarde.com\/es\/#\/schema\/logo\/image\/\",\"url\":\"https:\/\/www.lesjardinsdesaintehildegarde.com\/wp-content\/uploads\/2022\/11\/logo-2022.png\",\"contentUrl\":\"https:\/\/www.lesjardinsdesaintehildegarde.com\/wp-content\/uploads\/2022\/11\/logo-2022.png\",\"width\":365,\"height\":90,\"caption\":\"Les Jardins de Sainte-Hildegarde\"},\"image\":{\"@id\":\"https:\/\/www.lesjardinsdesaintehildegarde.com\/es\/#\/schema\/logo\/image\/\"}}]}<\/script>\n<!-- \/ Yoast SEO plugin. -->","yoast_head_json":{"title":"SARDONYX PENDENTIF PIERRE ROULEE - Les Jardins de Sainte-Hildegarde","robots":{"index":"index","follow":"follow","max-snippet":"max-snippet:-1","max-image-preview":"max-image-preview:large","max-video-preview":"max-video-preview:-1"},"canonical":"https:\/\/www.lesjardinsdesaintehildegarde.com\/es\/piedras-preciosas\/sardonice\/sardonyx-pendentif-pierre-roulee\/","og_locale":"es_ES","og_type":"article","og_title":"SARDONYX PENDENTIF PIERRE ROULEE - Les Jardins de Sainte-Hildegarde","og_description":"SARDONYX PENDENTIF PIERRE ROULEE Description : Pierre roul\u00e9e d&#8217;environ 2 cm de long et 1.5 cm d&#8217;\u00e9paisseur Couleurs : Opaque, noir, jaune clair, bleu clair, orang\u00e9 &#8211; nuances uniques pour chaque pierre A noter : Chaque pierre est d\u00e9licatement perc\u00e9e puis la b\u00e9li\u00e8re est ins\u00e9r\u00e9e avec un point de colle interne pour une solidit\u00e9 maximum [&hellip;]","og_url":"https:\/\/www.lesjardinsdesaintehildegarde.com\/es\/piedras-preciosas\/sardonice\/sardonyx-pendentif-pierre-roulee\/","og_site_name":"Les Jardins de Sainte-Hildegarde","article_modified_time":"2026-04-16T21:01:11+00:00","og_image":[{"width":3357,"height":3046,"url":"https:\/\/www.lesjardinsdesaintehildegarde.com\/wp-content\/uploads\/2022\/11\/70073.jpg","type":"image\/jpeg"}],"twitter_card":"summary_large_image","twitter_misc":{"Tiempo de lectura":"1 minuto"},"schema":{"@context":"https:\/\/schema.org","@graph":[{"@type":"WebPage","@id":"https:\/\/www.lesjardinsdesaintehildegarde.com\/es\/piedras-preciosas\/sardonice\/sardonyx-pendentif-pierre-roulee\/","url":"https:\/\/www.lesjardinsdesaintehildegarde.com\/es\/piedras-preciosas\/sardonice\/sardonyx-pendentif-pierre-roulee\/","name":"SARDONYX PENDENTIF PIERRE ROULEE - Les Jardins de Sainte-Hildegarde","isPartOf":{"@id":"https:\/\/www.lesjardinsdesaintehildegarde.com\/es\/#website"},"primaryImageOfPage":{"@id":"https:\/\/www.lesjardinsdesaintehildegarde.com\/es\/piedras-preciosas\/sardonice\/sardonyx-pendentif-pierre-roulee\/#primaryimage"},"image":{"@id":"https:\/\/www.lesjardinsdesaintehildegarde.com\/es\/piedras-preciosas\/sardonice\/sardonyx-pendentif-pierre-roulee\/#primaryimage"},"thumbnailUrl":"https:\/\/www.lesjardinsdesaintehildegarde.com\/wp-content\/uploads\/2022\/11\/70073.jpg","datePublished":"2022-11-04T08:07:46+00:00","dateModified":"2026-04-16T21:01:11+00:00","breadcrumb":{"@id":"https:\/\/www.lesjardinsdesaintehildegarde.com\/es\/piedras-preciosas\/sardonice\/sardonyx-pendentif-pierre-roulee\/#breadcrumb"},"inLanguage":"es","potentialAction":[{"@type":"ReadAction","target":["https:\/\/www.lesjardinsdesaintehildegarde.com\/es\/piedras-preciosas\/sardonice\/sardonyx-pendentif-pierre-roulee\/"]}]},{"@type":"ImageObject","inLanguage":"es","@id":"https:\/\/www.lesjardinsdesaintehildegarde.com\/es\/piedras-preciosas\/sardonice\/sardonyx-pendentif-pierre-roulee\/#primaryimage","url":"https:\/\/www.lesjardinsdesaintehildegarde.com\/wp-content\/uploads\/2022\/11\/70073.jpg","contentUrl":"https:\/\/www.lesjardinsdesaintehildegarde.com\/wp-content\/uploads\/2022\/11\/70073.jpg","width":3357,"height":3046,"caption":"SARDONYX PENDENTIF"},{"@type":"BreadcrumbList","@id":"https:\/\/www.lesjardinsdesaintehildegarde.com\/es\/piedras-preciosas\/sardonice\/sardonyx-pendentif-pierre-roulee\/#breadcrumb","itemListElement":[{"@type":"ListItem","position":1,"name":"Inicio","item":"https:\/\/www.lesjardinsdesaintehildegarde.com\/es\/"},{"@type":"ListItem","position":2,"name":"Productos","item":"https:\/\/www.lesjardinsdesaintehildegarde.com\/es\/shop\/"},{"@type":"ListItem","position":3,"name":"SARDONYX PENDENTIF PIERRE ROULEE"}]},{"@type":"WebSite","@id":"https:\/\/www.lesjardinsdesaintehildegarde.com\/es\/#website","url":"https:\/\/www.lesjardinsdesaintehildegarde.com\/es\/","name":"Les Jardins de Sainte-Hildegarde","description":"Viriditas","publisher":{"@id":"https:\/\/www.lesjardinsdesaintehildegarde.com\/es\/#organization"},"potentialAction":[{"@type":"SearchAction","target":{"@type":"EntryPoint","urlTemplate":"https:\/\/www.lesjardinsdesaintehildegarde.com\/es\/?s={search_term_string}"},"query-input":{"@type":"PropertyValueSpecification","valueRequired":true,"valueName":"search_term_string"}}],"inLanguage":"es"},{"@type":"Organization","@id":"https:\/\/www.lesjardinsdesaintehildegarde.com\/es\/#organization","name":"Les Jardins de Sainte-Hildegarde","url":"https:\/\/www.lesjardinsdesaintehildegarde.com\/es\/","logo":{"@type":"ImageObject","inLanguage":"es","@id":"https:\/\/www.lesjardinsdesaintehildegarde.com\/es\/#\/schema\/logo\/image\/","url":"https:\/\/www.lesjardinsdesaintehildegarde.com\/wp-content\/uploads\/2022\/11\/logo-2022.png","contentUrl":"https:\/\/www.lesjardinsdesaintehildegarde.com\/wp-content\/uploads\/2022\/11\/logo-2022.png","width":365,"height":90,"caption":"Les Jardins de Sainte-Hildegarde"},"image":{"@id":"https:\/\/www.lesjardinsdesaintehildegarde.com\/es\/#\/schema\/logo\/image\/"}}]}},"_links":{"self":[{"href":"https:\/\/www.lesjardinsdesaintehildegarde.com\/es\/wp-json\/wp\/v2\/product\/1168","targetHints":{"allow":["GET"]}}],"collection":[{"href":"https:\/\/www.lesjardinsdesaintehildegarde.com\/es\/wp-json\/wp\/v2\/product"}],"about":[{"href":"https:\/\/www.lesjardinsdesaintehildegarde.com\/es\/wp-json\/wp\/v2\/types\/product"}],"replies":[{"embeddable":true,"href":"https:\/\/www.lesjardinsdesaintehildegarde.com\/es\/wp-json\/wp\/v2\/comments?post=1168"}],"wp:featuredmedia":[{"embeddable":true,"href":"https:\/\/www.lesjardinsdesaintehildegarde.com\/es\/wp-json\/wp\/v2\/media\/5822"}],"wp:attachment":[{"href":"https:\/\/www.lesjardinsdesaintehildegarde.com\/es\/wp-json\/wp\/v2\/media?parent=1168"}],"wp:term":[{"taxonomy":"product_brand","embeddable":true,"href":"https:\/\/www.lesjardinsdesaintehildegarde.com\/es\/wp-json\/wp\/v2\/product_brand?post=1168"},{"taxonomy":"product_cat","embeddable":true,"href":"https:\/\/www.lesjardinsdesaintehildegarde.com\/es\/wp-json\/wp\/v2\/product_cat?post=1168"},{"taxonomy":"product_tag","embeddable":true,"href":"https:\/\/www.lesjardinsdesaintehildegarde.com\/es\/wp-json\/wp\/v2\/product_tag?post=1168"}],"curies":[{"name":"wp","href":"https:\/\/api.w.org\/{rel}","templated":true}]}}