{"id":1230,"date":"2022-11-04T09:07:55","date_gmt":"2022-11-04T08:07:55","guid":{"rendered":"https:\/\/www.lesjardinsdesaintehildegarde.com\/non%20class\u00e9\/galettes-soufflees-pei-bio-120g\/"},"modified":"2026-04-19T23:01:05","modified_gmt":"2026-04-19T21:01:05","slug":"galettes-soufflees-pei-bio-120g","status":"publish","type":"product","link":"https:\/\/www.lesjardinsdesaintehildegarde.com\/es\/espelta-alimentacion\/espelta\/pequena-espalta-italiana-farro\/galettes-soufflees-pei-bio-120g\/","title":{"rendered":"GALETTES SOUFFLEES PEI BIO 120G*"},"content":{"rendered":"<p>GALETTES  PETIT \u00c9PEAUTRE SOUFFLE BIO 120 G * (31,66\u20ac \/ kg)<\/p>\n<p>Non hybrid\u00e9 &#8211; Origine Italie<\/p>\n<p>* issu de l&#8217;agriculture biologique<\/p>\n<p>L&#8217;\u00e9peautre souffl\u00e9 est obtenu au moyen d&#8217;un processus de soufflage, en partant du grain int\u00e9gral d&#8217;\u00e9peautre perl\u00e9. Le grain entier est pr\u00e9cuit \u00e0 sec, de mani\u00e8re \u00e0 permettre de modifier sa structure, ensuite il est soumis \u00e0 une pression de vapeur qui donne l&#8217;expansion d\u00e9finitive. Nous n&#8217;ajoutons rien d&#8217;autre, sauf notre exp\u00e9rience et la passion pour les choses simples et naturelles.<\/p>\n<p>Ingr\u00e9dients :<\/p>\n<p>100% v\u00e9ritable Petit \u00e9peautre biologique non hybrid\u00e9 perl\u00e9 (Triticum dicoccum shrank)<\/p>\n<p>Le petit \u00e9peautre est tr\u00e8s digeste, tr\u00e8s riche en oligo-\u00e9l\u00e9ments, c&#8217;est la c\u00e9r\u00e9ale par excellence, conseill\u00e9e comme base essentielle d&#8217;une bonne alimentation par Sainte Hildegarde.<\/p>\n<p>Valeurs nutritionnelles pour 100g :<\/p>\n<p>Energie : 1613 kJ \/ 381 kcal<\/p>\n<p>Glucides : 74g dont sucres 0.8g<\/p>\n<p>Lipides : 2.4g dont acides gras satur\u00e9s 0.4g<\/p>\n<p>Prot\u00e9ines : 13g<\/p>\n<p>Fibres : 6.5g<\/p>\n<p>Sel : 0.03g<\/p>\n<p>Conserver \u00e0 temp\u00e9rature ambiante. Ne pas exposer \u00e0 la lumi\u00e8re directe et \u00e0 la chaleur. Entreposer dans un environnement sec.<\/p>\n<p>Photo(s) non contractuelles:<\/p>\n<p>L&#8217;origine naturelle de ce produit ne nous permet pas de vous garantir un aspect strictement identique d &#8216;un lot \u00e0 l&#8217;autre.<\/p>\n<p>En effet, de sensibles variations de couleurs, d&#8217;aspect, de texture, de go\u00fbt, de coupe, peuvent intervenir selon la zone g\u00e9ographique de culture, selon le climat, et selon les diff\u00e9rentes \u00e9tapes qui succ\u00e8dent \u00e0 la r\u00e9colte.<\/p>\n","protected":false},"excerpt":{"rendered":"<p>GALETTES PETIT \u00c9PEAUTRE SOUFFLE BIO 120 G * (31,66\u20ac \/ kg) Non hybrid\u00e9 &#8211; Origine Italie * issu de l&#8217;agriculture biologique L&#8217;\u00e9peautre souffl\u00e9 est obtenu au moyen d&#8217;un processus de soufflage, en partant du grain int\u00e9gral d&#8217;\u00e9peautre perl\u00e9. Le grain entier est pr\u00e9cuit \u00e0 sec, de mani\u00e8re \u00e0 permettre de modifier sa structure, ensuite il [&hellip;]<\/p>\n","protected":false},"featured_media":74100,"comment_status":"open","ping_status":"closed","template":"","meta":{"_acf_changed":false,"_relevanssi_hide_post":"","_relevanssi_hide_content":"","_relevanssi_pin_for_all":"","_relevanssi_pin_keywords":"","_relevanssi_unpin_keywords":"","_relevanssi_related_keywords":"","_relevanssi_related_include_ids":"","_relevanssi_related_exclude_ids":"","_relevanssi_related_no_append":"","_relevanssi_related_not_related":"","_relevanssi_related_posts":"","_relevanssi_noindex_reason":""},"product_brand":[],"product_cat":[52,30,61],"product_tag":[49],"class_list":{"0":"post-1230","1":"product","2":"type-product","3":"status-publish","4":"has-post-thumbnail","6":"product_cat-epeautre","7":"product_cat-epeautres-alimentation","8":"product_cat-petit-epeautre-italien","9":"product_tag-produit-bio","11":"first","12":"instock","13":"taxable","14":"shipping-taxable","15":"purchasable","16":"product-type-simple"},"acf":[],"yoast_head":"<!-- This site is optimized with the Yoast SEO plugin v27.2 - https:\/\/yoast.com\/product\/yoast-seo-wordpress\/ -->\n<title>GALETTES SOUFFLEES PEI BIO 120G* - Les Jardins de Sainte-Hildegarde<\/title>\n<meta name=\"robots\" content=\"index, follow, max-snippet:-1, max-image-preview:large, max-video-preview:-1\" \/>\n<link rel=\"canonical\" href=\"https:\/\/www.lesjardinsdesaintehildegarde.com\/es\/espelta-alimentacion\/espelta\/pequena-espalta-italiana-farro\/galettes-soufflees-pei-bio-120g\/\" \/>\n<meta property=\"og:locale\" content=\"es_ES\" \/>\n<meta property=\"og:type\" content=\"article\" \/>\n<meta property=\"og:title\" content=\"GALETTES SOUFFLEES PEI BIO 120G* - Les Jardins de Sainte-Hildegarde\" \/>\n<meta property=\"og:description\" content=\"GALETTES PETIT \u00c9PEAUTRE SOUFFLE BIO 120 G * (31,66\u20ac \/ kg) Non hybrid\u00e9 &#8211; Origine Italie * issu de l&#8217;agriculture biologique L&#8217;\u00e9peautre souffl\u00e9 est obtenu au moyen d&#8217;un processus de soufflage, en partant du grain int\u00e9gral d&#8217;\u00e9peautre perl\u00e9. Le grain entier est pr\u00e9cuit \u00e0 sec, de mani\u00e8re \u00e0 permettre de modifier sa structure, ensuite il [&hellip;]\" \/>\n<meta property=\"og:url\" content=\"https:\/\/www.lesjardinsdesaintehildegarde.com\/es\/espelta-alimentacion\/espelta\/pequena-espalta-italiana-farro\/galettes-soufflees-pei-bio-120g\/\" \/>\n<meta property=\"og:site_name\" content=\"Les Jardins de Sainte-Hildegarde\" \/>\n<meta property=\"article:modified_time\" content=\"2026-04-19T21:01:05+00:00\" \/>\n<meta property=\"og:image\" content=\"https:\/\/www.lesjardinsdesaintehildegarde.com\/wp-content\/uploads\/2022\/11\/94231-galettes-soufflees-pei-bio-200g.jpg\" \/>\n\t<meta property=\"og:image:width\" content=\"1200\" \/>\n\t<meta property=\"og:image:height\" content=\"1200\" \/>\n\t<meta property=\"og:image:type\" content=\"image\/jpeg\" \/>\n<meta name=\"twitter:card\" content=\"summary_large_image\" \/>\n<meta name=\"twitter:label1\" content=\"Tiempo de lectura\" \/>\n\t<meta name=\"twitter:data1\" content=\"2 minutos\" \/>\n<script type=\"application\/ld+json\" class=\"yoast-schema-graph\">{\"@context\":\"https:\/\/schema.org\",\"@graph\":[{\"@type\":\"WebPage\",\"@id\":\"https:\/\/www.lesjardinsdesaintehildegarde.com\/es\/espelta-alimentacion\/espelta\/pequena-espalta-italiana-farro\/galettes-soufflees-pei-bio-120g\/\",\"url\":\"https:\/\/www.lesjardinsdesaintehildegarde.com\/es\/espelta-alimentacion\/espelta\/pequena-espalta-italiana-farro\/galettes-soufflees-pei-bio-120g\/\",\"name\":\"GALETTES SOUFFLEES PEI BIO 120G* - Les Jardins de Sainte-Hildegarde\",\"isPartOf\":{\"@id\":\"https:\/\/www.lesjardinsdesaintehildegarde.com\/es\/#website\"},\"primaryImageOfPage\":{\"@id\":\"https:\/\/www.lesjardinsdesaintehildegarde.com\/es\/espelta-alimentacion\/espelta\/pequena-espalta-italiana-farro\/galettes-soufflees-pei-bio-120g\/#primaryimage\"},\"image\":{\"@id\":\"https:\/\/www.lesjardinsdesaintehildegarde.com\/es\/espelta-alimentacion\/espelta\/pequena-espalta-italiana-farro\/galettes-soufflees-pei-bio-120g\/#primaryimage\"},\"thumbnailUrl\":\"https:\/\/www.lesjardinsdesaintehildegarde.com\/wp-content\/uploads\/2022\/11\/94231-galettes-soufflees-pei-bio-200g.jpg\",\"datePublished\":\"2022-11-04T08:07:55+00:00\",\"dateModified\":\"2026-04-19T21:01:05+00:00\",\"breadcrumb\":{\"@id\":\"https:\/\/www.lesjardinsdesaintehildegarde.com\/es\/espelta-alimentacion\/espelta\/pequena-espalta-italiana-farro\/galettes-soufflees-pei-bio-120g\/#breadcrumb\"},\"inLanguage\":\"es\",\"potentialAction\":[{\"@type\":\"ReadAction\",\"target\":[\"https:\/\/www.lesjardinsdesaintehildegarde.com\/es\/espelta-alimentacion\/espelta\/pequena-espalta-italiana-farro\/galettes-soufflees-pei-bio-120g\/\"]}]},{\"@type\":\"ImageObject\",\"inLanguage\":\"es\",\"@id\":\"https:\/\/www.lesjardinsdesaintehildegarde.com\/es\/espelta-alimentacion\/espelta\/pequena-espalta-italiana-farro\/galettes-soufflees-pei-bio-120g\/#primaryimage\",\"url\":\"https:\/\/www.lesjardinsdesaintehildegarde.com\/wp-content\/uploads\/2022\/11\/94231-galettes-soufflees-pei-bio-200g.jpg\",\"contentUrl\":\"https:\/\/www.lesjardinsdesaintehildegarde.com\/wp-content\/uploads\/2022\/11\/94231-galettes-soufflees-pei-bio-200g.jpg\",\"width\":1200,\"height\":1200,\"caption\":\"Galettes souffl\u00e9es de petit \u00e9peautre biologique italien (triticum dicoccum non crois\u00e9 avec du bl\u00e9, farro), tr\u00e8s digestes.\"},{\"@type\":\"BreadcrumbList\",\"@id\":\"https:\/\/www.lesjardinsdesaintehildegarde.com\/es\/espelta-alimentacion\/espelta\/pequena-espalta-italiana-farro\/galettes-soufflees-pei-bio-120g\/#breadcrumb\",\"itemListElement\":[{\"@type\":\"ListItem\",\"position\":1,\"name\":\"Inicio\",\"item\":\"https:\/\/www.lesjardinsdesaintehildegarde.com\/es\/\"},{\"@type\":\"ListItem\",\"position\":2,\"name\":\"Productos\",\"item\":\"https:\/\/www.lesjardinsdesaintehildegarde.com\/es\/shop\/\"},{\"@type\":\"ListItem\",\"position\":3,\"name\":\"GALETTES SOUFFLEES PEI BIO 120G*\"}]},{\"@type\":\"WebSite\",\"@id\":\"https:\/\/www.lesjardinsdesaintehildegarde.com\/es\/#website\",\"url\":\"https:\/\/www.lesjardinsdesaintehildegarde.com\/es\/\",\"name\":\"Les Jardins de Sainte-Hildegarde\",\"description\":\"Viriditas\",\"publisher\":{\"@id\":\"https:\/\/www.lesjardinsdesaintehildegarde.com\/es\/#organization\"},\"potentialAction\":[{\"@type\":\"SearchAction\",\"target\":{\"@type\":\"EntryPoint\",\"urlTemplate\":\"https:\/\/www.lesjardinsdesaintehildegarde.com\/es\/?s={search_term_string}\"},\"query-input\":{\"@type\":\"PropertyValueSpecification\",\"valueRequired\":true,\"valueName\":\"search_term_string\"}}],\"inLanguage\":\"es\"},{\"@type\":\"Organization\",\"@id\":\"https:\/\/www.lesjardinsdesaintehildegarde.com\/es\/#organization\",\"name\":\"Les Jardins de Sainte-Hildegarde\",\"url\":\"https:\/\/www.lesjardinsdesaintehildegarde.com\/es\/\",\"logo\":{\"@type\":\"ImageObject\",\"inLanguage\":\"es\",\"@id\":\"https:\/\/www.lesjardinsdesaintehildegarde.com\/es\/#\/schema\/logo\/image\/\",\"url\":\"https:\/\/www.lesjardinsdesaintehildegarde.com\/wp-content\/uploads\/2022\/11\/logo-2022.png\",\"contentUrl\":\"https:\/\/www.lesjardinsdesaintehildegarde.com\/wp-content\/uploads\/2022\/11\/logo-2022.png\",\"width\":365,\"height\":90,\"caption\":\"Les Jardins de Sainte-Hildegarde\"},\"image\":{\"@id\":\"https:\/\/www.lesjardinsdesaintehildegarde.com\/es\/#\/schema\/logo\/image\/\"}}]}<\/script>\n<!-- \/ Yoast SEO plugin. -->","yoast_head_json":{"title":"GALETTES SOUFFLEES PEI BIO 120G* - Les Jardins de Sainte-Hildegarde","robots":{"index":"index","follow":"follow","max-snippet":"max-snippet:-1","max-image-preview":"max-image-preview:large","max-video-preview":"max-video-preview:-1"},"canonical":"https:\/\/www.lesjardinsdesaintehildegarde.com\/es\/espelta-alimentacion\/espelta\/pequena-espalta-italiana-farro\/galettes-soufflees-pei-bio-120g\/","og_locale":"es_ES","og_type":"article","og_title":"GALETTES SOUFFLEES PEI BIO 120G* - Les Jardins de Sainte-Hildegarde","og_description":"GALETTES PETIT \u00c9PEAUTRE SOUFFLE BIO 120 G * (31,66\u20ac \/ kg) Non hybrid\u00e9 &#8211; Origine Italie * issu de l&#8217;agriculture biologique L&#8217;\u00e9peautre souffl\u00e9 est obtenu au moyen d&#8217;un processus de soufflage, en partant du grain int\u00e9gral d&#8217;\u00e9peautre perl\u00e9. Le grain entier est pr\u00e9cuit \u00e0 sec, de mani\u00e8re \u00e0 permettre de modifier sa structure, ensuite il [&hellip;]","og_url":"https:\/\/www.lesjardinsdesaintehildegarde.com\/es\/espelta-alimentacion\/espelta\/pequena-espalta-italiana-farro\/galettes-soufflees-pei-bio-120g\/","og_site_name":"Les Jardins de Sainte-Hildegarde","article_modified_time":"2026-04-19T21:01:05+00:00","og_image":[{"width":1200,"height":1200,"url":"https:\/\/www.lesjardinsdesaintehildegarde.com\/wp-content\/uploads\/2022\/11\/94231-galettes-soufflees-pei-bio-200g.jpg","type":"image\/jpeg"}],"twitter_card":"summary_large_image","twitter_misc":{"Tiempo de lectura":"2 minutos"},"schema":{"@context":"https:\/\/schema.org","@graph":[{"@type":"WebPage","@id":"https:\/\/www.lesjardinsdesaintehildegarde.com\/es\/espelta-alimentacion\/espelta\/pequena-espalta-italiana-farro\/galettes-soufflees-pei-bio-120g\/","url":"https:\/\/www.lesjardinsdesaintehildegarde.com\/es\/espelta-alimentacion\/espelta\/pequena-espalta-italiana-farro\/galettes-soufflees-pei-bio-120g\/","name":"GALETTES SOUFFLEES PEI BIO 120G* - Les Jardins de Sainte-Hildegarde","isPartOf":{"@id":"https:\/\/www.lesjardinsdesaintehildegarde.com\/es\/#website"},"primaryImageOfPage":{"@id":"https:\/\/www.lesjardinsdesaintehildegarde.com\/es\/espelta-alimentacion\/espelta\/pequena-espalta-italiana-farro\/galettes-soufflees-pei-bio-120g\/#primaryimage"},"image":{"@id":"https:\/\/www.lesjardinsdesaintehildegarde.com\/es\/espelta-alimentacion\/espelta\/pequena-espalta-italiana-farro\/galettes-soufflees-pei-bio-120g\/#primaryimage"},"thumbnailUrl":"https:\/\/www.lesjardinsdesaintehildegarde.com\/wp-content\/uploads\/2022\/11\/94231-galettes-soufflees-pei-bio-200g.jpg","datePublished":"2022-11-04T08:07:55+00:00","dateModified":"2026-04-19T21:01:05+00:00","breadcrumb":{"@id":"https:\/\/www.lesjardinsdesaintehildegarde.com\/es\/espelta-alimentacion\/espelta\/pequena-espalta-italiana-farro\/galettes-soufflees-pei-bio-120g\/#breadcrumb"},"inLanguage":"es","potentialAction":[{"@type":"ReadAction","target":["https:\/\/www.lesjardinsdesaintehildegarde.com\/es\/espelta-alimentacion\/espelta\/pequena-espalta-italiana-farro\/galettes-soufflees-pei-bio-120g\/"]}]},{"@type":"ImageObject","inLanguage":"es","@id":"https:\/\/www.lesjardinsdesaintehildegarde.com\/es\/espelta-alimentacion\/espelta\/pequena-espalta-italiana-farro\/galettes-soufflees-pei-bio-120g\/#primaryimage","url":"https:\/\/www.lesjardinsdesaintehildegarde.com\/wp-content\/uploads\/2022\/11\/94231-galettes-soufflees-pei-bio-200g.jpg","contentUrl":"https:\/\/www.lesjardinsdesaintehildegarde.com\/wp-content\/uploads\/2022\/11\/94231-galettes-soufflees-pei-bio-200g.jpg","width":1200,"height":1200,"caption":"Galettes souffl\u00e9es de petit \u00e9peautre biologique italien (triticum dicoccum non crois\u00e9 avec du bl\u00e9, farro), tr\u00e8s digestes."},{"@type":"BreadcrumbList","@id":"https:\/\/www.lesjardinsdesaintehildegarde.com\/es\/espelta-alimentacion\/espelta\/pequena-espalta-italiana-farro\/galettes-soufflees-pei-bio-120g\/#breadcrumb","itemListElement":[{"@type":"ListItem","position":1,"name":"Inicio","item":"https:\/\/www.lesjardinsdesaintehildegarde.com\/es\/"},{"@type":"ListItem","position":2,"name":"Productos","item":"https:\/\/www.lesjardinsdesaintehildegarde.com\/es\/shop\/"},{"@type":"ListItem","position":3,"name":"GALETTES SOUFFLEES PEI BIO 120G*"}]},{"@type":"WebSite","@id":"https:\/\/www.lesjardinsdesaintehildegarde.com\/es\/#website","url":"https:\/\/www.lesjardinsdesaintehildegarde.com\/es\/","name":"Les Jardins de Sainte-Hildegarde","description":"Viriditas","publisher":{"@id":"https:\/\/www.lesjardinsdesaintehildegarde.com\/es\/#organization"},"potentialAction":[{"@type":"SearchAction","target":{"@type":"EntryPoint","urlTemplate":"https:\/\/www.lesjardinsdesaintehildegarde.com\/es\/?s={search_term_string}"},"query-input":{"@type":"PropertyValueSpecification","valueRequired":true,"valueName":"search_term_string"}}],"inLanguage":"es"},{"@type":"Organization","@id":"https:\/\/www.lesjardinsdesaintehildegarde.com\/es\/#organization","name":"Les Jardins de Sainte-Hildegarde","url":"https:\/\/www.lesjardinsdesaintehildegarde.com\/es\/","logo":{"@type":"ImageObject","inLanguage":"es","@id":"https:\/\/www.lesjardinsdesaintehildegarde.com\/es\/#\/schema\/logo\/image\/","url":"https:\/\/www.lesjardinsdesaintehildegarde.com\/wp-content\/uploads\/2022\/11\/logo-2022.png","contentUrl":"https:\/\/www.lesjardinsdesaintehildegarde.com\/wp-content\/uploads\/2022\/11\/logo-2022.png","width":365,"height":90,"caption":"Les Jardins de Sainte-Hildegarde"},"image":{"@id":"https:\/\/www.lesjardinsdesaintehildegarde.com\/es\/#\/schema\/logo\/image\/"}}]}},"_links":{"self":[{"href":"https:\/\/www.lesjardinsdesaintehildegarde.com\/es\/wp-json\/wp\/v2\/product\/1230","targetHints":{"allow":["GET"]}}],"collection":[{"href":"https:\/\/www.lesjardinsdesaintehildegarde.com\/es\/wp-json\/wp\/v2\/product"}],"about":[{"href":"https:\/\/www.lesjardinsdesaintehildegarde.com\/es\/wp-json\/wp\/v2\/types\/product"}],"replies":[{"embeddable":true,"href":"https:\/\/www.lesjardinsdesaintehildegarde.com\/es\/wp-json\/wp\/v2\/comments?post=1230"}],"wp:featuredmedia":[{"embeddable":true,"href":"https:\/\/www.lesjardinsdesaintehildegarde.com\/es\/wp-json\/wp\/v2\/media\/74100"}],"wp:attachment":[{"href":"https:\/\/www.lesjardinsdesaintehildegarde.com\/es\/wp-json\/wp\/v2\/media?parent=1230"}],"wp:term":[{"taxonomy":"product_brand","embeddable":true,"href":"https:\/\/www.lesjardinsdesaintehildegarde.com\/es\/wp-json\/wp\/v2\/product_brand?post=1230"},{"taxonomy":"product_cat","embeddable":true,"href":"https:\/\/www.lesjardinsdesaintehildegarde.com\/es\/wp-json\/wp\/v2\/product_cat?post=1230"},{"taxonomy":"product_tag","embeddable":true,"href":"https:\/\/www.lesjardinsdesaintehildegarde.com\/es\/wp-json\/wp\/v2\/product_tag?post=1230"}],"curies":[{"name":"wp","href":"https:\/\/api.w.org\/{rel}","templated":true}]}}