{"id":1243,"date":"2022-11-04T09:07:57","date_gmt":"2022-11-04T08:07:57","guid":{"rendered":"https:\/\/www.lesjardinsdesaintehildegarde.com\/non%20class\u00e9\/poudre-de-chataigne-amandes-bio-400g\/"},"modified":"2026-04-30T13:38:02","modified_gmt":"2026-04-30T11:38:02","slug":"poudre-de-chataigne-amandes-bio-400g","status":"publish","type":"product","link":"https:\/\/www.lesjardinsdesaintehildegarde.com\/es\/espelta-alimentacion\/frutos-y-preparaciones-a-base-de-frutos\/poudre-de-chataigne-amandes-bio-400g\/","title":{"rendered":"POUDRE DE CHATAIGNE\/ AMANDES BIO 400G*"},"content":{"rendered":"<p>POUDRE POUR BOISSON AUX CH\u00c2TAIGNES BIO 400G * (49.75\u20ac \/ kg)<\/p>\n<p>\u00abFleur de ch\u00e2taigne\u00bb &#8211; 100% Bio v\u00e9g\u00e9tal &#8211; Fabrication fran\u00e7aise<\/p>\n<p>\u00abLa ch\u00e2taigne am\u00e8ne l&#8217;homme \u00e0 sa juste mesure.\u00bb<\/p>\n<p>PHYSICA Ch. XII : LE CH\u00c2TAIGNIER<\/p>\n<p>Pour 4\/5 litres.<\/p>\n<p>Source de Magn\u00e9sium, Vitamine B9.<\/p>\n<p>Au quotidien, cette pr\u00e9paration instantan\u00e9e est la solution id\u00e9ale pour apporter le meilleur des fruits secs, en compl\u00e9ment d&#8217;une alimentation vari\u00e9e et \u00e9quilibr\u00e9e et d&#8217;un mode de vie sain :<\/p>\n<p>&#8211; Du magn\u00e9sium contribuant \u00e0 r\u00e9duire la fatigue, au fonctionnement du syst\u00e8me nerveux et musculaire, au maintien de l&#8217;ossature et de la dentition.<\/p>\n<p>&#8211; De la vitamine B9 contribuant \u00e0 la croissance des tissus maternels durant la grossesse, \u00e0 la synth\u00e8se normale des acides amin\u00e9s, \u00e0 la formation normale du sang.<\/p>\n<p>&#8211; Du mangan\u00e8se contribue au maintien d&#8217;une ossature normale <\/p>\n<p>1 verre de 3 doses = 8.3% des AR (Apports recommand\u00e9s) en magn\u00e9sium et 7% des AR en vitamine B9 et 16.3% des AR en mangan\u00e8se.<\/p>\n<p>Pour b\u00e9n\u00e9ficier au maximum des nutriments de cette boisson, il est conseill\u00e9 de consommer 3 verres\/jour.<\/p>\n<p>Tr\u00e8s attach\u00e9e aux vertus des fruits secs, La Mandorle a d\u00e9velopp\u00e9 un brevet d&#8217;invention pour la fabrication des ses boissons v\u00e9g\u00e9tales avec une approche nutritionnelle de qualit\u00e9 optimale. B\u00e9n\u00e9ficiez des bienfaits de ces concentr\u00e9s en poudre dans une dimension \u00e9cologique durable !<\/p>\n<p>100% v\u00e9g\u00e9tale, naturellement sans lait ni lactose ni gluten, sans soja, cette boisson en poudre peut \u00eatre consomm\u00e9e par des personnes recherchant une alternative v\u00e9g\u00e9tale unique.<\/p>\n<p>Ingr\u00e9dients :<\/p>\n<p>Amandes* d\u00e9graiss\u00e9es partiellement 25% (Italie ou Espagne), farine de ch\u00e2taignes* 25% (Italie), sirop de riz* d\u00e9shydrat\u00e9, farine de riz*, fibre d&#8217;acacia*, ar\u00f4me naturel de vanille*<\/p>\n<p>* Issu de l&#8217;agriculture biologique<\/p>\n<p>Traces possibles de noisettes*<\/p>\n<p>Conseils de pr\u00e9paration :<\/p>\n<p>Versez 2 \u00e0 3 doses de poudre. Ajouter de 100 \u00e0 200 ml d&#8217;eau, chaude ou froide.<\/p>\n<p>Secouez ou m\u00e9langez \u00e0 la cuill\u00e8re. D\u00e9gustez !<\/p>\n<p>En cuisine :<\/p>\n<p>Diluer 2 doses\/ 100ml de liquide pour des recettes sucr\u00e9es, et 1 dose\/ 100 ml pour des sal\u00e9es. Dissoudre avant incorporation ou ajouter directement la poudre puis l&#8217;eau selon la recette.<\/p>\n<p>Pour les jeunes enfants au moment des sevrages et de la diversification alimentaire :<\/p>\n<p>Reconstituer la boisson avec uniquement une eau adapt\u00e9e selon la r\u00e9glementation, eau min\u00e9rale ou eau de source faiblement min\u00e9ralis\u00e9e, en respectant le dosage conseill\u00e9 de 2 doses par 100 ml d&#8217;eau. A adapter selon le volume correspondant aux mois d&#8217;\u00e2ge et sauf avis contraire d&#8217;une personne ind\u00e9pendante qualifi\u00e9e en m\u00e9decine, en di\u00e9t\u00e9tique, ou en pharmacie, ou d&#8217;un professionnel dans le domaine des soins, maternels et infantiles.<\/p>\n<p>Il est conseill\u00e9 de consommer le jour m\u00eame la pr\u00e9paration reconstitu\u00e9e et de la r\u00e9frig\u00e9rer si besoin. Pour les jeunes enfants, ne pas conserver le reste de pr\u00e9paration apr\u00e8s consommation.<\/p>\n<p>A conserver dans un endroit frais et sec, avant et apr\u00e8s ouverture.<\/p>\n<p>Valeurs nutritionnelles pour 100g :<\/p>\n<p>Energie : 1574 kJ \/  376 kcal<\/p>\n<p>Lipides : 4.6g (dont acides gras satur\u00e9s : 0.6g<\/p>\n<p>Glucides : 63g (dont sucres : 15g) <\/p>\n<p>Prot\u00e9ines : 16g<\/p>\n<p>Fibres : 9.4g<\/p>\n<p>Sel : 0.1g<\/p>\n<p>Magn\u00e9sium : 156 mg (42% AJR)<\/p>\n<p>Phosphore : 287 mg (41% AJR)<\/p>\n<p>Vitamine B9 : 73.3 \u00b5g (37% AJR)<\/p>\n<p>Mangan\u00e8se : 1.64 mg (82% AJR)<\/p>\n","protected":false},"excerpt":{"rendered":"<p>POUDRE POUR BOISSON AUX CH\u00c2TAIGNES BIO 400G * (49.75\u20ac \/ kg) \u00abFleur de ch\u00e2taigne\u00bb &#8211; 100% Bio v\u00e9g\u00e9tal &#8211; Fabrication fran\u00e7aise \u00abLa ch\u00e2taigne am\u00e8ne l&#8217;homme \u00e0 sa juste mesure.\u00bb PHYSICA Ch. XII : LE CH\u00c2TAIGNIER Pour 4\/5 litres. Source de Magn\u00e9sium, Vitamine B9. Au quotidien, cette pr\u00e9paration instantan\u00e9e est la solution id\u00e9ale pour apporter le [&hellip;]<\/p>\n","protected":false},"featured_media":93027,"comment_status":"open","ping_status":"closed","template":"","meta":{"_acf_changed":false,"_relevanssi_hide_post":"","_relevanssi_hide_content":"","_relevanssi_pin_for_all":"","_relevanssi_pin_keywords":"","_relevanssi_unpin_keywords":"","_relevanssi_related_keywords":"","_relevanssi_related_include_ids":"","_relevanssi_related_exclude_ids":"","_relevanssi_related_no_append":"","_relevanssi_related_not_related":"","_relevanssi_related_posts":"","_relevanssi_noindex_reason":""},"product_brand":[],"product_cat":[30,55],"product_tag":[49],"class_list":{"0":"post-1243","1":"product","2":"type-product","3":"status-publish","4":"has-post-thumbnail","6":"product_cat-epeautres-alimentation","7":"product_cat-fruits-et-preparations-a-base-de-fruits","8":"product_tag-produit-bio","10":"first","11":"outofstock","12":"taxable","13":"shipping-taxable","14":"purchasable","15":"product-type-simple"},"acf":[],"yoast_head":"<!-- This site is optimized with the Yoast SEO plugin v27.4 - https:\/\/yoast.com\/product\/yoast-seo-wordpress\/ -->\n<title>POUDRE DE CHATAIGNE\/ AMANDES BIO 400G* - Les Jardins de Sainte-Hildegarde<\/title>\n<meta name=\"robots\" content=\"index, follow, max-snippet:-1, max-image-preview:large, max-video-preview:-1\" \/>\n<link rel=\"canonical\" href=\"https:\/\/www.lesjardinsdesaintehildegarde.com\/es\/espelta-alimentacion\/frutos-y-preparaciones-a-base-de-frutos\/poudre-de-chataigne-amandes-bio-400g\/\" \/>\n<meta property=\"og:locale\" content=\"es_ES\" \/>\n<meta property=\"og:type\" content=\"article\" \/>\n<meta property=\"og:title\" content=\"POUDRE DE CHATAIGNE\/ AMANDES BIO 400G* - Les Jardins de Sainte-Hildegarde\" \/>\n<meta property=\"og:description\" content=\"POUDRE POUR BOISSON AUX CH\u00c2TAIGNES BIO 400G * (49.75\u20ac \/ kg) \u00abFleur de ch\u00e2taigne\u00bb &#8211; 100% Bio v\u00e9g\u00e9tal &#8211; Fabrication fran\u00e7aise \u00abLa ch\u00e2taigne am\u00e8ne l&#8217;homme \u00e0 sa juste mesure.\u00bb PHYSICA Ch. XII : LE CH\u00c2TAIGNIER Pour 4\/5 litres. Source de Magn\u00e9sium, Vitamine B9. Au quotidien, cette pr\u00e9paration instantan\u00e9e est la solution id\u00e9ale pour apporter le [&hellip;]\" \/>\n<meta property=\"og:url\" content=\"https:\/\/www.lesjardinsdesaintehildegarde.com\/es\/espelta-alimentacion\/frutos-y-preparaciones-a-base-de-frutos\/poudre-de-chataigne-amandes-bio-400g\/\" \/>\n<meta property=\"og:site_name\" content=\"Les Jardins de Sainte-Hildegarde\" \/>\n<meta property=\"article:modified_time\" content=\"2026-04-30T11:38:02+00:00\" \/>\n<meta property=\"og:image\" content=\"https:\/\/www.lesjardinsdesaintehildegarde.com\/wp-content\/uploads\/2022\/11\/am003-lait-chataigne-amande.jpg\" \/>\n\t<meta property=\"og:image:width\" content=\"1200\" \/>\n\t<meta property=\"og:image:height\" content=\"1200\" \/>\n\t<meta property=\"og:image:type\" content=\"image\/jpeg\" \/>\n<meta name=\"twitter:card\" content=\"summary_large_image\" \/>\n<meta name=\"twitter:label1\" content=\"Tiempo de lectura\" \/>\n\t<meta name=\"twitter:data1\" content=\"3 minutos\" \/>\n<script type=\"application\/ld+json\" class=\"yoast-schema-graph\">{\"@context\":\"https:\\\/\\\/schema.org\",\"@graph\":[{\"@type\":\"WebPage\",\"@id\":\"https:\\\/\\\/www.lesjardinsdesaintehildegarde.com\\\/es\\\/espelta-alimentacion\\\/frutos-y-preparaciones-a-base-de-frutos\\\/poudre-de-chataigne-amandes-bio-400g\\\/\",\"url\":\"https:\\\/\\\/www.lesjardinsdesaintehildegarde.com\\\/es\\\/espelta-alimentacion\\\/frutos-y-preparaciones-a-base-de-frutos\\\/poudre-de-chataigne-amandes-bio-400g\\\/\",\"name\":\"POUDRE DE CHATAIGNE\\\/ AMANDES BIO 400G* - Les Jardins de Sainte-Hildegarde\",\"isPartOf\":{\"@id\":\"https:\\\/\\\/www.lesjardinsdesaintehildegarde.com\\\/es\\\/#website\"},\"primaryImageOfPage\":{\"@id\":\"https:\\\/\\\/www.lesjardinsdesaintehildegarde.com\\\/es\\\/espelta-alimentacion\\\/frutos-y-preparaciones-a-base-de-frutos\\\/poudre-de-chataigne-amandes-bio-400g\\\/#primaryimage\"},\"image\":{\"@id\":\"https:\\\/\\\/www.lesjardinsdesaintehildegarde.com\\\/es\\\/espelta-alimentacion\\\/frutos-y-preparaciones-a-base-de-frutos\\\/poudre-de-chataigne-amandes-bio-400g\\\/#primaryimage\"},\"thumbnailUrl\":\"https:\\\/\\\/www.lesjardinsdesaintehildegarde.com\\\/wp-content\\\/uploads\\\/2022\\\/11\\\/am003-lait-chataigne-amande.jpg\",\"datePublished\":\"2022-11-04T08:07:57+00:00\",\"dateModified\":\"2026-04-30T11:38:02+00:00\",\"breadcrumb\":{\"@id\":\"https:\\\/\\\/www.lesjardinsdesaintehildegarde.com\\\/es\\\/espelta-alimentacion\\\/frutos-y-preparaciones-a-base-de-frutos\\\/poudre-de-chataigne-amandes-bio-400g\\\/#breadcrumb\"},\"inLanguage\":\"es\",\"potentialAction\":[{\"@type\":\"ReadAction\",\"target\":[\"https:\\\/\\\/www.lesjardinsdesaintehildegarde.com\\\/es\\\/espelta-alimentacion\\\/frutos-y-preparaciones-a-base-de-frutos\\\/poudre-de-chataigne-amandes-bio-400g\\\/\"]}]},{\"@type\":\"ImageObject\",\"inLanguage\":\"es\",\"@id\":\"https:\\\/\\\/www.lesjardinsdesaintehildegarde.com\\\/es\\\/espelta-alimentacion\\\/frutos-y-preparaciones-a-base-de-frutos\\\/poudre-de-chataigne-amandes-bio-400g\\\/#primaryimage\",\"url\":\"https:\\\/\\\/www.lesjardinsdesaintehildegarde.com\\\/wp-content\\\/uploads\\\/2022\\\/11\\\/am003-lait-chataigne-amande.jpg\",\"contentUrl\":\"https:\\\/\\\/www.lesjardinsdesaintehildegarde.com\\\/wp-content\\\/uploads\\\/2022\\\/11\\\/am003-lait-chataigne-amande.jpg\",\"width\":1200,\"height\":1200,\"caption\":\"Lait d'amande et ch\u00e2taigne. Poids net 400g.\"},{\"@type\":\"BreadcrumbList\",\"@id\":\"https:\\\/\\\/www.lesjardinsdesaintehildegarde.com\\\/es\\\/espelta-alimentacion\\\/frutos-y-preparaciones-a-base-de-frutos\\\/poudre-de-chataigne-amandes-bio-400g\\\/#breadcrumb\",\"itemListElement\":[{\"@type\":\"ListItem\",\"position\":1,\"name\":\"Inicio\",\"item\":\"https:\\\/\\\/www.lesjardinsdesaintehildegarde.com\\\/es\\\/\"},{\"@type\":\"ListItem\",\"position\":2,\"name\":\"Productos\",\"item\":\"https:\\\/\\\/www.lesjardinsdesaintehildegarde.com\\\/es\\\/shop\\\/\"},{\"@type\":\"ListItem\",\"position\":3,\"name\":\"POUDRE DE CHATAIGNE\\\/ AMANDES BIO 400G*\"}]},{\"@type\":\"WebSite\",\"@id\":\"https:\\\/\\\/www.lesjardinsdesaintehildegarde.com\\\/es\\\/#website\",\"url\":\"https:\\\/\\\/www.lesjardinsdesaintehildegarde.com\\\/es\\\/\",\"name\":\"Les Jardins de Sainte-Hildegarde\",\"description\":\"Viriditas\",\"publisher\":{\"@id\":\"https:\\\/\\\/www.lesjardinsdesaintehildegarde.com\\\/es\\\/#organization\"},\"potentialAction\":[{\"@type\":\"SearchAction\",\"target\":{\"@type\":\"EntryPoint\",\"urlTemplate\":\"https:\\\/\\\/www.lesjardinsdesaintehildegarde.com\\\/es\\\/?s={search_term_string}\"},\"query-input\":{\"@type\":\"PropertyValueSpecification\",\"valueRequired\":true,\"valueName\":\"search_term_string\"}}],\"inLanguage\":\"es\"},{\"@type\":\"Organization\",\"@id\":\"https:\\\/\\\/www.lesjardinsdesaintehildegarde.com\\\/es\\\/#organization\",\"name\":\"Les Jardins de Sainte-Hildegarde\",\"url\":\"https:\\\/\\\/www.lesjardinsdesaintehildegarde.com\\\/es\\\/\",\"logo\":{\"@type\":\"ImageObject\",\"inLanguage\":\"es\",\"@id\":\"https:\\\/\\\/www.lesjardinsdesaintehildegarde.com\\\/es\\\/#\\\/schema\\\/logo\\\/image\\\/\",\"url\":\"https:\\\/\\\/www.lesjardinsdesaintehildegarde.com\\\/wp-content\\\/uploads\\\/2022\\\/11\\\/logo-2022.png\",\"contentUrl\":\"https:\\\/\\\/www.lesjardinsdesaintehildegarde.com\\\/wp-content\\\/uploads\\\/2022\\\/11\\\/logo-2022.png\",\"width\":365,\"height\":90,\"caption\":\"Les Jardins de Sainte-Hildegarde\"},\"image\":{\"@id\":\"https:\\\/\\\/www.lesjardinsdesaintehildegarde.com\\\/es\\\/#\\\/schema\\\/logo\\\/image\\\/\"}}]}<\/script>\n<!-- \/ Yoast SEO plugin. -->","yoast_head_json":{"title":"POUDRE DE CHATAIGNE\/ AMANDES BIO 400G* - Les Jardins de Sainte-Hildegarde","robots":{"index":"index","follow":"follow","max-snippet":"max-snippet:-1","max-image-preview":"max-image-preview:large","max-video-preview":"max-video-preview:-1"},"canonical":"https:\/\/www.lesjardinsdesaintehildegarde.com\/es\/espelta-alimentacion\/frutos-y-preparaciones-a-base-de-frutos\/poudre-de-chataigne-amandes-bio-400g\/","og_locale":"es_ES","og_type":"article","og_title":"POUDRE DE CHATAIGNE\/ AMANDES BIO 400G* - Les Jardins de Sainte-Hildegarde","og_description":"POUDRE POUR BOISSON AUX CH\u00c2TAIGNES BIO 400G * (49.75\u20ac \/ kg) \u00abFleur de ch\u00e2taigne\u00bb &#8211; 100% Bio v\u00e9g\u00e9tal &#8211; Fabrication fran\u00e7aise \u00abLa ch\u00e2taigne am\u00e8ne l&#8217;homme \u00e0 sa juste mesure.\u00bb PHYSICA Ch. XII : LE CH\u00c2TAIGNIER Pour 4\/5 litres. Source de Magn\u00e9sium, Vitamine B9. Au quotidien, cette pr\u00e9paration instantan\u00e9e est la solution id\u00e9ale pour apporter le [&hellip;]","og_url":"https:\/\/www.lesjardinsdesaintehildegarde.com\/es\/espelta-alimentacion\/frutos-y-preparaciones-a-base-de-frutos\/poudre-de-chataigne-amandes-bio-400g\/","og_site_name":"Les Jardins de Sainte-Hildegarde","article_modified_time":"2026-04-30T11:38:02+00:00","og_image":[{"width":1200,"height":1200,"url":"https:\/\/www.lesjardinsdesaintehildegarde.com\/wp-content\/uploads\/2022\/11\/am003-lait-chataigne-amande.jpg","type":"image\/jpeg"}],"twitter_card":"summary_large_image","twitter_misc":{"Tiempo de lectura":"3 minutos"},"schema":{"@context":"https:\/\/schema.org","@graph":[{"@type":"WebPage","@id":"https:\/\/www.lesjardinsdesaintehildegarde.com\/es\/espelta-alimentacion\/frutos-y-preparaciones-a-base-de-frutos\/poudre-de-chataigne-amandes-bio-400g\/","url":"https:\/\/www.lesjardinsdesaintehildegarde.com\/es\/espelta-alimentacion\/frutos-y-preparaciones-a-base-de-frutos\/poudre-de-chataigne-amandes-bio-400g\/","name":"POUDRE DE CHATAIGNE\/ AMANDES BIO 400G* - Les Jardins de Sainte-Hildegarde","isPartOf":{"@id":"https:\/\/www.lesjardinsdesaintehildegarde.com\/es\/#website"},"primaryImageOfPage":{"@id":"https:\/\/www.lesjardinsdesaintehildegarde.com\/es\/espelta-alimentacion\/frutos-y-preparaciones-a-base-de-frutos\/poudre-de-chataigne-amandes-bio-400g\/#primaryimage"},"image":{"@id":"https:\/\/www.lesjardinsdesaintehildegarde.com\/es\/espelta-alimentacion\/frutos-y-preparaciones-a-base-de-frutos\/poudre-de-chataigne-amandes-bio-400g\/#primaryimage"},"thumbnailUrl":"https:\/\/www.lesjardinsdesaintehildegarde.com\/wp-content\/uploads\/2022\/11\/am003-lait-chataigne-amande.jpg","datePublished":"2022-11-04T08:07:57+00:00","dateModified":"2026-04-30T11:38:02+00:00","breadcrumb":{"@id":"https:\/\/www.lesjardinsdesaintehildegarde.com\/es\/espelta-alimentacion\/frutos-y-preparaciones-a-base-de-frutos\/poudre-de-chataigne-amandes-bio-400g\/#breadcrumb"},"inLanguage":"es","potentialAction":[{"@type":"ReadAction","target":["https:\/\/www.lesjardinsdesaintehildegarde.com\/es\/espelta-alimentacion\/frutos-y-preparaciones-a-base-de-frutos\/poudre-de-chataigne-amandes-bio-400g\/"]}]},{"@type":"ImageObject","inLanguage":"es","@id":"https:\/\/www.lesjardinsdesaintehildegarde.com\/es\/espelta-alimentacion\/frutos-y-preparaciones-a-base-de-frutos\/poudre-de-chataigne-amandes-bio-400g\/#primaryimage","url":"https:\/\/www.lesjardinsdesaintehildegarde.com\/wp-content\/uploads\/2022\/11\/am003-lait-chataigne-amande.jpg","contentUrl":"https:\/\/www.lesjardinsdesaintehildegarde.com\/wp-content\/uploads\/2022\/11\/am003-lait-chataigne-amande.jpg","width":1200,"height":1200,"caption":"Lait d'amande et ch\u00e2taigne. Poids net 400g."},{"@type":"BreadcrumbList","@id":"https:\/\/www.lesjardinsdesaintehildegarde.com\/es\/espelta-alimentacion\/frutos-y-preparaciones-a-base-de-frutos\/poudre-de-chataigne-amandes-bio-400g\/#breadcrumb","itemListElement":[{"@type":"ListItem","position":1,"name":"Inicio","item":"https:\/\/www.lesjardinsdesaintehildegarde.com\/es\/"},{"@type":"ListItem","position":2,"name":"Productos","item":"https:\/\/www.lesjardinsdesaintehildegarde.com\/es\/shop\/"},{"@type":"ListItem","position":3,"name":"POUDRE DE CHATAIGNE\/ AMANDES BIO 400G*"}]},{"@type":"WebSite","@id":"https:\/\/www.lesjardinsdesaintehildegarde.com\/es\/#website","url":"https:\/\/www.lesjardinsdesaintehildegarde.com\/es\/","name":"Les Jardins de Sainte-Hildegarde","description":"Viriditas","publisher":{"@id":"https:\/\/www.lesjardinsdesaintehildegarde.com\/es\/#organization"},"potentialAction":[{"@type":"SearchAction","target":{"@type":"EntryPoint","urlTemplate":"https:\/\/www.lesjardinsdesaintehildegarde.com\/es\/?s={search_term_string}"},"query-input":{"@type":"PropertyValueSpecification","valueRequired":true,"valueName":"search_term_string"}}],"inLanguage":"es"},{"@type":"Organization","@id":"https:\/\/www.lesjardinsdesaintehildegarde.com\/es\/#organization","name":"Les Jardins de Sainte-Hildegarde","url":"https:\/\/www.lesjardinsdesaintehildegarde.com\/es\/","logo":{"@type":"ImageObject","inLanguage":"es","@id":"https:\/\/www.lesjardinsdesaintehildegarde.com\/es\/#\/schema\/logo\/image\/","url":"https:\/\/www.lesjardinsdesaintehildegarde.com\/wp-content\/uploads\/2022\/11\/logo-2022.png","contentUrl":"https:\/\/www.lesjardinsdesaintehildegarde.com\/wp-content\/uploads\/2022\/11\/logo-2022.png","width":365,"height":90,"caption":"Les Jardins de Sainte-Hildegarde"},"image":{"@id":"https:\/\/www.lesjardinsdesaintehildegarde.com\/es\/#\/schema\/logo\/image\/"}}]}},"_links":{"self":[{"href":"https:\/\/www.lesjardinsdesaintehildegarde.com\/es\/wp-json\/wp\/v2\/product\/1243","targetHints":{"allow":["GET"]}}],"collection":[{"href":"https:\/\/www.lesjardinsdesaintehildegarde.com\/es\/wp-json\/wp\/v2\/product"}],"about":[{"href":"https:\/\/www.lesjardinsdesaintehildegarde.com\/es\/wp-json\/wp\/v2\/types\/product"}],"replies":[{"embeddable":true,"href":"https:\/\/www.lesjardinsdesaintehildegarde.com\/es\/wp-json\/wp\/v2\/comments?post=1243"}],"wp:featuredmedia":[{"embeddable":true,"href":"https:\/\/www.lesjardinsdesaintehildegarde.com\/es\/wp-json\/wp\/v2\/media\/93027"}],"wp:attachment":[{"href":"https:\/\/www.lesjardinsdesaintehildegarde.com\/es\/wp-json\/wp\/v2\/media?parent=1243"}],"wp:term":[{"taxonomy":"product_brand","embeddable":true,"href":"https:\/\/www.lesjardinsdesaintehildegarde.com\/es\/wp-json\/wp\/v2\/product_brand?post=1243"},{"taxonomy":"product_cat","embeddable":true,"href":"https:\/\/www.lesjardinsdesaintehildegarde.com\/es\/wp-json\/wp\/v2\/product_cat?post=1243"},{"taxonomy":"product_tag","embeddable":true,"href":"https:\/\/www.lesjardinsdesaintehildegarde.com\/es\/wp-json\/wp\/v2\/product_tag?post=1243"}],"curies":[{"name":"wp","href":"https:\/\/api.w.org\/{rel}","templated":true}]}}