{"id":1251,"date":"2022-11-04T09:07:58","date_gmt":"2022-11-04T08:07:58","guid":{"rendered":"https:\/\/www.lesjardinsdesaintehildegarde.com\/non%20class\u00e9\/baume-au-serpolet-50ml\/"},"modified":"2026-04-10T23:03:05","modified_gmt":"2026-04-10T21:03:05","slug":"baume-au-serpolet-50ml","status":"publish","type":"product","link":"https:\/\/www.lesjardinsdesaintehildegarde.com\/es\/cosmeticos\/formulas-de-santa-hildegarda\/baume-au-serpolet-50ml\/","title":{"rendered":"BAUME AU SERPOLET 50ML"},"content":{"rendered":"<p>BAUME AU SERPOLET 50 ml (49.80\u20ac \/ 100ml)<\/p>\n<p>Ingr\u00e9dients 100% naturels<\/p>\n<p>Vous pourrez retrouver toutes les indications relatives \u00e0 ce baume dans les nombreux livres de sainte Hildegarde ou consacr\u00e9s \u00e0 l&#8217;approfondissement de son oeuvre.<\/p>\n<p>Selon ses \u00e9crits, le serpolet est de nature chaude et s\u00e8che. Il est tr\u00e8s utile contre les probl\u00e8mes de peau.<\/p>\n<p>&#8211; Principaux ingr\u00e9dients actifs :<\/p>\n<p>&#8211; Le serpolet : cette plante contient du thymol aux propri\u00e9t\u00e9s antiseptiques, antifongiques et antibact\u00e9riennes.<\/p>\n<p>&#8211; la rose : contient de l&#8217;huile essentielle, des flavono\u00efdes, de la vitamine C et des oligo-\u00e9l\u00e9ments. Ces substances aident \u00e0 retrouver de l&#8217;\u00e9lasticit\u00e9 et la jeunesse des zones les plus d\u00e9licates comme le contour des yeux, le d\u00e9collet\u00e9 et les seins. Les pr\u00e9cieux anti-oxydants de cette fleur prot\u00e8gent la peau des radicaux libres. <\/p>\n<p>&#8211; Ingr\u00e9dients :<\/p>\n<p>Butyrospermum parkii butter * \u00b7 Thymus serpyllum * extract\u00b0 and Helianthus annuus seed oil* \u00b7 Rosa centifolia flower extract*\u00b7 Parfum \u00b7 Geraniol^\u00b7 Limonene^\u00b7 <\/p>\n<p>*issu de l&#8217;agriculture biologique <\/p>\n<p>\u00b0issu de cueillette sauvage<\/p>\n<p>^issu d&#8217;huiles essentielles naturelles<\/p>\n<p>(en fran\u00e7ais : Beurre de karit\u00e9* \u00b7 extrait de serpolet et huile de graine de tournesol*\u00b7 Extrait de fleur de rose centifolia \u00b7 Parfum \u00b7 Geraniol^\u00b7 Limonene^)\u00b7<\/p>\n<p>&#8211; Mode d&#8217;emploi :<\/p>\n<p>Masser d\u00e9licatement les zones choisies, appliquer 2 \u00e0 3 fois par jour selon les besoins.<\/p>\n<p>Du fait de leur composition naturelle, pour l&#8217;usage des produits de la ligne Viriditas :<\/p>\n<p>Il est possible d&#8217;observer de l\u00e9g\u00e8res variations d&#8217;aspect, de textures et d&#8217;ar\u00f4mes d&#8217;un lot \u00e0 un autre, les qualit\u00e9s des produits n&#8217;en sont pas affect\u00e9es, cela vient simplement du fait qu&#8217;aucun produit chimique n&#8217;est utilis\u00e9 pour les amalgamer.<\/p>\n<p>Ces variations sont propres aux variations naturelles des v\u00e9g\u00e9taux.<\/p>\n","protected":false},"excerpt":{"rendered":"<p>BAUME AU SERPOLET 50 ml (49.80\u20ac \/ 100ml) Ingr\u00e9dients 100% naturels Vous pourrez retrouver toutes les indications relatives \u00e0 ce baume dans les nombreux livres de sainte Hildegarde ou consacr\u00e9s \u00e0 l&#8217;approfondissement de son oeuvre. Selon ses \u00e9crits, le serpolet est de nature chaude et s\u00e8che. Il est tr\u00e8s utile contre les probl\u00e8mes de peau. [&hellip;]<\/p>\n","protected":false},"featured_media":70856,"comment_status":"open","ping_status":"closed","template":"","meta":{"_acf_changed":false,"_relevanssi_hide_post":"","_relevanssi_hide_content":"","_relevanssi_pin_for_all":"","_relevanssi_pin_keywords":"","_relevanssi_unpin_keywords":"","_relevanssi_related_keywords":"","_relevanssi_related_include_ids":"","_relevanssi_related_exclude_ids":"","_relevanssi_related_no_append":"","_relevanssi_related_not_related":"","_relevanssi_related_posts":"","_relevanssi_noindex_reason":""},"product_brand":[],"product_cat":[27,94],"product_tag":[],"class_list":{"0":"post-1251","1":"product","2":"type-product","3":"status-publish","4":"has-post-thumbnail","6":"product_cat-cosmetiques","7":"product_cat-recettes-de-sainte-hildegarde","9":"first","10":"instock","11":"taxable","12":"shipping-taxable","13":"purchasable","14":"product-type-simple"},"acf":[],"yoast_head":"<!-- This site is optimized with the Yoast SEO plugin v27.2 - https:\/\/yoast.com\/product\/yoast-seo-wordpress\/ -->\n<title>BAUME AU SERPOLET 50ML - Les Jardins de Sainte-Hildegarde<\/title>\n<meta name=\"robots\" content=\"index, follow, max-snippet:-1, max-image-preview:large, max-video-preview:-1\" \/>\n<link rel=\"canonical\" href=\"https:\/\/www.lesjardinsdesaintehildegarde.com\/es\/cosmeticos\/formulas-de-santa-hildegarda\/baume-au-serpolet-50ml\/\" \/>\n<meta property=\"og:locale\" content=\"es_ES\" \/>\n<meta property=\"og:type\" content=\"article\" \/>\n<meta property=\"og:title\" content=\"BAUME AU SERPOLET 50ML - Les Jardins de Sainte-Hildegarde\" \/>\n<meta property=\"og:description\" content=\"BAUME AU SERPOLET 50 ml (49.80\u20ac \/ 100ml) Ingr\u00e9dients 100% naturels Vous pourrez retrouver toutes les indications relatives \u00e0 ce baume dans les nombreux livres de sainte Hildegarde ou consacr\u00e9s \u00e0 l&#8217;approfondissement de son oeuvre. Selon ses \u00e9crits, le serpolet est de nature chaude et s\u00e8che. Il est tr\u00e8s utile contre les probl\u00e8mes de peau. [&hellip;]\" \/>\n<meta property=\"og:url\" content=\"https:\/\/www.lesjardinsdesaintehildegarde.com\/es\/cosmeticos\/formulas-de-santa-hildegarda\/baume-au-serpolet-50ml\/\" \/>\n<meta property=\"og:site_name\" content=\"Les Jardins de Sainte-Hildegarde\" \/>\n<meta property=\"article:modified_time\" content=\"2026-04-10T21:03:05+00:00\" \/>\n<meta property=\"og:image\" content=\"https:\/\/www.lesjardinsdesaintehildegarde.com\/wp-content\/uploads\/2023\/08\/b0019-baume-serpolet-50ml.jpg\" \/>\n\t<meta property=\"og:image:width\" content=\"1200\" \/>\n\t<meta property=\"og:image:height\" content=\"1200\" \/>\n\t<meta property=\"og:image:type\" content=\"image\/jpeg\" \/>\n<meta name=\"twitter:card\" content=\"summary_large_image\" \/>\n<meta name=\"twitter:label1\" content=\"Tiempo de lectura\" \/>\n\t<meta name=\"twitter:data1\" content=\"2 minutos\" \/>\n<script type=\"application\/ld+json\" class=\"yoast-schema-graph\">{\"@context\":\"https:\/\/schema.org\",\"@graph\":[{\"@type\":\"WebPage\",\"@id\":\"https:\/\/www.lesjardinsdesaintehildegarde.com\/es\/cosmeticos\/formulas-de-santa-hildegarda\/baume-au-serpolet-50ml\/\",\"url\":\"https:\/\/www.lesjardinsdesaintehildegarde.com\/es\/cosmeticos\/formulas-de-santa-hildegarda\/baume-au-serpolet-50ml\/\",\"name\":\"BAUME AU SERPOLET 50ML - Les Jardins de Sainte-Hildegarde\",\"isPartOf\":{\"@id\":\"https:\/\/www.lesjardinsdesaintehildegarde.com\/es\/#website\"},\"primaryImageOfPage\":{\"@id\":\"https:\/\/www.lesjardinsdesaintehildegarde.com\/es\/cosmeticos\/formulas-de-santa-hildegarda\/baume-au-serpolet-50ml\/#primaryimage\"},\"image\":{\"@id\":\"https:\/\/www.lesjardinsdesaintehildegarde.com\/es\/cosmeticos\/formulas-de-santa-hildegarda\/baume-au-serpolet-50ml\/#primaryimage\"},\"thumbnailUrl\":\"https:\/\/www.lesjardinsdesaintehildegarde.com\/wp-content\/uploads\/2023\/08\/b0019-baume-serpolet-50ml.jpg\",\"datePublished\":\"2022-11-04T08:07:58+00:00\",\"dateModified\":\"2026-04-10T21:03:05+00:00\",\"breadcrumb\":{\"@id\":\"https:\/\/www.lesjardinsdesaintehildegarde.com\/es\/cosmeticos\/formulas-de-santa-hildegarda\/baume-au-serpolet-50ml\/#breadcrumb\"},\"inLanguage\":\"es\",\"potentialAction\":[{\"@type\":\"ReadAction\",\"target\":[\"https:\/\/www.lesjardinsdesaintehildegarde.com\/es\/cosmeticos\/formulas-de-santa-hildegarda\/baume-au-serpolet-50ml\/\"]}]},{\"@type\":\"ImageObject\",\"inLanguage\":\"es\",\"@id\":\"https:\/\/www.lesjardinsdesaintehildegarde.com\/es\/cosmeticos\/formulas-de-santa-hildegarda\/baume-au-serpolet-50ml\/#primaryimage\",\"url\":\"https:\/\/www.lesjardinsdesaintehildegarde.com\/wp-content\/uploads\/2023\/08\/b0019-baume-serpolet-50ml.jpg\",\"contentUrl\":\"https:\/\/www.lesjardinsdesaintehildegarde.com\/wp-content\/uploads\/2023\/08\/b0019-baume-serpolet-50ml.jpg\",\"width\":1200,\"height\":1200,\"caption\":\"Baume au serpolet - ingr\u00e9dients 100% naturels - 50ml\"},{\"@type\":\"BreadcrumbList\",\"@id\":\"https:\/\/www.lesjardinsdesaintehildegarde.com\/es\/cosmeticos\/formulas-de-santa-hildegarda\/baume-au-serpolet-50ml\/#breadcrumb\",\"itemListElement\":[{\"@type\":\"ListItem\",\"position\":1,\"name\":\"Inicio\",\"item\":\"https:\/\/www.lesjardinsdesaintehildegarde.com\/es\/\"},{\"@type\":\"ListItem\",\"position\":2,\"name\":\"Productos\",\"item\":\"https:\/\/www.lesjardinsdesaintehildegarde.com\/es\/shop\/\"},{\"@type\":\"ListItem\",\"position\":3,\"name\":\"BAUME AU SERPOLET 50ML\"}]},{\"@type\":\"WebSite\",\"@id\":\"https:\/\/www.lesjardinsdesaintehildegarde.com\/es\/#website\",\"url\":\"https:\/\/www.lesjardinsdesaintehildegarde.com\/es\/\",\"name\":\"Les Jardins de Sainte-Hildegarde\",\"description\":\"Viriditas\",\"publisher\":{\"@id\":\"https:\/\/www.lesjardinsdesaintehildegarde.com\/es\/#organization\"},\"potentialAction\":[{\"@type\":\"SearchAction\",\"target\":{\"@type\":\"EntryPoint\",\"urlTemplate\":\"https:\/\/www.lesjardinsdesaintehildegarde.com\/es\/?s={search_term_string}\"},\"query-input\":{\"@type\":\"PropertyValueSpecification\",\"valueRequired\":true,\"valueName\":\"search_term_string\"}}],\"inLanguage\":\"es\"},{\"@type\":\"Organization\",\"@id\":\"https:\/\/www.lesjardinsdesaintehildegarde.com\/es\/#organization\",\"name\":\"Les Jardins de Sainte-Hildegarde\",\"url\":\"https:\/\/www.lesjardinsdesaintehildegarde.com\/es\/\",\"logo\":{\"@type\":\"ImageObject\",\"inLanguage\":\"es\",\"@id\":\"https:\/\/www.lesjardinsdesaintehildegarde.com\/es\/#\/schema\/logo\/image\/\",\"url\":\"https:\/\/www.lesjardinsdesaintehildegarde.com\/wp-content\/uploads\/2022\/11\/logo-2022.png\",\"contentUrl\":\"https:\/\/www.lesjardinsdesaintehildegarde.com\/wp-content\/uploads\/2022\/11\/logo-2022.png\",\"width\":365,\"height\":90,\"caption\":\"Les Jardins de Sainte-Hildegarde\"},\"image\":{\"@id\":\"https:\/\/www.lesjardinsdesaintehildegarde.com\/es\/#\/schema\/logo\/image\/\"}}]}<\/script>\n<!-- \/ Yoast SEO plugin. -->","yoast_head_json":{"title":"BAUME AU SERPOLET 50ML - Les Jardins de Sainte-Hildegarde","robots":{"index":"index","follow":"follow","max-snippet":"max-snippet:-1","max-image-preview":"max-image-preview:large","max-video-preview":"max-video-preview:-1"},"canonical":"https:\/\/www.lesjardinsdesaintehildegarde.com\/es\/cosmeticos\/formulas-de-santa-hildegarda\/baume-au-serpolet-50ml\/","og_locale":"es_ES","og_type":"article","og_title":"BAUME AU SERPOLET 50ML - Les Jardins de Sainte-Hildegarde","og_description":"BAUME AU SERPOLET 50 ml (49.80\u20ac \/ 100ml) Ingr\u00e9dients 100% naturels Vous pourrez retrouver toutes les indications relatives \u00e0 ce baume dans les nombreux livres de sainte Hildegarde ou consacr\u00e9s \u00e0 l&#8217;approfondissement de son oeuvre. Selon ses \u00e9crits, le serpolet est de nature chaude et s\u00e8che. Il est tr\u00e8s utile contre les probl\u00e8mes de peau. [&hellip;]","og_url":"https:\/\/www.lesjardinsdesaintehildegarde.com\/es\/cosmeticos\/formulas-de-santa-hildegarda\/baume-au-serpolet-50ml\/","og_site_name":"Les Jardins de Sainte-Hildegarde","article_modified_time":"2026-04-10T21:03:05+00:00","og_image":[{"width":1200,"height":1200,"url":"https:\/\/www.lesjardinsdesaintehildegarde.com\/wp-content\/uploads\/2023\/08\/b0019-baume-serpolet-50ml.jpg","type":"image\/jpeg"}],"twitter_card":"summary_large_image","twitter_misc":{"Tiempo de lectura":"2 minutos"},"schema":{"@context":"https:\/\/schema.org","@graph":[{"@type":"WebPage","@id":"https:\/\/www.lesjardinsdesaintehildegarde.com\/es\/cosmeticos\/formulas-de-santa-hildegarda\/baume-au-serpolet-50ml\/","url":"https:\/\/www.lesjardinsdesaintehildegarde.com\/es\/cosmeticos\/formulas-de-santa-hildegarda\/baume-au-serpolet-50ml\/","name":"BAUME AU SERPOLET 50ML - Les Jardins de Sainte-Hildegarde","isPartOf":{"@id":"https:\/\/www.lesjardinsdesaintehildegarde.com\/es\/#website"},"primaryImageOfPage":{"@id":"https:\/\/www.lesjardinsdesaintehildegarde.com\/es\/cosmeticos\/formulas-de-santa-hildegarda\/baume-au-serpolet-50ml\/#primaryimage"},"image":{"@id":"https:\/\/www.lesjardinsdesaintehildegarde.com\/es\/cosmeticos\/formulas-de-santa-hildegarda\/baume-au-serpolet-50ml\/#primaryimage"},"thumbnailUrl":"https:\/\/www.lesjardinsdesaintehildegarde.com\/wp-content\/uploads\/2023\/08\/b0019-baume-serpolet-50ml.jpg","datePublished":"2022-11-04T08:07:58+00:00","dateModified":"2026-04-10T21:03:05+00:00","breadcrumb":{"@id":"https:\/\/www.lesjardinsdesaintehildegarde.com\/es\/cosmeticos\/formulas-de-santa-hildegarda\/baume-au-serpolet-50ml\/#breadcrumb"},"inLanguage":"es","potentialAction":[{"@type":"ReadAction","target":["https:\/\/www.lesjardinsdesaintehildegarde.com\/es\/cosmeticos\/formulas-de-santa-hildegarda\/baume-au-serpolet-50ml\/"]}]},{"@type":"ImageObject","inLanguage":"es","@id":"https:\/\/www.lesjardinsdesaintehildegarde.com\/es\/cosmeticos\/formulas-de-santa-hildegarda\/baume-au-serpolet-50ml\/#primaryimage","url":"https:\/\/www.lesjardinsdesaintehildegarde.com\/wp-content\/uploads\/2023\/08\/b0019-baume-serpolet-50ml.jpg","contentUrl":"https:\/\/www.lesjardinsdesaintehildegarde.com\/wp-content\/uploads\/2023\/08\/b0019-baume-serpolet-50ml.jpg","width":1200,"height":1200,"caption":"Baume au serpolet - ingr\u00e9dients 100% naturels - 50ml"},{"@type":"BreadcrumbList","@id":"https:\/\/www.lesjardinsdesaintehildegarde.com\/es\/cosmeticos\/formulas-de-santa-hildegarda\/baume-au-serpolet-50ml\/#breadcrumb","itemListElement":[{"@type":"ListItem","position":1,"name":"Inicio","item":"https:\/\/www.lesjardinsdesaintehildegarde.com\/es\/"},{"@type":"ListItem","position":2,"name":"Productos","item":"https:\/\/www.lesjardinsdesaintehildegarde.com\/es\/shop\/"},{"@type":"ListItem","position":3,"name":"BAUME AU SERPOLET 50ML"}]},{"@type":"WebSite","@id":"https:\/\/www.lesjardinsdesaintehildegarde.com\/es\/#website","url":"https:\/\/www.lesjardinsdesaintehildegarde.com\/es\/","name":"Les Jardins de Sainte-Hildegarde","description":"Viriditas","publisher":{"@id":"https:\/\/www.lesjardinsdesaintehildegarde.com\/es\/#organization"},"potentialAction":[{"@type":"SearchAction","target":{"@type":"EntryPoint","urlTemplate":"https:\/\/www.lesjardinsdesaintehildegarde.com\/es\/?s={search_term_string}"},"query-input":{"@type":"PropertyValueSpecification","valueRequired":true,"valueName":"search_term_string"}}],"inLanguage":"es"},{"@type":"Organization","@id":"https:\/\/www.lesjardinsdesaintehildegarde.com\/es\/#organization","name":"Les Jardins de Sainte-Hildegarde","url":"https:\/\/www.lesjardinsdesaintehildegarde.com\/es\/","logo":{"@type":"ImageObject","inLanguage":"es","@id":"https:\/\/www.lesjardinsdesaintehildegarde.com\/es\/#\/schema\/logo\/image\/","url":"https:\/\/www.lesjardinsdesaintehildegarde.com\/wp-content\/uploads\/2022\/11\/logo-2022.png","contentUrl":"https:\/\/www.lesjardinsdesaintehildegarde.com\/wp-content\/uploads\/2022\/11\/logo-2022.png","width":365,"height":90,"caption":"Les Jardins de Sainte-Hildegarde"},"image":{"@id":"https:\/\/www.lesjardinsdesaintehildegarde.com\/es\/#\/schema\/logo\/image\/"}}]}},"_links":{"self":[{"href":"https:\/\/www.lesjardinsdesaintehildegarde.com\/es\/wp-json\/wp\/v2\/product\/1251","targetHints":{"allow":["GET"]}}],"collection":[{"href":"https:\/\/www.lesjardinsdesaintehildegarde.com\/es\/wp-json\/wp\/v2\/product"}],"about":[{"href":"https:\/\/www.lesjardinsdesaintehildegarde.com\/es\/wp-json\/wp\/v2\/types\/product"}],"replies":[{"embeddable":true,"href":"https:\/\/www.lesjardinsdesaintehildegarde.com\/es\/wp-json\/wp\/v2\/comments?post=1251"}],"wp:featuredmedia":[{"embeddable":true,"href":"https:\/\/www.lesjardinsdesaintehildegarde.com\/es\/wp-json\/wp\/v2\/media\/70856"}],"wp:attachment":[{"href":"https:\/\/www.lesjardinsdesaintehildegarde.com\/es\/wp-json\/wp\/v2\/media?parent=1251"}],"wp:term":[{"taxonomy":"product_brand","embeddable":true,"href":"https:\/\/www.lesjardinsdesaintehildegarde.com\/es\/wp-json\/wp\/v2\/product_brand?post=1251"},{"taxonomy":"product_cat","embeddable":true,"href":"https:\/\/www.lesjardinsdesaintehildegarde.com\/es\/wp-json\/wp\/v2\/product_cat?post=1251"},{"taxonomy":"product_tag","embeddable":true,"href":"https:\/\/www.lesjardinsdesaintehildegarde.com\/es\/wp-json\/wp\/v2\/product_tag?post=1251"}],"curies":[{"name":"wp","href":"https:\/\/api.w.org\/{rel}","templated":true}]}}