{"id":125244,"date":"2025-02-18T17:41:12","date_gmt":"2025-02-18T16:41:12","guid":{"rendered":"https:\/\/www.lesjardinsdesaintehildegarde.com\/?post_type=product&#038;p=125244"},"modified":"2026-04-14T15:30:04","modified_gmt":"2026-04-14T13:30:04","slug":"reveiller-les-forcesde-vie","status":"publish","type":"product","link":"https:\/\/www.lesjardinsdesaintehildegarde.com\/es\/livres-et-loisirs\/reveiller-les-forcesde-vie\/","title":{"rendered":"REVEILLER LES FORCES DE VIE"},"content":{"rendered":"<p>Tout le g\u00e9nie de sainte Hildegarde en parcours vertueux<\/p>\n<p>ISBN 9791030606133<\/p>\n<p>Date de sortie 15 Jan 2025<\/p>\n<p>Format : 150 x 210\t<\/p>\n<p>La vision de l\u2019homme selon sainte Hildegarde, Corps-\u00c2me-Esprit unifi\u00e9s en Dieu, est remarquablement \u00e9quilibr\u00e9e. <\/p>\n<p>Ce parcours, \u00e0 la fois spirituel et concret, a pour objectif de r\u00e9veiller les forces de vie pr\u00e9sentes en chacun. <\/p>\n<p>Particuli\u00e8rement adapt\u00e9 au Car\u00eame, il peut \u00eatre v\u00e9cu toute l\u2019ann\u00e9e, chez soi, en paroisse ou en communaut\u00e9. <\/p>\n<p>Son but est de devenir ce \u00e0 quoi nous sommes tous appel\u00e9s : des \u00eatres de lumi\u00e8re capables de poser des choix.<\/p>\n<p>Six semaines sont propos\u00e9es pour \u00e9tudier et mettre en pratique six vertus : humilit\u00e9, patience, temp\u00e9rance, mis\u00e9ricorde, esp\u00e9rance et charit\u00e9.<\/p>\n<p>Il s\u2019agit d\u2019emprunter un chemin de conversion exigeant mais simple, bas\u00e9 principalement sur le Livre des m\u00e9rites de la Vie de sainte Hildegarde de Bingen, v\u00e9ritable manuel pour un discernement qualitatif de l\u2019agir de l\u2019homme.<\/p>\n","protected":false},"excerpt":{"rendered":"<p>Tout le g\u00e9nie de sainte Hildegarde en parcours vertueux ISBN 9791030606133 Date de sortie 15 Jan 2025 Format : 150 x 210 La vision de l\u2019homme selon sainte Hildegarde, Corps-\u00c2me-Esprit unifi\u00e9s en Dieu, est remarquablement \u00e9quilibr\u00e9e. Ce parcours, \u00e0 la fois spirituel et concret, a pour objectif de r\u00e9veiller les forces de vie pr\u00e9sentes en [&hellip;]<\/p>\n","protected":false},"featured_media":126933,"comment_status":"open","ping_status":"closed","template":"","meta":{"_acf_changed":false,"_relevanssi_hide_post":"","_relevanssi_hide_content":"","_relevanssi_pin_for_all":"","_relevanssi_pin_keywords":"","_relevanssi_unpin_keywords":"","_relevanssi_related_keywords":"","_relevanssi_related_include_ids":"","_relevanssi_related_exclude_ids":"","_relevanssi_related_no_append":"","_relevanssi_related_not_related":"","_relevanssi_related_posts":"","_relevanssi_noindex_reason":""},"product_brand":[],"product_cat":[113,108,33],"product_tag":[48],"class_list":{"0":"post-125244","1":"product","2":"type-product","3":"status-publish","4":"has-post-thumbnail","6":"product_cat-biographies-et-spiritualite","7":"product_cat-livres","8":"product_cat-livres-et-loisirs","9":"product_tag-achat-direct","11":"first","12":"instock","13":"taxable","14":"shipping-taxable","15":"purchasable","16":"product-type-simple"},"acf":[],"yoast_head":"<!-- This site is optimized with the Yoast SEO plugin v27.4 - https:\/\/yoast.com\/product\/yoast-seo-wordpress\/ -->\n<title>REVEILLER LES FORCES DE VIE - Les Jardins de Sainte-Hildegarde<\/title>\n<meta name=\"robots\" content=\"index, follow, max-snippet:-1, max-image-preview:large, max-video-preview:-1\" \/>\n<link rel=\"canonical\" href=\"https:\/\/www.lesjardinsdesaintehildegarde.com\/es\/livres-et-loisirs\/reveiller-les-forcesde-vie\/\" \/>\n<meta property=\"og:locale\" content=\"es_ES\" \/>\n<meta property=\"og:type\" content=\"article\" \/>\n<meta property=\"og:title\" content=\"REVEILLER LES FORCES DE VIE - Les Jardins de Sainte-Hildegarde\" \/>\n<meta property=\"og:description\" content=\"Tout le g\u00e9nie de sainte Hildegarde en parcours vertueux ISBN 9791030606133 Date de sortie 15 Jan 2025 Format : 150 x 210 La vision de l\u2019homme selon sainte Hildegarde, Corps-\u00c2me-Esprit unifi\u00e9s en Dieu, est remarquablement \u00e9quilibr\u00e9e. Ce parcours, \u00e0 la fois spirituel et concret, a pour objectif de r\u00e9veiller les forces de vie pr\u00e9sentes en [&hellip;]\" \/>\n<meta property=\"og:url\" content=\"https:\/\/www.lesjardinsdesaintehildegarde.com\/es\/livres-et-loisirs\/reveiller-les-forcesde-vie\/\" \/>\n<meta property=\"og:site_name\" content=\"Les Jardins de Sainte-Hildegarde\" \/>\n<meta property=\"article:modified_time\" content=\"2026-04-14T13:30:04+00:00\" \/>\n<meta property=\"og:image\" content=\"https:\/\/www.lesjardinsdesaintehildegarde.com\/wp-content\/uploads\/2025\/02\/l0127-reveiller-les-forces-de-vie.jpg\" \/>\n\t<meta property=\"og:image:width\" content=\"1200\" \/>\n\t<meta property=\"og:image:height\" content=\"1200\" \/>\n\t<meta property=\"og:image:type\" content=\"image\/jpeg\" \/>\n<meta name=\"twitter:card\" content=\"summary_large_image\" \/>\n<meta name=\"twitter:label1\" content=\"Tiempo de lectura\" \/>\n\t<meta name=\"twitter:data1\" content=\"1 minuto\" \/>\n<script type=\"application\/ld+json\" class=\"yoast-schema-graph\">{\"@context\":\"https:\\\/\\\/schema.org\",\"@graph\":[{\"@type\":\"WebPage\",\"@id\":\"https:\\\/\\\/www.lesjardinsdesaintehildegarde.com\\\/es\\\/livres-et-loisirs\\\/reveiller-les-forcesde-vie\\\/\",\"url\":\"https:\\\/\\\/www.lesjardinsdesaintehildegarde.com\\\/es\\\/livres-et-loisirs\\\/reveiller-les-forcesde-vie\\\/\",\"name\":\"REVEILLER LES FORCES DE VIE - Les Jardins de Sainte-Hildegarde\",\"isPartOf\":{\"@id\":\"https:\\\/\\\/www.lesjardinsdesaintehildegarde.com\\\/es\\\/#website\"},\"primaryImageOfPage\":{\"@id\":\"https:\\\/\\\/www.lesjardinsdesaintehildegarde.com\\\/es\\\/livres-et-loisirs\\\/reveiller-les-forcesde-vie\\\/#primaryimage\"},\"image\":{\"@id\":\"https:\\\/\\\/www.lesjardinsdesaintehildegarde.com\\\/es\\\/livres-et-loisirs\\\/reveiller-les-forcesde-vie\\\/#primaryimage\"},\"thumbnailUrl\":\"https:\\\/\\\/www.lesjardinsdesaintehildegarde.com\\\/wp-content\\\/uploads\\\/2025\\\/02\\\/l0127-reveiller-les-forces-de-vie.jpg\",\"datePublished\":\"2025-02-18T16:41:12+00:00\",\"dateModified\":\"2026-04-14T13:30:04+00:00\",\"breadcrumb\":{\"@id\":\"https:\\\/\\\/www.lesjardinsdesaintehildegarde.com\\\/es\\\/livres-et-loisirs\\\/reveiller-les-forcesde-vie\\\/#breadcrumb\"},\"inLanguage\":\"es\",\"potentialAction\":[{\"@type\":\"ReadAction\",\"target\":[\"https:\\\/\\\/www.lesjardinsdesaintehildegarde.com\\\/es\\\/livres-et-loisirs\\\/reveiller-les-forcesde-vie\\\/\"]}]},{\"@type\":\"ImageObject\",\"inLanguage\":\"es\",\"@id\":\"https:\\\/\\\/www.lesjardinsdesaintehildegarde.com\\\/es\\\/livres-et-loisirs\\\/reveiller-les-forcesde-vie\\\/#primaryimage\",\"url\":\"https:\\\/\\\/www.lesjardinsdesaintehildegarde.com\\\/wp-content\\\/uploads\\\/2025\\\/02\\\/l0127-reveiller-les-forces-de-vie.jpg\",\"contentUrl\":\"https:\\\/\\\/www.lesjardinsdesaintehildegarde.com\\\/wp-content\\\/uploads\\\/2025\\\/02\\\/l0127-reveiller-les-forces-de-vie.jpg\",\"width\":1200,\"height\":1200,\"caption\":\"R\u00e9veiller les forces de vies - EDB Anna Marie Proffit\"},{\"@type\":\"BreadcrumbList\",\"@id\":\"https:\\\/\\\/www.lesjardinsdesaintehildegarde.com\\\/es\\\/livres-et-loisirs\\\/reveiller-les-forcesde-vie\\\/#breadcrumb\",\"itemListElement\":[{\"@type\":\"ListItem\",\"position\":1,\"name\":\"Inicio\",\"item\":\"https:\\\/\\\/www.lesjardinsdesaintehildegarde.com\\\/es\\\/\"},{\"@type\":\"ListItem\",\"position\":2,\"name\":\"Productos\",\"item\":\"https:\\\/\\\/www.lesjardinsdesaintehildegarde.com\\\/es\\\/shop\\\/\"},{\"@type\":\"ListItem\",\"position\":3,\"name\":\"REVEILLER LES FORCES DE VIE\"}]},{\"@type\":\"WebSite\",\"@id\":\"https:\\\/\\\/www.lesjardinsdesaintehildegarde.com\\\/es\\\/#website\",\"url\":\"https:\\\/\\\/www.lesjardinsdesaintehildegarde.com\\\/es\\\/\",\"name\":\"Les Jardins de Sainte-Hildegarde\",\"description\":\"Viriditas\",\"publisher\":{\"@id\":\"https:\\\/\\\/www.lesjardinsdesaintehildegarde.com\\\/es\\\/#organization\"},\"potentialAction\":[{\"@type\":\"SearchAction\",\"target\":{\"@type\":\"EntryPoint\",\"urlTemplate\":\"https:\\\/\\\/www.lesjardinsdesaintehildegarde.com\\\/es\\\/?s={search_term_string}\"},\"query-input\":{\"@type\":\"PropertyValueSpecification\",\"valueRequired\":true,\"valueName\":\"search_term_string\"}}],\"inLanguage\":\"es\"},{\"@type\":\"Organization\",\"@id\":\"https:\\\/\\\/www.lesjardinsdesaintehildegarde.com\\\/es\\\/#organization\",\"name\":\"Les Jardins de Sainte-Hildegarde\",\"url\":\"https:\\\/\\\/www.lesjardinsdesaintehildegarde.com\\\/es\\\/\",\"logo\":{\"@type\":\"ImageObject\",\"inLanguage\":\"es\",\"@id\":\"https:\\\/\\\/www.lesjardinsdesaintehildegarde.com\\\/es\\\/#\\\/schema\\\/logo\\\/image\\\/\",\"url\":\"https:\\\/\\\/www.lesjardinsdesaintehildegarde.com\\\/wp-content\\\/uploads\\\/2022\\\/11\\\/logo-2022.png\",\"contentUrl\":\"https:\\\/\\\/www.lesjardinsdesaintehildegarde.com\\\/wp-content\\\/uploads\\\/2022\\\/11\\\/logo-2022.png\",\"width\":365,\"height\":90,\"caption\":\"Les Jardins de Sainte-Hildegarde\"},\"image\":{\"@id\":\"https:\\\/\\\/www.lesjardinsdesaintehildegarde.com\\\/es\\\/#\\\/schema\\\/logo\\\/image\\\/\"}}]}<\/script>\n<!-- \/ Yoast SEO plugin. -->","yoast_head_json":{"title":"REVEILLER LES FORCES DE VIE - Les Jardins de Sainte-Hildegarde","robots":{"index":"index","follow":"follow","max-snippet":"max-snippet:-1","max-image-preview":"max-image-preview:large","max-video-preview":"max-video-preview:-1"},"canonical":"https:\/\/www.lesjardinsdesaintehildegarde.com\/es\/livres-et-loisirs\/reveiller-les-forcesde-vie\/","og_locale":"es_ES","og_type":"article","og_title":"REVEILLER LES FORCES DE VIE - Les Jardins de Sainte-Hildegarde","og_description":"Tout le g\u00e9nie de sainte Hildegarde en parcours vertueux ISBN 9791030606133 Date de sortie 15 Jan 2025 Format : 150 x 210 La vision de l\u2019homme selon sainte Hildegarde, Corps-\u00c2me-Esprit unifi\u00e9s en Dieu, est remarquablement \u00e9quilibr\u00e9e. Ce parcours, \u00e0 la fois spirituel et concret, a pour objectif de r\u00e9veiller les forces de vie pr\u00e9sentes en [&hellip;]","og_url":"https:\/\/www.lesjardinsdesaintehildegarde.com\/es\/livres-et-loisirs\/reveiller-les-forcesde-vie\/","og_site_name":"Les Jardins de Sainte-Hildegarde","article_modified_time":"2026-04-14T13:30:04+00:00","og_image":[{"width":1200,"height":1200,"url":"https:\/\/www.lesjardinsdesaintehildegarde.com\/wp-content\/uploads\/2025\/02\/l0127-reveiller-les-forces-de-vie.jpg","type":"image\/jpeg"}],"twitter_card":"summary_large_image","twitter_misc":{"Tiempo de lectura":"1 minuto"},"schema":{"@context":"https:\/\/schema.org","@graph":[{"@type":"WebPage","@id":"https:\/\/www.lesjardinsdesaintehildegarde.com\/es\/livres-et-loisirs\/reveiller-les-forcesde-vie\/","url":"https:\/\/www.lesjardinsdesaintehildegarde.com\/es\/livres-et-loisirs\/reveiller-les-forcesde-vie\/","name":"REVEILLER LES FORCES DE VIE - Les Jardins de Sainte-Hildegarde","isPartOf":{"@id":"https:\/\/www.lesjardinsdesaintehildegarde.com\/es\/#website"},"primaryImageOfPage":{"@id":"https:\/\/www.lesjardinsdesaintehildegarde.com\/es\/livres-et-loisirs\/reveiller-les-forcesde-vie\/#primaryimage"},"image":{"@id":"https:\/\/www.lesjardinsdesaintehildegarde.com\/es\/livres-et-loisirs\/reveiller-les-forcesde-vie\/#primaryimage"},"thumbnailUrl":"https:\/\/www.lesjardinsdesaintehildegarde.com\/wp-content\/uploads\/2025\/02\/l0127-reveiller-les-forces-de-vie.jpg","datePublished":"2025-02-18T16:41:12+00:00","dateModified":"2026-04-14T13:30:04+00:00","breadcrumb":{"@id":"https:\/\/www.lesjardinsdesaintehildegarde.com\/es\/livres-et-loisirs\/reveiller-les-forcesde-vie\/#breadcrumb"},"inLanguage":"es","potentialAction":[{"@type":"ReadAction","target":["https:\/\/www.lesjardinsdesaintehildegarde.com\/es\/livres-et-loisirs\/reveiller-les-forcesde-vie\/"]}]},{"@type":"ImageObject","inLanguage":"es","@id":"https:\/\/www.lesjardinsdesaintehildegarde.com\/es\/livres-et-loisirs\/reveiller-les-forcesde-vie\/#primaryimage","url":"https:\/\/www.lesjardinsdesaintehildegarde.com\/wp-content\/uploads\/2025\/02\/l0127-reveiller-les-forces-de-vie.jpg","contentUrl":"https:\/\/www.lesjardinsdesaintehildegarde.com\/wp-content\/uploads\/2025\/02\/l0127-reveiller-les-forces-de-vie.jpg","width":1200,"height":1200,"caption":"R\u00e9veiller les forces de vies - EDB Anna Marie Proffit"},{"@type":"BreadcrumbList","@id":"https:\/\/www.lesjardinsdesaintehildegarde.com\/es\/livres-et-loisirs\/reveiller-les-forcesde-vie\/#breadcrumb","itemListElement":[{"@type":"ListItem","position":1,"name":"Inicio","item":"https:\/\/www.lesjardinsdesaintehildegarde.com\/es\/"},{"@type":"ListItem","position":2,"name":"Productos","item":"https:\/\/www.lesjardinsdesaintehildegarde.com\/es\/shop\/"},{"@type":"ListItem","position":3,"name":"REVEILLER LES FORCES DE VIE"}]},{"@type":"WebSite","@id":"https:\/\/www.lesjardinsdesaintehildegarde.com\/es\/#website","url":"https:\/\/www.lesjardinsdesaintehildegarde.com\/es\/","name":"Les Jardins de Sainte-Hildegarde","description":"Viriditas","publisher":{"@id":"https:\/\/www.lesjardinsdesaintehildegarde.com\/es\/#organization"},"potentialAction":[{"@type":"SearchAction","target":{"@type":"EntryPoint","urlTemplate":"https:\/\/www.lesjardinsdesaintehildegarde.com\/es\/?s={search_term_string}"},"query-input":{"@type":"PropertyValueSpecification","valueRequired":true,"valueName":"search_term_string"}}],"inLanguage":"es"},{"@type":"Organization","@id":"https:\/\/www.lesjardinsdesaintehildegarde.com\/es\/#organization","name":"Les Jardins de Sainte-Hildegarde","url":"https:\/\/www.lesjardinsdesaintehildegarde.com\/es\/","logo":{"@type":"ImageObject","inLanguage":"es","@id":"https:\/\/www.lesjardinsdesaintehildegarde.com\/es\/#\/schema\/logo\/image\/","url":"https:\/\/www.lesjardinsdesaintehildegarde.com\/wp-content\/uploads\/2022\/11\/logo-2022.png","contentUrl":"https:\/\/www.lesjardinsdesaintehildegarde.com\/wp-content\/uploads\/2022\/11\/logo-2022.png","width":365,"height":90,"caption":"Les Jardins de Sainte-Hildegarde"},"image":{"@id":"https:\/\/www.lesjardinsdesaintehildegarde.com\/es\/#\/schema\/logo\/image\/"}}]}},"_links":{"self":[{"href":"https:\/\/www.lesjardinsdesaintehildegarde.com\/es\/wp-json\/wp\/v2\/product\/125244","targetHints":{"allow":["GET"]}}],"collection":[{"href":"https:\/\/www.lesjardinsdesaintehildegarde.com\/es\/wp-json\/wp\/v2\/product"}],"about":[{"href":"https:\/\/www.lesjardinsdesaintehildegarde.com\/es\/wp-json\/wp\/v2\/types\/product"}],"replies":[{"embeddable":true,"href":"https:\/\/www.lesjardinsdesaintehildegarde.com\/es\/wp-json\/wp\/v2\/comments?post=125244"}],"wp:featuredmedia":[{"embeddable":true,"href":"https:\/\/www.lesjardinsdesaintehildegarde.com\/es\/wp-json\/wp\/v2\/media\/126933"}],"wp:attachment":[{"href":"https:\/\/www.lesjardinsdesaintehildegarde.com\/es\/wp-json\/wp\/v2\/media?parent=125244"}],"wp:term":[{"taxonomy":"product_brand","embeddable":true,"href":"https:\/\/www.lesjardinsdesaintehildegarde.com\/es\/wp-json\/wp\/v2\/product_brand?post=125244"},{"taxonomy":"product_cat","embeddable":true,"href":"https:\/\/www.lesjardinsdesaintehildegarde.com\/es\/wp-json\/wp\/v2\/product_cat?post=125244"},{"taxonomy":"product_tag","embeddable":true,"href":"https:\/\/www.lesjardinsdesaintehildegarde.com\/es\/wp-json\/wp\/v2\/product_tag?post=125244"}],"curies":[{"name":"wp","href":"https:\/\/api.w.org\/{rel}","templated":true}]}}