{"id":1365,"date":"2022-11-04T09:08:16","date_gmt":"2022-11-04T08:08:16","guid":{"rendered":"https:\/\/www.lesjardinsdesaintehildegarde.com\/non%20class\u00e9\/peau-entiere-de-blaireau-60-cm-x-25-cm\/"},"modified":"2026-04-29T23:02:11","modified_gmt":"2026-04-29T21:02:11","slug":"peau-entiere-de-blaireau-60-cm-x-25-cm","status":"publish","type":"product","link":"https:\/\/www.lesjardinsdesaintehildegarde.com\/es\/accesorios-de-tejon\/pieles\/peau-entiere-de-blaireau-60-cm-x-25-cm\/","title":{"rendered":"PEAU ENTIERE DE BLAIREAU ~ 60 CM X 25 CM"},"content":{"rendered":"<p><\/p>\n<p><strong>PEAU ENTI\u00c8RE DE BLAIREAU (60cm x 25cm) 220 G<\/strong><\/p>\n<p><\/p>\n<p><strong>Description : <\/strong>Dimension L60 X l25 cm.<br \/>\nBlaireau origine Grand Nord est r\u00e9put\u00e9 pour sa texture douce,<br \/>\ncontrairement au Blaireau Europ\u00e9en plut\u00f4t r\u00eache.<\/p>\n<p><\/p>\n<p><strong>Mode d&#8217;emploi : <\/strong>S&#8217;utilise toujours avec la<br \/>\nfourrure en contact avec la peau.<\/p>\n<p><\/p>\n<p><em>Pour les bienfaits de cet article se r\u00e9f\u00e9rer aux \u00e9crits de Sainte<br \/>\nHildegarde de Bingen.<\/em><\/p>\n<p><\/p>\n<p><strong>Entretien :<\/strong> Quand la fourrure est encrass\u00e9e,<br \/>\nla nettoyer au moyen de la \u00abTerre de Sommi\u00e8re\u00bb, Ref BL001 p21 dans le<br \/>\ncatalogue.<\/p>\n<p><\/p>\n<p>Les peaux de blaireaux que nous travaillons ne sont pas issues<br \/>\nd&#8217;\u00e9levages mais de blaireaux chass\u00e9s dans les pays du Grand Nord \u00e0 cause<br \/>\nde la surpopulation. On constate parfois 1 ou plusieurs trous dans la<br \/>\npeau qui correspondent \u00e0 des impacts de balles.<\/p>\n<p><\/p>\n<p><em>\u00abLe blaireau est chaud, il a des moeurs tranquilles; il est<br \/>\nmauvais, mais sans pr\u00e9somption; il d\u00e9tient en lui des forces tr\u00e8s<br \/>\npuissantes, mais il ne fait pas grand cas de cette valeur qu&#8217;il a en<br \/>\nlui, si ce n&#8217;est que, parfois, il la montre brusquement et s&#8217;arr\u00eate<br \/>\naussit\u00f4t : en effet, s&#8217;il la montrait sans arr\u00eat, on pourrait la<br \/>\ncomparer aux forces du lion. Mais il n&#8217;a pas envie de montrer ses<br \/>\nforces, si ce n&#8217;est que, de temps en temps, il les montre, dans la joie<br \/>\net l&#8217;exultation..\u00bb<\/em><\/p>\n<p><\/p>\n<p><strong>PHYSICA Ch.XXVIII : LE BLAIREAU<\/strong><\/p>\n","protected":false},"excerpt":{"rendered":"<p>PEAU ENTI\u00c8RE DE BLAIREAU (60cm x 25cm) 220 G Description : Dimension L60 X l25 cm. Blaireau origine Grand Nord est r\u00e9put\u00e9 pour sa texture douce, contrairement au Blaireau Europ\u00e9en plut\u00f4t r\u00eache. Mode d&#8217;emploi : S&#8217;utilise toujours avec la fourrure en contact avec la peau. Pour les bienfaits de cet article se r\u00e9f\u00e9rer aux \u00e9crits [&hellip;]<\/p>\n","protected":false},"featured_media":74431,"comment_status":"open","ping_status":"closed","template":"","meta":{"_acf_changed":false,"_relevanssi_hide_post":"","_relevanssi_hide_content":"","_relevanssi_pin_for_all":"","_relevanssi_pin_keywords":"","_relevanssi_unpin_keywords":"","_relevanssi_related_keywords":"","_relevanssi_related_include_ids":"","_relevanssi_related_exclude_ids":"","_relevanssi_related_no_append":"","_relevanssi_related_not_related":"","_relevanssi_related_posts":"","_relevanssi_noindex_reason":""},"product_brand":[],"product_cat":[21,105],"product_tag":[],"class_list":{"0":"post-1365","1":"product","2":"type-product","3":"status-publish","4":"has-post-thumbnail","6":"product_cat-accessoires-en-blaireau","7":"product_cat-peau","9":"first","10":"instock","11":"taxable","12":"shipping-taxable","13":"purchasable","14":"product-type-simple"},"acf":[],"yoast_head":"<!-- This site is optimized with the Yoast SEO plugin v27.4 - https:\/\/yoast.com\/product\/yoast-seo-wordpress\/ -->\n<title>PEAU ENTIERE DE BLAIREAU ~ 60 CM X 25 CM - Les Jardins de Sainte-Hildegarde<\/title>\n<meta name=\"robots\" content=\"index, follow, max-snippet:-1, max-image-preview:large, max-video-preview:-1\" \/>\n<link rel=\"canonical\" href=\"https:\/\/www.lesjardinsdesaintehildegarde.com\/es\/accesorios-de-tejon\/pieles\/peau-entiere-de-blaireau-60-cm-x-25-cm\/\" \/>\n<meta property=\"og:locale\" content=\"es_ES\" \/>\n<meta property=\"og:type\" content=\"article\" \/>\n<meta property=\"og:title\" content=\"PEAU ENTIERE DE BLAIREAU ~ 60 CM X 25 CM - Les Jardins de Sainte-Hildegarde\" \/>\n<meta property=\"og:description\" content=\"PEAU ENTI\u00c8RE DE BLAIREAU (60cm x 25cm) 220 G Description : Dimension L60 X l25 cm. Blaireau origine Grand Nord est r\u00e9put\u00e9 pour sa texture douce, contrairement au Blaireau Europ\u00e9en plut\u00f4t r\u00eache. Mode d&#8217;emploi : S&#8217;utilise toujours avec la fourrure en contact avec la peau. Pour les bienfaits de cet article se r\u00e9f\u00e9rer aux \u00e9crits [&hellip;]\" \/>\n<meta property=\"og:url\" content=\"https:\/\/www.lesjardinsdesaintehildegarde.com\/es\/accesorios-de-tejon\/pieles\/peau-entiere-de-blaireau-60-cm-x-25-cm\/\" \/>\n<meta property=\"og:site_name\" content=\"Les Jardins de Sainte-Hildegarde\" \/>\n<meta property=\"article:modified_time\" content=\"2026-04-29T21:02:11+00:00\" \/>\n<meta property=\"og:image\" content=\"https:\/\/www.lesjardinsdesaintehildegarde.com\/wp-content\/uploads\/2022\/11\/bla-peau-entiere-blaireau.jpg\" \/>\n\t<meta property=\"og:image:width\" content=\"1200\" \/>\n\t<meta property=\"og:image:height\" content=\"1200\" \/>\n\t<meta property=\"og:image:type\" content=\"image\/jpeg\" \/>\n<meta name=\"twitter:card\" content=\"summary_large_image\" \/>\n<meta name=\"twitter:label1\" content=\"Tiempo de lectura\" \/>\n\t<meta name=\"twitter:data1\" content=\"2 minutos\" \/>\n<script type=\"application\/ld+json\" class=\"yoast-schema-graph\">{\"@context\":\"https:\\\/\\\/schema.org\",\"@graph\":[{\"@type\":\"WebPage\",\"@id\":\"https:\\\/\\\/www.lesjardinsdesaintehildegarde.com\\\/es\\\/accesorios-de-tejon\\\/pieles\\\/peau-entiere-de-blaireau-60-cm-x-25-cm\\\/\",\"url\":\"https:\\\/\\\/www.lesjardinsdesaintehildegarde.com\\\/es\\\/accesorios-de-tejon\\\/pieles\\\/peau-entiere-de-blaireau-60-cm-x-25-cm\\\/\",\"name\":\"PEAU ENTIERE DE BLAIREAU ~ 60 CM X 25 CM - Les Jardins de Sainte-Hildegarde\",\"isPartOf\":{\"@id\":\"https:\\\/\\\/www.lesjardinsdesaintehildegarde.com\\\/es\\\/#website\"},\"primaryImageOfPage\":{\"@id\":\"https:\\\/\\\/www.lesjardinsdesaintehildegarde.com\\\/es\\\/accesorios-de-tejon\\\/pieles\\\/peau-entiere-de-blaireau-60-cm-x-25-cm\\\/#primaryimage\"},\"image\":{\"@id\":\"https:\\\/\\\/www.lesjardinsdesaintehildegarde.com\\\/es\\\/accesorios-de-tejon\\\/pieles\\\/peau-entiere-de-blaireau-60-cm-x-25-cm\\\/#primaryimage\"},\"thumbnailUrl\":\"https:\\\/\\\/www.lesjardinsdesaintehildegarde.com\\\/wp-content\\\/uploads\\\/2022\\\/11\\\/bla-peau-entiere-blaireau.jpg\",\"datePublished\":\"2022-11-04T08:08:16+00:00\",\"dateModified\":\"2026-04-29T21:02:11+00:00\",\"breadcrumb\":{\"@id\":\"https:\\\/\\\/www.lesjardinsdesaintehildegarde.com\\\/es\\\/accesorios-de-tejon\\\/pieles\\\/peau-entiere-de-blaireau-60-cm-x-25-cm\\\/#breadcrumb\"},\"inLanguage\":\"es\",\"potentialAction\":[{\"@type\":\"ReadAction\",\"target\":[\"https:\\\/\\\/www.lesjardinsdesaintehildegarde.com\\\/es\\\/accesorios-de-tejon\\\/pieles\\\/peau-entiere-de-blaireau-60-cm-x-25-cm\\\/\"]}]},{\"@type\":\"ImageObject\",\"inLanguage\":\"es\",\"@id\":\"https:\\\/\\\/www.lesjardinsdesaintehildegarde.com\\\/es\\\/accesorios-de-tejon\\\/pieles\\\/peau-entiere-de-blaireau-60-cm-x-25-cm\\\/#primaryimage\",\"url\":\"https:\\\/\\\/www.lesjardinsdesaintehildegarde.com\\\/wp-content\\\/uploads\\\/2022\\\/11\\\/bla-peau-entiere-blaireau.jpg\",\"contentUrl\":\"https:\\\/\\\/www.lesjardinsdesaintehildegarde.com\\\/wp-content\\\/uploads\\\/2022\\\/11\\\/bla-peau-entiere-blaireau.jpg\",\"width\":1200,\"height\":1200,\"caption\":\"PEAU ENTI\u00c8RE DE BLAIREAU (60cm x 25cm) 220 G\"},{\"@type\":\"BreadcrumbList\",\"@id\":\"https:\\\/\\\/www.lesjardinsdesaintehildegarde.com\\\/es\\\/accesorios-de-tejon\\\/pieles\\\/peau-entiere-de-blaireau-60-cm-x-25-cm\\\/#breadcrumb\",\"itemListElement\":[{\"@type\":\"ListItem\",\"position\":1,\"name\":\"Inicio\",\"item\":\"https:\\\/\\\/www.lesjardinsdesaintehildegarde.com\\\/es\\\/\"},{\"@type\":\"ListItem\",\"position\":2,\"name\":\"Productos\",\"item\":\"https:\\\/\\\/www.lesjardinsdesaintehildegarde.com\\\/es\\\/shop\\\/\"},{\"@type\":\"ListItem\",\"position\":3,\"name\":\"PEAU ENTIERE DE BLAIREAU ~ 60 CM X 25 CM\"}]},{\"@type\":\"WebSite\",\"@id\":\"https:\\\/\\\/www.lesjardinsdesaintehildegarde.com\\\/es\\\/#website\",\"url\":\"https:\\\/\\\/www.lesjardinsdesaintehildegarde.com\\\/es\\\/\",\"name\":\"Les Jardins de Sainte-Hildegarde\",\"description\":\"Viriditas\",\"publisher\":{\"@id\":\"https:\\\/\\\/www.lesjardinsdesaintehildegarde.com\\\/es\\\/#organization\"},\"potentialAction\":[{\"@type\":\"SearchAction\",\"target\":{\"@type\":\"EntryPoint\",\"urlTemplate\":\"https:\\\/\\\/www.lesjardinsdesaintehildegarde.com\\\/es\\\/?s={search_term_string}\"},\"query-input\":{\"@type\":\"PropertyValueSpecification\",\"valueRequired\":true,\"valueName\":\"search_term_string\"}}],\"inLanguage\":\"es\"},{\"@type\":\"Organization\",\"@id\":\"https:\\\/\\\/www.lesjardinsdesaintehildegarde.com\\\/es\\\/#organization\",\"name\":\"Les Jardins de Sainte-Hildegarde\",\"url\":\"https:\\\/\\\/www.lesjardinsdesaintehildegarde.com\\\/es\\\/\",\"logo\":{\"@type\":\"ImageObject\",\"inLanguage\":\"es\",\"@id\":\"https:\\\/\\\/www.lesjardinsdesaintehildegarde.com\\\/es\\\/#\\\/schema\\\/logo\\\/image\\\/\",\"url\":\"https:\\\/\\\/www.lesjardinsdesaintehildegarde.com\\\/wp-content\\\/uploads\\\/2022\\\/11\\\/logo-2022.png\",\"contentUrl\":\"https:\\\/\\\/www.lesjardinsdesaintehildegarde.com\\\/wp-content\\\/uploads\\\/2022\\\/11\\\/logo-2022.png\",\"width\":365,\"height\":90,\"caption\":\"Les Jardins de Sainte-Hildegarde\"},\"image\":{\"@id\":\"https:\\\/\\\/www.lesjardinsdesaintehildegarde.com\\\/es\\\/#\\\/schema\\\/logo\\\/image\\\/\"}}]}<\/script>\n<!-- \/ Yoast SEO plugin. -->","yoast_head_json":{"title":"PEAU ENTIERE DE BLAIREAU ~ 60 CM X 25 CM - Les Jardins de Sainte-Hildegarde","robots":{"index":"index","follow":"follow","max-snippet":"max-snippet:-1","max-image-preview":"max-image-preview:large","max-video-preview":"max-video-preview:-1"},"canonical":"https:\/\/www.lesjardinsdesaintehildegarde.com\/es\/accesorios-de-tejon\/pieles\/peau-entiere-de-blaireau-60-cm-x-25-cm\/","og_locale":"es_ES","og_type":"article","og_title":"PEAU ENTIERE DE BLAIREAU ~ 60 CM X 25 CM - Les Jardins de Sainte-Hildegarde","og_description":"PEAU ENTI\u00c8RE DE BLAIREAU (60cm x 25cm) 220 G Description : Dimension L60 X l25 cm. Blaireau origine Grand Nord est r\u00e9put\u00e9 pour sa texture douce, contrairement au Blaireau Europ\u00e9en plut\u00f4t r\u00eache. Mode d&#8217;emploi : S&#8217;utilise toujours avec la fourrure en contact avec la peau. Pour les bienfaits de cet article se r\u00e9f\u00e9rer aux \u00e9crits [&hellip;]","og_url":"https:\/\/www.lesjardinsdesaintehildegarde.com\/es\/accesorios-de-tejon\/pieles\/peau-entiere-de-blaireau-60-cm-x-25-cm\/","og_site_name":"Les Jardins de Sainte-Hildegarde","article_modified_time":"2026-04-29T21:02:11+00:00","og_image":[{"width":1200,"height":1200,"url":"https:\/\/www.lesjardinsdesaintehildegarde.com\/wp-content\/uploads\/2022\/11\/bla-peau-entiere-blaireau.jpg","type":"image\/jpeg"}],"twitter_card":"summary_large_image","twitter_misc":{"Tiempo de lectura":"2 minutos"},"schema":{"@context":"https:\/\/schema.org","@graph":[{"@type":"WebPage","@id":"https:\/\/www.lesjardinsdesaintehildegarde.com\/es\/accesorios-de-tejon\/pieles\/peau-entiere-de-blaireau-60-cm-x-25-cm\/","url":"https:\/\/www.lesjardinsdesaintehildegarde.com\/es\/accesorios-de-tejon\/pieles\/peau-entiere-de-blaireau-60-cm-x-25-cm\/","name":"PEAU ENTIERE DE BLAIREAU ~ 60 CM X 25 CM - Les Jardins de Sainte-Hildegarde","isPartOf":{"@id":"https:\/\/www.lesjardinsdesaintehildegarde.com\/es\/#website"},"primaryImageOfPage":{"@id":"https:\/\/www.lesjardinsdesaintehildegarde.com\/es\/accesorios-de-tejon\/pieles\/peau-entiere-de-blaireau-60-cm-x-25-cm\/#primaryimage"},"image":{"@id":"https:\/\/www.lesjardinsdesaintehildegarde.com\/es\/accesorios-de-tejon\/pieles\/peau-entiere-de-blaireau-60-cm-x-25-cm\/#primaryimage"},"thumbnailUrl":"https:\/\/www.lesjardinsdesaintehildegarde.com\/wp-content\/uploads\/2022\/11\/bla-peau-entiere-blaireau.jpg","datePublished":"2022-11-04T08:08:16+00:00","dateModified":"2026-04-29T21:02:11+00:00","breadcrumb":{"@id":"https:\/\/www.lesjardinsdesaintehildegarde.com\/es\/accesorios-de-tejon\/pieles\/peau-entiere-de-blaireau-60-cm-x-25-cm\/#breadcrumb"},"inLanguage":"es","potentialAction":[{"@type":"ReadAction","target":["https:\/\/www.lesjardinsdesaintehildegarde.com\/es\/accesorios-de-tejon\/pieles\/peau-entiere-de-blaireau-60-cm-x-25-cm\/"]}]},{"@type":"ImageObject","inLanguage":"es","@id":"https:\/\/www.lesjardinsdesaintehildegarde.com\/es\/accesorios-de-tejon\/pieles\/peau-entiere-de-blaireau-60-cm-x-25-cm\/#primaryimage","url":"https:\/\/www.lesjardinsdesaintehildegarde.com\/wp-content\/uploads\/2022\/11\/bla-peau-entiere-blaireau.jpg","contentUrl":"https:\/\/www.lesjardinsdesaintehildegarde.com\/wp-content\/uploads\/2022\/11\/bla-peau-entiere-blaireau.jpg","width":1200,"height":1200,"caption":"PEAU ENTI\u00c8RE DE BLAIREAU (60cm x 25cm) 220 G"},{"@type":"BreadcrumbList","@id":"https:\/\/www.lesjardinsdesaintehildegarde.com\/es\/accesorios-de-tejon\/pieles\/peau-entiere-de-blaireau-60-cm-x-25-cm\/#breadcrumb","itemListElement":[{"@type":"ListItem","position":1,"name":"Inicio","item":"https:\/\/www.lesjardinsdesaintehildegarde.com\/es\/"},{"@type":"ListItem","position":2,"name":"Productos","item":"https:\/\/www.lesjardinsdesaintehildegarde.com\/es\/shop\/"},{"@type":"ListItem","position":3,"name":"PEAU ENTIERE DE BLAIREAU ~ 60 CM X 25 CM"}]},{"@type":"WebSite","@id":"https:\/\/www.lesjardinsdesaintehildegarde.com\/es\/#website","url":"https:\/\/www.lesjardinsdesaintehildegarde.com\/es\/","name":"Les Jardins de Sainte-Hildegarde","description":"Viriditas","publisher":{"@id":"https:\/\/www.lesjardinsdesaintehildegarde.com\/es\/#organization"},"potentialAction":[{"@type":"SearchAction","target":{"@type":"EntryPoint","urlTemplate":"https:\/\/www.lesjardinsdesaintehildegarde.com\/es\/?s={search_term_string}"},"query-input":{"@type":"PropertyValueSpecification","valueRequired":true,"valueName":"search_term_string"}}],"inLanguage":"es"},{"@type":"Organization","@id":"https:\/\/www.lesjardinsdesaintehildegarde.com\/es\/#organization","name":"Les Jardins de Sainte-Hildegarde","url":"https:\/\/www.lesjardinsdesaintehildegarde.com\/es\/","logo":{"@type":"ImageObject","inLanguage":"es","@id":"https:\/\/www.lesjardinsdesaintehildegarde.com\/es\/#\/schema\/logo\/image\/","url":"https:\/\/www.lesjardinsdesaintehildegarde.com\/wp-content\/uploads\/2022\/11\/logo-2022.png","contentUrl":"https:\/\/www.lesjardinsdesaintehildegarde.com\/wp-content\/uploads\/2022\/11\/logo-2022.png","width":365,"height":90,"caption":"Les Jardins de Sainte-Hildegarde"},"image":{"@id":"https:\/\/www.lesjardinsdesaintehildegarde.com\/es\/#\/schema\/logo\/image\/"}}]}},"_links":{"self":[{"href":"https:\/\/www.lesjardinsdesaintehildegarde.com\/es\/wp-json\/wp\/v2\/product\/1365","targetHints":{"allow":["GET"]}}],"collection":[{"href":"https:\/\/www.lesjardinsdesaintehildegarde.com\/es\/wp-json\/wp\/v2\/product"}],"about":[{"href":"https:\/\/www.lesjardinsdesaintehildegarde.com\/es\/wp-json\/wp\/v2\/types\/product"}],"replies":[{"embeddable":true,"href":"https:\/\/www.lesjardinsdesaintehildegarde.com\/es\/wp-json\/wp\/v2\/comments?post=1365"}],"wp:featuredmedia":[{"embeddable":true,"href":"https:\/\/www.lesjardinsdesaintehildegarde.com\/es\/wp-json\/wp\/v2\/media\/74431"}],"wp:attachment":[{"href":"https:\/\/www.lesjardinsdesaintehildegarde.com\/es\/wp-json\/wp\/v2\/media?parent=1365"}],"wp:term":[{"taxonomy":"product_brand","embeddable":true,"href":"https:\/\/www.lesjardinsdesaintehildegarde.com\/es\/wp-json\/wp\/v2\/product_brand?post=1365"},{"taxonomy":"product_cat","embeddable":true,"href":"https:\/\/www.lesjardinsdesaintehildegarde.com\/es\/wp-json\/wp\/v2\/product_cat?post=1365"},{"taxonomy":"product_tag","embeddable":true,"href":"https:\/\/www.lesjardinsdesaintehildegarde.com\/es\/wp-json\/wp\/v2\/product_tag?post=1365"}],"curies":[{"name":"wp","href":"https:\/\/api.w.org\/{rel}","templated":true}]}}