{"id":1368,"date":"2022-11-04T09:08:17","date_gmt":"2022-11-04T08:08:17","guid":{"rendered":"https:\/\/www.lesjardinsdesaintehildegarde.com\/non%20class\u00e9\/ceinture-fourrure-de-blaireau-6-cmx100cm\/"},"modified":"2026-04-03T23:03:05","modified_gmt":"2026-04-03T21:03:05","slug":"ceinture-fourrure-de-blaireau-6-cmx100cm","status":"publish","type":"product","link":"https:\/\/www.lesjardinsdesaintehildegarde.com\/es\/accesorios-de-tejon\/cinturones-de-tejon\/ceinture-fourrure-de-blaireau-6-cmx100cm\/","title":{"rendered":"CEINTURE FOURRURE DE BLAIREAU 6 CMX100CM"},"content":{"rendered":"<p>CEINTURE EN FOURRURE DE BLAIREAU 6x100cm<\/p>\n<p>Description : Dimension L100 X H 6 cm. Convient pour un tour de taille jusqu&#8217;\u00e0 95 cm<\/p>\n<p>R\u00e9glage possible par simple d\u00e9placement d&#8217;attaches velcro: un premier velcro est cousu \u00e0 une extr\u00e9mit\u00e9, il vous faudra coudre le second \u00e0 l&#8217;autre extr\u00e9mit\u00e9 de la ceinture en le positionnant au niveau qui vous convient le mieux.<\/p>\n<p>Mode d&#8217;emploi : S&#8217;utilise toujours avec la fourrure en contact avec la peau. <\/p>\n<p>Pour les bienfaits de cet article se r\u00e9f\u00e9rer aux \u00e9crits de Sainte Hildegarde de Bingen.<\/p>\n<p>Entretien : Quand la fourrure est encrass\u00e9e, la nettoyer au moyen de la \u00abTerre de Sommi\u00e8re\u00bb, Ref BL001 p21 dans le catalogue.<\/p>\n<p>\u00abLe blaireau est chaud, il a des moeurs tranquilles; il est mauvais, mais sans pr\u00e9somption; il d\u00e9tient en lui des forces tr\u00e8s puissantes, mais il ne fait pas grand cas de cette valeur qu&#8217;il a en lui, si ce n&#8217;est que, parfois, il la montre brusquement et s&#8217;arr\u00eate aussit\u00f4t : en effet, s&#8217;il la montrait sans arr\u00eat, on pourrait la comparer aux forces du lion. Mais il n&#8217;a pas envie de montrer ses forces, si ce n&#8217;est que, de temps en temps, il les montre, dans la joie et l&#8217;exultation..\u00bb<\/p>\n<p>PHYSICA Ch.XXVIII : LE BLAIREAU<\/p>\n","protected":false},"excerpt":{"rendered":"<p>CEINTURE EN FOURRURE DE BLAIREAU 6x100cm Description : Dimension L100 X H 6 cm. Convient pour un tour de taille jusqu&#8217;\u00e0 95 cm R\u00e9glage possible par simple d\u00e9placement d&#8217;attaches velcro: un premier velcro est cousu \u00e0 une extr\u00e9mit\u00e9, il vous faudra coudre le second \u00e0 l&#8217;autre extr\u00e9mit\u00e9 de la ceinture en le positionnant au niveau [&hellip;]<\/p>\n","protected":false},"featured_media":74344,"comment_status":"open","ping_status":"closed","template":"","meta":{"_acf_changed":false,"_relevanssi_hide_post":"","_relevanssi_hide_content":"","_relevanssi_pin_for_all":"","_relevanssi_pin_keywords":"","_relevanssi_unpin_keywords":"","_relevanssi_related_keywords":"","_relevanssi_related_include_ids":"","_relevanssi_related_exclude_ids":"","_relevanssi_related_no_append":"","_relevanssi_related_not_related":"","_relevanssi_related_posts":"","_relevanssi_noindex_reason":""},"product_brand":[],"product_cat":[21,106],"product_tag":[],"class_list":{"0":"post-1368","1":"product","2":"type-product","3":"status-publish","4":"has-post-thumbnail","6":"product_cat-accessoires-en-blaireau","7":"product_cat-ceintures","9":"first","10":"outofstock","11":"taxable","12":"shipping-taxable","13":"purchasable","14":"product-type-simple"},"acf":[],"yoast_head":"<!-- This site is optimized with the Yoast SEO plugin v27.2 - https:\/\/yoast.com\/product\/yoast-seo-wordpress\/ -->\n<title>CEINTURE FOURRURE DE BLAIREAU 6 CMX100CM - Les Jardins de Sainte-Hildegarde<\/title>\n<meta name=\"robots\" content=\"index, follow, max-snippet:-1, max-image-preview:large, max-video-preview:-1\" \/>\n<link rel=\"canonical\" href=\"https:\/\/www.lesjardinsdesaintehildegarde.com\/es\/accesorios-de-tejon\/cinturones-de-tejon\/ceinture-fourrure-de-blaireau-6-cmx100cm\/\" \/>\n<meta property=\"og:locale\" content=\"es_ES\" \/>\n<meta property=\"og:type\" content=\"article\" \/>\n<meta property=\"og:title\" content=\"CEINTURE FOURRURE DE BLAIREAU 6 CMX100CM - Les Jardins de Sainte-Hildegarde\" \/>\n<meta property=\"og:description\" content=\"CEINTURE EN FOURRURE DE BLAIREAU 6x100cm Description : Dimension L100 X H 6 cm. Convient pour un tour de taille jusqu&#8217;\u00e0 95 cm R\u00e9glage possible par simple d\u00e9placement d&#8217;attaches velcro: un premier velcro est cousu \u00e0 une extr\u00e9mit\u00e9, il vous faudra coudre le second \u00e0 l&#8217;autre extr\u00e9mit\u00e9 de la ceinture en le positionnant au niveau [&hellip;]\" \/>\n<meta property=\"og:url\" content=\"https:\/\/www.lesjardinsdesaintehildegarde.com\/es\/accesorios-de-tejon\/cinturones-de-tejon\/ceinture-fourrure-de-blaireau-6-cmx100cm\/\" \/>\n<meta property=\"og:site_name\" content=\"Les Jardins de Sainte-Hildegarde\" \/>\n<meta property=\"article:modified_time\" content=\"2026-04-03T21:03:05+00:00\" \/>\n<meta property=\"og:image\" content=\"https:\/\/www.lesjardinsdesaintehildegarde.com\/wp-content\/uploads\/2022\/11\/blc100-ceinture-blaireau-80cm.jpg\" \/>\n\t<meta property=\"og:image:width\" content=\"1200\" \/>\n\t<meta property=\"og:image:height\" content=\"1200\" \/>\n\t<meta property=\"og:image:type\" content=\"image\/jpeg\" \/>\n<meta name=\"twitter:card\" content=\"summary_large_image\" \/>\n<meta name=\"twitter:label1\" content=\"Tiempo de lectura\" \/>\n\t<meta name=\"twitter:data1\" content=\"2 minutos\" \/>\n<script type=\"application\/ld+json\" class=\"yoast-schema-graph\">{\"@context\":\"https:\/\/schema.org\",\"@graph\":[{\"@type\":\"WebPage\",\"@id\":\"https:\/\/www.lesjardinsdesaintehildegarde.com\/es\/accesorios-de-tejon\/cinturones-de-tejon\/ceinture-fourrure-de-blaireau-6-cmx100cm\/\",\"url\":\"https:\/\/www.lesjardinsdesaintehildegarde.com\/es\/accesorios-de-tejon\/cinturones-de-tejon\/ceinture-fourrure-de-blaireau-6-cmx100cm\/\",\"name\":\"CEINTURE FOURRURE DE BLAIREAU 6 CMX100CM - Les Jardins de Sainte-Hildegarde\",\"isPartOf\":{\"@id\":\"https:\/\/www.lesjardinsdesaintehildegarde.com\/es\/#website\"},\"primaryImageOfPage\":{\"@id\":\"https:\/\/www.lesjardinsdesaintehildegarde.com\/es\/accesorios-de-tejon\/cinturones-de-tejon\/ceinture-fourrure-de-blaireau-6-cmx100cm\/#primaryimage\"},\"image\":{\"@id\":\"https:\/\/www.lesjardinsdesaintehildegarde.com\/es\/accesorios-de-tejon\/cinturones-de-tejon\/ceinture-fourrure-de-blaireau-6-cmx100cm\/#primaryimage\"},\"thumbnailUrl\":\"https:\/\/www.lesjardinsdesaintehildegarde.com\/wp-content\/uploads\/2022\/11\/blc100-ceinture-blaireau-80cm.jpg\",\"datePublished\":\"2022-11-04T08:08:17+00:00\",\"dateModified\":\"2026-04-03T21:03:05+00:00\",\"breadcrumb\":{\"@id\":\"https:\/\/www.lesjardinsdesaintehildegarde.com\/es\/accesorios-de-tejon\/cinturones-de-tejon\/ceinture-fourrure-de-blaireau-6-cmx100cm\/#breadcrumb\"},\"inLanguage\":\"es\",\"potentialAction\":[{\"@type\":\"ReadAction\",\"target\":[\"https:\/\/www.lesjardinsdesaintehildegarde.com\/es\/accesorios-de-tejon\/cinturones-de-tejon\/ceinture-fourrure-de-blaireau-6-cmx100cm\/\"]}]},{\"@type\":\"ImageObject\",\"inLanguage\":\"es\",\"@id\":\"https:\/\/www.lesjardinsdesaintehildegarde.com\/es\/accesorios-de-tejon\/cinturones-de-tejon\/ceinture-fourrure-de-blaireau-6-cmx100cm\/#primaryimage\",\"url\":\"https:\/\/www.lesjardinsdesaintehildegarde.com\/wp-content\/uploads\/2022\/11\/blc100-ceinture-blaireau-80cm.jpg\",\"contentUrl\":\"https:\/\/www.lesjardinsdesaintehildegarde.com\/wp-content\/uploads\/2022\/11\/blc100-ceinture-blaireau-80cm.jpg\",\"width\":1200,\"height\":1200,\"caption\":\"CEINTURE EN FOURRURE DE BLAIREAU 6x80 cm\"},{\"@type\":\"BreadcrumbList\",\"@id\":\"https:\/\/www.lesjardinsdesaintehildegarde.com\/es\/accesorios-de-tejon\/cinturones-de-tejon\/ceinture-fourrure-de-blaireau-6-cmx100cm\/#breadcrumb\",\"itemListElement\":[{\"@type\":\"ListItem\",\"position\":1,\"name\":\"Inicio\",\"item\":\"https:\/\/www.lesjardinsdesaintehildegarde.com\/es\/\"},{\"@type\":\"ListItem\",\"position\":2,\"name\":\"Productos\",\"item\":\"https:\/\/www.lesjardinsdesaintehildegarde.com\/es\/shop\/\"},{\"@type\":\"ListItem\",\"position\":3,\"name\":\"CEINTURE FOURRURE DE BLAIREAU 6 CMX100CM\"}]},{\"@type\":\"WebSite\",\"@id\":\"https:\/\/www.lesjardinsdesaintehildegarde.com\/es\/#website\",\"url\":\"https:\/\/www.lesjardinsdesaintehildegarde.com\/es\/\",\"name\":\"Les Jardins de Sainte-Hildegarde\",\"description\":\"Viriditas\",\"publisher\":{\"@id\":\"https:\/\/www.lesjardinsdesaintehildegarde.com\/es\/#organization\"},\"potentialAction\":[{\"@type\":\"SearchAction\",\"target\":{\"@type\":\"EntryPoint\",\"urlTemplate\":\"https:\/\/www.lesjardinsdesaintehildegarde.com\/es\/?s={search_term_string}\"},\"query-input\":{\"@type\":\"PropertyValueSpecification\",\"valueRequired\":true,\"valueName\":\"search_term_string\"}}],\"inLanguage\":\"es\"},{\"@type\":\"Organization\",\"@id\":\"https:\/\/www.lesjardinsdesaintehildegarde.com\/es\/#organization\",\"name\":\"Les Jardins de Sainte-Hildegarde\",\"url\":\"https:\/\/www.lesjardinsdesaintehildegarde.com\/es\/\",\"logo\":{\"@type\":\"ImageObject\",\"inLanguage\":\"es\",\"@id\":\"https:\/\/www.lesjardinsdesaintehildegarde.com\/es\/#\/schema\/logo\/image\/\",\"url\":\"https:\/\/www.lesjardinsdesaintehildegarde.com\/wp-content\/uploads\/2022\/11\/logo-2022.png\",\"contentUrl\":\"https:\/\/www.lesjardinsdesaintehildegarde.com\/wp-content\/uploads\/2022\/11\/logo-2022.png\",\"width\":365,\"height\":90,\"caption\":\"Les Jardins de Sainte-Hildegarde\"},\"image\":{\"@id\":\"https:\/\/www.lesjardinsdesaintehildegarde.com\/es\/#\/schema\/logo\/image\/\"}}]}<\/script>\n<!-- \/ Yoast SEO plugin. -->","yoast_head_json":{"title":"CEINTURE FOURRURE DE BLAIREAU 6 CMX100CM - Les Jardins de Sainte-Hildegarde","robots":{"index":"index","follow":"follow","max-snippet":"max-snippet:-1","max-image-preview":"max-image-preview:large","max-video-preview":"max-video-preview:-1"},"canonical":"https:\/\/www.lesjardinsdesaintehildegarde.com\/es\/accesorios-de-tejon\/cinturones-de-tejon\/ceinture-fourrure-de-blaireau-6-cmx100cm\/","og_locale":"es_ES","og_type":"article","og_title":"CEINTURE FOURRURE DE BLAIREAU 6 CMX100CM - Les Jardins de Sainte-Hildegarde","og_description":"CEINTURE EN FOURRURE DE BLAIREAU 6x100cm Description : Dimension L100 X H 6 cm. Convient pour un tour de taille jusqu&#8217;\u00e0 95 cm R\u00e9glage possible par simple d\u00e9placement d&#8217;attaches velcro: un premier velcro est cousu \u00e0 une extr\u00e9mit\u00e9, il vous faudra coudre le second \u00e0 l&#8217;autre extr\u00e9mit\u00e9 de la ceinture en le positionnant au niveau [&hellip;]","og_url":"https:\/\/www.lesjardinsdesaintehildegarde.com\/es\/accesorios-de-tejon\/cinturones-de-tejon\/ceinture-fourrure-de-blaireau-6-cmx100cm\/","og_site_name":"Les Jardins de Sainte-Hildegarde","article_modified_time":"2026-04-03T21:03:05+00:00","og_image":[{"width":1200,"height":1200,"url":"https:\/\/www.lesjardinsdesaintehildegarde.com\/wp-content\/uploads\/2022\/11\/blc100-ceinture-blaireau-80cm.jpg","type":"image\/jpeg"}],"twitter_card":"summary_large_image","twitter_misc":{"Tiempo de lectura":"2 minutos"},"schema":{"@context":"https:\/\/schema.org","@graph":[{"@type":"WebPage","@id":"https:\/\/www.lesjardinsdesaintehildegarde.com\/es\/accesorios-de-tejon\/cinturones-de-tejon\/ceinture-fourrure-de-blaireau-6-cmx100cm\/","url":"https:\/\/www.lesjardinsdesaintehildegarde.com\/es\/accesorios-de-tejon\/cinturones-de-tejon\/ceinture-fourrure-de-blaireau-6-cmx100cm\/","name":"CEINTURE FOURRURE DE BLAIREAU 6 CMX100CM - Les Jardins de Sainte-Hildegarde","isPartOf":{"@id":"https:\/\/www.lesjardinsdesaintehildegarde.com\/es\/#website"},"primaryImageOfPage":{"@id":"https:\/\/www.lesjardinsdesaintehildegarde.com\/es\/accesorios-de-tejon\/cinturones-de-tejon\/ceinture-fourrure-de-blaireau-6-cmx100cm\/#primaryimage"},"image":{"@id":"https:\/\/www.lesjardinsdesaintehildegarde.com\/es\/accesorios-de-tejon\/cinturones-de-tejon\/ceinture-fourrure-de-blaireau-6-cmx100cm\/#primaryimage"},"thumbnailUrl":"https:\/\/www.lesjardinsdesaintehildegarde.com\/wp-content\/uploads\/2022\/11\/blc100-ceinture-blaireau-80cm.jpg","datePublished":"2022-11-04T08:08:17+00:00","dateModified":"2026-04-03T21:03:05+00:00","breadcrumb":{"@id":"https:\/\/www.lesjardinsdesaintehildegarde.com\/es\/accesorios-de-tejon\/cinturones-de-tejon\/ceinture-fourrure-de-blaireau-6-cmx100cm\/#breadcrumb"},"inLanguage":"es","potentialAction":[{"@type":"ReadAction","target":["https:\/\/www.lesjardinsdesaintehildegarde.com\/es\/accesorios-de-tejon\/cinturones-de-tejon\/ceinture-fourrure-de-blaireau-6-cmx100cm\/"]}]},{"@type":"ImageObject","inLanguage":"es","@id":"https:\/\/www.lesjardinsdesaintehildegarde.com\/es\/accesorios-de-tejon\/cinturones-de-tejon\/ceinture-fourrure-de-blaireau-6-cmx100cm\/#primaryimage","url":"https:\/\/www.lesjardinsdesaintehildegarde.com\/wp-content\/uploads\/2022\/11\/blc100-ceinture-blaireau-80cm.jpg","contentUrl":"https:\/\/www.lesjardinsdesaintehildegarde.com\/wp-content\/uploads\/2022\/11\/blc100-ceinture-blaireau-80cm.jpg","width":1200,"height":1200,"caption":"CEINTURE EN FOURRURE DE BLAIREAU 6x80 cm"},{"@type":"BreadcrumbList","@id":"https:\/\/www.lesjardinsdesaintehildegarde.com\/es\/accesorios-de-tejon\/cinturones-de-tejon\/ceinture-fourrure-de-blaireau-6-cmx100cm\/#breadcrumb","itemListElement":[{"@type":"ListItem","position":1,"name":"Inicio","item":"https:\/\/www.lesjardinsdesaintehildegarde.com\/es\/"},{"@type":"ListItem","position":2,"name":"Productos","item":"https:\/\/www.lesjardinsdesaintehildegarde.com\/es\/shop\/"},{"@type":"ListItem","position":3,"name":"CEINTURE FOURRURE DE BLAIREAU 6 CMX100CM"}]},{"@type":"WebSite","@id":"https:\/\/www.lesjardinsdesaintehildegarde.com\/es\/#website","url":"https:\/\/www.lesjardinsdesaintehildegarde.com\/es\/","name":"Les Jardins de Sainte-Hildegarde","description":"Viriditas","publisher":{"@id":"https:\/\/www.lesjardinsdesaintehildegarde.com\/es\/#organization"},"potentialAction":[{"@type":"SearchAction","target":{"@type":"EntryPoint","urlTemplate":"https:\/\/www.lesjardinsdesaintehildegarde.com\/es\/?s={search_term_string}"},"query-input":{"@type":"PropertyValueSpecification","valueRequired":true,"valueName":"search_term_string"}}],"inLanguage":"es"},{"@type":"Organization","@id":"https:\/\/www.lesjardinsdesaintehildegarde.com\/es\/#organization","name":"Les Jardins de Sainte-Hildegarde","url":"https:\/\/www.lesjardinsdesaintehildegarde.com\/es\/","logo":{"@type":"ImageObject","inLanguage":"es","@id":"https:\/\/www.lesjardinsdesaintehildegarde.com\/es\/#\/schema\/logo\/image\/","url":"https:\/\/www.lesjardinsdesaintehildegarde.com\/wp-content\/uploads\/2022\/11\/logo-2022.png","contentUrl":"https:\/\/www.lesjardinsdesaintehildegarde.com\/wp-content\/uploads\/2022\/11\/logo-2022.png","width":365,"height":90,"caption":"Les Jardins de Sainte-Hildegarde"},"image":{"@id":"https:\/\/www.lesjardinsdesaintehildegarde.com\/es\/#\/schema\/logo\/image\/"}}]}},"_links":{"self":[{"href":"https:\/\/www.lesjardinsdesaintehildegarde.com\/es\/wp-json\/wp\/v2\/product\/1368","targetHints":{"allow":["GET"]}}],"collection":[{"href":"https:\/\/www.lesjardinsdesaintehildegarde.com\/es\/wp-json\/wp\/v2\/product"}],"about":[{"href":"https:\/\/www.lesjardinsdesaintehildegarde.com\/es\/wp-json\/wp\/v2\/types\/product"}],"replies":[{"embeddable":true,"href":"https:\/\/www.lesjardinsdesaintehildegarde.com\/es\/wp-json\/wp\/v2\/comments?post=1368"}],"wp:featuredmedia":[{"embeddable":true,"href":"https:\/\/www.lesjardinsdesaintehildegarde.com\/es\/wp-json\/wp\/v2\/media\/74344"}],"wp:attachment":[{"href":"https:\/\/www.lesjardinsdesaintehildegarde.com\/es\/wp-json\/wp\/v2\/media?parent=1368"}],"wp:term":[{"taxonomy":"product_brand","embeddable":true,"href":"https:\/\/www.lesjardinsdesaintehildegarde.com\/es\/wp-json\/wp\/v2\/product_brand?post=1368"},{"taxonomy":"product_cat","embeddable":true,"href":"https:\/\/www.lesjardinsdesaintehildegarde.com\/es\/wp-json\/wp\/v2\/product_cat?post=1368"},{"taxonomy":"product_tag","embeddable":true,"href":"https:\/\/www.lesjardinsdesaintehildegarde.com\/es\/wp-json\/wp\/v2\/product_tag?post=1368"}],"curies":[{"name":"wp","href":"https:\/\/api.w.org\/{rel}","templated":true}]}}