{"id":140750,"date":"2025-09-09T14:41:11","date_gmt":"2025-09-09T12:41:11","guid":{"rendered":"https:\/\/www.lesjardinsdesaintehildegarde.com\/?post_type=product&#038;p=140750"},"modified":"2026-04-18T13:12:03","modified_gmt":"2026-04-18T11:12:03","slug":"melange-sauge-off-rose-de-damas-bio-2","status":"publish","type":"product","link":"https:\/\/www.lesjardinsdesaintehildegarde.com\/es\/plantas-y-especias\/mezclas-de-especias-y-hierbas\/melange-sauge-off-rose-de-damas-bio-2\/","title":{"rendered":"MELANGE SAUGE OFF ROSE DE DAMAS BIO"},"content":{"rendered":"<p>M\u00c9LANGE OLFACTIF APAISANT ROSEA-SALVIA BIO 15G (45.33\u20ac\/100G)<\/p>\n<p>* Issu de l&#8217;agriculture biologique<\/p>\n<p>Taille du flacon: volume 50ml, dimensions 55mm x 42mm<\/p>\n<p>Pour ce m\u00e9lange, nous avons s\u00e9lectionn\u00e9 avec soin des plantes de grande qualit\u00e9, afin de vous offrir une exp\u00e9rience sensorielle optimale, en accord avec les bienfaits que Sainte Hildegarde leur attribue.<\/p>\n<p>Dans son ouvrage Physica (chap. XXII), Sainte Hildegarde \u00e9crit :<\/p>\n<p>\u00abSi on est enclin \u00e0 la col\u00e8re, prendre de la rose et \u00e0 peine moins de sauge, r\u00e9duire en poudre, et, au moment o\u00f9 la col\u00e8re jaillit en soi, pr\u00e9senter cette poudre devant les narines : en effet, la sauge apaise et la rose r\u00e9jouit.\u00bb<\/p>\n<p>Mode d&#8217;emploi : En cas de mont\u00e9e d\u2019\u00e9motion, de col\u00e8re, de stress, respirer doucement cette poudre en la pla\u00e7ant sous le nez.<\/p>\n<p>On peut aussi en glisser une pinc\u00e9e dans une tisane du soir pour retrouver calme et paix int\u00e9rieure.<\/p>\n<p>Ingr\u00e9dients: poudre de p\u00e9tales de rose de Damas (Rosa x damascena)*50%, poudre de feuilles de sauge officinale (salvia officinalis)*50%<\/p>\n","protected":false},"excerpt":{"rendered":"<p>M\u00c9LANGE OLFACTIF APAISANT ROSEA-SALVIA BIO 15G (45.33\u20ac\/100G) * Issu de l&#8217;agriculture biologique Taille du flacon: volume 50ml, dimensions 55mm x 42mm Pour ce m\u00e9lange, nous avons s\u00e9lectionn\u00e9 avec soin des plantes de grande qualit\u00e9, afin de vous offrir une exp\u00e9rience sensorielle optimale, en accord avec les bienfaits que Sainte Hildegarde leur attribue. Dans son ouvrage [&hellip;]<\/p>\n","protected":false},"featured_media":141734,"comment_status":"open","ping_status":"closed","template":"","meta":{"_acf_changed":false,"_relevanssi_hide_post":"","_relevanssi_hide_content":"","_relevanssi_pin_for_all":"","_relevanssi_pin_keywords":"","_relevanssi_unpin_keywords":"","_relevanssi_related_keywords":"","_relevanssi_related_include_ids":"","_relevanssi_related_exclude_ids":"","_relevanssi_related_no_append":"","_relevanssi_related_not_related":"","_relevanssi_related_posts":"","_relevanssi_noindex_reason":""},"product_brand":[],"product_cat":[67,35],"product_tag":[49],"class_list":{"0":"post-140750","1":"product","2":"type-product","3":"status-publish","4":"has-post-thumbnail","6":"product_cat-melanges-aromatiques-et-culinaires","7":"product_cat-plantes-et-epices","8":"product_tag-produit-bio","10":"first","11":"instock","12":"taxable","13":"shipping-taxable","14":"purchasable","15":"product-type-simple"},"acf":[],"yoast_head":"<!-- This site is optimized with the Yoast SEO plugin v27.2 - https:\/\/yoast.com\/product\/yoast-seo-wordpress\/ -->\n<title>MELANGE SAUGE OFF ROSE DE DAMAS BIO - Les Jardins de Sainte-Hildegarde<\/title>\n<meta name=\"description\" content=\"-1209\" \/>\n<meta name=\"robots\" content=\"index, follow, max-snippet:-1, max-image-preview:large, max-video-preview:-1\" \/>\n<link rel=\"canonical\" href=\"https:\/\/www.lesjardinsdesaintehildegarde.com\/es\/plantas-y-especias\/mezclas-de-especias-y-hierbas\/melange-sauge-off-rose-de-damas-bio-2\/\" \/>\n<meta property=\"og:locale\" content=\"es_ES\" \/>\n<meta property=\"og:type\" content=\"article\" \/>\n<meta property=\"og:title\" content=\"MELANGE SAUGE OFF ROSE DE DAMAS BIO - Les Jardins de Sainte-Hildegarde\" \/>\n<meta property=\"og:description\" content=\"-1209\" \/>\n<meta property=\"og:url\" content=\"https:\/\/www.lesjardinsdesaintehildegarde.com\/es\/plantas-y-especias\/mezclas-de-especias-y-hierbas\/melange-sauge-off-rose-de-damas-bio-2\/\" \/>\n<meta property=\"og:site_name\" content=\"Les Jardins de Sainte-Hildegarde\" \/>\n<meta property=\"article:modified_time\" content=\"2026-04-18T11:12:03+00:00\" \/>\n<meta property=\"og:image\" content=\"https:\/\/www.lesjardinsdesaintehildegarde.com\/wp-content\/uploads\/2025\/09\/60135-melange-olfactif-rose-sauge-bio-15g.jpg\" \/>\n\t<meta property=\"og:image:width\" content=\"1200\" \/>\n\t<meta property=\"og:image:height\" content=\"1200\" \/>\n\t<meta property=\"og:image:type\" content=\"image\/jpeg\" \/>\n<meta name=\"twitter:card\" content=\"summary_large_image\" \/>\n<meta name=\"twitter:label1\" content=\"Tiempo de lectura\" \/>\n\t<meta name=\"twitter:data1\" content=\"1 minuto\" \/>\n<script type=\"application\/ld+json\" class=\"yoast-schema-graph\">{\"@context\":\"https:\/\/schema.org\",\"@graph\":[{\"@type\":\"WebPage\",\"@id\":\"https:\/\/www.lesjardinsdesaintehildegarde.com\/es\/plantas-y-especias\/mezclas-de-especias-y-hierbas\/melange-sauge-off-rose-de-damas-bio-2\/\",\"url\":\"https:\/\/www.lesjardinsdesaintehildegarde.com\/es\/plantas-y-especias\/mezclas-de-especias-y-hierbas\/melange-sauge-off-rose-de-damas-bio-2\/\",\"name\":\"MELANGE SAUGE OFF ROSE DE DAMAS BIO - Les Jardins de Sainte-Hildegarde\",\"isPartOf\":{\"@id\":\"https:\/\/www.lesjardinsdesaintehildegarde.com\/es\/#website\"},\"primaryImageOfPage\":{\"@id\":\"https:\/\/www.lesjardinsdesaintehildegarde.com\/es\/plantas-y-especias\/mezclas-de-especias-y-hierbas\/melange-sauge-off-rose-de-damas-bio-2\/#primaryimage\"},\"image\":{\"@id\":\"https:\/\/www.lesjardinsdesaintehildegarde.com\/es\/plantas-y-especias\/mezclas-de-especias-y-hierbas\/melange-sauge-off-rose-de-damas-bio-2\/#primaryimage\"},\"thumbnailUrl\":\"https:\/\/www.lesjardinsdesaintehildegarde.com\/wp-content\/uploads\/2025\/09\/60135-melange-olfactif-rose-sauge-bio-15g.jpg\",\"datePublished\":\"2025-09-09T12:41:11+00:00\",\"dateModified\":\"2026-04-18T11:12:03+00:00\",\"description\":\"-1209\",\"breadcrumb\":{\"@id\":\"https:\/\/www.lesjardinsdesaintehildegarde.com\/es\/plantas-y-especias\/mezclas-de-especias-y-hierbas\/melange-sauge-off-rose-de-damas-bio-2\/#breadcrumb\"},\"inLanguage\":\"es\",\"potentialAction\":[{\"@type\":\"ReadAction\",\"target\":[\"https:\/\/www.lesjardinsdesaintehildegarde.com\/es\/plantas-y-especias\/mezclas-de-especias-y-hierbas\/melange-sauge-off-rose-de-damas-bio-2\/\"]}]},{\"@type\":\"ImageObject\",\"inLanguage\":\"es\",\"@id\":\"https:\/\/www.lesjardinsdesaintehildegarde.com\/es\/plantas-y-especias\/mezclas-de-especias-y-hierbas\/melange-sauge-off-rose-de-damas-bio-2\/#primaryimage\",\"url\":\"https:\/\/www.lesjardinsdesaintehildegarde.com\/wp-content\/uploads\/2025\/09\/60135-melange-olfactif-rose-sauge-bio-15g.jpg\",\"contentUrl\":\"https:\/\/www.lesjardinsdesaintehildegarde.com\/wp-content\/uploads\/2025\/09\/60135-melange-olfactif-rose-sauge-bio-15g.jpg\",\"width\":1200,\"height\":1200,\"caption\":\"M\u00e9lange olfactif rose de Damas et sauge officinale, flacon de 15g, bio\"},{\"@type\":\"BreadcrumbList\",\"@id\":\"https:\/\/www.lesjardinsdesaintehildegarde.com\/es\/plantas-y-especias\/mezclas-de-especias-y-hierbas\/melange-sauge-off-rose-de-damas-bio-2\/#breadcrumb\",\"itemListElement\":[{\"@type\":\"ListItem\",\"position\":1,\"name\":\"Inicio\",\"item\":\"https:\/\/www.lesjardinsdesaintehildegarde.com\/es\/\"},{\"@type\":\"ListItem\",\"position\":2,\"name\":\"Productos\",\"item\":\"https:\/\/www.lesjardinsdesaintehildegarde.com\/es\/shop\/\"},{\"@type\":\"ListItem\",\"position\":3,\"name\":\"MELANGE SAUGE OFF ROSE DE DAMAS BIO\"}]},{\"@type\":\"WebSite\",\"@id\":\"https:\/\/www.lesjardinsdesaintehildegarde.com\/es\/#website\",\"url\":\"https:\/\/www.lesjardinsdesaintehildegarde.com\/es\/\",\"name\":\"Les Jardins de Sainte-Hildegarde\",\"description\":\"Viriditas\",\"publisher\":{\"@id\":\"https:\/\/www.lesjardinsdesaintehildegarde.com\/es\/#organization\"},\"potentialAction\":[{\"@type\":\"SearchAction\",\"target\":{\"@type\":\"EntryPoint\",\"urlTemplate\":\"https:\/\/www.lesjardinsdesaintehildegarde.com\/es\/?s={search_term_string}\"},\"query-input\":{\"@type\":\"PropertyValueSpecification\",\"valueRequired\":true,\"valueName\":\"search_term_string\"}}],\"inLanguage\":\"es\"},{\"@type\":\"Organization\",\"@id\":\"https:\/\/www.lesjardinsdesaintehildegarde.com\/es\/#organization\",\"name\":\"Les Jardins de Sainte-Hildegarde\",\"url\":\"https:\/\/www.lesjardinsdesaintehildegarde.com\/es\/\",\"logo\":{\"@type\":\"ImageObject\",\"inLanguage\":\"es\",\"@id\":\"https:\/\/www.lesjardinsdesaintehildegarde.com\/es\/#\/schema\/logo\/image\/\",\"url\":\"https:\/\/www.lesjardinsdesaintehildegarde.com\/wp-content\/uploads\/2022\/11\/logo-2022.png\",\"contentUrl\":\"https:\/\/www.lesjardinsdesaintehildegarde.com\/wp-content\/uploads\/2022\/11\/logo-2022.png\",\"width\":365,\"height\":90,\"caption\":\"Les Jardins de Sainte-Hildegarde\"},\"image\":{\"@id\":\"https:\/\/www.lesjardinsdesaintehildegarde.com\/es\/#\/schema\/logo\/image\/\"}}]}<\/script>\n<!-- \/ Yoast SEO plugin. -->","yoast_head_json":{"title":"MELANGE SAUGE OFF ROSE DE DAMAS BIO - Les Jardins de Sainte-Hildegarde","description":"-1209","robots":{"index":"index","follow":"follow","max-snippet":"max-snippet:-1","max-image-preview":"max-image-preview:large","max-video-preview":"max-video-preview:-1"},"canonical":"https:\/\/www.lesjardinsdesaintehildegarde.com\/es\/plantas-y-especias\/mezclas-de-especias-y-hierbas\/melange-sauge-off-rose-de-damas-bio-2\/","og_locale":"es_ES","og_type":"article","og_title":"MELANGE SAUGE OFF ROSE DE DAMAS BIO - Les Jardins de Sainte-Hildegarde","og_description":"-1209","og_url":"https:\/\/www.lesjardinsdesaintehildegarde.com\/es\/plantas-y-especias\/mezclas-de-especias-y-hierbas\/melange-sauge-off-rose-de-damas-bio-2\/","og_site_name":"Les Jardins de Sainte-Hildegarde","article_modified_time":"2026-04-18T11:12:03+00:00","og_image":[{"width":1200,"height":1200,"url":"https:\/\/www.lesjardinsdesaintehildegarde.com\/wp-content\/uploads\/2025\/09\/60135-melange-olfactif-rose-sauge-bio-15g.jpg","type":"image\/jpeg"}],"twitter_card":"summary_large_image","twitter_misc":{"Tiempo de lectura":"1 minuto"},"schema":{"@context":"https:\/\/schema.org","@graph":[{"@type":"WebPage","@id":"https:\/\/www.lesjardinsdesaintehildegarde.com\/es\/plantas-y-especias\/mezclas-de-especias-y-hierbas\/melange-sauge-off-rose-de-damas-bio-2\/","url":"https:\/\/www.lesjardinsdesaintehildegarde.com\/es\/plantas-y-especias\/mezclas-de-especias-y-hierbas\/melange-sauge-off-rose-de-damas-bio-2\/","name":"MELANGE SAUGE OFF ROSE DE DAMAS BIO - Les Jardins de Sainte-Hildegarde","isPartOf":{"@id":"https:\/\/www.lesjardinsdesaintehildegarde.com\/es\/#website"},"primaryImageOfPage":{"@id":"https:\/\/www.lesjardinsdesaintehildegarde.com\/es\/plantas-y-especias\/mezclas-de-especias-y-hierbas\/melange-sauge-off-rose-de-damas-bio-2\/#primaryimage"},"image":{"@id":"https:\/\/www.lesjardinsdesaintehildegarde.com\/es\/plantas-y-especias\/mezclas-de-especias-y-hierbas\/melange-sauge-off-rose-de-damas-bio-2\/#primaryimage"},"thumbnailUrl":"https:\/\/www.lesjardinsdesaintehildegarde.com\/wp-content\/uploads\/2025\/09\/60135-melange-olfactif-rose-sauge-bio-15g.jpg","datePublished":"2025-09-09T12:41:11+00:00","dateModified":"2026-04-18T11:12:03+00:00","description":"-1209","breadcrumb":{"@id":"https:\/\/www.lesjardinsdesaintehildegarde.com\/es\/plantas-y-especias\/mezclas-de-especias-y-hierbas\/melange-sauge-off-rose-de-damas-bio-2\/#breadcrumb"},"inLanguage":"es","potentialAction":[{"@type":"ReadAction","target":["https:\/\/www.lesjardinsdesaintehildegarde.com\/es\/plantas-y-especias\/mezclas-de-especias-y-hierbas\/melange-sauge-off-rose-de-damas-bio-2\/"]}]},{"@type":"ImageObject","inLanguage":"es","@id":"https:\/\/www.lesjardinsdesaintehildegarde.com\/es\/plantas-y-especias\/mezclas-de-especias-y-hierbas\/melange-sauge-off-rose-de-damas-bio-2\/#primaryimage","url":"https:\/\/www.lesjardinsdesaintehildegarde.com\/wp-content\/uploads\/2025\/09\/60135-melange-olfactif-rose-sauge-bio-15g.jpg","contentUrl":"https:\/\/www.lesjardinsdesaintehildegarde.com\/wp-content\/uploads\/2025\/09\/60135-melange-olfactif-rose-sauge-bio-15g.jpg","width":1200,"height":1200,"caption":"M\u00e9lange olfactif rose de Damas et sauge officinale, flacon de 15g, bio"},{"@type":"BreadcrumbList","@id":"https:\/\/www.lesjardinsdesaintehildegarde.com\/es\/plantas-y-especias\/mezclas-de-especias-y-hierbas\/melange-sauge-off-rose-de-damas-bio-2\/#breadcrumb","itemListElement":[{"@type":"ListItem","position":1,"name":"Inicio","item":"https:\/\/www.lesjardinsdesaintehildegarde.com\/es\/"},{"@type":"ListItem","position":2,"name":"Productos","item":"https:\/\/www.lesjardinsdesaintehildegarde.com\/es\/shop\/"},{"@type":"ListItem","position":3,"name":"MELANGE SAUGE OFF ROSE DE DAMAS BIO"}]},{"@type":"WebSite","@id":"https:\/\/www.lesjardinsdesaintehildegarde.com\/es\/#website","url":"https:\/\/www.lesjardinsdesaintehildegarde.com\/es\/","name":"Les Jardins de Sainte-Hildegarde","description":"Viriditas","publisher":{"@id":"https:\/\/www.lesjardinsdesaintehildegarde.com\/es\/#organization"},"potentialAction":[{"@type":"SearchAction","target":{"@type":"EntryPoint","urlTemplate":"https:\/\/www.lesjardinsdesaintehildegarde.com\/es\/?s={search_term_string}"},"query-input":{"@type":"PropertyValueSpecification","valueRequired":true,"valueName":"search_term_string"}}],"inLanguage":"es"},{"@type":"Organization","@id":"https:\/\/www.lesjardinsdesaintehildegarde.com\/es\/#organization","name":"Les Jardins de Sainte-Hildegarde","url":"https:\/\/www.lesjardinsdesaintehildegarde.com\/es\/","logo":{"@type":"ImageObject","inLanguage":"es","@id":"https:\/\/www.lesjardinsdesaintehildegarde.com\/es\/#\/schema\/logo\/image\/","url":"https:\/\/www.lesjardinsdesaintehildegarde.com\/wp-content\/uploads\/2022\/11\/logo-2022.png","contentUrl":"https:\/\/www.lesjardinsdesaintehildegarde.com\/wp-content\/uploads\/2022\/11\/logo-2022.png","width":365,"height":90,"caption":"Les Jardins de Sainte-Hildegarde"},"image":{"@id":"https:\/\/www.lesjardinsdesaintehildegarde.com\/es\/#\/schema\/logo\/image\/"}}]}},"_links":{"self":[{"href":"https:\/\/www.lesjardinsdesaintehildegarde.com\/es\/wp-json\/wp\/v2\/product\/140750","targetHints":{"allow":["GET"]}}],"collection":[{"href":"https:\/\/www.lesjardinsdesaintehildegarde.com\/es\/wp-json\/wp\/v2\/product"}],"about":[{"href":"https:\/\/www.lesjardinsdesaintehildegarde.com\/es\/wp-json\/wp\/v2\/types\/product"}],"replies":[{"embeddable":true,"href":"https:\/\/www.lesjardinsdesaintehildegarde.com\/es\/wp-json\/wp\/v2\/comments?post=140750"}],"wp:featuredmedia":[{"embeddable":true,"href":"https:\/\/www.lesjardinsdesaintehildegarde.com\/es\/wp-json\/wp\/v2\/media\/141734"}],"wp:attachment":[{"href":"https:\/\/www.lesjardinsdesaintehildegarde.com\/es\/wp-json\/wp\/v2\/media?parent=140750"}],"wp:term":[{"taxonomy":"product_brand","embeddable":true,"href":"https:\/\/www.lesjardinsdesaintehildegarde.com\/es\/wp-json\/wp\/v2\/product_brand?post=140750"},{"taxonomy":"product_cat","embeddable":true,"href":"https:\/\/www.lesjardinsdesaintehildegarde.com\/es\/wp-json\/wp\/v2\/product_cat?post=140750"},{"taxonomy":"product_tag","embeddable":true,"href":"https:\/\/www.lesjardinsdesaintehildegarde.com\/es\/wp-json\/wp\/v2\/product_tag?post=140750"}],"curies":[{"name":"wp","href":"https:\/\/api.w.org\/{rel}","templated":true}]}}