{"id":1421,"date":"2022-11-04T09:08:25","date_gmt":"2022-11-04T08:08:25","guid":{"rendered":"https:\/\/www.lesjardinsdesaintehildegarde.com\/non%20class\u00e9\/cure-monodiete-de-ste-hild-bio\/"},"modified":"2026-04-21T08:53:02","modified_gmt":"2026-04-21T06:53:02","slug":"cure-monodiete-de-ste-hild-bio","status":"publish","type":"product","link":"https:\/\/www.lesjardinsdesaintehildegarde.com\/es\/espelta-alimentacion\/espelta\/pequena-espelta\/cure-monodiete-de-ste-hild-bio\/","title":{"rendered":"CURE MONODIETE DE STE HILD. BIO*"},"content":{"rendered":"<p>CURE MONODI\u00c8TE DE SAINTE HILDEGARDE (BIO) * <\/p>\n<p>Vitalit\u00e9, minceur, forme et joie de vivre, avec la cure mono-di\u00e8te de Sainte Hildegarde !<\/p>\n<p>Composition : <\/p>\n<p>\u00c9peautre* en grain 500 g, Flocons \u00e9peautre* 250 g, \u00c9peaucaf* 250 g, Coquillettes et Vermicelles d&#8217;\u00e9peautre* 250+250 g, 1 sachet de 2 potages* PANAIS, 1 sachet de 2 potages* ORTIE, 1 sachet de 2 potages* FENOUIL, Pyr\u00e8thre-Galanga 40 g, Serpolet*-Hysope* 30 g, Fenouil*-Menthe pouliot* 70 g, 1 paquet de Galettes souffl\u00e9es \u00e9peautre*, Livret explicatif<\/p>\n<p>* Issu de l&#8217;agriculture biologique<\/p>\n<p>Compositions d\u00e9taill\u00e9es des potages :&nbsp;&nbsp;<\/p>\n<p>&#8211; Fenouil : L\u00e9gumes* 53% (oignon*, fenouil* 12.5%, pomme de terre*,<br \/>\ncarotte*, CELERI*, potiron*), farine pr\u00e9cuite de sarrasin*, sel, son de BLE*,<br \/>\nfarine de riz*, \u00e9paississants&nbsp;: farine de graines de guar*, gomme de<br \/>\nxanthane&nbsp;; huile de tournesol d\u00e9sodoris\u00e9e*, curcuma*, ail*, persil*,<br \/>\nliv\u00e8che*. Traces \u00e9ventuelles de MOUTARDE.<\/p>\n<p>&nbsp;&#8211; Panais : L\u00e9gumes* 37% (panais* 20%, oignon*, pomme de terre*,<br \/>\ncarotte*, CELERI* fenouil*, potiron), farine pr\u00e9cuite de sarrasin*, son de BLE*,<br \/>\nsel, farine de riz*, \u00e9paississants&nbsp;: farine de graines de guar*, gomme de<br \/>\nxanthane&nbsp;; persil*, huile de tournesol d\u00e9sodoris\u00e9e*, curcuma*, ail*,<br \/>\nliv\u00e8che*, extrait de romarin*. Traces \u00e9ventuelles de SOJA, FRUITS \u00e0 COQUES, SESAME, SULFITES<br \/>\n&nbsp;<\/p>\n<p>&nbsp;&#8211; Ortie ; Farine pr\u00e9cuite de sarrasin*, l\u00e9gumes* 29% (pomme de terre*,<br \/>\noignon*, ortie* 9%, carotte*, CELERI*, fenouil*, potiron*), son de BLE*, sel, farine<br \/>\nde riz*, \u00e9paississants&nbsp;: farine de graines de guar*, gomme de xanthane&nbsp;;<br \/>\nhuile de tournesol d\u00e9sodoris\u00e9e*, curcuma*, ail*, persil*, liv\u00e8che*&nbsp;<\/p>\n<p>Dans ses \u00e9crits, Sainte Hildegarde nous pr\u00e9sente l&#8217;\u00e9peautre (non hybrid\u00e9) comme la meilleure des c\u00e9r\u00e9ales, elle nourrit sainement sans surcharger l&#8217;organisme, elle procure joie et vitalit\u00e9 aux cellules de notre corps, elle est la base essentielle de cette cure. Pr\u00e9sent\u00e9e dans une jolie valisette en carton \u00e9cru, cette cure mono-di\u00e8te contient tous les produits secs n\u00e9cessaires pour faire la cure mono-di\u00e8te de 7 jours de Sainte Hildegarde ainsi qu&#8217;un livret explicatif. (Il faudra rajouter des l\u00e9gumes frais).<\/p>\n<p>Cette cure mono di\u00e8te conseill\u00e9e par Sainte Hildegarde permet \u00e0 chacun de nettoyer en profondeur mais en douceur son organisme. Cette cure mono-di\u00e8te n&#8217;est pas un je\u00fbne absolu, mais une di\u00e8te tout \u00e0 fait adapt\u00e9e \u00e0 notre mode de vie moderne. Cette cure est donc facile \u00e0 mettre en application, sans risque de carence et sans faim.<\/p>\n<p>En effet, \u00e9tant donn\u00e9 les qualit\u00e9s intrins\u00e8ques du petit \u00e9peautre (non hybrid\u00e9), des l\u00e9gumes, des compl\u00e9ments alimentaires, des \u00e9pices, des potages et des herbes aromatiques qui composent cette cure mono-di\u00e8te, l&#8217;organisme, priv\u00e9 d&#8217;aliments lourds et indigestes, se repose.<\/p>\n","protected":false},"excerpt":{"rendered":"<p>CURE MONODI\u00c8TE DE SAINTE HILDEGARDE (BIO) * Vitalit\u00e9, minceur, forme et joie de vivre, avec la cure mono-di\u00e8te de Sainte Hildegarde ! Composition : \u00c9peautre* en grain 500 g, Flocons \u00e9peautre* 250 g, \u00c9peaucaf* 250 g, Coquillettes et Vermicelles d&#8217;\u00e9peautre* 250+250 g, 1 sachet de 2 potages* PANAIS, 1 sachet de 2 potages* ORTIE, 1 [&hellip;]<\/p>\n","protected":false},"featured_media":137366,"comment_status":"open","ping_status":"closed","template":"","meta":{"_acf_changed":false,"_relevanssi_hide_post":"","_relevanssi_hide_content":"","_relevanssi_pin_for_all":"","_relevanssi_pin_keywords":"","_relevanssi_unpin_keywords":"","_relevanssi_related_keywords":"","_relevanssi_related_include_ids":"","_relevanssi_related_exclude_ids":"","_relevanssi_related_no_append":"","_relevanssi_related_not_related":"","_relevanssi_related_posts":"","_relevanssi_noindex_reason":""},"product_brand":[],"product_cat":[52,30,60],"product_tag":[49],"class_list":{"0":"post-1421","1":"product","2":"type-product","3":"status-publish","4":"has-post-thumbnail","6":"product_cat-epeautre","7":"product_cat-epeautres-alimentation","8":"product_cat-petit-epeautre","9":"product_tag-produit-bio","11":"first","12":"instock","13":"taxable","14":"shipping-taxable","15":"purchasable","16":"product-type-simple"},"acf":[],"yoast_head":"<!-- This site is optimized with the Yoast SEO plugin v27.2 - https:\/\/yoast.com\/product\/yoast-seo-wordpress\/ -->\n<title>CURE MONODIETE DE STE HILD. BIO* - Les Jardins de Sainte-Hildegarde<\/title>\n<meta name=\"robots\" content=\"index, follow, max-snippet:-1, max-image-preview:large, max-video-preview:-1\" \/>\n<link rel=\"canonical\" href=\"https:\/\/www.lesjardinsdesaintehildegarde.com\/es\/espelta-alimentacion\/espelta\/pequena-espelta\/cure-monodiete-de-ste-hild-bio\/\" \/>\n<meta property=\"og:locale\" content=\"es_ES\" \/>\n<meta property=\"og:type\" content=\"article\" \/>\n<meta property=\"og:title\" content=\"CURE MONODIETE DE STE HILD. BIO* - Les Jardins de Sainte-Hildegarde\" \/>\n<meta property=\"og:description\" content=\"CURE MONODI\u00c8TE DE SAINTE HILDEGARDE (BIO) * Vitalit\u00e9, minceur, forme et joie de vivre, avec la cure mono-di\u00e8te de Sainte Hildegarde ! Composition : \u00c9peautre* en grain 500 g, Flocons \u00e9peautre* 250 g, \u00c9peaucaf* 250 g, Coquillettes et Vermicelles d&#8217;\u00e9peautre* 250+250 g, 1 sachet de 2 potages* PANAIS, 1 sachet de 2 potages* ORTIE, 1 [&hellip;]\" \/>\n<meta property=\"og:url\" content=\"https:\/\/www.lesjardinsdesaintehildegarde.com\/es\/espelta-alimentacion\/espelta\/pequena-espelta\/cure-monodiete-de-ste-hild-bio\/\" \/>\n<meta property=\"og:site_name\" content=\"Les Jardins de Sainte-Hildegarde\" \/>\n<meta property=\"article:modified_time\" content=\"2026-04-21T06:53:02+00:00\" \/>\n<meta property=\"og:image\" content=\"https:\/\/www.lesjardinsdesaintehildegarde.com\/wp-content\/uploads\/2022\/11\/cm001-cure-monodiete-sans-g140.jpg\" \/>\n\t<meta property=\"og:image:width\" content=\"1200\" \/>\n\t<meta property=\"og:image:height\" content=\"1200\" \/>\n\t<meta property=\"og:image:type\" content=\"image\/jpeg\" \/>\n<meta name=\"twitter:card\" content=\"summary_large_image\" \/>\n<meta name=\"twitter:label1\" content=\"Tiempo de lectura\" \/>\n\t<meta name=\"twitter:data1\" content=\"2 minutos\" \/>\n<script type=\"application\/ld+json\" class=\"yoast-schema-graph\">{\"@context\":\"https:\/\/schema.org\",\"@graph\":[{\"@type\":\"WebPage\",\"@id\":\"https:\/\/www.lesjardinsdesaintehildegarde.com\/es\/espelta-alimentacion\/espelta\/pequena-espelta\/cure-monodiete-de-ste-hild-bio\/\",\"url\":\"https:\/\/www.lesjardinsdesaintehildegarde.com\/es\/espelta-alimentacion\/espelta\/pequena-espelta\/cure-monodiete-de-ste-hild-bio\/\",\"name\":\"CURE MONODIETE DE STE HILD. BIO* - Les Jardins de Sainte-Hildegarde\",\"isPartOf\":{\"@id\":\"https:\/\/www.lesjardinsdesaintehildegarde.com\/es\/#website\"},\"primaryImageOfPage\":{\"@id\":\"https:\/\/www.lesjardinsdesaintehildegarde.com\/es\/espelta-alimentacion\/espelta\/pequena-espelta\/cure-monodiete-de-ste-hild-bio\/#primaryimage\"},\"image\":{\"@id\":\"https:\/\/www.lesjardinsdesaintehildegarde.com\/es\/espelta-alimentacion\/espelta\/pequena-espelta\/cure-monodiete-de-ste-hild-bio\/#primaryimage\"},\"thumbnailUrl\":\"https:\/\/www.lesjardinsdesaintehildegarde.com\/wp-content\/uploads\/2022\/11\/cm001-cure-monodiete-sans-g140.jpg\",\"datePublished\":\"2022-11-04T08:08:25+00:00\",\"dateModified\":\"2026-04-21T06:53:02+00:00\",\"breadcrumb\":{\"@id\":\"https:\/\/www.lesjardinsdesaintehildegarde.com\/es\/espelta-alimentacion\/espelta\/pequena-espelta\/cure-monodiete-de-ste-hild-bio\/#breadcrumb\"},\"inLanguage\":\"es\",\"potentialAction\":[{\"@type\":\"ReadAction\",\"target\":[\"https:\/\/www.lesjardinsdesaintehildegarde.com\/es\/espelta-alimentacion\/espelta\/pequena-espelta\/cure-monodiete-de-ste-hild-bio\/\"]}]},{\"@type\":\"ImageObject\",\"inLanguage\":\"es\",\"@id\":\"https:\/\/www.lesjardinsdesaintehildegarde.com\/es\/espelta-alimentacion\/espelta\/pequena-espelta\/cure-monodiete-de-ste-hild-bio\/#primaryimage\",\"url\":\"https:\/\/www.lesjardinsdesaintehildegarde.com\/wp-content\/uploads\/2022\/11\/cm001-cure-monodiete-sans-g140.jpg\",\"contentUrl\":\"https:\/\/www.lesjardinsdesaintehildegarde.com\/wp-content\/uploads\/2022\/11\/cm001-cure-monodiete-sans-g140.jpg\",\"width\":1200,\"height\":1200,\"caption\":\"Cure monodiete \u00e0 l'\u00e9peautre non hybrid\u00e9, plantes et potages de sainte Hildegarde, programme complet pour une semaine.\"},{\"@type\":\"BreadcrumbList\",\"@id\":\"https:\/\/www.lesjardinsdesaintehildegarde.com\/es\/espelta-alimentacion\/espelta\/pequena-espelta\/cure-monodiete-de-ste-hild-bio\/#breadcrumb\",\"itemListElement\":[{\"@type\":\"ListItem\",\"position\":1,\"name\":\"Inicio\",\"item\":\"https:\/\/www.lesjardinsdesaintehildegarde.com\/es\/\"},{\"@type\":\"ListItem\",\"position\":2,\"name\":\"Productos\",\"item\":\"https:\/\/www.lesjardinsdesaintehildegarde.com\/es\/shop\/\"},{\"@type\":\"ListItem\",\"position\":3,\"name\":\"CURE MONODIETE DE STE HILD. BIO*\"}]},{\"@type\":\"WebSite\",\"@id\":\"https:\/\/www.lesjardinsdesaintehildegarde.com\/es\/#website\",\"url\":\"https:\/\/www.lesjardinsdesaintehildegarde.com\/es\/\",\"name\":\"Les Jardins de Sainte-Hildegarde\",\"description\":\"Viriditas\",\"publisher\":{\"@id\":\"https:\/\/www.lesjardinsdesaintehildegarde.com\/es\/#organization\"},\"potentialAction\":[{\"@type\":\"SearchAction\",\"target\":{\"@type\":\"EntryPoint\",\"urlTemplate\":\"https:\/\/www.lesjardinsdesaintehildegarde.com\/es\/?s={search_term_string}\"},\"query-input\":{\"@type\":\"PropertyValueSpecification\",\"valueRequired\":true,\"valueName\":\"search_term_string\"}}],\"inLanguage\":\"es\"},{\"@type\":\"Organization\",\"@id\":\"https:\/\/www.lesjardinsdesaintehildegarde.com\/es\/#organization\",\"name\":\"Les Jardins de Sainte-Hildegarde\",\"url\":\"https:\/\/www.lesjardinsdesaintehildegarde.com\/es\/\",\"logo\":{\"@type\":\"ImageObject\",\"inLanguage\":\"es\",\"@id\":\"https:\/\/www.lesjardinsdesaintehildegarde.com\/es\/#\/schema\/logo\/image\/\",\"url\":\"https:\/\/www.lesjardinsdesaintehildegarde.com\/wp-content\/uploads\/2022\/11\/logo-2022.png\",\"contentUrl\":\"https:\/\/www.lesjardinsdesaintehildegarde.com\/wp-content\/uploads\/2022\/11\/logo-2022.png\",\"width\":365,\"height\":90,\"caption\":\"Les Jardins de Sainte-Hildegarde\"},\"image\":{\"@id\":\"https:\/\/www.lesjardinsdesaintehildegarde.com\/es\/#\/schema\/logo\/image\/\"}}]}<\/script>\n<!-- \/ Yoast SEO plugin. -->","yoast_head_json":{"title":"CURE MONODIETE DE STE HILD. BIO* - Les Jardins de Sainte-Hildegarde","robots":{"index":"index","follow":"follow","max-snippet":"max-snippet:-1","max-image-preview":"max-image-preview:large","max-video-preview":"max-video-preview:-1"},"canonical":"https:\/\/www.lesjardinsdesaintehildegarde.com\/es\/espelta-alimentacion\/espelta\/pequena-espelta\/cure-monodiete-de-ste-hild-bio\/","og_locale":"es_ES","og_type":"article","og_title":"CURE MONODIETE DE STE HILD. BIO* - Les Jardins de Sainte-Hildegarde","og_description":"CURE MONODI\u00c8TE DE SAINTE HILDEGARDE (BIO) * Vitalit\u00e9, minceur, forme et joie de vivre, avec la cure mono-di\u00e8te de Sainte Hildegarde ! Composition : \u00c9peautre* en grain 500 g, Flocons \u00e9peautre* 250 g, \u00c9peaucaf* 250 g, Coquillettes et Vermicelles d&#8217;\u00e9peautre* 250+250 g, 1 sachet de 2 potages* PANAIS, 1 sachet de 2 potages* ORTIE, 1 [&hellip;]","og_url":"https:\/\/www.lesjardinsdesaintehildegarde.com\/es\/espelta-alimentacion\/espelta\/pequena-espelta\/cure-monodiete-de-ste-hild-bio\/","og_site_name":"Les Jardins de Sainte-Hildegarde","article_modified_time":"2026-04-21T06:53:02+00:00","og_image":[{"width":1200,"height":1200,"url":"https:\/\/www.lesjardinsdesaintehildegarde.com\/wp-content\/uploads\/2022\/11\/cm001-cure-monodiete-sans-g140.jpg","type":"image\/jpeg"}],"twitter_card":"summary_large_image","twitter_misc":{"Tiempo de lectura":"2 minutos"},"schema":{"@context":"https:\/\/schema.org","@graph":[{"@type":"WebPage","@id":"https:\/\/www.lesjardinsdesaintehildegarde.com\/es\/espelta-alimentacion\/espelta\/pequena-espelta\/cure-monodiete-de-ste-hild-bio\/","url":"https:\/\/www.lesjardinsdesaintehildegarde.com\/es\/espelta-alimentacion\/espelta\/pequena-espelta\/cure-monodiete-de-ste-hild-bio\/","name":"CURE MONODIETE DE STE HILD. BIO* - Les Jardins de Sainte-Hildegarde","isPartOf":{"@id":"https:\/\/www.lesjardinsdesaintehildegarde.com\/es\/#website"},"primaryImageOfPage":{"@id":"https:\/\/www.lesjardinsdesaintehildegarde.com\/es\/espelta-alimentacion\/espelta\/pequena-espelta\/cure-monodiete-de-ste-hild-bio\/#primaryimage"},"image":{"@id":"https:\/\/www.lesjardinsdesaintehildegarde.com\/es\/espelta-alimentacion\/espelta\/pequena-espelta\/cure-monodiete-de-ste-hild-bio\/#primaryimage"},"thumbnailUrl":"https:\/\/www.lesjardinsdesaintehildegarde.com\/wp-content\/uploads\/2022\/11\/cm001-cure-monodiete-sans-g140.jpg","datePublished":"2022-11-04T08:08:25+00:00","dateModified":"2026-04-21T06:53:02+00:00","breadcrumb":{"@id":"https:\/\/www.lesjardinsdesaintehildegarde.com\/es\/espelta-alimentacion\/espelta\/pequena-espelta\/cure-monodiete-de-ste-hild-bio\/#breadcrumb"},"inLanguage":"es","potentialAction":[{"@type":"ReadAction","target":["https:\/\/www.lesjardinsdesaintehildegarde.com\/es\/espelta-alimentacion\/espelta\/pequena-espelta\/cure-monodiete-de-ste-hild-bio\/"]}]},{"@type":"ImageObject","inLanguage":"es","@id":"https:\/\/www.lesjardinsdesaintehildegarde.com\/es\/espelta-alimentacion\/espelta\/pequena-espelta\/cure-monodiete-de-ste-hild-bio\/#primaryimage","url":"https:\/\/www.lesjardinsdesaintehildegarde.com\/wp-content\/uploads\/2022\/11\/cm001-cure-monodiete-sans-g140.jpg","contentUrl":"https:\/\/www.lesjardinsdesaintehildegarde.com\/wp-content\/uploads\/2022\/11\/cm001-cure-monodiete-sans-g140.jpg","width":1200,"height":1200,"caption":"Cure monodiete \u00e0 l'\u00e9peautre non hybrid\u00e9, plantes et potages de sainte Hildegarde, programme complet pour une semaine."},{"@type":"BreadcrumbList","@id":"https:\/\/www.lesjardinsdesaintehildegarde.com\/es\/espelta-alimentacion\/espelta\/pequena-espelta\/cure-monodiete-de-ste-hild-bio\/#breadcrumb","itemListElement":[{"@type":"ListItem","position":1,"name":"Inicio","item":"https:\/\/www.lesjardinsdesaintehildegarde.com\/es\/"},{"@type":"ListItem","position":2,"name":"Productos","item":"https:\/\/www.lesjardinsdesaintehildegarde.com\/es\/shop\/"},{"@type":"ListItem","position":3,"name":"CURE MONODIETE DE STE HILD. BIO*"}]},{"@type":"WebSite","@id":"https:\/\/www.lesjardinsdesaintehildegarde.com\/es\/#website","url":"https:\/\/www.lesjardinsdesaintehildegarde.com\/es\/","name":"Les Jardins de Sainte-Hildegarde","description":"Viriditas","publisher":{"@id":"https:\/\/www.lesjardinsdesaintehildegarde.com\/es\/#organization"},"potentialAction":[{"@type":"SearchAction","target":{"@type":"EntryPoint","urlTemplate":"https:\/\/www.lesjardinsdesaintehildegarde.com\/es\/?s={search_term_string}"},"query-input":{"@type":"PropertyValueSpecification","valueRequired":true,"valueName":"search_term_string"}}],"inLanguage":"es"},{"@type":"Organization","@id":"https:\/\/www.lesjardinsdesaintehildegarde.com\/es\/#organization","name":"Les Jardins de Sainte-Hildegarde","url":"https:\/\/www.lesjardinsdesaintehildegarde.com\/es\/","logo":{"@type":"ImageObject","inLanguage":"es","@id":"https:\/\/www.lesjardinsdesaintehildegarde.com\/es\/#\/schema\/logo\/image\/","url":"https:\/\/www.lesjardinsdesaintehildegarde.com\/wp-content\/uploads\/2022\/11\/logo-2022.png","contentUrl":"https:\/\/www.lesjardinsdesaintehildegarde.com\/wp-content\/uploads\/2022\/11\/logo-2022.png","width":365,"height":90,"caption":"Les Jardins de Sainte-Hildegarde"},"image":{"@id":"https:\/\/www.lesjardinsdesaintehildegarde.com\/es\/#\/schema\/logo\/image\/"}}]}},"_links":{"self":[{"href":"https:\/\/www.lesjardinsdesaintehildegarde.com\/es\/wp-json\/wp\/v2\/product\/1421","targetHints":{"allow":["GET"]}}],"collection":[{"href":"https:\/\/www.lesjardinsdesaintehildegarde.com\/es\/wp-json\/wp\/v2\/product"}],"about":[{"href":"https:\/\/www.lesjardinsdesaintehildegarde.com\/es\/wp-json\/wp\/v2\/types\/product"}],"replies":[{"embeddable":true,"href":"https:\/\/www.lesjardinsdesaintehildegarde.com\/es\/wp-json\/wp\/v2\/comments?post=1421"}],"wp:featuredmedia":[{"embeddable":true,"href":"https:\/\/www.lesjardinsdesaintehildegarde.com\/es\/wp-json\/wp\/v2\/media\/137366"}],"wp:attachment":[{"href":"https:\/\/www.lesjardinsdesaintehildegarde.com\/es\/wp-json\/wp\/v2\/media?parent=1421"}],"wp:term":[{"taxonomy":"product_brand","embeddable":true,"href":"https:\/\/www.lesjardinsdesaintehildegarde.com\/es\/wp-json\/wp\/v2\/product_brand?post=1421"},{"taxonomy":"product_cat","embeddable":true,"href":"https:\/\/www.lesjardinsdesaintehildegarde.com\/es\/wp-json\/wp\/v2\/product_cat?post=1421"},{"taxonomy":"product_tag","embeddable":true,"href":"https:\/\/www.lesjardinsdesaintehildegarde.com\/es\/wp-json\/wp\/v2\/product_tag?post=1421"}],"curies":[{"name":"wp","href":"https:\/\/api.w.org\/{rel}","templated":true}]}}