{"id":144657,"date":"2025-10-31T09:41:03","date_gmt":"2025-10-31T08:41:03","guid":{"rendered":"https:\/\/www.lesjardinsdesaintehildegarde.com\/non%20class\u00e9\/cuisiner-selon-les-saisons-avec-hildgard-2\/"},"modified":"2026-04-23T07:44:02","modified_gmt":"2026-04-23T05:44:02","slug":"cuisiner-selon-les-saisons-avec-hildgard-2","status":"publish","type":"product","link":"https:\/\/www.lesjardinsdesaintehildegarde.com\/es\/libros-y-otros-productos\/libros\/nutricion-y-recetas-de-cocina\/cuisiner-selon-les-saisons-avec-hildgard-2\/","title":{"rendered":"CONSEILS RECETTES ET REMEDES DE STE HILD"},"content":{"rendered":"<p>CONSEILS, RECETTES ET REMEDES DE SAINTE HILDEGARDE<\/p>\n<p>Une harmonie du corps et de l&#8217;\u00e2me<\/p>\n<p>176 pages, Format 195 x 240 mm \u00c9ditions Mame Octobre 2025<\/p>\n<p>Emmanuelle Phlipponnat<\/p>\n<p>Offre sp\u00e9ciale : remise du 31\/10\/2025 au 20\/02\/2026<\/p>\n<p>Loin des potions de sorci\u00e8res, ce livre pratique et grand public d\u00e9voile de nombreux secrets de sainte Hildegarde de Bingen pour prendre soin de son corps mais aussi de son \u00e2me dans une vision holistique et chr\u00e9tienne.<\/p>\n<p>C\u00e9r\u00e9ales, l\u00e9gumes, fruits, plantes aromatiques&#8230; et beaucoup d&#8217;autres encore vous r\u00e9v\u00e9leront leurs vertus cach\u00e9es et la meilleure mani\u00e8re de les mettre \u00e0 profit, notamment \u00e0 travers des rem\u00e8des faciles \u00e0 fabriquer soi-m\u00eame et des recettes aussi originales que d\u00e9licieuses.<\/p>\n","protected":false},"excerpt":{"rendered":"<p>CONSEILS, RECETTES ET REMEDES DE SAINTE HILDEGARDE Une harmonie du corps et de l&#8217;\u00e2me 176 pages, Format 195 x 240 mm \u00c9ditions Mame Octobre 2025 Emmanuelle Phlipponnat Offre sp\u00e9ciale : remise du 31\/10\/2025 au 20\/02\/2026 Loin des potions de sorci\u00e8res, ce livre pratique et grand public d\u00e9voile de nombreux secrets de sainte Hildegarde de Bingen [&hellip;]<\/p>\n","protected":false},"featured_media":144676,"comment_status":"open","ping_status":"closed","template":"","meta":{"_acf_changed":false,"_relevanssi_hide_post":"","_relevanssi_hide_content":"","_relevanssi_pin_for_all":"","_relevanssi_pin_keywords":"","_relevanssi_unpin_keywords":"","_relevanssi_related_keywords":"","_relevanssi_related_include_ids":"","_relevanssi_related_exclude_ids":"","_relevanssi_related_no_append":"","_relevanssi_related_not_related":"","_relevanssi_related_posts":"","_relevanssi_noindex_reason":""},"product_brand":[],"product_cat":[114,108,33],"product_tag":[48],"class_list":{"0":"post-144657","1":"product","2":"type-product","3":"status-publish","4":"has-post-thumbnail","6":"product_cat-alimentation-et-recettes-de-cuisine","7":"product_cat-livres","8":"product_cat-livres-et-loisirs","9":"product_tag-achat-direct","11":"first","12":"instock","13":"taxable","14":"shipping-taxable","15":"purchasable","16":"product-type-simple"},"acf":[],"yoast_head":"<!-- This site is optimized with the Yoast SEO plugin v27.4 - https:\/\/yoast.com\/product\/yoast-seo-wordpress\/ -->\n<title>CONSEILS RECETTES ET REMEDES DE STE HILD - Les Jardins de Sainte-Hildegarde<\/title>\n<meta name=\"robots\" content=\"index, follow, max-snippet:-1, max-image-preview:large, max-video-preview:-1\" \/>\n<link rel=\"canonical\" href=\"https:\/\/www.lesjardinsdesaintehildegarde.com\/es\/libros-y-otros-productos\/libros\/nutricion-y-recetas-de-cocina\/cuisiner-selon-les-saisons-avec-hildgard-2\/\" \/>\n<meta property=\"og:locale\" content=\"es_ES\" \/>\n<meta property=\"og:type\" content=\"article\" \/>\n<meta property=\"og:title\" content=\"CONSEILS RECETTES ET REMEDES DE STE HILD - Les Jardins de Sainte-Hildegarde\" \/>\n<meta property=\"og:description\" content=\"CONSEILS, RECETTES ET REMEDES DE SAINTE HILDEGARDE Une harmonie du corps et de l&#8217;\u00e2me 176 pages, Format 195 x 240 mm \u00c9ditions Mame Octobre 2025 Emmanuelle Phlipponnat Offre sp\u00e9ciale : remise du 31\/10\/2025 au 20\/02\/2026 Loin des potions de sorci\u00e8res, ce livre pratique et grand public d\u00e9voile de nombreux secrets de sainte Hildegarde de Bingen [&hellip;]\" \/>\n<meta property=\"og:url\" content=\"https:\/\/www.lesjardinsdesaintehildegarde.com\/es\/libros-y-otros-productos\/libros\/nutricion-y-recetas-de-cocina\/cuisiner-selon-les-saisons-avec-hildgard-2\/\" \/>\n<meta property=\"og:site_name\" content=\"Les Jardins de Sainte-Hildegarde\" \/>\n<meta property=\"article:modified_time\" content=\"2026-04-23T05:44:02+00:00\" \/>\n<meta property=\"og:image\" content=\"https:\/\/www.lesjardinsdesaintehildegarde.com\/wp-content\/uploads\/2025\/10\/l0129-conseils-recettes-et-remedes-naturels-de-sainte-hildegarde.jpg\" \/>\n\t<meta property=\"og:image:width\" content=\"1200\" \/>\n\t<meta property=\"og:image:height\" content=\"1200\" \/>\n\t<meta property=\"og:image:type\" content=\"image\/jpeg\" \/>\n<meta name=\"twitter:card\" content=\"summary_large_image\" \/>\n<meta name=\"twitter:label1\" content=\"Tiempo de lectura\" \/>\n\t<meta name=\"twitter:data1\" content=\"1 minuto\" \/>\n<script type=\"application\/ld+json\" class=\"yoast-schema-graph\">{\"@context\":\"https:\\\/\\\/schema.org\",\"@graph\":[{\"@type\":\"WebPage\",\"@id\":\"https:\\\/\\\/www.lesjardinsdesaintehildegarde.com\\\/es\\\/libros-y-otros-productos\\\/libros\\\/nutricion-y-recetas-de-cocina\\\/cuisiner-selon-les-saisons-avec-hildgard-2\\\/\",\"url\":\"https:\\\/\\\/www.lesjardinsdesaintehildegarde.com\\\/es\\\/libros-y-otros-productos\\\/libros\\\/nutricion-y-recetas-de-cocina\\\/cuisiner-selon-les-saisons-avec-hildgard-2\\\/\",\"name\":\"CONSEILS RECETTES ET REMEDES DE STE HILD - Les Jardins de Sainte-Hildegarde\",\"isPartOf\":{\"@id\":\"https:\\\/\\\/www.lesjardinsdesaintehildegarde.com\\\/es\\\/#website\"},\"primaryImageOfPage\":{\"@id\":\"https:\\\/\\\/www.lesjardinsdesaintehildegarde.com\\\/es\\\/libros-y-otros-productos\\\/libros\\\/nutricion-y-recetas-de-cocina\\\/cuisiner-selon-les-saisons-avec-hildgard-2\\\/#primaryimage\"},\"image\":{\"@id\":\"https:\\\/\\\/www.lesjardinsdesaintehildegarde.com\\\/es\\\/libros-y-otros-productos\\\/libros\\\/nutricion-y-recetas-de-cocina\\\/cuisiner-selon-les-saisons-avec-hildgard-2\\\/#primaryimage\"},\"thumbnailUrl\":\"https:\\\/\\\/www.lesjardinsdesaintehildegarde.com\\\/wp-content\\\/uploads\\\/2025\\\/10\\\/l0129-conseils-recettes-et-remedes-naturels-de-sainte-hildegarde.jpg\",\"datePublished\":\"2025-10-31T08:41:03+00:00\",\"dateModified\":\"2026-04-23T05:44:02+00:00\",\"breadcrumb\":{\"@id\":\"https:\\\/\\\/www.lesjardinsdesaintehildegarde.com\\\/es\\\/libros-y-otros-productos\\\/libros\\\/nutricion-y-recetas-de-cocina\\\/cuisiner-selon-les-saisons-avec-hildgard-2\\\/#breadcrumb\"},\"inLanguage\":\"es\",\"potentialAction\":[{\"@type\":\"ReadAction\",\"target\":[\"https:\\\/\\\/www.lesjardinsdesaintehildegarde.com\\\/es\\\/libros-y-otros-productos\\\/libros\\\/nutricion-y-recetas-de-cocina\\\/cuisiner-selon-les-saisons-avec-hildgard-2\\\/\"]}]},{\"@type\":\"ImageObject\",\"inLanguage\":\"es\",\"@id\":\"https:\\\/\\\/www.lesjardinsdesaintehildegarde.com\\\/es\\\/libros-y-otros-productos\\\/libros\\\/nutricion-y-recetas-de-cocina\\\/cuisiner-selon-les-saisons-avec-hildgard-2\\\/#primaryimage\",\"url\":\"https:\\\/\\\/www.lesjardinsdesaintehildegarde.com\\\/wp-content\\\/uploads\\\/2025\\\/10\\\/l0129-conseils-recettes-et-remedes-naturels-de-sainte-hildegarde.jpg\",\"contentUrl\":\"https:\\\/\\\/www.lesjardinsdesaintehildegarde.com\\\/wp-content\\\/uploads\\\/2025\\\/10\\\/l0129-conseils-recettes-et-remedes-naturels-de-sainte-hildegarde.jpg\",\"width\":1200,\"height\":1200,\"caption\":\"Livre d'Emmanuelle Philipponnat : \\\"conseils, recettes et rem\u00e8des naturels de Sainte Hildegarde\\\"\"},{\"@type\":\"BreadcrumbList\",\"@id\":\"https:\\\/\\\/www.lesjardinsdesaintehildegarde.com\\\/es\\\/libros-y-otros-productos\\\/libros\\\/nutricion-y-recetas-de-cocina\\\/cuisiner-selon-les-saisons-avec-hildgard-2\\\/#breadcrumb\",\"itemListElement\":[{\"@type\":\"ListItem\",\"position\":1,\"name\":\"Inicio\",\"item\":\"https:\\\/\\\/www.lesjardinsdesaintehildegarde.com\\\/es\\\/\"},{\"@type\":\"ListItem\",\"position\":2,\"name\":\"Productos\",\"item\":\"https:\\\/\\\/www.lesjardinsdesaintehildegarde.com\\\/es\\\/shop\\\/\"},{\"@type\":\"ListItem\",\"position\":3,\"name\":\"CONSEILS RECETTES ET REMEDES DE STE HILD\"}]},{\"@type\":\"WebSite\",\"@id\":\"https:\\\/\\\/www.lesjardinsdesaintehildegarde.com\\\/es\\\/#website\",\"url\":\"https:\\\/\\\/www.lesjardinsdesaintehildegarde.com\\\/es\\\/\",\"name\":\"Les Jardins de Sainte-Hildegarde\",\"description\":\"Viriditas\",\"publisher\":{\"@id\":\"https:\\\/\\\/www.lesjardinsdesaintehildegarde.com\\\/es\\\/#organization\"},\"potentialAction\":[{\"@type\":\"SearchAction\",\"target\":{\"@type\":\"EntryPoint\",\"urlTemplate\":\"https:\\\/\\\/www.lesjardinsdesaintehildegarde.com\\\/es\\\/?s={search_term_string}\"},\"query-input\":{\"@type\":\"PropertyValueSpecification\",\"valueRequired\":true,\"valueName\":\"search_term_string\"}}],\"inLanguage\":\"es\"},{\"@type\":\"Organization\",\"@id\":\"https:\\\/\\\/www.lesjardinsdesaintehildegarde.com\\\/es\\\/#organization\",\"name\":\"Les Jardins de Sainte-Hildegarde\",\"url\":\"https:\\\/\\\/www.lesjardinsdesaintehildegarde.com\\\/es\\\/\",\"logo\":{\"@type\":\"ImageObject\",\"inLanguage\":\"es\",\"@id\":\"https:\\\/\\\/www.lesjardinsdesaintehildegarde.com\\\/es\\\/#\\\/schema\\\/logo\\\/image\\\/\",\"url\":\"https:\\\/\\\/www.lesjardinsdesaintehildegarde.com\\\/wp-content\\\/uploads\\\/2022\\\/11\\\/logo-2022.png\",\"contentUrl\":\"https:\\\/\\\/www.lesjardinsdesaintehildegarde.com\\\/wp-content\\\/uploads\\\/2022\\\/11\\\/logo-2022.png\",\"width\":365,\"height\":90,\"caption\":\"Les Jardins de Sainte-Hildegarde\"},\"image\":{\"@id\":\"https:\\\/\\\/www.lesjardinsdesaintehildegarde.com\\\/es\\\/#\\\/schema\\\/logo\\\/image\\\/\"}}]}<\/script>\n<!-- \/ Yoast SEO plugin. -->","yoast_head_json":{"title":"CONSEILS RECETTES ET REMEDES DE STE HILD - Les Jardins de Sainte-Hildegarde","robots":{"index":"index","follow":"follow","max-snippet":"max-snippet:-1","max-image-preview":"max-image-preview:large","max-video-preview":"max-video-preview:-1"},"canonical":"https:\/\/www.lesjardinsdesaintehildegarde.com\/es\/libros-y-otros-productos\/libros\/nutricion-y-recetas-de-cocina\/cuisiner-selon-les-saisons-avec-hildgard-2\/","og_locale":"es_ES","og_type":"article","og_title":"CONSEILS RECETTES ET REMEDES DE STE HILD - Les Jardins de Sainte-Hildegarde","og_description":"CONSEILS, RECETTES ET REMEDES DE SAINTE HILDEGARDE Une harmonie du corps et de l&#8217;\u00e2me 176 pages, Format 195 x 240 mm \u00c9ditions Mame Octobre 2025 Emmanuelle Phlipponnat Offre sp\u00e9ciale : remise du 31\/10\/2025 au 20\/02\/2026 Loin des potions de sorci\u00e8res, ce livre pratique et grand public d\u00e9voile de nombreux secrets de sainte Hildegarde de Bingen [&hellip;]","og_url":"https:\/\/www.lesjardinsdesaintehildegarde.com\/es\/libros-y-otros-productos\/libros\/nutricion-y-recetas-de-cocina\/cuisiner-selon-les-saisons-avec-hildgard-2\/","og_site_name":"Les Jardins de Sainte-Hildegarde","article_modified_time":"2026-04-23T05:44:02+00:00","og_image":[{"width":1200,"height":1200,"url":"https:\/\/www.lesjardinsdesaintehildegarde.com\/wp-content\/uploads\/2025\/10\/l0129-conseils-recettes-et-remedes-naturels-de-sainte-hildegarde.jpg","type":"image\/jpeg"}],"twitter_card":"summary_large_image","twitter_misc":{"Tiempo de lectura":"1 minuto"},"schema":{"@context":"https:\/\/schema.org","@graph":[{"@type":"WebPage","@id":"https:\/\/www.lesjardinsdesaintehildegarde.com\/es\/libros-y-otros-productos\/libros\/nutricion-y-recetas-de-cocina\/cuisiner-selon-les-saisons-avec-hildgard-2\/","url":"https:\/\/www.lesjardinsdesaintehildegarde.com\/es\/libros-y-otros-productos\/libros\/nutricion-y-recetas-de-cocina\/cuisiner-selon-les-saisons-avec-hildgard-2\/","name":"CONSEILS RECETTES ET REMEDES DE STE HILD - Les Jardins de Sainte-Hildegarde","isPartOf":{"@id":"https:\/\/www.lesjardinsdesaintehildegarde.com\/es\/#website"},"primaryImageOfPage":{"@id":"https:\/\/www.lesjardinsdesaintehildegarde.com\/es\/libros-y-otros-productos\/libros\/nutricion-y-recetas-de-cocina\/cuisiner-selon-les-saisons-avec-hildgard-2\/#primaryimage"},"image":{"@id":"https:\/\/www.lesjardinsdesaintehildegarde.com\/es\/libros-y-otros-productos\/libros\/nutricion-y-recetas-de-cocina\/cuisiner-selon-les-saisons-avec-hildgard-2\/#primaryimage"},"thumbnailUrl":"https:\/\/www.lesjardinsdesaintehildegarde.com\/wp-content\/uploads\/2025\/10\/l0129-conseils-recettes-et-remedes-naturels-de-sainte-hildegarde.jpg","datePublished":"2025-10-31T08:41:03+00:00","dateModified":"2026-04-23T05:44:02+00:00","breadcrumb":{"@id":"https:\/\/www.lesjardinsdesaintehildegarde.com\/es\/libros-y-otros-productos\/libros\/nutricion-y-recetas-de-cocina\/cuisiner-selon-les-saisons-avec-hildgard-2\/#breadcrumb"},"inLanguage":"es","potentialAction":[{"@type":"ReadAction","target":["https:\/\/www.lesjardinsdesaintehildegarde.com\/es\/libros-y-otros-productos\/libros\/nutricion-y-recetas-de-cocina\/cuisiner-selon-les-saisons-avec-hildgard-2\/"]}]},{"@type":"ImageObject","inLanguage":"es","@id":"https:\/\/www.lesjardinsdesaintehildegarde.com\/es\/libros-y-otros-productos\/libros\/nutricion-y-recetas-de-cocina\/cuisiner-selon-les-saisons-avec-hildgard-2\/#primaryimage","url":"https:\/\/www.lesjardinsdesaintehildegarde.com\/wp-content\/uploads\/2025\/10\/l0129-conseils-recettes-et-remedes-naturels-de-sainte-hildegarde.jpg","contentUrl":"https:\/\/www.lesjardinsdesaintehildegarde.com\/wp-content\/uploads\/2025\/10\/l0129-conseils-recettes-et-remedes-naturels-de-sainte-hildegarde.jpg","width":1200,"height":1200,"caption":"Livre d'Emmanuelle Philipponnat : \"conseils, recettes et rem\u00e8des naturels de Sainte Hildegarde\""},{"@type":"BreadcrumbList","@id":"https:\/\/www.lesjardinsdesaintehildegarde.com\/es\/libros-y-otros-productos\/libros\/nutricion-y-recetas-de-cocina\/cuisiner-selon-les-saisons-avec-hildgard-2\/#breadcrumb","itemListElement":[{"@type":"ListItem","position":1,"name":"Inicio","item":"https:\/\/www.lesjardinsdesaintehildegarde.com\/es\/"},{"@type":"ListItem","position":2,"name":"Productos","item":"https:\/\/www.lesjardinsdesaintehildegarde.com\/es\/shop\/"},{"@type":"ListItem","position":3,"name":"CONSEILS RECETTES ET REMEDES DE STE HILD"}]},{"@type":"WebSite","@id":"https:\/\/www.lesjardinsdesaintehildegarde.com\/es\/#website","url":"https:\/\/www.lesjardinsdesaintehildegarde.com\/es\/","name":"Les Jardins de Sainte-Hildegarde","description":"Viriditas","publisher":{"@id":"https:\/\/www.lesjardinsdesaintehildegarde.com\/es\/#organization"},"potentialAction":[{"@type":"SearchAction","target":{"@type":"EntryPoint","urlTemplate":"https:\/\/www.lesjardinsdesaintehildegarde.com\/es\/?s={search_term_string}"},"query-input":{"@type":"PropertyValueSpecification","valueRequired":true,"valueName":"search_term_string"}}],"inLanguage":"es"},{"@type":"Organization","@id":"https:\/\/www.lesjardinsdesaintehildegarde.com\/es\/#organization","name":"Les Jardins de Sainte-Hildegarde","url":"https:\/\/www.lesjardinsdesaintehildegarde.com\/es\/","logo":{"@type":"ImageObject","inLanguage":"es","@id":"https:\/\/www.lesjardinsdesaintehildegarde.com\/es\/#\/schema\/logo\/image\/","url":"https:\/\/www.lesjardinsdesaintehildegarde.com\/wp-content\/uploads\/2022\/11\/logo-2022.png","contentUrl":"https:\/\/www.lesjardinsdesaintehildegarde.com\/wp-content\/uploads\/2022\/11\/logo-2022.png","width":365,"height":90,"caption":"Les Jardins de Sainte-Hildegarde"},"image":{"@id":"https:\/\/www.lesjardinsdesaintehildegarde.com\/es\/#\/schema\/logo\/image\/"}}]}},"_links":{"self":[{"href":"https:\/\/www.lesjardinsdesaintehildegarde.com\/es\/wp-json\/wp\/v2\/product\/144657","targetHints":{"allow":["GET"]}}],"collection":[{"href":"https:\/\/www.lesjardinsdesaintehildegarde.com\/es\/wp-json\/wp\/v2\/product"}],"about":[{"href":"https:\/\/www.lesjardinsdesaintehildegarde.com\/es\/wp-json\/wp\/v2\/types\/product"}],"replies":[{"embeddable":true,"href":"https:\/\/www.lesjardinsdesaintehildegarde.com\/es\/wp-json\/wp\/v2\/comments?post=144657"}],"wp:featuredmedia":[{"embeddable":true,"href":"https:\/\/www.lesjardinsdesaintehildegarde.com\/es\/wp-json\/wp\/v2\/media\/144676"}],"wp:attachment":[{"href":"https:\/\/www.lesjardinsdesaintehildegarde.com\/es\/wp-json\/wp\/v2\/media?parent=144657"}],"wp:term":[{"taxonomy":"product_brand","embeddable":true,"href":"https:\/\/www.lesjardinsdesaintehildegarde.com\/es\/wp-json\/wp\/v2\/product_brand?post=144657"},{"taxonomy":"product_cat","embeddable":true,"href":"https:\/\/www.lesjardinsdesaintehildegarde.com\/es\/wp-json\/wp\/v2\/product_cat?post=144657"},{"taxonomy":"product_tag","embeddable":true,"href":"https:\/\/www.lesjardinsdesaintehildegarde.com\/es\/wp-json\/wp\/v2\/product_tag?post=144657"}],"curies":[{"name":"wp","href":"https:\/\/api.w.org\/{rel}","templated":true}]}}