{"id":1456,"date":"2022-11-04T09:08:29","date_gmt":"2022-11-04T08:08:29","guid":{"rendered":"https:\/\/www.lesjardinsdesaintehildegarde.com\/non%20class\u00e9\/vin-aromatise-lavande-bio-500-ml\/"},"modified":"2026-04-27T23:02:12","modified_gmt":"2026-04-27T21:02:12","slug":"vin-aromatise-lavande-bio-500-ml","status":"publish","type":"product","link":"https:\/\/www.lesjardinsdesaintehildegarde.com\/es\/vinos-aromatizados\/vin-aromatise-lavande-bio-500-ml\/","title":{"rendered":"VIN AROMATISE LAVANDE BIO 500 ML*"},"content":{"rendered":"<p>A partir de 3 unit\u00e9s, le prix unitaire est de 10\u20ac<\/p>\n<p>\u00c9LIXIR DE LAVANDE BIO 1 FLACON DE 500 ML* (21.80\u20ac \/ L)<\/p>\n<p>\u00c9lixir aromatis\u00e9 \u00e0 base de vin<\/p>\n<p>* Issu de l&#8217;agriculture biologique<\/p>\n<p>Mode d&#8217;emploi :<\/p>\n<p>Boire 1 ou 2 verres \u00e0 liqueur ti\u00e8des 3 fois par jour pendant 2 \u00e0 4 mois.<\/p>\n<p>Ingr\u00e9dients :<\/p>\n<p>Vin biologique* IGP P\u00e9rigord 95,60% (contient des sulfites), lavande biologique* 4,40%.<\/p>\n<p>(Pr\u00e9sence 10,60 % d&#8217;alcool)<\/p>\n<p>L\u2019abus d\u2019alcool est dangereux pour la sant\u00e9, \u00e0 consommer avec mod\u00e9ration. La consommation d\u2019alcool pendant la grossesse, m\u00eame en faible quantit\u00e9, peut avoir des cons\u00e9quences graves sur la sant\u00e9 de l\u2019enfant<\/p>\n<p>A conserver au r\u00e9frig\u00e9rateur apr\u00e8s ouverture.<\/p>\n","protected":false},"excerpt":{"rendered":"<p>A partir de 3 unit\u00e9s, le prix unitaire est de 10\u20ac \u00c9LIXIR DE LAVANDE BIO 1 FLACON DE 500 ML* (21.80\u20ac \/ L) \u00c9lixir aromatis\u00e9 \u00e0 base de vin * Issu de l&#8217;agriculture biologique Mode d&#8217;emploi : Boire 1 ou 2 verres \u00e0 liqueur ti\u00e8des 3 fois par jour pendant 2 \u00e0 4 mois. Ingr\u00e9dients [&hellip;]<\/p>\n","protected":false},"featured_media":50637,"comment_status":"open","ping_status":"closed","template":"","meta":{"_acf_changed":false,"_relevanssi_hide_post":"","_relevanssi_hide_content":"","_relevanssi_pin_for_all":"","_relevanssi_pin_keywords":"","_relevanssi_unpin_keywords":"","_relevanssi_related_keywords":"","_relevanssi_related_include_ids":"","_relevanssi_related_exclude_ids":"","_relevanssi_related_no_append":"","_relevanssi_related_not_related":"","_relevanssi_related_posts":"","_relevanssi_noindex_reason":""},"product_brand":[],"product_cat":[23],"product_tag":[49],"class_list":{"0":"post-1456","1":"product","2":"type-product","3":"status-publish","4":"has-post-thumbnail","6":"product_cat-bien-etre-et-sante","7":"product_tag-produit-bio","9":"first","10":"instock","11":"taxable","12":"shipping-taxable","13":"purchasable","14":"product-type-simple"},"acf":[],"yoast_head":"<!-- This site is optimized with the Yoast SEO plugin v27.4 - https:\/\/yoast.com\/product\/yoast-seo-wordpress\/ -->\n<title>VIN AROMATISE LAVANDE BIO 500 ML* - Les Jardins de Sainte-Hildegarde<\/title>\n<meta name=\"robots\" content=\"index, follow, max-snippet:-1, max-image-preview:large, max-video-preview:-1\" \/>\n<link rel=\"canonical\" href=\"https:\/\/www.lesjardinsdesaintehildegarde.com\/es\/vinos-aromatizados\/vin-aromatise-lavande-bio-500-ml\/\" \/>\n<meta property=\"og:locale\" content=\"es_ES\" \/>\n<meta property=\"og:type\" content=\"article\" \/>\n<meta property=\"og:title\" content=\"VIN AROMATISE LAVANDE BIO 500 ML* - Les Jardins de Sainte-Hildegarde\" \/>\n<meta property=\"og:description\" content=\"A partir de 3 unit\u00e9s, le prix unitaire est de 10\u20ac \u00c9LIXIR DE LAVANDE BIO 1 FLACON DE 500 ML* (21.80\u20ac \/ L) \u00c9lixir aromatis\u00e9 \u00e0 base de vin * Issu de l&#8217;agriculture biologique Mode d&#8217;emploi : Boire 1 ou 2 verres \u00e0 liqueur ti\u00e8des 3 fois par jour pendant 2 \u00e0 4 mois. Ingr\u00e9dients [&hellip;]\" \/>\n<meta property=\"og:url\" content=\"https:\/\/www.lesjardinsdesaintehildegarde.com\/es\/vinos-aromatizados\/vin-aromatise-lavande-bio-500-ml\/\" \/>\n<meta property=\"og:site_name\" content=\"Les Jardins de Sainte-Hildegarde\" \/>\n<meta property=\"article:modified_time\" content=\"2026-04-27T21:02:12+00:00\" \/>\n<meta property=\"og:image\" content=\"https:\/\/www.lesjardinsdesaintehildegarde.com\/wp-content\/uploads\/2023\/01\/elf33-lavande-elixir-bio-500ml.jpg\" \/>\n\t<meta property=\"og:image:width\" content=\"1200\" \/>\n\t<meta property=\"og:image:height\" content=\"1200\" \/>\n\t<meta property=\"og:image:type\" content=\"image\/jpeg\" \/>\n<meta name=\"twitter:card\" content=\"summary_large_image\" \/>\n<meta name=\"twitter:label1\" content=\"Tiempo de lectura\" \/>\n\t<meta name=\"twitter:data1\" content=\"1 minuto\" \/>\n<script type=\"application\/ld+json\" class=\"yoast-schema-graph\">{\"@context\":\"https:\\\/\\\/schema.org\",\"@graph\":[{\"@type\":\"WebPage\",\"@id\":\"https:\\\/\\\/www.lesjardinsdesaintehildegarde.com\\\/es\\\/vinos-aromatizados\\\/vin-aromatise-lavande-bio-500-ml\\\/\",\"url\":\"https:\\\/\\\/www.lesjardinsdesaintehildegarde.com\\\/es\\\/vinos-aromatizados\\\/vin-aromatise-lavande-bio-500-ml\\\/\",\"name\":\"VIN AROMATISE LAVANDE BIO 500 ML* - Les Jardins de Sainte-Hildegarde\",\"isPartOf\":{\"@id\":\"https:\\\/\\\/www.lesjardinsdesaintehildegarde.com\\\/es\\\/#website\"},\"primaryImageOfPage\":{\"@id\":\"https:\\\/\\\/www.lesjardinsdesaintehildegarde.com\\\/es\\\/vinos-aromatizados\\\/vin-aromatise-lavande-bio-500-ml\\\/#primaryimage\"},\"image\":{\"@id\":\"https:\\\/\\\/www.lesjardinsdesaintehildegarde.com\\\/es\\\/vinos-aromatizados\\\/vin-aromatise-lavande-bio-500-ml\\\/#primaryimage\"},\"thumbnailUrl\":\"https:\\\/\\\/www.lesjardinsdesaintehildegarde.com\\\/wp-content\\\/uploads\\\/2023\\\/01\\\/elf33-lavande-elixir-bio-500ml.jpg\",\"datePublished\":\"2022-11-04T08:08:29+00:00\",\"dateModified\":\"2026-04-27T21:02:12+00:00\",\"breadcrumb\":{\"@id\":\"https:\\\/\\\/www.lesjardinsdesaintehildegarde.com\\\/es\\\/vinos-aromatizados\\\/vin-aromatise-lavande-bio-500-ml\\\/#breadcrumb\"},\"inLanguage\":\"es\",\"potentialAction\":[{\"@type\":\"ReadAction\",\"target\":[\"https:\\\/\\\/www.lesjardinsdesaintehildegarde.com\\\/es\\\/vinos-aromatizados\\\/vin-aromatise-lavande-bio-500-ml\\\/\"]}]},{\"@type\":\"ImageObject\",\"inLanguage\":\"es\",\"@id\":\"https:\\\/\\\/www.lesjardinsdesaintehildegarde.com\\\/es\\\/vinos-aromatizados\\\/vin-aromatise-lavande-bio-500-ml\\\/#primaryimage\",\"url\":\"https:\\\/\\\/www.lesjardinsdesaintehildegarde.com\\\/wp-content\\\/uploads\\\/2023\\\/01\\\/elf33-lavande-elixir-bio-500ml.jpg\",\"contentUrl\":\"https:\\\/\\\/www.lesjardinsdesaintehildegarde.com\\\/wp-content\\\/uploads\\\/2023\\\/01\\\/elf33-lavande-elixir-bio-500ml.jpg\",\"width\":1200,\"height\":1200,\"caption\":\"\u00c9lixir de lavande bio 1 flacon de 500 ml, recommand\u00e9 par sainte Hildegarde de Bingen\"},{\"@type\":\"BreadcrumbList\",\"@id\":\"https:\\\/\\\/www.lesjardinsdesaintehildegarde.com\\\/es\\\/vinos-aromatizados\\\/vin-aromatise-lavande-bio-500-ml\\\/#breadcrumb\",\"itemListElement\":[{\"@type\":\"ListItem\",\"position\":1,\"name\":\"Inicio\",\"item\":\"https:\\\/\\\/www.lesjardinsdesaintehildegarde.com\\\/es\\\/\"},{\"@type\":\"ListItem\",\"position\":2,\"name\":\"Productos\",\"item\":\"https:\\\/\\\/www.lesjardinsdesaintehildegarde.com\\\/es\\\/shop\\\/\"},{\"@type\":\"ListItem\",\"position\":3,\"name\":\"VIN AROMATISE LAVANDE BIO 500 ML*\"}]},{\"@type\":\"WebSite\",\"@id\":\"https:\\\/\\\/www.lesjardinsdesaintehildegarde.com\\\/es\\\/#website\",\"url\":\"https:\\\/\\\/www.lesjardinsdesaintehildegarde.com\\\/es\\\/\",\"name\":\"Les Jardins de Sainte-Hildegarde\",\"description\":\"Viriditas\",\"publisher\":{\"@id\":\"https:\\\/\\\/www.lesjardinsdesaintehildegarde.com\\\/es\\\/#organization\"},\"potentialAction\":[{\"@type\":\"SearchAction\",\"target\":{\"@type\":\"EntryPoint\",\"urlTemplate\":\"https:\\\/\\\/www.lesjardinsdesaintehildegarde.com\\\/es\\\/?s={search_term_string}\"},\"query-input\":{\"@type\":\"PropertyValueSpecification\",\"valueRequired\":true,\"valueName\":\"search_term_string\"}}],\"inLanguage\":\"es\"},{\"@type\":\"Organization\",\"@id\":\"https:\\\/\\\/www.lesjardinsdesaintehildegarde.com\\\/es\\\/#organization\",\"name\":\"Les Jardins de Sainte-Hildegarde\",\"url\":\"https:\\\/\\\/www.lesjardinsdesaintehildegarde.com\\\/es\\\/\",\"logo\":{\"@type\":\"ImageObject\",\"inLanguage\":\"es\",\"@id\":\"https:\\\/\\\/www.lesjardinsdesaintehildegarde.com\\\/es\\\/#\\\/schema\\\/logo\\\/image\\\/\",\"url\":\"https:\\\/\\\/www.lesjardinsdesaintehildegarde.com\\\/wp-content\\\/uploads\\\/2022\\\/11\\\/logo-2022.png\",\"contentUrl\":\"https:\\\/\\\/www.lesjardinsdesaintehildegarde.com\\\/wp-content\\\/uploads\\\/2022\\\/11\\\/logo-2022.png\",\"width\":365,\"height\":90,\"caption\":\"Les Jardins de Sainte-Hildegarde\"},\"image\":{\"@id\":\"https:\\\/\\\/www.lesjardinsdesaintehildegarde.com\\\/es\\\/#\\\/schema\\\/logo\\\/image\\\/\"}}]}<\/script>\n<!-- \/ Yoast SEO plugin. -->","yoast_head_json":{"title":"VIN AROMATISE LAVANDE BIO 500 ML* - Les Jardins de Sainte-Hildegarde","robots":{"index":"index","follow":"follow","max-snippet":"max-snippet:-1","max-image-preview":"max-image-preview:large","max-video-preview":"max-video-preview:-1"},"canonical":"https:\/\/www.lesjardinsdesaintehildegarde.com\/es\/vinos-aromatizados\/vin-aromatise-lavande-bio-500-ml\/","og_locale":"es_ES","og_type":"article","og_title":"VIN AROMATISE LAVANDE BIO 500 ML* - Les Jardins de Sainte-Hildegarde","og_description":"A partir de 3 unit\u00e9s, le prix unitaire est de 10\u20ac \u00c9LIXIR DE LAVANDE BIO 1 FLACON DE 500 ML* (21.80\u20ac \/ L) \u00c9lixir aromatis\u00e9 \u00e0 base de vin * Issu de l&#8217;agriculture biologique Mode d&#8217;emploi : Boire 1 ou 2 verres \u00e0 liqueur ti\u00e8des 3 fois par jour pendant 2 \u00e0 4 mois. Ingr\u00e9dients [&hellip;]","og_url":"https:\/\/www.lesjardinsdesaintehildegarde.com\/es\/vinos-aromatizados\/vin-aromatise-lavande-bio-500-ml\/","og_site_name":"Les Jardins de Sainte-Hildegarde","article_modified_time":"2026-04-27T21:02:12+00:00","og_image":[{"width":1200,"height":1200,"url":"https:\/\/www.lesjardinsdesaintehildegarde.com\/wp-content\/uploads\/2023\/01\/elf33-lavande-elixir-bio-500ml.jpg","type":"image\/jpeg"}],"twitter_card":"summary_large_image","twitter_misc":{"Tiempo de lectura":"1 minuto"},"schema":{"@context":"https:\/\/schema.org","@graph":[{"@type":"WebPage","@id":"https:\/\/www.lesjardinsdesaintehildegarde.com\/es\/vinos-aromatizados\/vin-aromatise-lavande-bio-500-ml\/","url":"https:\/\/www.lesjardinsdesaintehildegarde.com\/es\/vinos-aromatizados\/vin-aromatise-lavande-bio-500-ml\/","name":"VIN AROMATISE LAVANDE BIO 500 ML* - Les Jardins de Sainte-Hildegarde","isPartOf":{"@id":"https:\/\/www.lesjardinsdesaintehildegarde.com\/es\/#website"},"primaryImageOfPage":{"@id":"https:\/\/www.lesjardinsdesaintehildegarde.com\/es\/vinos-aromatizados\/vin-aromatise-lavande-bio-500-ml\/#primaryimage"},"image":{"@id":"https:\/\/www.lesjardinsdesaintehildegarde.com\/es\/vinos-aromatizados\/vin-aromatise-lavande-bio-500-ml\/#primaryimage"},"thumbnailUrl":"https:\/\/www.lesjardinsdesaintehildegarde.com\/wp-content\/uploads\/2023\/01\/elf33-lavande-elixir-bio-500ml.jpg","datePublished":"2022-11-04T08:08:29+00:00","dateModified":"2026-04-27T21:02:12+00:00","breadcrumb":{"@id":"https:\/\/www.lesjardinsdesaintehildegarde.com\/es\/vinos-aromatizados\/vin-aromatise-lavande-bio-500-ml\/#breadcrumb"},"inLanguage":"es","potentialAction":[{"@type":"ReadAction","target":["https:\/\/www.lesjardinsdesaintehildegarde.com\/es\/vinos-aromatizados\/vin-aromatise-lavande-bio-500-ml\/"]}]},{"@type":"ImageObject","inLanguage":"es","@id":"https:\/\/www.lesjardinsdesaintehildegarde.com\/es\/vinos-aromatizados\/vin-aromatise-lavande-bio-500-ml\/#primaryimage","url":"https:\/\/www.lesjardinsdesaintehildegarde.com\/wp-content\/uploads\/2023\/01\/elf33-lavande-elixir-bio-500ml.jpg","contentUrl":"https:\/\/www.lesjardinsdesaintehildegarde.com\/wp-content\/uploads\/2023\/01\/elf33-lavande-elixir-bio-500ml.jpg","width":1200,"height":1200,"caption":"\u00c9lixir de lavande bio 1 flacon de 500 ml, recommand\u00e9 par sainte Hildegarde de Bingen"},{"@type":"BreadcrumbList","@id":"https:\/\/www.lesjardinsdesaintehildegarde.com\/es\/vinos-aromatizados\/vin-aromatise-lavande-bio-500-ml\/#breadcrumb","itemListElement":[{"@type":"ListItem","position":1,"name":"Inicio","item":"https:\/\/www.lesjardinsdesaintehildegarde.com\/es\/"},{"@type":"ListItem","position":2,"name":"Productos","item":"https:\/\/www.lesjardinsdesaintehildegarde.com\/es\/shop\/"},{"@type":"ListItem","position":3,"name":"VIN AROMATISE LAVANDE BIO 500 ML*"}]},{"@type":"WebSite","@id":"https:\/\/www.lesjardinsdesaintehildegarde.com\/es\/#website","url":"https:\/\/www.lesjardinsdesaintehildegarde.com\/es\/","name":"Les Jardins de Sainte-Hildegarde","description":"Viriditas","publisher":{"@id":"https:\/\/www.lesjardinsdesaintehildegarde.com\/es\/#organization"},"potentialAction":[{"@type":"SearchAction","target":{"@type":"EntryPoint","urlTemplate":"https:\/\/www.lesjardinsdesaintehildegarde.com\/es\/?s={search_term_string}"},"query-input":{"@type":"PropertyValueSpecification","valueRequired":true,"valueName":"search_term_string"}}],"inLanguage":"es"},{"@type":"Organization","@id":"https:\/\/www.lesjardinsdesaintehildegarde.com\/es\/#organization","name":"Les Jardins de Sainte-Hildegarde","url":"https:\/\/www.lesjardinsdesaintehildegarde.com\/es\/","logo":{"@type":"ImageObject","inLanguage":"es","@id":"https:\/\/www.lesjardinsdesaintehildegarde.com\/es\/#\/schema\/logo\/image\/","url":"https:\/\/www.lesjardinsdesaintehildegarde.com\/wp-content\/uploads\/2022\/11\/logo-2022.png","contentUrl":"https:\/\/www.lesjardinsdesaintehildegarde.com\/wp-content\/uploads\/2022\/11\/logo-2022.png","width":365,"height":90,"caption":"Les Jardins de Sainte-Hildegarde"},"image":{"@id":"https:\/\/www.lesjardinsdesaintehildegarde.com\/es\/#\/schema\/logo\/image\/"}}]}},"_links":{"self":[{"href":"https:\/\/www.lesjardinsdesaintehildegarde.com\/es\/wp-json\/wp\/v2\/product\/1456","targetHints":{"allow":["GET"]}}],"collection":[{"href":"https:\/\/www.lesjardinsdesaintehildegarde.com\/es\/wp-json\/wp\/v2\/product"}],"about":[{"href":"https:\/\/www.lesjardinsdesaintehildegarde.com\/es\/wp-json\/wp\/v2\/types\/product"}],"replies":[{"embeddable":true,"href":"https:\/\/www.lesjardinsdesaintehildegarde.com\/es\/wp-json\/wp\/v2\/comments?post=1456"}],"wp:featuredmedia":[{"embeddable":true,"href":"https:\/\/www.lesjardinsdesaintehildegarde.com\/es\/wp-json\/wp\/v2\/media\/50637"}],"wp:attachment":[{"href":"https:\/\/www.lesjardinsdesaintehildegarde.com\/es\/wp-json\/wp\/v2\/media?parent=1456"}],"wp:term":[{"taxonomy":"product_brand","embeddable":true,"href":"https:\/\/www.lesjardinsdesaintehildegarde.com\/es\/wp-json\/wp\/v2\/product_brand?post=1456"},{"taxonomy":"product_cat","embeddable":true,"href":"https:\/\/www.lesjardinsdesaintehildegarde.com\/es\/wp-json\/wp\/v2\/product_cat?post=1456"},{"taxonomy":"product_tag","embeddable":true,"href":"https:\/\/www.lesjardinsdesaintehildegarde.com\/es\/wp-json\/wp\/v2\/product_tag?post=1456"}],"curies":[{"name":"wp","href":"https:\/\/api.w.org\/{rel}","templated":true}]}}