{"id":1582,"date":"2022-11-04T09:08:46","date_gmt":"2022-11-04T08:08:46","guid":{"rendered":"https:\/\/www.lesjardinsdesaintehildegarde.com\/non%20class\u00e9\/les-recettes-de-la-joie-t1-j-fournier\/"},"modified":"2026-02-25T08:50:03","modified_gmt":"2026-02-25T07:50:03","slug":"les-recettes-de-la-joie-t1-j-fournier","status":"publish","type":"product","link":"https:\/\/www.lesjardinsdesaintehildegarde.com\/es\/libros-y-otros-productos\/libros\/nutricion-y-recetas-de-cocina\/les-recettes-de-la-joie-t1-j-fournier\/","title":{"rendered":"LES RECETTES DE LA JOIE T1 &#8211; J FOURNIER"},"content":{"rendered":"<p><\/p>\n<p><strong>LES RECETTES DE LA JOIE TOME 1<\/strong><\/p>\n<p><\/p>\n<p>173 pages, format : L15 x H22 cm<\/p>\n<p><\/p>\n<p>Jany FOURNIER-ROSSET<\/p>\n<p><\/p>\n<p><strong>L&#8217;alimentation avec Sainte Hildegarde.<\/strong><\/p>\n<p><\/p>\n<p>150 recettes culinaires<\/p>\n<p><\/p>\n<p>Jany FOURNIER-ROSSET, renomm\u00e9e pour ses talents de \u00abcordon bleu\u00bb,<br \/>\nvous offre cette palette originale de recettes saines et<br \/>\nvigoureuses.<\/p>\n<p><\/p>\n<p><strong>4\u00e8me de couverture :<\/strong><\/p>\n<p><\/p>\n<p>Quel \u00e9merveillement de d\u00e9couvrir dans les r\u00e9v\u00e9lations d&#8217;une sainte<br \/>\nabbesse b\u00e9n\u00e9dictine du XII\u00e8me si\u00e8cle les secrets de la joie ! Voici<br \/>\nbient\u00f4t huit cents ans, en plein Moyen \u00c2ge, elle re\u00e7ut du Ciel une<br \/>\nconnaissance pr\u00e9cieuse concernant la di\u00e9t\u00e9tique humaine : alors que les<br \/>\n\u00abaliments de la tristesse\u00bb d\u00e9gradent notre sant\u00e9 et notre vitalit\u00e9, les<br \/>\n\u00abaliments de la joie\u00bb nous revitalisent et nous aident \u00e0 pr\u00e9server une<br \/>\nexcellence sant\u00e9, sur les plans physique, psychique et spirituel.<\/p>\n<p><\/p>\n<p>Comment un simple r\u00e9gime peut-il r\u00e9ussir \u00e0 pr\u00e9venir les maladies et \u00e0<br \/>\n\u00e9difier une sant\u00e9 rayonnante ? En \u00e9liminant la \u00abbile noire\u00bb et en<br \/>\nl&#8217;emp\u00eachant de s&#8217;accumuler,<\/p>\n<p><\/p>\n<p>Les recettes de la joie chassent la tristesse et nous donnent<br \/>\nl&#8217;all\u00e9gresse au coeur.<\/p>\n","protected":false},"excerpt":{"rendered":"<p>LES RECETTES DE LA JOIE TOME 1 173 pages, format : L15 x H22 cm Jany FOURNIER-ROSSET L&#8217;alimentation avec Sainte Hildegarde. 150 recettes culinaires Jany FOURNIER-ROSSET, renomm\u00e9e pour ses talents de \u00abcordon bleu\u00bb, vous offre cette palette originale de recettes saines et vigoureuses. 4\u00e8me de couverture : Quel \u00e9merveillement de d\u00e9couvrir dans les r\u00e9v\u00e9lations d&#8217;une [&hellip;]<\/p>\n","protected":false},"featured_media":74995,"comment_status":"open","ping_status":"closed","template":"","meta":{"_acf_changed":false,"_relevanssi_hide_post":"","_relevanssi_hide_content":"","_relevanssi_pin_for_all":"","_relevanssi_pin_keywords":"","_relevanssi_unpin_keywords":"","_relevanssi_related_keywords":"","_relevanssi_related_include_ids":"","_relevanssi_related_exclude_ids":"","_relevanssi_related_no_append":"","_relevanssi_related_not_related":"","_relevanssi_related_posts":"","_relevanssi_noindex_reason":""},"product_brand":[],"product_cat":[114,108,33],"product_tag":[],"class_list":{"0":"post-1582","1":"product","2":"type-product","3":"status-publish","4":"has-post-thumbnail","6":"product_cat-alimentation-et-recettes-de-cuisine","7":"product_cat-livres","8":"product_cat-livres-et-loisirs","10":"first","11":"instock","12":"taxable","13":"shipping-taxable","14":"purchasable","15":"product-type-simple"},"acf":[],"yoast_head":"<!-- This site is optimized with the Yoast SEO plugin v27.2 - https:\/\/yoast.com\/product\/yoast-seo-wordpress\/ -->\n<title>LES RECETTES DE LA JOIE T1 - J FOURNIER - Les Jardins de Sainte-Hildegarde<\/title>\n<meta name=\"robots\" content=\"index, follow, max-snippet:-1, max-image-preview:large, max-video-preview:-1\" \/>\n<link rel=\"canonical\" href=\"https:\/\/www.lesjardinsdesaintehildegarde.com\/es\/libros-y-otros-productos\/libros\/nutricion-y-recetas-de-cocina\/les-recettes-de-la-joie-t1-j-fournier\/\" \/>\n<meta property=\"og:locale\" content=\"es_ES\" \/>\n<meta property=\"og:type\" content=\"article\" \/>\n<meta property=\"og:title\" content=\"LES RECETTES DE LA JOIE T1 - J FOURNIER - Les Jardins de Sainte-Hildegarde\" \/>\n<meta property=\"og:description\" content=\"LES RECETTES DE LA JOIE TOME 1 173 pages, format : L15 x H22 cm Jany FOURNIER-ROSSET L&#8217;alimentation avec Sainte Hildegarde. 150 recettes culinaires Jany FOURNIER-ROSSET, renomm\u00e9e pour ses talents de \u00abcordon bleu\u00bb, vous offre cette palette originale de recettes saines et vigoureuses. 4\u00e8me de couverture : Quel \u00e9merveillement de d\u00e9couvrir dans les r\u00e9v\u00e9lations d&#8217;une [&hellip;]\" \/>\n<meta property=\"og:url\" content=\"https:\/\/www.lesjardinsdesaintehildegarde.com\/es\/libros-y-otros-productos\/libros\/nutricion-y-recetas-de-cocina\/les-recettes-de-la-joie-t1-j-fournier\/\" \/>\n<meta property=\"og:site_name\" content=\"Les Jardins de Sainte-Hildegarde\" \/>\n<meta property=\"article:modified_time\" content=\"2026-02-25T07:50:03+00:00\" \/>\n<meta property=\"og:image\" content=\"https:\/\/www.lesjardinsdesaintehildegarde.com\/wp-content\/uploads\/2023\/10\/l0046-les-recettes-de-la-joie.jpg\" \/>\n\t<meta property=\"og:image:width\" content=\"1200\" \/>\n\t<meta property=\"og:image:height\" content=\"1200\" \/>\n\t<meta property=\"og:image:type\" content=\"image\/jpeg\" \/>\n<meta name=\"twitter:card\" content=\"summary_large_image\" \/>\n<meta name=\"twitter:label1\" content=\"Tiempo de lectura\" \/>\n\t<meta name=\"twitter:data1\" content=\"1 minuto\" \/>\n<script type=\"application\/ld+json\" class=\"yoast-schema-graph\">{\"@context\":\"https:\/\/schema.org\",\"@graph\":[{\"@type\":\"WebPage\",\"@id\":\"https:\/\/www.lesjardinsdesaintehildegarde.com\/es\/libros-y-otros-productos\/libros\/nutricion-y-recetas-de-cocina\/les-recettes-de-la-joie-t1-j-fournier\/\",\"url\":\"https:\/\/www.lesjardinsdesaintehildegarde.com\/es\/libros-y-otros-productos\/libros\/nutricion-y-recetas-de-cocina\/les-recettes-de-la-joie-t1-j-fournier\/\",\"name\":\"LES RECETTES DE LA JOIE T1 - J FOURNIER - Les Jardins de Sainte-Hildegarde\",\"isPartOf\":{\"@id\":\"https:\/\/www.lesjardinsdesaintehildegarde.com\/es\/#website\"},\"primaryImageOfPage\":{\"@id\":\"https:\/\/www.lesjardinsdesaintehildegarde.com\/es\/libros-y-otros-productos\/libros\/nutricion-y-recetas-de-cocina\/les-recettes-de-la-joie-t1-j-fournier\/#primaryimage\"},\"image\":{\"@id\":\"https:\/\/www.lesjardinsdesaintehildegarde.com\/es\/libros-y-otros-productos\/libros\/nutricion-y-recetas-de-cocina\/les-recettes-de-la-joie-t1-j-fournier\/#primaryimage\"},\"thumbnailUrl\":\"https:\/\/www.lesjardinsdesaintehildegarde.com\/wp-content\/uploads\/2023\/10\/l0046-les-recettes-de-la-joie.jpg\",\"datePublished\":\"2022-11-04T08:08:46+00:00\",\"dateModified\":\"2026-02-25T07:50:03+00:00\",\"breadcrumb\":{\"@id\":\"https:\/\/www.lesjardinsdesaintehildegarde.com\/es\/libros-y-otros-productos\/libros\/nutricion-y-recetas-de-cocina\/les-recettes-de-la-joie-t1-j-fournier\/#breadcrumb\"},\"inLanguage\":\"es\",\"potentialAction\":[{\"@type\":\"ReadAction\",\"target\":[\"https:\/\/www.lesjardinsdesaintehildegarde.com\/es\/libros-y-otros-productos\/libros\/nutricion-y-recetas-de-cocina\/les-recettes-de-la-joie-t1-j-fournier\/\"]}]},{\"@type\":\"ImageObject\",\"inLanguage\":\"es\",\"@id\":\"https:\/\/www.lesjardinsdesaintehildegarde.com\/es\/libros-y-otros-productos\/libros\/nutricion-y-recetas-de-cocina\/les-recettes-de-la-joie-t1-j-fournier\/#primaryimage\",\"url\":\"https:\/\/www.lesjardinsdesaintehildegarde.com\/wp-content\/uploads\/2023\/10\/l0046-les-recettes-de-la-joie.jpg\",\"contentUrl\":\"https:\/\/www.lesjardinsdesaintehildegarde.com\/wp-content\/uploads\/2023\/10\/l0046-les-recettes-de-la-joie.jpg\",\"width\":1200,\"height\":1200,\"caption\":\"LES RECETTES DE LA JOIE TOME 1 173 pages, format : L15 x H22 cm Jany FOURNIER-ROSSET\"},{\"@type\":\"BreadcrumbList\",\"@id\":\"https:\/\/www.lesjardinsdesaintehildegarde.com\/es\/libros-y-otros-productos\/libros\/nutricion-y-recetas-de-cocina\/les-recettes-de-la-joie-t1-j-fournier\/#breadcrumb\",\"itemListElement\":[{\"@type\":\"ListItem\",\"position\":1,\"name\":\"Inicio\",\"item\":\"https:\/\/www.lesjardinsdesaintehildegarde.com\/es\/\"},{\"@type\":\"ListItem\",\"position\":2,\"name\":\"Productos\",\"item\":\"https:\/\/www.lesjardinsdesaintehildegarde.com\/es\/shop\/\"},{\"@type\":\"ListItem\",\"position\":3,\"name\":\"LES RECETTES DE LA JOIE T1 &#8211; J FOURNIER\"}]},{\"@type\":\"WebSite\",\"@id\":\"https:\/\/www.lesjardinsdesaintehildegarde.com\/es\/#website\",\"url\":\"https:\/\/www.lesjardinsdesaintehildegarde.com\/es\/\",\"name\":\"Les Jardins de Sainte-Hildegarde\",\"description\":\"Viriditas\",\"publisher\":{\"@id\":\"https:\/\/www.lesjardinsdesaintehildegarde.com\/es\/#organization\"},\"potentialAction\":[{\"@type\":\"SearchAction\",\"target\":{\"@type\":\"EntryPoint\",\"urlTemplate\":\"https:\/\/www.lesjardinsdesaintehildegarde.com\/es\/?s={search_term_string}\"},\"query-input\":{\"@type\":\"PropertyValueSpecification\",\"valueRequired\":true,\"valueName\":\"search_term_string\"}}],\"inLanguage\":\"es\"},{\"@type\":\"Organization\",\"@id\":\"https:\/\/www.lesjardinsdesaintehildegarde.com\/es\/#organization\",\"name\":\"Les Jardins de Sainte-Hildegarde\",\"url\":\"https:\/\/www.lesjardinsdesaintehildegarde.com\/es\/\",\"logo\":{\"@type\":\"ImageObject\",\"inLanguage\":\"es\",\"@id\":\"https:\/\/www.lesjardinsdesaintehildegarde.com\/es\/#\/schema\/logo\/image\/\",\"url\":\"https:\/\/www.lesjardinsdesaintehildegarde.com\/wp-content\/uploads\/2022\/11\/logo-2022.png\",\"contentUrl\":\"https:\/\/www.lesjardinsdesaintehildegarde.com\/wp-content\/uploads\/2022\/11\/logo-2022.png\",\"width\":365,\"height\":90,\"caption\":\"Les Jardins de Sainte-Hildegarde\"},\"image\":{\"@id\":\"https:\/\/www.lesjardinsdesaintehildegarde.com\/es\/#\/schema\/logo\/image\/\"}}]}<\/script>\n<!-- \/ Yoast SEO plugin. -->","yoast_head_json":{"title":"LES RECETTES DE LA JOIE T1 - J FOURNIER - Les Jardins de Sainte-Hildegarde","robots":{"index":"index","follow":"follow","max-snippet":"max-snippet:-1","max-image-preview":"max-image-preview:large","max-video-preview":"max-video-preview:-1"},"canonical":"https:\/\/www.lesjardinsdesaintehildegarde.com\/es\/libros-y-otros-productos\/libros\/nutricion-y-recetas-de-cocina\/les-recettes-de-la-joie-t1-j-fournier\/","og_locale":"es_ES","og_type":"article","og_title":"LES RECETTES DE LA JOIE T1 - J FOURNIER - Les Jardins de Sainte-Hildegarde","og_description":"LES RECETTES DE LA JOIE TOME 1 173 pages, format : L15 x H22 cm Jany FOURNIER-ROSSET L&#8217;alimentation avec Sainte Hildegarde. 150 recettes culinaires Jany FOURNIER-ROSSET, renomm\u00e9e pour ses talents de \u00abcordon bleu\u00bb, vous offre cette palette originale de recettes saines et vigoureuses. 4\u00e8me de couverture : Quel \u00e9merveillement de d\u00e9couvrir dans les r\u00e9v\u00e9lations d&#8217;une [&hellip;]","og_url":"https:\/\/www.lesjardinsdesaintehildegarde.com\/es\/libros-y-otros-productos\/libros\/nutricion-y-recetas-de-cocina\/les-recettes-de-la-joie-t1-j-fournier\/","og_site_name":"Les Jardins de Sainte-Hildegarde","article_modified_time":"2026-02-25T07:50:03+00:00","og_image":[{"width":1200,"height":1200,"url":"https:\/\/www.lesjardinsdesaintehildegarde.com\/wp-content\/uploads\/2023\/10\/l0046-les-recettes-de-la-joie.jpg","type":"image\/jpeg"}],"twitter_card":"summary_large_image","twitter_misc":{"Tiempo de lectura":"1 minuto"},"schema":{"@context":"https:\/\/schema.org","@graph":[{"@type":"WebPage","@id":"https:\/\/www.lesjardinsdesaintehildegarde.com\/es\/libros-y-otros-productos\/libros\/nutricion-y-recetas-de-cocina\/les-recettes-de-la-joie-t1-j-fournier\/","url":"https:\/\/www.lesjardinsdesaintehildegarde.com\/es\/libros-y-otros-productos\/libros\/nutricion-y-recetas-de-cocina\/les-recettes-de-la-joie-t1-j-fournier\/","name":"LES RECETTES DE LA JOIE T1 - J FOURNIER - Les Jardins de Sainte-Hildegarde","isPartOf":{"@id":"https:\/\/www.lesjardinsdesaintehildegarde.com\/es\/#website"},"primaryImageOfPage":{"@id":"https:\/\/www.lesjardinsdesaintehildegarde.com\/es\/libros-y-otros-productos\/libros\/nutricion-y-recetas-de-cocina\/les-recettes-de-la-joie-t1-j-fournier\/#primaryimage"},"image":{"@id":"https:\/\/www.lesjardinsdesaintehildegarde.com\/es\/libros-y-otros-productos\/libros\/nutricion-y-recetas-de-cocina\/les-recettes-de-la-joie-t1-j-fournier\/#primaryimage"},"thumbnailUrl":"https:\/\/www.lesjardinsdesaintehildegarde.com\/wp-content\/uploads\/2023\/10\/l0046-les-recettes-de-la-joie.jpg","datePublished":"2022-11-04T08:08:46+00:00","dateModified":"2026-02-25T07:50:03+00:00","breadcrumb":{"@id":"https:\/\/www.lesjardinsdesaintehildegarde.com\/es\/libros-y-otros-productos\/libros\/nutricion-y-recetas-de-cocina\/les-recettes-de-la-joie-t1-j-fournier\/#breadcrumb"},"inLanguage":"es","potentialAction":[{"@type":"ReadAction","target":["https:\/\/www.lesjardinsdesaintehildegarde.com\/es\/libros-y-otros-productos\/libros\/nutricion-y-recetas-de-cocina\/les-recettes-de-la-joie-t1-j-fournier\/"]}]},{"@type":"ImageObject","inLanguage":"es","@id":"https:\/\/www.lesjardinsdesaintehildegarde.com\/es\/libros-y-otros-productos\/libros\/nutricion-y-recetas-de-cocina\/les-recettes-de-la-joie-t1-j-fournier\/#primaryimage","url":"https:\/\/www.lesjardinsdesaintehildegarde.com\/wp-content\/uploads\/2023\/10\/l0046-les-recettes-de-la-joie.jpg","contentUrl":"https:\/\/www.lesjardinsdesaintehildegarde.com\/wp-content\/uploads\/2023\/10\/l0046-les-recettes-de-la-joie.jpg","width":1200,"height":1200,"caption":"LES RECETTES DE LA JOIE TOME 1 173 pages, format : L15 x H22 cm Jany FOURNIER-ROSSET"},{"@type":"BreadcrumbList","@id":"https:\/\/www.lesjardinsdesaintehildegarde.com\/es\/libros-y-otros-productos\/libros\/nutricion-y-recetas-de-cocina\/les-recettes-de-la-joie-t1-j-fournier\/#breadcrumb","itemListElement":[{"@type":"ListItem","position":1,"name":"Inicio","item":"https:\/\/www.lesjardinsdesaintehildegarde.com\/es\/"},{"@type":"ListItem","position":2,"name":"Productos","item":"https:\/\/www.lesjardinsdesaintehildegarde.com\/es\/shop\/"},{"@type":"ListItem","position":3,"name":"LES RECETTES DE LA JOIE T1 &#8211; J FOURNIER"}]},{"@type":"WebSite","@id":"https:\/\/www.lesjardinsdesaintehildegarde.com\/es\/#website","url":"https:\/\/www.lesjardinsdesaintehildegarde.com\/es\/","name":"Les Jardins de Sainte-Hildegarde","description":"Viriditas","publisher":{"@id":"https:\/\/www.lesjardinsdesaintehildegarde.com\/es\/#organization"},"potentialAction":[{"@type":"SearchAction","target":{"@type":"EntryPoint","urlTemplate":"https:\/\/www.lesjardinsdesaintehildegarde.com\/es\/?s={search_term_string}"},"query-input":{"@type":"PropertyValueSpecification","valueRequired":true,"valueName":"search_term_string"}}],"inLanguage":"es"},{"@type":"Organization","@id":"https:\/\/www.lesjardinsdesaintehildegarde.com\/es\/#organization","name":"Les Jardins de Sainte-Hildegarde","url":"https:\/\/www.lesjardinsdesaintehildegarde.com\/es\/","logo":{"@type":"ImageObject","inLanguage":"es","@id":"https:\/\/www.lesjardinsdesaintehildegarde.com\/es\/#\/schema\/logo\/image\/","url":"https:\/\/www.lesjardinsdesaintehildegarde.com\/wp-content\/uploads\/2022\/11\/logo-2022.png","contentUrl":"https:\/\/www.lesjardinsdesaintehildegarde.com\/wp-content\/uploads\/2022\/11\/logo-2022.png","width":365,"height":90,"caption":"Les Jardins de Sainte-Hildegarde"},"image":{"@id":"https:\/\/www.lesjardinsdesaintehildegarde.com\/es\/#\/schema\/logo\/image\/"}}]}},"_links":{"self":[{"href":"https:\/\/www.lesjardinsdesaintehildegarde.com\/es\/wp-json\/wp\/v2\/product\/1582","targetHints":{"allow":["GET"]}}],"collection":[{"href":"https:\/\/www.lesjardinsdesaintehildegarde.com\/es\/wp-json\/wp\/v2\/product"}],"about":[{"href":"https:\/\/www.lesjardinsdesaintehildegarde.com\/es\/wp-json\/wp\/v2\/types\/product"}],"replies":[{"embeddable":true,"href":"https:\/\/www.lesjardinsdesaintehildegarde.com\/es\/wp-json\/wp\/v2\/comments?post=1582"}],"wp:featuredmedia":[{"embeddable":true,"href":"https:\/\/www.lesjardinsdesaintehildegarde.com\/es\/wp-json\/wp\/v2\/media\/74995"}],"wp:attachment":[{"href":"https:\/\/www.lesjardinsdesaintehildegarde.com\/es\/wp-json\/wp\/v2\/media?parent=1582"}],"wp:term":[{"taxonomy":"product_brand","embeddable":true,"href":"https:\/\/www.lesjardinsdesaintehildegarde.com\/es\/wp-json\/wp\/v2\/product_brand?post=1582"},{"taxonomy":"product_cat","embeddable":true,"href":"https:\/\/www.lesjardinsdesaintehildegarde.com\/es\/wp-json\/wp\/v2\/product_cat?post=1582"},{"taxonomy":"product_tag","embeddable":true,"href":"https:\/\/www.lesjardinsdesaintehildegarde.com\/es\/wp-json\/wp\/v2\/product_tag?post=1582"}],"curies":[{"name":"wp","href":"https:\/\/api.w.org\/{rel}","templated":true}]}}