{"id":1595,"date":"2022-11-04T09:08:48","date_gmt":"2022-11-04T08:08:48","guid":{"rendered":"https:\/\/www.lesjardinsdesaintehildegarde.com\/non%20class\u00e9\/prevention-et-guerison\/"},"modified":"2026-05-15T11:39:03","modified_gmt":"2026-05-15T09:39:03","slug":"prevention-et-guerison","status":"publish","type":"product","link":"https:\/\/www.lesjardinsdesaintehildegarde.com\/es\/libros-y-otros-productos\/libros\/consejos-practicos\/prevention-et-guerison\/","title":{"rendered":"PREVENTION ET GUERISON"},"content":{"rendered":"<p>Pr\u00e9vention et gu\u00e9rison selon Hildegarde de Bingen<\/p>\n<p>314 pages, format L14xH21 cm<\/p>\n<p>Dr Wighard Strehlow <\/p>\n<p>\u00c9ditions du Rocher collection Les Jardins de sainte Hildegarde<\/p>\n<p>Les conseils de Sainte Hildegarde en pratique<\/p>\n<p>Un nouvel art de gu\u00e9rir tenant compte de l&#8217;homme dans son int\u00e9gralit\u00e9<\/p>\n<p>4\u00e9me de couverture :<\/p>\n<p>La m\u00e9decine de Sainte Hildegarde de Bingen est aujourd&#8217;hui ind\u00e9pendante de tout ph\u00e9nom\u00e8ne de mode, comme au XIII\u00e8me si\u00e8cle, o\u00f9 elle n&#8217;a jamais pr\u00e9conis\u00e9 les pratiques de son temps et de son entourage.<\/p>\n<p>Alors que jamais, dans son histoire, l&#8217;humanit\u00e9 n&#8217;a dispos\u00e9 d&#8217;autant de savoir et d&#8217;exp\u00e9rience dans tous les domaines pour mener une vie harmonieuse et saine on observe paradoxalement, dans les pays les plus riches, de nombreuses maladies chroniques, dites \u00abde civilisation\u00bb, dont le cancer, les rhumatismes ou le diab\u00e8te&#8230;<\/p>\n<p>Une telle \u00e9volution n\u00e9cessite un changement de comportement urgent, un nouvel art de gu\u00e9rir tenant compte de l&#8217;homme dans son int\u00e9gralit\u00e9, car \u00e2me et corps sont li\u00e9s comme le miroir \u00e0 son reflet, lui permettant d&#8217;\u00eatre le premier responsable de la sant\u00e9. <\/p>\n<p>C&#8217;est ce principe m\u00eame qu&#8217;Hildegarde de Bingen a compris il y a huit cents ans.<\/p>\n<p>Les innombrables gu\u00e9risons obtenues gr\u00e2ce aux rem\u00e8des de Sainte Hildegarde ont ainsi encourag\u00e9 le docteur Wighard Strehlow \u00e0 mettre au point un programme de cure complet, avec des traitements sp\u00e9cialement \u00e9labor\u00e9s, qui reposent enti\u00e8rement sur cette oeuvre g\u00e9niale, selon laquelle l&#8217;homme doit vivre en harmonie avec une cr\u00e9ation faite pour lui, et qu&#8217;il doit se soucier, en permanence, de la juste mesure.<\/p>\n","protected":false},"excerpt":{"rendered":"<p>Pr\u00e9vention et gu\u00e9rison selon Hildegarde de Bingen 314 pages, format L14xH21 cm Dr Wighard Strehlow \u00c9ditions du Rocher collection Les Jardins de sainte Hildegarde Les conseils de Sainte Hildegarde en pratique Un nouvel art de gu\u00e9rir tenant compte de l&#8217;homme dans son int\u00e9gralit\u00e9 4\u00e9me de couverture : La m\u00e9decine de Sainte Hildegarde de Bingen est [&hellip;]<\/p>\n","protected":false},"featured_media":75342,"comment_status":"open","ping_status":"closed","template":"","meta":{"_acf_changed":false,"_relevanssi_hide_post":"","_relevanssi_hide_content":"","_relevanssi_pin_for_all":"","_relevanssi_pin_keywords":"","_relevanssi_unpin_keywords":"","_relevanssi_related_keywords":"","_relevanssi_related_include_ids":"","_relevanssi_related_exclude_ids":"","_relevanssi_related_no_append":"","_relevanssi_related_not_related":"","_relevanssi_related_posts":"","_relevanssi_noindex_reason":""},"product_brand":[],"product_cat":[111,108,33],"product_tag":[48],"class_list":{"0":"post-1595","1":"product","2":"type-product","3":"status-publish","4":"has-post-thumbnail","6":"product_cat-conseils-pratiques","7":"product_cat-livres","8":"product_cat-livres-et-loisirs","9":"product_tag-achat-direct","11":"first","12":"instock","13":"taxable","14":"shipping-taxable","15":"purchasable","16":"product-type-simple"},"acf":[],"yoast_head":"<!-- This site is optimized with the Yoast SEO plugin v27.4 - https:\/\/yoast.com\/product\/yoast-seo-wordpress\/ -->\n<title>PREVENTION ET GUERISON - Les Jardins de Sainte-Hildegarde<\/title>\n<meta name=\"robots\" content=\"index, follow, max-snippet:-1, max-image-preview:large, max-video-preview:-1\" \/>\n<link rel=\"canonical\" href=\"https:\/\/www.lesjardinsdesaintehildegarde.com\/es\/libros-y-otros-productos\/libros\/consejos-practicos\/prevention-et-guerison\/\" \/>\n<meta property=\"og:locale\" content=\"es_ES\" \/>\n<meta property=\"og:type\" content=\"article\" \/>\n<meta property=\"og:title\" content=\"PREVENTION ET GUERISON - Les Jardins de Sainte-Hildegarde\" \/>\n<meta property=\"og:description\" content=\"Pr\u00e9vention et gu\u00e9rison selon Hildegarde de Bingen 314 pages, format L14xH21 cm Dr Wighard Strehlow \u00c9ditions du Rocher collection Les Jardins de sainte Hildegarde Les conseils de Sainte Hildegarde en pratique Un nouvel art de gu\u00e9rir tenant compte de l&#8217;homme dans son int\u00e9gralit\u00e9 4\u00e9me de couverture : La m\u00e9decine de Sainte Hildegarde de Bingen est [&hellip;]\" \/>\n<meta property=\"og:url\" content=\"https:\/\/www.lesjardinsdesaintehildegarde.com\/es\/libros-y-otros-productos\/libros\/consejos-practicos\/prevention-et-guerison\/\" \/>\n<meta property=\"og:site_name\" content=\"Les Jardins de Sainte-Hildegarde\" \/>\n<meta property=\"article:modified_time\" content=\"2026-05-15T09:39:03+00:00\" \/>\n<meta property=\"og:image\" content=\"https:\/\/www.lesjardinsdesaintehildegarde.com\/wp-content\/uploads\/2023\/10\/l0091-prevention-et-guerison-selon-hdb.jpg\" \/>\n\t<meta property=\"og:image:width\" content=\"1200\" \/>\n\t<meta property=\"og:image:height\" content=\"1200\" \/>\n\t<meta property=\"og:image:type\" content=\"image\/jpeg\" \/>\n<meta name=\"twitter:card\" content=\"summary_large_image\" \/>\n<meta name=\"twitter:label1\" content=\"Tiempo de lectura\" \/>\n\t<meta name=\"twitter:data1\" content=\"2 minutos\" \/>\n<script type=\"application\/ld+json\" class=\"yoast-schema-graph\">{\"@context\":\"https:\\\/\\\/schema.org\",\"@graph\":[{\"@type\":\"WebPage\",\"@id\":\"https:\\\/\\\/www.lesjardinsdesaintehildegarde.com\\\/es\\\/libros-y-otros-productos\\\/libros\\\/consejos-practicos\\\/prevention-et-guerison\\\/\",\"url\":\"https:\\\/\\\/www.lesjardinsdesaintehildegarde.com\\\/es\\\/libros-y-otros-productos\\\/libros\\\/consejos-practicos\\\/prevention-et-guerison\\\/\",\"name\":\"PREVENTION ET GUERISON - Les Jardins de Sainte-Hildegarde\",\"isPartOf\":{\"@id\":\"https:\\\/\\\/www.lesjardinsdesaintehildegarde.com\\\/es\\\/#website\"},\"primaryImageOfPage\":{\"@id\":\"https:\\\/\\\/www.lesjardinsdesaintehildegarde.com\\\/es\\\/libros-y-otros-productos\\\/libros\\\/consejos-practicos\\\/prevention-et-guerison\\\/#primaryimage\"},\"image\":{\"@id\":\"https:\\\/\\\/www.lesjardinsdesaintehildegarde.com\\\/es\\\/libros-y-otros-productos\\\/libros\\\/consejos-practicos\\\/prevention-et-guerison\\\/#primaryimage\"},\"thumbnailUrl\":\"https:\\\/\\\/www.lesjardinsdesaintehildegarde.com\\\/wp-content\\\/uploads\\\/2023\\\/10\\\/l0091-prevention-et-guerison-selon-hdb.jpg\",\"datePublished\":\"2022-11-04T08:08:48+00:00\",\"dateModified\":\"2026-05-15T09:39:03+00:00\",\"breadcrumb\":{\"@id\":\"https:\\\/\\\/www.lesjardinsdesaintehildegarde.com\\\/es\\\/libros-y-otros-productos\\\/libros\\\/consejos-practicos\\\/prevention-et-guerison\\\/#breadcrumb\"},\"inLanguage\":\"es\",\"potentialAction\":[{\"@type\":\"ReadAction\",\"target\":[\"https:\\\/\\\/www.lesjardinsdesaintehildegarde.com\\\/es\\\/libros-y-otros-productos\\\/libros\\\/consejos-practicos\\\/prevention-et-guerison\\\/\"]}]},{\"@type\":\"ImageObject\",\"inLanguage\":\"es\",\"@id\":\"https:\\\/\\\/www.lesjardinsdesaintehildegarde.com\\\/es\\\/libros-y-otros-productos\\\/libros\\\/consejos-practicos\\\/prevention-et-guerison\\\/#primaryimage\",\"url\":\"https:\\\/\\\/www.lesjardinsdesaintehildegarde.com\\\/wp-content\\\/uploads\\\/2023\\\/10\\\/l0091-prevention-et-guerison-selon-hdb.jpg\",\"contentUrl\":\"https:\\\/\\\/www.lesjardinsdesaintehildegarde.com\\\/wp-content\\\/uploads\\\/2023\\\/10\\\/l0091-prevention-et-guerison-selon-hdb.jpg\",\"width\":1200,\"height\":1200,\"caption\":\"Livre Pr\u00e9vention et gu\u00e9rison des maladies aux \u00e9ditions Le Rocher, collection Les Jardins de sainte Hildegarde, auteur Wighard Strehlow\"},{\"@type\":\"BreadcrumbList\",\"@id\":\"https:\\\/\\\/www.lesjardinsdesaintehildegarde.com\\\/es\\\/libros-y-otros-productos\\\/libros\\\/consejos-practicos\\\/prevention-et-guerison\\\/#breadcrumb\",\"itemListElement\":[{\"@type\":\"ListItem\",\"position\":1,\"name\":\"Inicio\",\"item\":\"https:\\\/\\\/www.lesjardinsdesaintehildegarde.com\\\/es\\\/\"},{\"@type\":\"ListItem\",\"position\":2,\"name\":\"Productos\",\"item\":\"https:\\\/\\\/www.lesjardinsdesaintehildegarde.com\\\/es\\\/shop\\\/\"},{\"@type\":\"ListItem\",\"position\":3,\"name\":\"PREVENTION ET GUERISON\"}]},{\"@type\":\"WebSite\",\"@id\":\"https:\\\/\\\/www.lesjardinsdesaintehildegarde.com\\\/es\\\/#website\",\"url\":\"https:\\\/\\\/www.lesjardinsdesaintehildegarde.com\\\/es\\\/\",\"name\":\"Les Jardins de Sainte-Hildegarde\",\"description\":\"Viriditas\",\"publisher\":{\"@id\":\"https:\\\/\\\/www.lesjardinsdesaintehildegarde.com\\\/es\\\/#organization\"},\"potentialAction\":[{\"@type\":\"SearchAction\",\"target\":{\"@type\":\"EntryPoint\",\"urlTemplate\":\"https:\\\/\\\/www.lesjardinsdesaintehildegarde.com\\\/es\\\/?s={search_term_string}\"},\"query-input\":{\"@type\":\"PropertyValueSpecification\",\"valueRequired\":true,\"valueName\":\"search_term_string\"}}],\"inLanguage\":\"es\"},{\"@type\":\"Organization\",\"@id\":\"https:\\\/\\\/www.lesjardinsdesaintehildegarde.com\\\/es\\\/#organization\",\"name\":\"Les Jardins de Sainte-Hildegarde\",\"url\":\"https:\\\/\\\/www.lesjardinsdesaintehildegarde.com\\\/es\\\/\",\"logo\":{\"@type\":\"ImageObject\",\"inLanguage\":\"es\",\"@id\":\"https:\\\/\\\/www.lesjardinsdesaintehildegarde.com\\\/es\\\/#\\\/schema\\\/logo\\\/image\\\/\",\"url\":\"https:\\\/\\\/www.lesjardinsdesaintehildegarde.com\\\/wp-content\\\/uploads\\\/2022\\\/11\\\/logo-2022.png\",\"contentUrl\":\"https:\\\/\\\/www.lesjardinsdesaintehildegarde.com\\\/wp-content\\\/uploads\\\/2022\\\/11\\\/logo-2022.png\",\"width\":365,\"height\":90,\"caption\":\"Les Jardins de Sainte-Hildegarde\"},\"image\":{\"@id\":\"https:\\\/\\\/www.lesjardinsdesaintehildegarde.com\\\/es\\\/#\\\/schema\\\/logo\\\/image\\\/\"}}]}<\/script>\n<!-- \/ Yoast SEO plugin. -->","yoast_head_json":{"title":"PREVENTION ET GUERISON - Les Jardins de Sainte-Hildegarde","robots":{"index":"index","follow":"follow","max-snippet":"max-snippet:-1","max-image-preview":"max-image-preview:large","max-video-preview":"max-video-preview:-1"},"canonical":"https:\/\/www.lesjardinsdesaintehildegarde.com\/es\/libros-y-otros-productos\/libros\/consejos-practicos\/prevention-et-guerison\/","og_locale":"es_ES","og_type":"article","og_title":"PREVENTION ET GUERISON - Les Jardins de Sainte-Hildegarde","og_description":"Pr\u00e9vention et gu\u00e9rison selon Hildegarde de Bingen 314 pages, format L14xH21 cm Dr Wighard Strehlow \u00c9ditions du Rocher collection Les Jardins de sainte Hildegarde Les conseils de Sainte Hildegarde en pratique Un nouvel art de gu\u00e9rir tenant compte de l&#8217;homme dans son int\u00e9gralit\u00e9 4\u00e9me de couverture : La m\u00e9decine de Sainte Hildegarde de Bingen est [&hellip;]","og_url":"https:\/\/www.lesjardinsdesaintehildegarde.com\/es\/libros-y-otros-productos\/libros\/consejos-practicos\/prevention-et-guerison\/","og_site_name":"Les Jardins de Sainte-Hildegarde","article_modified_time":"2026-05-15T09:39:03+00:00","og_image":[{"width":1200,"height":1200,"url":"https:\/\/www.lesjardinsdesaintehildegarde.com\/wp-content\/uploads\/2023\/10\/l0091-prevention-et-guerison-selon-hdb.jpg","type":"image\/jpeg"}],"twitter_card":"summary_large_image","twitter_misc":{"Tiempo de lectura":"2 minutos"},"schema":{"@context":"https:\/\/schema.org","@graph":[{"@type":"WebPage","@id":"https:\/\/www.lesjardinsdesaintehildegarde.com\/es\/libros-y-otros-productos\/libros\/consejos-practicos\/prevention-et-guerison\/","url":"https:\/\/www.lesjardinsdesaintehildegarde.com\/es\/libros-y-otros-productos\/libros\/consejos-practicos\/prevention-et-guerison\/","name":"PREVENTION ET GUERISON - Les Jardins de Sainte-Hildegarde","isPartOf":{"@id":"https:\/\/www.lesjardinsdesaintehildegarde.com\/es\/#website"},"primaryImageOfPage":{"@id":"https:\/\/www.lesjardinsdesaintehildegarde.com\/es\/libros-y-otros-productos\/libros\/consejos-practicos\/prevention-et-guerison\/#primaryimage"},"image":{"@id":"https:\/\/www.lesjardinsdesaintehildegarde.com\/es\/libros-y-otros-productos\/libros\/consejos-practicos\/prevention-et-guerison\/#primaryimage"},"thumbnailUrl":"https:\/\/www.lesjardinsdesaintehildegarde.com\/wp-content\/uploads\/2023\/10\/l0091-prevention-et-guerison-selon-hdb.jpg","datePublished":"2022-11-04T08:08:48+00:00","dateModified":"2026-05-15T09:39:03+00:00","breadcrumb":{"@id":"https:\/\/www.lesjardinsdesaintehildegarde.com\/es\/libros-y-otros-productos\/libros\/consejos-practicos\/prevention-et-guerison\/#breadcrumb"},"inLanguage":"es","potentialAction":[{"@type":"ReadAction","target":["https:\/\/www.lesjardinsdesaintehildegarde.com\/es\/libros-y-otros-productos\/libros\/consejos-practicos\/prevention-et-guerison\/"]}]},{"@type":"ImageObject","inLanguage":"es","@id":"https:\/\/www.lesjardinsdesaintehildegarde.com\/es\/libros-y-otros-productos\/libros\/consejos-practicos\/prevention-et-guerison\/#primaryimage","url":"https:\/\/www.lesjardinsdesaintehildegarde.com\/wp-content\/uploads\/2023\/10\/l0091-prevention-et-guerison-selon-hdb.jpg","contentUrl":"https:\/\/www.lesjardinsdesaintehildegarde.com\/wp-content\/uploads\/2023\/10\/l0091-prevention-et-guerison-selon-hdb.jpg","width":1200,"height":1200,"caption":"Livre Pr\u00e9vention et gu\u00e9rison des maladies aux \u00e9ditions Le Rocher, collection Les Jardins de sainte Hildegarde, auteur Wighard Strehlow"},{"@type":"BreadcrumbList","@id":"https:\/\/www.lesjardinsdesaintehildegarde.com\/es\/libros-y-otros-productos\/libros\/consejos-practicos\/prevention-et-guerison\/#breadcrumb","itemListElement":[{"@type":"ListItem","position":1,"name":"Inicio","item":"https:\/\/www.lesjardinsdesaintehildegarde.com\/es\/"},{"@type":"ListItem","position":2,"name":"Productos","item":"https:\/\/www.lesjardinsdesaintehildegarde.com\/es\/shop\/"},{"@type":"ListItem","position":3,"name":"PREVENTION ET GUERISON"}]},{"@type":"WebSite","@id":"https:\/\/www.lesjardinsdesaintehildegarde.com\/es\/#website","url":"https:\/\/www.lesjardinsdesaintehildegarde.com\/es\/","name":"Les Jardins de Sainte-Hildegarde","description":"Viriditas","publisher":{"@id":"https:\/\/www.lesjardinsdesaintehildegarde.com\/es\/#organization"},"potentialAction":[{"@type":"SearchAction","target":{"@type":"EntryPoint","urlTemplate":"https:\/\/www.lesjardinsdesaintehildegarde.com\/es\/?s={search_term_string}"},"query-input":{"@type":"PropertyValueSpecification","valueRequired":true,"valueName":"search_term_string"}}],"inLanguage":"es"},{"@type":"Organization","@id":"https:\/\/www.lesjardinsdesaintehildegarde.com\/es\/#organization","name":"Les Jardins de Sainte-Hildegarde","url":"https:\/\/www.lesjardinsdesaintehildegarde.com\/es\/","logo":{"@type":"ImageObject","inLanguage":"es","@id":"https:\/\/www.lesjardinsdesaintehildegarde.com\/es\/#\/schema\/logo\/image\/","url":"https:\/\/www.lesjardinsdesaintehildegarde.com\/wp-content\/uploads\/2022\/11\/logo-2022.png","contentUrl":"https:\/\/www.lesjardinsdesaintehildegarde.com\/wp-content\/uploads\/2022\/11\/logo-2022.png","width":365,"height":90,"caption":"Les Jardins de Sainte-Hildegarde"},"image":{"@id":"https:\/\/www.lesjardinsdesaintehildegarde.com\/es\/#\/schema\/logo\/image\/"}}]}},"_links":{"self":[{"href":"https:\/\/www.lesjardinsdesaintehildegarde.com\/es\/wp-json\/wp\/v2\/product\/1595","targetHints":{"allow":["GET"]}}],"collection":[{"href":"https:\/\/www.lesjardinsdesaintehildegarde.com\/es\/wp-json\/wp\/v2\/product"}],"about":[{"href":"https:\/\/www.lesjardinsdesaintehildegarde.com\/es\/wp-json\/wp\/v2\/types\/product"}],"replies":[{"embeddable":true,"href":"https:\/\/www.lesjardinsdesaintehildegarde.com\/es\/wp-json\/wp\/v2\/comments?post=1595"}],"wp:featuredmedia":[{"embeddable":true,"href":"https:\/\/www.lesjardinsdesaintehildegarde.com\/es\/wp-json\/wp\/v2\/media\/75342"}],"wp:attachment":[{"href":"https:\/\/www.lesjardinsdesaintehildegarde.com\/es\/wp-json\/wp\/v2\/media?parent=1595"}],"wp:term":[{"taxonomy":"product_brand","embeddable":true,"href":"https:\/\/www.lesjardinsdesaintehildegarde.com\/es\/wp-json\/wp\/v2\/product_brand?post=1595"},{"taxonomy":"product_cat","embeddable":true,"href":"https:\/\/www.lesjardinsdesaintehildegarde.com\/es\/wp-json\/wp\/v2\/product_cat?post=1595"},{"taxonomy":"product_tag","embeddable":true,"href":"https:\/\/www.lesjardinsdesaintehildegarde.com\/es\/wp-json\/wp\/v2\/product_tag?post=1595"}],"curies":[{"name":"wp","href":"https:\/\/api.w.org\/{rel}","templated":true}]}}