{"id":1600,"date":"2022-11-04T09:08:49","date_gmt":"2022-11-04T08:08:49","guid":{"rendered":"https:\/\/www.lesjardinsdesaintehildegarde.com\/non%20class\u00e9\/soigner-les-maladies-rhumatismales\/"},"modified":"2026-04-24T08:52:04","modified_gmt":"2026-04-24T06:52:04","slug":"soigner-les-maladies-rhumatismales","status":"publish","type":"product","link":"https:\/\/www.lesjardinsdesaintehildegarde.com\/es\/libros-y-otros-productos\/libros\/consejos-practicos\/soigner-les-maladies-rhumatismales\/","title":{"rendered":"SOIGNER LES MALADIES RHUMATISMALES"},"content":{"rendered":"<p>SOIGNER LES MALADIES RHUMATISMALES SELON HILDEGARDE DE BINGEN<\/p>\n<p>312 pages, format 14 x 20,5 cm<\/p>\n<p>Dr Wighard Strehlow, \u00c9ditions du Rocher<\/p>\n<p>Les conseils de Sainte Hildegarde en pratique<\/p>\n<p>La m\u00e9decine d&#8217;Hildegarde de Bingen est une m\u00e9decine id\u00e9ale pour l&#8217;avenir !<\/p>\n<p>4\u00e9me de couverture :<\/p>\n<p>Les principes \u00e9tablis au XIIe si\u00e8cle par Hildegarde de Bingen sont une r\u00e9f\u00e9rence incontournable de la sant\u00e9 naturelle et offrent un compl\u00e9ment efficace \u00e0 la m\u00e9decine conventionnelle, et cela avec des effets secondaires bien moindres, voire inexistants.<\/p>\n<p>Environ 80 % des manifestations rhumatismales et plus de 90 % des signes de la goutte sont provoqu\u00e9s par le mode de vie et l&#8217;alimentation. Le programme de sant\u00e9 de ce livre, suivant les recommandations d&#8217;Hildegarde de Bingen, nous donne plus d&#8217;une centaine de traitements naturels contre les rhumatismes et la goutte ainsi que des mesures de d\u00e9sintoxication du corps et de l&#8217;\u00e2me, et des r\u00e8gles d&#8217;alimentation sp\u00e9cifiques.<\/p>\n<p>Wighard Strehlow, docteur \u00e8s sciences et naturoth\u00e9rapeute, a dirig\u00e9 de 1993 \u00e0 2003 la maison de cure de Sainte-Hildegarde sur les rives du lac de Constance et a publi\u00e9 plusieurs ouvrages de r\u00e9f\u00e9rence dont Gu\u00e9rir par l&#8217;alimentation selon Hildegarde de Bingen et Soigner son intestin et son appareil digestif selon Hildegarde de Bingen.<\/p>\n","protected":false},"excerpt":{"rendered":"<p>SOIGNER LES MALADIES RHUMATISMALES SELON HILDEGARDE DE BINGEN 312 pages, format 14 x 20,5 cm Dr Wighard Strehlow, \u00c9ditions du Rocher Les conseils de Sainte Hildegarde en pratique La m\u00e9decine d&#8217;Hildegarde de Bingen est une m\u00e9decine id\u00e9ale pour l&#8217;avenir ! 4\u00e9me de couverture : Les principes \u00e9tablis au XIIe si\u00e8cle par Hildegarde de Bingen sont [&hellip;]<\/p>\n","protected":false},"featured_media":75043,"comment_status":"open","ping_status":"closed","template":"","meta":{"_acf_changed":false,"_relevanssi_hide_post":"","_relevanssi_hide_content":"","_relevanssi_pin_for_all":"","_relevanssi_pin_keywords":"","_relevanssi_unpin_keywords":"","_relevanssi_related_keywords":"","_relevanssi_related_include_ids":"","_relevanssi_related_exclude_ids":"","_relevanssi_related_no_append":"","_relevanssi_related_not_related":"","_relevanssi_related_posts":"","_relevanssi_noindex_reason":""},"product_brand":[],"product_cat":[111,108,33],"product_tag":[],"class_list":{"0":"post-1600","1":"product","2":"type-product","3":"status-publish","4":"has-post-thumbnail","6":"product_cat-conseils-pratiques","7":"product_cat-livres","8":"product_cat-livres-et-loisirs","10":"first","11":"instock","12":"taxable","13":"shipping-taxable","14":"purchasable","15":"product-type-simple"},"acf":[],"yoast_head":"<!-- This site is optimized with the Yoast SEO plugin v27.4 - https:\/\/yoast.com\/product\/yoast-seo-wordpress\/ -->\n<title>SOIGNER LES MALADIES RHUMATISMALES - Les Jardins de Sainte-Hildegarde<\/title>\n<meta name=\"robots\" content=\"index, follow, max-snippet:-1, max-image-preview:large, max-video-preview:-1\" \/>\n<link rel=\"canonical\" href=\"https:\/\/www.lesjardinsdesaintehildegarde.com\/es\/libros-y-otros-productos\/libros\/consejos-practicos\/soigner-les-maladies-rhumatismales\/\" \/>\n<meta property=\"og:locale\" content=\"es_ES\" \/>\n<meta property=\"og:type\" content=\"article\" \/>\n<meta property=\"og:title\" content=\"SOIGNER LES MALADIES RHUMATISMALES - Les Jardins de Sainte-Hildegarde\" \/>\n<meta property=\"og:description\" content=\"SOIGNER LES MALADIES RHUMATISMALES SELON HILDEGARDE DE BINGEN 312 pages, format 14 x 20,5 cm Dr Wighard Strehlow, \u00c9ditions du Rocher Les conseils de Sainte Hildegarde en pratique La m\u00e9decine d&#8217;Hildegarde de Bingen est une m\u00e9decine id\u00e9ale pour l&#8217;avenir ! 4\u00e9me de couverture : Les principes \u00e9tablis au XIIe si\u00e8cle par Hildegarde de Bingen sont [&hellip;]\" \/>\n<meta property=\"og:url\" content=\"https:\/\/www.lesjardinsdesaintehildegarde.com\/es\/libros-y-otros-productos\/libros\/consejos-practicos\/soigner-les-maladies-rhumatismales\/\" \/>\n<meta property=\"og:site_name\" content=\"Les Jardins de Sainte-Hildegarde\" \/>\n<meta property=\"article:modified_time\" content=\"2026-04-24T06:52:04+00:00\" \/>\n<meta property=\"og:image\" content=\"https:\/\/www.lesjardinsdesaintehildegarde.com\/wp-content\/uploads\/2023\/10\/l0099-soigner-les-maladies-rhumatismales.jpg\" \/>\n\t<meta property=\"og:image:width\" content=\"1200\" \/>\n\t<meta property=\"og:image:height\" content=\"1200\" \/>\n\t<meta property=\"og:image:type\" content=\"image\/jpeg\" \/>\n<meta name=\"twitter:card\" content=\"summary_large_image\" \/>\n<meta name=\"twitter:label1\" content=\"Tiempo de lectura\" \/>\n\t<meta name=\"twitter:data1\" content=\"2 minutos\" \/>\n<script type=\"application\/ld+json\" class=\"yoast-schema-graph\">{\"@context\":\"https:\\\/\\\/schema.org\",\"@graph\":[{\"@type\":\"WebPage\",\"@id\":\"https:\\\/\\\/www.lesjardinsdesaintehildegarde.com\\\/es\\\/libros-y-otros-productos\\\/libros\\\/consejos-practicos\\\/soigner-les-maladies-rhumatismales\\\/\",\"url\":\"https:\\\/\\\/www.lesjardinsdesaintehildegarde.com\\\/es\\\/libros-y-otros-productos\\\/libros\\\/consejos-practicos\\\/soigner-les-maladies-rhumatismales\\\/\",\"name\":\"SOIGNER LES MALADIES RHUMATISMALES - Les Jardins de Sainte-Hildegarde\",\"isPartOf\":{\"@id\":\"https:\\\/\\\/www.lesjardinsdesaintehildegarde.com\\\/es\\\/#website\"},\"primaryImageOfPage\":{\"@id\":\"https:\\\/\\\/www.lesjardinsdesaintehildegarde.com\\\/es\\\/libros-y-otros-productos\\\/libros\\\/consejos-practicos\\\/soigner-les-maladies-rhumatismales\\\/#primaryimage\"},\"image\":{\"@id\":\"https:\\\/\\\/www.lesjardinsdesaintehildegarde.com\\\/es\\\/libros-y-otros-productos\\\/libros\\\/consejos-practicos\\\/soigner-les-maladies-rhumatismales\\\/#primaryimage\"},\"thumbnailUrl\":\"https:\\\/\\\/www.lesjardinsdesaintehildegarde.com\\\/wp-content\\\/uploads\\\/2023\\\/10\\\/l0099-soigner-les-maladies-rhumatismales.jpg\",\"datePublished\":\"2022-11-04T08:08:49+00:00\",\"dateModified\":\"2026-04-24T06:52:04+00:00\",\"breadcrumb\":{\"@id\":\"https:\\\/\\\/www.lesjardinsdesaintehildegarde.com\\\/es\\\/libros-y-otros-productos\\\/libros\\\/consejos-practicos\\\/soigner-les-maladies-rhumatismales\\\/#breadcrumb\"},\"inLanguage\":\"es\",\"potentialAction\":[{\"@type\":\"ReadAction\",\"target\":[\"https:\\\/\\\/www.lesjardinsdesaintehildegarde.com\\\/es\\\/libros-y-otros-productos\\\/libros\\\/consejos-practicos\\\/soigner-les-maladies-rhumatismales\\\/\"]}]},{\"@type\":\"ImageObject\",\"inLanguage\":\"es\",\"@id\":\"https:\\\/\\\/www.lesjardinsdesaintehildegarde.com\\\/es\\\/libros-y-otros-productos\\\/libros\\\/consejos-practicos\\\/soigner-les-maladies-rhumatismales\\\/#primaryimage\",\"url\":\"https:\\\/\\\/www.lesjardinsdesaintehildegarde.com\\\/wp-content\\\/uploads\\\/2023\\\/10\\\/l0099-soigner-les-maladies-rhumatismales.jpg\",\"contentUrl\":\"https:\\\/\\\/www.lesjardinsdesaintehildegarde.com\\\/wp-content\\\/uploads\\\/2023\\\/10\\\/l0099-soigner-les-maladies-rhumatismales.jpg\",\"width\":1200,\"height\":1200,\"caption\":\"RHUMATISMES ET GOUTTE 224 pages, format L11.5xH18 cm Dr Wighard Strehlow\"},{\"@type\":\"BreadcrumbList\",\"@id\":\"https:\\\/\\\/www.lesjardinsdesaintehildegarde.com\\\/es\\\/libros-y-otros-productos\\\/libros\\\/consejos-practicos\\\/soigner-les-maladies-rhumatismales\\\/#breadcrumb\",\"itemListElement\":[{\"@type\":\"ListItem\",\"position\":1,\"name\":\"Inicio\",\"item\":\"https:\\\/\\\/www.lesjardinsdesaintehildegarde.com\\\/es\\\/\"},{\"@type\":\"ListItem\",\"position\":2,\"name\":\"Productos\",\"item\":\"https:\\\/\\\/www.lesjardinsdesaintehildegarde.com\\\/es\\\/shop\\\/\"},{\"@type\":\"ListItem\",\"position\":3,\"name\":\"SOIGNER LES MALADIES RHUMATISMALES\"}]},{\"@type\":\"WebSite\",\"@id\":\"https:\\\/\\\/www.lesjardinsdesaintehildegarde.com\\\/es\\\/#website\",\"url\":\"https:\\\/\\\/www.lesjardinsdesaintehildegarde.com\\\/es\\\/\",\"name\":\"Les Jardins de Sainte-Hildegarde\",\"description\":\"Viriditas\",\"publisher\":{\"@id\":\"https:\\\/\\\/www.lesjardinsdesaintehildegarde.com\\\/es\\\/#organization\"},\"potentialAction\":[{\"@type\":\"SearchAction\",\"target\":{\"@type\":\"EntryPoint\",\"urlTemplate\":\"https:\\\/\\\/www.lesjardinsdesaintehildegarde.com\\\/es\\\/?s={search_term_string}\"},\"query-input\":{\"@type\":\"PropertyValueSpecification\",\"valueRequired\":true,\"valueName\":\"search_term_string\"}}],\"inLanguage\":\"es\"},{\"@type\":\"Organization\",\"@id\":\"https:\\\/\\\/www.lesjardinsdesaintehildegarde.com\\\/es\\\/#organization\",\"name\":\"Les Jardins de Sainte-Hildegarde\",\"url\":\"https:\\\/\\\/www.lesjardinsdesaintehildegarde.com\\\/es\\\/\",\"logo\":{\"@type\":\"ImageObject\",\"inLanguage\":\"es\",\"@id\":\"https:\\\/\\\/www.lesjardinsdesaintehildegarde.com\\\/es\\\/#\\\/schema\\\/logo\\\/image\\\/\",\"url\":\"https:\\\/\\\/www.lesjardinsdesaintehildegarde.com\\\/wp-content\\\/uploads\\\/2022\\\/11\\\/logo-2022.png\",\"contentUrl\":\"https:\\\/\\\/www.lesjardinsdesaintehildegarde.com\\\/wp-content\\\/uploads\\\/2022\\\/11\\\/logo-2022.png\",\"width\":365,\"height\":90,\"caption\":\"Les Jardins de Sainte-Hildegarde\"},\"image\":{\"@id\":\"https:\\\/\\\/www.lesjardinsdesaintehildegarde.com\\\/es\\\/#\\\/schema\\\/logo\\\/image\\\/\"}}]}<\/script>\n<!-- \/ Yoast SEO plugin. -->","yoast_head_json":{"title":"SOIGNER LES MALADIES RHUMATISMALES - Les Jardins de Sainte-Hildegarde","robots":{"index":"index","follow":"follow","max-snippet":"max-snippet:-1","max-image-preview":"max-image-preview:large","max-video-preview":"max-video-preview:-1"},"canonical":"https:\/\/www.lesjardinsdesaintehildegarde.com\/es\/libros-y-otros-productos\/libros\/consejos-practicos\/soigner-les-maladies-rhumatismales\/","og_locale":"es_ES","og_type":"article","og_title":"SOIGNER LES MALADIES RHUMATISMALES - Les Jardins de Sainte-Hildegarde","og_description":"SOIGNER LES MALADIES RHUMATISMALES SELON HILDEGARDE DE BINGEN 312 pages, format 14 x 20,5 cm Dr Wighard Strehlow, \u00c9ditions du Rocher Les conseils de Sainte Hildegarde en pratique La m\u00e9decine d&#8217;Hildegarde de Bingen est une m\u00e9decine id\u00e9ale pour l&#8217;avenir ! 4\u00e9me de couverture : Les principes \u00e9tablis au XIIe si\u00e8cle par Hildegarde de Bingen sont [&hellip;]","og_url":"https:\/\/www.lesjardinsdesaintehildegarde.com\/es\/libros-y-otros-productos\/libros\/consejos-practicos\/soigner-les-maladies-rhumatismales\/","og_site_name":"Les Jardins de Sainte-Hildegarde","article_modified_time":"2026-04-24T06:52:04+00:00","og_image":[{"width":1200,"height":1200,"url":"https:\/\/www.lesjardinsdesaintehildegarde.com\/wp-content\/uploads\/2023\/10\/l0099-soigner-les-maladies-rhumatismales.jpg","type":"image\/jpeg"}],"twitter_card":"summary_large_image","twitter_misc":{"Tiempo de lectura":"2 minutos"},"schema":{"@context":"https:\/\/schema.org","@graph":[{"@type":"WebPage","@id":"https:\/\/www.lesjardinsdesaintehildegarde.com\/es\/libros-y-otros-productos\/libros\/consejos-practicos\/soigner-les-maladies-rhumatismales\/","url":"https:\/\/www.lesjardinsdesaintehildegarde.com\/es\/libros-y-otros-productos\/libros\/consejos-practicos\/soigner-les-maladies-rhumatismales\/","name":"SOIGNER LES MALADIES RHUMATISMALES - Les Jardins de Sainte-Hildegarde","isPartOf":{"@id":"https:\/\/www.lesjardinsdesaintehildegarde.com\/es\/#website"},"primaryImageOfPage":{"@id":"https:\/\/www.lesjardinsdesaintehildegarde.com\/es\/libros-y-otros-productos\/libros\/consejos-practicos\/soigner-les-maladies-rhumatismales\/#primaryimage"},"image":{"@id":"https:\/\/www.lesjardinsdesaintehildegarde.com\/es\/libros-y-otros-productos\/libros\/consejos-practicos\/soigner-les-maladies-rhumatismales\/#primaryimage"},"thumbnailUrl":"https:\/\/www.lesjardinsdesaintehildegarde.com\/wp-content\/uploads\/2023\/10\/l0099-soigner-les-maladies-rhumatismales.jpg","datePublished":"2022-11-04T08:08:49+00:00","dateModified":"2026-04-24T06:52:04+00:00","breadcrumb":{"@id":"https:\/\/www.lesjardinsdesaintehildegarde.com\/es\/libros-y-otros-productos\/libros\/consejos-practicos\/soigner-les-maladies-rhumatismales\/#breadcrumb"},"inLanguage":"es","potentialAction":[{"@type":"ReadAction","target":["https:\/\/www.lesjardinsdesaintehildegarde.com\/es\/libros-y-otros-productos\/libros\/consejos-practicos\/soigner-les-maladies-rhumatismales\/"]}]},{"@type":"ImageObject","inLanguage":"es","@id":"https:\/\/www.lesjardinsdesaintehildegarde.com\/es\/libros-y-otros-productos\/libros\/consejos-practicos\/soigner-les-maladies-rhumatismales\/#primaryimage","url":"https:\/\/www.lesjardinsdesaintehildegarde.com\/wp-content\/uploads\/2023\/10\/l0099-soigner-les-maladies-rhumatismales.jpg","contentUrl":"https:\/\/www.lesjardinsdesaintehildegarde.com\/wp-content\/uploads\/2023\/10\/l0099-soigner-les-maladies-rhumatismales.jpg","width":1200,"height":1200,"caption":"RHUMATISMES ET GOUTTE 224 pages, format L11.5xH18 cm Dr Wighard Strehlow"},{"@type":"BreadcrumbList","@id":"https:\/\/www.lesjardinsdesaintehildegarde.com\/es\/libros-y-otros-productos\/libros\/consejos-practicos\/soigner-les-maladies-rhumatismales\/#breadcrumb","itemListElement":[{"@type":"ListItem","position":1,"name":"Inicio","item":"https:\/\/www.lesjardinsdesaintehildegarde.com\/es\/"},{"@type":"ListItem","position":2,"name":"Productos","item":"https:\/\/www.lesjardinsdesaintehildegarde.com\/es\/shop\/"},{"@type":"ListItem","position":3,"name":"SOIGNER LES MALADIES RHUMATISMALES"}]},{"@type":"WebSite","@id":"https:\/\/www.lesjardinsdesaintehildegarde.com\/es\/#website","url":"https:\/\/www.lesjardinsdesaintehildegarde.com\/es\/","name":"Les Jardins de Sainte-Hildegarde","description":"Viriditas","publisher":{"@id":"https:\/\/www.lesjardinsdesaintehildegarde.com\/es\/#organization"},"potentialAction":[{"@type":"SearchAction","target":{"@type":"EntryPoint","urlTemplate":"https:\/\/www.lesjardinsdesaintehildegarde.com\/es\/?s={search_term_string}"},"query-input":{"@type":"PropertyValueSpecification","valueRequired":true,"valueName":"search_term_string"}}],"inLanguage":"es"},{"@type":"Organization","@id":"https:\/\/www.lesjardinsdesaintehildegarde.com\/es\/#organization","name":"Les Jardins de Sainte-Hildegarde","url":"https:\/\/www.lesjardinsdesaintehildegarde.com\/es\/","logo":{"@type":"ImageObject","inLanguage":"es","@id":"https:\/\/www.lesjardinsdesaintehildegarde.com\/es\/#\/schema\/logo\/image\/","url":"https:\/\/www.lesjardinsdesaintehildegarde.com\/wp-content\/uploads\/2022\/11\/logo-2022.png","contentUrl":"https:\/\/www.lesjardinsdesaintehildegarde.com\/wp-content\/uploads\/2022\/11\/logo-2022.png","width":365,"height":90,"caption":"Les Jardins de Sainte-Hildegarde"},"image":{"@id":"https:\/\/www.lesjardinsdesaintehildegarde.com\/es\/#\/schema\/logo\/image\/"}}]}},"_links":{"self":[{"href":"https:\/\/www.lesjardinsdesaintehildegarde.com\/es\/wp-json\/wp\/v2\/product\/1600","targetHints":{"allow":["GET"]}}],"collection":[{"href":"https:\/\/www.lesjardinsdesaintehildegarde.com\/es\/wp-json\/wp\/v2\/product"}],"about":[{"href":"https:\/\/www.lesjardinsdesaintehildegarde.com\/es\/wp-json\/wp\/v2\/types\/product"}],"replies":[{"embeddable":true,"href":"https:\/\/www.lesjardinsdesaintehildegarde.com\/es\/wp-json\/wp\/v2\/comments?post=1600"}],"wp:featuredmedia":[{"embeddable":true,"href":"https:\/\/www.lesjardinsdesaintehildegarde.com\/es\/wp-json\/wp\/v2\/media\/75043"}],"wp:attachment":[{"href":"https:\/\/www.lesjardinsdesaintehildegarde.com\/es\/wp-json\/wp\/v2\/media?parent=1600"}],"wp:term":[{"taxonomy":"product_brand","embeddable":true,"href":"https:\/\/www.lesjardinsdesaintehildegarde.com\/es\/wp-json\/wp\/v2\/product_brand?post=1600"},{"taxonomy":"product_cat","embeddable":true,"href":"https:\/\/www.lesjardinsdesaintehildegarde.com\/es\/wp-json\/wp\/v2\/product_cat?post=1600"},{"taxonomy":"product_tag","embeddable":true,"href":"https:\/\/www.lesjardinsdesaintehildegarde.com\/es\/wp-json\/wp\/v2\/product_tag?post=1600"}],"curies":[{"name":"wp","href":"https:\/\/api.w.org\/{rel}","templated":true}]}}