{"id":1604,"date":"2022-11-04T09:08:50","date_gmt":"2022-11-04T08:08:50","guid":{"rendered":"https:\/\/www.lesjardinsdesaintehildegarde.com\/non%20class\u00e9\/hildegarde-prophete-et-docteur\/"},"modified":"2026-04-20T08:21:03","modified_gmt":"2026-04-20T06:21:03","slug":"hildegarde-prophete-et-docteur","status":"publish","type":"product","link":"https:\/\/www.lesjardinsdesaintehildegarde.com\/es\/libros-y-otros-productos\/libros\/biografias-y-espiritualidad\/hildegarde-prophete-et-docteur\/","title":{"rendered":"HILDEGARDE PROPHETE ET DOCTEUR"},"content":{"rendered":"<p><\/p>\n<p><strong>HILDEGARDE PROPH\u00c8TE ET DOCTEUR<\/strong><\/p>\n<p><\/p>\n<p>306 pages, format : L15.5 x H23.5 cm<\/p>\n<p><\/p>\n<p>P\u00e8re Pierre Dumoulin<\/p>\n<p><\/p>\n<p>\u00c9ditions des B\u00e9atitudes<\/p>\n<p><\/p>\n<p><strong>Biographies et spiritualit\u00e9<\/strong><\/p>\n<p><\/p>\n<p>Ce livre aborde le th\u00e8me peu \u00e9tudi\u00e9 en France de son apport<br \/>\nth\u00e9ologique et \u00e9claire ainsi la raison de cette proclamation papale.<\/p>\n<p><\/p>\n<p><strong>4\u00e8me de couverture :<\/strong><\/p>\n<p><\/p>\n<p>Proclam\u00e9e \u00abDocteur de l&#8217;\u00c9glise\u00bb le 7 octobre 2012, Hildegarde de<br \/>\nBingen (1098-1179) est la quatri\u00e8me femme gratifi\u00e9e de ce titre depuis<br \/>\nl&#8217;origine du Christianisme. Mondialement connue pour ses oeuvres<br \/>\nmusicales, ses enluminures, sa connaissance des plantes m\u00e9dicales et<br \/>\nparfois pour ses recettes de cuisine, cette abbesse b\u00e9n\u00e9dictine est<br \/>\navant tout une ma\u00eetresse spirituelle divinement inspir\u00e9e.<\/p>\n<p><\/p>\n<p>Hildegarde \u00e9labore une anthropologie novatrice, veut guider les \u00e2mes<br \/>\net r\u00e9g\u00e9n\u00e9rer l&#8217;esprit. Son g\u00e9nie est de proposer une conception<br \/>\nint\u00e9grale de la personne : \u00abLe corps est l&#8217;atelier de l&#8217;\u00e2me o\u00f9 l&#8217;esprit<br \/>\nvient faire ses gammes\u00bb. Ses trois livres de visions nous introduisent<br \/>\ndans une sagesse chr\u00e9tienne. Le premier indique la voie, le second donne<br \/>\nles moyens, le troisi\u00e8me d\u00e9crit le but \u00e0 atteindre : une harmonie de<br \/>\nl&#8217;univers renouvel\u00e9e gr\u00e2ce \u00e0 la transformation int\u00e9rieure de l&#8217;homme.<br \/>\nToute la richesse de l&#8217;Occident chr\u00e9tien est ici synth\u00e9tis\u00e9e.<\/p>\n<p><\/p>\n<p>C&#8217;est afin de d\u00e9couvrir la pleine modernit\u00e9 de la spiritualit\u00e9<br \/>\nd&#8217;Hildegarde et son g\u00e9nie que Pierre Dumoulin, latiniste, nous fait<br \/>\nd\u00e9couvrir de larges extraits de ses \u00e9crits qu&#8217;il a lui-m\u00eame traduits ou<br \/>\nremis au go\u00fbt du jour. Il r\u00e9v\u00e8le tout d&#8217;abord le caract\u00e8re proph\u00e9tique<br \/>\nd&#8217;une personnalit\u00e9 qui a marqu\u00e9 son si\u00e8cle et qui reste tr\u00e8s actuelle,<br \/>\npuis il pr\u00e9sente ses trois principales oeuvres o\u00f9 ont \u00e9t\u00e9 cueillis des<br \/>\nperles qui n&#8217;ont pas d&#8217;\u00e2ge.<\/p>\n","protected":false},"excerpt":{"rendered":"<p>HILDEGARDE PROPH\u00c8TE ET DOCTEUR 306 pages, format : L15.5 x H23.5 cm P\u00e8re Pierre Dumoulin \u00c9ditions des B\u00e9atitudes Biographies et spiritualit\u00e9 Ce livre aborde le th\u00e8me peu \u00e9tudi\u00e9 en France de son apport th\u00e9ologique et \u00e9claire ainsi la raison de cette proclamation papale. 4\u00e8me de couverture : Proclam\u00e9e \u00abDocteur de l&#8217;\u00c9glise\u00bb le 7 octobre 2012, [&hellip;]<\/p>\n","protected":false},"featured_media":75082,"comment_status":"open","ping_status":"closed","template":"","meta":{"_acf_changed":false,"_relevanssi_hide_post":"","_relevanssi_hide_content":"","_relevanssi_pin_for_all":"","_relevanssi_pin_keywords":"","_relevanssi_unpin_keywords":"","_relevanssi_related_keywords":"","_relevanssi_related_include_ids":"","_relevanssi_related_exclude_ids":"","_relevanssi_related_no_append":"","_relevanssi_related_not_related":"","_relevanssi_related_posts":"","_relevanssi_noindex_reason":""},"product_brand":[],"product_cat":[113,108,33],"product_tag":[],"class_list":{"0":"post-1604","1":"product","2":"type-product","3":"status-publish","4":"has-post-thumbnail","6":"product_cat-biographies-et-spiritualite","7":"product_cat-livres","8":"product_cat-livres-et-loisirs","10":"first","11":"instock","12":"taxable","13":"shipping-taxable","14":"purchasable","15":"product-type-simple"},"acf":[],"yoast_head":"<!-- This site is optimized with the Yoast SEO plugin v27.2 - https:\/\/yoast.com\/product\/yoast-seo-wordpress\/ -->\n<title>HILDEGARDE PROPHETE ET DOCTEUR - Les Jardins de Sainte-Hildegarde<\/title>\n<meta name=\"robots\" content=\"index, follow, max-snippet:-1, max-image-preview:large, max-video-preview:-1\" \/>\n<link rel=\"canonical\" href=\"https:\/\/www.lesjardinsdesaintehildegarde.com\/es\/libros-y-otros-productos\/libros\/biografias-y-espiritualidad\/hildegarde-prophete-et-docteur\/\" \/>\n<meta property=\"og:locale\" content=\"es_ES\" \/>\n<meta property=\"og:type\" content=\"article\" \/>\n<meta property=\"og:title\" content=\"HILDEGARDE PROPHETE ET DOCTEUR - Les Jardins de Sainte-Hildegarde\" \/>\n<meta property=\"og:description\" content=\"HILDEGARDE PROPH\u00c8TE ET DOCTEUR 306 pages, format : L15.5 x H23.5 cm P\u00e8re Pierre Dumoulin \u00c9ditions des B\u00e9atitudes Biographies et spiritualit\u00e9 Ce livre aborde le th\u00e8me peu \u00e9tudi\u00e9 en France de son apport th\u00e9ologique et \u00e9claire ainsi la raison de cette proclamation papale. 4\u00e8me de couverture : Proclam\u00e9e \u00abDocteur de l&#8217;\u00c9glise\u00bb le 7 octobre 2012, [&hellip;]\" \/>\n<meta property=\"og:url\" content=\"https:\/\/www.lesjardinsdesaintehildegarde.com\/es\/libros-y-otros-productos\/libros\/biografias-y-espiritualidad\/hildegarde-prophete-et-docteur\/\" \/>\n<meta property=\"og:site_name\" content=\"Les Jardins de Sainte-Hildegarde\" \/>\n<meta property=\"article:modified_time\" content=\"2026-04-20T06:21:03+00:00\" \/>\n<meta property=\"og:image\" content=\"https:\/\/www.lesjardinsdesaintehildegarde.com\/wp-content\/uploads\/2023\/10\/l0104-hdb-prophete-et-docteur.jpg\" \/>\n\t<meta property=\"og:image:width\" content=\"1200\" \/>\n\t<meta property=\"og:image:height\" content=\"1200\" \/>\n\t<meta property=\"og:image:type\" content=\"image\/jpeg\" \/>\n<meta name=\"twitter:card\" content=\"summary_large_image\" \/>\n<meta name=\"twitter:label1\" content=\"Tiempo de lectura\" \/>\n\t<meta name=\"twitter:data1\" content=\"2 minutos\" \/>\n<script type=\"application\/ld+json\" class=\"yoast-schema-graph\">{\"@context\":\"https:\/\/schema.org\",\"@graph\":[{\"@type\":\"WebPage\",\"@id\":\"https:\/\/www.lesjardinsdesaintehildegarde.com\/es\/libros-y-otros-productos\/libros\/biografias-y-espiritualidad\/hildegarde-prophete-et-docteur\/\",\"url\":\"https:\/\/www.lesjardinsdesaintehildegarde.com\/es\/libros-y-otros-productos\/libros\/biografias-y-espiritualidad\/hildegarde-prophete-et-docteur\/\",\"name\":\"HILDEGARDE PROPHETE ET DOCTEUR - Les Jardins de Sainte-Hildegarde\",\"isPartOf\":{\"@id\":\"https:\/\/www.lesjardinsdesaintehildegarde.com\/es\/#website\"},\"primaryImageOfPage\":{\"@id\":\"https:\/\/www.lesjardinsdesaintehildegarde.com\/es\/libros-y-otros-productos\/libros\/biografias-y-espiritualidad\/hildegarde-prophete-et-docteur\/#primaryimage\"},\"image\":{\"@id\":\"https:\/\/www.lesjardinsdesaintehildegarde.com\/es\/libros-y-otros-productos\/libros\/biografias-y-espiritualidad\/hildegarde-prophete-et-docteur\/#primaryimage\"},\"thumbnailUrl\":\"https:\/\/www.lesjardinsdesaintehildegarde.com\/wp-content\/uploads\/2023\/10\/l0104-hdb-prophete-et-docteur.jpg\",\"datePublished\":\"2022-11-04T08:08:50+00:00\",\"dateModified\":\"2026-04-20T06:21:03+00:00\",\"breadcrumb\":{\"@id\":\"https:\/\/www.lesjardinsdesaintehildegarde.com\/es\/libros-y-otros-productos\/libros\/biografias-y-espiritualidad\/hildegarde-prophete-et-docteur\/#breadcrumb\"},\"inLanguage\":\"es\",\"potentialAction\":[{\"@type\":\"ReadAction\",\"target\":[\"https:\/\/www.lesjardinsdesaintehildegarde.com\/es\/libros-y-otros-productos\/libros\/biografias-y-espiritualidad\/hildegarde-prophete-et-docteur\/\"]}]},{\"@type\":\"ImageObject\",\"inLanguage\":\"es\",\"@id\":\"https:\/\/www.lesjardinsdesaintehildegarde.com\/es\/libros-y-otros-productos\/libros\/biografias-y-espiritualidad\/hildegarde-prophete-et-docteur\/#primaryimage\",\"url\":\"https:\/\/www.lesjardinsdesaintehildegarde.com\/wp-content\/uploads\/2023\/10\/l0104-hdb-prophete-et-docteur.jpg\",\"contentUrl\":\"https:\/\/www.lesjardinsdesaintehildegarde.com\/wp-content\/uploads\/2023\/10\/l0104-hdb-prophete-et-docteur.jpg\",\"width\":1200,\"height\":1200,\"caption\":\"HILDEGARDE PROPH\u00c8TE ET DOCTEUR 306 pages, format : L15.5 x H23.5 cm P\u00e8re Pierre Dumoulin\"},{\"@type\":\"BreadcrumbList\",\"@id\":\"https:\/\/www.lesjardinsdesaintehildegarde.com\/es\/libros-y-otros-productos\/libros\/biografias-y-espiritualidad\/hildegarde-prophete-et-docteur\/#breadcrumb\",\"itemListElement\":[{\"@type\":\"ListItem\",\"position\":1,\"name\":\"Inicio\",\"item\":\"https:\/\/www.lesjardinsdesaintehildegarde.com\/es\/\"},{\"@type\":\"ListItem\",\"position\":2,\"name\":\"Productos\",\"item\":\"https:\/\/www.lesjardinsdesaintehildegarde.com\/es\/shop\/\"},{\"@type\":\"ListItem\",\"position\":3,\"name\":\"HILDEGARDE PROPHETE ET DOCTEUR\"}]},{\"@type\":\"WebSite\",\"@id\":\"https:\/\/www.lesjardinsdesaintehildegarde.com\/es\/#website\",\"url\":\"https:\/\/www.lesjardinsdesaintehildegarde.com\/es\/\",\"name\":\"Les Jardins de Sainte-Hildegarde\",\"description\":\"Viriditas\",\"publisher\":{\"@id\":\"https:\/\/www.lesjardinsdesaintehildegarde.com\/es\/#organization\"},\"potentialAction\":[{\"@type\":\"SearchAction\",\"target\":{\"@type\":\"EntryPoint\",\"urlTemplate\":\"https:\/\/www.lesjardinsdesaintehildegarde.com\/es\/?s={search_term_string}\"},\"query-input\":{\"@type\":\"PropertyValueSpecification\",\"valueRequired\":true,\"valueName\":\"search_term_string\"}}],\"inLanguage\":\"es\"},{\"@type\":\"Organization\",\"@id\":\"https:\/\/www.lesjardinsdesaintehildegarde.com\/es\/#organization\",\"name\":\"Les Jardins de Sainte-Hildegarde\",\"url\":\"https:\/\/www.lesjardinsdesaintehildegarde.com\/es\/\",\"logo\":{\"@type\":\"ImageObject\",\"inLanguage\":\"es\",\"@id\":\"https:\/\/www.lesjardinsdesaintehildegarde.com\/es\/#\/schema\/logo\/image\/\",\"url\":\"https:\/\/www.lesjardinsdesaintehildegarde.com\/wp-content\/uploads\/2022\/11\/logo-2022.png\",\"contentUrl\":\"https:\/\/www.lesjardinsdesaintehildegarde.com\/wp-content\/uploads\/2022\/11\/logo-2022.png\",\"width\":365,\"height\":90,\"caption\":\"Les Jardins de Sainte-Hildegarde\"},\"image\":{\"@id\":\"https:\/\/www.lesjardinsdesaintehildegarde.com\/es\/#\/schema\/logo\/image\/\"}}]}<\/script>\n<!-- \/ Yoast SEO plugin. -->","yoast_head_json":{"title":"HILDEGARDE PROPHETE ET DOCTEUR - Les Jardins de Sainte-Hildegarde","robots":{"index":"index","follow":"follow","max-snippet":"max-snippet:-1","max-image-preview":"max-image-preview:large","max-video-preview":"max-video-preview:-1"},"canonical":"https:\/\/www.lesjardinsdesaintehildegarde.com\/es\/libros-y-otros-productos\/libros\/biografias-y-espiritualidad\/hildegarde-prophete-et-docteur\/","og_locale":"es_ES","og_type":"article","og_title":"HILDEGARDE PROPHETE ET DOCTEUR - Les Jardins de Sainte-Hildegarde","og_description":"HILDEGARDE PROPH\u00c8TE ET DOCTEUR 306 pages, format : L15.5 x H23.5 cm P\u00e8re Pierre Dumoulin \u00c9ditions des B\u00e9atitudes Biographies et spiritualit\u00e9 Ce livre aborde le th\u00e8me peu \u00e9tudi\u00e9 en France de son apport th\u00e9ologique et \u00e9claire ainsi la raison de cette proclamation papale. 4\u00e8me de couverture : Proclam\u00e9e \u00abDocteur de l&#8217;\u00c9glise\u00bb le 7 octobre 2012, [&hellip;]","og_url":"https:\/\/www.lesjardinsdesaintehildegarde.com\/es\/libros-y-otros-productos\/libros\/biografias-y-espiritualidad\/hildegarde-prophete-et-docteur\/","og_site_name":"Les Jardins de Sainte-Hildegarde","article_modified_time":"2026-04-20T06:21:03+00:00","og_image":[{"width":1200,"height":1200,"url":"https:\/\/www.lesjardinsdesaintehildegarde.com\/wp-content\/uploads\/2023\/10\/l0104-hdb-prophete-et-docteur.jpg","type":"image\/jpeg"}],"twitter_card":"summary_large_image","twitter_misc":{"Tiempo de lectura":"2 minutos"},"schema":{"@context":"https:\/\/schema.org","@graph":[{"@type":"WebPage","@id":"https:\/\/www.lesjardinsdesaintehildegarde.com\/es\/libros-y-otros-productos\/libros\/biografias-y-espiritualidad\/hildegarde-prophete-et-docteur\/","url":"https:\/\/www.lesjardinsdesaintehildegarde.com\/es\/libros-y-otros-productos\/libros\/biografias-y-espiritualidad\/hildegarde-prophete-et-docteur\/","name":"HILDEGARDE PROPHETE ET DOCTEUR - Les Jardins de Sainte-Hildegarde","isPartOf":{"@id":"https:\/\/www.lesjardinsdesaintehildegarde.com\/es\/#website"},"primaryImageOfPage":{"@id":"https:\/\/www.lesjardinsdesaintehildegarde.com\/es\/libros-y-otros-productos\/libros\/biografias-y-espiritualidad\/hildegarde-prophete-et-docteur\/#primaryimage"},"image":{"@id":"https:\/\/www.lesjardinsdesaintehildegarde.com\/es\/libros-y-otros-productos\/libros\/biografias-y-espiritualidad\/hildegarde-prophete-et-docteur\/#primaryimage"},"thumbnailUrl":"https:\/\/www.lesjardinsdesaintehildegarde.com\/wp-content\/uploads\/2023\/10\/l0104-hdb-prophete-et-docteur.jpg","datePublished":"2022-11-04T08:08:50+00:00","dateModified":"2026-04-20T06:21:03+00:00","breadcrumb":{"@id":"https:\/\/www.lesjardinsdesaintehildegarde.com\/es\/libros-y-otros-productos\/libros\/biografias-y-espiritualidad\/hildegarde-prophete-et-docteur\/#breadcrumb"},"inLanguage":"es","potentialAction":[{"@type":"ReadAction","target":["https:\/\/www.lesjardinsdesaintehildegarde.com\/es\/libros-y-otros-productos\/libros\/biografias-y-espiritualidad\/hildegarde-prophete-et-docteur\/"]}]},{"@type":"ImageObject","inLanguage":"es","@id":"https:\/\/www.lesjardinsdesaintehildegarde.com\/es\/libros-y-otros-productos\/libros\/biografias-y-espiritualidad\/hildegarde-prophete-et-docteur\/#primaryimage","url":"https:\/\/www.lesjardinsdesaintehildegarde.com\/wp-content\/uploads\/2023\/10\/l0104-hdb-prophete-et-docteur.jpg","contentUrl":"https:\/\/www.lesjardinsdesaintehildegarde.com\/wp-content\/uploads\/2023\/10\/l0104-hdb-prophete-et-docteur.jpg","width":1200,"height":1200,"caption":"HILDEGARDE PROPH\u00c8TE ET DOCTEUR 306 pages, format : L15.5 x H23.5 cm P\u00e8re Pierre Dumoulin"},{"@type":"BreadcrumbList","@id":"https:\/\/www.lesjardinsdesaintehildegarde.com\/es\/libros-y-otros-productos\/libros\/biografias-y-espiritualidad\/hildegarde-prophete-et-docteur\/#breadcrumb","itemListElement":[{"@type":"ListItem","position":1,"name":"Inicio","item":"https:\/\/www.lesjardinsdesaintehildegarde.com\/es\/"},{"@type":"ListItem","position":2,"name":"Productos","item":"https:\/\/www.lesjardinsdesaintehildegarde.com\/es\/shop\/"},{"@type":"ListItem","position":3,"name":"HILDEGARDE PROPHETE ET DOCTEUR"}]},{"@type":"WebSite","@id":"https:\/\/www.lesjardinsdesaintehildegarde.com\/es\/#website","url":"https:\/\/www.lesjardinsdesaintehildegarde.com\/es\/","name":"Les Jardins de Sainte-Hildegarde","description":"Viriditas","publisher":{"@id":"https:\/\/www.lesjardinsdesaintehildegarde.com\/es\/#organization"},"potentialAction":[{"@type":"SearchAction","target":{"@type":"EntryPoint","urlTemplate":"https:\/\/www.lesjardinsdesaintehildegarde.com\/es\/?s={search_term_string}"},"query-input":{"@type":"PropertyValueSpecification","valueRequired":true,"valueName":"search_term_string"}}],"inLanguage":"es"},{"@type":"Organization","@id":"https:\/\/www.lesjardinsdesaintehildegarde.com\/es\/#organization","name":"Les Jardins de Sainte-Hildegarde","url":"https:\/\/www.lesjardinsdesaintehildegarde.com\/es\/","logo":{"@type":"ImageObject","inLanguage":"es","@id":"https:\/\/www.lesjardinsdesaintehildegarde.com\/es\/#\/schema\/logo\/image\/","url":"https:\/\/www.lesjardinsdesaintehildegarde.com\/wp-content\/uploads\/2022\/11\/logo-2022.png","contentUrl":"https:\/\/www.lesjardinsdesaintehildegarde.com\/wp-content\/uploads\/2022\/11\/logo-2022.png","width":365,"height":90,"caption":"Les Jardins de Sainte-Hildegarde"},"image":{"@id":"https:\/\/www.lesjardinsdesaintehildegarde.com\/es\/#\/schema\/logo\/image\/"}}]}},"_links":{"self":[{"href":"https:\/\/www.lesjardinsdesaintehildegarde.com\/es\/wp-json\/wp\/v2\/product\/1604","targetHints":{"allow":["GET"]}}],"collection":[{"href":"https:\/\/www.lesjardinsdesaintehildegarde.com\/es\/wp-json\/wp\/v2\/product"}],"about":[{"href":"https:\/\/www.lesjardinsdesaintehildegarde.com\/es\/wp-json\/wp\/v2\/types\/product"}],"replies":[{"embeddable":true,"href":"https:\/\/www.lesjardinsdesaintehildegarde.com\/es\/wp-json\/wp\/v2\/comments?post=1604"}],"wp:featuredmedia":[{"embeddable":true,"href":"https:\/\/www.lesjardinsdesaintehildegarde.com\/es\/wp-json\/wp\/v2\/media\/75082"}],"wp:attachment":[{"href":"https:\/\/www.lesjardinsdesaintehildegarde.com\/es\/wp-json\/wp\/v2\/media?parent=1604"}],"wp:term":[{"taxonomy":"product_brand","embeddable":true,"href":"https:\/\/www.lesjardinsdesaintehildegarde.com\/es\/wp-json\/wp\/v2\/product_brand?post=1604"},{"taxonomy":"product_cat","embeddable":true,"href":"https:\/\/www.lesjardinsdesaintehildegarde.com\/es\/wp-json\/wp\/v2\/product_cat?post=1604"},{"taxonomy":"product_tag","embeddable":true,"href":"https:\/\/www.lesjardinsdesaintehildegarde.com\/es\/wp-json\/wp\/v2\/product_tag?post=1604"}],"curies":[{"name":"wp","href":"https:\/\/api.w.org\/{rel}","templated":true}]}}