{"id":1608,"date":"2022-11-04T09:08:50","date_gmt":"2022-11-04T08:08:50","guid":{"rendered":"https:\/\/www.lesjardinsdesaintehildegarde.com\/non%20class\u00e9\/le-bien-etre-des-seniors-dr-w-strehlow\/"},"modified":"2026-04-17T09:12:03","modified_gmt":"2026-04-17T07:12:03","slug":"le-bien-etre-des-seniors-dr-w-strehlow","status":"publish","type":"product","link":"https:\/\/www.lesjardinsdesaintehildegarde.com\/es\/libros-y-otros-productos\/libros\/consejos-practicos\/le-bien-etre-des-seniors-dr-w-strehlow\/","title":{"rendered":"LE BIEN ETRE DES SENIORS &#8211; DR W STREHLOW"},"content":{"rendered":"<p><\/p>\n<p><strong>LE BIEN \u00caTRE DES SENIORS <\/strong><\/p>\n<p><\/p>\n<p>64 pages, format L12.5xH17 cm<\/p>\n<p><\/p>\n<p>Dr Wighard Strehlow<strong> <\/strong><\/p>\n<p><\/p>\n<p>\u00c9dition R\u00e9siac<\/p>\n<p><\/p>\n<p><strong>Les conseils de Sainte Hildegarde en<br \/>\npratique<\/strong><\/p>\n<p><\/p>\n<p>Ce livre d\u00e9crit de fa\u00e7on simple et pratique l&#8217;art de vivre pr\u00e9conis\u00e9<br \/>\npar Sainte Hildegarde en vue de notre bien-\u00eatre sur tous les plans, afin<br \/>\nde go\u00fbter au mieux cet \u00e2ge de la retraite,<\/p>\n<p><\/p>\n<p><strong>4\u00e9me de couverture :<\/strong><\/p>\n<p><\/p>\n<p>Si la science actuelle se pr\u00e9occupe de la sant\u00e9 de la population et<br \/>\nde sa long\u00e9vit\u00e9, l&#8217;OMS tire la sonnette d&#8217;alarme par les \u00e9tudes et<br \/>\nstatistiques qu&#8217;elle publie sur les maladies dites \u00abde civilisation\u00bb qui<br \/>\nconcernent principalement les pays riches, o\u00f9 l&#8217;on a enfin pris<br \/>\nconscience de l&#8217;importance de l&#8217;alimentation pour la sant\u00e9.<\/p>\n<p><\/p>\n<p>Ce vieil adage d&#8217;Hippocrate \u00abQue ta nourriture soit ton m\u00e9dicament et<br \/>\nton m\u00e9dicament ta nourriture\u00bb est redevenu d&#8217;actualit\u00e9, comme le prouve<br \/>\nla profusion d&#8217;articles d&#8217;ouvrages consacr\u00e9s \u00e0 une alimentation<br \/>\nbiologique saine.<\/p>\n<p><\/p>\n<p>La m\u00e9decine holistique qui vise \u00e0 soigner le malade, non seulement<br \/>\ndans son corps, mais aussi dans son \u00e2me et son esprit, n&#8217;est pas une<br \/>\ninvention de l&#8217;esprit moderne. Sainte Hildegarde de Bingen (1098-1179)<br \/>\nen est l&#8217;une des plus c\u00e9l\u00e8bres repr\u00e9sentantes, avec cette diff\u00e9rence<br \/>\ntoutefois, que sa connaissance lui vient de r\u00e9v\u00e9lations d&#8217;ordre divin,<br \/>\nconfirm\u00e9es par le pape Eug\u00e8ne III.<\/p>\n<p><\/p>\n<p>Son message a travers\u00e9 les si\u00e8cles et sa mise en pratique a confirm\u00e9<br \/>\nson efficacit\u00e9, attest\u00e9e par de nombreux t\u00e9moignages re\u00e7us, en<br \/>\nparticulier, par le Dr Wighard Strehlow.<\/p>\n<p><\/p>\n<p>Ce livre d\u00e9crit de fa\u00e7on simple et pratique l&#8217;art de vivre pr\u00e9conis\u00e9<br \/>\npar la Sainte en vue de notre bien-\u00eatre sur tous les plans, afin de<br \/>\ngo\u00fbter au mieux cet \u00e2ge de la retraite, en pr\u00e9servant notre \u00abviridit\u00e9\u00bb,<br \/>\nla verdeur de nos facult\u00e9s tant au niveau physique que psychique et<br \/>\nspirituel : un enseignement empreint de sagesse et porteur d&#8217;esp\u00e9rance<br \/>\n!<\/p>\n","protected":false},"excerpt":{"rendered":"<p>LE BIEN \u00caTRE DES SENIORS 64 pages, format L12.5xH17 cm Dr Wighard Strehlow \u00c9dition R\u00e9siac Les conseils de Sainte Hildegarde en pratique Ce livre d\u00e9crit de fa\u00e7on simple et pratique l&#8217;art de vivre pr\u00e9conis\u00e9 par Sainte Hildegarde en vue de notre bien-\u00eatre sur tous les plans, afin de go\u00fbter au mieux cet \u00e2ge de la [&hellip;]<\/p>\n","protected":false},"featured_media":75031,"comment_status":"open","ping_status":"closed","template":"","meta":{"_acf_changed":false,"_relevanssi_hide_post":"","_relevanssi_hide_content":"","_relevanssi_pin_for_all":"","_relevanssi_pin_keywords":"","_relevanssi_unpin_keywords":"","_relevanssi_related_keywords":"","_relevanssi_related_include_ids":"","_relevanssi_related_exclude_ids":"","_relevanssi_related_no_append":"","_relevanssi_related_not_related":"","_relevanssi_related_posts":"","_relevanssi_noindex_reason":""},"product_brand":[],"product_cat":[111,108,33],"product_tag":[],"class_list":{"0":"post-1608","1":"product","2":"type-product","3":"status-publish","4":"has-post-thumbnail","6":"product_cat-conseils-pratiques","7":"product_cat-livres","8":"product_cat-livres-et-loisirs","10":"first","11":"instock","12":"taxable","13":"shipping-taxable","14":"purchasable","15":"product-type-simple"},"acf":[],"yoast_head":"<!-- This site is optimized with the Yoast SEO plugin v27.2 - https:\/\/yoast.com\/product\/yoast-seo-wordpress\/ -->\n<title>LE BIEN ETRE DES SENIORS - DR W STREHLOW - Les Jardins de Sainte-Hildegarde<\/title>\n<meta name=\"robots\" content=\"index, follow, max-snippet:-1, max-image-preview:large, max-video-preview:-1\" \/>\n<link rel=\"canonical\" href=\"https:\/\/www.lesjardinsdesaintehildegarde.com\/es\/libros-y-otros-productos\/libros\/consejos-practicos\/le-bien-etre-des-seniors-dr-w-strehlow\/\" \/>\n<meta property=\"og:locale\" content=\"es_ES\" \/>\n<meta property=\"og:type\" content=\"article\" \/>\n<meta property=\"og:title\" content=\"LE BIEN ETRE DES SENIORS - DR W STREHLOW - Les Jardins de Sainte-Hildegarde\" \/>\n<meta property=\"og:description\" content=\"LE BIEN \u00caTRE DES SENIORS 64 pages, format L12.5xH17 cm Dr Wighard Strehlow \u00c9dition R\u00e9siac Les conseils de Sainte Hildegarde en pratique Ce livre d\u00e9crit de fa\u00e7on simple et pratique l&#8217;art de vivre pr\u00e9conis\u00e9 par Sainte Hildegarde en vue de notre bien-\u00eatre sur tous les plans, afin de go\u00fbter au mieux cet \u00e2ge de la [&hellip;]\" \/>\n<meta property=\"og:url\" content=\"https:\/\/www.lesjardinsdesaintehildegarde.com\/es\/libros-y-otros-productos\/libros\/consejos-practicos\/le-bien-etre-des-seniors-dr-w-strehlow\/\" \/>\n<meta property=\"og:site_name\" content=\"Les Jardins de Sainte-Hildegarde\" \/>\n<meta property=\"article:modified_time\" content=\"2026-04-17T07:12:03+00:00\" \/>\n<meta property=\"og:image\" content=\"https:\/\/www.lesjardinsdesaintehildegarde.com\/wp-content\/uploads\/2023\/10\/l0110-le-bien-etre-des-seniors.jpg\" \/>\n\t<meta property=\"og:image:width\" content=\"1200\" \/>\n\t<meta property=\"og:image:height\" content=\"1200\" \/>\n\t<meta property=\"og:image:type\" content=\"image\/jpeg\" \/>\n<meta name=\"twitter:card\" content=\"summary_large_image\" \/>\n<meta name=\"twitter:label1\" content=\"Tiempo de lectura\" \/>\n\t<meta name=\"twitter:data1\" content=\"2 minutos\" \/>\n<script type=\"application\/ld+json\" class=\"yoast-schema-graph\">{\"@context\":\"https:\/\/schema.org\",\"@graph\":[{\"@type\":\"WebPage\",\"@id\":\"https:\/\/www.lesjardinsdesaintehildegarde.com\/es\/libros-y-otros-productos\/libros\/consejos-practicos\/le-bien-etre-des-seniors-dr-w-strehlow\/\",\"url\":\"https:\/\/www.lesjardinsdesaintehildegarde.com\/es\/libros-y-otros-productos\/libros\/consejos-practicos\/le-bien-etre-des-seniors-dr-w-strehlow\/\",\"name\":\"LE BIEN ETRE DES SENIORS - DR W STREHLOW - Les Jardins de Sainte-Hildegarde\",\"isPartOf\":{\"@id\":\"https:\/\/www.lesjardinsdesaintehildegarde.com\/es\/#website\"},\"primaryImageOfPage\":{\"@id\":\"https:\/\/www.lesjardinsdesaintehildegarde.com\/es\/libros-y-otros-productos\/libros\/consejos-practicos\/le-bien-etre-des-seniors-dr-w-strehlow\/#primaryimage\"},\"image\":{\"@id\":\"https:\/\/www.lesjardinsdesaintehildegarde.com\/es\/libros-y-otros-productos\/libros\/consejos-practicos\/le-bien-etre-des-seniors-dr-w-strehlow\/#primaryimage\"},\"thumbnailUrl\":\"https:\/\/www.lesjardinsdesaintehildegarde.com\/wp-content\/uploads\/2023\/10\/l0110-le-bien-etre-des-seniors.jpg\",\"datePublished\":\"2022-11-04T08:08:50+00:00\",\"dateModified\":\"2026-04-17T07:12:03+00:00\",\"breadcrumb\":{\"@id\":\"https:\/\/www.lesjardinsdesaintehildegarde.com\/es\/libros-y-otros-productos\/libros\/consejos-practicos\/le-bien-etre-des-seniors-dr-w-strehlow\/#breadcrumb\"},\"inLanguage\":\"es\",\"potentialAction\":[{\"@type\":\"ReadAction\",\"target\":[\"https:\/\/www.lesjardinsdesaintehildegarde.com\/es\/libros-y-otros-productos\/libros\/consejos-practicos\/le-bien-etre-des-seniors-dr-w-strehlow\/\"]}]},{\"@type\":\"ImageObject\",\"inLanguage\":\"es\",\"@id\":\"https:\/\/www.lesjardinsdesaintehildegarde.com\/es\/libros-y-otros-productos\/libros\/consejos-practicos\/le-bien-etre-des-seniors-dr-w-strehlow\/#primaryimage\",\"url\":\"https:\/\/www.lesjardinsdesaintehildegarde.com\/wp-content\/uploads\/2023\/10\/l0110-le-bien-etre-des-seniors.jpg\",\"contentUrl\":\"https:\/\/www.lesjardinsdesaintehildegarde.com\/wp-content\/uploads\/2023\/10\/l0110-le-bien-etre-des-seniors.jpg\",\"width\":1200,\"height\":1200,\"caption\":\"LE BIEN \u00caTRE DES SENIORS 64 pages, format L12.5xH17 cm Dr Wighard Strehlow\"},{\"@type\":\"BreadcrumbList\",\"@id\":\"https:\/\/www.lesjardinsdesaintehildegarde.com\/es\/libros-y-otros-productos\/libros\/consejos-practicos\/le-bien-etre-des-seniors-dr-w-strehlow\/#breadcrumb\",\"itemListElement\":[{\"@type\":\"ListItem\",\"position\":1,\"name\":\"Inicio\",\"item\":\"https:\/\/www.lesjardinsdesaintehildegarde.com\/es\/\"},{\"@type\":\"ListItem\",\"position\":2,\"name\":\"Productos\",\"item\":\"https:\/\/www.lesjardinsdesaintehildegarde.com\/es\/shop\/\"},{\"@type\":\"ListItem\",\"position\":3,\"name\":\"LE BIEN ETRE DES SENIORS &#8211; DR W STREHLOW\"}]},{\"@type\":\"WebSite\",\"@id\":\"https:\/\/www.lesjardinsdesaintehildegarde.com\/es\/#website\",\"url\":\"https:\/\/www.lesjardinsdesaintehildegarde.com\/es\/\",\"name\":\"Les Jardins de Sainte-Hildegarde\",\"description\":\"Viriditas\",\"publisher\":{\"@id\":\"https:\/\/www.lesjardinsdesaintehildegarde.com\/es\/#organization\"},\"potentialAction\":[{\"@type\":\"SearchAction\",\"target\":{\"@type\":\"EntryPoint\",\"urlTemplate\":\"https:\/\/www.lesjardinsdesaintehildegarde.com\/es\/?s={search_term_string}\"},\"query-input\":{\"@type\":\"PropertyValueSpecification\",\"valueRequired\":true,\"valueName\":\"search_term_string\"}}],\"inLanguage\":\"es\"},{\"@type\":\"Organization\",\"@id\":\"https:\/\/www.lesjardinsdesaintehildegarde.com\/es\/#organization\",\"name\":\"Les Jardins de Sainte-Hildegarde\",\"url\":\"https:\/\/www.lesjardinsdesaintehildegarde.com\/es\/\",\"logo\":{\"@type\":\"ImageObject\",\"inLanguage\":\"es\",\"@id\":\"https:\/\/www.lesjardinsdesaintehildegarde.com\/es\/#\/schema\/logo\/image\/\",\"url\":\"https:\/\/www.lesjardinsdesaintehildegarde.com\/wp-content\/uploads\/2022\/11\/logo-2022.png\",\"contentUrl\":\"https:\/\/www.lesjardinsdesaintehildegarde.com\/wp-content\/uploads\/2022\/11\/logo-2022.png\",\"width\":365,\"height\":90,\"caption\":\"Les Jardins de Sainte-Hildegarde\"},\"image\":{\"@id\":\"https:\/\/www.lesjardinsdesaintehildegarde.com\/es\/#\/schema\/logo\/image\/\"}}]}<\/script>\n<!-- \/ Yoast SEO plugin. -->","yoast_head_json":{"title":"LE BIEN ETRE DES SENIORS - DR W STREHLOW - Les Jardins de Sainte-Hildegarde","robots":{"index":"index","follow":"follow","max-snippet":"max-snippet:-1","max-image-preview":"max-image-preview:large","max-video-preview":"max-video-preview:-1"},"canonical":"https:\/\/www.lesjardinsdesaintehildegarde.com\/es\/libros-y-otros-productos\/libros\/consejos-practicos\/le-bien-etre-des-seniors-dr-w-strehlow\/","og_locale":"es_ES","og_type":"article","og_title":"LE BIEN ETRE DES SENIORS - DR W STREHLOW - Les Jardins de Sainte-Hildegarde","og_description":"LE BIEN \u00caTRE DES SENIORS 64 pages, format L12.5xH17 cm Dr Wighard Strehlow \u00c9dition R\u00e9siac Les conseils de Sainte Hildegarde en pratique Ce livre d\u00e9crit de fa\u00e7on simple et pratique l&#8217;art de vivre pr\u00e9conis\u00e9 par Sainte Hildegarde en vue de notre bien-\u00eatre sur tous les plans, afin de go\u00fbter au mieux cet \u00e2ge de la [&hellip;]","og_url":"https:\/\/www.lesjardinsdesaintehildegarde.com\/es\/libros-y-otros-productos\/libros\/consejos-practicos\/le-bien-etre-des-seniors-dr-w-strehlow\/","og_site_name":"Les Jardins de Sainte-Hildegarde","article_modified_time":"2026-04-17T07:12:03+00:00","og_image":[{"width":1200,"height":1200,"url":"https:\/\/www.lesjardinsdesaintehildegarde.com\/wp-content\/uploads\/2023\/10\/l0110-le-bien-etre-des-seniors.jpg","type":"image\/jpeg"}],"twitter_card":"summary_large_image","twitter_misc":{"Tiempo de lectura":"2 minutos"},"schema":{"@context":"https:\/\/schema.org","@graph":[{"@type":"WebPage","@id":"https:\/\/www.lesjardinsdesaintehildegarde.com\/es\/libros-y-otros-productos\/libros\/consejos-practicos\/le-bien-etre-des-seniors-dr-w-strehlow\/","url":"https:\/\/www.lesjardinsdesaintehildegarde.com\/es\/libros-y-otros-productos\/libros\/consejos-practicos\/le-bien-etre-des-seniors-dr-w-strehlow\/","name":"LE BIEN ETRE DES SENIORS - DR W STREHLOW - Les Jardins de Sainte-Hildegarde","isPartOf":{"@id":"https:\/\/www.lesjardinsdesaintehildegarde.com\/es\/#website"},"primaryImageOfPage":{"@id":"https:\/\/www.lesjardinsdesaintehildegarde.com\/es\/libros-y-otros-productos\/libros\/consejos-practicos\/le-bien-etre-des-seniors-dr-w-strehlow\/#primaryimage"},"image":{"@id":"https:\/\/www.lesjardinsdesaintehildegarde.com\/es\/libros-y-otros-productos\/libros\/consejos-practicos\/le-bien-etre-des-seniors-dr-w-strehlow\/#primaryimage"},"thumbnailUrl":"https:\/\/www.lesjardinsdesaintehildegarde.com\/wp-content\/uploads\/2023\/10\/l0110-le-bien-etre-des-seniors.jpg","datePublished":"2022-11-04T08:08:50+00:00","dateModified":"2026-04-17T07:12:03+00:00","breadcrumb":{"@id":"https:\/\/www.lesjardinsdesaintehildegarde.com\/es\/libros-y-otros-productos\/libros\/consejos-practicos\/le-bien-etre-des-seniors-dr-w-strehlow\/#breadcrumb"},"inLanguage":"es","potentialAction":[{"@type":"ReadAction","target":["https:\/\/www.lesjardinsdesaintehildegarde.com\/es\/libros-y-otros-productos\/libros\/consejos-practicos\/le-bien-etre-des-seniors-dr-w-strehlow\/"]}]},{"@type":"ImageObject","inLanguage":"es","@id":"https:\/\/www.lesjardinsdesaintehildegarde.com\/es\/libros-y-otros-productos\/libros\/consejos-practicos\/le-bien-etre-des-seniors-dr-w-strehlow\/#primaryimage","url":"https:\/\/www.lesjardinsdesaintehildegarde.com\/wp-content\/uploads\/2023\/10\/l0110-le-bien-etre-des-seniors.jpg","contentUrl":"https:\/\/www.lesjardinsdesaintehildegarde.com\/wp-content\/uploads\/2023\/10\/l0110-le-bien-etre-des-seniors.jpg","width":1200,"height":1200,"caption":"LE BIEN \u00caTRE DES SENIORS 64 pages, format L12.5xH17 cm Dr Wighard Strehlow"},{"@type":"BreadcrumbList","@id":"https:\/\/www.lesjardinsdesaintehildegarde.com\/es\/libros-y-otros-productos\/libros\/consejos-practicos\/le-bien-etre-des-seniors-dr-w-strehlow\/#breadcrumb","itemListElement":[{"@type":"ListItem","position":1,"name":"Inicio","item":"https:\/\/www.lesjardinsdesaintehildegarde.com\/es\/"},{"@type":"ListItem","position":2,"name":"Productos","item":"https:\/\/www.lesjardinsdesaintehildegarde.com\/es\/shop\/"},{"@type":"ListItem","position":3,"name":"LE BIEN ETRE DES SENIORS &#8211; DR W STREHLOW"}]},{"@type":"WebSite","@id":"https:\/\/www.lesjardinsdesaintehildegarde.com\/es\/#website","url":"https:\/\/www.lesjardinsdesaintehildegarde.com\/es\/","name":"Les Jardins de Sainte-Hildegarde","description":"Viriditas","publisher":{"@id":"https:\/\/www.lesjardinsdesaintehildegarde.com\/es\/#organization"},"potentialAction":[{"@type":"SearchAction","target":{"@type":"EntryPoint","urlTemplate":"https:\/\/www.lesjardinsdesaintehildegarde.com\/es\/?s={search_term_string}"},"query-input":{"@type":"PropertyValueSpecification","valueRequired":true,"valueName":"search_term_string"}}],"inLanguage":"es"},{"@type":"Organization","@id":"https:\/\/www.lesjardinsdesaintehildegarde.com\/es\/#organization","name":"Les Jardins de Sainte-Hildegarde","url":"https:\/\/www.lesjardinsdesaintehildegarde.com\/es\/","logo":{"@type":"ImageObject","inLanguage":"es","@id":"https:\/\/www.lesjardinsdesaintehildegarde.com\/es\/#\/schema\/logo\/image\/","url":"https:\/\/www.lesjardinsdesaintehildegarde.com\/wp-content\/uploads\/2022\/11\/logo-2022.png","contentUrl":"https:\/\/www.lesjardinsdesaintehildegarde.com\/wp-content\/uploads\/2022\/11\/logo-2022.png","width":365,"height":90,"caption":"Les Jardins de Sainte-Hildegarde"},"image":{"@id":"https:\/\/www.lesjardinsdesaintehildegarde.com\/es\/#\/schema\/logo\/image\/"}}]}},"_links":{"self":[{"href":"https:\/\/www.lesjardinsdesaintehildegarde.com\/es\/wp-json\/wp\/v2\/product\/1608","targetHints":{"allow":["GET"]}}],"collection":[{"href":"https:\/\/www.lesjardinsdesaintehildegarde.com\/es\/wp-json\/wp\/v2\/product"}],"about":[{"href":"https:\/\/www.lesjardinsdesaintehildegarde.com\/es\/wp-json\/wp\/v2\/types\/product"}],"replies":[{"embeddable":true,"href":"https:\/\/www.lesjardinsdesaintehildegarde.com\/es\/wp-json\/wp\/v2\/comments?post=1608"}],"wp:featuredmedia":[{"embeddable":true,"href":"https:\/\/www.lesjardinsdesaintehildegarde.com\/es\/wp-json\/wp\/v2\/media\/75031"}],"wp:attachment":[{"href":"https:\/\/www.lesjardinsdesaintehildegarde.com\/es\/wp-json\/wp\/v2\/media?parent=1608"}],"wp:term":[{"taxonomy":"product_brand","embeddable":true,"href":"https:\/\/www.lesjardinsdesaintehildegarde.com\/es\/wp-json\/wp\/v2\/product_brand?post=1608"},{"taxonomy":"product_cat","embeddable":true,"href":"https:\/\/www.lesjardinsdesaintehildegarde.com\/es\/wp-json\/wp\/v2\/product_cat?post=1608"},{"taxonomy":"product_tag","embeddable":true,"href":"https:\/\/www.lesjardinsdesaintehildegarde.com\/es\/wp-json\/wp\/v2\/product_tag?post=1608"}],"curies":[{"name":"wp","href":"https:\/\/api.w.org\/{rel}","templated":true}]}}