{"id":1609,"date":"2022-11-04T09:08:50","date_gmt":"2022-11-04T08:08:50","guid":{"rendered":"https:\/\/www.lesjardinsdesaintehildegarde.com\/non%20class\u00e9\/les-merites-de-la-vie-ed-beatitudes\/"},"modified":"2026-05-12T13:46:02","modified_gmt":"2026-05-12T11:46:02","slug":"les-merites-de-la-vie-ed-beatitudes","status":"publish","type":"product","link":"https:\/\/www.lesjardinsdesaintehildegarde.com\/es\/libros-y-otros-productos\/libros\/escritos-de-santa-hildegarda\/les-merites-de-la-vie-ed-beatitudes\/","title":{"rendered":"LES MERITES DE LA VIE &#8211; ED BEATITUDES"},"content":{"rendered":"<p><\/p>\n<p><strong>LES M\u00c9RITES DE LA VIE<\/strong><\/p>\n<p><\/p>\n<p>367 pages, format L15.5 x H23.5 cm<\/p>\n<p><\/p>\n<p>\u00c9dition B\u00e9atitudes<\/p>\n<p><\/p>\n<p><strong>Les \u00e9crit de Sainte<br \/>\nHildegarde<\/strong><\/p>\n<p><\/p>\n<p>Principes de psychologie chr\u00e9tienne.<\/p>\n<p><\/p>\n<p>4\u00e8me de couverture :<\/p>\n<p><\/p>\n<p>Ce livre est une v\u00e9ritable cure de jouvence spirituelle pour d\u00e9pister<br \/>\nles vices qui nous habitent et faire jaillir la force,<\/p>\n<p><\/p>\n<p>Hildegarde montre la mani\u00e8re dont l&#8217;homme peut coop\u00e9rer \u00e0 l&#8217;\u0153vre de<br \/>\nl&#8217;Esprit pour restaurer une vie saine et heureuse.<\/p>\n<p><\/p>\n<p>La liste des trente-cinq vices et vertus qu&#8217;elle d\u00e9veloppe est sans<br \/>\ndoute la plus compl\u00e8te qui ait jamais \u00e9t\u00e9 enseign\u00e9e.<\/p>\n<p><\/p>\n<p>Elle constitue un v\u00e9ritable trait\u00e9 sur le combat spirituel, une \u00e9cole<br \/>\nd&#8217;harmonie int\u00e9rieure, un s\u00fbr chemin pour faire de sa vie un chant de<br \/>\nlouange.<\/p>\n","protected":false},"excerpt":{"rendered":"<p>LES M\u00c9RITES DE LA VIE 367 pages, format L15.5 x H23.5 cm \u00c9dition B\u00e9atitudes Les \u00e9crit de Sainte Hildegarde Principes de psychologie chr\u00e9tienne. 4\u00e8me de couverture : Ce livre est une v\u00e9ritable cure de jouvence spirituelle pour d\u00e9pister les vices qui nous habitent et faire jaillir la force, Hildegarde montre la mani\u00e8re dont l&#8217;homme peut [&hellip;]<\/p>\n","protected":false},"featured_media":75007,"comment_status":"open","ping_status":"closed","template":"","meta":{"_acf_changed":false,"_relevanssi_hide_post":"","_relevanssi_hide_content":"","_relevanssi_pin_for_all":"","_relevanssi_pin_keywords":"","_relevanssi_unpin_keywords":"","_relevanssi_related_keywords":"","_relevanssi_related_include_ids":"","_relevanssi_related_exclude_ids":"","_relevanssi_related_no_append":"","_relevanssi_related_not_related":"","_relevanssi_related_posts":"","_relevanssi_noindex_reason":""},"product_brand":[],"product_cat":[112,108,33],"product_tag":[],"class_list":{"0":"post-1609","1":"product","2":"type-product","3":"status-publish","4":"has-post-thumbnail","6":"product_cat-ecrits-de-sainte-hildegarde","7":"product_cat-livres","8":"product_cat-livres-et-loisirs","10":"first","11":"instock","12":"taxable","13":"shipping-taxable","14":"purchasable","15":"product-type-simple"},"acf":[],"yoast_head":"<!-- This site is optimized with the Yoast SEO plugin v27.4 - https:\/\/yoast.com\/product\/yoast-seo-wordpress\/ -->\n<title>LES MERITES DE LA VIE - ED BEATITUDES - Les Jardins de Sainte-Hildegarde<\/title>\n<meta name=\"robots\" content=\"index, follow, max-snippet:-1, max-image-preview:large, max-video-preview:-1\" \/>\n<link rel=\"canonical\" href=\"https:\/\/www.lesjardinsdesaintehildegarde.com\/es\/libros-y-otros-productos\/libros\/escritos-de-santa-hildegarda\/les-merites-de-la-vie-ed-beatitudes\/\" \/>\n<meta property=\"og:locale\" content=\"es_ES\" \/>\n<meta property=\"og:type\" content=\"article\" \/>\n<meta property=\"og:title\" content=\"LES MERITES DE LA VIE - ED BEATITUDES - Les Jardins de Sainte-Hildegarde\" \/>\n<meta property=\"og:description\" content=\"LES M\u00c9RITES DE LA VIE 367 pages, format L15.5 x H23.5 cm \u00c9dition B\u00e9atitudes Les \u00e9crit de Sainte Hildegarde Principes de psychologie chr\u00e9tienne. 4\u00e8me de couverture : Ce livre est une v\u00e9ritable cure de jouvence spirituelle pour d\u00e9pister les vices qui nous habitent et faire jaillir la force, Hildegarde montre la mani\u00e8re dont l&#8217;homme peut [&hellip;]\" \/>\n<meta property=\"og:url\" content=\"https:\/\/www.lesjardinsdesaintehildegarde.com\/es\/libros-y-otros-productos\/libros\/escritos-de-santa-hildegarda\/les-merites-de-la-vie-ed-beatitudes\/\" \/>\n<meta property=\"og:site_name\" content=\"Les Jardins de Sainte-Hildegarde\" \/>\n<meta property=\"article:modified_time\" content=\"2026-05-12T11:46:02+00:00\" \/>\n<meta property=\"og:image\" content=\"https:\/\/www.lesjardinsdesaintehildegarde.com\/wp-content\/uploads\/2023\/10\/l0111-les-merites-de-la-vie.jpg\" \/>\n\t<meta property=\"og:image:width\" content=\"1200\" \/>\n\t<meta property=\"og:image:height\" content=\"1200\" \/>\n\t<meta property=\"og:image:type\" content=\"image\/jpeg\" \/>\n<meta name=\"twitter:card\" content=\"summary_large_image\" \/>\n<meta name=\"twitter:label1\" content=\"Tiempo de lectura\" \/>\n\t<meta name=\"twitter:data1\" content=\"1 minuto\" \/>\n<script type=\"application\/ld+json\" class=\"yoast-schema-graph\">{\"@context\":\"https:\\\/\\\/schema.org\",\"@graph\":[{\"@type\":\"WebPage\",\"@id\":\"https:\\\/\\\/www.lesjardinsdesaintehildegarde.com\\\/es\\\/libros-y-otros-productos\\\/libros\\\/escritos-de-santa-hildegarda\\\/les-merites-de-la-vie-ed-beatitudes\\\/\",\"url\":\"https:\\\/\\\/www.lesjardinsdesaintehildegarde.com\\\/es\\\/libros-y-otros-productos\\\/libros\\\/escritos-de-santa-hildegarda\\\/les-merites-de-la-vie-ed-beatitudes\\\/\",\"name\":\"LES MERITES DE LA VIE - ED BEATITUDES - Les Jardins de Sainte-Hildegarde\",\"isPartOf\":{\"@id\":\"https:\\\/\\\/www.lesjardinsdesaintehildegarde.com\\\/es\\\/#website\"},\"primaryImageOfPage\":{\"@id\":\"https:\\\/\\\/www.lesjardinsdesaintehildegarde.com\\\/es\\\/libros-y-otros-productos\\\/libros\\\/escritos-de-santa-hildegarda\\\/les-merites-de-la-vie-ed-beatitudes\\\/#primaryimage\"},\"image\":{\"@id\":\"https:\\\/\\\/www.lesjardinsdesaintehildegarde.com\\\/es\\\/libros-y-otros-productos\\\/libros\\\/escritos-de-santa-hildegarda\\\/les-merites-de-la-vie-ed-beatitudes\\\/#primaryimage\"},\"thumbnailUrl\":\"https:\\\/\\\/www.lesjardinsdesaintehildegarde.com\\\/wp-content\\\/uploads\\\/2023\\\/10\\\/l0111-les-merites-de-la-vie.jpg\",\"datePublished\":\"2022-11-04T08:08:50+00:00\",\"dateModified\":\"2026-05-12T11:46:02+00:00\",\"breadcrumb\":{\"@id\":\"https:\\\/\\\/www.lesjardinsdesaintehildegarde.com\\\/es\\\/libros-y-otros-productos\\\/libros\\\/escritos-de-santa-hildegarda\\\/les-merites-de-la-vie-ed-beatitudes\\\/#breadcrumb\"},\"inLanguage\":\"es\",\"potentialAction\":[{\"@type\":\"ReadAction\",\"target\":[\"https:\\\/\\\/www.lesjardinsdesaintehildegarde.com\\\/es\\\/libros-y-otros-productos\\\/libros\\\/escritos-de-santa-hildegarda\\\/les-merites-de-la-vie-ed-beatitudes\\\/\"]}]},{\"@type\":\"ImageObject\",\"inLanguage\":\"es\",\"@id\":\"https:\\\/\\\/www.lesjardinsdesaintehildegarde.com\\\/es\\\/libros-y-otros-productos\\\/libros\\\/escritos-de-santa-hildegarda\\\/les-merites-de-la-vie-ed-beatitudes\\\/#primaryimage\",\"url\":\"https:\\\/\\\/www.lesjardinsdesaintehildegarde.com\\\/wp-content\\\/uploads\\\/2023\\\/10\\\/l0111-les-merites-de-la-vie.jpg\",\"contentUrl\":\"https:\\\/\\\/www.lesjardinsdesaintehildegarde.com\\\/wp-content\\\/uploads\\\/2023\\\/10\\\/l0111-les-merites-de-la-vie.jpg\",\"width\":1200,\"height\":1200,\"caption\":\"LES M\u00c9RITES DE LA VIE 367 pages, format L15.5 x H23.5 cm \u00c9dition B\u00e9atitudes\"},{\"@type\":\"BreadcrumbList\",\"@id\":\"https:\\\/\\\/www.lesjardinsdesaintehildegarde.com\\\/es\\\/libros-y-otros-productos\\\/libros\\\/escritos-de-santa-hildegarda\\\/les-merites-de-la-vie-ed-beatitudes\\\/#breadcrumb\",\"itemListElement\":[{\"@type\":\"ListItem\",\"position\":1,\"name\":\"Inicio\",\"item\":\"https:\\\/\\\/www.lesjardinsdesaintehildegarde.com\\\/es\\\/\"},{\"@type\":\"ListItem\",\"position\":2,\"name\":\"Productos\",\"item\":\"https:\\\/\\\/www.lesjardinsdesaintehildegarde.com\\\/es\\\/shop\\\/\"},{\"@type\":\"ListItem\",\"position\":3,\"name\":\"LES MERITES DE LA VIE &#8211; ED BEATITUDES\"}]},{\"@type\":\"WebSite\",\"@id\":\"https:\\\/\\\/www.lesjardinsdesaintehildegarde.com\\\/es\\\/#website\",\"url\":\"https:\\\/\\\/www.lesjardinsdesaintehildegarde.com\\\/es\\\/\",\"name\":\"Les Jardins de Sainte-Hildegarde\",\"description\":\"Viriditas\",\"publisher\":{\"@id\":\"https:\\\/\\\/www.lesjardinsdesaintehildegarde.com\\\/es\\\/#organization\"},\"potentialAction\":[{\"@type\":\"SearchAction\",\"target\":{\"@type\":\"EntryPoint\",\"urlTemplate\":\"https:\\\/\\\/www.lesjardinsdesaintehildegarde.com\\\/es\\\/?s={search_term_string}\"},\"query-input\":{\"@type\":\"PropertyValueSpecification\",\"valueRequired\":true,\"valueName\":\"search_term_string\"}}],\"inLanguage\":\"es\"},{\"@type\":\"Organization\",\"@id\":\"https:\\\/\\\/www.lesjardinsdesaintehildegarde.com\\\/es\\\/#organization\",\"name\":\"Les Jardins de Sainte-Hildegarde\",\"url\":\"https:\\\/\\\/www.lesjardinsdesaintehildegarde.com\\\/es\\\/\",\"logo\":{\"@type\":\"ImageObject\",\"inLanguage\":\"es\",\"@id\":\"https:\\\/\\\/www.lesjardinsdesaintehildegarde.com\\\/es\\\/#\\\/schema\\\/logo\\\/image\\\/\",\"url\":\"https:\\\/\\\/www.lesjardinsdesaintehildegarde.com\\\/wp-content\\\/uploads\\\/2022\\\/11\\\/logo-2022.png\",\"contentUrl\":\"https:\\\/\\\/www.lesjardinsdesaintehildegarde.com\\\/wp-content\\\/uploads\\\/2022\\\/11\\\/logo-2022.png\",\"width\":365,\"height\":90,\"caption\":\"Les Jardins de Sainte-Hildegarde\"},\"image\":{\"@id\":\"https:\\\/\\\/www.lesjardinsdesaintehildegarde.com\\\/es\\\/#\\\/schema\\\/logo\\\/image\\\/\"}}]}<\/script>\n<!-- \/ Yoast SEO plugin. -->","yoast_head_json":{"title":"LES MERITES DE LA VIE - ED BEATITUDES - Les Jardins de Sainte-Hildegarde","robots":{"index":"index","follow":"follow","max-snippet":"max-snippet:-1","max-image-preview":"max-image-preview:large","max-video-preview":"max-video-preview:-1"},"canonical":"https:\/\/www.lesjardinsdesaintehildegarde.com\/es\/libros-y-otros-productos\/libros\/escritos-de-santa-hildegarda\/les-merites-de-la-vie-ed-beatitudes\/","og_locale":"es_ES","og_type":"article","og_title":"LES MERITES DE LA VIE - ED BEATITUDES - Les Jardins de Sainte-Hildegarde","og_description":"LES M\u00c9RITES DE LA VIE 367 pages, format L15.5 x H23.5 cm \u00c9dition B\u00e9atitudes Les \u00e9crit de Sainte Hildegarde Principes de psychologie chr\u00e9tienne. 4\u00e8me de couverture : Ce livre est une v\u00e9ritable cure de jouvence spirituelle pour d\u00e9pister les vices qui nous habitent et faire jaillir la force, Hildegarde montre la mani\u00e8re dont l&#8217;homme peut [&hellip;]","og_url":"https:\/\/www.lesjardinsdesaintehildegarde.com\/es\/libros-y-otros-productos\/libros\/escritos-de-santa-hildegarda\/les-merites-de-la-vie-ed-beatitudes\/","og_site_name":"Les Jardins de Sainte-Hildegarde","article_modified_time":"2026-05-12T11:46:02+00:00","og_image":[{"width":1200,"height":1200,"url":"https:\/\/www.lesjardinsdesaintehildegarde.com\/wp-content\/uploads\/2023\/10\/l0111-les-merites-de-la-vie.jpg","type":"image\/jpeg"}],"twitter_card":"summary_large_image","twitter_misc":{"Tiempo de lectura":"1 minuto"},"schema":{"@context":"https:\/\/schema.org","@graph":[{"@type":"WebPage","@id":"https:\/\/www.lesjardinsdesaintehildegarde.com\/es\/libros-y-otros-productos\/libros\/escritos-de-santa-hildegarda\/les-merites-de-la-vie-ed-beatitudes\/","url":"https:\/\/www.lesjardinsdesaintehildegarde.com\/es\/libros-y-otros-productos\/libros\/escritos-de-santa-hildegarda\/les-merites-de-la-vie-ed-beatitudes\/","name":"LES MERITES DE LA VIE - ED BEATITUDES - Les Jardins de Sainte-Hildegarde","isPartOf":{"@id":"https:\/\/www.lesjardinsdesaintehildegarde.com\/es\/#website"},"primaryImageOfPage":{"@id":"https:\/\/www.lesjardinsdesaintehildegarde.com\/es\/libros-y-otros-productos\/libros\/escritos-de-santa-hildegarda\/les-merites-de-la-vie-ed-beatitudes\/#primaryimage"},"image":{"@id":"https:\/\/www.lesjardinsdesaintehildegarde.com\/es\/libros-y-otros-productos\/libros\/escritos-de-santa-hildegarda\/les-merites-de-la-vie-ed-beatitudes\/#primaryimage"},"thumbnailUrl":"https:\/\/www.lesjardinsdesaintehildegarde.com\/wp-content\/uploads\/2023\/10\/l0111-les-merites-de-la-vie.jpg","datePublished":"2022-11-04T08:08:50+00:00","dateModified":"2026-05-12T11:46:02+00:00","breadcrumb":{"@id":"https:\/\/www.lesjardinsdesaintehildegarde.com\/es\/libros-y-otros-productos\/libros\/escritos-de-santa-hildegarda\/les-merites-de-la-vie-ed-beatitudes\/#breadcrumb"},"inLanguage":"es","potentialAction":[{"@type":"ReadAction","target":["https:\/\/www.lesjardinsdesaintehildegarde.com\/es\/libros-y-otros-productos\/libros\/escritos-de-santa-hildegarda\/les-merites-de-la-vie-ed-beatitudes\/"]}]},{"@type":"ImageObject","inLanguage":"es","@id":"https:\/\/www.lesjardinsdesaintehildegarde.com\/es\/libros-y-otros-productos\/libros\/escritos-de-santa-hildegarda\/les-merites-de-la-vie-ed-beatitudes\/#primaryimage","url":"https:\/\/www.lesjardinsdesaintehildegarde.com\/wp-content\/uploads\/2023\/10\/l0111-les-merites-de-la-vie.jpg","contentUrl":"https:\/\/www.lesjardinsdesaintehildegarde.com\/wp-content\/uploads\/2023\/10\/l0111-les-merites-de-la-vie.jpg","width":1200,"height":1200,"caption":"LES M\u00c9RITES DE LA VIE 367 pages, format L15.5 x H23.5 cm \u00c9dition B\u00e9atitudes"},{"@type":"BreadcrumbList","@id":"https:\/\/www.lesjardinsdesaintehildegarde.com\/es\/libros-y-otros-productos\/libros\/escritos-de-santa-hildegarda\/les-merites-de-la-vie-ed-beatitudes\/#breadcrumb","itemListElement":[{"@type":"ListItem","position":1,"name":"Inicio","item":"https:\/\/www.lesjardinsdesaintehildegarde.com\/es\/"},{"@type":"ListItem","position":2,"name":"Productos","item":"https:\/\/www.lesjardinsdesaintehildegarde.com\/es\/shop\/"},{"@type":"ListItem","position":3,"name":"LES MERITES DE LA VIE &#8211; ED BEATITUDES"}]},{"@type":"WebSite","@id":"https:\/\/www.lesjardinsdesaintehildegarde.com\/es\/#website","url":"https:\/\/www.lesjardinsdesaintehildegarde.com\/es\/","name":"Les Jardins de Sainte-Hildegarde","description":"Viriditas","publisher":{"@id":"https:\/\/www.lesjardinsdesaintehildegarde.com\/es\/#organization"},"potentialAction":[{"@type":"SearchAction","target":{"@type":"EntryPoint","urlTemplate":"https:\/\/www.lesjardinsdesaintehildegarde.com\/es\/?s={search_term_string}"},"query-input":{"@type":"PropertyValueSpecification","valueRequired":true,"valueName":"search_term_string"}}],"inLanguage":"es"},{"@type":"Organization","@id":"https:\/\/www.lesjardinsdesaintehildegarde.com\/es\/#organization","name":"Les Jardins de Sainte-Hildegarde","url":"https:\/\/www.lesjardinsdesaintehildegarde.com\/es\/","logo":{"@type":"ImageObject","inLanguage":"es","@id":"https:\/\/www.lesjardinsdesaintehildegarde.com\/es\/#\/schema\/logo\/image\/","url":"https:\/\/www.lesjardinsdesaintehildegarde.com\/wp-content\/uploads\/2022\/11\/logo-2022.png","contentUrl":"https:\/\/www.lesjardinsdesaintehildegarde.com\/wp-content\/uploads\/2022\/11\/logo-2022.png","width":365,"height":90,"caption":"Les Jardins de Sainte-Hildegarde"},"image":{"@id":"https:\/\/www.lesjardinsdesaintehildegarde.com\/es\/#\/schema\/logo\/image\/"}}]}},"_links":{"self":[{"href":"https:\/\/www.lesjardinsdesaintehildegarde.com\/es\/wp-json\/wp\/v2\/product\/1609","targetHints":{"allow":["GET"]}}],"collection":[{"href":"https:\/\/www.lesjardinsdesaintehildegarde.com\/es\/wp-json\/wp\/v2\/product"}],"about":[{"href":"https:\/\/www.lesjardinsdesaintehildegarde.com\/es\/wp-json\/wp\/v2\/types\/product"}],"replies":[{"embeddable":true,"href":"https:\/\/www.lesjardinsdesaintehildegarde.com\/es\/wp-json\/wp\/v2\/comments?post=1609"}],"wp:featuredmedia":[{"embeddable":true,"href":"https:\/\/www.lesjardinsdesaintehildegarde.com\/es\/wp-json\/wp\/v2\/media\/75007"}],"wp:attachment":[{"href":"https:\/\/www.lesjardinsdesaintehildegarde.com\/es\/wp-json\/wp\/v2\/media?parent=1609"}],"wp:term":[{"taxonomy":"product_brand","embeddable":true,"href":"https:\/\/www.lesjardinsdesaintehildegarde.com\/es\/wp-json\/wp\/v2\/product_brand?post=1609"},{"taxonomy":"product_cat","embeddable":true,"href":"https:\/\/www.lesjardinsdesaintehildegarde.com\/es\/wp-json\/wp\/v2\/product_cat?post=1609"},{"taxonomy":"product_tag","embeddable":true,"href":"https:\/\/www.lesjardinsdesaintehildegarde.com\/es\/wp-json\/wp\/v2\/product_tag?post=1609"}],"curies":[{"name":"wp","href":"https:\/\/api.w.org\/{rel}","templated":true}]}}