{"id":1612,"date":"2022-11-04T09:08:51","date_gmt":"2022-11-04T08:08:51","guid":{"rendered":"https:\/\/www.lesjardinsdesaintehildegarde.com\/non%20class\u00e9\/en-bonne-sante-toute-l-annee-p-pukownik\/"},"modified":"2026-04-27T10:22:02","modified_gmt":"2026-04-27T08:22:02","slug":"en-bonne-sante-toute-l-annee-p-pukownik","status":"publish","type":"product","link":"https:\/\/www.lesjardinsdesaintehildegarde.com\/es\/libros-y-otros-productos\/libros\/consejos-practicos\/en-bonne-sante-toute-l-annee-p-pukownik\/","title":{"rendered":"EN BONNE SANTE TOUTE L ANNEE- P.PUKOWNIK"},"content":{"rendered":"<p><\/p>\n<p><strong>EN BONNE SANT\u00c9 TOUTE L&#8217;ANN\u00c9E AVEC SAINTE HILDEGARDE DE<br \/>\nBINGEN<\/strong><\/p>\n<p><\/p>\n<p>240 pages, format L17xH22 cm<\/p>\n<p><\/p>\n<p>Peter Pukownik<\/p>\n<p><\/p>\n<p>\u00c9dition M\u00e9dicis<\/p>\n<p><\/p>\n<p><strong>Les conseils de Sainte Hildegarde en<br \/>\npratique<\/strong><\/p>\n<p><\/p>\n<p>Almanach des saisons, recettes, coutumes, mode de vie, plantes<br \/>\nm\u00e9dicinales, rem\u00e8des naturels.<\/p>\n<p><\/p>\n<p><strong>4\u00e9me de couverture :<\/strong><\/p>\n<p><\/p>\n<p>La naturopathie expos\u00e9e par Sainte Hildegarde met l&#8217;accent sur les<br \/>\nliens entre l&#8217;homme et le cosmos. Elle d\u00e9crit les effets divers des<br \/>\nvibrations \u00e9nerg\u00e9tiques des herbes, des fruits, des min\u00e9raux et des<br \/>\nm\u00e9taux sur le corps, l&#8217;\u00e2me et l&#8217;esprit humains.<\/p>\n<p><\/p>\n<p>Peter Pukownik, grand connaisseur d&#8217;Hildegarde, nous transmet dans ce<br \/>\nmanuel son large savoir illustr\u00e9 par ses exp\u00e9riences, des informations<br \/>\npr\u00e9cieuses et des suggestions utiles pour se nourrir de fa\u00e7on saine,<br \/>\nnettoyer et gu\u00e9rir le corps et l&#8217;esprit dans le respect du rythme des<br \/>\nsaisons. La pr\u00e9sentation sous forme d&#8217;un almanach tr\u00e8s concret,<br \/>\nmagnifiquement illustr\u00e9 et accompagn\u00e9 de recettes d\u00e9taill\u00e9es, facilite<br \/>\nla mise en pratique pour tout lecteur int\u00e9ress\u00e9 et motiv\u00e9, qui veut<br \/>\naller vers plus de sant\u00e9 et de bien-\u00eatre.<\/p>\n","protected":false},"excerpt":{"rendered":"<p>EN BONNE SANT\u00c9 TOUTE L&#8217;ANN\u00c9E AVEC SAINTE HILDEGARDE DE BINGEN 240 pages, format L17xH22 cm Peter Pukownik \u00c9dition M\u00e9dicis Les conseils de Sainte Hildegarde en pratique Almanach des saisons, recettes, coutumes, mode de vie, plantes m\u00e9dicinales, rem\u00e8des naturels. 4\u00e9me de couverture : La naturopathie expos\u00e9e par Sainte Hildegarde met l&#8217;accent sur les liens entre l&#8217;homme [&hellip;]<\/p>\n","protected":false},"featured_media":75106,"comment_status":"open","ping_status":"closed","template":"","meta":{"_acf_changed":false,"_relevanssi_hide_post":"","_relevanssi_hide_content":"","_relevanssi_pin_for_all":"","_relevanssi_pin_keywords":"","_relevanssi_unpin_keywords":"","_relevanssi_related_keywords":"","_relevanssi_related_include_ids":"","_relevanssi_related_exclude_ids":"","_relevanssi_related_no_append":"","_relevanssi_related_not_related":"","_relevanssi_related_posts":"","_relevanssi_noindex_reason":""},"product_brand":[],"product_cat":[111,108,33],"product_tag":[],"class_list":{"0":"post-1612","1":"product","2":"type-product","3":"status-publish","4":"has-post-thumbnail","6":"product_cat-conseils-pratiques","7":"product_cat-livres","8":"product_cat-livres-et-loisirs","10":"first","11":"instock","12":"taxable","13":"shipping-taxable","14":"purchasable","15":"product-type-simple"},"acf":[],"yoast_head":"<!-- This site is optimized with the Yoast SEO plugin v27.4 - https:\/\/yoast.com\/product\/yoast-seo-wordpress\/ -->\n<title>EN BONNE SANTE TOUTE L ANNEE- P.PUKOWNIK - Les Jardins de Sainte-Hildegarde<\/title>\n<meta name=\"robots\" content=\"index, follow, max-snippet:-1, max-image-preview:large, max-video-preview:-1\" \/>\n<link rel=\"canonical\" href=\"https:\/\/www.lesjardinsdesaintehildegarde.com\/es\/libros-y-otros-productos\/libros\/consejos-practicos\/en-bonne-sante-toute-l-annee-p-pukownik\/\" \/>\n<meta property=\"og:locale\" content=\"es_ES\" \/>\n<meta property=\"og:type\" content=\"article\" \/>\n<meta property=\"og:title\" content=\"EN BONNE SANTE TOUTE L ANNEE- P.PUKOWNIK - Les Jardins de Sainte-Hildegarde\" \/>\n<meta property=\"og:description\" content=\"EN BONNE SANT\u00c9 TOUTE L&#8217;ANN\u00c9E AVEC SAINTE HILDEGARDE DE BINGEN 240 pages, format L17xH22 cm Peter Pukownik \u00c9dition M\u00e9dicis Les conseils de Sainte Hildegarde en pratique Almanach des saisons, recettes, coutumes, mode de vie, plantes m\u00e9dicinales, rem\u00e8des naturels. 4\u00e9me de couverture : La naturopathie expos\u00e9e par Sainte Hildegarde met l&#8217;accent sur les liens entre l&#8217;homme [&hellip;]\" \/>\n<meta property=\"og:url\" content=\"https:\/\/www.lesjardinsdesaintehildegarde.com\/es\/libros-y-otros-productos\/libros\/consejos-practicos\/en-bonne-sante-toute-l-annee-p-pukownik\/\" \/>\n<meta property=\"og:site_name\" content=\"Les Jardins de Sainte-Hildegarde\" \/>\n<meta property=\"article:modified_time\" content=\"2026-04-27T08:22:02+00:00\" \/>\n<meta property=\"og:image\" content=\"https:\/\/www.lesjardinsdesaintehildegarde.com\/wp-content\/uploads\/2023\/10\/l0114-en-bonne-sante-toute-l-annee.jpg\" \/>\n\t<meta property=\"og:image:width\" content=\"1200\" \/>\n\t<meta property=\"og:image:height\" content=\"1200\" \/>\n\t<meta property=\"og:image:type\" content=\"image\/jpeg\" \/>\n<meta name=\"twitter:card\" content=\"summary_large_image\" \/>\n<meta name=\"twitter:label1\" content=\"Tiempo de lectura\" \/>\n\t<meta name=\"twitter:data1\" content=\"1 minuto\" \/>\n<script type=\"application\/ld+json\" class=\"yoast-schema-graph\">{\"@context\":\"https:\\\/\\\/schema.org\",\"@graph\":[{\"@type\":\"WebPage\",\"@id\":\"https:\\\/\\\/www.lesjardinsdesaintehildegarde.com\\\/es\\\/libros-y-otros-productos\\\/libros\\\/consejos-practicos\\\/en-bonne-sante-toute-l-annee-p-pukownik\\\/\",\"url\":\"https:\\\/\\\/www.lesjardinsdesaintehildegarde.com\\\/es\\\/libros-y-otros-productos\\\/libros\\\/consejos-practicos\\\/en-bonne-sante-toute-l-annee-p-pukownik\\\/\",\"name\":\"EN BONNE SANTE TOUTE L ANNEE- P.PUKOWNIK - Les Jardins de Sainte-Hildegarde\",\"isPartOf\":{\"@id\":\"https:\\\/\\\/www.lesjardinsdesaintehildegarde.com\\\/es\\\/#website\"},\"primaryImageOfPage\":{\"@id\":\"https:\\\/\\\/www.lesjardinsdesaintehildegarde.com\\\/es\\\/libros-y-otros-productos\\\/libros\\\/consejos-practicos\\\/en-bonne-sante-toute-l-annee-p-pukownik\\\/#primaryimage\"},\"image\":{\"@id\":\"https:\\\/\\\/www.lesjardinsdesaintehildegarde.com\\\/es\\\/libros-y-otros-productos\\\/libros\\\/consejos-practicos\\\/en-bonne-sante-toute-l-annee-p-pukownik\\\/#primaryimage\"},\"thumbnailUrl\":\"https:\\\/\\\/www.lesjardinsdesaintehildegarde.com\\\/wp-content\\\/uploads\\\/2023\\\/10\\\/l0114-en-bonne-sante-toute-l-annee.jpg\",\"datePublished\":\"2022-11-04T08:08:51+00:00\",\"dateModified\":\"2026-04-27T08:22:02+00:00\",\"breadcrumb\":{\"@id\":\"https:\\\/\\\/www.lesjardinsdesaintehildegarde.com\\\/es\\\/libros-y-otros-productos\\\/libros\\\/consejos-practicos\\\/en-bonne-sante-toute-l-annee-p-pukownik\\\/#breadcrumb\"},\"inLanguage\":\"es\",\"potentialAction\":[{\"@type\":\"ReadAction\",\"target\":[\"https:\\\/\\\/www.lesjardinsdesaintehildegarde.com\\\/es\\\/libros-y-otros-productos\\\/libros\\\/consejos-practicos\\\/en-bonne-sante-toute-l-annee-p-pukownik\\\/\"]}]},{\"@type\":\"ImageObject\",\"inLanguage\":\"es\",\"@id\":\"https:\\\/\\\/www.lesjardinsdesaintehildegarde.com\\\/es\\\/libros-y-otros-productos\\\/libros\\\/consejos-practicos\\\/en-bonne-sante-toute-l-annee-p-pukownik\\\/#primaryimage\",\"url\":\"https:\\\/\\\/www.lesjardinsdesaintehildegarde.com\\\/wp-content\\\/uploads\\\/2023\\\/10\\\/l0114-en-bonne-sante-toute-l-annee.jpg\",\"contentUrl\":\"https:\\\/\\\/www.lesjardinsdesaintehildegarde.com\\\/wp-content\\\/uploads\\\/2023\\\/10\\\/l0114-en-bonne-sante-toute-l-annee.jpg\",\"width\":1200,\"height\":1200,\"caption\":\"EN BONNE SANT\u00c9 TOUTE L'ANN\u00c9E AVEC SAINTE HILDEGARDE DE BINGEN 240 pages, format L17xH22 cm Peter Pukownik\"},{\"@type\":\"BreadcrumbList\",\"@id\":\"https:\\\/\\\/www.lesjardinsdesaintehildegarde.com\\\/es\\\/libros-y-otros-productos\\\/libros\\\/consejos-practicos\\\/en-bonne-sante-toute-l-annee-p-pukownik\\\/#breadcrumb\",\"itemListElement\":[{\"@type\":\"ListItem\",\"position\":1,\"name\":\"Inicio\",\"item\":\"https:\\\/\\\/www.lesjardinsdesaintehildegarde.com\\\/es\\\/\"},{\"@type\":\"ListItem\",\"position\":2,\"name\":\"Productos\",\"item\":\"https:\\\/\\\/www.lesjardinsdesaintehildegarde.com\\\/es\\\/shop\\\/\"},{\"@type\":\"ListItem\",\"position\":3,\"name\":\"EN BONNE SANTE TOUTE L ANNEE- P.PUKOWNIK\"}]},{\"@type\":\"WebSite\",\"@id\":\"https:\\\/\\\/www.lesjardinsdesaintehildegarde.com\\\/es\\\/#website\",\"url\":\"https:\\\/\\\/www.lesjardinsdesaintehildegarde.com\\\/es\\\/\",\"name\":\"Les Jardins de Sainte-Hildegarde\",\"description\":\"Viriditas\",\"publisher\":{\"@id\":\"https:\\\/\\\/www.lesjardinsdesaintehildegarde.com\\\/es\\\/#organization\"},\"potentialAction\":[{\"@type\":\"SearchAction\",\"target\":{\"@type\":\"EntryPoint\",\"urlTemplate\":\"https:\\\/\\\/www.lesjardinsdesaintehildegarde.com\\\/es\\\/?s={search_term_string}\"},\"query-input\":{\"@type\":\"PropertyValueSpecification\",\"valueRequired\":true,\"valueName\":\"search_term_string\"}}],\"inLanguage\":\"es\"},{\"@type\":\"Organization\",\"@id\":\"https:\\\/\\\/www.lesjardinsdesaintehildegarde.com\\\/es\\\/#organization\",\"name\":\"Les Jardins de Sainte-Hildegarde\",\"url\":\"https:\\\/\\\/www.lesjardinsdesaintehildegarde.com\\\/es\\\/\",\"logo\":{\"@type\":\"ImageObject\",\"inLanguage\":\"es\",\"@id\":\"https:\\\/\\\/www.lesjardinsdesaintehildegarde.com\\\/es\\\/#\\\/schema\\\/logo\\\/image\\\/\",\"url\":\"https:\\\/\\\/www.lesjardinsdesaintehildegarde.com\\\/wp-content\\\/uploads\\\/2022\\\/11\\\/logo-2022.png\",\"contentUrl\":\"https:\\\/\\\/www.lesjardinsdesaintehildegarde.com\\\/wp-content\\\/uploads\\\/2022\\\/11\\\/logo-2022.png\",\"width\":365,\"height\":90,\"caption\":\"Les Jardins de Sainte-Hildegarde\"},\"image\":{\"@id\":\"https:\\\/\\\/www.lesjardinsdesaintehildegarde.com\\\/es\\\/#\\\/schema\\\/logo\\\/image\\\/\"}}]}<\/script>\n<!-- \/ Yoast SEO plugin. -->","yoast_head_json":{"title":"EN BONNE SANTE TOUTE L ANNEE- P.PUKOWNIK - Les Jardins de Sainte-Hildegarde","robots":{"index":"index","follow":"follow","max-snippet":"max-snippet:-1","max-image-preview":"max-image-preview:large","max-video-preview":"max-video-preview:-1"},"canonical":"https:\/\/www.lesjardinsdesaintehildegarde.com\/es\/libros-y-otros-productos\/libros\/consejos-practicos\/en-bonne-sante-toute-l-annee-p-pukownik\/","og_locale":"es_ES","og_type":"article","og_title":"EN BONNE SANTE TOUTE L ANNEE- P.PUKOWNIK - Les Jardins de Sainte-Hildegarde","og_description":"EN BONNE SANT\u00c9 TOUTE L&#8217;ANN\u00c9E AVEC SAINTE HILDEGARDE DE BINGEN 240 pages, format L17xH22 cm Peter Pukownik \u00c9dition M\u00e9dicis Les conseils de Sainte Hildegarde en pratique Almanach des saisons, recettes, coutumes, mode de vie, plantes m\u00e9dicinales, rem\u00e8des naturels. 4\u00e9me de couverture : La naturopathie expos\u00e9e par Sainte Hildegarde met l&#8217;accent sur les liens entre l&#8217;homme [&hellip;]","og_url":"https:\/\/www.lesjardinsdesaintehildegarde.com\/es\/libros-y-otros-productos\/libros\/consejos-practicos\/en-bonne-sante-toute-l-annee-p-pukownik\/","og_site_name":"Les Jardins de Sainte-Hildegarde","article_modified_time":"2026-04-27T08:22:02+00:00","og_image":[{"width":1200,"height":1200,"url":"https:\/\/www.lesjardinsdesaintehildegarde.com\/wp-content\/uploads\/2023\/10\/l0114-en-bonne-sante-toute-l-annee.jpg","type":"image\/jpeg"}],"twitter_card":"summary_large_image","twitter_misc":{"Tiempo de lectura":"1 minuto"},"schema":{"@context":"https:\/\/schema.org","@graph":[{"@type":"WebPage","@id":"https:\/\/www.lesjardinsdesaintehildegarde.com\/es\/libros-y-otros-productos\/libros\/consejos-practicos\/en-bonne-sante-toute-l-annee-p-pukownik\/","url":"https:\/\/www.lesjardinsdesaintehildegarde.com\/es\/libros-y-otros-productos\/libros\/consejos-practicos\/en-bonne-sante-toute-l-annee-p-pukownik\/","name":"EN BONNE SANTE TOUTE L ANNEE- P.PUKOWNIK - Les Jardins de Sainte-Hildegarde","isPartOf":{"@id":"https:\/\/www.lesjardinsdesaintehildegarde.com\/es\/#website"},"primaryImageOfPage":{"@id":"https:\/\/www.lesjardinsdesaintehildegarde.com\/es\/libros-y-otros-productos\/libros\/consejos-practicos\/en-bonne-sante-toute-l-annee-p-pukownik\/#primaryimage"},"image":{"@id":"https:\/\/www.lesjardinsdesaintehildegarde.com\/es\/libros-y-otros-productos\/libros\/consejos-practicos\/en-bonne-sante-toute-l-annee-p-pukownik\/#primaryimage"},"thumbnailUrl":"https:\/\/www.lesjardinsdesaintehildegarde.com\/wp-content\/uploads\/2023\/10\/l0114-en-bonne-sante-toute-l-annee.jpg","datePublished":"2022-11-04T08:08:51+00:00","dateModified":"2026-04-27T08:22:02+00:00","breadcrumb":{"@id":"https:\/\/www.lesjardinsdesaintehildegarde.com\/es\/libros-y-otros-productos\/libros\/consejos-practicos\/en-bonne-sante-toute-l-annee-p-pukownik\/#breadcrumb"},"inLanguage":"es","potentialAction":[{"@type":"ReadAction","target":["https:\/\/www.lesjardinsdesaintehildegarde.com\/es\/libros-y-otros-productos\/libros\/consejos-practicos\/en-bonne-sante-toute-l-annee-p-pukownik\/"]}]},{"@type":"ImageObject","inLanguage":"es","@id":"https:\/\/www.lesjardinsdesaintehildegarde.com\/es\/libros-y-otros-productos\/libros\/consejos-practicos\/en-bonne-sante-toute-l-annee-p-pukownik\/#primaryimage","url":"https:\/\/www.lesjardinsdesaintehildegarde.com\/wp-content\/uploads\/2023\/10\/l0114-en-bonne-sante-toute-l-annee.jpg","contentUrl":"https:\/\/www.lesjardinsdesaintehildegarde.com\/wp-content\/uploads\/2023\/10\/l0114-en-bonne-sante-toute-l-annee.jpg","width":1200,"height":1200,"caption":"EN BONNE SANT\u00c9 TOUTE L'ANN\u00c9E AVEC SAINTE HILDEGARDE DE BINGEN 240 pages, format L17xH22 cm Peter Pukownik"},{"@type":"BreadcrumbList","@id":"https:\/\/www.lesjardinsdesaintehildegarde.com\/es\/libros-y-otros-productos\/libros\/consejos-practicos\/en-bonne-sante-toute-l-annee-p-pukownik\/#breadcrumb","itemListElement":[{"@type":"ListItem","position":1,"name":"Inicio","item":"https:\/\/www.lesjardinsdesaintehildegarde.com\/es\/"},{"@type":"ListItem","position":2,"name":"Productos","item":"https:\/\/www.lesjardinsdesaintehildegarde.com\/es\/shop\/"},{"@type":"ListItem","position":3,"name":"EN BONNE SANTE TOUTE L ANNEE- P.PUKOWNIK"}]},{"@type":"WebSite","@id":"https:\/\/www.lesjardinsdesaintehildegarde.com\/es\/#website","url":"https:\/\/www.lesjardinsdesaintehildegarde.com\/es\/","name":"Les Jardins de Sainte-Hildegarde","description":"Viriditas","publisher":{"@id":"https:\/\/www.lesjardinsdesaintehildegarde.com\/es\/#organization"},"potentialAction":[{"@type":"SearchAction","target":{"@type":"EntryPoint","urlTemplate":"https:\/\/www.lesjardinsdesaintehildegarde.com\/es\/?s={search_term_string}"},"query-input":{"@type":"PropertyValueSpecification","valueRequired":true,"valueName":"search_term_string"}}],"inLanguage":"es"},{"@type":"Organization","@id":"https:\/\/www.lesjardinsdesaintehildegarde.com\/es\/#organization","name":"Les Jardins de Sainte-Hildegarde","url":"https:\/\/www.lesjardinsdesaintehildegarde.com\/es\/","logo":{"@type":"ImageObject","inLanguage":"es","@id":"https:\/\/www.lesjardinsdesaintehildegarde.com\/es\/#\/schema\/logo\/image\/","url":"https:\/\/www.lesjardinsdesaintehildegarde.com\/wp-content\/uploads\/2022\/11\/logo-2022.png","contentUrl":"https:\/\/www.lesjardinsdesaintehildegarde.com\/wp-content\/uploads\/2022\/11\/logo-2022.png","width":365,"height":90,"caption":"Les Jardins de Sainte-Hildegarde"},"image":{"@id":"https:\/\/www.lesjardinsdesaintehildegarde.com\/es\/#\/schema\/logo\/image\/"}}]}},"_links":{"self":[{"href":"https:\/\/www.lesjardinsdesaintehildegarde.com\/es\/wp-json\/wp\/v2\/product\/1612","targetHints":{"allow":["GET"]}}],"collection":[{"href":"https:\/\/www.lesjardinsdesaintehildegarde.com\/es\/wp-json\/wp\/v2\/product"}],"about":[{"href":"https:\/\/www.lesjardinsdesaintehildegarde.com\/es\/wp-json\/wp\/v2\/types\/product"}],"replies":[{"embeddable":true,"href":"https:\/\/www.lesjardinsdesaintehildegarde.com\/es\/wp-json\/wp\/v2\/comments?post=1612"}],"wp:featuredmedia":[{"embeddable":true,"href":"https:\/\/www.lesjardinsdesaintehildegarde.com\/es\/wp-json\/wp\/v2\/media\/75106"}],"wp:attachment":[{"href":"https:\/\/www.lesjardinsdesaintehildegarde.com\/es\/wp-json\/wp\/v2\/media?parent=1612"}],"wp:term":[{"taxonomy":"product_brand","embeddable":true,"href":"https:\/\/www.lesjardinsdesaintehildegarde.com\/es\/wp-json\/wp\/v2\/product_brand?post=1612"},{"taxonomy":"product_cat","embeddable":true,"href":"https:\/\/www.lesjardinsdesaintehildegarde.com\/es\/wp-json\/wp\/v2\/product_cat?post=1612"},{"taxonomy":"product_tag","embeddable":true,"href":"https:\/\/www.lesjardinsdesaintehildegarde.com\/es\/wp-json\/wp\/v2\/product_tag?post=1612"}],"curies":[{"name":"wp","href":"https:\/\/api.w.org\/{rel}","templated":true}]}}