{"id":1613,"date":"2022-11-04T09:08:51","date_gmt":"2022-11-04T08:08:51","guid":{"rendered":"https:\/\/www.lesjardinsdesaintehildegarde.com\/non%20class\u00e9\/le-livre-de-sante-de-ste-hildegarde\/"},"modified":"2026-04-09T09:44:03","modified_gmt":"2026-04-09T07:44:03","slug":"le-livre-de-sante-de-ste-hildegarde","status":"publish","type":"product","link":"https:\/\/www.lesjardinsdesaintehildegarde.com\/es\/libros-y-otros-productos\/libros\/consejos-practicos\/le-livre-de-sante-de-ste-hildegarde\/","title":{"rendered":"LE LIVRE DE SANTE DE STE HILDEGARDE"},"content":{"rendered":"<p><\/p>\n<p>LE LIVRE DE SANT\u00c9 DE STE HILDEGARDE<\/p>\n<p><\/p>\n<p>De Peter Pukownik aux \u00e9ditions M\u00e9dicis<\/p>\n<p><\/p>\n<p>ISBN : 978-2-85327-484-5<\/p>\n<p><\/p>\n<p>4\u00e8me de couverture<\/p>\n<p><\/p>\n<p>Comment vivre sainement selon les enseignements de sainte Hildegarde<br \/>\nde Bingen<\/p>\n<p><\/p>\n<p>Ce livre vous montre comment utiliser correctement les forces de<br \/>\ngu\u00e9rison de la nature, pr\u00e9venir les maladies ou les gu\u00e9rir de fa\u00e7on<br \/>\nnaturelle, et conserver la sant\u00e9. Pour une meilleure compr\u00e9hension de<br \/>\ncette sagesse ancestrale, l&#8217;auteur nous invite \u00e0 d\u00e9couvrir le monde<br \/>\nd&#8217;Hildegarde et sa vision de l&#8217;homme : la sant\u00e9 est pour elle un<br \/>\nprocessus dynamique qui dure toute la vie, une posture religieuse et<br \/>\nmorale holistique, le renoncement \u00e0 nos habitudes pathog\u00e8nes, le respect<br \/>\ndes rythmes de la vie, une relation consciente avec la nature et<br \/>\nl&#8217;apprentissage de la juste mesure.<\/p>\n<p><\/p>\n<p>Les diff\u00e9rents rem\u00e8des de la m\u00e9decine hildegardienne sont d\u00e9crits<br \/>\navec leur mode de pr\u00e9parartion, leur application et leurs effets sur le<br \/>\ncorps et l&#8217;esprit, ainsi que les possibilit\u00e9s de traitement des<br \/>\ndiff\u00e9rentes maladies et probl\u00e8mes de sant\u00e9, y compris les<br \/>\nrecommandations pour le je\u00fbne th\u00e9rapeutique.<\/p>\n<p><\/p>\n<p>Peter Pukownik est naturopathe, physioth\u00e9rapeute, masseur,<br \/>\nbaln\u00e9oth\u00e9rapeute m\u00e9dical et auteur. Il pratique dans son cabinet du<br \/>\nFrankenwald et a d\u00e9j\u00e0 publi\u00e9 plusieurs ouvrages sur les plantes<br \/>\nm\u00e9dicinales et la m\u00e9decine naturelle, tout sp\u00e9cialement celle de sainte<br \/>\nHildegarde de Bingen. Il nous livre ici l&#8217;essence de 30 ann\u00e9es de<br \/>\npratique.<\/p>\n","protected":false},"excerpt":{"rendered":"<p>LE LIVRE DE SANT\u00c9 DE STE HILDEGARDE De Peter Pukownik aux \u00e9ditions M\u00e9dicis ISBN : 978-2-85327-484-5 4\u00e8me de couverture Comment vivre sainement selon les enseignements de sainte Hildegarde de Bingen Ce livre vous montre comment utiliser correctement les forces de gu\u00e9rison de la nature, pr\u00e9venir les maladies ou les gu\u00e9rir de fa\u00e7on naturelle, et conserver [&hellip;]<\/p>\n","protected":false},"featured_media":75022,"comment_status":"open","ping_status":"closed","template":"","meta":{"_acf_changed":false,"_relevanssi_hide_post":"","_relevanssi_hide_content":"","_relevanssi_pin_for_all":"","_relevanssi_pin_keywords":"","_relevanssi_unpin_keywords":"","_relevanssi_related_keywords":"","_relevanssi_related_include_ids":"","_relevanssi_related_exclude_ids":"","_relevanssi_related_no_append":"","_relevanssi_related_not_related":"","_relevanssi_related_posts":"","_relevanssi_noindex_reason":""},"product_brand":[],"product_cat":[111,108,33],"product_tag":[],"class_list":{"0":"post-1613","1":"product","2":"type-product","3":"status-publish","4":"has-post-thumbnail","6":"product_cat-conseils-pratiques","7":"product_cat-livres","8":"product_cat-livres-et-loisirs","10":"first","11":"instock","12":"taxable","13":"shipping-taxable","14":"purchasable","15":"product-type-simple"},"acf":[],"yoast_head":"<!-- This site is optimized with the Yoast SEO plugin v27.2 - https:\/\/yoast.com\/product\/yoast-seo-wordpress\/ -->\n<title>LE LIVRE DE SANTE DE STE HILDEGARDE - Les Jardins de Sainte-Hildegarde<\/title>\n<meta name=\"robots\" content=\"index, follow, max-snippet:-1, max-image-preview:large, max-video-preview:-1\" \/>\n<link rel=\"canonical\" href=\"https:\/\/www.lesjardinsdesaintehildegarde.com\/es\/libros-y-otros-productos\/libros\/consejos-practicos\/le-livre-de-sante-de-ste-hildegarde\/\" \/>\n<meta property=\"og:locale\" content=\"es_ES\" \/>\n<meta property=\"og:type\" content=\"article\" \/>\n<meta property=\"og:title\" content=\"LE LIVRE DE SANTE DE STE HILDEGARDE - Les Jardins de Sainte-Hildegarde\" \/>\n<meta property=\"og:description\" content=\"LE LIVRE DE SANT\u00c9 DE STE HILDEGARDE De Peter Pukownik aux \u00e9ditions M\u00e9dicis ISBN : 978-2-85327-484-5 4\u00e8me de couverture Comment vivre sainement selon les enseignements de sainte Hildegarde de Bingen Ce livre vous montre comment utiliser correctement les forces de gu\u00e9rison de la nature, pr\u00e9venir les maladies ou les gu\u00e9rir de fa\u00e7on naturelle, et conserver [&hellip;]\" \/>\n<meta property=\"og:url\" content=\"https:\/\/www.lesjardinsdesaintehildegarde.com\/es\/libros-y-otros-productos\/libros\/consejos-practicos\/le-livre-de-sante-de-ste-hildegarde\/\" \/>\n<meta property=\"og:site_name\" content=\"Les Jardins de Sainte-Hildegarde\" \/>\n<meta property=\"article:modified_time\" content=\"2026-04-09T07:44:03+00:00\" \/>\n<meta property=\"og:image\" content=\"https:\/\/www.lesjardinsdesaintehildegarde.com\/wp-content\/uploads\/2023\/10\/l0115-le-livre-de-sante-de-sainte-hildegarde-de-bingen.jpg\" \/>\n\t<meta property=\"og:image:width\" content=\"1200\" \/>\n\t<meta property=\"og:image:height\" content=\"1200\" \/>\n\t<meta property=\"og:image:type\" content=\"image\/jpeg\" \/>\n<meta name=\"twitter:card\" content=\"summary_large_image\" \/>\n<meta name=\"twitter:label1\" content=\"Tiempo de lectura\" \/>\n\t<meta name=\"twitter:data1\" content=\"2 minutos\" \/>\n<script type=\"application\/ld+json\" class=\"yoast-schema-graph\">{\"@context\":\"https:\/\/schema.org\",\"@graph\":[{\"@type\":\"WebPage\",\"@id\":\"https:\/\/www.lesjardinsdesaintehildegarde.com\/es\/libros-y-otros-productos\/libros\/consejos-practicos\/le-livre-de-sante-de-ste-hildegarde\/\",\"url\":\"https:\/\/www.lesjardinsdesaintehildegarde.com\/es\/libros-y-otros-productos\/libros\/consejos-practicos\/le-livre-de-sante-de-ste-hildegarde\/\",\"name\":\"LE LIVRE DE SANTE DE STE HILDEGARDE - Les Jardins de Sainte-Hildegarde\",\"isPartOf\":{\"@id\":\"https:\/\/www.lesjardinsdesaintehildegarde.com\/es\/#website\"},\"primaryImageOfPage\":{\"@id\":\"https:\/\/www.lesjardinsdesaintehildegarde.com\/es\/libros-y-otros-productos\/libros\/consejos-practicos\/le-livre-de-sante-de-ste-hildegarde\/#primaryimage\"},\"image\":{\"@id\":\"https:\/\/www.lesjardinsdesaintehildegarde.com\/es\/libros-y-otros-productos\/libros\/consejos-practicos\/le-livre-de-sante-de-ste-hildegarde\/#primaryimage\"},\"thumbnailUrl\":\"https:\/\/www.lesjardinsdesaintehildegarde.com\/wp-content\/uploads\/2023\/10\/l0115-le-livre-de-sante-de-sainte-hildegarde-de-bingen.jpg\",\"datePublished\":\"2022-11-04T08:08:51+00:00\",\"dateModified\":\"2026-04-09T07:44:03+00:00\",\"breadcrumb\":{\"@id\":\"https:\/\/www.lesjardinsdesaintehildegarde.com\/es\/libros-y-otros-productos\/libros\/consejos-practicos\/le-livre-de-sante-de-ste-hildegarde\/#breadcrumb\"},\"inLanguage\":\"es\",\"potentialAction\":[{\"@type\":\"ReadAction\",\"target\":[\"https:\/\/www.lesjardinsdesaintehildegarde.com\/es\/libros-y-otros-productos\/libros\/consejos-practicos\/le-livre-de-sante-de-ste-hildegarde\/\"]}]},{\"@type\":\"ImageObject\",\"inLanguage\":\"es\",\"@id\":\"https:\/\/www.lesjardinsdesaintehildegarde.com\/es\/libros-y-otros-productos\/libros\/consejos-practicos\/le-livre-de-sante-de-ste-hildegarde\/#primaryimage\",\"url\":\"https:\/\/www.lesjardinsdesaintehildegarde.com\/wp-content\/uploads\/2023\/10\/l0115-le-livre-de-sante-de-sainte-hildegarde-de-bingen.jpg\",\"contentUrl\":\"https:\/\/www.lesjardinsdesaintehildegarde.com\/wp-content\/uploads\/2023\/10\/l0115-le-livre-de-sante-de-sainte-hildegarde-de-bingen.jpg\",\"width\":1200,\"height\":1200,\"caption\":\"LE LIVRE DE SANT\u00c9 DE STE HILDEGARDE De Peter Pukownik aux \u00e9ditions M\u00e9dicis\"},{\"@type\":\"BreadcrumbList\",\"@id\":\"https:\/\/www.lesjardinsdesaintehildegarde.com\/es\/libros-y-otros-productos\/libros\/consejos-practicos\/le-livre-de-sante-de-ste-hildegarde\/#breadcrumb\",\"itemListElement\":[{\"@type\":\"ListItem\",\"position\":1,\"name\":\"Inicio\",\"item\":\"https:\/\/www.lesjardinsdesaintehildegarde.com\/es\/\"},{\"@type\":\"ListItem\",\"position\":2,\"name\":\"Productos\",\"item\":\"https:\/\/www.lesjardinsdesaintehildegarde.com\/es\/shop\/\"},{\"@type\":\"ListItem\",\"position\":3,\"name\":\"LE LIVRE DE SANTE DE STE HILDEGARDE\"}]},{\"@type\":\"WebSite\",\"@id\":\"https:\/\/www.lesjardinsdesaintehildegarde.com\/es\/#website\",\"url\":\"https:\/\/www.lesjardinsdesaintehildegarde.com\/es\/\",\"name\":\"Les Jardins de Sainte-Hildegarde\",\"description\":\"Viriditas\",\"publisher\":{\"@id\":\"https:\/\/www.lesjardinsdesaintehildegarde.com\/es\/#organization\"},\"potentialAction\":[{\"@type\":\"SearchAction\",\"target\":{\"@type\":\"EntryPoint\",\"urlTemplate\":\"https:\/\/www.lesjardinsdesaintehildegarde.com\/es\/?s={search_term_string}\"},\"query-input\":{\"@type\":\"PropertyValueSpecification\",\"valueRequired\":true,\"valueName\":\"search_term_string\"}}],\"inLanguage\":\"es\"},{\"@type\":\"Organization\",\"@id\":\"https:\/\/www.lesjardinsdesaintehildegarde.com\/es\/#organization\",\"name\":\"Les Jardins de Sainte-Hildegarde\",\"url\":\"https:\/\/www.lesjardinsdesaintehildegarde.com\/es\/\",\"logo\":{\"@type\":\"ImageObject\",\"inLanguage\":\"es\",\"@id\":\"https:\/\/www.lesjardinsdesaintehildegarde.com\/es\/#\/schema\/logo\/image\/\",\"url\":\"https:\/\/www.lesjardinsdesaintehildegarde.com\/wp-content\/uploads\/2022\/11\/logo-2022.png\",\"contentUrl\":\"https:\/\/www.lesjardinsdesaintehildegarde.com\/wp-content\/uploads\/2022\/11\/logo-2022.png\",\"width\":365,\"height\":90,\"caption\":\"Les Jardins de Sainte-Hildegarde\"},\"image\":{\"@id\":\"https:\/\/www.lesjardinsdesaintehildegarde.com\/es\/#\/schema\/logo\/image\/\"}}]}<\/script>\n<!-- \/ Yoast SEO plugin. -->","yoast_head_json":{"title":"LE LIVRE DE SANTE DE STE HILDEGARDE - Les Jardins de Sainte-Hildegarde","robots":{"index":"index","follow":"follow","max-snippet":"max-snippet:-1","max-image-preview":"max-image-preview:large","max-video-preview":"max-video-preview:-1"},"canonical":"https:\/\/www.lesjardinsdesaintehildegarde.com\/es\/libros-y-otros-productos\/libros\/consejos-practicos\/le-livre-de-sante-de-ste-hildegarde\/","og_locale":"es_ES","og_type":"article","og_title":"LE LIVRE DE SANTE DE STE HILDEGARDE - Les Jardins de Sainte-Hildegarde","og_description":"LE LIVRE DE SANT\u00c9 DE STE HILDEGARDE De Peter Pukownik aux \u00e9ditions M\u00e9dicis ISBN : 978-2-85327-484-5 4\u00e8me de couverture Comment vivre sainement selon les enseignements de sainte Hildegarde de Bingen Ce livre vous montre comment utiliser correctement les forces de gu\u00e9rison de la nature, pr\u00e9venir les maladies ou les gu\u00e9rir de fa\u00e7on naturelle, et conserver [&hellip;]","og_url":"https:\/\/www.lesjardinsdesaintehildegarde.com\/es\/libros-y-otros-productos\/libros\/consejos-practicos\/le-livre-de-sante-de-ste-hildegarde\/","og_site_name":"Les Jardins de Sainte-Hildegarde","article_modified_time":"2026-04-09T07:44:03+00:00","og_image":[{"width":1200,"height":1200,"url":"https:\/\/www.lesjardinsdesaintehildegarde.com\/wp-content\/uploads\/2023\/10\/l0115-le-livre-de-sante-de-sainte-hildegarde-de-bingen.jpg","type":"image\/jpeg"}],"twitter_card":"summary_large_image","twitter_misc":{"Tiempo de lectura":"2 minutos"},"schema":{"@context":"https:\/\/schema.org","@graph":[{"@type":"WebPage","@id":"https:\/\/www.lesjardinsdesaintehildegarde.com\/es\/libros-y-otros-productos\/libros\/consejos-practicos\/le-livre-de-sante-de-ste-hildegarde\/","url":"https:\/\/www.lesjardinsdesaintehildegarde.com\/es\/libros-y-otros-productos\/libros\/consejos-practicos\/le-livre-de-sante-de-ste-hildegarde\/","name":"LE LIVRE DE SANTE DE STE HILDEGARDE - Les Jardins de Sainte-Hildegarde","isPartOf":{"@id":"https:\/\/www.lesjardinsdesaintehildegarde.com\/es\/#website"},"primaryImageOfPage":{"@id":"https:\/\/www.lesjardinsdesaintehildegarde.com\/es\/libros-y-otros-productos\/libros\/consejos-practicos\/le-livre-de-sante-de-ste-hildegarde\/#primaryimage"},"image":{"@id":"https:\/\/www.lesjardinsdesaintehildegarde.com\/es\/libros-y-otros-productos\/libros\/consejos-practicos\/le-livre-de-sante-de-ste-hildegarde\/#primaryimage"},"thumbnailUrl":"https:\/\/www.lesjardinsdesaintehildegarde.com\/wp-content\/uploads\/2023\/10\/l0115-le-livre-de-sante-de-sainte-hildegarde-de-bingen.jpg","datePublished":"2022-11-04T08:08:51+00:00","dateModified":"2026-04-09T07:44:03+00:00","breadcrumb":{"@id":"https:\/\/www.lesjardinsdesaintehildegarde.com\/es\/libros-y-otros-productos\/libros\/consejos-practicos\/le-livre-de-sante-de-ste-hildegarde\/#breadcrumb"},"inLanguage":"es","potentialAction":[{"@type":"ReadAction","target":["https:\/\/www.lesjardinsdesaintehildegarde.com\/es\/libros-y-otros-productos\/libros\/consejos-practicos\/le-livre-de-sante-de-ste-hildegarde\/"]}]},{"@type":"ImageObject","inLanguage":"es","@id":"https:\/\/www.lesjardinsdesaintehildegarde.com\/es\/libros-y-otros-productos\/libros\/consejos-practicos\/le-livre-de-sante-de-ste-hildegarde\/#primaryimage","url":"https:\/\/www.lesjardinsdesaintehildegarde.com\/wp-content\/uploads\/2023\/10\/l0115-le-livre-de-sante-de-sainte-hildegarde-de-bingen.jpg","contentUrl":"https:\/\/www.lesjardinsdesaintehildegarde.com\/wp-content\/uploads\/2023\/10\/l0115-le-livre-de-sante-de-sainte-hildegarde-de-bingen.jpg","width":1200,"height":1200,"caption":"LE LIVRE DE SANT\u00c9 DE STE HILDEGARDE De Peter Pukownik aux \u00e9ditions M\u00e9dicis"},{"@type":"BreadcrumbList","@id":"https:\/\/www.lesjardinsdesaintehildegarde.com\/es\/libros-y-otros-productos\/libros\/consejos-practicos\/le-livre-de-sante-de-ste-hildegarde\/#breadcrumb","itemListElement":[{"@type":"ListItem","position":1,"name":"Inicio","item":"https:\/\/www.lesjardinsdesaintehildegarde.com\/es\/"},{"@type":"ListItem","position":2,"name":"Productos","item":"https:\/\/www.lesjardinsdesaintehildegarde.com\/es\/shop\/"},{"@type":"ListItem","position":3,"name":"LE LIVRE DE SANTE DE STE HILDEGARDE"}]},{"@type":"WebSite","@id":"https:\/\/www.lesjardinsdesaintehildegarde.com\/es\/#website","url":"https:\/\/www.lesjardinsdesaintehildegarde.com\/es\/","name":"Les Jardins de Sainte-Hildegarde","description":"Viriditas","publisher":{"@id":"https:\/\/www.lesjardinsdesaintehildegarde.com\/es\/#organization"},"potentialAction":[{"@type":"SearchAction","target":{"@type":"EntryPoint","urlTemplate":"https:\/\/www.lesjardinsdesaintehildegarde.com\/es\/?s={search_term_string}"},"query-input":{"@type":"PropertyValueSpecification","valueRequired":true,"valueName":"search_term_string"}}],"inLanguage":"es"},{"@type":"Organization","@id":"https:\/\/www.lesjardinsdesaintehildegarde.com\/es\/#organization","name":"Les Jardins de Sainte-Hildegarde","url":"https:\/\/www.lesjardinsdesaintehildegarde.com\/es\/","logo":{"@type":"ImageObject","inLanguage":"es","@id":"https:\/\/www.lesjardinsdesaintehildegarde.com\/es\/#\/schema\/logo\/image\/","url":"https:\/\/www.lesjardinsdesaintehildegarde.com\/wp-content\/uploads\/2022\/11\/logo-2022.png","contentUrl":"https:\/\/www.lesjardinsdesaintehildegarde.com\/wp-content\/uploads\/2022\/11\/logo-2022.png","width":365,"height":90,"caption":"Les Jardins de Sainte-Hildegarde"},"image":{"@id":"https:\/\/www.lesjardinsdesaintehildegarde.com\/es\/#\/schema\/logo\/image\/"}}]}},"_links":{"self":[{"href":"https:\/\/www.lesjardinsdesaintehildegarde.com\/es\/wp-json\/wp\/v2\/product\/1613","targetHints":{"allow":["GET"]}}],"collection":[{"href":"https:\/\/www.lesjardinsdesaintehildegarde.com\/es\/wp-json\/wp\/v2\/product"}],"about":[{"href":"https:\/\/www.lesjardinsdesaintehildegarde.com\/es\/wp-json\/wp\/v2\/types\/product"}],"replies":[{"embeddable":true,"href":"https:\/\/www.lesjardinsdesaintehildegarde.com\/es\/wp-json\/wp\/v2\/comments?post=1613"}],"wp:featuredmedia":[{"embeddable":true,"href":"https:\/\/www.lesjardinsdesaintehildegarde.com\/es\/wp-json\/wp\/v2\/media\/75022"}],"wp:attachment":[{"href":"https:\/\/www.lesjardinsdesaintehildegarde.com\/es\/wp-json\/wp\/v2\/media?parent=1613"}],"wp:term":[{"taxonomy":"product_brand","embeddable":true,"href":"https:\/\/www.lesjardinsdesaintehildegarde.com\/es\/wp-json\/wp\/v2\/product_brand?post=1613"},{"taxonomy":"product_cat","embeddable":true,"href":"https:\/\/www.lesjardinsdesaintehildegarde.com\/es\/wp-json\/wp\/v2\/product_cat?post=1613"},{"taxonomy":"product_tag","embeddable":true,"href":"https:\/\/www.lesjardinsdesaintehildegarde.com\/es\/wp-json\/wp\/v2\/product_tag?post=1613"}],"curies":[{"name":"wp","href":"https:\/\/api.w.org\/{rel}","templated":true}]}}