{"id":1616,"date":"2022-11-04T09:08:51","date_gmt":"2022-11-04T08:08:51","guid":{"rendered":"https:\/\/www.lesjardinsdesaintehildegarde.com\/non%20class\u00e9\/hildegarde-de-bingen-vannier-m-a\/"},"modified":"2026-02-18T11:12:12","modified_gmt":"2026-02-18T10:12:12","slug":"hildegarde-de-bingen-vannier-m-a","status":"publish","type":"product","link":"https:\/\/www.lesjardinsdesaintehildegarde.com\/es\/libros-y-otros-productos\/libros\/biografias-y-espiritualidad\/hildegarde-de-bingen-vannier-m-a\/","title":{"rendered":"HILDEGARDE DE BINGEN &#8211; VANNIER M-A"},"content":{"rendered":"<p><\/p>\n<p>HILDEGARDE DE BINGEN, UNE VISIONNAIRE ET UNE FEMME D&#8217;ACTION<\/p>\n<p><\/p>\n<p>191 pages, format : L12 x H22 cm<\/p>\n<p><\/p>\n<p>Marie-Anne VANNIER<\/p>\n<p><\/p>\n<p>Ce livre biographique pr\u00e9sente la vie de sainte Hildegarde, ses<br \/>\noeuvres spirituelles, scientifiques et musicales, avec comme fil<br \/>\nconducteur de sa vie \u00abla lumi\u00e8re vivante\u00bb.<\/p>\n<p><\/p>\n<p>4\u00e8me de couverture:<\/p>\n<p><\/p>\n<p>\u00abPersonnalit\u00e9 exceptionnelle, g\u00e9nie du XII\u00e8me si\u00e8cle, excellant dans<br \/>\ntous les domaines, Hildegarde de Bingen est connue pour ses visions,<br \/>\nqu&#8217;elle \u00e9voque, explique et dont nous avons un \u00e9cho pictural.<\/p>\n<p><\/p>\n<p>Elle en rend compte non seulement dans son tryptique visionnaire,<br \/>\nconstitu\u00e9 par le Scivias, le Livre des m\u00e9rites<\/p>\n<p><\/p>\n<p>de la vie et le Livre des oeuvres divines, mais aussi dans nombre<br \/>\nd&#8217;autres oeuvres et dans sa musique.<\/p>\n<p><\/p>\n<p>En fait, Hildegarde a pass\u00e9 sa vie \u00ab\u00e0 l&#8217;ombre de la lumi\u00e8re vivante\u00bb<br \/>\ndes visions qui ont ponctu\u00e9 son existence et qui lui ont donn\u00e9 une autre<br \/>\nperception du monde. Cette lumi\u00e8re a \u00e9t\u00e9 son guide spirituel; elle l&#8217;a<br \/>\nsuivie et a chemin\u00e9 dans sa dynamique, sur la voie du discernement et de<br \/>\nla libert\u00e9\u00bb.<\/p>\n","protected":false},"excerpt":{"rendered":"<p>HILDEGARDE DE BINGEN, UNE VISIONNAIRE ET UNE FEMME D&#8217;ACTION 191 pages, format : L12 x H22 cm Marie-Anne VANNIER Ce livre biographique pr\u00e9sente la vie de sainte Hildegarde, ses oeuvres spirituelles, scientifiques et musicales, avec comme fil conducteur de sa vie \u00abla lumi\u00e8re vivante\u00bb. 4\u00e8me de couverture: \u00abPersonnalit\u00e9 exceptionnelle, g\u00e9nie du XII\u00e8me si\u00e8cle, excellant dans [&hellip;]<\/p>\n","protected":false},"featured_media":75115,"comment_status":"open","ping_status":"closed","template":"","meta":{"_acf_changed":false,"_relevanssi_hide_post":"","_relevanssi_hide_content":"","_relevanssi_pin_for_all":"","_relevanssi_pin_keywords":"","_relevanssi_unpin_keywords":"","_relevanssi_related_keywords":"","_relevanssi_related_include_ids":"","_relevanssi_related_exclude_ids":"","_relevanssi_related_no_append":"","_relevanssi_related_not_related":"","_relevanssi_related_posts":"","_relevanssi_noindex_reason":""},"product_brand":[],"product_cat":[113,108,33],"product_tag":[48],"class_list":{"0":"post-1616","1":"product","2":"type-product","3":"status-publish","4":"has-post-thumbnail","6":"product_cat-biographies-et-spiritualite","7":"product_cat-livres","8":"product_cat-livres-et-loisirs","9":"product_tag-achat-direct","11":"first","12":"instock","13":"taxable","14":"shipping-taxable","15":"purchasable","16":"product-type-simple"},"acf":[],"yoast_head":"<!-- This site is optimized with the Yoast SEO plugin v27.4 - https:\/\/yoast.com\/product\/yoast-seo-wordpress\/ -->\n<title>HILDEGARDE DE BINGEN - VANNIER M-A - Les Jardins de Sainte-Hildegarde<\/title>\n<meta name=\"robots\" content=\"index, follow, max-snippet:-1, max-image-preview:large, max-video-preview:-1\" \/>\n<link rel=\"canonical\" href=\"https:\/\/www.lesjardinsdesaintehildegarde.com\/es\/libros-y-otros-productos\/libros\/biografias-y-espiritualidad\/hildegarde-de-bingen-vannier-m-a\/\" \/>\n<meta property=\"og:locale\" content=\"es_ES\" \/>\n<meta property=\"og:type\" content=\"article\" \/>\n<meta property=\"og:title\" content=\"HILDEGARDE DE BINGEN - VANNIER M-A - Les Jardins de Sainte-Hildegarde\" \/>\n<meta property=\"og:description\" content=\"HILDEGARDE DE BINGEN, UNE VISIONNAIRE ET UNE FEMME D&#8217;ACTION 191 pages, format : L12 x H22 cm Marie-Anne VANNIER Ce livre biographique pr\u00e9sente la vie de sainte Hildegarde, ses oeuvres spirituelles, scientifiques et musicales, avec comme fil conducteur de sa vie \u00abla lumi\u00e8re vivante\u00bb. 4\u00e8me de couverture: \u00abPersonnalit\u00e9 exceptionnelle, g\u00e9nie du XII\u00e8me si\u00e8cle, excellant dans [&hellip;]\" \/>\n<meta property=\"og:url\" content=\"https:\/\/www.lesjardinsdesaintehildegarde.com\/es\/libros-y-otros-productos\/libros\/biografias-y-espiritualidad\/hildegarde-de-bingen-vannier-m-a\/\" \/>\n<meta property=\"og:site_name\" content=\"Les Jardins de Sainte-Hildegarde\" \/>\n<meta property=\"article:modified_time\" content=\"2026-02-18T10:12:12+00:00\" \/>\n<meta property=\"og:image\" content=\"https:\/\/www.lesjardinsdesaintehildegarde.com\/wp-content\/uploads\/2023\/10\/l0118-hdb-anne-marie-vannier.jpg\" \/>\n\t<meta property=\"og:image:width\" content=\"1200\" \/>\n\t<meta property=\"og:image:height\" content=\"1200\" \/>\n\t<meta property=\"og:image:type\" content=\"image\/jpeg\" \/>\n<meta name=\"twitter:card\" content=\"summary_large_image\" \/>\n<meta name=\"twitter:label1\" content=\"Tiempo de lectura\" \/>\n\t<meta name=\"twitter:data1\" content=\"1 minuto\" \/>\n<script type=\"application\/ld+json\" class=\"yoast-schema-graph\">{\"@context\":\"https:\\\/\\\/schema.org\",\"@graph\":[{\"@type\":\"WebPage\",\"@id\":\"https:\\\/\\\/www.lesjardinsdesaintehildegarde.com\\\/es\\\/libros-y-otros-productos\\\/libros\\\/biografias-y-espiritualidad\\\/hildegarde-de-bingen-vannier-m-a\\\/\",\"url\":\"https:\\\/\\\/www.lesjardinsdesaintehildegarde.com\\\/es\\\/libros-y-otros-productos\\\/libros\\\/biografias-y-espiritualidad\\\/hildegarde-de-bingen-vannier-m-a\\\/\",\"name\":\"HILDEGARDE DE BINGEN - VANNIER M-A - Les Jardins de Sainte-Hildegarde\",\"isPartOf\":{\"@id\":\"https:\\\/\\\/www.lesjardinsdesaintehildegarde.com\\\/es\\\/#website\"},\"primaryImageOfPage\":{\"@id\":\"https:\\\/\\\/www.lesjardinsdesaintehildegarde.com\\\/es\\\/libros-y-otros-productos\\\/libros\\\/biografias-y-espiritualidad\\\/hildegarde-de-bingen-vannier-m-a\\\/#primaryimage\"},\"image\":{\"@id\":\"https:\\\/\\\/www.lesjardinsdesaintehildegarde.com\\\/es\\\/libros-y-otros-productos\\\/libros\\\/biografias-y-espiritualidad\\\/hildegarde-de-bingen-vannier-m-a\\\/#primaryimage\"},\"thumbnailUrl\":\"https:\\\/\\\/www.lesjardinsdesaintehildegarde.com\\\/wp-content\\\/uploads\\\/2023\\\/10\\\/l0118-hdb-anne-marie-vannier.jpg\",\"datePublished\":\"2022-11-04T08:08:51+00:00\",\"dateModified\":\"2026-02-18T10:12:12+00:00\",\"breadcrumb\":{\"@id\":\"https:\\\/\\\/www.lesjardinsdesaintehildegarde.com\\\/es\\\/libros-y-otros-productos\\\/libros\\\/biografias-y-espiritualidad\\\/hildegarde-de-bingen-vannier-m-a\\\/#breadcrumb\"},\"inLanguage\":\"es\",\"potentialAction\":[{\"@type\":\"ReadAction\",\"target\":[\"https:\\\/\\\/www.lesjardinsdesaintehildegarde.com\\\/es\\\/libros-y-otros-productos\\\/libros\\\/biografias-y-espiritualidad\\\/hildegarde-de-bingen-vannier-m-a\\\/\"]}]},{\"@type\":\"ImageObject\",\"inLanguage\":\"es\",\"@id\":\"https:\\\/\\\/www.lesjardinsdesaintehildegarde.com\\\/es\\\/libros-y-otros-productos\\\/libros\\\/biografias-y-espiritualidad\\\/hildegarde-de-bingen-vannier-m-a\\\/#primaryimage\",\"url\":\"https:\\\/\\\/www.lesjardinsdesaintehildegarde.com\\\/wp-content\\\/uploads\\\/2023\\\/10\\\/l0118-hdb-anne-marie-vannier.jpg\",\"contentUrl\":\"https:\\\/\\\/www.lesjardinsdesaintehildegarde.com\\\/wp-content\\\/uploads\\\/2023\\\/10\\\/l0118-hdb-anne-marie-vannier.jpg\",\"width\":1200,\"height\":1200,\"caption\":\"Hildegarde de bingen - Biographie-Anne-Marie-Vannier\"},{\"@type\":\"BreadcrumbList\",\"@id\":\"https:\\\/\\\/www.lesjardinsdesaintehildegarde.com\\\/es\\\/libros-y-otros-productos\\\/libros\\\/biografias-y-espiritualidad\\\/hildegarde-de-bingen-vannier-m-a\\\/#breadcrumb\",\"itemListElement\":[{\"@type\":\"ListItem\",\"position\":1,\"name\":\"Inicio\",\"item\":\"https:\\\/\\\/www.lesjardinsdesaintehildegarde.com\\\/es\\\/\"},{\"@type\":\"ListItem\",\"position\":2,\"name\":\"Productos\",\"item\":\"https:\\\/\\\/www.lesjardinsdesaintehildegarde.com\\\/es\\\/shop\\\/\"},{\"@type\":\"ListItem\",\"position\":3,\"name\":\"HILDEGARDE DE BINGEN &#8211; VANNIER M-A\"}]},{\"@type\":\"WebSite\",\"@id\":\"https:\\\/\\\/www.lesjardinsdesaintehildegarde.com\\\/es\\\/#website\",\"url\":\"https:\\\/\\\/www.lesjardinsdesaintehildegarde.com\\\/es\\\/\",\"name\":\"Les Jardins de Sainte-Hildegarde\",\"description\":\"Viriditas\",\"publisher\":{\"@id\":\"https:\\\/\\\/www.lesjardinsdesaintehildegarde.com\\\/es\\\/#organization\"},\"potentialAction\":[{\"@type\":\"SearchAction\",\"target\":{\"@type\":\"EntryPoint\",\"urlTemplate\":\"https:\\\/\\\/www.lesjardinsdesaintehildegarde.com\\\/es\\\/?s={search_term_string}\"},\"query-input\":{\"@type\":\"PropertyValueSpecification\",\"valueRequired\":true,\"valueName\":\"search_term_string\"}}],\"inLanguage\":\"es\"},{\"@type\":\"Organization\",\"@id\":\"https:\\\/\\\/www.lesjardinsdesaintehildegarde.com\\\/es\\\/#organization\",\"name\":\"Les Jardins de Sainte-Hildegarde\",\"url\":\"https:\\\/\\\/www.lesjardinsdesaintehildegarde.com\\\/es\\\/\",\"logo\":{\"@type\":\"ImageObject\",\"inLanguage\":\"es\",\"@id\":\"https:\\\/\\\/www.lesjardinsdesaintehildegarde.com\\\/es\\\/#\\\/schema\\\/logo\\\/image\\\/\",\"url\":\"https:\\\/\\\/www.lesjardinsdesaintehildegarde.com\\\/wp-content\\\/uploads\\\/2022\\\/11\\\/logo-2022.png\",\"contentUrl\":\"https:\\\/\\\/www.lesjardinsdesaintehildegarde.com\\\/wp-content\\\/uploads\\\/2022\\\/11\\\/logo-2022.png\",\"width\":365,\"height\":90,\"caption\":\"Les Jardins de Sainte-Hildegarde\"},\"image\":{\"@id\":\"https:\\\/\\\/www.lesjardinsdesaintehildegarde.com\\\/es\\\/#\\\/schema\\\/logo\\\/image\\\/\"}}]}<\/script>\n<!-- \/ Yoast SEO plugin. -->","yoast_head_json":{"title":"HILDEGARDE DE BINGEN - VANNIER M-A - Les Jardins de Sainte-Hildegarde","robots":{"index":"index","follow":"follow","max-snippet":"max-snippet:-1","max-image-preview":"max-image-preview:large","max-video-preview":"max-video-preview:-1"},"canonical":"https:\/\/www.lesjardinsdesaintehildegarde.com\/es\/libros-y-otros-productos\/libros\/biografias-y-espiritualidad\/hildegarde-de-bingen-vannier-m-a\/","og_locale":"es_ES","og_type":"article","og_title":"HILDEGARDE DE BINGEN - VANNIER M-A - Les Jardins de Sainte-Hildegarde","og_description":"HILDEGARDE DE BINGEN, UNE VISIONNAIRE ET UNE FEMME D&#8217;ACTION 191 pages, format : L12 x H22 cm Marie-Anne VANNIER Ce livre biographique pr\u00e9sente la vie de sainte Hildegarde, ses oeuvres spirituelles, scientifiques et musicales, avec comme fil conducteur de sa vie \u00abla lumi\u00e8re vivante\u00bb. 4\u00e8me de couverture: \u00abPersonnalit\u00e9 exceptionnelle, g\u00e9nie du XII\u00e8me si\u00e8cle, excellant dans [&hellip;]","og_url":"https:\/\/www.lesjardinsdesaintehildegarde.com\/es\/libros-y-otros-productos\/libros\/biografias-y-espiritualidad\/hildegarde-de-bingen-vannier-m-a\/","og_site_name":"Les Jardins de Sainte-Hildegarde","article_modified_time":"2026-02-18T10:12:12+00:00","og_image":[{"width":1200,"height":1200,"url":"https:\/\/www.lesjardinsdesaintehildegarde.com\/wp-content\/uploads\/2023\/10\/l0118-hdb-anne-marie-vannier.jpg","type":"image\/jpeg"}],"twitter_card":"summary_large_image","twitter_misc":{"Tiempo de lectura":"1 minuto"},"schema":{"@context":"https:\/\/schema.org","@graph":[{"@type":"WebPage","@id":"https:\/\/www.lesjardinsdesaintehildegarde.com\/es\/libros-y-otros-productos\/libros\/biografias-y-espiritualidad\/hildegarde-de-bingen-vannier-m-a\/","url":"https:\/\/www.lesjardinsdesaintehildegarde.com\/es\/libros-y-otros-productos\/libros\/biografias-y-espiritualidad\/hildegarde-de-bingen-vannier-m-a\/","name":"HILDEGARDE DE BINGEN - VANNIER M-A - Les Jardins de Sainte-Hildegarde","isPartOf":{"@id":"https:\/\/www.lesjardinsdesaintehildegarde.com\/es\/#website"},"primaryImageOfPage":{"@id":"https:\/\/www.lesjardinsdesaintehildegarde.com\/es\/libros-y-otros-productos\/libros\/biografias-y-espiritualidad\/hildegarde-de-bingen-vannier-m-a\/#primaryimage"},"image":{"@id":"https:\/\/www.lesjardinsdesaintehildegarde.com\/es\/libros-y-otros-productos\/libros\/biografias-y-espiritualidad\/hildegarde-de-bingen-vannier-m-a\/#primaryimage"},"thumbnailUrl":"https:\/\/www.lesjardinsdesaintehildegarde.com\/wp-content\/uploads\/2023\/10\/l0118-hdb-anne-marie-vannier.jpg","datePublished":"2022-11-04T08:08:51+00:00","dateModified":"2026-02-18T10:12:12+00:00","breadcrumb":{"@id":"https:\/\/www.lesjardinsdesaintehildegarde.com\/es\/libros-y-otros-productos\/libros\/biografias-y-espiritualidad\/hildegarde-de-bingen-vannier-m-a\/#breadcrumb"},"inLanguage":"es","potentialAction":[{"@type":"ReadAction","target":["https:\/\/www.lesjardinsdesaintehildegarde.com\/es\/libros-y-otros-productos\/libros\/biografias-y-espiritualidad\/hildegarde-de-bingen-vannier-m-a\/"]}]},{"@type":"ImageObject","inLanguage":"es","@id":"https:\/\/www.lesjardinsdesaintehildegarde.com\/es\/libros-y-otros-productos\/libros\/biografias-y-espiritualidad\/hildegarde-de-bingen-vannier-m-a\/#primaryimage","url":"https:\/\/www.lesjardinsdesaintehildegarde.com\/wp-content\/uploads\/2023\/10\/l0118-hdb-anne-marie-vannier.jpg","contentUrl":"https:\/\/www.lesjardinsdesaintehildegarde.com\/wp-content\/uploads\/2023\/10\/l0118-hdb-anne-marie-vannier.jpg","width":1200,"height":1200,"caption":"Hildegarde de bingen - Biographie-Anne-Marie-Vannier"},{"@type":"BreadcrumbList","@id":"https:\/\/www.lesjardinsdesaintehildegarde.com\/es\/libros-y-otros-productos\/libros\/biografias-y-espiritualidad\/hildegarde-de-bingen-vannier-m-a\/#breadcrumb","itemListElement":[{"@type":"ListItem","position":1,"name":"Inicio","item":"https:\/\/www.lesjardinsdesaintehildegarde.com\/es\/"},{"@type":"ListItem","position":2,"name":"Productos","item":"https:\/\/www.lesjardinsdesaintehildegarde.com\/es\/shop\/"},{"@type":"ListItem","position":3,"name":"HILDEGARDE DE BINGEN &#8211; VANNIER M-A"}]},{"@type":"WebSite","@id":"https:\/\/www.lesjardinsdesaintehildegarde.com\/es\/#website","url":"https:\/\/www.lesjardinsdesaintehildegarde.com\/es\/","name":"Les Jardins de Sainte-Hildegarde","description":"Viriditas","publisher":{"@id":"https:\/\/www.lesjardinsdesaintehildegarde.com\/es\/#organization"},"potentialAction":[{"@type":"SearchAction","target":{"@type":"EntryPoint","urlTemplate":"https:\/\/www.lesjardinsdesaintehildegarde.com\/es\/?s={search_term_string}"},"query-input":{"@type":"PropertyValueSpecification","valueRequired":true,"valueName":"search_term_string"}}],"inLanguage":"es"},{"@type":"Organization","@id":"https:\/\/www.lesjardinsdesaintehildegarde.com\/es\/#organization","name":"Les Jardins de Sainte-Hildegarde","url":"https:\/\/www.lesjardinsdesaintehildegarde.com\/es\/","logo":{"@type":"ImageObject","inLanguage":"es","@id":"https:\/\/www.lesjardinsdesaintehildegarde.com\/es\/#\/schema\/logo\/image\/","url":"https:\/\/www.lesjardinsdesaintehildegarde.com\/wp-content\/uploads\/2022\/11\/logo-2022.png","contentUrl":"https:\/\/www.lesjardinsdesaintehildegarde.com\/wp-content\/uploads\/2022\/11\/logo-2022.png","width":365,"height":90,"caption":"Les Jardins de Sainte-Hildegarde"},"image":{"@id":"https:\/\/www.lesjardinsdesaintehildegarde.com\/es\/#\/schema\/logo\/image\/"}}]}},"_links":{"self":[{"href":"https:\/\/www.lesjardinsdesaintehildegarde.com\/es\/wp-json\/wp\/v2\/product\/1616","targetHints":{"allow":["GET"]}}],"collection":[{"href":"https:\/\/www.lesjardinsdesaintehildegarde.com\/es\/wp-json\/wp\/v2\/product"}],"about":[{"href":"https:\/\/www.lesjardinsdesaintehildegarde.com\/es\/wp-json\/wp\/v2\/types\/product"}],"replies":[{"embeddable":true,"href":"https:\/\/www.lesjardinsdesaintehildegarde.com\/es\/wp-json\/wp\/v2\/comments?post=1616"}],"wp:featuredmedia":[{"embeddable":true,"href":"https:\/\/www.lesjardinsdesaintehildegarde.com\/es\/wp-json\/wp\/v2\/media\/75115"}],"wp:attachment":[{"href":"https:\/\/www.lesjardinsdesaintehildegarde.com\/es\/wp-json\/wp\/v2\/media?parent=1616"}],"wp:term":[{"taxonomy":"product_brand","embeddable":true,"href":"https:\/\/www.lesjardinsdesaintehildegarde.com\/es\/wp-json\/wp\/v2\/product_brand?post=1616"},{"taxonomy":"product_cat","embeddable":true,"href":"https:\/\/www.lesjardinsdesaintehildegarde.com\/es\/wp-json\/wp\/v2\/product_cat?post=1616"},{"taxonomy":"product_tag","embeddable":true,"href":"https:\/\/www.lesjardinsdesaintehildegarde.com\/es\/wp-json\/wp\/v2\/product_tag?post=1616"}],"curies":[{"name":"wp","href":"https:\/\/api.w.org\/{rel}","templated":true}]}}