{"id":1689,"date":"2022-11-04T09:09:02","date_gmt":"2022-11-04T08:09:02","guid":{"rendered":"https:\/\/www.lesjardinsdesaintehildegarde.com\/non%20class\u00e9\/tablier-cuisine-du-bonheur\/"},"modified":"2026-04-10T23:03:18","modified_gmt":"2026-04-10T21:03:18","slug":"tablier-cuisine-du-bonheur","status":"publish","type":"product","link":"https:\/\/www.lesjardinsdesaintehildegarde.com\/es\/otros-productos\/tablier-cuisine-du-bonheur\/","title":{"rendered":"TABLIER CUISINE DU BONHEUR"},"content":{"rendered":"<p>TABLIER DE CUISINE \u00abCUISINEZ LE BONHEUR AVEC STE HILDEGARDE\u00bb<\/p>\n<p>65 X 90 CM 100% coton, marquage par s\u00e9rigraphie.<\/p>\n<p>Mod\u00e8le d\u00e9pos\u00e9, reproduction interdite.<\/p>\n<p>N&#8217;h\u00e9sitez plus pour adopter ce joli tablier en cuisine ! <\/p>\n<p>Il sera peut-\u00eatre une opportunit\u00e9 d&#8217;ouvrir de riches discussions en famille sur les aliments du bonheur, la joie de cuisinier pour les autres, la sant\u00e9 dans l&#8217;assiette, les \u00e9crits de sainte Hildegarde, la Gr\u00e2ce de la joie !<\/p>\n","protected":false},"excerpt":{"rendered":"<p>TABLIER DE CUISINE \u00abCUISINEZ LE BONHEUR AVEC STE HILDEGARDE\u00bb 65 X 90 CM 100% coton, marquage par s\u00e9rigraphie. Mod\u00e8le d\u00e9pos\u00e9, reproduction interdite. N&#8217;h\u00e9sitez plus pour adopter ce joli tablier en cuisine ! Il sera peut-\u00eatre une opportunit\u00e9 d&#8217;ouvrir de riches discussions en famille sur les aliments du bonheur, la joie de cuisinier pour les autres, [&hellip;]<\/p>\n","protected":false},"featured_media":92815,"comment_status":"open","ping_status":"closed","template":"","meta":{"_acf_changed":false,"_relevanssi_hide_post":"","_relevanssi_hide_content":"","_relevanssi_pin_for_all":"","_relevanssi_pin_keywords":"","_relevanssi_unpin_keywords":"","_relevanssi_related_keywords":"","_relevanssi_related_include_ids":"","_relevanssi_related_exclude_ids":"","_relevanssi_related_no_append":"","_relevanssi_related_not_related":"","_relevanssi_related_posts":"","_relevanssi_noindex_reason":""},"product_brand":[],"product_cat":[37],"product_tag":[48],"class_list":{"0":"post-1689","1":"product","2":"type-product","3":"status-publish","4":"has-post-thumbnail","6":"product_cat-produits-divers","7":"product_tag-achat-direct","9":"first","10":"outofstock","11":"taxable","12":"shipping-taxable","13":"purchasable","14":"product-type-simple"},"acf":[],"yoast_head":"<!-- This site is optimized with the Yoast SEO plugin v27.2 - https:\/\/yoast.com\/product\/yoast-seo-wordpress\/ -->\n<title>TABLIER CUISINE DU BONHEUR - Les Jardins de Sainte-Hildegarde<\/title>\n<meta name=\"robots\" content=\"index, follow, max-snippet:-1, max-image-preview:large, max-video-preview:-1\" \/>\n<link rel=\"canonical\" href=\"https:\/\/www.lesjardinsdesaintehildegarde.com\/es\/otros-productos\/tablier-cuisine-du-bonheur\/\" \/>\n<meta property=\"og:locale\" content=\"es_ES\" \/>\n<meta property=\"og:type\" content=\"article\" \/>\n<meta property=\"og:title\" content=\"TABLIER CUISINE DU BONHEUR - Les Jardins de Sainte-Hildegarde\" \/>\n<meta property=\"og:description\" content=\"TABLIER DE CUISINE \u00abCUISINEZ LE BONHEUR AVEC STE HILDEGARDE\u00bb 65 X 90 CM 100% coton, marquage par s\u00e9rigraphie. Mod\u00e8le d\u00e9pos\u00e9, reproduction interdite. N&#8217;h\u00e9sitez plus pour adopter ce joli tablier en cuisine ! Il sera peut-\u00eatre une opportunit\u00e9 d&#8217;ouvrir de riches discussions en famille sur les aliments du bonheur, la joie de cuisinier pour les autres, [&hellip;]\" \/>\n<meta property=\"og:url\" content=\"https:\/\/www.lesjardinsdesaintehildegarde.com\/es\/otros-productos\/tablier-cuisine-du-bonheur\/\" \/>\n<meta property=\"og:site_name\" content=\"Les Jardins de Sainte-Hildegarde\" \/>\n<meta property=\"article:modified_time\" content=\"2026-04-10T21:03:18+00:00\" \/>\n<meta property=\"og:image\" content=\"https:\/\/www.lesjardinsdesaintehildegarde.com\/wp-content\/uploads\/2022\/11\/tab-001-tablier-cuisine-du-bonheur.jpg\" \/>\n\t<meta property=\"og:image:width\" content=\"1200\" \/>\n\t<meta property=\"og:image:height\" content=\"1200\" \/>\n\t<meta property=\"og:image:type\" content=\"image\/jpeg\" \/>\n<meta name=\"twitter:card\" content=\"summary_large_image\" \/>\n<meta name=\"twitter:label1\" content=\"Tiempo de lectura\" \/>\n\t<meta name=\"twitter:data1\" content=\"1 minuto\" \/>\n<script type=\"application\/ld+json\" class=\"yoast-schema-graph\">{\"@context\":\"https:\/\/schema.org\",\"@graph\":[{\"@type\":\"WebPage\",\"@id\":\"https:\/\/www.lesjardinsdesaintehildegarde.com\/es\/otros-productos\/tablier-cuisine-du-bonheur\/\",\"url\":\"https:\/\/www.lesjardinsdesaintehildegarde.com\/es\/otros-productos\/tablier-cuisine-du-bonheur\/\",\"name\":\"TABLIER CUISINE DU BONHEUR - Les Jardins de Sainte-Hildegarde\",\"isPartOf\":{\"@id\":\"https:\/\/www.lesjardinsdesaintehildegarde.com\/es\/#website\"},\"primaryImageOfPage\":{\"@id\":\"https:\/\/www.lesjardinsdesaintehildegarde.com\/es\/otros-productos\/tablier-cuisine-du-bonheur\/#primaryimage\"},\"image\":{\"@id\":\"https:\/\/www.lesjardinsdesaintehildegarde.com\/es\/otros-productos\/tablier-cuisine-du-bonheur\/#primaryimage\"},\"thumbnailUrl\":\"https:\/\/www.lesjardinsdesaintehildegarde.com\/wp-content\/uploads\/2022\/11\/tab-001-tablier-cuisine-du-bonheur.jpg\",\"datePublished\":\"2022-11-04T08:09:02+00:00\",\"dateModified\":\"2026-04-10T21:03:18+00:00\",\"breadcrumb\":{\"@id\":\"https:\/\/www.lesjardinsdesaintehildegarde.com\/es\/otros-productos\/tablier-cuisine-du-bonheur\/#breadcrumb\"},\"inLanguage\":\"es\",\"potentialAction\":[{\"@type\":\"ReadAction\",\"target\":[\"https:\/\/www.lesjardinsdesaintehildegarde.com\/es\/otros-productos\/tablier-cuisine-du-bonheur\/\"]}]},{\"@type\":\"ImageObject\",\"inLanguage\":\"es\",\"@id\":\"https:\/\/www.lesjardinsdesaintehildegarde.com\/es\/otros-productos\/tablier-cuisine-du-bonheur\/#primaryimage\",\"url\":\"https:\/\/www.lesjardinsdesaintehildegarde.com\/wp-content\/uploads\/2022\/11\/tab-001-tablier-cuisine-du-bonheur.jpg\",\"contentUrl\":\"https:\/\/www.lesjardinsdesaintehildegarde.com\/wp-content\/uploads\/2022\/11\/tab-001-tablier-cuisine-du-bonheur.jpg\",\"width\":1200,\"height\":1200,\"caption\":\"Tablier coton cuisine du bonheur\"},{\"@type\":\"BreadcrumbList\",\"@id\":\"https:\/\/www.lesjardinsdesaintehildegarde.com\/es\/otros-productos\/tablier-cuisine-du-bonheur\/#breadcrumb\",\"itemListElement\":[{\"@type\":\"ListItem\",\"position\":1,\"name\":\"Inicio\",\"item\":\"https:\/\/www.lesjardinsdesaintehildegarde.com\/es\/\"},{\"@type\":\"ListItem\",\"position\":2,\"name\":\"Productos\",\"item\":\"https:\/\/www.lesjardinsdesaintehildegarde.com\/es\/shop\/\"},{\"@type\":\"ListItem\",\"position\":3,\"name\":\"TABLIER CUISINE DU BONHEUR\"}]},{\"@type\":\"WebSite\",\"@id\":\"https:\/\/www.lesjardinsdesaintehildegarde.com\/es\/#website\",\"url\":\"https:\/\/www.lesjardinsdesaintehildegarde.com\/es\/\",\"name\":\"Les Jardins de Sainte-Hildegarde\",\"description\":\"Viriditas\",\"publisher\":{\"@id\":\"https:\/\/www.lesjardinsdesaintehildegarde.com\/es\/#organization\"},\"potentialAction\":[{\"@type\":\"SearchAction\",\"target\":{\"@type\":\"EntryPoint\",\"urlTemplate\":\"https:\/\/www.lesjardinsdesaintehildegarde.com\/es\/?s={search_term_string}\"},\"query-input\":{\"@type\":\"PropertyValueSpecification\",\"valueRequired\":true,\"valueName\":\"search_term_string\"}}],\"inLanguage\":\"es\"},{\"@type\":\"Organization\",\"@id\":\"https:\/\/www.lesjardinsdesaintehildegarde.com\/es\/#organization\",\"name\":\"Les Jardins de Sainte-Hildegarde\",\"url\":\"https:\/\/www.lesjardinsdesaintehildegarde.com\/es\/\",\"logo\":{\"@type\":\"ImageObject\",\"inLanguage\":\"es\",\"@id\":\"https:\/\/www.lesjardinsdesaintehildegarde.com\/es\/#\/schema\/logo\/image\/\",\"url\":\"https:\/\/www.lesjardinsdesaintehildegarde.com\/wp-content\/uploads\/2022\/11\/logo-2022.png\",\"contentUrl\":\"https:\/\/www.lesjardinsdesaintehildegarde.com\/wp-content\/uploads\/2022\/11\/logo-2022.png\",\"width\":365,\"height\":90,\"caption\":\"Les Jardins de Sainte-Hildegarde\"},\"image\":{\"@id\":\"https:\/\/www.lesjardinsdesaintehildegarde.com\/es\/#\/schema\/logo\/image\/\"}}]}<\/script>\n<!-- \/ Yoast SEO plugin. -->","yoast_head_json":{"title":"TABLIER CUISINE DU BONHEUR - Les Jardins de Sainte-Hildegarde","robots":{"index":"index","follow":"follow","max-snippet":"max-snippet:-1","max-image-preview":"max-image-preview:large","max-video-preview":"max-video-preview:-1"},"canonical":"https:\/\/www.lesjardinsdesaintehildegarde.com\/es\/otros-productos\/tablier-cuisine-du-bonheur\/","og_locale":"es_ES","og_type":"article","og_title":"TABLIER CUISINE DU BONHEUR - Les Jardins de Sainte-Hildegarde","og_description":"TABLIER DE CUISINE \u00abCUISINEZ LE BONHEUR AVEC STE HILDEGARDE\u00bb 65 X 90 CM 100% coton, marquage par s\u00e9rigraphie. Mod\u00e8le d\u00e9pos\u00e9, reproduction interdite. N&#8217;h\u00e9sitez plus pour adopter ce joli tablier en cuisine ! Il sera peut-\u00eatre une opportunit\u00e9 d&#8217;ouvrir de riches discussions en famille sur les aliments du bonheur, la joie de cuisinier pour les autres, [&hellip;]","og_url":"https:\/\/www.lesjardinsdesaintehildegarde.com\/es\/otros-productos\/tablier-cuisine-du-bonheur\/","og_site_name":"Les Jardins de Sainte-Hildegarde","article_modified_time":"2026-04-10T21:03:18+00:00","og_image":[{"width":1200,"height":1200,"url":"https:\/\/www.lesjardinsdesaintehildegarde.com\/wp-content\/uploads\/2022\/11\/tab-001-tablier-cuisine-du-bonheur.jpg","type":"image\/jpeg"}],"twitter_card":"summary_large_image","twitter_misc":{"Tiempo de lectura":"1 minuto"},"schema":{"@context":"https:\/\/schema.org","@graph":[{"@type":"WebPage","@id":"https:\/\/www.lesjardinsdesaintehildegarde.com\/es\/otros-productos\/tablier-cuisine-du-bonheur\/","url":"https:\/\/www.lesjardinsdesaintehildegarde.com\/es\/otros-productos\/tablier-cuisine-du-bonheur\/","name":"TABLIER CUISINE DU BONHEUR - Les Jardins de Sainte-Hildegarde","isPartOf":{"@id":"https:\/\/www.lesjardinsdesaintehildegarde.com\/es\/#website"},"primaryImageOfPage":{"@id":"https:\/\/www.lesjardinsdesaintehildegarde.com\/es\/otros-productos\/tablier-cuisine-du-bonheur\/#primaryimage"},"image":{"@id":"https:\/\/www.lesjardinsdesaintehildegarde.com\/es\/otros-productos\/tablier-cuisine-du-bonheur\/#primaryimage"},"thumbnailUrl":"https:\/\/www.lesjardinsdesaintehildegarde.com\/wp-content\/uploads\/2022\/11\/tab-001-tablier-cuisine-du-bonheur.jpg","datePublished":"2022-11-04T08:09:02+00:00","dateModified":"2026-04-10T21:03:18+00:00","breadcrumb":{"@id":"https:\/\/www.lesjardinsdesaintehildegarde.com\/es\/otros-productos\/tablier-cuisine-du-bonheur\/#breadcrumb"},"inLanguage":"es","potentialAction":[{"@type":"ReadAction","target":["https:\/\/www.lesjardinsdesaintehildegarde.com\/es\/otros-productos\/tablier-cuisine-du-bonheur\/"]}]},{"@type":"ImageObject","inLanguage":"es","@id":"https:\/\/www.lesjardinsdesaintehildegarde.com\/es\/otros-productos\/tablier-cuisine-du-bonheur\/#primaryimage","url":"https:\/\/www.lesjardinsdesaintehildegarde.com\/wp-content\/uploads\/2022\/11\/tab-001-tablier-cuisine-du-bonheur.jpg","contentUrl":"https:\/\/www.lesjardinsdesaintehildegarde.com\/wp-content\/uploads\/2022\/11\/tab-001-tablier-cuisine-du-bonheur.jpg","width":1200,"height":1200,"caption":"Tablier coton cuisine du bonheur"},{"@type":"BreadcrumbList","@id":"https:\/\/www.lesjardinsdesaintehildegarde.com\/es\/otros-productos\/tablier-cuisine-du-bonheur\/#breadcrumb","itemListElement":[{"@type":"ListItem","position":1,"name":"Inicio","item":"https:\/\/www.lesjardinsdesaintehildegarde.com\/es\/"},{"@type":"ListItem","position":2,"name":"Productos","item":"https:\/\/www.lesjardinsdesaintehildegarde.com\/es\/shop\/"},{"@type":"ListItem","position":3,"name":"TABLIER CUISINE DU BONHEUR"}]},{"@type":"WebSite","@id":"https:\/\/www.lesjardinsdesaintehildegarde.com\/es\/#website","url":"https:\/\/www.lesjardinsdesaintehildegarde.com\/es\/","name":"Les Jardins de Sainte-Hildegarde","description":"Viriditas","publisher":{"@id":"https:\/\/www.lesjardinsdesaintehildegarde.com\/es\/#organization"},"potentialAction":[{"@type":"SearchAction","target":{"@type":"EntryPoint","urlTemplate":"https:\/\/www.lesjardinsdesaintehildegarde.com\/es\/?s={search_term_string}"},"query-input":{"@type":"PropertyValueSpecification","valueRequired":true,"valueName":"search_term_string"}}],"inLanguage":"es"},{"@type":"Organization","@id":"https:\/\/www.lesjardinsdesaintehildegarde.com\/es\/#organization","name":"Les Jardins de Sainte-Hildegarde","url":"https:\/\/www.lesjardinsdesaintehildegarde.com\/es\/","logo":{"@type":"ImageObject","inLanguage":"es","@id":"https:\/\/www.lesjardinsdesaintehildegarde.com\/es\/#\/schema\/logo\/image\/","url":"https:\/\/www.lesjardinsdesaintehildegarde.com\/wp-content\/uploads\/2022\/11\/logo-2022.png","contentUrl":"https:\/\/www.lesjardinsdesaintehildegarde.com\/wp-content\/uploads\/2022\/11\/logo-2022.png","width":365,"height":90,"caption":"Les Jardins de Sainte-Hildegarde"},"image":{"@id":"https:\/\/www.lesjardinsdesaintehildegarde.com\/es\/#\/schema\/logo\/image\/"}}]}},"_links":{"self":[{"href":"https:\/\/www.lesjardinsdesaintehildegarde.com\/es\/wp-json\/wp\/v2\/product\/1689","targetHints":{"allow":["GET"]}}],"collection":[{"href":"https:\/\/www.lesjardinsdesaintehildegarde.com\/es\/wp-json\/wp\/v2\/product"}],"about":[{"href":"https:\/\/www.lesjardinsdesaintehildegarde.com\/es\/wp-json\/wp\/v2\/types\/product"}],"replies":[{"embeddable":true,"href":"https:\/\/www.lesjardinsdesaintehildegarde.com\/es\/wp-json\/wp\/v2\/comments?post=1689"}],"wp:featuredmedia":[{"embeddable":true,"href":"https:\/\/www.lesjardinsdesaintehildegarde.com\/es\/wp-json\/wp\/v2\/media\/92815"}],"wp:attachment":[{"href":"https:\/\/www.lesjardinsdesaintehildegarde.com\/es\/wp-json\/wp\/v2\/media?parent=1689"}],"wp:term":[{"taxonomy":"product_brand","embeddable":true,"href":"https:\/\/www.lesjardinsdesaintehildegarde.com\/es\/wp-json\/wp\/v2\/product_brand?post=1689"},{"taxonomy":"product_cat","embeddable":true,"href":"https:\/\/www.lesjardinsdesaintehildegarde.com\/es\/wp-json\/wp\/v2\/product_cat?post=1689"},{"taxonomy":"product_tag","embeddable":true,"href":"https:\/\/www.lesjardinsdesaintehildegarde.com\/es\/wp-json\/wp\/v2\/product_tag?post=1689"}],"curies":[{"name":"wp","href":"https:\/\/api.w.org\/{rel}","templated":true}]}}