{"id":2050,"date":"2022-11-04T09:09:54","date_gmt":"2022-11-04T08:09:54","guid":{"rendered":"https:\/\/www.lesjardinsdesaintehildegarde.com\/non%20class\u00e9\/film-dvd-sur-ste-hildegarde-de-a-isnard\/"},"modified":"2026-03-13T08:00:03","modified_gmt":"2026-03-13T07:00:03","slug":"film-dvd-sur-ste-hildegarde-de-a-isnard","status":"publish","type":"product","link":"https:\/\/www.lesjardinsdesaintehildegarde.com\/es\/libros-y-otros-productos\/cd-y-videos\/film-dvd-sur-ste-hildegarde-de-a-isnard\/","title":{"rendered":"FILM DVD SUR STE HILDEGARDE-DE A.ISNARD"},"content":{"rendered":"<p><\/p>\n<p><strong>DVD SUR SAINTE HILDEGARDE \u00abLumi\u00e8re de Dieu\u00bb 2011<br \/>\n<\/strong><\/p>\n<p><\/p>\n<p>Film d&#8217;Armand ISNARD<\/p>\n<p><\/p>\n<p><strong>R\u00e9sum\u00e9 :<\/strong><\/p>\n<p><\/p>\n<p>Hildegarde de Bingen, abbesse vivant au XII\u00e8me, par ailleurs po\u00e9tesse<br \/>\net musicienne, est consid\u00e9r\u00e9e aujourd&#8217;hui comme la premi\u00e8re v\u00e9ritable<br \/>\nphytoth\u00e9rapeute. Ses recettes et ses observations sur les propri\u00e9t\u00e9s des<br \/>\nplantes ont \u00e9t\u00e9 transmises de g\u00e9n\u00e9rations en g\u00e9n\u00e9rations et on lui doit<br \/>\nune grande partie de nos \u00abrem\u00e8des de grand-m\u00e8re\u00bb. Neuf cents ans apr\u00e8s<br \/>\nqu&#8217;elle ait r\u00e9dig\u00e9 ses ouvrages, ses \u00e9crits font toujours r\u00e9f\u00e9rence.<\/p>\n<p><\/p>\n<p>Ce programme a pour but de faire mieux conna\u00eetre cette grande sainte<br \/>\nmystique et visionnaire qui fut la conscience spirituelle et politique<br \/>\nde son temps et qui, enfin, rencontre aujourd&#8217;hui son public.<\/p>\n<p><\/p>\n<p>Tourn\u00e9 sur les lieux m\u00eame o\u00f9 naquit, v\u00e9cut et mourut Hildegarde de<br \/>\nBingen, un merveilleux voyage au sein de l&#8217;une des r\u00e9gions viticoles les<br \/>\nplus belles du monde, au fil des m\u00e9andres du Rhin dont Appollinaire a pu<br \/>\ndire qu&#8217; \u00abil est ivre o\u00f9 les vignes se mirent\u00bb.<\/p>\n<p><\/p>\n<p>Un magnifique documentaire sur les pas de celle dont Saint Bernard<br \/>\ndira qu&#8217;elle est \u00abune admirable lumi\u00e8re anim\u00e9e de l&#8217;inspiration divine\u00bb<br \/>\net qui fut au Moyen \u00c2ge ce que Nostradamus sera \u00e0 la Renaissance.<\/p>\n","protected":false},"excerpt":{"rendered":"<p>DVD SUR SAINTE HILDEGARDE \u00abLumi\u00e8re de Dieu\u00bb 2011 Film d&#8217;Armand ISNARD R\u00e9sum\u00e9 : Hildegarde de Bingen, abbesse vivant au XII\u00e8me, par ailleurs po\u00e9tesse et musicienne, est consid\u00e9r\u00e9e aujourd&#8217;hui comme la premi\u00e8re v\u00e9ritable phytoth\u00e9rapeute. Ses recettes et ses observations sur les propri\u00e9t\u00e9s des plantes ont \u00e9t\u00e9 transmises de g\u00e9n\u00e9rations en g\u00e9n\u00e9rations et on lui doit une [&hellip;]<\/p>\n","protected":false},"featured_media":75094,"comment_status":"open","ping_status":"closed","template":"","meta":{"_acf_changed":false,"_relevanssi_hide_post":"","_relevanssi_hide_content":"","_relevanssi_pin_for_all":"","_relevanssi_pin_keywords":"","_relevanssi_unpin_keywords":"","_relevanssi_related_keywords":"","_relevanssi_related_include_ids":"","_relevanssi_related_exclude_ids":"","_relevanssi_related_no_append":"","_relevanssi_related_not_related":"","_relevanssi_related_posts":"","_relevanssi_noindex_reason":""},"product_brand":[],"product_cat":[109,33],"product_tag":[48],"class_list":{"0":"post-2050","1":"product","2":"type-product","3":"status-publish","4":"has-post-thumbnail","6":"product_cat-cd-et-video","7":"product_cat-livres-et-loisirs","8":"product_tag-achat-direct","10":"first","11":"instock","12":"taxable","13":"shipping-taxable","14":"purchasable","15":"product-type-simple"},"acf":[],"yoast_head":"<!-- This site is optimized with the Yoast SEO plugin v27.2 - https:\/\/yoast.com\/product\/yoast-seo-wordpress\/ -->\n<title>FILM DVD SUR STE HILDEGARDE-DE A.ISNARD - Les Jardins de Sainte-Hildegarde<\/title>\n<meta name=\"robots\" content=\"index, follow, max-snippet:-1, max-image-preview:large, max-video-preview:-1\" \/>\n<link rel=\"canonical\" href=\"https:\/\/www.lesjardinsdesaintehildegarde.com\/es\/libros-y-otros-productos\/cd-y-videos\/film-dvd-sur-ste-hildegarde-de-a-isnard\/\" \/>\n<meta property=\"og:locale\" content=\"es_ES\" \/>\n<meta property=\"og:type\" content=\"article\" \/>\n<meta property=\"og:title\" content=\"FILM DVD SUR STE HILDEGARDE-DE A.ISNARD - Les Jardins de Sainte-Hildegarde\" \/>\n<meta property=\"og:description\" content=\"DVD SUR SAINTE HILDEGARDE \u00abLumi\u00e8re de Dieu\u00bb 2011 Film d&#8217;Armand ISNARD R\u00e9sum\u00e9 : Hildegarde de Bingen, abbesse vivant au XII\u00e8me, par ailleurs po\u00e9tesse et musicienne, est consid\u00e9r\u00e9e aujourd&#8217;hui comme la premi\u00e8re v\u00e9ritable phytoth\u00e9rapeute. Ses recettes et ses observations sur les propri\u00e9t\u00e9s des plantes ont \u00e9t\u00e9 transmises de g\u00e9n\u00e9rations en g\u00e9n\u00e9rations et on lui doit une [&hellip;]\" \/>\n<meta property=\"og:url\" content=\"https:\/\/www.lesjardinsdesaintehildegarde.com\/es\/libros-y-otros-productos\/cd-y-videos\/film-dvd-sur-ste-hildegarde-de-a-isnard\/\" \/>\n<meta property=\"og:site_name\" content=\"Les Jardins de Sainte-Hildegarde\" \/>\n<meta property=\"article:modified_time\" content=\"2026-03-13T07:00:03+00:00\" \/>\n<meta property=\"og:image\" content=\"https:\/\/www.lesjardinsdesaintehildegarde.com\/wp-content\/uploads\/2023\/10\/vid03-dvd-sainte-hildegarde-lumiere-de-dieu.jpg\" \/>\n\t<meta property=\"og:image:width\" content=\"1200\" \/>\n\t<meta property=\"og:image:height\" content=\"1200\" \/>\n\t<meta property=\"og:image:type\" content=\"image\/jpeg\" \/>\n<meta name=\"twitter:card\" content=\"summary_large_image\" \/>\n<meta name=\"twitter:label1\" content=\"Tiempo de lectura\" \/>\n\t<meta name=\"twitter:data1\" content=\"1 minuto\" \/>\n<script type=\"application\/ld+json\" class=\"yoast-schema-graph\">{\"@context\":\"https:\/\/schema.org\",\"@graph\":[{\"@type\":\"WebPage\",\"@id\":\"https:\/\/www.lesjardinsdesaintehildegarde.com\/es\/libros-y-otros-productos\/cd-y-videos\/film-dvd-sur-ste-hildegarde-de-a-isnard\/\",\"url\":\"https:\/\/www.lesjardinsdesaintehildegarde.com\/es\/libros-y-otros-productos\/cd-y-videos\/film-dvd-sur-ste-hildegarde-de-a-isnard\/\",\"name\":\"FILM DVD SUR STE HILDEGARDE-DE A.ISNARD - Les Jardins de Sainte-Hildegarde\",\"isPartOf\":{\"@id\":\"https:\/\/www.lesjardinsdesaintehildegarde.com\/es\/#website\"},\"primaryImageOfPage\":{\"@id\":\"https:\/\/www.lesjardinsdesaintehildegarde.com\/es\/libros-y-otros-productos\/cd-y-videos\/film-dvd-sur-ste-hildegarde-de-a-isnard\/#primaryimage\"},\"image\":{\"@id\":\"https:\/\/www.lesjardinsdesaintehildegarde.com\/es\/libros-y-otros-productos\/cd-y-videos\/film-dvd-sur-ste-hildegarde-de-a-isnard\/#primaryimage\"},\"thumbnailUrl\":\"https:\/\/www.lesjardinsdesaintehildegarde.com\/wp-content\/uploads\/2023\/10\/vid03-dvd-sainte-hildegarde-lumiere-de-dieu.jpg\",\"datePublished\":\"2022-11-04T08:09:54+00:00\",\"dateModified\":\"2026-03-13T07:00:03+00:00\",\"breadcrumb\":{\"@id\":\"https:\/\/www.lesjardinsdesaintehildegarde.com\/es\/libros-y-otros-productos\/cd-y-videos\/film-dvd-sur-ste-hildegarde-de-a-isnard\/#breadcrumb\"},\"inLanguage\":\"es\",\"potentialAction\":[{\"@type\":\"ReadAction\",\"target\":[\"https:\/\/www.lesjardinsdesaintehildegarde.com\/es\/libros-y-otros-productos\/cd-y-videos\/film-dvd-sur-ste-hildegarde-de-a-isnard\/\"]}]},{\"@type\":\"ImageObject\",\"inLanguage\":\"es\",\"@id\":\"https:\/\/www.lesjardinsdesaintehildegarde.com\/es\/libros-y-otros-productos\/cd-y-videos\/film-dvd-sur-ste-hildegarde-de-a-isnard\/#primaryimage\",\"url\":\"https:\/\/www.lesjardinsdesaintehildegarde.com\/wp-content\/uploads\/2023\/10\/vid03-dvd-sainte-hildegarde-lumiere-de-dieu.jpg\",\"contentUrl\":\"https:\/\/www.lesjardinsdesaintehildegarde.com\/wp-content\/uploads\/2023\/10\/vid03-dvd-sainte-hildegarde-lumiere-de-dieu.jpg\",\"width\":1200,\"height\":1200,\"caption\":\"DVD SUR SAINTE HILDEGARDE 'Lumi\u00e8re de Dieu' 2011 Film d'Armand ISNARD\"},{\"@type\":\"BreadcrumbList\",\"@id\":\"https:\/\/www.lesjardinsdesaintehildegarde.com\/es\/libros-y-otros-productos\/cd-y-videos\/film-dvd-sur-ste-hildegarde-de-a-isnard\/#breadcrumb\",\"itemListElement\":[{\"@type\":\"ListItem\",\"position\":1,\"name\":\"Inicio\",\"item\":\"https:\/\/www.lesjardinsdesaintehildegarde.com\/es\/\"},{\"@type\":\"ListItem\",\"position\":2,\"name\":\"Productos\",\"item\":\"https:\/\/www.lesjardinsdesaintehildegarde.com\/es\/shop\/\"},{\"@type\":\"ListItem\",\"position\":3,\"name\":\"FILM DVD SUR STE HILDEGARDE-DE A.ISNARD\"}]},{\"@type\":\"WebSite\",\"@id\":\"https:\/\/www.lesjardinsdesaintehildegarde.com\/es\/#website\",\"url\":\"https:\/\/www.lesjardinsdesaintehildegarde.com\/es\/\",\"name\":\"Les Jardins de Sainte-Hildegarde\",\"description\":\"Viriditas\",\"publisher\":{\"@id\":\"https:\/\/www.lesjardinsdesaintehildegarde.com\/es\/#organization\"},\"potentialAction\":[{\"@type\":\"SearchAction\",\"target\":{\"@type\":\"EntryPoint\",\"urlTemplate\":\"https:\/\/www.lesjardinsdesaintehildegarde.com\/es\/?s={search_term_string}\"},\"query-input\":{\"@type\":\"PropertyValueSpecification\",\"valueRequired\":true,\"valueName\":\"search_term_string\"}}],\"inLanguage\":\"es\"},{\"@type\":\"Organization\",\"@id\":\"https:\/\/www.lesjardinsdesaintehildegarde.com\/es\/#organization\",\"name\":\"Les Jardins de Sainte-Hildegarde\",\"url\":\"https:\/\/www.lesjardinsdesaintehildegarde.com\/es\/\",\"logo\":{\"@type\":\"ImageObject\",\"inLanguage\":\"es\",\"@id\":\"https:\/\/www.lesjardinsdesaintehildegarde.com\/es\/#\/schema\/logo\/image\/\",\"url\":\"https:\/\/www.lesjardinsdesaintehildegarde.com\/wp-content\/uploads\/2022\/11\/logo-2022.png\",\"contentUrl\":\"https:\/\/www.lesjardinsdesaintehildegarde.com\/wp-content\/uploads\/2022\/11\/logo-2022.png\",\"width\":365,\"height\":90,\"caption\":\"Les Jardins de Sainte-Hildegarde\"},\"image\":{\"@id\":\"https:\/\/www.lesjardinsdesaintehildegarde.com\/es\/#\/schema\/logo\/image\/\"}}]}<\/script>\n<!-- \/ Yoast SEO plugin. -->","yoast_head_json":{"title":"FILM DVD SUR STE HILDEGARDE-DE A.ISNARD - Les Jardins de Sainte-Hildegarde","robots":{"index":"index","follow":"follow","max-snippet":"max-snippet:-1","max-image-preview":"max-image-preview:large","max-video-preview":"max-video-preview:-1"},"canonical":"https:\/\/www.lesjardinsdesaintehildegarde.com\/es\/libros-y-otros-productos\/cd-y-videos\/film-dvd-sur-ste-hildegarde-de-a-isnard\/","og_locale":"es_ES","og_type":"article","og_title":"FILM DVD SUR STE HILDEGARDE-DE A.ISNARD - Les Jardins de Sainte-Hildegarde","og_description":"DVD SUR SAINTE HILDEGARDE \u00abLumi\u00e8re de Dieu\u00bb 2011 Film d&#8217;Armand ISNARD R\u00e9sum\u00e9 : Hildegarde de Bingen, abbesse vivant au XII\u00e8me, par ailleurs po\u00e9tesse et musicienne, est consid\u00e9r\u00e9e aujourd&#8217;hui comme la premi\u00e8re v\u00e9ritable phytoth\u00e9rapeute. Ses recettes et ses observations sur les propri\u00e9t\u00e9s des plantes ont \u00e9t\u00e9 transmises de g\u00e9n\u00e9rations en g\u00e9n\u00e9rations et on lui doit une [&hellip;]","og_url":"https:\/\/www.lesjardinsdesaintehildegarde.com\/es\/libros-y-otros-productos\/cd-y-videos\/film-dvd-sur-ste-hildegarde-de-a-isnard\/","og_site_name":"Les Jardins de Sainte-Hildegarde","article_modified_time":"2026-03-13T07:00:03+00:00","og_image":[{"width":1200,"height":1200,"url":"https:\/\/www.lesjardinsdesaintehildegarde.com\/wp-content\/uploads\/2023\/10\/vid03-dvd-sainte-hildegarde-lumiere-de-dieu.jpg","type":"image\/jpeg"}],"twitter_card":"summary_large_image","twitter_misc":{"Tiempo de lectura":"1 minuto"},"schema":{"@context":"https:\/\/schema.org","@graph":[{"@type":"WebPage","@id":"https:\/\/www.lesjardinsdesaintehildegarde.com\/es\/libros-y-otros-productos\/cd-y-videos\/film-dvd-sur-ste-hildegarde-de-a-isnard\/","url":"https:\/\/www.lesjardinsdesaintehildegarde.com\/es\/libros-y-otros-productos\/cd-y-videos\/film-dvd-sur-ste-hildegarde-de-a-isnard\/","name":"FILM DVD SUR STE HILDEGARDE-DE A.ISNARD - Les Jardins de Sainte-Hildegarde","isPartOf":{"@id":"https:\/\/www.lesjardinsdesaintehildegarde.com\/es\/#website"},"primaryImageOfPage":{"@id":"https:\/\/www.lesjardinsdesaintehildegarde.com\/es\/libros-y-otros-productos\/cd-y-videos\/film-dvd-sur-ste-hildegarde-de-a-isnard\/#primaryimage"},"image":{"@id":"https:\/\/www.lesjardinsdesaintehildegarde.com\/es\/libros-y-otros-productos\/cd-y-videos\/film-dvd-sur-ste-hildegarde-de-a-isnard\/#primaryimage"},"thumbnailUrl":"https:\/\/www.lesjardinsdesaintehildegarde.com\/wp-content\/uploads\/2023\/10\/vid03-dvd-sainte-hildegarde-lumiere-de-dieu.jpg","datePublished":"2022-11-04T08:09:54+00:00","dateModified":"2026-03-13T07:00:03+00:00","breadcrumb":{"@id":"https:\/\/www.lesjardinsdesaintehildegarde.com\/es\/libros-y-otros-productos\/cd-y-videos\/film-dvd-sur-ste-hildegarde-de-a-isnard\/#breadcrumb"},"inLanguage":"es","potentialAction":[{"@type":"ReadAction","target":["https:\/\/www.lesjardinsdesaintehildegarde.com\/es\/libros-y-otros-productos\/cd-y-videos\/film-dvd-sur-ste-hildegarde-de-a-isnard\/"]}]},{"@type":"ImageObject","inLanguage":"es","@id":"https:\/\/www.lesjardinsdesaintehildegarde.com\/es\/libros-y-otros-productos\/cd-y-videos\/film-dvd-sur-ste-hildegarde-de-a-isnard\/#primaryimage","url":"https:\/\/www.lesjardinsdesaintehildegarde.com\/wp-content\/uploads\/2023\/10\/vid03-dvd-sainte-hildegarde-lumiere-de-dieu.jpg","contentUrl":"https:\/\/www.lesjardinsdesaintehildegarde.com\/wp-content\/uploads\/2023\/10\/vid03-dvd-sainte-hildegarde-lumiere-de-dieu.jpg","width":1200,"height":1200,"caption":"DVD SUR SAINTE HILDEGARDE 'Lumi\u00e8re de Dieu' 2011 Film d'Armand ISNARD"},{"@type":"BreadcrumbList","@id":"https:\/\/www.lesjardinsdesaintehildegarde.com\/es\/libros-y-otros-productos\/cd-y-videos\/film-dvd-sur-ste-hildegarde-de-a-isnard\/#breadcrumb","itemListElement":[{"@type":"ListItem","position":1,"name":"Inicio","item":"https:\/\/www.lesjardinsdesaintehildegarde.com\/es\/"},{"@type":"ListItem","position":2,"name":"Productos","item":"https:\/\/www.lesjardinsdesaintehildegarde.com\/es\/shop\/"},{"@type":"ListItem","position":3,"name":"FILM DVD SUR STE HILDEGARDE-DE A.ISNARD"}]},{"@type":"WebSite","@id":"https:\/\/www.lesjardinsdesaintehildegarde.com\/es\/#website","url":"https:\/\/www.lesjardinsdesaintehildegarde.com\/es\/","name":"Les Jardins de Sainte-Hildegarde","description":"Viriditas","publisher":{"@id":"https:\/\/www.lesjardinsdesaintehildegarde.com\/es\/#organization"},"potentialAction":[{"@type":"SearchAction","target":{"@type":"EntryPoint","urlTemplate":"https:\/\/www.lesjardinsdesaintehildegarde.com\/es\/?s={search_term_string}"},"query-input":{"@type":"PropertyValueSpecification","valueRequired":true,"valueName":"search_term_string"}}],"inLanguage":"es"},{"@type":"Organization","@id":"https:\/\/www.lesjardinsdesaintehildegarde.com\/es\/#organization","name":"Les Jardins de Sainte-Hildegarde","url":"https:\/\/www.lesjardinsdesaintehildegarde.com\/es\/","logo":{"@type":"ImageObject","inLanguage":"es","@id":"https:\/\/www.lesjardinsdesaintehildegarde.com\/es\/#\/schema\/logo\/image\/","url":"https:\/\/www.lesjardinsdesaintehildegarde.com\/wp-content\/uploads\/2022\/11\/logo-2022.png","contentUrl":"https:\/\/www.lesjardinsdesaintehildegarde.com\/wp-content\/uploads\/2022\/11\/logo-2022.png","width":365,"height":90,"caption":"Les Jardins de Sainte-Hildegarde"},"image":{"@id":"https:\/\/www.lesjardinsdesaintehildegarde.com\/es\/#\/schema\/logo\/image\/"}}]}},"_links":{"self":[{"href":"https:\/\/www.lesjardinsdesaintehildegarde.com\/es\/wp-json\/wp\/v2\/product\/2050","targetHints":{"allow":["GET"]}}],"collection":[{"href":"https:\/\/www.lesjardinsdesaintehildegarde.com\/es\/wp-json\/wp\/v2\/product"}],"about":[{"href":"https:\/\/www.lesjardinsdesaintehildegarde.com\/es\/wp-json\/wp\/v2\/types\/product"}],"replies":[{"embeddable":true,"href":"https:\/\/www.lesjardinsdesaintehildegarde.com\/es\/wp-json\/wp\/v2\/comments?post=2050"}],"wp:featuredmedia":[{"embeddable":true,"href":"https:\/\/www.lesjardinsdesaintehildegarde.com\/es\/wp-json\/wp\/v2\/media\/75094"}],"wp:attachment":[{"href":"https:\/\/www.lesjardinsdesaintehildegarde.com\/es\/wp-json\/wp\/v2\/media?parent=2050"}],"wp:term":[{"taxonomy":"product_brand","embeddable":true,"href":"https:\/\/www.lesjardinsdesaintehildegarde.com\/es\/wp-json\/wp\/v2\/product_brand?post=2050"},{"taxonomy":"product_cat","embeddable":true,"href":"https:\/\/www.lesjardinsdesaintehildegarde.com\/es\/wp-json\/wp\/v2\/product_cat?post=2050"},{"taxonomy":"product_tag","embeddable":true,"href":"https:\/\/www.lesjardinsdesaintehildegarde.com\/es\/wp-json\/wp\/v2\/product_tag?post=2050"}],"curies":[{"name":"wp","href":"https:\/\/api.w.org\/{rel}","templated":true}]}}