{"id":2096,"date":"2022-11-04T09:10:01","date_gmt":"2022-11-04T08:10:01","guid":{"rendered":"https:\/\/www.lesjardinsdesaintehildegarde.com\/non%20class\u00e9\/epaulette-blaireau-a-nouettes\/"},"modified":"2026-04-03T23:03:08","modified_gmt":"2026-04-03T21:03:08","slug":"epaulette-blaireau-a-nouettes","status":"publish","type":"product","link":"https:\/\/www.lesjardinsdesaintehildegarde.com\/es\/accesorios-de-tejon\/otros-articulos-de-tejon\/epaulette-blaireau-a-nouettes\/","title":{"rendered":"EPAULETTE BLAIREAU A NOUETTES"},"content":{"rendered":"<p><\/p>\n<p><strong>\u00c9PAULETTE FOURRURE DE BLAIREAU <\/strong><\/p>\n<p><\/p>\n<p>Douleurs articulations \u00e9paules et bras<\/p>\n<p><\/p>\n<p><strong>Description : <\/strong>Pour une \u00e9paulette. Forme :<br \/>\nlosange<\/p>\n<p><\/p>\n<p>S&#8217;attache avec lacets de chaque extr\u00e9mit\u00e9.<\/p>\n<p><\/p>\n<p><strong>Mode d&#8217;emploi : <\/strong>S&#8217;utilise toujours avec la<br \/>\nfourrure en contact avec la peau.<\/p>\n<p><\/p>\n<p><em>Pour les bienfaits de cet article se r\u00e9f\u00e9rer aux \u00e9crits de Sainte<br \/>\nHildegarde de Bingen.<\/em><\/p>\n<p><\/p>\n<p><strong>Entretien :<\/strong> Quand la fourrure est encrass\u00e9e,<br \/>\nla nettoyer au moyen de la \u00abTerre de Sommi\u00e8re\u00bb, Ref BL001 p21 dans le<br \/>\ncatalogue.<\/p>\n<p><\/p>\n<p><em>\u00abLe blaireau est chaud, il a des moeurs tranquilles; il est<br \/>\nmauvais, mais sans pr\u00e9somption; il d\u00e9tient en lui des forces tr\u00e8s<br \/>\npuissantes, mais il ne fait pas grand cas de cette valeur qu&#8217;il a en<br \/>\nlui, si ce n&#8217;est que, parfois, il la montre brusquement et s&#8217;arr\u00eate<br \/>\naussit\u00f4t : en effet, s&#8217;il la montrait sans arr\u00eat, on pourrait la<br \/>\ncomparer aux forces du lion. Mais il n&#8217;a pas envie de montrer ses<br \/>\nforces, si ce n&#8217;est que, de temps en temps, il les montre, dans la joie<br \/>\net l&#8217;exultation..\u00bb<\/em><\/p>\n<p><\/p>\n<p><strong>PHYSICA Ch.XXVIII : LE BLAIREAU<\/strong><\/p>\n","protected":false},"excerpt":{"rendered":"<p>\u00c9PAULETTE FOURRURE DE BLAIREAU Douleurs articulations \u00e9paules et bras Description : Pour une \u00e9paulette. Forme : losange S&#8217;attache avec lacets de chaque extr\u00e9mit\u00e9. Mode d&#8217;emploi : S&#8217;utilise toujours avec la fourrure en contact avec la peau. Pour les bienfaits de cet article se r\u00e9f\u00e9rer aux \u00e9crits de Sainte Hildegarde de Bingen. Entretien : Quand la [&hellip;]<\/p>\n","protected":false},"featured_media":6822,"comment_status":"open","ping_status":"closed","template":"","meta":{"_acf_changed":false,"_relevanssi_hide_post":"","_relevanssi_hide_content":"","_relevanssi_pin_for_all":"","_relevanssi_pin_keywords":"","_relevanssi_unpin_keywords":"","_relevanssi_related_keywords":"","_relevanssi_related_include_ids":"","_relevanssi_related_exclude_ids":"","_relevanssi_related_no_append":"","_relevanssi_related_not_related":"","_relevanssi_related_posts":"","_relevanssi_noindex_reason":""},"product_brand":[],"product_cat":[21,107],"product_tag":[],"class_list":{"0":"post-2096","1":"product","2":"type-product","3":"status-publish","4":"has-post-thumbnail","6":"product_cat-accessoires-en-blaireau","7":"product_cat-autres-articles-en-blaireau","9":"first","10":"instock","11":"taxable","12":"shipping-taxable","13":"purchasable","14":"product-type-simple"},"acf":[],"yoast_head":"<!-- This site is optimized with the Yoast SEO plugin v27.2 - https:\/\/yoast.com\/product\/yoast-seo-wordpress\/ -->\n<title>EPAULETTE BLAIREAU A NOUETTES - Les Jardins de Sainte-Hildegarde<\/title>\n<meta name=\"robots\" content=\"index, follow, max-snippet:-1, max-image-preview:large, max-video-preview:-1\" \/>\n<link rel=\"canonical\" href=\"https:\/\/www.lesjardinsdesaintehildegarde.com\/es\/accesorios-de-tejon\/otros-articulos-de-tejon\/epaulette-blaireau-a-nouettes\/\" \/>\n<meta property=\"og:locale\" content=\"es_ES\" \/>\n<meta property=\"og:type\" content=\"article\" \/>\n<meta property=\"og:title\" content=\"EPAULETTE BLAIREAU A NOUETTES - Les Jardins de Sainte-Hildegarde\" \/>\n<meta property=\"og:description\" content=\"\u00c9PAULETTE FOURRURE DE BLAIREAU Douleurs articulations \u00e9paules et bras Description : Pour une \u00e9paulette. Forme : losange S&#8217;attache avec lacets de chaque extr\u00e9mit\u00e9. Mode d&#8217;emploi : S&#8217;utilise toujours avec la fourrure en contact avec la peau. Pour les bienfaits de cet article se r\u00e9f\u00e9rer aux \u00e9crits de Sainte Hildegarde de Bingen. Entretien : Quand la [&hellip;]\" \/>\n<meta property=\"og:url\" content=\"https:\/\/www.lesjardinsdesaintehildegarde.com\/es\/accesorios-de-tejon\/otros-articulos-de-tejon\/epaulette-blaireau-a-nouettes\/\" \/>\n<meta property=\"og:site_name\" content=\"Les Jardins de Sainte-Hildegarde\" \/>\n<meta property=\"article:modified_time\" content=\"2026-04-03T21:03:08+00:00\" \/>\n<meta property=\"og:image\" content=\"https:\/\/www.lesjardinsdesaintehildegarde.com\/wp-content\/uploads\/2022\/11\/blep.jpg\" \/>\n\t<meta property=\"og:image:width\" content=\"3755\" \/>\n\t<meta property=\"og:image:height\" content=\"2333\" \/>\n\t<meta property=\"og:image:type\" content=\"image\/jpeg\" \/>\n<meta name=\"twitter:card\" content=\"summary_large_image\" \/>\n<meta name=\"twitter:label1\" content=\"Tiempo de lectura\" \/>\n\t<meta name=\"twitter:data1\" content=\"1 minuto\" \/>\n<script type=\"application\/ld+json\" class=\"yoast-schema-graph\">{\"@context\":\"https:\/\/schema.org\",\"@graph\":[{\"@type\":\"WebPage\",\"@id\":\"https:\/\/www.lesjardinsdesaintehildegarde.com\/es\/accesorios-de-tejon\/otros-articulos-de-tejon\/epaulette-blaireau-a-nouettes\/\",\"url\":\"https:\/\/www.lesjardinsdesaintehildegarde.com\/es\/accesorios-de-tejon\/otros-articulos-de-tejon\/epaulette-blaireau-a-nouettes\/\",\"name\":\"EPAULETTE BLAIREAU A NOUETTES - Les Jardins de Sainte-Hildegarde\",\"isPartOf\":{\"@id\":\"https:\/\/www.lesjardinsdesaintehildegarde.com\/es\/#website\"},\"primaryImageOfPage\":{\"@id\":\"https:\/\/www.lesjardinsdesaintehildegarde.com\/es\/accesorios-de-tejon\/otros-articulos-de-tejon\/epaulette-blaireau-a-nouettes\/#primaryimage\"},\"image\":{\"@id\":\"https:\/\/www.lesjardinsdesaintehildegarde.com\/es\/accesorios-de-tejon\/otros-articulos-de-tejon\/epaulette-blaireau-a-nouettes\/#primaryimage\"},\"thumbnailUrl\":\"https:\/\/www.lesjardinsdesaintehildegarde.com\/wp-content\/uploads\/2022\/11\/blep.jpg\",\"datePublished\":\"2022-11-04T08:10:01+00:00\",\"dateModified\":\"2026-04-03T21:03:08+00:00\",\"breadcrumb\":{\"@id\":\"https:\/\/www.lesjardinsdesaintehildegarde.com\/es\/accesorios-de-tejon\/otros-articulos-de-tejon\/epaulette-blaireau-a-nouettes\/#breadcrumb\"},\"inLanguage\":\"es\",\"potentialAction\":[{\"@type\":\"ReadAction\",\"target\":[\"https:\/\/www.lesjardinsdesaintehildegarde.com\/es\/accesorios-de-tejon\/otros-articulos-de-tejon\/epaulette-blaireau-a-nouettes\/\"]}]},{\"@type\":\"ImageObject\",\"inLanguage\":\"es\",\"@id\":\"https:\/\/www.lesjardinsdesaintehildegarde.com\/es\/accesorios-de-tejon\/otros-articulos-de-tejon\/epaulette-blaireau-a-nouettes\/#primaryimage\",\"url\":\"https:\/\/www.lesjardinsdesaintehildegarde.com\/wp-content\/uploads\/2022\/11\/blep.jpg\",\"contentUrl\":\"https:\/\/www.lesjardinsdesaintehildegarde.com\/wp-content\/uploads\/2022\/11\/blep.jpg\",\"width\":3755,\"height\":2333,\"caption\":\"\u00c9PAULETTE FOURRURE DE BLAIREAU Douleurs articulations \u00e9paules et bras\"},{\"@type\":\"BreadcrumbList\",\"@id\":\"https:\/\/www.lesjardinsdesaintehildegarde.com\/es\/accesorios-de-tejon\/otros-articulos-de-tejon\/epaulette-blaireau-a-nouettes\/#breadcrumb\",\"itemListElement\":[{\"@type\":\"ListItem\",\"position\":1,\"name\":\"Inicio\",\"item\":\"https:\/\/www.lesjardinsdesaintehildegarde.com\/es\/\"},{\"@type\":\"ListItem\",\"position\":2,\"name\":\"Productos\",\"item\":\"https:\/\/www.lesjardinsdesaintehildegarde.com\/es\/shop\/\"},{\"@type\":\"ListItem\",\"position\":3,\"name\":\"EPAULETTE BLAIREAU A NOUETTES\"}]},{\"@type\":\"WebSite\",\"@id\":\"https:\/\/www.lesjardinsdesaintehildegarde.com\/es\/#website\",\"url\":\"https:\/\/www.lesjardinsdesaintehildegarde.com\/es\/\",\"name\":\"Les Jardins de Sainte-Hildegarde\",\"description\":\"Viriditas\",\"publisher\":{\"@id\":\"https:\/\/www.lesjardinsdesaintehildegarde.com\/es\/#organization\"},\"potentialAction\":[{\"@type\":\"SearchAction\",\"target\":{\"@type\":\"EntryPoint\",\"urlTemplate\":\"https:\/\/www.lesjardinsdesaintehildegarde.com\/es\/?s={search_term_string}\"},\"query-input\":{\"@type\":\"PropertyValueSpecification\",\"valueRequired\":true,\"valueName\":\"search_term_string\"}}],\"inLanguage\":\"es\"},{\"@type\":\"Organization\",\"@id\":\"https:\/\/www.lesjardinsdesaintehildegarde.com\/es\/#organization\",\"name\":\"Les Jardins de Sainte-Hildegarde\",\"url\":\"https:\/\/www.lesjardinsdesaintehildegarde.com\/es\/\",\"logo\":{\"@type\":\"ImageObject\",\"inLanguage\":\"es\",\"@id\":\"https:\/\/www.lesjardinsdesaintehildegarde.com\/es\/#\/schema\/logo\/image\/\",\"url\":\"https:\/\/www.lesjardinsdesaintehildegarde.com\/wp-content\/uploads\/2022\/11\/logo-2022.png\",\"contentUrl\":\"https:\/\/www.lesjardinsdesaintehildegarde.com\/wp-content\/uploads\/2022\/11\/logo-2022.png\",\"width\":365,\"height\":90,\"caption\":\"Les Jardins de Sainte-Hildegarde\"},\"image\":{\"@id\":\"https:\/\/www.lesjardinsdesaintehildegarde.com\/es\/#\/schema\/logo\/image\/\"}}]}<\/script>\n<!-- \/ Yoast SEO plugin. -->","yoast_head_json":{"title":"EPAULETTE BLAIREAU A NOUETTES - Les Jardins de Sainte-Hildegarde","robots":{"index":"index","follow":"follow","max-snippet":"max-snippet:-1","max-image-preview":"max-image-preview:large","max-video-preview":"max-video-preview:-1"},"canonical":"https:\/\/www.lesjardinsdesaintehildegarde.com\/es\/accesorios-de-tejon\/otros-articulos-de-tejon\/epaulette-blaireau-a-nouettes\/","og_locale":"es_ES","og_type":"article","og_title":"EPAULETTE BLAIREAU A NOUETTES - Les Jardins de Sainte-Hildegarde","og_description":"\u00c9PAULETTE FOURRURE DE BLAIREAU Douleurs articulations \u00e9paules et bras Description : Pour une \u00e9paulette. Forme : losange S&#8217;attache avec lacets de chaque extr\u00e9mit\u00e9. Mode d&#8217;emploi : S&#8217;utilise toujours avec la fourrure en contact avec la peau. Pour les bienfaits de cet article se r\u00e9f\u00e9rer aux \u00e9crits de Sainte Hildegarde de Bingen. Entretien : Quand la [&hellip;]","og_url":"https:\/\/www.lesjardinsdesaintehildegarde.com\/es\/accesorios-de-tejon\/otros-articulos-de-tejon\/epaulette-blaireau-a-nouettes\/","og_site_name":"Les Jardins de Sainte-Hildegarde","article_modified_time":"2026-04-03T21:03:08+00:00","og_image":[{"width":3755,"height":2333,"url":"https:\/\/www.lesjardinsdesaintehildegarde.com\/wp-content\/uploads\/2022\/11\/blep.jpg","type":"image\/jpeg"}],"twitter_card":"summary_large_image","twitter_misc":{"Tiempo de lectura":"1 minuto"},"schema":{"@context":"https:\/\/schema.org","@graph":[{"@type":"WebPage","@id":"https:\/\/www.lesjardinsdesaintehildegarde.com\/es\/accesorios-de-tejon\/otros-articulos-de-tejon\/epaulette-blaireau-a-nouettes\/","url":"https:\/\/www.lesjardinsdesaintehildegarde.com\/es\/accesorios-de-tejon\/otros-articulos-de-tejon\/epaulette-blaireau-a-nouettes\/","name":"EPAULETTE BLAIREAU A NOUETTES - Les Jardins de Sainte-Hildegarde","isPartOf":{"@id":"https:\/\/www.lesjardinsdesaintehildegarde.com\/es\/#website"},"primaryImageOfPage":{"@id":"https:\/\/www.lesjardinsdesaintehildegarde.com\/es\/accesorios-de-tejon\/otros-articulos-de-tejon\/epaulette-blaireau-a-nouettes\/#primaryimage"},"image":{"@id":"https:\/\/www.lesjardinsdesaintehildegarde.com\/es\/accesorios-de-tejon\/otros-articulos-de-tejon\/epaulette-blaireau-a-nouettes\/#primaryimage"},"thumbnailUrl":"https:\/\/www.lesjardinsdesaintehildegarde.com\/wp-content\/uploads\/2022\/11\/blep.jpg","datePublished":"2022-11-04T08:10:01+00:00","dateModified":"2026-04-03T21:03:08+00:00","breadcrumb":{"@id":"https:\/\/www.lesjardinsdesaintehildegarde.com\/es\/accesorios-de-tejon\/otros-articulos-de-tejon\/epaulette-blaireau-a-nouettes\/#breadcrumb"},"inLanguage":"es","potentialAction":[{"@type":"ReadAction","target":["https:\/\/www.lesjardinsdesaintehildegarde.com\/es\/accesorios-de-tejon\/otros-articulos-de-tejon\/epaulette-blaireau-a-nouettes\/"]}]},{"@type":"ImageObject","inLanguage":"es","@id":"https:\/\/www.lesjardinsdesaintehildegarde.com\/es\/accesorios-de-tejon\/otros-articulos-de-tejon\/epaulette-blaireau-a-nouettes\/#primaryimage","url":"https:\/\/www.lesjardinsdesaintehildegarde.com\/wp-content\/uploads\/2022\/11\/blep.jpg","contentUrl":"https:\/\/www.lesjardinsdesaintehildegarde.com\/wp-content\/uploads\/2022\/11\/blep.jpg","width":3755,"height":2333,"caption":"\u00c9PAULETTE FOURRURE DE BLAIREAU Douleurs articulations \u00e9paules et bras"},{"@type":"BreadcrumbList","@id":"https:\/\/www.lesjardinsdesaintehildegarde.com\/es\/accesorios-de-tejon\/otros-articulos-de-tejon\/epaulette-blaireau-a-nouettes\/#breadcrumb","itemListElement":[{"@type":"ListItem","position":1,"name":"Inicio","item":"https:\/\/www.lesjardinsdesaintehildegarde.com\/es\/"},{"@type":"ListItem","position":2,"name":"Productos","item":"https:\/\/www.lesjardinsdesaintehildegarde.com\/es\/shop\/"},{"@type":"ListItem","position":3,"name":"EPAULETTE BLAIREAU A NOUETTES"}]},{"@type":"WebSite","@id":"https:\/\/www.lesjardinsdesaintehildegarde.com\/es\/#website","url":"https:\/\/www.lesjardinsdesaintehildegarde.com\/es\/","name":"Les Jardins de Sainte-Hildegarde","description":"Viriditas","publisher":{"@id":"https:\/\/www.lesjardinsdesaintehildegarde.com\/es\/#organization"},"potentialAction":[{"@type":"SearchAction","target":{"@type":"EntryPoint","urlTemplate":"https:\/\/www.lesjardinsdesaintehildegarde.com\/es\/?s={search_term_string}"},"query-input":{"@type":"PropertyValueSpecification","valueRequired":true,"valueName":"search_term_string"}}],"inLanguage":"es"},{"@type":"Organization","@id":"https:\/\/www.lesjardinsdesaintehildegarde.com\/es\/#organization","name":"Les Jardins de Sainte-Hildegarde","url":"https:\/\/www.lesjardinsdesaintehildegarde.com\/es\/","logo":{"@type":"ImageObject","inLanguage":"es","@id":"https:\/\/www.lesjardinsdesaintehildegarde.com\/es\/#\/schema\/logo\/image\/","url":"https:\/\/www.lesjardinsdesaintehildegarde.com\/wp-content\/uploads\/2022\/11\/logo-2022.png","contentUrl":"https:\/\/www.lesjardinsdesaintehildegarde.com\/wp-content\/uploads\/2022\/11\/logo-2022.png","width":365,"height":90,"caption":"Les Jardins de Sainte-Hildegarde"},"image":{"@id":"https:\/\/www.lesjardinsdesaintehildegarde.com\/es\/#\/schema\/logo\/image\/"}}]}},"_links":{"self":[{"href":"https:\/\/www.lesjardinsdesaintehildegarde.com\/es\/wp-json\/wp\/v2\/product\/2096","targetHints":{"allow":["GET"]}}],"collection":[{"href":"https:\/\/www.lesjardinsdesaintehildegarde.com\/es\/wp-json\/wp\/v2\/product"}],"about":[{"href":"https:\/\/www.lesjardinsdesaintehildegarde.com\/es\/wp-json\/wp\/v2\/types\/product"}],"replies":[{"embeddable":true,"href":"https:\/\/www.lesjardinsdesaintehildegarde.com\/es\/wp-json\/wp\/v2\/comments?post=2096"}],"wp:featuredmedia":[{"embeddable":true,"href":"https:\/\/www.lesjardinsdesaintehildegarde.com\/es\/wp-json\/wp\/v2\/media\/6822"}],"wp:attachment":[{"href":"https:\/\/www.lesjardinsdesaintehildegarde.com\/es\/wp-json\/wp\/v2\/media?parent=2096"}],"wp:term":[{"taxonomy":"product_brand","embeddable":true,"href":"https:\/\/www.lesjardinsdesaintehildegarde.com\/es\/wp-json\/wp\/v2\/product_brand?post=2096"},{"taxonomy":"product_cat","embeddable":true,"href":"https:\/\/www.lesjardinsdesaintehildegarde.com\/es\/wp-json\/wp\/v2\/product_cat?post=2096"},{"taxonomy":"product_tag","embeddable":true,"href":"https:\/\/www.lesjardinsdesaintehildegarde.com\/es\/wp-json\/wp\/v2\/product_tag?post=2096"}],"curies":[{"name":"wp","href":"https:\/\/api.w.org\/{rel}","templated":true}]}}