{"id":2119,"date":"2022-11-04T09:10:05","date_gmt":"2022-11-04T08:10:05","guid":{"rendered":"https:\/\/www.lesjardinsdesaintehildegarde.com\/non%20class\u00e9\/persil-fc-bio-10g\/"},"modified":"2026-04-03T23:03:14","modified_gmt":"2026-04-03T21:03:14","slug":"persil-fc-bio-10g","status":"publish","type":"product","link":"https:\/\/www.lesjardinsdesaintehildegarde.com\/es\/plantas-y-especias\/plantas\/persil-fc-bio-10g\/","title":{"rendered":"PERSIL FC BIO 20G*"},"content":{"rendered":"<p>PERSIL FEUILLES DESHYDRAT\u00c9ES BIO 20G* (145\u20ac \/ kg)<\/p>\n<p>Petroselinum sativum H.<\/p>\n<p>* Issu de l&#8217;agriculture biologique<\/p>\n<p>Plante essentielle de Sainte Hildegarde<\/p>\n<p>Mode d&#8217;emploi : Vous pouvez utiliser cet excellent persil pour condimenter vos plats et salades, le persil est utile dans de nombreuses pr\u00e9parations recommand\u00e9es par sainte Hildegarde, pour plus de pr\u00e9cision se r\u00e9f\u00e9rer \u00e0 ses \u00e9crits.<\/p>\n<p>\u00abLe persil est de nature robuste, et il contient plus de chaleur que de froid; il pousse gr\u00e2ce au vent et \u00e0 l&#8217;humidit\u00e9. Il est meilleur et plus utile \u00e0 l&#8217;homme quand il est cru que quand il est cuit.\u00bb<\/p>\n<p>PHYSICA Ch. LXVIII : LE PERSIL<\/p>\n<p>Garder \u00e0 l&#8217;abri du soleil dans un endroit propre, sec et temp\u00e9r\u00e9.<\/p>\n<p>Photo(s) non contractuelles:<\/p>\n<p>L&#8217;origine naturelle de ce produit ne nous permet pas de vous garantir un aspect strictement identique d &#8216;un lot \u00e0 l&#8217;autre.<\/p>\n<p>En effet, de sensibles variations de couleurs, d&#8217;aspect, de texture, de go\u00fbt, de coupe, peuvent intervenir selon la zone g\u00e9ographique de culture, selon le climat, et selon les diff\u00e9rentes \u00e9tapes qui succ\u00e8dent \u00e0 la r\u00e9colte.<\/p>\n","protected":false},"excerpt":{"rendered":"<p>PERSIL FEUILLES DESHYDRAT\u00c9ES BIO 20G* (145\u20ac \/ kg) Petroselinum sativum H. * Issu de l&#8217;agriculture biologique Plante essentielle de Sainte Hildegarde Mode d&#8217;emploi : Vous pouvez utiliser cet excellent persil pour condimenter vos plats et salades, le persil est utile dans de nombreuses pr\u00e9parations recommand\u00e9es par sainte Hildegarde, pour plus de pr\u00e9cision se r\u00e9f\u00e9rer \u00e0 [&hellip;]<\/p>\n","protected":false},"featured_media":67078,"comment_status":"open","ping_status":"closed","template":"","meta":{"_acf_changed":false,"_relevanssi_hide_post":"","_relevanssi_hide_content":"","_relevanssi_pin_for_all":"","_relevanssi_pin_keywords":"","_relevanssi_unpin_keywords":"","_relevanssi_related_keywords":"","_relevanssi_related_include_ids":"","_relevanssi_related_exclude_ids":"","_relevanssi_related_no_append":"","_relevanssi_related_not_related":"","_relevanssi_related_posts":"","_relevanssi_noindex_reason":""},"product_brand":[],"product_cat":[65,35],"product_tag":[49],"class_list":{"0":"post-2119","1":"product","2":"type-product","3":"status-publish","4":"has-post-thumbnail","6":"product_cat-plantes","7":"product_cat-plantes-et-epices","8":"product_tag-produit-bio","10":"first","11":"instock","12":"taxable","13":"shipping-taxable","14":"purchasable","15":"product-type-simple"},"acf":[],"yoast_head":"<!-- This site is optimized with the Yoast SEO plugin v27.2 - https:\/\/yoast.com\/product\/yoast-seo-wordpress\/ -->\n<title>PERSIL FC BIO 20G* - Les Jardins de Sainte-Hildegarde<\/title>\n<meta name=\"robots\" content=\"index, follow, max-snippet:-1, max-image-preview:large, max-video-preview:-1\" \/>\n<link rel=\"canonical\" href=\"https:\/\/www.lesjardinsdesaintehildegarde.com\/es\/plantas-y-especias\/plantas\/persil-fc-bio-10g\/\" \/>\n<meta property=\"og:locale\" content=\"es_ES\" \/>\n<meta property=\"og:type\" content=\"article\" \/>\n<meta property=\"og:title\" content=\"PERSIL FC BIO 20G* - Les Jardins de Sainte-Hildegarde\" \/>\n<meta property=\"og:description\" content=\"PERSIL FEUILLES DESHYDRAT\u00c9ES BIO 20G* (145\u20ac \/ kg) Petroselinum sativum H. * Issu de l&#8217;agriculture biologique Plante essentielle de Sainte Hildegarde Mode d&#8217;emploi : Vous pouvez utiliser cet excellent persil pour condimenter vos plats et salades, le persil est utile dans de nombreuses pr\u00e9parations recommand\u00e9es par sainte Hildegarde, pour plus de pr\u00e9cision se r\u00e9f\u00e9rer \u00e0 [&hellip;]\" \/>\n<meta property=\"og:url\" content=\"https:\/\/www.lesjardinsdesaintehildegarde.com\/es\/plantas-y-especias\/plantas\/persil-fc-bio-10g\/\" \/>\n<meta property=\"og:site_name\" content=\"Les Jardins de Sainte-Hildegarde\" \/>\n<meta property=\"article:modified_time\" content=\"2026-04-03T21:03:14+00:00\" \/>\n<meta property=\"og:image\" content=\"https:\/\/www.lesjardinsdesaintehildegarde.com\/wp-content\/uploads\/2023\/07\/40180-persil-feuilles-bio-10g.jpg\" \/>\n\t<meta property=\"og:image:width\" content=\"1200\" \/>\n\t<meta property=\"og:image:height\" content=\"1200\" \/>\n\t<meta property=\"og:image:type\" content=\"image\/jpeg\" \/>\n<meta name=\"twitter:card\" content=\"summary_large_image\" \/>\n<meta name=\"twitter:label1\" content=\"Tiempo de lectura\" \/>\n\t<meta name=\"twitter:data1\" content=\"1 minuto\" \/>\n<script type=\"application\/ld+json\" class=\"yoast-schema-graph\">{\"@context\":\"https:\/\/schema.org\",\"@graph\":[{\"@type\":\"WebPage\",\"@id\":\"https:\/\/www.lesjardinsdesaintehildegarde.com\/es\/plantas-y-especias\/plantas\/persil-fc-bio-10g\/\",\"url\":\"https:\/\/www.lesjardinsdesaintehildegarde.com\/es\/plantas-y-especias\/plantas\/persil-fc-bio-10g\/\",\"name\":\"PERSIL FC BIO 20G* - Les Jardins de Sainte-Hildegarde\",\"isPartOf\":{\"@id\":\"https:\/\/www.lesjardinsdesaintehildegarde.com\/es\/#website\"},\"primaryImageOfPage\":{\"@id\":\"https:\/\/www.lesjardinsdesaintehildegarde.com\/es\/plantas-y-especias\/plantas\/persil-fc-bio-10g\/#primaryimage\"},\"image\":{\"@id\":\"https:\/\/www.lesjardinsdesaintehildegarde.com\/es\/plantas-y-especias\/plantas\/persil-fc-bio-10g\/#primaryimage\"},\"thumbnailUrl\":\"https:\/\/www.lesjardinsdesaintehildegarde.com\/wp-content\/uploads\/2023\/07\/40180-persil-feuilles-bio-10g.jpg\",\"datePublished\":\"2022-11-04T08:10:05+00:00\",\"dateModified\":\"2026-04-03T21:03:14+00:00\",\"breadcrumb\":{\"@id\":\"https:\/\/www.lesjardinsdesaintehildegarde.com\/es\/plantas-y-especias\/plantas\/persil-fc-bio-10g\/#breadcrumb\"},\"inLanguage\":\"es\",\"potentialAction\":[{\"@type\":\"ReadAction\",\"target\":[\"https:\/\/www.lesjardinsdesaintehildegarde.com\/es\/plantas-y-especias\/plantas\/persil-fc-bio-10g\/\"]}]},{\"@type\":\"ImageObject\",\"inLanguage\":\"es\",\"@id\":\"https:\/\/www.lesjardinsdesaintehildegarde.com\/es\/plantas-y-especias\/plantas\/persil-fc-bio-10g\/#primaryimage\",\"url\":\"https:\/\/www.lesjardinsdesaintehildegarde.com\/wp-content\/uploads\/2023\/07\/40180-persil-feuilles-bio-10g.jpg\",\"contentUrl\":\"https:\/\/www.lesjardinsdesaintehildegarde.com\/wp-content\/uploads\/2023\/07\/40180-persil-feuilles-bio-10g.jpg\",\"width\":1200,\"height\":1200,\"caption\":\"persil feuilles s\u00e9ch\u00e9es, pot de 20g, recommand\u00e9 par sainte Hildegarde de Bingen\"},{\"@type\":\"BreadcrumbList\",\"@id\":\"https:\/\/www.lesjardinsdesaintehildegarde.com\/es\/plantas-y-especias\/plantas\/persil-fc-bio-10g\/#breadcrumb\",\"itemListElement\":[{\"@type\":\"ListItem\",\"position\":1,\"name\":\"Inicio\",\"item\":\"https:\/\/www.lesjardinsdesaintehildegarde.com\/es\/\"},{\"@type\":\"ListItem\",\"position\":2,\"name\":\"Productos\",\"item\":\"https:\/\/www.lesjardinsdesaintehildegarde.com\/es\/shop\/\"},{\"@type\":\"ListItem\",\"position\":3,\"name\":\"PERSIL FC BIO 20G*\"}]},{\"@type\":\"WebSite\",\"@id\":\"https:\/\/www.lesjardinsdesaintehildegarde.com\/es\/#website\",\"url\":\"https:\/\/www.lesjardinsdesaintehildegarde.com\/es\/\",\"name\":\"Les Jardins de Sainte-Hildegarde\",\"description\":\"Viriditas\",\"publisher\":{\"@id\":\"https:\/\/www.lesjardinsdesaintehildegarde.com\/es\/#organization\"},\"potentialAction\":[{\"@type\":\"SearchAction\",\"target\":{\"@type\":\"EntryPoint\",\"urlTemplate\":\"https:\/\/www.lesjardinsdesaintehildegarde.com\/es\/?s={search_term_string}\"},\"query-input\":{\"@type\":\"PropertyValueSpecification\",\"valueRequired\":true,\"valueName\":\"search_term_string\"}}],\"inLanguage\":\"es\"},{\"@type\":\"Organization\",\"@id\":\"https:\/\/www.lesjardinsdesaintehildegarde.com\/es\/#organization\",\"name\":\"Les Jardins de Sainte-Hildegarde\",\"url\":\"https:\/\/www.lesjardinsdesaintehildegarde.com\/es\/\",\"logo\":{\"@type\":\"ImageObject\",\"inLanguage\":\"es\",\"@id\":\"https:\/\/www.lesjardinsdesaintehildegarde.com\/es\/#\/schema\/logo\/image\/\",\"url\":\"https:\/\/www.lesjardinsdesaintehildegarde.com\/wp-content\/uploads\/2022\/11\/logo-2022.png\",\"contentUrl\":\"https:\/\/www.lesjardinsdesaintehildegarde.com\/wp-content\/uploads\/2022\/11\/logo-2022.png\",\"width\":365,\"height\":90,\"caption\":\"Les Jardins de Sainte-Hildegarde\"},\"image\":{\"@id\":\"https:\/\/www.lesjardinsdesaintehildegarde.com\/es\/#\/schema\/logo\/image\/\"}}]}<\/script>\n<!-- \/ Yoast SEO plugin. -->","yoast_head_json":{"title":"PERSIL FC BIO 20G* - Les Jardins de Sainte-Hildegarde","robots":{"index":"index","follow":"follow","max-snippet":"max-snippet:-1","max-image-preview":"max-image-preview:large","max-video-preview":"max-video-preview:-1"},"canonical":"https:\/\/www.lesjardinsdesaintehildegarde.com\/es\/plantas-y-especias\/plantas\/persil-fc-bio-10g\/","og_locale":"es_ES","og_type":"article","og_title":"PERSIL FC BIO 20G* - Les Jardins de Sainte-Hildegarde","og_description":"PERSIL FEUILLES DESHYDRAT\u00c9ES BIO 20G* (145\u20ac \/ kg) Petroselinum sativum H. * Issu de l&#8217;agriculture biologique Plante essentielle de Sainte Hildegarde Mode d&#8217;emploi : Vous pouvez utiliser cet excellent persil pour condimenter vos plats et salades, le persil est utile dans de nombreuses pr\u00e9parations recommand\u00e9es par sainte Hildegarde, pour plus de pr\u00e9cision se r\u00e9f\u00e9rer \u00e0 [&hellip;]","og_url":"https:\/\/www.lesjardinsdesaintehildegarde.com\/es\/plantas-y-especias\/plantas\/persil-fc-bio-10g\/","og_site_name":"Les Jardins de Sainte-Hildegarde","article_modified_time":"2026-04-03T21:03:14+00:00","og_image":[{"width":1200,"height":1200,"url":"https:\/\/www.lesjardinsdesaintehildegarde.com\/wp-content\/uploads\/2023\/07\/40180-persil-feuilles-bio-10g.jpg","type":"image\/jpeg"}],"twitter_card":"summary_large_image","twitter_misc":{"Tiempo de lectura":"1 minuto"},"schema":{"@context":"https:\/\/schema.org","@graph":[{"@type":"WebPage","@id":"https:\/\/www.lesjardinsdesaintehildegarde.com\/es\/plantas-y-especias\/plantas\/persil-fc-bio-10g\/","url":"https:\/\/www.lesjardinsdesaintehildegarde.com\/es\/plantas-y-especias\/plantas\/persil-fc-bio-10g\/","name":"PERSIL FC BIO 20G* - Les Jardins de Sainte-Hildegarde","isPartOf":{"@id":"https:\/\/www.lesjardinsdesaintehildegarde.com\/es\/#website"},"primaryImageOfPage":{"@id":"https:\/\/www.lesjardinsdesaintehildegarde.com\/es\/plantas-y-especias\/plantas\/persil-fc-bio-10g\/#primaryimage"},"image":{"@id":"https:\/\/www.lesjardinsdesaintehildegarde.com\/es\/plantas-y-especias\/plantas\/persil-fc-bio-10g\/#primaryimage"},"thumbnailUrl":"https:\/\/www.lesjardinsdesaintehildegarde.com\/wp-content\/uploads\/2023\/07\/40180-persil-feuilles-bio-10g.jpg","datePublished":"2022-11-04T08:10:05+00:00","dateModified":"2026-04-03T21:03:14+00:00","breadcrumb":{"@id":"https:\/\/www.lesjardinsdesaintehildegarde.com\/es\/plantas-y-especias\/plantas\/persil-fc-bio-10g\/#breadcrumb"},"inLanguage":"es","potentialAction":[{"@type":"ReadAction","target":["https:\/\/www.lesjardinsdesaintehildegarde.com\/es\/plantas-y-especias\/plantas\/persil-fc-bio-10g\/"]}]},{"@type":"ImageObject","inLanguage":"es","@id":"https:\/\/www.lesjardinsdesaintehildegarde.com\/es\/plantas-y-especias\/plantas\/persil-fc-bio-10g\/#primaryimage","url":"https:\/\/www.lesjardinsdesaintehildegarde.com\/wp-content\/uploads\/2023\/07\/40180-persil-feuilles-bio-10g.jpg","contentUrl":"https:\/\/www.lesjardinsdesaintehildegarde.com\/wp-content\/uploads\/2023\/07\/40180-persil-feuilles-bio-10g.jpg","width":1200,"height":1200,"caption":"persil feuilles s\u00e9ch\u00e9es, pot de 20g, recommand\u00e9 par sainte Hildegarde de Bingen"},{"@type":"BreadcrumbList","@id":"https:\/\/www.lesjardinsdesaintehildegarde.com\/es\/plantas-y-especias\/plantas\/persil-fc-bio-10g\/#breadcrumb","itemListElement":[{"@type":"ListItem","position":1,"name":"Inicio","item":"https:\/\/www.lesjardinsdesaintehildegarde.com\/es\/"},{"@type":"ListItem","position":2,"name":"Productos","item":"https:\/\/www.lesjardinsdesaintehildegarde.com\/es\/shop\/"},{"@type":"ListItem","position":3,"name":"PERSIL FC BIO 20G*"}]},{"@type":"WebSite","@id":"https:\/\/www.lesjardinsdesaintehildegarde.com\/es\/#website","url":"https:\/\/www.lesjardinsdesaintehildegarde.com\/es\/","name":"Les Jardins de Sainte-Hildegarde","description":"Viriditas","publisher":{"@id":"https:\/\/www.lesjardinsdesaintehildegarde.com\/es\/#organization"},"potentialAction":[{"@type":"SearchAction","target":{"@type":"EntryPoint","urlTemplate":"https:\/\/www.lesjardinsdesaintehildegarde.com\/es\/?s={search_term_string}"},"query-input":{"@type":"PropertyValueSpecification","valueRequired":true,"valueName":"search_term_string"}}],"inLanguage":"es"},{"@type":"Organization","@id":"https:\/\/www.lesjardinsdesaintehildegarde.com\/es\/#organization","name":"Les Jardins de Sainte-Hildegarde","url":"https:\/\/www.lesjardinsdesaintehildegarde.com\/es\/","logo":{"@type":"ImageObject","inLanguage":"es","@id":"https:\/\/www.lesjardinsdesaintehildegarde.com\/es\/#\/schema\/logo\/image\/","url":"https:\/\/www.lesjardinsdesaintehildegarde.com\/wp-content\/uploads\/2022\/11\/logo-2022.png","contentUrl":"https:\/\/www.lesjardinsdesaintehildegarde.com\/wp-content\/uploads\/2022\/11\/logo-2022.png","width":365,"height":90,"caption":"Les Jardins de Sainte-Hildegarde"},"image":{"@id":"https:\/\/www.lesjardinsdesaintehildegarde.com\/es\/#\/schema\/logo\/image\/"}}]}},"_links":{"self":[{"href":"https:\/\/www.lesjardinsdesaintehildegarde.com\/es\/wp-json\/wp\/v2\/product\/2119","targetHints":{"allow":["GET"]}}],"collection":[{"href":"https:\/\/www.lesjardinsdesaintehildegarde.com\/es\/wp-json\/wp\/v2\/product"}],"about":[{"href":"https:\/\/www.lesjardinsdesaintehildegarde.com\/es\/wp-json\/wp\/v2\/types\/product"}],"replies":[{"embeddable":true,"href":"https:\/\/www.lesjardinsdesaintehildegarde.com\/es\/wp-json\/wp\/v2\/comments?post=2119"}],"wp:featuredmedia":[{"embeddable":true,"href":"https:\/\/www.lesjardinsdesaintehildegarde.com\/es\/wp-json\/wp\/v2\/media\/67078"}],"wp:attachment":[{"href":"https:\/\/www.lesjardinsdesaintehildegarde.com\/es\/wp-json\/wp\/v2\/media?parent=2119"}],"wp:term":[{"taxonomy":"product_brand","embeddable":true,"href":"https:\/\/www.lesjardinsdesaintehildegarde.com\/es\/wp-json\/wp\/v2\/product_brand?post=2119"},{"taxonomy":"product_cat","embeddable":true,"href":"https:\/\/www.lesjardinsdesaintehildegarde.com\/es\/wp-json\/wp\/v2\/product_cat?post=2119"},{"taxonomy":"product_tag","embeddable":true,"href":"https:\/\/www.lesjardinsdesaintehildegarde.com\/es\/wp-json\/wp\/v2\/product_tag?post=2119"}],"curies":[{"name":"wp","href":"https:\/\/api.w.org\/{rel}","templated":true}]}}