{"id":58584,"date":"2023-04-07T11:14:03","date_gmt":"2023-04-07T09:14:03","guid":{"rendered":"https:\/\/www.lesjardinsdesaintehildegarde.com\/?post_type=product&#038;p=58584"},"modified":"2026-04-30T14:21:03","modified_gmt":"2026-04-30T12:21:03","slug":"farine-pois-chiche-bio-vrac-2","status":"publish","type":"product","link":"https:\/\/www.lesjardinsdesaintehildegarde.com\/es\/espelta-alimentacion\/frutos-y-preparaciones-a-base-de-frutos\/farine-pois-chiche-bio-vrac-2\/","title":{"rendered":"FARINE POIS CHICHES FRANCE BIO 400g*"},"content":{"rendered":"<p>FARINE DE POIS CHICHES BIO 400G  NET (8,40\u20ac\/kg)<\/p>\n<p>Origine France<\/p>\n<p>Sainte Hildegarde nous dit que \u00abLe pois chiche est chaud et agr\u00e9able, l\u00e9ger et agr\u00e9able \u00e0 manger, et il n&#8217;augmente pas les humeurs mauvaises chez celui qui en mange.\u00bb (Physica CLXXXIX)<\/p>\n<p>Il s&#8217;agit d&#8217;un produit de choix pour une alimentation de la joie ! <\/p>\n<p>La farine de pois chiches peut s&#8217;utiliser de multiples fa\u00e7ons, elle est tr\u00e8s pris\u00e9e dans la cuisine m\u00e9diterran\u00e9enne : socca, cr\u00eapes, galettes, pain&#8230;<\/p>\n<p>Dans le livre \u00abCuisiner avec Hildegarde de Bingen\u00bb  (r\u00e9f L0050) vous trouverez de nombreuses recettes avec des pois chiches, et bien d&#8217;autres id\u00e9es encore dans la rubrique \u00abrecettes\u00bb de ce site web.<\/p>\n<p>Nous savons aujourd&#8217;hui que le pois chiche est riche en fibre et en prot\u00e9ines il est \u00e9galement source de de vitamine B9, d&#8217;acides amin\u00e9s essentiels, de min\u00e9raux et d&#8217;oligo-\u00e9l\u00e9ments, de vitamines C et B9. <\/p>\n<p>Il contient entre autres du mangan\u00e8se, du cuivre, du phosphore, du zinc et du fer. <\/p>\n","protected":false},"excerpt":{"rendered":"<p>FARINE DE POIS CHICHES BIO 400G NET (8,40\u20ac\/kg) Origine France Sainte Hildegarde nous dit que \u00abLe pois chiche est chaud et agr\u00e9able, l\u00e9ger et agr\u00e9able \u00e0 manger, et il n&#8217;augmente pas les humeurs mauvaises chez celui qui en mange.\u00bb (Physica CLXXXIX) Il s&#8217;agit d&#8217;un produit de choix pour une alimentation de la joie ! La [&hellip;]<\/p>\n","protected":false},"featured_media":74108,"comment_status":"open","ping_status":"closed","template":"","meta":{"_acf_changed":false,"_relevanssi_hide_post":"","_relevanssi_hide_content":"","_relevanssi_pin_for_all":"","_relevanssi_pin_keywords":"","_relevanssi_unpin_keywords":"","_relevanssi_related_keywords":"","_relevanssi_related_include_ids":"","_relevanssi_related_exclude_ids":"","_relevanssi_related_no_append":"","_relevanssi_related_not_related":"","_relevanssi_related_posts":"","_relevanssi_noindex_reason":""},"product_brand":[],"product_cat":[30,55],"product_tag":[49],"class_list":{"0":"post-58584","1":"product","2":"type-product","3":"status-publish","4":"has-post-thumbnail","6":"product_cat-epeautres-alimentation","7":"product_cat-fruits-et-preparations-a-base-de-fruits","8":"product_tag-produit-bio","10":"first","11":"instock","12":"taxable","13":"shipping-taxable","14":"purchasable","15":"product-type-simple"},"acf":[],"yoast_head":"<!-- This site is optimized with the Yoast SEO plugin v27.4 - https:\/\/yoast.com\/product\/yoast-seo-wordpress\/ -->\n<title>FARINE POIS CHICHES FRANCE BIO 400g* - Les Jardins de Sainte-Hildegarde<\/title>\n<meta name=\"robots\" content=\"index, follow, max-snippet:-1, max-image-preview:large, max-video-preview:-1\" \/>\n<link rel=\"canonical\" href=\"https:\/\/www.lesjardinsdesaintehildegarde.com\/es\/espelta-alimentacion\/frutos-y-preparaciones-a-base-de-frutos\/farine-pois-chiche-bio-vrac-2\/\" \/>\n<meta property=\"og:locale\" content=\"es_ES\" \/>\n<meta property=\"og:type\" content=\"article\" \/>\n<meta property=\"og:title\" content=\"FARINE POIS CHICHES FRANCE BIO 400g* - Les Jardins de Sainte-Hildegarde\" \/>\n<meta property=\"og:description\" content=\"FARINE DE POIS CHICHES BIO 400G NET (8,40\u20ac\/kg) Origine France Sainte Hildegarde nous dit que \u00abLe pois chiche est chaud et agr\u00e9able, l\u00e9ger et agr\u00e9able \u00e0 manger, et il n&#8217;augmente pas les humeurs mauvaises chez celui qui en mange.\u00bb (Physica CLXXXIX) Il s&#8217;agit d&#8217;un produit de choix pour une alimentation de la joie ! La [&hellip;]\" \/>\n<meta property=\"og:url\" content=\"https:\/\/www.lesjardinsdesaintehildegarde.com\/es\/espelta-alimentacion\/frutos-y-preparaciones-a-base-de-frutos\/farine-pois-chiche-bio-vrac-2\/\" \/>\n<meta property=\"og:site_name\" content=\"Les Jardins de Sainte-Hildegarde\" \/>\n<meta property=\"article:modified_time\" content=\"2026-04-30T12:21:03+00:00\" \/>\n<meta property=\"og:image\" content=\"https:\/\/www.lesjardinsdesaintehildegarde.com\/wp-content\/uploads\/2023\/04\/00092-farine-de-pois-chiches-bio-400g.jpg\" \/>\n\t<meta property=\"og:image:width\" content=\"1200\" \/>\n\t<meta property=\"og:image:height\" content=\"1200\" \/>\n\t<meta property=\"og:image:type\" content=\"image\/jpeg\" \/>\n<meta name=\"twitter:card\" content=\"summary_large_image\" \/>\n<meta name=\"twitter:label1\" content=\"Tiempo de lectura\" \/>\n\t<meta name=\"twitter:data1\" content=\"1 minuto\" \/>\n<script type=\"application\/ld+json\" class=\"yoast-schema-graph\">{\"@context\":\"https:\\\/\\\/schema.org\",\"@graph\":[{\"@type\":\"WebPage\",\"@id\":\"https:\\\/\\\/www.lesjardinsdesaintehildegarde.com\\\/es\\\/espelta-alimentacion\\\/frutos-y-preparaciones-a-base-de-frutos\\\/farine-pois-chiche-bio-vrac-2\\\/\",\"url\":\"https:\\\/\\\/www.lesjardinsdesaintehildegarde.com\\\/es\\\/espelta-alimentacion\\\/frutos-y-preparaciones-a-base-de-frutos\\\/farine-pois-chiche-bio-vrac-2\\\/\",\"name\":\"FARINE POIS CHICHES FRANCE BIO 400g* - Les Jardins de Sainte-Hildegarde\",\"isPartOf\":{\"@id\":\"https:\\\/\\\/www.lesjardinsdesaintehildegarde.com\\\/es\\\/#website\"},\"primaryImageOfPage\":{\"@id\":\"https:\\\/\\\/www.lesjardinsdesaintehildegarde.com\\\/es\\\/espelta-alimentacion\\\/frutos-y-preparaciones-a-base-de-frutos\\\/farine-pois-chiche-bio-vrac-2\\\/#primaryimage\"},\"image\":{\"@id\":\"https:\\\/\\\/www.lesjardinsdesaintehildegarde.com\\\/es\\\/espelta-alimentacion\\\/frutos-y-preparaciones-a-base-de-frutos\\\/farine-pois-chiche-bio-vrac-2\\\/#primaryimage\"},\"thumbnailUrl\":\"https:\\\/\\\/www.lesjardinsdesaintehildegarde.com\\\/wp-content\\\/uploads\\\/2023\\\/04\\\/00092-farine-de-pois-chiches-bio-400g.jpg\",\"datePublished\":\"2023-04-07T09:14:03+00:00\",\"dateModified\":\"2026-04-30T12:21:03+00:00\",\"breadcrumb\":{\"@id\":\"https:\\\/\\\/www.lesjardinsdesaintehildegarde.com\\\/es\\\/espelta-alimentacion\\\/frutos-y-preparaciones-a-base-de-frutos\\\/farine-pois-chiche-bio-vrac-2\\\/#breadcrumb\"},\"inLanguage\":\"es\",\"potentialAction\":[{\"@type\":\"ReadAction\",\"target\":[\"https:\\\/\\\/www.lesjardinsdesaintehildegarde.com\\\/es\\\/espelta-alimentacion\\\/frutos-y-preparaciones-a-base-de-frutos\\\/farine-pois-chiche-bio-vrac-2\\\/\"]}]},{\"@type\":\"ImageObject\",\"inLanguage\":\"es\",\"@id\":\"https:\\\/\\\/www.lesjardinsdesaintehildegarde.com\\\/es\\\/espelta-alimentacion\\\/frutos-y-preparaciones-a-base-de-frutos\\\/farine-pois-chiche-bio-vrac-2\\\/#primaryimage\",\"url\":\"https:\\\/\\\/www.lesjardinsdesaintehildegarde.com\\\/wp-content\\\/uploads\\\/2023\\\/04\\\/00092-farine-de-pois-chiches-bio-400g.jpg\",\"contentUrl\":\"https:\\\/\\\/www.lesjardinsdesaintehildegarde.com\\\/wp-content\\\/uploads\\\/2023\\\/04\\\/00092-farine-de-pois-chiches-bio-400g.jpg\",\"width\":1200,\"height\":1200,\"caption\":\"Farine de pois chiche bio - 400g- Origine France\"},{\"@type\":\"BreadcrumbList\",\"@id\":\"https:\\\/\\\/www.lesjardinsdesaintehildegarde.com\\\/es\\\/espelta-alimentacion\\\/frutos-y-preparaciones-a-base-de-frutos\\\/farine-pois-chiche-bio-vrac-2\\\/#breadcrumb\",\"itemListElement\":[{\"@type\":\"ListItem\",\"position\":1,\"name\":\"Inicio\",\"item\":\"https:\\\/\\\/www.lesjardinsdesaintehildegarde.com\\\/es\\\/\"},{\"@type\":\"ListItem\",\"position\":2,\"name\":\"Productos\",\"item\":\"https:\\\/\\\/www.lesjardinsdesaintehildegarde.com\\\/es\\\/shop\\\/\"},{\"@type\":\"ListItem\",\"position\":3,\"name\":\"FARINE POIS CHICHES FRANCE BIO 400g*\"}]},{\"@type\":\"WebSite\",\"@id\":\"https:\\\/\\\/www.lesjardinsdesaintehildegarde.com\\\/es\\\/#website\",\"url\":\"https:\\\/\\\/www.lesjardinsdesaintehildegarde.com\\\/es\\\/\",\"name\":\"Les Jardins de Sainte-Hildegarde\",\"description\":\"Viriditas\",\"publisher\":{\"@id\":\"https:\\\/\\\/www.lesjardinsdesaintehildegarde.com\\\/es\\\/#organization\"},\"potentialAction\":[{\"@type\":\"SearchAction\",\"target\":{\"@type\":\"EntryPoint\",\"urlTemplate\":\"https:\\\/\\\/www.lesjardinsdesaintehildegarde.com\\\/es\\\/?s={search_term_string}\"},\"query-input\":{\"@type\":\"PropertyValueSpecification\",\"valueRequired\":true,\"valueName\":\"search_term_string\"}}],\"inLanguage\":\"es\"},{\"@type\":\"Organization\",\"@id\":\"https:\\\/\\\/www.lesjardinsdesaintehildegarde.com\\\/es\\\/#organization\",\"name\":\"Les Jardins de Sainte-Hildegarde\",\"url\":\"https:\\\/\\\/www.lesjardinsdesaintehildegarde.com\\\/es\\\/\",\"logo\":{\"@type\":\"ImageObject\",\"inLanguage\":\"es\",\"@id\":\"https:\\\/\\\/www.lesjardinsdesaintehildegarde.com\\\/es\\\/#\\\/schema\\\/logo\\\/image\\\/\",\"url\":\"https:\\\/\\\/www.lesjardinsdesaintehildegarde.com\\\/wp-content\\\/uploads\\\/2022\\\/11\\\/logo-2022.png\",\"contentUrl\":\"https:\\\/\\\/www.lesjardinsdesaintehildegarde.com\\\/wp-content\\\/uploads\\\/2022\\\/11\\\/logo-2022.png\",\"width\":365,\"height\":90,\"caption\":\"Les Jardins de Sainte-Hildegarde\"},\"image\":{\"@id\":\"https:\\\/\\\/www.lesjardinsdesaintehildegarde.com\\\/es\\\/#\\\/schema\\\/logo\\\/image\\\/\"}}]}<\/script>\n<!-- \/ Yoast SEO plugin. -->","yoast_head_json":{"title":"FARINE POIS CHICHES FRANCE BIO 400g* - Les Jardins de Sainte-Hildegarde","robots":{"index":"index","follow":"follow","max-snippet":"max-snippet:-1","max-image-preview":"max-image-preview:large","max-video-preview":"max-video-preview:-1"},"canonical":"https:\/\/www.lesjardinsdesaintehildegarde.com\/es\/espelta-alimentacion\/frutos-y-preparaciones-a-base-de-frutos\/farine-pois-chiche-bio-vrac-2\/","og_locale":"es_ES","og_type":"article","og_title":"FARINE POIS CHICHES FRANCE BIO 400g* - Les Jardins de Sainte-Hildegarde","og_description":"FARINE DE POIS CHICHES BIO 400G NET (8,40\u20ac\/kg) Origine France Sainte Hildegarde nous dit que \u00abLe pois chiche est chaud et agr\u00e9able, l\u00e9ger et agr\u00e9able \u00e0 manger, et il n&#8217;augmente pas les humeurs mauvaises chez celui qui en mange.\u00bb (Physica CLXXXIX) Il s&#8217;agit d&#8217;un produit de choix pour une alimentation de la joie ! La [&hellip;]","og_url":"https:\/\/www.lesjardinsdesaintehildegarde.com\/es\/espelta-alimentacion\/frutos-y-preparaciones-a-base-de-frutos\/farine-pois-chiche-bio-vrac-2\/","og_site_name":"Les Jardins de Sainte-Hildegarde","article_modified_time":"2026-04-30T12:21:03+00:00","og_image":[{"width":1200,"height":1200,"url":"https:\/\/www.lesjardinsdesaintehildegarde.com\/wp-content\/uploads\/2023\/04\/00092-farine-de-pois-chiches-bio-400g.jpg","type":"image\/jpeg"}],"twitter_card":"summary_large_image","twitter_misc":{"Tiempo de lectura":"1 minuto"},"schema":{"@context":"https:\/\/schema.org","@graph":[{"@type":"WebPage","@id":"https:\/\/www.lesjardinsdesaintehildegarde.com\/es\/espelta-alimentacion\/frutos-y-preparaciones-a-base-de-frutos\/farine-pois-chiche-bio-vrac-2\/","url":"https:\/\/www.lesjardinsdesaintehildegarde.com\/es\/espelta-alimentacion\/frutos-y-preparaciones-a-base-de-frutos\/farine-pois-chiche-bio-vrac-2\/","name":"FARINE POIS CHICHES FRANCE BIO 400g* - Les Jardins de Sainte-Hildegarde","isPartOf":{"@id":"https:\/\/www.lesjardinsdesaintehildegarde.com\/es\/#website"},"primaryImageOfPage":{"@id":"https:\/\/www.lesjardinsdesaintehildegarde.com\/es\/espelta-alimentacion\/frutos-y-preparaciones-a-base-de-frutos\/farine-pois-chiche-bio-vrac-2\/#primaryimage"},"image":{"@id":"https:\/\/www.lesjardinsdesaintehildegarde.com\/es\/espelta-alimentacion\/frutos-y-preparaciones-a-base-de-frutos\/farine-pois-chiche-bio-vrac-2\/#primaryimage"},"thumbnailUrl":"https:\/\/www.lesjardinsdesaintehildegarde.com\/wp-content\/uploads\/2023\/04\/00092-farine-de-pois-chiches-bio-400g.jpg","datePublished":"2023-04-07T09:14:03+00:00","dateModified":"2026-04-30T12:21:03+00:00","breadcrumb":{"@id":"https:\/\/www.lesjardinsdesaintehildegarde.com\/es\/espelta-alimentacion\/frutos-y-preparaciones-a-base-de-frutos\/farine-pois-chiche-bio-vrac-2\/#breadcrumb"},"inLanguage":"es","potentialAction":[{"@type":"ReadAction","target":["https:\/\/www.lesjardinsdesaintehildegarde.com\/es\/espelta-alimentacion\/frutos-y-preparaciones-a-base-de-frutos\/farine-pois-chiche-bio-vrac-2\/"]}]},{"@type":"ImageObject","inLanguage":"es","@id":"https:\/\/www.lesjardinsdesaintehildegarde.com\/es\/espelta-alimentacion\/frutos-y-preparaciones-a-base-de-frutos\/farine-pois-chiche-bio-vrac-2\/#primaryimage","url":"https:\/\/www.lesjardinsdesaintehildegarde.com\/wp-content\/uploads\/2023\/04\/00092-farine-de-pois-chiches-bio-400g.jpg","contentUrl":"https:\/\/www.lesjardinsdesaintehildegarde.com\/wp-content\/uploads\/2023\/04\/00092-farine-de-pois-chiches-bio-400g.jpg","width":1200,"height":1200,"caption":"Farine de pois chiche bio - 400g- Origine France"},{"@type":"BreadcrumbList","@id":"https:\/\/www.lesjardinsdesaintehildegarde.com\/es\/espelta-alimentacion\/frutos-y-preparaciones-a-base-de-frutos\/farine-pois-chiche-bio-vrac-2\/#breadcrumb","itemListElement":[{"@type":"ListItem","position":1,"name":"Inicio","item":"https:\/\/www.lesjardinsdesaintehildegarde.com\/es\/"},{"@type":"ListItem","position":2,"name":"Productos","item":"https:\/\/www.lesjardinsdesaintehildegarde.com\/es\/shop\/"},{"@type":"ListItem","position":3,"name":"FARINE POIS CHICHES FRANCE BIO 400g*"}]},{"@type":"WebSite","@id":"https:\/\/www.lesjardinsdesaintehildegarde.com\/es\/#website","url":"https:\/\/www.lesjardinsdesaintehildegarde.com\/es\/","name":"Les Jardins de Sainte-Hildegarde","description":"Viriditas","publisher":{"@id":"https:\/\/www.lesjardinsdesaintehildegarde.com\/es\/#organization"},"potentialAction":[{"@type":"SearchAction","target":{"@type":"EntryPoint","urlTemplate":"https:\/\/www.lesjardinsdesaintehildegarde.com\/es\/?s={search_term_string}"},"query-input":{"@type":"PropertyValueSpecification","valueRequired":true,"valueName":"search_term_string"}}],"inLanguage":"es"},{"@type":"Organization","@id":"https:\/\/www.lesjardinsdesaintehildegarde.com\/es\/#organization","name":"Les Jardins de Sainte-Hildegarde","url":"https:\/\/www.lesjardinsdesaintehildegarde.com\/es\/","logo":{"@type":"ImageObject","inLanguage":"es","@id":"https:\/\/www.lesjardinsdesaintehildegarde.com\/es\/#\/schema\/logo\/image\/","url":"https:\/\/www.lesjardinsdesaintehildegarde.com\/wp-content\/uploads\/2022\/11\/logo-2022.png","contentUrl":"https:\/\/www.lesjardinsdesaintehildegarde.com\/wp-content\/uploads\/2022\/11\/logo-2022.png","width":365,"height":90,"caption":"Les Jardins de Sainte-Hildegarde"},"image":{"@id":"https:\/\/www.lesjardinsdesaintehildegarde.com\/es\/#\/schema\/logo\/image\/"}}]}},"_links":{"self":[{"href":"https:\/\/www.lesjardinsdesaintehildegarde.com\/es\/wp-json\/wp\/v2\/product\/58584","targetHints":{"allow":["GET"]}}],"collection":[{"href":"https:\/\/www.lesjardinsdesaintehildegarde.com\/es\/wp-json\/wp\/v2\/product"}],"about":[{"href":"https:\/\/www.lesjardinsdesaintehildegarde.com\/es\/wp-json\/wp\/v2\/types\/product"}],"replies":[{"embeddable":true,"href":"https:\/\/www.lesjardinsdesaintehildegarde.com\/es\/wp-json\/wp\/v2\/comments?post=58584"}],"wp:featuredmedia":[{"embeddable":true,"href":"https:\/\/www.lesjardinsdesaintehildegarde.com\/es\/wp-json\/wp\/v2\/media\/74108"}],"wp:attachment":[{"href":"https:\/\/www.lesjardinsdesaintehildegarde.com\/es\/wp-json\/wp\/v2\/media?parent=58584"}],"wp:term":[{"taxonomy":"product_brand","embeddable":true,"href":"https:\/\/www.lesjardinsdesaintehildegarde.com\/es\/wp-json\/wp\/v2\/product_brand?post=58584"},{"taxonomy":"product_cat","embeddable":true,"href":"https:\/\/www.lesjardinsdesaintehildegarde.com\/es\/wp-json\/wp\/v2\/product_cat?post=58584"},{"taxonomy":"product_tag","embeddable":true,"href":"https:\/\/www.lesjardinsdesaintehildegarde.com\/es\/wp-json\/wp\/v2\/product_tag?post=58584"}],"curies":[{"name":"wp","href":"https:\/\/api.w.org\/{rel}","templated":true}]}}