{"id":871,"date":"2022-11-04T09:07:03","date_gmt":"2022-11-04T08:07:03","guid":{"rendered":"https:\/\/www.lesjardinsdesaintehildegarde.com\/non%20class\u00e9\/huile-essentielle-encens-bio\/"},"modified":"2026-04-23T23:02:11","modified_gmt":"2026-04-23T21:02:11","slug":"huile-essentielle-encens-bio","status":"publish","type":"product","link":"https:\/\/www.lesjardinsdesaintehildegarde.com\/es\/cosmeticos\/aceites-esenciales\/huile-essentielle-encens-bio\/","title":{"rendered":"HE ENCENS OLIBAN 15ML  BIO"},"content":{"rendered":"<p>HUILE ESSENTIELLE ENCENS (tr\u00e8s bonne essence) 15 ML BIO *<\/p>\n<p>Oliban -Boswellia sacra Flu\u00ebckiger (Synonyme Boswellia Carterii Birdw)<\/p>\n<p>Parties utilis\u00e9e &amp; Origine : r\u00e9sine &#8211; Somalie<\/p>\n<p>Substance Naturelle Complexe (100% pure et naturelle)<\/p>\n<p>* Produit issu de l&#8217;agriculture biologique certifi\u00e9 FR-BIO-10<\/p>\n<p>\u00c9labor\u00e9es lors de la Photosynth\u00e8se, les essences donnent aux plantes aromatiques la Puissance et l&#8217;\u00c9nergie du Soleil. Entra\u00een\u00e9es par la vapeur d&#8217;eau, dans l&#8217;alambic, elles se lib\u00e8rent de la plante tout en gardant leur force et deviennent Huiles Essentielles !<\/p>\n<p>Nos garanties reposent sur des esp\u00e8ces botaniques pr\u00e9cises. Pure, naturelle, obtenue par distillation \u00e0 la vapeur d&#8217;eau, et sans aucune adjonction, chaque huile essentielle est ch\u00e9motyp\u00e9e, notion significative en aromath\u00e9rapie traditionnelle.<\/p>\n<p>Usage externe :<\/p>\n<p>5 \u00e0 8 gouttes dans une petite cuill\u00e8re d&#8217;huile v\u00e9g\u00e9tale en massage sur les parties concern\u00e9es.<\/p>\n<p>Principaux constituants :<\/p>\n<p>Alpha pin\u00e8ne (30 \u00e0 58%),  D-Limon\u00e8ne (2 \u00e0 16%), Myrc\u00e8ne (1,00 \u00e0 10,00%), sabin\u00e8ne (&lt;=9,00%)<\/p>\n<p>Allerg\u00e8ne: Limonene<\/p>\n<p>Ne doit pas \u00eatre utilis\u00e9e chez les enfants de moins de 6 ans. <\/p>\n<p>Tenir hors de port\u00e9e des enfants, ne jamais enlever le codigoutte fourni. \u00c9viter le contact avec des zones sensibles telles que les yeux. En cas d&#8217;accident, laver avec une  huile v\u00e9g\u00e9tale et jamais avec de l&#8217;eau. Consulter la notice pour plus d&#8217;informations. Aucune contre-indication connue.<\/p>\n<p>Mode d&#8217;obtention :<\/p>\n<p>Huile essentielle obtenue par distillation \u00e0 la vapeur d&#8217;eau de la r\u00e9sine du Boswellia carterii.<\/p>\n<p>Caract\u00e9ristiques organoleptiques :<\/p>\n<p>Odeur : R\u00e9sineuse, bois\u00e9e, citron\u00e9e et verte<\/p>\n<p>Apparence : Liquide mobile<\/p>\n<p>Couleur : Jaune p\u00e2le \u00e0 jaune<\/p>\n<p>Caract\u00e9ristique physico-chimiques :<\/p>\n<p>Densit\u00e9 \u00e0 20\u00b0 C : 0.855 \u00e0 0.892<\/p>\n<p>Marque Les Jardins de sainte Hildegarde- Photo non contractuelle<\/p>\n","protected":false},"excerpt":{"rendered":"<p>HUILE ESSENTIELLE ENCENS (tr\u00e8s bonne essence) 15 ML BIO * Oliban -Boswellia sacra Flu\u00ebckiger (Synonyme Boswellia Carterii Birdw) Parties utilis\u00e9e &amp; Origine : r\u00e9sine &#8211; Somalie Substance Naturelle Complexe (100% pure et naturelle) * Produit issu de l&#8217;agriculture biologique certifi\u00e9 FR-BIO-10 \u00c9labor\u00e9es lors de la Photosynth\u00e8se, les essences donnent aux plantes aromatiques la Puissance et [&hellip;]<\/p>\n","protected":false},"featured_media":72011,"comment_status":"open","ping_status":"closed","template":"","meta":{"_acf_changed":false,"_relevanssi_hide_post":"","_relevanssi_hide_content":"","_relevanssi_pin_for_all":"","_relevanssi_pin_keywords":"","_relevanssi_unpin_keywords":"","_relevanssi_related_keywords":"","_relevanssi_related_include_ids":"","_relevanssi_related_exclude_ids":"","_relevanssi_related_no_append":"","_relevanssi_related_not_related":"","_relevanssi_related_posts":"","_relevanssi_noindex_reason":""},"product_brand":[],"product_cat":[27,95],"product_tag":[49],"class_list":{"0":"post-871","1":"product","2":"type-product","3":"status-publish","4":"has-post-thumbnail","6":"product_cat-cosmetiques","7":"product_cat-huiles-essentielles","8":"product_tag-produit-bio","10":"first","11":"outofstock","12":"taxable","13":"shipping-taxable","14":"purchasable","15":"product-type-simple"},"acf":[],"yoast_head":"<!-- This site is optimized with the Yoast SEO plugin v27.2 - https:\/\/yoast.com\/product\/yoast-seo-wordpress\/ -->\n<title>HE ENCENS OLIBAN 15ML BIO - Les Jardins de Sainte-Hildegarde<\/title>\n<meta name=\"robots\" content=\"index, follow, max-snippet:-1, max-image-preview:large, max-video-preview:-1\" \/>\n<link rel=\"canonical\" href=\"https:\/\/www.lesjardinsdesaintehildegarde.com\/es\/cosmeticos\/aceites-esenciales\/huile-essentielle-encens-bio\/\" \/>\n<meta property=\"og:locale\" content=\"es_ES\" \/>\n<meta property=\"og:type\" content=\"article\" \/>\n<meta property=\"og:title\" content=\"HE ENCENS OLIBAN 15ML BIO - Les Jardins de Sainte-Hildegarde\" \/>\n<meta property=\"og:description\" content=\"HUILE ESSENTIELLE ENCENS (tr\u00e8s bonne essence) 15 ML BIO * Oliban -Boswellia sacra Flu\u00ebckiger (Synonyme Boswellia Carterii Birdw) Parties utilis\u00e9e &amp; Origine : r\u00e9sine &#8211; Somalie Substance Naturelle Complexe (100% pure et naturelle) * Produit issu de l&#8217;agriculture biologique certifi\u00e9 FR-BIO-10 \u00c9labor\u00e9es lors de la Photosynth\u00e8se, les essences donnent aux plantes aromatiques la Puissance et [&hellip;]\" \/>\n<meta property=\"og:url\" content=\"https:\/\/www.lesjardinsdesaintehildegarde.com\/es\/cosmeticos\/aceites-esenciales\/huile-essentielle-encens-bio\/\" \/>\n<meta property=\"og:site_name\" content=\"Les Jardins de Sainte-Hildegarde\" \/>\n<meta property=\"article:modified_time\" content=\"2026-04-23T21:02:11+00:00\" \/>\n<meta property=\"og:image\" content=\"https:\/\/www.lesjardinsdesaintehildegarde.com\/wp-content\/uploads\/2022\/11\/80009-huile-essentielle-encens-oliban.jpg\" \/>\n\t<meta property=\"og:image:width\" content=\"1200\" \/>\n\t<meta property=\"og:image:height\" content=\"1200\" \/>\n\t<meta property=\"og:image:type\" content=\"image\/jpeg\" \/>\n<meta name=\"twitter:card\" content=\"summary_large_image\" \/>\n<meta name=\"twitter:label1\" content=\"Tiempo de lectura\" \/>\n\t<meta name=\"twitter:data1\" content=\"2 minutos\" \/>\n<script type=\"application\/ld+json\" class=\"yoast-schema-graph\">{\"@context\":\"https:\/\/schema.org\",\"@graph\":[{\"@type\":\"WebPage\",\"@id\":\"https:\/\/www.lesjardinsdesaintehildegarde.com\/es\/cosmeticos\/aceites-esenciales\/huile-essentielle-encens-bio\/\",\"url\":\"https:\/\/www.lesjardinsdesaintehildegarde.com\/es\/cosmeticos\/aceites-esenciales\/huile-essentielle-encens-bio\/\",\"name\":\"HE ENCENS OLIBAN 15ML BIO - Les Jardins de Sainte-Hildegarde\",\"isPartOf\":{\"@id\":\"https:\/\/www.lesjardinsdesaintehildegarde.com\/es\/#website\"},\"primaryImageOfPage\":{\"@id\":\"https:\/\/www.lesjardinsdesaintehildegarde.com\/es\/cosmeticos\/aceites-esenciales\/huile-essentielle-encens-bio\/#primaryimage\"},\"image\":{\"@id\":\"https:\/\/www.lesjardinsdesaintehildegarde.com\/es\/cosmeticos\/aceites-esenciales\/huile-essentielle-encens-bio\/#primaryimage\"},\"thumbnailUrl\":\"https:\/\/www.lesjardinsdesaintehildegarde.com\/wp-content\/uploads\/2022\/11\/80009-huile-essentielle-encens-oliban.jpg\",\"datePublished\":\"2022-11-04T08:07:03+00:00\",\"dateModified\":\"2026-04-23T21:02:11+00:00\",\"breadcrumb\":{\"@id\":\"https:\/\/www.lesjardinsdesaintehildegarde.com\/es\/cosmeticos\/aceites-esenciales\/huile-essentielle-encens-bio\/#breadcrumb\"},\"inLanguage\":\"es\",\"potentialAction\":[{\"@type\":\"ReadAction\",\"target\":[\"https:\/\/www.lesjardinsdesaintehildegarde.com\/es\/cosmeticos\/aceites-esenciales\/huile-essentielle-encens-bio\/\"]}]},{\"@type\":\"ImageObject\",\"inLanguage\":\"es\",\"@id\":\"https:\/\/www.lesjardinsdesaintehildegarde.com\/es\/cosmeticos\/aceites-esenciales\/huile-essentielle-encens-bio\/#primaryimage\",\"url\":\"https:\/\/www.lesjardinsdesaintehildegarde.com\/wp-content\/uploads\/2022\/11\/80009-huile-essentielle-encens-oliban.jpg\",\"contentUrl\":\"https:\/\/www.lesjardinsdesaintehildegarde.com\/wp-content\/uploads\/2022\/11\/80009-huile-essentielle-encens-oliban.jpg\",\"width\":1200,\"height\":1200,\"caption\":\"Huile essentielle d'encens Oliban bio (boswellia carterii) - 15ml\"},{\"@type\":\"BreadcrumbList\",\"@id\":\"https:\/\/www.lesjardinsdesaintehildegarde.com\/es\/cosmeticos\/aceites-esenciales\/huile-essentielle-encens-bio\/#breadcrumb\",\"itemListElement\":[{\"@type\":\"ListItem\",\"position\":1,\"name\":\"Inicio\",\"item\":\"https:\/\/www.lesjardinsdesaintehildegarde.com\/es\/\"},{\"@type\":\"ListItem\",\"position\":2,\"name\":\"Productos\",\"item\":\"https:\/\/www.lesjardinsdesaintehildegarde.com\/es\/shop\/\"},{\"@type\":\"ListItem\",\"position\":3,\"name\":\"HE ENCENS OLIBAN 15ML BIO\"}]},{\"@type\":\"WebSite\",\"@id\":\"https:\/\/www.lesjardinsdesaintehildegarde.com\/es\/#website\",\"url\":\"https:\/\/www.lesjardinsdesaintehildegarde.com\/es\/\",\"name\":\"Les Jardins de Sainte-Hildegarde\",\"description\":\"Viriditas\",\"publisher\":{\"@id\":\"https:\/\/www.lesjardinsdesaintehildegarde.com\/es\/#organization\"},\"potentialAction\":[{\"@type\":\"SearchAction\",\"target\":{\"@type\":\"EntryPoint\",\"urlTemplate\":\"https:\/\/www.lesjardinsdesaintehildegarde.com\/es\/?s={search_term_string}\"},\"query-input\":{\"@type\":\"PropertyValueSpecification\",\"valueRequired\":true,\"valueName\":\"search_term_string\"}}],\"inLanguage\":\"es\"},{\"@type\":\"Organization\",\"@id\":\"https:\/\/www.lesjardinsdesaintehildegarde.com\/es\/#organization\",\"name\":\"Les Jardins de Sainte-Hildegarde\",\"url\":\"https:\/\/www.lesjardinsdesaintehildegarde.com\/es\/\",\"logo\":{\"@type\":\"ImageObject\",\"inLanguage\":\"es\",\"@id\":\"https:\/\/www.lesjardinsdesaintehildegarde.com\/es\/#\/schema\/logo\/image\/\",\"url\":\"https:\/\/www.lesjardinsdesaintehildegarde.com\/wp-content\/uploads\/2022\/11\/logo-2022.png\",\"contentUrl\":\"https:\/\/www.lesjardinsdesaintehildegarde.com\/wp-content\/uploads\/2022\/11\/logo-2022.png\",\"width\":365,\"height\":90,\"caption\":\"Les Jardins de Sainte-Hildegarde\"},\"image\":{\"@id\":\"https:\/\/www.lesjardinsdesaintehildegarde.com\/es\/#\/schema\/logo\/image\/\"}}]}<\/script>\n<!-- \/ Yoast SEO plugin. -->","yoast_head_json":{"title":"HE ENCENS OLIBAN 15ML BIO - Les Jardins de Sainte-Hildegarde","robots":{"index":"index","follow":"follow","max-snippet":"max-snippet:-1","max-image-preview":"max-image-preview:large","max-video-preview":"max-video-preview:-1"},"canonical":"https:\/\/www.lesjardinsdesaintehildegarde.com\/es\/cosmeticos\/aceites-esenciales\/huile-essentielle-encens-bio\/","og_locale":"es_ES","og_type":"article","og_title":"HE ENCENS OLIBAN 15ML BIO - Les Jardins de Sainte-Hildegarde","og_description":"HUILE ESSENTIELLE ENCENS (tr\u00e8s bonne essence) 15 ML BIO * Oliban -Boswellia sacra Flu\u00ebckiger (Synonyme Boswellia Carterii Birdw) Parties utilis\u00e9e &amp; Origine : r\u00e9sine &#8211; Somalie Substance Naturelle Complexe (100% pure et naturelle) * Produit issu de l&#8217;agriculture biologique certifi\u00e9 FR-BIO-10 \u00c9labor\u00e9es lors de la Photosynth\u00e8se, les essences donnent aux plantes aromatiques la Puissance et [&hellip;]","og_url":"https:\/\/www.lesjardinsdesaintehildegarde.com\/es\/cosmeticos\/aceites-esenciales\/huile-essentielle-encens-bio\/","og_site_name":"Les Jardins de Sainte-Hildegarde","article_modified_time":"2026-04-23T21:02:11+00:00","og_image":[{"width":1200,"height":1200,"url":"https:\/\/www.lesjardinsdesaintehildegarde.com\/wp-content\/uploads\/2022\/11\/80009-huile-essentielle-encens-oliban.jpg","type":"image\/jpeg"}],"twitter_card":"summary_large_image","twitter_misc":{"Tiempo de lectura":"2 minutos"},"schema":{"@context":"https:\/\/schema.org","@graph":[{"@type":"WebPage","@id":"https:\/\/www.lesjardinsdesaintehildegarde.com\/es\/cosmeticos\/aceites-esenciales\/huile-essentielle-encens-bio\/","url":"https:\/\/www.lesjardinsdesaintehildegarde.com\/es\/cosmeticos\/aceites-esenciales\/huile-essentielle-encens-bio\/","name":"HE ENCENS OLIBAN 15ML BIO - Les Jardins de Sainte-Hildegarde","isPartOf":{"@id":"https:\/\/www.lesjardinsdesaintehildegarde.com\/es\/#website"},"primaryImageOfPage":{"@id":"https:\/\/www.lesjardinsdesaintehildegarde.com\/es\/cosmeticos\/aceites-esenciales\/huile-essentielle-encens-bio\/#primaryimage"},"image":{"@id":"https:\/\/www.lesjardinsdesaintehildegarde.com\/es\/cosmeticos\/aceites-esenciales\/huile-essentielle-encens-bio\/#primaryimage"},"thumbnailUrl":"https:\/\/www.lesjardinsdesaintehildegarde.com\/wp-content\/uploads\/2022\/11\/80009-huile-essentielle-encens-oliban.jpg","datePublished":"2022-11-04T08:07:03+00:00","dateModified":"2026-04-23T21:02:11+00:00","breadcrumb":{"@id":"https:\/\/www.lesjardinsdesaintehildegarde.com\/es\/cosmeticos\/aceites-esenciales\/huile-essentielle-encens-bio\/#breadcrumb"},"inLanguage":"es","potentialAction":[{"@type":"ReadAction","target":["https:\/\/www.lesjardinsdesaintehildegarde.com\/es\/cosmeticos\/aceites-esenciales\/huile-essentielle-encens-bio\/"]}]},{"@type":"ImageObject","inLanguage":"es","@id":"https:\/\/www.lesjardinsdesaintehildegarde.com\/es\/cosmeticos\/aceites-esenciales\/huile-essentielle-encens-bio\/#primaryimage","url":"https:\/\/www.lesjardinsdesaintehildegarde.com\/wp-content\/uploads\/2022\/11\/80009-huile-essentielle-encens-oliban.jpg","contentUrl":"https:\/\/www.lesjardinsdesaintehildegarde.com\/wp-content\/uploads\/2022\/11\/80009-huile-essentielle-encens-oliban.jpg","width":1200,"height":1200,"caption":"Huile essentielle d'encens Oliban bio (boswellia carterii) - 15ml"},{"@type":"BreadcrumbList","@id":"https:\/\/www.lesjardinsdesaintehildegarde.com\/es\/cosmeticos\/aceites-esenciales\/huile-essentielle-encens-bio\/#breadcrumb","itemListElement":[{"@type":"ListItem","position":1,"name":"Inicio","item":"https:\/\/www.lesjardinsdesaintehildegarde.com\/es\/"},{"@type":"ListItem","position":2,"name":"Productos","item":"https:\/\/www.lesjardinsdesaintehildegarde.com\/es\/shop\/"},{"@type":"ListItem","position":3,"name":"HE ENCENS OLIBAN 15ML BIO"}]},{"@type":"WebSite","@id":"https:\/\/www.lesjardinsdesaintehildegarde.com\/es\/#website","url":"https:\/\/www.lesjardinsdesaintehildegarde.com\/es\/","name":"Les Jardins de Sainte-Hildegarde","description":"Viriditas","publisher":{"@id":"https:\/\/www.lesjardinsdesaintehildegarde.com\/es\/#organization"},"potentialAction":[{"@type":"SearchAction","target":{"@type":"EntryPoint","urlTemplate":"https:\/\/www.lesjardinsdesaintehildegarde.com\/es\/?s={search_term_string}"},"query-input":{"@type":"PropertyValueSpecification","valueRequired":true,"valueName":"search_term_string"}}],"inLanguage":"es"},{"@type":"Organization","@id":"https:\/\/www.lesjardinsdesaintehildegarde.com\/es\/#organization","name":"Les Jardins de Sainte-Hildegarde","url":"https:\/\/www.lesjardinsdesaintehildegarde.com\/es\/","logo":{"@type":"ImageObject","inLanguage":"es","@id":"https:\/\/www.lesjardinsdesaintehildegarde.com\/es\/#\/schema\/logo\/image\/","url":"https:\/\/www.lesjardinsdesaintehildegarde.com\/wp-content\/uploads\/2022\/11\/logo-2022.png","contentUrl":"https:\/\/www.lesjardinsdesaintehildegarde.com\/wp-content\/uploads\/2022\/11\/logo-2022.png","width":365,"height":90,"caption":"Les Jardins de Sainte-Hildegarde"},"image":{"@id":"https:\/\/www.lesjardinsdesaintehildegarde.com\/es\/#\/schema\/logo\/image\/"}}]}},"_links":{"self":[{"href":"https:\/\/www.lesjardinsdesaintehildegarde.com\/es\/wp-json\/wp\/v2\/product\/871","targetHints":{"allow":["GET"]}}],"collection":[{"href":"https:\/\/www.lesjardinsdesaintehildegarde.com\/es\/wp-json\/wp\/v2\/product"}],"about":[{"href":"https:\/\/www.lesjardinsdesaintehildegarde.com\/es\/wp-json\/wp\/v2\/types\/product"}],"replies":[{"embeddable":true,"href":"https:\/\/www.lesjardinsdesaintehildegarde.com\/es\/wp-json\/wp\/v2\/comments?post=871"}],"wp:featuredmedia":[{"embeddable":true,"href":"https:\/\/www.lesjardinsdesaintehildegarde.com\/es\/wp-json\/wp\/v2\/media\/72011"}],"wp:attachment":[{"href":"https:\/\/www.lesjardinsdesaintehildegarde.com\/es\/wp-json\/wp\/v2\/media?parent=871"}],"wp:term":[{"taxonomy":"product_brand","embeddable":true,"href":"https:\/\/www.lesjardinsdesaintehildegarde.com\/es\/wp-json\/wp\/v2\/product_brand?post=871"},{"taxonomy":"product_cat","embeddable":true,"href":"https:\/\/www.lesjardinsdesaintehildegarde.com\/es\/wp-json\/wp\/v2\/product_cat?post=871"},{"taxonomy":"product_tag","embeddable":true,"href":"https:\/\/www.lesjardinsdesaintehildegarde.com\/es\/wp-json\/wp\/v2\/product_tag?post=871"}],"curies":[{"name":"wp","href":"https:\/\/api.w.org\/{rel}","templated":true}]}}