{"id":877,"date":"2022-11-04T09:07:04","date_gmt":"2022-11-04T08:07:04","guid":{"rendered":"https:\/\/www.lesjardinsdesaintehildegarde.com\/non%20class\u00e9\/stick-a-levres-api-baume-bio-45g\/"},"modified":"2026-04-27T11:54:02","modified_gmt":"2026-04-27T09:54:02","slug":"stick-a-levres-api-baume-bio-45g","status":"publish","type":"product","link":"https:\/\/www.lesjardinsdesaintehildegarde.com\/es\/otros-productos\/productos-apicolas\/stick-a-levres-api-baume-bio-45g\/","title":{"rendered":"STICK A LEVRES API BAUME BIO 4,5G*"},"content":{"rendered":"<p>API&#8217; BAUME STICK LEVRES BIO*<\/p>\n<p>Stick \u00e0 l\u00e8vres 100% naturel &#8211; Propolis et cire d&#8217;abeille bio<\/p>\n<p>*Issu de l&#8217;agriculture biologique<\/p>\n<p>Soins des l\u00e8vres s\u00e8ches. Vivement recommand\u00e9 pour les l\u00e8vres gerc\u00e9es, abim\u00e9es par le soleil, le vent et les intemp\u00e9ries.<\/p>\n<p>La propolis r\u00e9colt\u00e9e par les abeilles pour se prot\u00e9ger des agressions bact\u00e9riologiques dans la ruche contribue \u00e0 l&#8217;efficacit\u00e9 r\u00e9paratrice de ce stick sur les crevasses, ger\u00e7ures, boutons.<\/p>\n<p>Sans colorant ni conservateur.<\/p>\n<p>Tube bio-d\u00e9gradable en PLA, bio-polym\u00e8re issu de ressource 100% v\u00e9g\u00e9tales et annuellement. \t<\/p>\n<p>Ingr\u00e9dients :<\/p>\n<p>Helianthus annus (sunflower) seed oil*, Cera alba (beeswax)*, Ricinus communis (castor) seed oil*, Macadamia ternifolia (macadamia) seed oil*, Prunus amygdalus dulcis (sweet almond) oil*, Persea gratissima (avocado) oil*, Theobroma cacao (cocoa) seed butter*, Cocos nucifera (coconut) oil*, Propolis extract*, Sesamum indicum seed oil*, Parfum, Mauritia flexuosa (buriti) Fruit Oil*, Tocopherol, Butyrospermum parkii (shea), Butter, Linalool.<\/p>\n<p>100% des ingr\u00e9dients sont d&#8217;origine naturelle dont 99% sont issus de l&#8217;agriculture biologique<\/p>\n<p>Conserver \u00e0 l&#8217;abri de la chaleur, de la lumi\u00e8re et de l&#8217;humidit\u00e9<\/p>\n<p>Ne pas utiliser chez les personnes allergiques aux produits de la ruche.<\/p>\n<p>Eviter le contact avec les yeux.<\/p>\n<p>Tenir hors de la port\u00e9e des jeunes enfants.<\/p>\n","protected":false},"excerpt":{"rendered":"<p>API&#8217; BAUME STICK LEVRES BIO* Stick \u00e0 l\u00e8vres 100% naturel &#8211; Propolis et cire d&#8217;abeille bio *Issu de l&#8217;agriculture biologique Soins des l\u00e8vres s\u00e8ches. Vivement recommand\u00e9 pour les l\u00e8vres gerc\u00e9es, abim\u00e9es par le soleil, le vent et les intemp\u00e9ries. La propolis r\u00e9colt\u00e9e par les abeilles pour se prot\u00e9ger des agressions bact\u00e9riologiques dans la ruche contribue [&hellip;]<\/p>\n","protected":false},"featured_media":92801,"comment_status":"open","ping_status":"closed","template":"","meta":{"_acf_changed":false,"_relevanssi_hide_post":"","_relevanssi_hide_content":"","_relevanssi_pin_for_all":"","_relevanssi_pin_keywords":"","_relevanssi_unpin_keywords":"","_relevanssi_related_keywords":"","_relevanssi_related_include_ids":"","_relevanssi_related_exclude_ids":"","_relevanssi_related_no_append":"","_relevanssi_related_not_related":"","_relevanssi_related_posts":"","_relevanssi_noindex_reason":""},"product_brand":[],"product_cat":[37,119],"product_tag":[49],"class_list":{"0":"post-877","1":"product","2":"type-product","3":"status-publish","4":"has-post-thumbnail","6":"product_cat-produits-divers","7":"product_cat-propolis","8":"product_tag-produit-bio","10":"first","11":"instock","12":"taxable","13":"shipping-taxable","14":"purchasable","15":"product-type-simple"},"acf":[],"yoast_head":"<!-- This site is optimized with the Yoast SEO plugin v27.4 - https:\/\/yoast.com\/product\/yoast-seo-wordpress\/ -->\n<title>STICK A LEVRES API BAUME BIO 4,5G* - Les Jardins de Sainte-Hildegarde<\/title>\n<meta name=\"robots\" content=\"index, follow, max-snippet:-1, max-image-preview:large, max-video-preview:-1\" \/>\n<link rel=\"canonical\" href=\"https:\/\/www.lesjardinsdesaintehildegarde.com\/es\/otros-productos\/productos-apicolas\/stick-a-levres-api-baume-bio-45g\/\" \/>\n<meta property=\"og:locale\" content=\"es_ES\" \/>\n<meta property=\"og:type\" content=\"article\" \/>\n<meta property=\"og:title\" content=\"STICK A LEVRES API BAUME BIO 4,5G* - Les Jardins de Sainte-Hildegarde\" \/>\n<meta property=\"og:description\" content=\"API&#8217; BAUME STICK LEVRES BIO* Stick \u00e0 l\u00e8vres 100% naturel &#8211; Propolis et cire d&#8217;abeille bio *Issu de l&#8217;agriculture biologique Soins des l\u00e8vres s\u00e8ches. Vivement recommand\u00e9 pour les l\u00e8vres gerc\u00e9es, abim\u00e9es par le soleil, le vent et les intemp\u00e9ries. La propolis r\u00e9colt\u00e9e par les abeilles pour se prot\u00e9ger des agressions bact\u00e9riologiques dans la ruche contribue [&hellip;]\" \/>\n<meta property=\"og:url\" content=\"https:\/\/www.lesjardinsdesaintehildegarde.com\/es\/otros-productos\/productos-apicolas\/stick-a-levres-api-baume-bio-45g\/\" \/>\n<meta property=\"og:site_name\" content=\"Les Jardins de Sainte-Hildegarde\" \/>\n<meta property=\"article:modified_time\" content=\"2026-04-27T09:54:02+00:00\" \/>\n<meta property=\"og:image\" content=\"https:\/\/www.lesjardinsdesaintehildegarde.com\/wp-content\/uploads\/2022\/11\/67004-api-baume-levres-bio.jpg\" \/>\n\t<meta property=\"og:image:width\" content=\"1200\" \/>\n\t<meta property=\"og:image:height\" content=\"1200\" \/>\n\t<meta property=\"og:image:type\" content=\"image\/jpeg\" \/>\n<meta name=\"twitter:card\" content=\"summary_large_image\" \/>\n<meta name=\"twitter:label1\" content=\"Tiempo de lectura\" \/>\n\t<meta name=\"twitter:data1\" content=\"1 minuto\" \/>\n<script type=\"application\/ld+json\" class=\"yoast-schema-graph\">{\"@context\":\"https:\\\/\\\/schema.org\",\"@graph\":[{\"@type\":\"WebPage\",\"@id\":\"https:\\\/\\\/www.lesjardinsdesaintehildegarde.com\\\/es\\\/otros-productos\\\/productos-apicolas\\\/stick-a-levres-api-baume-bio-45g\\\/\",\"url\":\"https:\\\/\\\/www.lesjardinsdesaintehildegarde.com\\\/es\\\/otros-productos\\\/productos-apicolas\\\/stick-a-levres-api-baume-bio-45g\\\/\",\"name\":\"STICK A LEVRES API BAUME BIO 4,5G* - Les Jardins de Sainte-Hildegarde\",\"isPartOf\":{\"@id\":\"https:\\\/\\\/www.lesjardinsdesaintehildegarde.com\\\/es\\\/#website\"},\"primaryImageOfPage\":{\"@id\":\"https:\\\/\\\/www.lesjardinsdesaintehildegarde.com\\\/es\\\/otros-productos\\\/productos-apicolas\\\/stick-a-levres-api-baume-bio-45g\\\/#primaryimage\"},\"image\":{\"@id\":\"https:\\\/\\\/www.lesjardinsdesaintehildegarde.com\\\/es\\\/otros-productos\\\/productos-apicolas\\\/stick-a-levres-api-baume-bio-45g\\\/#primaryimage\"},\"thumbnailUrl\":\"https:\\\/\\\/www.lesjardinsdesaintehildegarde.com\\\/wp-content\\\/uploads\\\/2022\\\/11\\\/67004-api-baume-levres-bio.jpg\",\"datePublished\":\"2022-11-04T08:07:04+00:00\",\"dateModified\":\"2026-04-27T09:54:02+00:00\",\"breadcrumb\":{\"@id\":\"https:\\\/\\\/www.lesjardinsdesaintehildegarde.com\\\/es\\\/otros-productos\\\/productos-apicolas\\\/stick-a-levres-api-baume-bio-45g\\\/#breadcrumb\"},\"inLanguage\":\"es\",\"potentialAction\":[{\"@type\":\"ReadAction\",\"target\":[\"https:\\\/\\\/www.lesjardinsdesaintehildegarde.com\\\/es\\\/otros-productos\\\/productos-apicolas\\\/stick-a-levres-api-baume-bio-45g\\\/\"]}]},{\"@type\":\"ImageObject\",\"inLanguage\":\"es\",\"@id\":\"https:\\\/\\\/www.lesjardinsdesaintehildegarde.com\\\/es\\\/otros-productos\\\/productos-apicolas\\\/stick-a-levres-api-baume-bio-45g\\\/#primaryimage\",\"url\":\"https:\\\/\\\/www.lesjardinsdesaintehildegarde.com\\\/wp-content\\\/uploads\\\/2022\\\/11\\\/67004-api-baume-levres-bio.jpg\",\"contentUrl\":\"https:\\\/\\\/www.lesjardinsdesaintehildegarde.com\\\/wp-content\\\/uploads\\\/2022\\\/11\\\/67004-api-baume-levres-bio.jpg\",\"width\":1200,\"height\":1200,\"caption\":\"API' BAUME STICK LEVRE BIO* Stick \u00e0 l\u00e8vres 100% naturel - Propolis et cire d'abeille bio *Issu de l'agriculture biologique Soins des l\u00e8vres s\u00e8ches. Vivement recommand\u00e9 pour les l\u00e8vres gerc\u00e9es, abim\u00e9es par le soleil, le vent et les intemp\u00e9ries. La propolis r\u00e9colt\u00e9e par les abeilles pour se prot\u00e9ger des agressions bact\u00e9riologiques dans la ruche contribue \u00e0 l'efficacit\u00e9 r\u00e9paratrice de ce stick sur les crevasses, ger\u00e7ures, boutons. Sans colorant ni conservateur. Ingr\u00e9dients : Helianthus annus (sunflower) seed oil*, Cera alba (beeswax)*, Ricinus communis (castor) seed oil*, Macadamia ternifolia (macadamia) seed oil*, Prunus amygdalus dulcis (sweet almond) oil*, Persea gratissima (avocado) oil*, Theobroma cacao (cocoa) seed butter*, Cocos nucifera (coconut) oil*, Propolis extract*, Sesamum indicum seed oil*, Parfun, Mauritia flexuosa (buriti) Fruit Oil*, Tocopherol, Butyrospermum parkii (shea), Butter, Linalool. 100% des ingr\u00e9dients sont d'origine naturelle dont 99% sont issus de l'agriculture biologique Conserver \u00e0 l'abri de la chaleur, de la lumi\u00e8re et de l'humidit\u00e9 Ne pas utiliser chez les personnes allergiques aux produits de la ruche. Eviter le contact avec les yeux. Tenir hors de la port\u00e9e des jeunes enfants.\"},{\"@type\":\"BreadcrumbList\",\"@id\":\"https:\\\/\\\/www.lesjardinsdesaintehildegarde.com\\\/es\\\/otros-productos\\\/productos-apicolas\\\/stick-a-levres-api-baume-bio-45g\\\/#breadcrumb\",\"itemListElement\":[{\"@type\":\"ListItem\",\"position\":1,\"name\":\"Inicio\",\"item\":\"https:\\\/\\\/www.lesjardinsdesaintehildegarde.com\\\/es\\\/\"},{\"@type\":\"ListItem\",\"position\":2,\"name\":\"Productos\",\"item\":\"https:\\\/\\\/www.lesjardinsdesaintehildegarde.com\\\/es\\\/shop\\\/\"},{\"@type\":\"ListItem\",\"position\":3,\"name\":\"STICK A LEVRES API BAUME BIO 4,5G*\"}]},{\"@type\":\"WebSite\",\"@id\":\"https:\\\/\\\/www.lesjardinsdesaintehildegarde.com\\\/es\\\/#website\",\"url\":\"https:\\\/\\\/www.lesjardinsdesaintehildegarde.com\\\/es\\\/\",\"name\":\"Les Jardins de Sainte-Hildegarde\",\"description\":\"Viriditas\",\"publisher\":{\"@id\":\"https:\\\/\\\/www.lesjardinsdesaintehildegarde.com\\\/es\\\/#organization\"},\"potentialAction\":[{\"@type\":\"SearchAction\",\"target\":{\"@type\":\"EntryPoint\",\"urlTemplate\":\"https:\\\/\\\/www.lesjardinsdesaintehildegarde.com\\\/es\\\/?s={search_term_string}\"},\"query-input\":{\"@type\":\"PropertyValueSpecification\",\"valueRequired\":true,\"valueName\":\"search_term_string\"}}],\"inLanguage\":\"es\"},{\"@type\":\"Organization\",\"@id\":\"https:\\\/\\\/www.lesjardinsdesaintehildegarde.com\\\/es\\\/#organization\",\"name\":\"Les Jardins de Sainte-Hildegarde\",\"url\":\"https:\\\/\\\/www.lesjardinsdesaintehildegarde.com\\\/es\\\/\",\"logo\":{\"@type\":\"ImageObject\",\"inLanguage\":\"es\",\"@id\":\"https:\\\/\\\/www.lesjardinsdesaintehildegarde.com\\\/es\\\/#\\\/schema\\\/logo\\\/image\\\/\",\"url\":\"https:\\\/\\\/www.lesjardinsdesaintehildegarde.com\\\/wp-content\\\/uploads\\\/2022\\\/11\\\/logo-2022.png\",\"contentUrl\":\"https:\\\/\\\/www.lesjardinsdesaintehildegarde.com\\\/wp-content\\\/uploads\\\/2022\\\/11\\\/logo-2022.png\",\"width\":365,\"height\":90,\"caption\":\"Les Jardins de Sainte-Hildegarde\"},\"image\":{\"@id\":\"https:\\\/\\\/www.lesjardinsdesaintehildegarde.com\\\/es\\\/#\\\/schema\\\/logo\\\/image\\\/\"}}]}<\/script>\n<!-- \/ Yoast SEO plugin. -->","yoast_head_json":{"title":"STICK A LEVRES API BAUME BIO 4,5G* - Les Jardins de Sainte-Hildegarde","robots":{"index":"index","follow":"follow","max-snippet":"max-snippet:-1","max-image-preview":"max-image-preview:large","max-video-preview":"max-video-preview:-1"},"canonical":"https:\/\/www.lesjardinsdesaintehildegarde.com\/es\/otros-productos\/productos-apicolas\/stick-a-levres-api-baume-bio-45g\/","og_locale":"es_ES","og_type":"article","og_title":"STICK A LEVRES API BAUME BIO 4,5G* - Les Jardins de Sainte-Hildegarde","og_description":"API&#8217; BAUME STICK LEVRES BIO* Stick \u00e0 l\u00e8vres 100% naturel &#8211; Propolis et cire d&#8217;abeille bio *Issu de l&#8217;agriculture biologique Soins des l\u00e8vres s\u00e8ches. Vivement recommand\u00e9 pour les l\u00e8vres gerc\u00e9es, abim\u00e9es par le soleil, le vent et les intemp\u00e9ries. La propolis r\u00e9colt\u00e9e par les abeilles pour se prot\u00e9ger des agressions bact\u00e9riologiques dans la ruche contribue [&hellip;]","og_url":"https:\/\/www.lesjardinsdesaintehildegarde.com\/es\/otros-productos\/productos-apicolas\/stick-a-levres-api-baume-bio-45g\/","og_site_name":"Les Jardins de Sainte-Hildegarde","article_modified_time":"2026-04-27T09:54:02+00:00","og_image":[{"width":1200,"height":1200,"url":"https:\/\/www.lesjardinsdesaintehildegarde.com\/wp-content\/uploads\/2022\/11\/67004-api-baume-levres-bio.jpg","type":"image\/jpeg"}],"twitter_card":"summary_large_image","twitter_misc":{"Tiempo de lectura":"1 minuto"},"schema":{"@context":"https:\/\/schema.org","@graph":[{"@type":"WebPage","@id":"https:\/\/www.lesjardinsdesaintehildegarde.com\/es\/otros-productos\/productos-apicolas\/stick-a-levres-api-baume-bio-45g\/","url":"https:\/\/www.lesjardinsdesaintehildegarde.com\/es\/otros-productos\/productos-apicolas\/stick-a-levres-api-baume-bio-45g\/","name":"STICK A LEVRES API BAUME BIO 4,5G* - Les Jardins de Sainte-Hildegarde","isPartOf":{"@id":"https:\/\/www.lesjardinsdesaintehildegarde.com\/es\/#website"},"primaryImageOfPage":{"@id":"https:\/\/www.lesjardinsdesaintehildegarde.com\/es\/otros-productos\/productos-apicolas\/stick-a-levres-api-baume-bio-45g\/#primaryimage"},"image":{"@id":"https:\/\/www.lesjardinsdesaintehildegarde.com\/es\/otros-productos\/productos-apicolas\/stick-a-levres-api-baume-bio-45g\/#primaryimage"},"thumbnailUrl":"https:\/\/www.lesjardinsdesaintehildegarde.com\/wp-content\/uploads\/2022\/11\/67004-api-baume-levres-bio.jpg","datePublished":"2022-11-04T08:07:04+00:00","dateModified":"2026-04-27T09:54:02+00:00","breadcrumb":{"@id":"https:\/\/www.lesjardinsdesaintehildegarde.com\/es\/otros-productos\/productos-apicolas\/stick-a-levres-api-baume-bio-45g\/#breadcrumb"},"inLanguage":"es","potentialAction":[{"@type":"ReadAction","target":["https:\/\/www.lesjardinsdesaintehildegarde.com\/es\/otros-productos\/productos-apicolas\/stick-a-levres-api-baume-bio-45g\/"]}]},{"@type":"ImageObject","inLanguage":"es","@id":"https:\/\/www.lesjardinsdesaintehildegarde.com\/es\/otros-productos\/productos-apicolas\/stick-a-levres-api-baume-bio-45g\/#primaryimage","url":"https:\/\/www.lesjardinsdesaintehildegarde.com\/wp-content\/uploads\/2022\/11\/67004-api-baume-levres-bio.jpg","contentUrl":"https:\/\/www.lesjardinsdesaintehildegarde.com\/wp-content\/uploads\/2022\/11\/67004-api-baume-levres-bio.jpg","width":1200,"height":1200,"caption":"API' BAUME STICK LEVRE BIO* Stick \u00e0 l\u00e8vres 100% naturel - Propolis et cire d'abeille bio *Issu de l'agriculture biologique Soins des l\u00e8vres s\u00e8ches. Vivement recommand\u00e9 pour les l\u00e8vres gerc\u00e9es, abim\u00e9es par le soleil, le vent et les intemp\u00e9ries. La propolis r\u00e9colt\u00e9e par les abeilles pour se prot\u00e9ger des agressions bact\u00e9riologiques dans la ruche contribue \u00e0 l'efficacit\u00e9 r\u00e9paratrice de ce stick sur les crevasses, ger\u00e7ures, boutons. Sans colorant ni conservateur. Ingr\u00e9dients : Helianthus annus (sunflower) seed oil*, Cera alba (beeswax)*, Ricinus communis (castor) seed oil*, Macadamia ternifolia (macadamia) seed oil*, Prunus amygdalus dulcis (sweet almond) oil*, Persea gratissima (avocado) oil*, Theobroma cacao (cocoa) seed butter*, Cocos nucifera (coconut) oil*, Propolis extract*, Sesamum indicum seed oil*, Parfun, Mauritia flexuosa (buriti) Fruit Oil*, Tocopherol, Butyrospermum parkii (shea), Butter, Linalool. 100% des ingr\u00e9dients sont d'origine naturelle dont 99% sont issus de l'agriculture biologique Conserver \u00e0 l'abri de la chaleur, de la lumi\u00e8re et de l'humidit\u00e9 Ne pas utiliser chez les personnes allergiques aux produits de la ruche. Eviter le contact avec les yeux. Tenir hors de la port\u00e9e des jeunes enfants."},{"@type":"BreadcrumbList","@id":"https:\/\/www.lesjardinsdesaintehildegarde.com\/es\/otros-productos\/productos-apicolas\/stick-a-levres-api-baume-bio-45g\/#breadcrumb","itemListElement":[{"@type":"ListItem","position":1,"name":"Inicio","item":"https:\/\/www.lesjardinsdesaintehildegarde.com\/es\/"},{"@type":"ListItem","position":2,"name":"Productos","item":"https:\/\/www.lesjardinsdesaintehildegarde.com\/es\/shop\/"},{"@type":"ListItem","position":3,"name":"STICK A LEVRES API BAUME BIO 4,5G*"}]},{"@type":"WebSite","@id":"https:\/\/www.lesjardinsdesaintehildegarde.com\/es\/#website","url":"https:\/\/www.lesjardinsdesaintehildegarde.com\/es\/","name":"Les Jardins de Sainte-Hildegarde","description":"Viriditas","publisher":{"@id":"https:\/\/www.lesjardinsdesaintehildegarde.com\/es\/#organization"},"potentialAction":[{"@type":"SearchAction","target":{"@type":"EntryPoint","urlTemplate":"https:\/\/www.lesjardinsdesaintehildegarde.com\/es\/?s={search_term_string}"},"query-input":{"@type":"PropertyValueSpecification","valueRequired":true,"valueName":"search_term_string"}}],"inLanguage":"es"},{"@type":"Organization","@id":"https:\/\/www.lesjardinsdesaintehildegarde.com\/es\/#organization","name":"Les Jardins de Sainte-Hildegarde","url":"https:\/\/www.lesjardinsdesaintehildegarde.com\/es\/","logo":{"@type":"ImageObject","inLanguage":"es","@id":"https:\/\/www.lesjardinsdesaintehildegarde.com\/es\/#\/schema\/logo\/image\/","url":"https:\/\/www.lesjardinsdesaintehildegarde.com\/wp-content\/uploads\/2022\/11\/logo-2022.png","contentUrl":"https:\/\/www.lesjardinsdesaintehildegarde.com\/wp-content\/uploads\/2022\/11\/logo-2022.png","width":365,"height":90,"caption":"Les Jardins de Sainte-Hildegarde"},"image":{"@id":"https:\/\/www.lesjardinsdesaintehildegarde.com\/es\/#\/schema\/logo\/image\/"}}]}},"_links":{"self":[{"href":"https:\/\/www.lesjardinsdesaintehildegarde.com\/es\/wp-json\/wp\/v2\/product\/877","targetHints":{"allow":["GET"]}}],"collection":[{"href":"https:\/\/www.lesjardinsdesaintehildegarde.com\/es\/wp-json\/wp\/v2\/product"}],"about":[{"href":"https:\/\/www.lesjardinsdesaintehildegarde.com\/es\/wp-json\/wp\/v2\/types\/product"}],"replies":[{"embeddable":true,"href":"https:\/\/www.lesjardinsdesaintehildegarde.com\/es\/wp-json\/wp\/v2\/comments?post=877"}],"wp:featuredmedia":[{"embeddable":true,"href":"https:\/\/www.lesjardinsdesaintehildegarde.com\/es\/wp-json\/wp\/v2\/media\/92801"}],"wp:attachment":[{"href":"https:\/\/www.lesjardinsdesaintehildegarde.com\/es\/wp-json\/wp\/v2\/media?parent=877"}],"wp:term":[{"taxonomy":"product_brand","embeddable":true,"href":"https:\/\/www.lesjardinsdesaintehildegarde.com\/es\/wp-json\/wp\/v2\/product_brand?post=877"},{"taxonomy":"product_cat","embeddable":true,"href":"https:\/\/www.lesjardinsdesaintehildegarde.com\/es\/wp-json\/wp\/v2\/product_cat?post=877"},{"taxonomy":"product_tag","embeddable":true,"href":"https:\/\/www.lesjardinsdesaintehildegarde.com\/es\/wp-json\/wp\/v2\/product_tag?post=877"}],"curies":[{"name":"wp","href":"https:\/\/api.w.org\/{rel}","templated":true}]}}