{"id":894,"date":"2022-11-04T09:07:06","date_gmt":"2022-11-04T08:07:06","guid":{"rendered":"https:\/\/www.lesjardinsdesaintehildegarde.com\/non%20class\u00e9\/biscuits-de-la-joie-ge-nc-bio-450g\/"},"modified":"2026-04-30T23:02:05","modified_gmt":"2026-04-30T21:02:05","slug":"biscuits-de-la-joie-ge-nc-bio-450g","status":"publish","type":"product","link":"https:\/\/www.lesjardinsdesaintehildegarde.com\/es\/espelta-alimentacion\/espelta\/gran-espelta\/biscuits-de-la-joie-ge-nc-bio-450g\/","title":{"rendered":"BISCUITS DE LA JOIE GE NC BIO 450G*"},"content":{"rendered":"<p>BISCUITS DE LA JOIE GRAND \u00c9PEAUTRE BIO 450GR* (26\u20ac \/ kg)<\/p>\n<p>Non Hybrid\u00e9<\/p>\n<p>* Issu de l&#8217;agriculture biologique<\/p>\n<p>Fabriqu\u00e9s dans nos ateliers en Dordogne<\/p>\n<p>Nous garantissons un dosage de 100g de m\u00e9lange d&#8217;\u00e9pices pour un kilo de farine. Ce qui fait de ce produit un aliment dot\u00e9 d&#8217;un fort pouvoir \u00e9nerg\u00e9tique.<\/p>\n<p>La consommation est conseill\u00e9e de pr\u00e9f\u00e9rence le matin jusqu&#8217;en d\u00e9but d&#8217;apr\u00e8s midi. D\u00e9conseill\u00e9 en soir\u00e9e pour cause d&#8217;insomnie.<\/p>\n<p>Limiter la consommation pour les enfants \u00e0 2 ou 3 biscuits par jour.<\/p>\n<p>Ces biscuits sont fabriqu\u00e9s avec de la farine de grand \u00e9peautre non hybrid\u00e9 (non crois\u00e9) biologique dans nos ateliers en Dordogne.<\/p>\n<p>Cet anc\u00eatre du bl\u00e9 moderne est une tr\u00e8s ancienne c\u00e9r\u00e9ale (+ de 10 000 ans). R\u00e9ellement pur, l&#8217;\u00e9peautre biologique non hybrid\u00e9 est la c\u00e9r\u00e9ale par excellence, conseill\u00e9e comme base essentielle d&#8217;une bonne alimentation par Sainte Hildegarde de Bingen (12\u00e8me si\u00e8cle).<\/p>\n<p>Ingr\u00e9dients :<\/p>\n<p>Farine de grand \u00e9peautre T150 non hybrid\u00e9* (GLUTEN d&#8217;\u00e9peautre) 44.9%, sucre de canne*, BEURRE*, huile de coco*, \u0152UFS entiers*,<\/p>\n<p>\u00e9pices de la Joie de Sainte Hildegarde (Cannelle de Ceylan*, Muscade*, Clou de Girofle*), huile de tournesol*, sel marin.<\/p>\n<p>*Produit issu de l&#8217;agriculture biologique <\/p>\n<p>Valeurs nutritionnelles pour 100g :<\/p>\n<p>Energie : 1650 kJ \/ 395 kcal<\/p>\n<p>Lipides 20g dont acides gras satur\u00e9s 11g<\/p>\n<p>Glucides 48g donc sucres 31g<\/p>\n<p>Prot\u00e9ines 6,5g <\/p>\n<p>Fibres 2,7g <\/p>\n<p>Sel &lt;0,1g<\/p>\n<p>Garder \u00e0 l&#8217;abri du soleil dans un endroit propre, sec et temp\u00e9r\u00e9.<\/p>\n<p>Photo(s) non contractuelles:<\/p>\n<p>L&#8217;origine naturelle de ce produit ne nous permet pas de vous garantir un aspect strictement identique d &#8216;un lot \u00e0 l&#8217;autre.<\/p>\n<p>En effet, de sensibles variations de couleurs, d&#8217;aspect, de texture, de go\u00fbt, de coupe, peuvent intervenir selon la zone g\u00e9ographique de culture, selon le climat, et selon les diff\u00e9rentes \u00e9tapes qui succ\u00e8dent \u00e0 la r\u00e9colte.<\/p>\n","protected":false},"excerpt":{"rendered":"<p>BISCUITS DE LA JOIE GRAND \u00c9PEAUTRE BIO 450GR* (26\u20ac \/ kg) Non Hybrid\u00e9 * Issu de l&#8217;agriculture biologique Fabriqu\u00e9s dans nos ateliers en Dordogne Nous garantissons un dosage de 100g de m\u00e9lange d&#8217;\u00e9pices pour un kilo de farine. Ce qui fait de ce produit un aliment dot\u00e9 d&#8217;un fort pouvoir \u00e9nerg\u00e9tique. La consommation est conseill\u00e9e [&hellip;]<\/p>\n","protected":false},"featured_media":73926,"comment_status":"open","ping_status":"closed","template":"","meta":{"_acf_changed":false,"_relevanssi_hide_post":"","_relevanssi_hide_content":"","_relevanssi_pin_for_all":"","_relevanssi_pin_keywords":"","_relevanssi_unpin_keywords":"","_relevanssi_related_keywords":"","_relevanssi_related_include_ids":"","_relevanssi_related_exclude_ids":"","_relevanssi_related_no_append":"","_relevanssi_related_not_related":"","_relevanssi_related_posts":"","_relevanssi_noindex_reason":""},"product_brand":[],"product_cat":[52,30,59],"product_tag":[49],"class_list":{"0":"post-894","1":"product","2":"type-product","3":"status-publish","4":"has-post-thumbnail","6":"product_cat-epeautre","7":"product_cat-epeautres-alimentation","8":"product_cat-grand-epeautre","9":"product_tag-produit-bio","11":"first","12":"instock","13":"taxable","14":"shipping-taxable","15":"purchasable","16":"product-type-simple"},"acf":[],"yoast_head":"<!-- This site is optimized with the Yoast SEO plugin v27.4 - https:\/\/yoast.com\/product\/yoast-seo-wordpress\/ -->\n<title>BISCUITS DE LA JOIE GE NC BIO 450G* - Les Jardins de Sainte-Hildegarde<\/title>\n<meta name=\"robots\" content=\"index, follow, max-snippet:-1, max-image-preview:large, max-video-preview:-1\" \/>\n<link rel=\"canonical\" href=\"https:\/\/www.lesjardinsdesaintehildegarde.com\/es\/espelta-alimentacion\/espelta\/gran-espelta\/biscuits-de-la-joie-ge-nc-bio-450g\/\" \/>\n<meta property=\"og:locale\" content=\"es_ES\" \/>\n<meta property=\"og:type\" content=\"article\" \/>\n<meta property=\"og:title\" content=\"BISCUITS DE LA JOIE GE NC BIO 450G* - Les Jardins de Sainte-Hildegarde\" \/>\n<meta property=\"og:description\" content=\"BISCUITS DE LA JOIE GRAND \u00c9PEAUTRE BIO 450GR* (26\u20ac \/ kg) Non Hybrid\u00e9 * Issu de l&#8217;agriculture biologique Fabriqu\u00e9s dans nos ateliers en Dordogne Nous garantissons un dosage de 100g de m\u00e9lange d&#8217;\u00e9pices pour un kilo de farine. Ce qui fait de ce produit un aliment dot\u00e9 d&#8217;un fort pouvoir \u00e9nerg\u00e9tique. La consommation est conseill\u00e9e [&hellip;]\" \/>\n<meta property=\"og:url\" content=\"https:\/\/www.lesjardinsdesaintehildegarde.com\/es\/espelta-alimentacion\/espelta\/gran-espelta\/biscuits-de-la-joie-ge-nc-bio-450g\/\" \/>\n<meta property=\"og:site_name\" content=\"Les Jardins de Sainte-Hildegarde\" \/>\n<meta property=\"article:modified_time\" content=\"2026-04-30T21:02:05+00:00\" \/>\n<meta property=\"og:image\" content=\"https:\/\/www.lesjardinsdesaintehildegarde.com\/wp-content\/uploads\/2022\/11\/00036c-biscuit-joie-grand-epeautre-bio-450g.jpg\" \/>\n\t<meta property=\"og:image:width\" content=\"1200\" \/>\n\t<meta property=\"og:image:height\" content=\"1200\" \/>\n\t<meta property=\"og:image:type\" content=\"image\/jpeg\" \/>\n<meta name=\"twitter:card\" content=\"summary_large_image\" \/>\n<meta name=\"twitter:label1\" content=\"Tiempo de lectura\" \/>\n\t<meta name=\"twitter:data1\" content=\"2 minutos\" \/>\n<script type=\"application\/ld+json\" class=\"yoast-schema-graph\">{\"@context\":\"https:\\\/\\\/schema.org\",\"@graph\":[{\"@type\":\"WebPage\",\"@id\":\"https:\\\/\\\/www.lesjardinsdesaintehildegarde.com\\\/es\\\/espelta-alimentacion\\\/espelta\\\/gran-espelta\\\/biscuits-de-la-joie-ge-nc-bio-450g\\\/\",\"url\":\"https:\\\/\\\/www.lesjardinsdesaintehildegarde.com\\\/es\\\/espelta-alimentacion\\\/espelta\\\/gran-espelta\\\/biscuits-de-la-joie-ge-nc-bio-450g\\\/\",\"name\":\"BISCUITS DE LA JOIE GE NC BIO 450G* - Les Jardins de Sainte-Hildegarde\",\"isPartOf\":{\"@id\":\"https:\\\/\\\/www.lesjardinsdesaintehildegarde.com\\\/es\\\/#website\"},\"primaryImageOfPage\":{\"@id\":\"https:\\\/\\\/www.lesjardinsdesaintehildegarde.com\\\/es\\\/espelta-alimentacion\\\/espelta\\\/gran-espelta\\\/biscuits-de-la-joie-ge-nc-bio-450g\\\/#primaryimage\"},\"image\":{\"@id\":\"https:\\\/\\\/www.lesjardinsdesaintehildegarde.com\\\/es\\\/espelta-alimentacion\\\/espelta\\\/gran-espelta\\\/biscuits-de-la-joie-ge-nc-bio-450g\\\/#primaryimage\"},\"thumbnailUrl\":\"https:\\\/\\\/www.lesjardinsdesaintehildegarde.com\\\/wp-content\\\/uploads\\\/2022\\\/11\\\/00036c-biscuit-joie-grand-epeautre-bio-450g.jpg\",\"datePublished\":\"2022-11-04T08:07:06+00:00\",\"dateModified\":\"2026-04-30T21:02:05+00:00\",\"breadcrumb\":{\"@id\":\"https:\\\/\\\/www.lesjardinsdesaintehildegarde.com\\\/es\\\/espelta-alimentacion\\\/espelta\\\/gran-espelta\\\/biscuits-de-la-joie-ge-nc-bio-450g\\\/#breadcrumb\"},\"inLanguage\":\"es\",\"potentialAction\":[{\"@type\":\"ReadAction\",\"target\":[\"https:\\\/\\\/www.lesjardinsdesaintehildegarde.com\\\/es\\\/espelta-alimentacion\\\/espelta\\\/gran-espelta\\\/biscuits-de-la-joie-ge-nc-bio-450g\\\/\"]}]},{\"@type\":\"ImageObject\",\"inLanguage\":\"es\",\"@id\":\"https:\\\/\\\/www.lesjardinsdesaintehildegarde.com\\\/es\\\/espelta-alimentacion\\\/espelta\\\/gran-espelta\\\/biscuits-de-la-joie-ge-nc-bio-450g\\\/#primaryimage\",\"url\":\"https:\\\/\\\/www.lesjardinsdesaintehildegarde.com\\\/wp-content\\\/uploads\\\/2022\\\/11\\\/00036c-biscuit-joie-grand-epeautre-bio-450g.jpg\",\"contentUrl\":\"https:\\\/\\\/www.lesjardinsdesaintehildegarde.com\\\/wp-content\\\/uploads\\\/2022\\\/11\\\/00036c-biscuit-joie-grand-epeautre-bio-450g.jpg\",\"width\":1200,\"height\":1200,\"caption\":\"Biscuits de la joie bio ( biscuits pour les nerfs recommand\u00e9s par sainte Hildegarde de Bingen), de grand \u00e9peautre non hybrid\u00e9, vari\u00e9t\u00e9 Oberkulmer, Origine France\"},{\"@type\":\"BreadcrumbList\",\"@id\":\"https:\\\/\\\/www.lesjardinsdesaintehildegarde.com\\\/es\\\/espelta-alimentacion\\\/espelta\\\/gran-espelta\\\/biscuits-de-la-joie-ge-nc-bio-450g\\\/#breadcrumb\",\"itemListElement\":[{\"@type\":\"ListItem\",\"position\":1,\"name\":\"Inicio\",\"item\":\"https:\\\/\\\/www.lesjardinsdesaintehildegarde.com\\\/es\\\/\"},{\"@type\":\"ListItem\",\"position\":2,\"name\":\"Productos\",\"item\":\"https:\\\/\\\/www.lesjardinsdesaintehildegarde.com\\\/es\\\/shop\\\/\"},{\"@type\":\"ListItem\",\"position\":3,\"name\":\"BISCUITS DE LA JOIE GE NC BIO 450G*\"}]},{\"@type\":\"WebSite\",\"@id\":\"https:\\\/\\\/www.lesjardinsdesaintehildegarde.com\\\/es\\\/#website\",\"url\":\"https:\\\/\\\/www.lesjardinsdesaintehildegarde.com\\\/es\\\/\",\"name\":\"Les Jardins de Sainte-Hildegarde\",\"description\":\"Viriditas\",\"publisher\":{\"@id\":\"https:\\\/\\\/www.lesjardinsdesaintehildegarde.com\\\/es\\\/#organization\"},\"potentialAction\":[{\"@type\":\"SearchAction\",\"target\":{\"@type\":\"EntryPoint\",\"urlTemplate\":\"https:\\\/\\\/www.lesjardinsdesaintehildegarde.com\\\/es\\\/?s={search_term_string}\"},\"query-input\":{\"@type\":\"PropertyValueSpecification\",\"valueRequired\":true,\"valueName\":\"search_term_string\"}}],\"inLanguage\":\"es\"},{\"@type\":\"Organization\",\"@id\":\"https:\\\/\\\/www.lesjardinsdesaintehildegarde.com\\\/es\\\/#organization\",\"name\":\"Les Jardins de Sainte-Hildegarde\",\"url\":\"https:\\\/\\\/www.lesjardinsdesaintehildegarde.com\\\/es\\\/\",\"logo\":{\"@type\":\"ImageObject\",\"inLanguage\":\"es\",\"@id\":\"https:\\\/\\\/www.lesjardinsdesaintehildegarde.com\\\/es\\\/#\\\/schema\\\/logo\\\/image\\\/\",\"url\":\"https:\\\/\\\/www.lesjardinsdesaintehildegarde.com\\\/wp-content\\\/uploads\\\/2022\\\/11\\\/logo-2022.png\",\"contentUrl\":\"https:\\\/\\\/www.lesjardinsdesaintehildegarde.com\\\/wp-content\\\/uploads\\\/2022\\\/11\\\/logo-2022.png\",\"width\":365,\"height\":90,\"caption\":\"Les Jardins de Sainte-Hildegarde\"},\"image\":{\"@id\":\"https:\\\/\\\/www.lesjardinsdesaintehildegarde.com\\\/es\\\/#\\\/schema\\\/logo\\\/image\\\/\"}}]}<\/script>\n<!-- \/ Yoast SEO plugin. -->","yoast_head_json":{"title":"BISCUITS DE LA JOIE GE NC BIO 450G* - Les Jardins de Sainte-Hildegarde","robots":{"index":"index","follow":"follow","max-snippet":"max-snippet:-1","max-image-preview":"max-image-preview:large","max-video-preview":"max-video-preview:-1"},"canonical":"https:\/\/www.lesjardinsdesaintehildegarde.com\/es\/espelta-alimentacion\/espelta\/gran-espelta\/biscuits-de-la-joie-ge-nc-bio-450g\/","og_locale":"es_ES","og_type":"article","og_title":"BISCUITS DE LA JOIE GE NC BIO 450G* - Les Jardins de Sainte-Hildegarde","og_description":"BISCUITS DE LA JOIE GRAND \u00c9PEAUTRE BIO 450GR* (26\u20ac \/ kg) Non Hybrid\u00e9 * Issu de l&#8217;agriculture biologique Fabriqu\u00e9s dans nos ateliers en Dordogne Nous garantissons un dosage de 100g de m\u00e9lange d&#8217;\u00e9pices pour un kilo de farine. Ce qui fait de ce produit un aliment dot\u00e9 d&#8217;un fort pouvoir \u00e9nerg\u00e9tique. La consommation est conseill\u00e9e [&hellip;]","og_url":"https:\/\/www.lesjardinsdesaintehildegarde.com\/es\/espelta-alimentacion\/espelta\/gran-espelta\/biscuits-de-la-joie-ge-nc-bio-450g\/","og_site_name":"Les Jardins de Sainte-Hildegarde","article_modified_time":"2026-04-30T21:02:05+00:00","og_image":[{"width":1200,"height":1200,"url":"https:\/\/www.lesjardinsdesaintehildegarde.com\/wp-content\/uploads\/2022\/11\/00036c-biscuit-joie-grand-epeautre-bio-450g.jpg","type":"image\/jpeg"}],"twitter_card":"summary_large_image","twitter_misc":{"Tiempo de lectura":"2 minutos"},"schema":{"@context":"https:\/\/schema.org","@graph":[{"@type":"WebPage","@id":"https:\/\/www.lesjardinsdesaintehildegarde.com\/es\/espelta-alimentacion\/espelta\/gran-espelta\/biscuits-de-la-joie-ge-nc-bio-450g\/","url":"https:\/\/www.lesjardinsdesaintehildegarde.com\/es\/espelta-alimentacion\/espelta\/gran-espelta\/biscuits-de-la-joie-ge-nc-bio-450g\/","name":"BISCUITS DE LA JOIE GE NC BIO 450G* - Les Jardins de Sainte-Hildegarde","isPartOf":{"@id":"https:\/\/www.lesjardinsdesaintehildegarde.com\/es\/#website"},"primaryImageOfPage":{"@id":"https:\/\/www.lesjardinsdesaintehildegarde.com\/es\/espelta-alimentacion\/espelta\/gran-espelta\/biscuits-de-la-joie-ge-nc-bio-450g\/#primaryimage"},"image":{"@id":"https:\/\/www.lesjardinsdesaintehildegarde.com\/es\/espelta-alimentacion\/espelta\/gran-espelta\/biscuits-de-la-joie-ge-nc-bio-450g\/#primaryimage"},"thumbnailUrl":"https:\/\/www.lesjardinsdesaintehildegarde.com\/wp-content\/uploads\/2022\/11\/00036c-biscuit-joie-grand-epeautre-bio-450g.jpg","datePublished":"2022-11-04T08:07:06+00:00","dateModified":"2026-04-30T21:02:05+00:00","breadcrumb":{"@id":"https:\/\/www.lesjardinsdesaintehildegarde.com\/es\/espelta-alimentacion\/espelta\/gran-espelta\/biscuits-de-la-joie-ge-nc-bio-450g\/#breadcrumb"},"inLanguage":"es","potentialAction":[{"@type":"ReadAction","target":["https:\/\/www.lesjardinsdesaintehildegarde.com\/es\/espelta-alimentacion\/espelta\/gran-espelta\/biscuits-de-la-joie-ge-nc-bio-450g\/"]}]},{"@type":"ImageObject","inLanguage":"es","@id":"https:\/\/www.lesjardinsdesaintehildegarde.com\/es\/espelta-alimentacion\/espelta\/gran-espelta\/biscuits-de-la-joie-ge-nc-bio-450g\/#primaryimage","url":"https:\/\/www.lesjardinsdesaintehildegarde.com\/wp-content\/uploads\/2022\/11\/00036c-biscuit-joie-grand-epeautre-bio-450g.jpg","contentUrl":"https:\/\/www.lesjardinsdesaintehildegarde.com\/wp-content\/uploads\/2022\/11\/00036c-biscuit-joie-grand-epeautre-bio-450g.jpg","width":1200,"height":1200,"caption":"Biscuits de la joie bio ( biscuits pour les nerfs recommand\u00e9s par sainte Hildegarde de Bingen), de grand \u00e9peautre non hybrid\u00e9, vari\u00e9t\u00e9 Oberkulmer, Origine France"},{"@type":"BreadcrumbList","@id":"https:\/\/www.lesjardinsdesaintehildegarde.com\/es\/espelta-alimentacion\/espelta\/gran-espelta\/biscuits-de-la-joie-ge-nc-bio-450g\/#breadcrumb","itemListElement":[{"@type":"ListItem","position":1,"name":"Inicio","item":"https:\/\/www.lesjardinsdesaintehildegarde.com\/es\/"},{"@type":"ListItem","position":2,"name":"Productos","item":"https:\/\/www.lesjardinsdesaintehildegarde.com\/es\/shop\/"},{"@type":"ListItem","position":3,"name":"BISCUITS DE LA JOIE GE NC BIO 450G*"}]},{"@type":"WebSite","@id":"https:\/\/www.lesjardinsdesaintehildegarde.com\/es\/#website","url":"https:\/\/www.lesjardinsdesaintehildegarde.com\/es\/","name":"Les Jardins de Sainte-Hildegarde","description":"Viriditas","publisher":{"@id":"https:\/\/www.lesjardinsdesaintehildegarde.com\/es\/#organization"},"potentialAction":[{"@type":"SearchAction","target":{"@type":"EntryPoint","urlTemplate":"https:\/\/www.lesjardinsdesaintehildegarde.com\/es\/?s={search_term_string}"},"query-input":{"@type":"PropertyValueSpecification","valueRequired":true,"valueName":"search_term_string"}}],"inLanguage":"es"},{"@type":"Organization","@id":"https:\/\/www.lesjardinsdesaintehildegarde.com\/es\/#organization","name":"Les Jardins de Sainte-Hildegarde","url":"https:\/\/www.lesjardinsdesaintehildegarde.com\/es\/","logo":{"@type":"ImageObject","inLanguage":"es","@id":"https:\/\/www.lesjardinsdesaintehildegarde.com\/es\/#\/schema\/logo\/image\/","url":"https:\/\/www.lesjardinsdesaintehildegarde.com\/wp-content\/uploads\/2022\/11\/logo-2022.png","contentUrl":"https:\/\/www.lesjardinsdesaintehildegarde.com\/wp-content\/uploads\/2022\/11\/logo-2022.png","width":365,"height":90,"caption":"Les Jardins de Sainte-Hildegarde"},"image":{"@id":"https:\/\/www.lesjardinsdesaintehildegarde.com\/es\/#\/schema\/logo\/image\/"}}]}},"_links":{"self":[{"href":"https:\/\/www.lesjardinsdesaintehildegarde.com\/es\/wp-json\/wp\/v2\/product\/894","targetHints":{"allow":["GET"]}}],"collection":[{"href":"https:\/\/www.lesjardinsdesaintehildegarde.com\/es\/wp-json\/wp\/v2\/product"}],"about":[{"href":"https:\/\/www.lesjardinsdesaintehildegarde.com\/es\/wp-json\/wp\/v2\/types\/product"}],"replies":[{"embeddable":true,"href":"https:\/\/www.lesjardinsdesaintehildegarde.com\/es\/wp-json\/wp\/v2\/comments?post=894"}],"wp:featuredmedia":[{"embeddable":true,"href":"https:\/\/www.lesjardinsdesaintehildegarde.com\/es\/wp-json\/wp\/v2\/media\/73926"}],"wp:attachment":[{"href":"https:\/\/www.lesjardinsdesaintehildegarde.com\/es\/wp-json\/wp\/v2\/media?parent=894"}],"wp:term":[{"taxonomy":"product_brand","embeddable":true,"href":"https:\/\/www.lesjardinsdesaintehildegarde.com\/es\/wp-json\/wp\/v2\/product_brand?post=894"},{"taxonomy":"product_cat","embeddable":true,"href":"https:\/\/www.lesjardinsdesaintehildegarde.com\/es\/wp-json\/wp\/v2\/product_cat?post=894"},{"taxonomy":"product_tag","embeddable":true,"href":"https:\/\/www.lesjardinsdesaintehildegarde.com\/es\/wp-json\/wp\/v2\/product_tag?post=894"}],"curies":[{"name":"wp","href":"https:\/\/api.w.org\/{rel}","templated":true}]}}