{"id":900,"date":"2022-11-04T09:07:07","date_gmt":"2022-11-04T08:07:07","guid":{"rendered":"https:\/\/www.lesjardinsdesaintehildegarde.com\/non%20class\u00e9\/epeaucaf-ge-non-croise-bio-250g\/"},"modified":"2026-04-17T23:02:06","modified_gmt":"2026-04-17T21:02:06","slug":"epeaucaf-ge-non-croise-bio-250g","status":"publish","type":"product","link":"https:\/\/www.lesjardinsdesaintehildegarde.com\/es\/espelta-alimentacion\/espelta\/gran-espelta\/epeaucaf-ge-non-croise-bio-250g\/","title":{"rendered":"EPEAUCAF GE NON CROIS\u00c9 BIO 250G*"},"content":{"rendered":"<p>\u00c9PEAUCAF BIO 250 G * (13.20\u20ac \/ kg)<\/p>\n<p>De Grand \u00c9peautre Biologique Non Hybrid\u00e9 &#8211; Vari\u00e9t\u00e9 \u00abOBERKULMER\u00bb &#8211; Triticum Spelta<\/p>\n<p>* Issu de l&#8217;agriculture biologique &#8211; Origine France<\/p>\n<p>D\u00e9licieuse boisson reconstituante, tr\u00e8s digeste, le caf\u00e9 de grand \u00e9peautre torr\u00e9fi\u00e9 sur place au fur et \u00e0 mesure de la demande, ne contient aucune caf\u00e9ine.<\/p>\n<p>Conseils d&#8217;utilisation :<\/p>\n<p>Faire bouillir 10 minutes 3 cuill\u00e8res \u00e0 soupe d&#8217;\u00e9peaucaf entier dans 1\/2 litre d&#8217;eau. Il peut \u00eatre r\u00e9utilis\u00e9 plusieurs fois.<\/p>\n<p>Cet anc\u00eatre du bl\u00e9 moderne est une tr\u00e8s ancienne c\u00e9r\u00e9ale (+ de 10 000 ans). R\u00e9ellement pur, l&#8217;\u00e9peautre biologique non hybrid\u00e9 est la c\u00e9r\u00e9ale par excellence, conseill\u00e9e comme base essentielle d&#8217;une bonne alimentation par Sainte Hildegarde de Bingen.<\/p>\n<p>Produit et transform\u00e9 en France, issu de fermes fran\u00e7aises<\/p>\n<p>Valeurs nutritionnelles pour 100g : <\/p>\n<p>Energie : 1502 kJ \/ 354kcal  <\/p>\n<p>Lipides 2,6g dont acides gras satur\u00e9s &lt; 0,5g<\/p>\n<p>Glucides 68,9g donc sucres 6,7g<\/p>\n<p>Prot\u00e9ines 13,8g <\/p>\n<p>Fibres 10,7g <\/p>\n<p>Sel &lt; 0,1g<\/p>\n<p>Entreposer dans un environnement frais et sec. <\/p>\n<p>Photo(s) non contractuelles:<\/p>\n<p>L&#8217;origine naturelle de ce produit ne nous permet pas de vous garantir un aspect strictement identique d &#8216;un lot \u00e0 l&#8217;autre.<\/p>\n<p>En effet, de sensibles variations de couleurs, d&#8217;aspect, de texture, de go\u00fbt, de coupe, peuvent intervenir selon la zone g\u00e9ographique de culture, selon le climat, et selon les diff\u00e9rentes \u00e9tapes qui succ\u00e8dent \u00e0 la r\u00e9colte.<\/p>\n","protected":false},"excerpt":{"rendered":"<p>\u00c9PEAUCAF BIO 250 G * (13.20\u20ac \/ kg) De Grand \u00c9peautre Biologique Non Hybrid\u00e9 &#8211; Vari\u00e9t\u00e9 \u00abOBERKULMER\u00bb &#8211; Triticum Spelta * Issu de l&#8217;agriculture biologique &#8211; Origine France D\u00e9licieuse boisson reconstituante, tr\u00e8s digeste, le caf\u00e9 de grand \u00e9peautre torr\u00e9fi\u00e9 sur place au fur et \u00e0 mesure de la demande, ne contient aucune caf\u00e9ine. Conseils d&#8217;utilisation [&hellip;]<\/p>\n","protected":false},"featured_media":54898,"comment_status":"open","ping_status":"closed","template":"","meta":{"_acf_changed":false,"_relevanssi_hide_post":"","_relevanssi_hide_content":"","_relevanssi_pin_for_all":"","_relevanssi_pin_keywords":"","_relevanssi_unpin_keywords":"","_relevanssi_related_keywords":"","_relevanssi_related_include_ids":"","_relevanssi_related_exclude_ids":"","_relevanssi_related_no_append":"","_relevanssi_related_not_related":"","_relevanssi_related_posts":"","_relevanssi_noindex_reason":""},"product_brand":[],"product_cat":[52,30,59],"product_tag":[49],"class_list":{"0":"post-900","1":"product","2":"type-product","3":"status-publish","4":"has-post-thumbnail","6":"product_cat-epeautre","7":"product_cat-epeautres-alimentation","8":"product_cat-grand-epeautre","9":"product_tag-produit-bio","11":"first","12":"instock","13":"taxable","14":"shipping-taxable","15":"purchasable","16":"product-type-simple"},"acf":[],"yoast_head":"<!-- This site is optimized with the Yoast SEO plugin v27.2 - https:\/\/yoast.com\/product\/yoast-seo-wordpress\/ -->\n<title>EPEAUCAF GE NON CROIS\u00c9 BIO 250G* - Les Jardins de Sainte-Hildegarde<\/title>\n<meta name=\"robots\" content=\"index, follow, max-snippet:-1, max-image-preview:large, max-video-preview:-1\" \/>\n<link rel=\"canonical\" href=\"https:\/\/www.lesjardinsdesaintehildegarde.com\/es\/espelta-alimentacion\/espelta\/gran-espelta\/epeaucaf-ge-non-croise-bio-250g\/\" \/>\n<meta property=\"og:locale\" content=\"es_ES\" \/>\n<meta property=\"og:type\" content=\"article\" \/>\n<meta property=\"og:title\" content=\"EPEAUCAF GE NON CROIS\u00c9 BIO 250G* - Les Jardins de Sainte-Hildegarde\" \/>\n<meta property=\"og:description\" content=\"\u00c9PEAUCAF BIO 250 G * (13.20\u20ac \/ kg) De Grand \u00c9peautre Biologique Non Hybrid\u00e9 &#8211; Vari\u00e9t\u00e9 \u00abOBERKULMER\u00bb &#8211; Triticum Spelta * Issu de l&#8217;agriculture biologique &#8211; Origine France D\u00e9licieuse boisson reconstituante, tr\u00e8s digeste, le caf\u00e9 de grand \u00e9peautre torr\u00e9fi\u00e9 sur place au fur et \u00e0 mesure de la demande, ne contient aucune caf\u00e9ine. Conseils d&#8217;utilisation [&hellip;]\" \/>\n<meta property=\"og:url\" content=\"https:\/\/www.lesjardinsdesaintehildegarde.com\/es\/espelta-alimentacion\/espelta\/gran-espelta\/epeaucaf-ge-non-croise-bio-250g\/\" \/>\n<meta property=\"og:site_name\" content=\"Les Jardins de Sainte-Hildegarde\" \/>\n<meta property=\"article:modified_time\" content=\"2026-04-17T21:02:06+00:00\" \/>\n<meta property=\"og:image\" content=\"https:\/\/www.lesjardinsdesaintehildegarde.com\/wp-content\/uploads\/2023\/02\/00042-epeaucaf-grand-epeautre-oberkulmer-bio-250g.jpg\" \/>\n\t<meta property=\"og:image:width\" content=\"1200\" \/>\n\t<meta property=\"og:image:height\" content=\"1200\" \/>\n\t<meta property=\"og:image:type\" content=\"image\/jpeg\" \/>\n<meta name=\"twitter:card\" content=\"summary_large_image\" \/>\n<meta name=\"twitter:label1\" content=\"Tiempo de lectura\" \/>\n\t<meta name=\"twitter:data1\" content=\"2 minutos\" \/>\n<script type=\"application\/ld+json\" class=\"yoast-schema-graph\">{\"@context\":\"https:\/\/schema.org\",\"@graph\":[{\"@type\":\"WebPage\",\"@id\":\"https:\/\/www.lesjardinsdesaintehildegarde.com\/es\/espelta-alimentacion\/espelta\/gran-espelta\/epeaucaf-ge-non-croise-bio-250g\/\",\"url\":\"https:\/\/www.lesjardinsdesaintehildegarde.com\/es\/espelta-alimentacion\/espelta\/gran-espelta\/epeaucaf-ge-non-croise-bio-250g\/\",\"name\":\"EPEAUCAF GE NON CROIS\u00c9 BIO 250G* - Les Jardins de Sainte-Hildegarde\",\"isPartOf\":{\"@id\":\"https:\/\/www.lesjardinsdesaintehildegarde.com\/es\/#website\"},\"primaryImageOfPage\":{\"@id\":\"https:\/\/www.lesjardinsdesaintehildegarde.com\/es\/espelta-alimentacion\/espelta\/gran-espelta\/epeaucaf-ge-non-croise-bio-250g\/#primaryimage\"},\"image\":{\"@id\":\"https:\/\/www.lesjardinsdesaintehildegarde.com\/es\/espelta-alimentacion\/espelta\/gran-espelta\/epeaucaf-ge-non-croise-bio-250g\/#primaryimage\"},\"thumbnailUrl\":\"https:\/\/www.lesjardinsdesaintehildegarde.com\/wp-content\/uploads\/2023\/02\/00042-epeaucaf-grand-epeautre-oberkulmer-bio-250g.jpg\",\"datePublished\":\"2022-11-04T08:07:07+00:00\",\"dateModified\":\"2026-04-17T21:02:06+00:00\",\"breadcrumb\":{\"@id\":\"https:\/\/www.lesjardinsdesaintehildegarde.com\/es\/espelta-alimentacion\/espelta\/gran-espelta\/epeaucaf-ge-non-croise-bio-250g\/#breadcrumb\"},\"inLanguage\":\"es\",\"potentialAction\":[{\"@type\":\"ReadAction\",\"target\":[\"https:\/\/www.lesjardinsdesaintehildegarde.com\/es\/espelta-alimentacion\/espelta\/gran-espelta\/epeaucaf-ge-non-croise-bio-250g\/\"]}]},{\"@type\":\"ImageObject\",\"inLanguage\":\"es\",\"@id\":\"https:\/\/www.lesjardinsdesaintehildegarde.com\/es\/espelta-alimentacion\/espelta\/gran-espelta\/epeaucaf-ge-non-croise-bio-250g\/#primaryimage\",\"url\":\"https:\/\/www.lesjardinsdesaintehildegarde.com\/wp-content\/uploads\/2023\/02\/00042-epeaucaf-grand-epeautre-oberkulmer-bio-250g.jpg\",\"contentUrl\":\"https:\/\/www.lesjardinsdesaintehildegarde.com\/wp-content\/uploads\/2023\/02\/00042-epeaucaf-grand-epeautre-oberkulmer-bio-250g.jpg\",\"width\":1200,\"height\":1200,\"caption\":\"\u00c9PEAUCAF 250G * De Grand \u00c9peautre Biologique Non crois\u00e9 avec du bl\u00e9 (non hybrid\u00e9) - Vari\u00e9t\u00e9 'OBERKULMER' idem label Hertzka -Triticum spelta Origine France. Recommand\u00e9 par sainte Hildegarde de Bingen\"},{\"@type\":\"BreadcrumbList\",\"@id\":\"https:\/\/www.lesjardinsdesaintehildegarde.com\/es\/espelta-alimentacion\/espelta\/gran-espelta\/epeaucaf-ge-non-croise-bio-250g\/#breadcrumb\",\"itemListElement\":[{\"@type\":\"ListItem\",\"position\":1,\"name\":\"Inicio\",\"item\":\"https:\/\/www.lesjardinsdesaintehildegarde.com\/es\/\"},{\"@type\":\"ListItem\",\"position\":2,\"name\":\"Productos\",\"item\":\"https:\/\/www.lesjardinsdesaintehildegarde.com\/es\/shop\/\"},{\"@type\":\"ListItem\",\"position\":3,\"name\":\"EPEAUCAF GE NON CROIS\u00c9 BIO 250G*\"}]},{\"@type\":\"WebSite\",\"@id\":\"https:\/\/www.lesjardinsdesaintehildegarde.com\/es\/#website\",\"url\":\"https:\/\/www.lesjardinsdesaintehildegarde.com\/es\/\",\"name\":\"Les Jardins de Sainte-Hildegarde\",\"description\":\"Viriditas\",\"publisher\":{\"@id\":\"https:\/\/www.lesjardinsdesaintehildegarde.com\/es\/#organization\"},\"potentialAction\":[{\"@type\":\"SearchAction\",\"target\":{\"@type\":\"EntryPoint\",\"urlTemplate\":\"https:\/\/www.lesjardinsdesaintehildegarde.com\/es\/?s={search_term_string}\"},\"query-input\":{\"@type\":\"PropertyValueSpecification\",\"valueRequired\":true,\"valueName\":\"search_term_string\"}}],\"inLanguage\":\"es\"},{\"@type\":\"Organization\",\"@id\":\"https:\/\/www.lesjardinsdesaintehildegarde.com\/es\/#organization\",\"name\":\"Les Jardins de Sainte-Hildegarde\",\"url\":\"https:\/\/www.lesjardinsdesaintehildegarde.com\/es\/\",\"logo\":{\"@type\":\"ImageObject\",\"inLanguage\":\"es\",\"@id\":\"https:\/\/www.lesjardinsdesaintehildegarde.com\/es\/#\/schema\/logo\/image\/\",\"url\":\"https:\/\/www.lesjardinsdesaintehildegarde.com\/wp-content\/uploads\/2022\/11\/logo-2022.png\",\"contentUrl\":\"https:\/\/www.lesjardinsdesaintehildegarde.com\/wp-content\/uploads\/2022\/11\/logo-2022.png\",\"width\":365,\"height\":90,\"caption\":\"Les Jardins de Sainte-Hildegarde\"},\"image\":{\"@id\":\"https:\/\/www.lesjardinsdesaintehildegarde.com\/es\/#\/schema\/logo\/image\/\"}}]}<\/script>\n<!-- \/ Yoast SEO plugin. -->","yoast_head_json":{"title":"EPEAUCAF GE NON CROIS\u00c9 BIO 250G* - Les Jardins de Sainte-Hildegarde","robots":{"index":"index","follow":"follow","max-snippet":"max-snippet:-1","max-image-preview":"max-image-preview:large","max-video-preview":"max-video-preview:-1"},"canonical":"https:\/\/www.lesjardinsdesaintehildegarde.com\/es\/espelta-alimentacion\/espelta\/gran-espelta\/epeaucaf-ge-non-croise-bio-250g\/","og_locale":"es_ES","og_type":"article","og_title":"EPEAUCAF GE NON CROIS\u00c9 BIO 250G* - Les Jardins de Sainte-Hildegarde","og_description":"\u00c9PEAUCAF BIO 250 G * (13.20\u20ac \/ kg) De Grand \u00c9peautre Biologique Non Hybrid\u00e9 &#8211; Vari\u00e9t\u00e9 \u00abOBERKULMER\u00bb &#8211; Triticum Spelta * Issu de l&#8217;agriculture biologique &#8211; Origine France D\u00e9licieuse boisson reconstituante, tr\u00e8s digeste, le caf\u00e9 de grand \u00e9peautre torr\u00e9fi\u00e9 sur place au fur et \u00e0 mesure de la demande, ne contient aucune caf\u00e9ine. Conseils d&#8217;utilisation [&hellip;]","og_url":"https:\/\/www.lesjardinsdesaintehildegarde.com\/es\/espelta-alimentacion\/espelta\/gran-espelta\/epeaucaf-ge-non-croise-bio-250g\/","og_site_name":"Les Jardins de Sainte-Hildegarde","article_modified_time":"2026-04-17T21:02:06+00:00","og_image":[{"width":1200,"height":1200,"url":"https:\/\/www.lesjardinsdesaintehildegarde.com\/wp-content\/uploads\/2023\/02\/00042-epeaucaf-grand-epeautre-oberkulmer-bio-250g.jpg","type":"image\/jpeg"}],"twitter_card":"summary_large_image","twitter_misc":{"Tiempo de lectura":"2 minutos"},"schema":{"@context":"https:\/\/schema.org","@graph":[{"@type":"WebPage","@id":"https:\/\/www.lesjardinsdesaintehildegarde.com\/es\/espelta-alimentacion\/espelta\/gran-espelta\/epeaucaf-ge-non-croise-bio-250g\/","url":"https:\/\/www.lesjardinsdesaintehildegarde.com\/es\/espelta-alimentacion\/espelta\/gran-espelta\/epeaucaf-ge-non-croise-bio-250g\/","name":"EPEAUCAF GE NON CROIS\u00c9 BIO 250G* - Les Jardins de Sainte-Hildegarde","isPartOf":{"@id":"https:\/\/www.lesjardinsdesaintehildegarde.com\/es\/#website"},"primaryImageOfPage":{"@id":"https:\/\/www.lesjardinsdesaintehildegarde.com\/es\/espelta-alimentacion\/espelta\/gran-espelta\/epeaucaf-ge-non-croise-bio-250g\/#primaryimage"},"image":{"@id":"https:\/\/www.lesjardinsdesaintehildegarde.com\/es\/espelta-alimentacion\/espelta\/gran-espelta\/epeaucaf-ge-non-croise-bio-250g\/#primaryimage"},"thumbnailUrl":"https:\/\/www.lesjardinsdesaintehildegarde.com\/wp-content\/uploads\/2023\/02\/00042-epeaucaf-grand-epeautre-oberkulmer-bio-250g.jpg","datePublished":"2022-11-04T08:07:07+00:00","dateModified":"2026-04-17T21:02:06+00:00","breadcrumb":{"@id":"https:\/\/www.lesjardinsdesaintehildegarde.com\/es\/espelta-alimentacion\/espelta\/gran-espelta\/epeaucaf-ge-non-croise-bio-250g\/#breadcrumb"},"inLanguage":"es","potentialAction":[{"@type":"ReadAction","target":["https:\/\/www.lesjardinsdesaintehildegarde.com\/es\/espelta-alimentacion\/espelta\/gran-espelta\/epeaucaf-ge-non-croise-bio-250g\/"]}]},{"@type":"ImageObject","inLanguage":"es","@id":"https:\/\/www.lesjardinsdesaintehildegarde.com\/es\/espelta-alimentacion\/espelta\/gran-espelta\/epeaucaf-ge-non-croise-bio-250g\/#primaryimage","url":"https:\/\/www.lesjardinsdesaintehildegarde.com\/wp-content\/uploads\/2023\/02\/00042-epeaucaf-grand-epeautre-oberkulmer-bio-250g.jpg","contentUrl":"https:\/\/www.lesjardinsdesaintehildegarde.com\/wp-content\/uploads\/2023\/02\/00042-epeaucaf-grand-epeautre-oberkulmer-bio-250g.jpg","width":1200,"height":1200,"caption":"\u00c9PEAUCAF 250G * De Grand \u00c9peautre Biologique Non crois\u00e9 avec du bl\u00e9 (non hybrid\u00e9) - Vari\u00e9t\u00e9 'OBERKULMER' idem label Hertzka -Triticum spelta Origine France. Recommand\u00e9 par sainte Hildegarde de Bingen"},{"@type":"BreadcrumbList","@id":"https:\/\/www.lesjardinsdesaintehildegarde.com\/es\/espelta-alimentacion\/espelta\/gran-espelta\/epeaucaf-ge-non-croise-bio-250g\/#breadcrumb","itemListElement":[{"@type":"ListItem","position":1,"name":"Inicio","item":"https:\/\/www.lesjardinsdesaintehildegarde.com\/es\/"},{"@type":"ListItem","position":2,"name":"Productos","item":"https:\/\/www.lesjardinsdesaintehildegarde.com\/es\/shop\/"},{"@type":"ListItem","position":3,"name":"EPEAUCAF GE NON CROIS\u00c9 BIO 250G*"}]},{"@type":"WebSite","@id":"https:\/\/www.lesjardinsdesaintehildegarde.com\/es\/#website","url":"https:\/\/www.lesjardinsdesaintehildegarde.com\/es\/","name":"Les Jardins de Sainte-Hildegarde","description":"Viriditas","publisher":{"@id":"https:\/\/www.lesjardinsdesaintehildegarde.com\/es\/#organization"},"potentialAction":[{"@type":"SearchAction","target":{"@type":"EntryPoint","urlTemplate":"https:\/\/www.lesjardinsdesaintehildegarde.com\/es\/?s={search_term_string}"},"query-input":{"@type":"PropertyValueSpecification","valueRequired":true,"valueName":"search_term_string"}}],"inLanguage":"es"},{"@type":"Organization","@id":"https:\/\/www.lesjardinsdesaintehildegarde.com\/es\/#organization","name":"Les Jardins de Sainte-Hildegarde","url":"https:\/\/www.lesjardinsdesaintehildegarde.com\/es\/","logo":{"@type":"ImageObject","inLanguage":"es","@id":"https:\/\/www.lesjardinsdesaintehildegarde.com\/es\/#\/schema\/logo\/image\/","url":"https:\/\/www.lesjardinsdesaintehildegarde.com\/wp-content\/uploads\/2022\/11\/logo-2022.png","contentUrl":"https:\/\/www.lesjardinsdesaintehildegarde.com\/wp-content\/uploads\/2022\/11\/logo-2022.png","width":365,"height":90,"caption":"Les Jardins de Sainte-Hildegarde"},"image":{"@id":"https:\/\/www.lesjardinsdesaintehildegarde.com\/es\/#\/schema\/logo\/image\/"}}]}},"_links":{"self":[{"href":"https:\/\/www.lesjardinsdesaintehildegarde.com\/es\/wp-json\/wp\/v2\/product\/900","targetHints":{"allow":["GET"]}}],"collection":[{"href":"https:\/\/www.lesjardinsdesaintehildegarde.com\/es\/wp-json\/wp\/v2\/product"}],"about":[{"href":"https:\/\/www.lesjardinsdesaintehildegarde.com\/es\/wp-json\/wp\/v2\/types\/product"}],"replies":[{"embeddable":true,"href":"https:\/\/www.lesjardinsdesaintehildegarde.com\/es\/wp-json\/wp\/v2\/comments?post=900"}],"wp:featuredmedia":[{"embeddable":true,"href":"https:\/\/www.lesjardinsdesaintehildegarde.com\/es\/wp-json\/wp\/v2\/media\/54898"}],"wp:attachment":[{"href":"https:\/\/www.lesjardinsdesaintehildegarde.com\/es\/wp-json\/wp\/v2\/media?parent=900"}],"wp:term":[{"taxonomy":"product_brand","embeddable":true,"href":"https:\/\/www.lesjardinsdesaintehildegarde.com\/es\/wp-json\/wp\/v2\/product_brand?post=900"},{"taxonomy":"product_cat","embeddable":true,"href":"https:\/\/www.lesjardinsdesaintehildegarde.com\/es\/wp-json\/wp\/v2\/product_cat?post=900"},{"taxonomy":"product_tag","embeddable":true,"href":"https:\/\/www.lesjardinsdesaintehildegarde.com\/es\/wp-json\/wp\/v2\/product_tag?post=900"}],"curies":[{"name":"wp","href":"https:\/\/api.w.org\/{rel}","templated":true}]}}