{"id":931,"date":"2022-11-04T09:07:12","date_gmt":"2022-11-04T08:07:12","guid":{"rendered":"https:\/\/www.lesjardinsdesaintehildegarde.com\/non%20class\u00e9\/conchigliette-veritable-pe-bio-250g\/"},"modified":"2026-05-06T23:03:14","modified_gmt":"2026-05-06T21:03:14","slug":"conchigliette-veritable-pe-bio-250g","status":"publish","type":"product","link":"https:\/\/www.lesjardinsdesaintehildegarde.com\/es\/espelta-alimentacion\/espelta\/pequena-espelta\/conchigliette-veritable-pe-bio-250g\/","title":{"rendered":"PATES CONCHIGLIETTE VER. PE BIO 250G*"},"content":{"rendered":"<p>CONCHIGLIETTES DE PETIT \u00c9PEAUTRE BIO 250 G* (12\u20ac \/ kg)<\/p>\n<p>P\u00e2tes de petit \u00e9peautre biologique, non crois\u00e9 avec du bl\u00e9 (non hybrid\u00e9)<\/p>\n<p>* Issu de l&#8217;agriculture biologique &#8211; Origine France<\/p>\n<p>Temps de cuisson :<\/p>\n<p>4 \u00e0 5 minutes. Elles sont savoureuses, l\u00e9g\u00e8res et riches en fibres. On peut les d\u00e9guster avec toutes sortes de sauces.<\/p>\n<p>Ingr\u00e9dients :<\/p>\n<p>Farine int\u00e9grale T150 de v\u00e9ritable petit \u00e9peautre biologique* (engrain), eau.<\/p>\n<p>Valeurs nutritionnelles des conchigliettes (valeurs moyennes en grammes pour 100g de conchigliettes) :<\/p>\n<p>Energie : 1460 kJ \/ 346 kcal <\/p>\n<p>Lipides 2,8g dont acides gras satur\u00e9s 0,4g<\/p>\n<p>Glucides 61,2g donc sucres 2,9g<\/p>\n<p>Prot\u00e9ines 13,9g <\/p>\n<p>Fibres 10g <\/p>\n<p>Sel &lt;0,01g<\/p>\n<p>Ces d\u00e9licieuses p\u00e2tes sont fabriqu\u00e9es par nos soins dans nos ateliers en Dordogne, avec de la farine de v\u00e9ritable petit \u00e9peautre biologique fran\u00e7ais. Pr\u00e9par\u00e9es en utilisant exclusivement de la Farine int\u00e9grale T150 de petit \u00e9peautre biologique ces p\u00e2tes sont savoureuses, l\u00e9g\u00e8res et riches en fibres. On peut les d\u00e9guster avec toutes sortes de sauces.<\/p>\n<p>Cet anc\u00eatre du bl\u00e9 moderne est une tr\u00e8s ancienne c\u00e9r\u00e9ale (+ de 10 000 ans). R\u00e9ellement pur, le v\u00e9ritable petit \u00e9peautre est tr\u00e8s digeste, tr\u00e8s riche en oligo-\u00e9l\u00e9ments, c&#8217;est la c\u00e9r\u00e9ale par excellence, conseill\u00e9e comme base essentielle d&#8217;une bonne alimentation par Sainte Hildegarde de Bingen (12\u00e8me si\u00e8cle).<\/p>\n<p>Photo(s) non contractuelles:<\/p>\n<p>L&#8217;origine naturelle de ce produit ne nous permet pas de vous garantir un aspect strictement identique d &#8216;un lot \u00e0 l&#8217;autre.<\/p>\n<p>En effet, de sensibles variations de couleurs, d&#8217;aspect, de texture, de go\u00fbt, de coupe, peuvent intervenir selon la zone g\u00e9ographique de culture, selon le climat, et selon les diff\u00e9rentes \u00e9tapes qui succ\u00e8dent \u00e0 la r\u00e9colte.<\/p>\n<p>Conserver \u00e0 temp\u00e9rature ambiante. Ne pas exposer \u00e0 la lumi\u00e8re directe et \u00e0 la chaleur. Entreposer dans un environnement sec.<\/p>\n","protected":false},"excerpt":{"rendered":"<p>CONCHIGLIETTES DE PETIT \u00c9PEAUTRE BIO 250 G* (12\u20ac \/ kg) P\u00e2tes de petit \u00e9peautre biologique, non crois\u00e9 avec du bl\u00e9 (non hybrid\u00e9) * Issu de l&#8217;agriculture biologique &#8211; Origine France Temps de cuisson : 4 \u00e0 5 minutes. Elles sont savoureuses, l\u00e9g\u00e8res et riches en fibres. On peut les d\u00e9guster avec toutes sortes de sauces. [&hellip;]<\/p>\n","protected":false},"featured_media":54868,"comment_status":"open","ping_status":"closed","template":"","meta":{"_acf_changed":false,"_relevanssi_hide_post":"","_relevanssi_hide_content":"","_relevanssi_pin_for_all":"","_relevanssi_pin_keywords":"","_relevanssi_unpin_keywords":"","_relevanssi_related_keywords":"","_relevanssi_related_include_ids":"","_relevanssi_related_exclude_ids":"","_relevanssi_related_no_append":"","_relevanssi_related_not_related":"","_relevanssi_related_posts":"","_relevanssi_noindex_reason":""},"product_brand":[],"product_cat":[52,30,60],"product_tag":[49],"class_list":{"0":"post-931","1":"product","2":"type-product","3":"status-publish","4":"has-post-thumbnail","6":"product_cat-epeautre","7":"product_cat-epeautres-alimentation","8":"product_cat-petit-epeautre","9":"product_tag-produit-bio","11":"first","12":"instock","13":"taxable","14":"shipping-taxable","15":"purchasable","16":"product-type-simple"},"acf":[],"yoast_head":"<!-- This site is optimized with the Yoast SEO plugin v27.4 - https:\/\/yoast.com\/product\/yoast-seo-wordpress\/ -->\n<title>PATES CONCHIGLIETTE VER. PE BIO 250G* - Les Jardins de Sainte-Hildegarde<\/title>\n<meta name=\"robots\" content=\"index, follow, max-snippet:-1, max-image-preview:large, max-video-preview:-1\" \/>\n<link rel=\"canonical\" href=\"https:\/\/www.lesjardinsdesaintehildegarde.com\/es\/espelta-alimentacion\/espelta\/pequena-espelta\/conchigliette-veritable-pe-bio-250g\/\" \/>\n<meta property=\"og:locale\" content=\"es_ES\" \/>\n<meta property=\"og:type\" content=\"article\" \/>\n<meta property=\"og:title\" content=\"PATES CONCHIGLIETTE VER. PE BIO 250G* - Les Jardins de Sainte-Hildegarde\" \/>\n<meta property=\"og:description\" content=\"CONCHIGLIETTES DE PETIT \u00c9PEAUTRE BIO 250 G* (12\u20ac \/ kg) P\u00e2tes de petit \u00e9peautre biologique, non crois\u00e9 avec du bl\u00e9 (non hybrid\u00e9) * Issu de l&#8217;agriculture biologique &#8211; Origine France Temps de cuisson : 4 \u00e0 5 minutes. Elles sont savoureuses, l\u00e9g\u00e8res et riches en fibres. On peut les d\u00e9guster avec toutes sortes de sauces. [&hellip;]\" \/>\n<meta property=\"og:url\" content=\"https:\/\/www.lesjardinsdesaintehildegarde.com\/es\/espelta-alimentacion\/espelta\/pequena-espelta\/conchigliette-veritable-pe-bio-250g\/\" \/>\n<meta property=\"og:site_name\" content=\"Les Jardins de Sainte-Hildegarde\" \/>\n<meta property=\"article:modified_time\" content=\"2026-05-06T21:03:14+00:00\" \/>\n<meta property=\"og:image\" content=\"https:\/\/www.lesjardinsdesaintehildegarde.com\/wp-content\/uploads\/2023\/02\/03036-conchigliettes-veritable-petit-epeautre-engrain-bio-250g.jpg\" \/>\n\t<meta property=\"og:image:width\" content=\"1200\" \/>\n\t<meta property=\"og:image:height\" content=\"1200\" \/>\n\t<meta property=\"og:image:type\" content=\"image\/jpeg\" \/>\n<meta name=\"twitter:card\" content=\"summary_large_image\" \/>\n<meta name=\"twitter:label1\" content=\"Tiempo de lectura\" \/>\n\t<meta name=\"twitter:data1\" content=\"2 minutos\" \/>\n<script type=\"application\/ld+json\" class=\"yoast-schema-graph\">{\"@context\":\"https:\\\/\\\/schema.org\",\"@graph\":[{\"@type\":\"WebPage\",\"@id\":\"https:\\\/\\\/www.lesjardinsdesaintehildegarde.com\\\/es\\\/espelta-alimentacion\\\/espelta\\\/pequena-espelta\\\/conchigliette-veritable-pe-bio-250g\\\/\",\"url\":\"https:\\\/\\\/www.lesjardinsdesaintehildegarde.com\\\/es\\\/espelta-alimentacion\\\/espelta\\\/pequena-espelta\\\/conchigliette-veritable-pe-bio-250g\\\/\",\"name\":\"PATES CONCHIGLIETTE VER. PE BIO 250G* - Les Jardins de Sainte-Hildegarde\",\"isPartOf\":{\"@id\":\"https:\\\/\\\/www.lesjardinsdesaintehildegarde.com\\\/es\\\/#website\"},\"primaryImageOfPage\":{\"@id\":\"https:\\\/\\\/www.lesjardinsdesaintehildegarde.com\\\/es\\\/espelta-alimentacion\\\/espelta\\\/pequena-espelta\\\/conchigliette-veritable-pe-bio-250g\\\/#primaryimage\"},\"image\":{\"@id\":\"https:\\\/\\\/www.lesjardinsdesaintehildegarde.com\\\/es\\\/espelta-alimentacion\\\/espelta\\\/pequena-espelta\\\/conchigliette-veritable-pe-bio-250g\\\/#primaryimage\"},\"thumbnailUrl\":\"https:\\\/\\\/www.lesjardinsdesaintehildegarde.com\\\/wp-content\\\/uploads\\\/2023\\\/02\\\/03036-conchigliettes-veritable-petit-epeautre-engrain-bio-250g.jpg\",\"datePublished\":\"2022-11-04T08:07:12+00:00\",\"dateModified\":\"2026-05-06T21:03:14+00:00\",\"breadcrumb\":{\"@id\":\"https:\\\/\\\/www.lesjardinsdesaintehildegarde.com\\\/es\\\/espelta-alimentacion\\\/espelta\\\/pequena-espelta\\\/conchigliette-veritable-pe-bio-250g\\\/#breadcrumb\"},\"inLanguage\":\"es\",\"potentialAction\":[{\"@type\":\"ReadAction\",\"target\":[\"https:\\\/\\\/www.lesjardinsdesaintehildegarde.com\\\/es\\\/espelta-alimentacion\\\/espelta\\\/pequena-espelta\\\/conchigliette-veritable-pe-bio-250g\\\/\"]}]},{\"@type\":\"ImageObject\",\"inLanguage\":\"es\",\"@id\":\"https:\\\/\\\/www.lesjardinsdesaintehildegarde.com\\\/es\\\/espelta-alimentacion\\\/espelta\\\/pequena-espelta\\\/conchigliette-veritable-pe-bio-250g\\\/#primaryimage\",\"url\":\"https:\\\/\\\/www.lesjardinsdesaintehildegarde.com\\\/wp-content\\\/uploads\\\/2023\\\/02\\\/03036-conchigliettes-veritable-petit-epeautre-engrain-bio-250g.jpg\",\"contentUrl\":\"https:\\\/\\\/www.lesjardinsdesaintehildegarde.com\\\/wp-content\\\/uploads\\\/2023\\\/02\\\/03036-conchigliettes-veritable-petit-epeautre-engrain-bio-250g.jpg\",\"width\":1200,\"height\":1200,\"caption\":\"p\u00e2tes conchigliettes de v\u00e9ritable petit \u00e9peautre (engrain) bio en 250g. Non crois\u00e9 avec du bl\u00e9 (non hybrid\u00e9). Idem Label Hertzka. Triticum Monococcum Origine France. Recommand\u00e9 par sainte Hildegarde de Bingen\"},{\"@type\":\"BreadcrumbList\",\"@id\":\"https:\\\/\\\/www.lesjardinsdesaintehildegarde.com\\\/es\\\/espelta-alimentacion\\\/espelta\\\/pequena-espelta\\\/conchigliette-veritable-pe-bio-250g\\\/#breadcrumb\",\"itemListElement\":[{\"@type\":\"ListItem\",\"position\":1,\"name\":\"Inicio\",\"item\":\"https:\\\/\\\/www.lesjardinsdesaintehildegarde.com\\\/es\\\/\"},{\"@type\":\"ListItem\",\"position\":2,\"name\":\"Productos\",\"item\":\"https:\\\/\\\/www.lesjardinsdesaintehildegarde.com\\\/es\\\/shop\\\/\"},{\"@type\":\"ListItem\",\"position\":3,\"name\":\"PATES CONCHIGLIETTE VER. PE BIO 250G*\"}]},{\"@type\":\"WebSite\",\"@id\":\"https:\\\/\\\/www.lesjardinsdesaintehildegarde.com\\\/es\\\/#website\",\"url\":\"https:\\\/\\\/www.lesjardinsdesaintehildegarde.com\\\/es\\\/\",\"name\":\"Les Jardins de Sainte-Hildegarde\",\"description\":\"Viriditas\",\"publisher\":{\"@id\":\"https:\\\/\\\/www.lesjardinsdesaintehildegarde.com\\\/es\\\/#organization\"},\"potentialAction\":[{\"@type\":\"SearchAction\",\"target\":{\"@type\":\"EntryPoint\",\"urlTemplate\":\"https:\\\/\\\/www.lesjardinsdesaintehildegarde.com\\\/es\\\/?s={search_term_string}\"},\"query-input\":{\"@type\":\"PropertyValueSpecification\",\"valueRequired\":true,\"valueName\":\"search_term_string\"}}],\"inLanguage\":\"es\"},{\"@type\":\"Organization\",\"@id\":\"https:\\\/\\\/www.lesjardinsdesaintehildegarde.com\\\/es\\\/#organization\",\"name\":\"Les Jardins de Sainte-Hildegarde\",\"url\":\"https:\\\/\\\/www.lesjardinsdesaintehildegarde.com\\\/es\\\/\",\"logo\":{\"@type\":\"ImageObject\",\"inLanguage\":\"es\",\"@id\":\"https:\\\/\\\/www.lesjardinsdesaintehildegarde.com\\\/es\\\/#\\\/schema\\\/logo\\\/image\\\/\",\"url\":\"https:\\\/\\\/www.lesjardinsdesaintehildegarde.com\\\/wp-content\\\/uploads\\\/2022\\\/11\\\/logo-2022.png\",\"contentUrl\":\"https:\\\/\\\/www.lesjardinsdesaintehildegarde.com\\\/wp-content\\\/uploads\\\/2022\\\/11\\\/logo-2022.png\",\"width\":365,\"height\":90,\"caption\":\"Les Jardins de Sainte-Hildegarde\"},\"image\":{\"@id\":\"https:\\\/\\\/www.lesjardinsdesaintehildegarde.com\\\/es\\\/#\\\/schema\\\/logo\\\/image\\\/\"}}]}<\/script>\n<!-- \/ Yoast SEO plugin. -->","yoast_head_json":{"title":"PATES CONCHIGLIETTE VER. PE BIO 250G* - Les Jardins de Sainte-Hildegarde","robots":{"index":"index","follow":"follow","max-snippet":"max-snippet:-1","max-image-preview":"max-image-preview:large","max-video-preview":"max-video-preview:-1"},"canonical":"https:\/\/www.lesjardinsdesaintehildegarde.com\/es\/espelta-alimentacion\/espelta\/pequena-espelta\/conchigliette-veritable-pe-bio-250g\/","og_locale":"es_ES","og_type":"article","og_title":"PATES CONCHIGLIETTE VER. PE BIO 250G* - Les Jardins de Sainte-Hildegarde","og_description":"CONCHIGLIETTES DE PETIT \u00c9PEAUTRE BIO 250 G* (12\u20ac \/ kg) P\u00e2tes de petit \u00e9peautre biologique, non crois\u00e9 avec du bl\u00e9 (non hybrid\u00e9) * Issu de l&#8217;agriculture biologique &#8211; Origine France Temps de cuisson : 4 \u00e0 5 minutes. Elles sont savoureuses, l\u00e9g\u00e8res et riches en fibres. On peut les d\u00e9guster avec toutes sortes de sauces. [&hellip;]","og_url":"https:\/\/www.lesjardinsdesaintehildegarde.com\/es\/espelta-alimentacion\/espelta\/pequena-espelta\/conchigliette-veritable-pe-bio-250g\/","og_site_name":"Les Jardins de Sainte-Hildegarde","article_modified_time":"2026-05-06T21:03:14+00:00","og_image":[{"width":1200,"height":1200,"url":"https:\/\/www.lesjardinsdesaintehildegarde.com\/wp-content\/uploads\/2023\/02\/03036-conchigliettes-veritable-petit-epeautre-engrain-bio-250g.jpg","type":"image\/jpeg"}],"twitter_card":"summary_large_image","twitter_misc":{"Tiempo de lectura":"2 minutos"},"schema":{"@context":"https:\/\/schema.org","@graph":[{"@type":"WebPage","@id":"https:\/\/www.lesjardinsdesaintehildegarde.com\/es\/espelta-alimentacion\/espelta\/pequena-espelta\/conchigliette-veritable-pe-bio-250g\/","url":"https:\/\/www.lesjardinsdesaintehildegarde.com\/es\/espelta-alimentacion\/espelta\/pequena-espelta\/conchigliette-veritable-pe-bio-250g\/","name":"PATES CONCHIGLIETTE VER. PE BIO 250G* - Les Jardins de Sainte-Hildegarde","isPartOf":{"@id":"https:\/\/www.lesjardinsdesaintehildegarde.com\/es\/#website"},"primaryImageOfPage":{"@id":"https:\/\/www.lesjardinsdesaintehildegarde.com\/es\/espelta-alimentacion\/espelta\/pequena-espelta\/conchigliette-veritable-pe-bio-250g\/#primaryimage"},"image":{"@id":"https:\/\/www.lesjardinsdesaintehildegarde.com\/es\/espelta-alimentacion\/espelta\/pequena-espelta\/conchigliette-veritable-pe-bio-250g\/#primaryimage"},"thumbnailUrl":"https:\/\/www.lesjardinsdesaintehildegarde.com\/wp-content\/uploads\/2023\/02\/03036-conchigliettes-veritable-petit-epeautre-engrain-bio-250g.jpg","datePublished":"2022-11-04T08:07:12+00:00","dateModified":"2026-05-06T21:03:14+00:00","breadcrumb":{"@id":"https:\/\/www.lesjardinsdesaintehildegarde.com\/es\/espelta-alimentacion\/espelta\/pequena-espelta\/conchigliette-veritable-pe-bio-250g\/#breadcrumb"},"inLanguage":"es","potentialAction":[{"@type":"ReadAction","target":["https:\/\/www.lesjardinsdesaintehildegarde.com\/es\/espelta-alimentacion\/espelta\/pequena-espelta\/conchigliette-veritable-pe-bio-250g\/"]}]},{"@type":"ImageObject","inLanguage":"es","@id":"https:\/\/www.lesjardinsdesaintehildegarde.com\/es\/espelta-alimentacion\/espelta\/pequena-espelta\/conchigliette-veritable-pe-bio-250g\/#primaryimage","url":"https:\/\/www.lesjardinsdesaintehildegarde.com\/wp-content\/uploads\/2023\/02\/03036-conchigliettes-veritable-petit-epeautre-engrain-bio-250g.jpg","contentUrl":"https:\/\/www.lesjardinsdesaintehildegarde.com\/wp-content\/uploads\/2023\/02\/03036-conchigliettes-veritable-petit-epeautre-engrain-bio-250g.jpg","width":1200,"height":1200,"caption":"p\u00e2tes conchigliettes de v\u00e9ritable petit \u00e9peautre (engrain) bio en 250g. Non crois\u00e9 avec du bl\u00e9 (non hybrid\u00e9). Idem Label Hertzka. Triticum Monococcum Origine France. Recommand\u00e9 par sainte Hildegarde de Bingen"},{"@type":"BreadcrumbList","@id":"https:\/\/www.lesjardinsdesaintehildegarde.com\/es\/espelta-alimentacion\/espelta\/pequena-espelta\/conchigliette-veritable-pe-bio-250g\/#breadcrumb","itemListElement":[{"@type":"ListItem","position":1,"name":"Inicio","item":"https:\/\/www.lesjardinsdesaintehildegarde.com\/es\/"},{"@type":"ListItem","position":2,"name":"Productos","item":"https:\/\/www.lesjardinsdesaintehildegarde.com\/es\/shop\/"},{"@type":"ListItem","position":3,"name":"PATES CONCHIGLIETTE VER. PE BIO 250G*"}]},{"@type":"WebSite","@id":"https:\/\/www.lesjardinsdesaintehildegarde.com\/es\/#website","url":"https:\/\/www.lesjardinsdesaintehildegarde.com\/es\/","name":"Les Jardins de Sainte-Hildegarde","description":"Viriditas","publisher":{"@id":"https:\/\/www.lesjardinsdesaintehildegarde.com\/es\/#organization"},"potentialAction":[{"@type":"SearchAction","target":{"@type":"EntryPoint","urlTemplate":"https:\/\/www.lesjardinsdesaintehildegarde.com\/es\/?s={search_term_string}"},"query-input":{"@type":"PropertyValueSpecification","valueRequired":true,"valueName":"search_term_string"}}],"inLanguage":"es"},{"@type":"Organization","@id":"https:\/\/www.lesjardinsdesaintehildegarde.com\/es\/#organization","name":"Les Jardins de Sainte-Hildegarde","url":"https:\/\/www.lesjardinsdesaintehildegarde.com\/es\/","logo":{"@type":"ImageObject","inLanguage":"es","@id":"https:\/\/www.lesjardinsdesaintehildegarde.com\/es\/#\/schema\/logo\/image\/","url":"https:\/\/www.lesjardinsdesaintehildegarde.com\/wp-content\/uploads\/2022\/11\/logo-2022.png","contentUrl":"https:\/\/www.lesjardinsdesaintehildegarde.com\/wp-content\/uploads\/2022\/11\/logo-2022.png","width":365,"height":90,"caption":"Les Jardins de Sainte-Hildegarde"},"image":{"@id":"https:\/\/www.lesjardinsdesaintehildegarde.com\/es\/#\/schema\/logo\/image\/"}}]}},"_links":{"self":[{"href":"https:\/\/www.lesjardinsdesaintehildegarde.com\/es\/wp-json\/wp\/v2\/product\/931","targetHints":{"allow":["GET"]}}],"collection":[{"href":"https:\/\/www.lesjardinsdesaintehildegarde.com\/es\/wp-json\/wp\/v2\/product"}],"about":[{"href":"https:\/\/www.lesjardinsdesaintehildegarde.com\/es\/wp-json\/wp\/v2\/types\/product"}],"replies":[{"embeddable":true,"href":"https:\/\/www.lesjardinsdesaintehildegarde.com\/es\/wp-json\/wp\/v2\/comments?post=931"}],"wp:featuredmedia":[{"embeddable":true,"href":"https:\/\/www.lesjardinsdesaintehildegarde.com\/es\/wp-json\/wp\/v2\/media\/54868"}],"wp:attachment":[{"href":"https:\/\/www.lesjardinsdesaintehildegarde.com\/es\/wp-json\/wp\/v2\/media?parent=931"}],"wp:term":[{"taxonomy":"product_brand","embeddable":true,"href":"https:\/\/www.lesjardinsdesaintehildegarde.com\/es\/wp-json\/wp\/v2\/product_brand?post=931"},{"taxonomy":"product_cat","embeddable":true,"href":"https:\/\/www.lesjardinsdesaintehildegarde.com\/es\/wp-json\/wp\/v2\/product_cat?post=931"},{"taxonomy":"product_tag","embeddable":true,"href":"https:\/\/www.lesjardinsdesaintehildegarde.com\/es\/wp-json\/wp\/v2\/product_tag?post=931"}],"curies":[{"name":"wp","href":"https:\/\/api.w.org\/{rel}","templated":true}]}}