{"id":943,"date":"2022-11-04T09:07:14","date_gmt":"2022-11-04T08:07:14","guid":{"rendered":"https:\/\/www.lesjardinsdesaintehildegarde.com\/non%20class\u00e9\/farine-t80-pe-bio-non-croise-20kg\/"},"modified":"2026-04-17T23:02:06","modified_gmt":"2026-04-17T21:02:06","slug":"farine-t80-pe-bio-non-croise-20kg","status":"publish","type":"product","link":"https:\/\/www.lesjardinsdesaintehildegarde.com\/es\/espelta-alimentacion\/espelta\/pequena-espelta\/farine-t80-pe-bio-non-croise-20kg\/","title":{"rendered":"FARINE T80 PE BIO NON CROISE 20KG*"},"content":{"rendered":"<p>FARINE T80* PETIT EPEAUTRE BIO 20 KG (5.75\u20ac \/ kg)<\/p>\n<p>Non hybrid\u00e9 &#8211; triticum monococcum<\/p>\n<p>* issu de l&#8217;agriculture biologique &#8211; Origine France<\/p>\n<p>Cet anc\u00eatre du bl\u00e9 moderne est une tr\u00e8s ancienne c\u00e9r\u00e9ale (+ de 10 000 ans). R\u00e9ellement pur, le v\u00e9ritable petit \u00e9peautre est tr\u00e8s digeste, tr\u00e8s riche en oligo-\u00e9l\u00e9ments, c&#8217;est la c\u00e9r\u00e9ale par excellence, conseill\u00e9e comme base essentielle d&#8217;une bonne alimentation par Sainte Hildegarde de Bingen (12\u00e8me si\u00e8cle).<\/p>\n<p>La farine T80 est une farine tamis\u00e9e. Une partie du son (\u00e9corce du grain)  a \u00e9t\u00e9 enlev\u00e9e.<\/p>\n<p>Conseils d&#8217;utilisation : <\/p>\n<p>Cette farine est id\u00e9ale pour faire du pain, des biscuits, etc&#8230;<\/p>\n<p>Conservation A conserver \u00e0 8\u00b0C maxi, \u00e0 l\u2019abri de la lumi\u00e8re et de l\u2019humidit\u00e9<\/p>\n<p>Valeurs nutritionnelles pour 100g :<\/p>\n<p>Energie : 1518 kJ \/ 358 kcal<\/p>\n<p>Lipides 1,6g dont acides gras satur\u00e9s &lt;0,5g<\/p>\n<p>Glucides 73,4g donc sucres 1,3g<\/p>\n<p>Prot\u00e9ines 12,4g <\/p>\n<p>Fibres 4,8g <\/p>\n<p>Sel &lt; 0,1g<\/p>\n<p>Photo(s) non contractuelles:<\/p>\n<p>L&#8217;origine naturelle de ce produit ne nous permet pas de vous garantir un aspect strictement identique d &#8216;un lot \u00e0 l&#8217;autre.<\/p>\n<p>En effet, de sensibles variations de couleurs, d&#8217;aspect, de texture, de go\u00fbt, de coupe, peuvent intervenir selon la zone g\u00e9ographique de culture, selon le climat, et selon les diff\u00e9rentes \u00e9tapes qui succ\u00e8dent \u00e0 la r\u00e9colte.<\/p>\n","protected":false},"excerpt":{"rendered":"<p>FARINE T80* PETIT EPEAUTRE BIO 20 KG (5.75\u20ac \/ kg) Non hybrid\u00e9 &#8211; triticum monococcum * issu de l&#8217;agriculture biologique &#8211; Origine France Cet anc\u00eatre du bl\u00e9 moderne est une tr\u00e8s ancienne c\u00e9r\u00e9ale (+ de 10 000 ans). R\u00e9ellement pur, le v\u00e9ritable petit \u00e9peautre est tr\u00e8s digeste, tr\u00e8s riche en oligo-\u00e9l\u00e9ments, c&#8217;est la c\u00e9r\u00e9ale par [&hellip;]<\/p>\n","protected":false},"featured_media":54934,"comment_status":"open","ping_status":"closed","template":"","meta":{"_acf_changed":false,"_relevanssi_hide_post":"","_relevanssi_hide_content":"","_relevanssi_pin_for_all":"","_relevanssi_pin_keywords":"","_relevanssi_unpin_keywords":"","_relevanssi_related_keywords":"","_relevanssi_related_include_ids":"","_relevanssi_related_exclude_ids":"","_relevanssi_related_no_append":"","_relevanssi_related_not_related":"","_relevanssi_related_posts":"","_relevanssi_noindex_reason":""},"product_brand":[],"product_cat":[52,30,60],"product_tag":[49],"class_list":{"0":"post-943","1":"product","2":"type-product","3":"status-publish","4":"has-post-thumbnail","6":"product_cat-epeautre","7":"product_cat-epeautres-alimentation","8":"product_cat-petit-epeautre","9":"product_tag-produit-bio","11":"first","12":"instock","13":"taxable","14":"shipping-taxable","15":"purchasable","16":"product-type-simple"},"acf":[],"yoast_head":"<!-- This site is optimized with the Yoast SEO plugin v27.2 - https:\/\/yoast.com\/product\/yoast-seo-wordpress\/ -->\n<title>FARINE T80 PE BIO NON CROISE 20KG* - Les Jardins de Sainte-Hildegarde<\/title>\n<meta name=\"robots\" content=\"index, follow, max-snippet:-1, max-image-preview:large, max-video-preview:-1\" \/>\n<link rel=\"canonical\" href=\"https:\/\/www.lesjardinsdesaintehildegarde.com\/es\/espelta-alimentacion\/espelta\/pequena-espelta\/farine-t80-pe-bio-non-croise-20kg\/\" \/>\n<meta property=\"og:locale\" content=\"es_ES\" \/>\n<meta property=\"og:type\" content=\"article\" \/>\n<meta property=\"og:title\" content=\"FARINE T80 PE BIO NON CROISE 20KG* - Les Jardins de Sainte-Hildegarde\" \/>\n<meta property=\"og:description\" content=\"FARINE T80* PETIT EPEAUTRE BIO 20 KG (5.75\u20ac \/ kg) Non hybrid\u00e9 &#8211; triticum monococcum * issu de l&#8217;agriculture biologique &#8211; Origine France Cet anc\u00eatre du bl\u00e9 moderne est une tr\u00e8s ancienne c\u00e9r\u00e9ale (+ de 10 000 ans). R\u00e9ellement pur, le v\u00e9ritable petit \u00e9peautre est tr\u00e8s digeste, tr\u00e8s riche en oligo-\u00e9l\u00e9ments, c&#8217;est la c\u00e9r\u00e9ale par [&hellip;]\" \/>\n<meta property=\"og:url\" content=\"https:\/\/www.lesjardinsdesaintehildegarde.com\/es\/espelta-alimentacion\/espelta\/pequena-espelta\/farine-t80-pe-bio-non-croise-20kg\/\" \/>\n<meta property=\"og:site_name\" content=\"Les Jardins de Sainte-Hildegarde\" \/>\n<meta property=\"article:modified_time\" content=\"2026-04-17T21:02:06+00:00\" \/>\n<meta property=\"og:image\" content=\"https:\/\/www.lesjardinsdesaintehildegarde.com\/wp-content\/uploads\/2023\/02\/0333b-farine-t80-semi-complete-veritable-petit-epeautre-engrain-bio-20kg.jpg\" \/>\n\t<meta property=\"og:image:width\" content=\"1200\" \/>\n\t<meta property=\"og:image:height\" content=\"1200\" \/>\n\t<meta property=\"og:image:type\" content=\"image\/jpeg\" \/>\n<meta name=\"twitter:card\" content=\"summary_large_image\" \/>\n<meta name=\"twitter:label1\" content=\"Tiempo de lectura\" \/>\n\t<meta name=\"twitter:data1\" content=\"2 minutos\" \/>\n<script type=\"application\/ld+json\" class=\"yoast-schema-graph\">{\"@context\":\"https:\/\/schema.org\",\"@graph\":[{\"@type\":\"WebPage\",\"@id\":\"https:\/\/www.lesjardinsdesaintehildegarde.com\/es\/espelta-alimentacion\/espelta\/pequena-espelta\/farine-t80-pe-bio-non-croise-20kg\/\",\"url\":\"https:\/\/www.lesjardinsdesaintehildegarde.com\/es\/espelta-alimentacion\/espelta\/pequena-espelta\/farine-t80-pe-bio-non-croise-20kg\/\",\"name\":\"FARINE T80 PE BIO NON CROISE 20KG* - Les Jardins de Sainte-Hildegarde\",\"isPartOf\":{\"@id\":\"https:\/\/www.lesjardinsdesaintehildegarde.com\/es\/#website\"},\"primaryImageOfPage\":{\"@id\":\"https:\/\/www.lesjardinsdesaintehildegarde.com\/es\/espelta-alimentacion\/espelta\/pequena-espelta\/farine-t80-pe-bio-non-croise-20kg\/#primaryimage\"},\"image\":{\"@id\":\"https:\/\/www.lesjardinsdesaintehildegarde.com\/es\/espelta-alimentacion\/espelta\/pequena-espelta\/farine-t80-pe-bio-non-croise-20kg\/#primaryimage\"},\"thumbnailUrl\":\"https:\/\/www.lesjardinsdesaintehildegarde.com\/wp-content\/uploads\/2023\/02\/0333b-farine-t80-semi-complete-veritable-petit-epeautre-engrain-bio-20kg.jpg\",\"datePublished\":\"2022-11-04T08:07:14+00:00\",\"dateModified\":\"2026-04-17T21:02:06+00:00\",\"breadcrumb\":{\"@id\":\"https:\/\/www.lesjardinsdesaintehildegarde.com\/es\/espelta-alimentacion\/espelta\/pequena-espelta\/farine-t80-pe-bio-non-croise-20kg\/#breadcrumb\"},\"inLanguage\":\"es\",\"potentialAction\":[{\"@type\":\"ReadAction\",\"target\":[\"https:\/\/www.lesjardinsdesaintehildegarde.com\/es\/espelta-alimentacion\/espelta\/pequena-espelta\/farine-t80-pe-bio-non-croise-20kg\/\"]}]},{\"@type\":\"ImageObject\",\"inLanguage\":\"es\",\"@id\":\"https:\/\/www.lesjardinsdesaintehildegarde.com\/es\/espelta-alimentacion\/espelta\/pequena-espelta\/farine-t80-pe-bio-non-croise-20kg\/#primaryimage\",\"url\":\"https:\/\/www.lesjardinsdesaintehildegarde.com\/wp-content\/uploads\/2023\/02\/0333b-farine-t80-semi-complete-veritable-petit-epeautre-engrain-bio-20kg.jpg\",\"contentUrl\":\"https:\/\/www.lesjardinsdesaintehildegarde.com\/wp-content\/uploads\/2023\/02\/0333b-farine-t80-semi-complete-veritable-petit-epeautre-engrain-bio-20kg.jpg\",\"width\":1200,\"height\":1200,\"caption\":\"Farine T80 semi-compl\u00e8te de v\u00e9ritable petit \u00e9peautre bio (engrain) et non hybrid\u00e9, paquet de 20 kg. Non crois\u00e9 avec du bl\u00e9 (non hybrid\u00e9). Idem Label Hertzka. Triticum Monococcum Origine France. Recommand\u00e9 par sainte Hildegarde de Bingen\"},{\"@type\":\"BreadcrumbList\",\"@id\":\"https:\/\/www.lesjardinsdesaintehildegarde.com\/es\/espelta-alimentacion\/espelta\/pequena-espelta\/farine-t80-pe-bio-non-croise-20kg\/#breadcrumb\",\"itemListElement\":[{\"@type\":\"ListItem\",\"position\":1,\"name\":\"Inicio\",\"item\":\"https:\/\/www.lesjardinsdesaintehildegarde.com\/es\/\"},{\"@type\":\"ListItem\",\"position\":2,\"name\":\"Productos\",\"item\":\"https:\/\/www.lesjardinsdesaintehildegarde.com\/es\/shop\/\"},{\"@type\":\"ListItem\",\"position\":3,\"name\":\"FARINE T80 PE BIO NON CROISE 20KG*\"}]},{\"@type\":\"WebSite\",\"@id\":\"https:\/\/www.lesjardinsdesaintehildegarde.com\/es\/#website\",\"url\":\"https:\/\/www.lesjardinsdesaintehildegarde.com\/es\/\",\"name\":\"Les Jardins de Sainte-Hildegarde\",\"description\":\"Viriditas\",\"publisher\":{\"@id\":\"https:\/\/www.lesjardinsdesaintehildegarde.com\/es\/#organization\"},\"potentialAction\":[{\"@type\":\"SearchAction\",\"target\":{\"@type\":\"EntryPoint\",\"urlTemplate\":\"https:\/\/www.lesjardinsdesaintehildegarde.com\/es\/?s={search_term_string}\"},\"query-input\":{\"@type\":\"PropertyValueSpecification\",\"valueRequired\":true,\"valueName\":\"search_term_string\"}}],\"inLanguage\":\"es\"},{\"@type\":\"Organization\",\"@id\":\"https:\/\/www.lesjardinsdesaintehildegarde.com\/es\/#organization\",\"name\":\"Les Jardins de Sainte-Hildegarde\",\"url\":\"https:\/\/www.lesjardinsdesaintehildegarde.com\/es\/\",\"logo\":{\"@type\":\"ImageObject\",\"inLanguage\":\"es\",\"@id\":\"https:\/\/www.lesjardinsdesaintehildegarde.com\/es\/#\/schema\/logo\/image\/\",\"url\":\"https:\/\/www.lesjardinsdesaintehildegarde.com\/wp-content\/uploads\/2022\/11\/logo-2022.png\",\"contentUrl\":\"https:\/\/www.lesjardinsdesaintehildegarde.com\/wp-content\/uploads\/2022\/11\/logo-2022.png\",\"width\":365,\"height\":90,\"caption\":\"Les Jardins de Sainte-Hildegarde\"},\"image\":{\"@id\":\"https:\/\/www.lesjardinsdesaintehildegarde.com\/es\/#\/schema\/logo\/image\/\"}}]}<\/script>\n<!-- \/ Yoast SEO plugin. -->","yoast_head_json":{"title":"FARINE T80 PE BIO NON CROISE 20KG* - Les Jardins de Sainte-Hildegarde","robots":{"index":"index","follow":"follow","max-snippet":"max-snippet:-1","max-image-preview":"max-image-preview:large","max-video-preview":"max-video-preview:-1"},"canonical":"https:\/\/www.lesjardinsdesaintehildegarde.com\/es\/espelta-alimentacion\/espelta\/pequena-espelta\/farine-t80-pe-bio-non-croise-20kg\/","og_locale":"es_ES","og_type":"article","og_title":"FARINE T80 PE BIO NON CROISE 20KG* - Les Jardins de Sainte-Hildegarde","og_description":"FARINE T80* PETIT EPEAUTRE BIO 20 KG (5.75\u20ac \/ kg) Non hybrid\u00e9 &#8211; triticum monococcum * issu de l&#8217;agriculture biologique &#8211; Origine France Cet anc\u00eatre du bl\u00e9 moderne est une tr\u00e8s ancienne c\u00e9r\u00e9ale (+ de 10 000 ans). R\u00e9ellement pur, le v\u00e9ritable petit \u00e9peautre est tr\u00e8s digeste, tr\u00e8s riche en oligo-\u00e9l\u00e9ments, c&#8217;est la c\u00e9r\u00e9ale par [&hellip;]","og_url":"https:\/\/www.lesjardinsdesaintehildegarde.com\/es\/espelta-alimentacion\/espelta\/pequena-espelta\/farine-t80-pe-bio-non-croise-20kg\/","og_site_name":"Les Jardins de Sainte-Hildegarde","article_modified_time":"2026-04-17T21:02:06+00:00","og_image":[{"width":1200,"height":1200,"url":"https:\/\/www.lesjardinsdesaintehildegarde.com\/wp-content\/uploads\/2023\/02\/0333b-farine-t80-semi-complete-veritable-petit-epeautre-engrain-bio-20kg.jpg","type":"image\/jpeg"}],"twitter_card":"summary_large_image","twitter_misc":{"Tiempo de lectura":"2 minutos"},"schema":{"@context":"https:\/\/schema.org","@graph":[{"@type":"WebPage","@id":"https:\/\/www.lesjardinsdesaintehildegarde.com\/es\/espelta-alimentacion\/espelta\/pequena-espelta\/farine-t80-pe-bio-non-croise-20kg\/","url":"https:\/\/www.lesjardinsdesaintehildegarde.com\/es\/espelta-alimentacion\/espelta\/pequena-espelta\/farine-t80-pe-bio-non-croise-20kg\/","name":"FARINE T80 PE BIO NON CROISE 20KG* - Les Jardins de Sainte-Hildegarde","isPartOf":{"@id":"https:\/\/www.lesjardinsdesaintehildegarde.com\/es\/#website"},"primaryImageOfPage":{"@id":"https:\/\/www.lesjardinsdesaintehildegarde.com\/es\/espelta-alimentacion\/espelta\/pequena-espelta\/farine-t80-pe-bio-non-croise-20kg\/#primaryimage"},"image":{"@id":"https:\/\/www.lesjardinsdesaintehildegarde.com\/es\/espelta-alimentacion\/espelta\/pequena-espelta\/farine-t80-pe-bio-non-croise-20kg\/#primaryimage"},"thumbnailUrl":"https:\/\/www.lesjardinsdesaintehildegarde.com\/wp-content\/uploads\/2023\/02\/0333b-farine-t80-semi-complete-veritable-petit-epeautre-engrain-bio-20kg.jpg","datePublished":"2022-11-04T08:07:14+00:00","dateModified":"2026-04-17T21:02:06+00:00","breadcrumb":{"@id":"https:\/\/www.lesjardinsdesaintehildegarde.com\/es\/espelta-alimentacion\/espelta\/pequena-espelta\/farine-t80-pe-bio-non-croise-20kg\/#breadcrumb"},"inLanguage":"es","potentialAction":[{"@type":"ReadAction","target":["https:\/\/www.lesjardinsdesaintehildegarde.com\/es\/espelta-alimentacion\/espelta\/pequena-espelta\/farine-t80-pe-bio-non-croise-20kg\/"]}]},{"@type":"ImageObject","inLanguage":"es","@id":"https:\/\/www.lesjardinsdesaintehildegarde.com\/es\/espelta-alimentacion\/espelta\/pequena-espelta\/farine-t80-pe-bio-non-croise-20kg\/#primaryimage","url":"https:\/\/www.lesjardinsdesaintehildegarde.com\/wp-content\/uploads\/2023\/02\/0333b-farine-t80-semi-complete-veritable-petit-epeautre-engrain-bio-20kg.jpg","contentUrl":"https:\/\/www.lesjardinsdesaintehildegarde.com\/wp-content\/uploads\/2023\/02\/0333b-farine-t80-semi-complete-veritable-petit-epeautre-engrain-bio-20kg.jpg","width":1200,"height":1200,"caption":"Farine T80 semi-compl\u00e8te de v\u00e9ritable petit \u00e9peautre bio (engrain) et non hybrid\u00e9, paquet de 20 kg. Non crois\u00e9 avec du bl\u00e9 (non hybrid\u00e9). Idem Label Hertzka. Triticum Monococcum Origine France. Recommand\u00e9 par sainte Hildegarde de Bingen"},{"@type":"BreadcrumbList","@id":"https:\/\/www.lesjardinsdesaintehildegarde.com\/es\/espelta-alimentacion\/espelta\/pequena-espelta\/farine-t80-pe-bio-non-croise-20kg\/#breadcrumb","itemListElement":[{"@type":"ListItem","position":1,"name":"Inicio","item":"https:\/\/www.lesjardinsdesaintehildegarde.com\/es\/"},{"@type":"ListItem","position":2,"name":"Productos","item":"https:\/\/www.lesjardinsdesaintehildegarde.com\/es\/shop\/"},{"@type":"ListItem","position":3,"name":"FARINE T80 PE BIO NON CROISE 20KG*"}]},{"@type":"WebSite","@id":"https:\/\/www.lesjardinsdesaintehildegarde.com\/es\/#website","url":"https:\/\/www.lesjardinsdesaintehildegarde.com\/es\/","name":"Les Jardins de Sainte-Hildegarde","description":"Viriditas","publisher":{"@id":"https:\/\/www.lesjardinsdesaintehildegarde.com\/es\/#organization"},"potentialAction":[{"@type":"SearchAction","target":{"@type":"EntryPoint","urlTemplate":"https:\/\/www.lesjardinsdesaintehildegarde.com\/es\/?s={search_term_string}"},"query-input":{"@type":"PropertyValueSpecification","valueRequired":true,"valueName":"search_term_string"}}],"inLanguage":"es"},{"@type":"Organization","@id":"https:\/\/www.lesjardinsdesaintehildegarde.com\/es\/#organization","name":"Les Jardins de Sainte-Hildegarde","url":"https:\/\/www.lesjardinsdesaintehildegarde.com\/es\/","logo":{"@type":"ImageObject","inLanguage":"es","@id":"https:\/\/www.lesjardinsdesaintehildegarde.com\/es\/#\/schema\/logo\/image\/","url":"https:\/\/www.lesjardinsdesaintehildegarde.com\/wp-content\/uploads\/2022\/11\/logo-2022.png","contentUrl":"https:\/\/www.lesjardinsdesaintehildegarde.com\/wp-content\/uploads\/2022\/11\/logo-2022.png","width":365,"height":90,"caption":"Les Jardins de Sainte-Hildegarde"},"image":{"@id":"https:\/\/www.lesjardinsdesaintehildegarde.com\/es\/#\/schema\/logo\/image\/"}}]}},"_links":{"self":[{"href":"https:\/\/www.lesjardinsdesaintehildegarde.com\/es\/wp-json\/wp\/v2\/product\/943","targetHints":{"allow":["GET"]}}],"collection":[{"href":"https:\/\/www.lesjardinsdesaintehildegarde.com\/es\/wp-json\/wp\/v2\/product"}],"about":[{"href":"https:\/\/www.lesjardinsdesaintehildegarde.com\/es\/wp-json\/wp\/v2\/types\/product"}],"replies":[{"embeddable":true,"href":"https:\/\/www.lesjardinsdesaintehildegarde.com\/es\/wp-json\/wp\/v2\/comments?post=943"}],"wp:featuredmedia":[{"embeddable":true,"href":"https:\/\/www.lesjardinsdesaintehildegarde.com\/es\/wp-json\/wp\/v2\/media\/54934"}],"wp:attachment":[{"href":"https:\/\/www.lesjardinsdesaintehildegarde.com\/es\/wp-json\/wp\/v2\/media?parent=943"}],"wp:term":[{"taxonomy":"product_brand","embeddable":true,"href":"https:\/\/www.lesjardinsdesaintehildegarde.com\/es\/wp-json\/wp\/v2\/product_brand?post=943"},{"taxonomy":"product_cat","embeddable":true,"href":"https:\/\/www.lesjardinsdesaintehildegarde.com\/es\/wp-json\/wp\/v2\/product_cat?post=943"},{"taxonomy":"product_tag","embeddable":true,"href":"https:\/\/www.lesjardinsdesaintehildegarde.com\/es\/wp-json\/wp\/v2\/product_tag?post=943"}],"curies":[{"name":"wp","href":"https:\/\/api.w.org\/{rel}","templated":true}]}}