{"id":960,"date":"2022-11-04T09:07:17","date_gmt":"2022-11-04T08:07:17","guid":{"rendered":"https:\/\/www.lesjardinsdesaintehildegarde.com\/non%20class\u00e9\/confiture-chataigne-orange-bio-360g\/"},"modified":"2026-04-29T23:02:06","modified_gmt":"2026-04-29T21:02:06","slug":"confiture-chataigne-orange-bio-360g","status":"publish","type":"product","link":"https:\/\/www.lesjardinsdesaintehildegarde.com\/es\/espelta-alimentacion\/frutos-y-preparaciones-a-base-de-frutos\/confiture-chataigne-orange-bio-360g\/","title":{"rendered":"CONFITURE CHATAIGNE-ORANGE BIO 360G*"},"content":{"rendered":"<p>CONFITURE DE CH\u00c2TAIGNE A L&#8217;ORANGE BIO 370G*  (23.05\u20ac \/ kg)<\/p>\n<p>Fabrication artisanale<\/p>\n<p>* Issu de l&#8217;agriculture biologique<\/p>\n<p>Ingr\u00e9dients :<\/p>\n<p>Ch\u00e2taignes Bio, sucre de canne Bio, zeste d&#8217;orange bio 3%<\/p>\n<p>Pr\u00e9par\u00e9e avec 58 g de fruits pour 100g.<\/p>\n<p>Teneur totale en sucre : 56 g pour 100g. <\/p>\n<p>Valeurs nutritionnelles pour 100g : <\/p>\n<p>Energie : 1037 kJ \/ 244 kcal<\/p>\n<p>Lipides 0.8g dont acides gras satur\u00e9s 0.2g<\/p>\n<p>Glucides 57.9g dont sucres 47.9g<\/p>\n<p>Prot\u00e9ines 1.2g<\/p>\n<p>Sel 0.03g<\/p>\n<p>Se r\u00e9f\u00e9rer aux \u00e9crits de Sainte Hildegarde de Bingen.<\/p>\n<p>Photo(s) non contractuelles:<\/p>\n<p>L&#8217;origine naturelle de ce produit ne nous permet pas de vous garantir un aspect strictement identique d &#8216;un lot \u00e0 l&#8217;autre.<\/p>\n<p>En effet, de sensibles variations de couleurs, d&#8217;aspect, de texture, de go\u00fbt, de coupe, peuvent intervenir selon la zone g\u00e9ographique de culture, selon le climat, et selon les diff\u00e9rentes \u00e9tapes qui succ\u00e8dent \u00e0 la r\u00e9colte.<\/p>\n","protected":false},"excerpt":{"rendered":"<p>CONFITURE DE CH\u00c2TAIGNE A L&#8217;ORANGE BIO 370G* (23.05\u20ac \/ kg) Fabrication artisanale * Issu de l&#8217;agriculture biologique Ingr\u00e9dients : Ch\u00e2taignes Bio, sucre de canne Bio, zeste d&#8217;orange bio 3% Pr\u00e9par\u00e9e avec 58 g de fruits pour 100g. Teneur totale en sucre : 56 g pour 100g. Valeurs nutritionnelles pour 100g : Energie : 1037 kJ [&hellip;]<\/p>\n","protected":false},"featured_media":66837,"comment_status":"open","ping_status":"closed","template":"","meta":{"_acf_changed":false,"_relevanssi_hide_post":"","_relevanssi_hide_content":"","_relevanssi_pin_for_all":"","_relevanssi_pin_keywords":"","_relevanssi_unpin_keywords":"","_relevanssi_related_keywords":"","_relevanssi_related_include_ids":"","_relevanssi_related_exclude_ids":"","_relevanssi_related_no_append":"","_relevanssi_related_not_related":"","_relevanssi_related_posts":"","_relevanssi_noindex_reason":""},"product_brand":[],"product_cat":[30,55],"product_tag":[49],"class_list":{"0":"post-960","1":"product","2":"type-product","3":"status-publish","4":"has-post-thumbnail","6":"product_cat-epeautres-alimentation","7":"product_cat-fruits-et-preparations-a-base-de-fruits","8":"product_tag-produit-bio","10":"first","11":"instock","12":"taxable","13":"shipping-taxable","14":"purchasable","15":"product-type-simple"},"acf":[],"yoast_head":"<!-- This site is optimized with the Yoast SEO plugin v27.4 - https:\/\/yoast.com\/product\/yoast-seo-wordpress\/ -->\n<title>CONFITURE CHATAIGNE-ORANGE BIO 360G* - Les Jardins de Sainte-Hildegarde<\/title>\n<meta name=\"robots\" content=\"index, follow, max-snippet:-1, max-image-preview:large, max-video-preview:-1\" \/>\n<link rel=\"canonical\" href=\"https:\/\/www.lesjardinsdesaintehildegarde.com\/es\/espelta-alimentacion\/frutos-y-preparaciones-a-base-de-frutos\/confiture-chataigne-orange-bio-360g\/\" \/>\n<meta property=\"og:locale\" content=\"es_ES\" \/>\n<meta property=\"og:type\" content=\"article\" \/>\n<meta property=\"og:title\" content=\"CONFITURE CHATAIGNE-ORANGE BIO 360G* - Les Jardins de Sainte-Hildegarde\" \/>\n<meta property=\"og:description\" content=\"CONFITURE DE CH\u00c2TAIGNE A L&#8217;ORANGE BIO 370G* (23.05\u20ac \/ kg) Fabrication artisanale * Issu de l&#8217;agriculture biologique Ingr\u00e9dients : Ch\u00e2taignes Bio, sucre de canne Bio, zeste d&#8217;orange bio 3% Pr\u00e9par\u00e9e avec 58 g de fruits pour 100g. Teneur totale en sucre : 56 g pour 100g. Valeurs nutritionnelles pour 100g : Energie : 1037 kJ [&hellip;]\" \/>\n<meta property=\"og:url\" content=\"https:\/\/www.lesjardinsdesaintehildegarde.com\/es\/espelta-alimentacion\/frutos-y-preparaciones-a-base-de-frutos\/confiture-chataigne-orange-bio-360g\/\" \/>\n<meta property=\"og:site_name\" content=\"Les Jardins de Sainte-Hildegarde\" \/>\n<meta property=\"article:modified_time\" content=\"2026-04-29T21:02:06+00:00\" \/>\n<meta property=\"og:image\" content=\"https:\/\/www.lesjardinsdesaintehildegarde.com\/wp-content\/uploads\/2023\/07\/15072-confiture-chataigne-orange-bio.jpg\" \/>\n\t<meta property=\"og:image:width\" content=\"1200\" \/>\n\t<meta property=\"og:image:height\" content=\"1200\" \/>\n\t<meta property=\"og:image:type\" content=\"image\/jpeg\" \/>\n<meta name=\"twitter:card\" content=\"summary_large_image\" \/>\n<meta name=\"twitter:label1\" content=\"Tiempo de lectura\" \/>\n\t<meta name=\"twitter:data1\" content=\"1 minuto\" \/>\n<script type=\"application\/ld+json\" class=\"yoast-schema-graph\">{\"@context\":\"https:\\\/\\\/schema.org\",\"@graph\":[{\"@type\":\"WebPage\",\"@id\":\"https:\\\/\\\/www.lesjardinsdesaintehildegarde.com\\\/es\\\/espelta-alimentacion\\\/frutos-y-preparaciones-a-base-de-frutos\\\/confiture-chataigne-orange-bio-360g\\\/\",\"url\":\"https:\\\/\\\/www.lesjardinsdesaintehildegarde.com\\\/es\\\/espelta-alimentacion\\\/frutos-y-preparaciones-a-base-de-frutos\\\/confiture-chataigne-orange-bio-360g\\\/\",\"name\":\"CONFITURE CHATAIGNE-ORANGE BIO 360G* - Les Jardins de Sainte-Hildegarde\",\"isPartOf\":{\"@id\":\"https:\\\/\\\/www.lesjardinsdesaintehildegarde.com\\\/es\\\/#website\"},\"primaryImageOfPage\":{\"@id\":\"https:\\\/\\\/www.lesjardinsdesaintehildegarde.com\\\/es\\\/espelta-alimentacion\\\/frutos-y-preparaciones-a-base-de-frutos\\\/confiture-chataigne-orange-bio-360g\\\/#primaryimage\"},\"image\":{\"@id\":\"https:\\\/\\\/www.lesjardinsdesaintehildegarde.com\\\/es\\\/espelta-alimentacion\\\/frutos-y-preparaciones-a-base-de-frutos\\\/confiture-chataigne-orange-bio-360g\\\/#primaryimage\"},\"thumbnailUrl\":\"https:\\\/\\\/www.lesjardinsdesaintehildegarde.com\\\/wp-content\\\/uploads\\\/2023\\\/07\\\/15072-confiture-chataigne-orange-bio.jpg\",\"datePublished\":\"2022-11-04T08:07:17+00:00\",\"dateModified\":\"2026-04-29T21:02:06+00:00\",\"breadcrumb\":{\"@id\":\"https:\\\/\\\/www.lesjardinsdesaintehildegarde.com\\\/es\\\/espelta-alimentacion\\\/frutos-y-preparaciones-a-base-de-frutos\\\/confiture-chataigne-orange-bio-360g\\\/#breadcrumb\"},\"inLanguage\":\"es\",\"potentialAction\":[{\"@type\":\"ReadAction\",\"target\":[\"https:\\\/\\\/www.lesjardinsdesaintehildegarde.com\\\/es\\\/espelta-alimentacion\\\/frutos-y-preparaciones-a-base-de-frutos\\\/confiture-chataigne-orange-bio-360g\\\/\"]}]},{\"@type\":\"ImageObject\",\"inLanguage\":\"es\",\"@id\":\"https:\\\/\\\/www.lesjardinsdesaintehildegarde.com\\\/es\\\/espelta-alimentacion\\\/frutos-y-preparaciones-a-base-de-frutos\\\/confiture-chataigne-orange-bio-360g\\\/#primaryimage\",\"url\":\"https:\\\/\\\/www.lesjardinsdesaintehildegarde.com\\\/wp-content\\\/uploads\\\/2023\\\/07\\\/15072-confiture-chataigne-orange-bio.jpg\",\"contentUrl\":\"https:\\\/\\\/www.lesjardinsdesaintehildegarde.com\\\/wp-content\\\/uploads\\\/2023\\\/07\\\/15072-confiture-chataigne-orange-bio.jpg\",\"width\":1200,\"height\":1200,\"caption\":\"Confiture ch\u00e2taigne-orange Bio, pot de 360g net\"},{\"@type\":\"BreadcrumbList\",\"@id\":\"https:\\\/\\\/www.lesjardinsdesaintehildegarde.com\\\/es\\\/espelta-alimentacion\\\/frutos-y-preparaciones-a-base-de-frutos\\\/confiture-chataigne-orange-bio-360g\\\/#breadcrumb\",\"itemListElement\":[{\"@type\":\"ListItem\",\"position\":1,\"name\":\"Inicio\",\"item\":\"https:\\\/\\\/www.lesjardinsdesaintehildegarde.com\\\/es\\\/\"},{\"@type\":\"ListItem\",\"position\":2,\"name\":\"Productos\",\"item\":\"https:\\\/\\\/www.lesjardinsdesaintehildegarde.com\\\/es\\\/shop\\\/\"},{\"@type\":\"ListItem\",\"position\":3,\"name\":\"CONFITURE CHATAIGNE-ORANGE BIO 360G*\"}]},{\"@type\":\"WebSite\",\"@id\":\"https:\\\/\\\/www.lesjardinsdesaintehildegarde.com\\\/es\\\/#website\",\"url\":\"https:\\\/\\\/www.lesjardinsdesaintehildegarde.com\\\/es\\\/\",\"name\":\"Les Jardins de Sainte-Hildegarde\",\"description\":\"Viriditas\",\"publisher\":{\"@id\":\"https:\\\/\\\/www.lesjardinsdesaintehildegarde.com\\\/es\\\/#organization\"},\"potentialAction\":[{\"@type\":\"SearchAction\",\"target\":{\"@type\":\"EntryPoint\",\"urlTemplate\":\"https:\\\/\\\/www.lesjardinsdesaintehildegarde.com\\\/es\\\/?s={search_term_string}\"},\"query-input\":{\"@type\":\"PropertyValueSpecification\",\"valueRequired\":true,\"valueName\":\"search_term_string\"}}],\"inLanguage\":\"es\"},{\"@type\":\"Organization\",\"@id\":\"https:\\\/\\\/www.lesjardinsdesaintehildegarde.com\\\/es\\\/#organization\",\"name\":\"Les Jardins de Sainte-Hildegarde\",\"url\":\"https:\\\/\\\/www.lesjardinsdesaintehildegarde.com\\\/es\\\/\",\"logo\":{\"@type\":\"ImageObject\",\"inLanguage\":\"es\",\"@id\":\"https:\\\/\\\/www.lesjardinsdesaintehildegarde.com\\\/es\\\/#\\\/schema\\\/logo\\\/image\\\/\",\"url\":\"https:\\\/\\\/www.lesjardinsdesaintehildegarde.com\\\/wp-content\\\/uploads\\\/2022\\\/11\\\/logo-2022.png\",\"contentUrl\":\"https:\\\/\\\/www.lesjardinsdesaintehildegarde.com\\\/wp-content\\\/uploads\\\/2022\\\/11\\\/logo-2022.png\",\"width\":365,\"height\":90,\"caption\":\"Les Jardins de Sainte-Hildegarde\"},\"image\":{\"@id\":\"https:\\\/\\\/www.lesjardinsdesaintehildegarde.com\\\/es\\\/#\\\/schema\\\/logo\\\/image\\\/\"}}]}<\/script>\n<!-- \/ Yoast SEO plugin. -->","yoast_head_json":{"title":"CONFITURE CHATAIGNE-ORANGE BIO 360G* - Les Jardins de Sainte-Hildegarde","robots":{"index":"index","follow":"follow","max-snippet":"max-snippet:-1","max-image-preview":"max-image-preview:large","max-video-preview":"max-video-preview:-1"},"canonical":"https:\/\/www.lesjardinsdesaintehildegarde.com\/es\/espelta-alimentacion\/frutos-y-preparaciones-a-base-de-frutos\/confiture-chataigne-orange-bio-360g\/","og_locale":"es_ES","og_type":"article","og_title":"CONFITURE CHATAIGNE-ORANGE BIO 360G* - Les Jardins de Sainte-Hildegarde","og_description":"CONFITURE DE CH\u00c2TAIGNE A L&#8217;ORANGE BIO 370G* (23.05\u20ac \/ kg) Fabrication artisanale * Issu de l&#8217;agriculture biologique Ingr\u00e9dients : Ch\u00e2taignes Bio, sucre de canne Bio, zeste d&#8217;orange bio 3% Pr\u00e9par\u00e9e avec 58 g de fruits pour 100g. Teneur totale en sucre : 56 g pour 100g. Valeurs nutritionnelles pour 100g : Energie : 1037 kJ [&hellip;]","og_url":"https:\/\/www.lesjardinsdesaintehildegarde.com\/es\/espelta-alimentacion\/frutos-y-preparaciones-a-base-de-frutos\/confiture-chataigne-orange-bio-360g\/","og_site_name":"Les Jardins de Sainte-Hildegarde","article_modified_time":"2026-04-29T21:02:06+00:00","og_image":[{"width":1200,"height":1200,"url":"https:\/\/www.lesjardinsdesaintehildegarde.com\/wp-content\/uploads\/2023\/07\/15072-confiture-chataigne-orange-bio.jpg","type":"image\/jpeg"}],"twitter_card":"summary_large_image","twitter_misc":{"Tiempo de lectura":"1 minuto"},"schema":{"@context":"https:\/\/schema.org","@graph":[{"@type":"WebPage","@id":"https:\/\/www.lesjardinsdesaintehildegarde.com\/es\/espelta-alimentacion\/frutos-y-preparaciones-a-base-de-frutos\/confiture-chataigne-orange-bio-360g\/","url":"https:\/\/www.lesjardinsdesaintehildegarde.com\/es\/espelta-alimentacion\/frutos-y-preparaciones-a-base-de-frutos\/confiture-chataigne-orange-bio-360g\/","name":"CONFITURE CHATAIGNE-ORANGE BIO 360G* - Les Jardins de Sainte-Hildegarde","isPartOf":{"@id":"https:\/\/www.lesjardinsdesaintehildegarde.com\/es\/#website"},"primaryImageOfPage":{"@id":"https:\/\/www.lesjardinsdesaintehildegarde.com\/es\/espelta-alimentacion\/frutos-y-preparaciones-a-base-de-frutos\/confiture-chataigne-orange-bio-360g\/#primaryimage"},"image":{"@id":"https:\/\/www.lesjardinsdesaintehildegarde.com\/es\/espelta-alimentacion\/frutos-y-preparaciones-a-base-de-frutos\/confiture-chataigne-orange-bio-360g\/#primaryimage"},"thumbnailUrl":"https:\/\/www.lesjardinsdesaintehildegarde.com\/wp-content\/uploads\/2023\/07\/15072-confiture-chataigne-orange-bio.jpg","datePublished":"2022-11-04T08:07:17+00:00","dateModified":"2026-04-29T21:02:06+00:00","breadcrumb":{"@id":"https:\/\/www.lesjardinsdesaintehildegarde.com\/es\/espelta-alimentacion\/frutos-y-preparaciones-a-base-de-frutos\/confiture-chataigne-orange-bio-360g\/#breadcrumb"},"inLanguage":"es","potentialAction":[{"@type":"ReadAction","target":["https:\/\/www.lesjardinsdesaintehildegarde.com\/es\/espelta-alimentacion\/frutos-y-preparaciones-a-base-de-frutos\/confiture-chataigne-orange-bio-360g\/"]}]},{"@type":"ImageObject","inLanguage":"es","@id":"https:\/\/www.lesjardinsdesaintehildegarde.com\/es\/espelta-alimentacion\/frutos-y-preparaciones-a-base-de-frutos\/confiture-chataigne-orange-bio-360g\/#primaryimage","url":"https:\/\/www.lesjardinsdesaintehildegarde.com\/wp-content\/uploads\/2023\/07\/15072-confiture-chataigne-orange-bio.jpg","contentUrl":"https:\/\/www.lesjardinsdesaintehildegarde.com\/wp-content\/uploads\/2023\/07\/15072-confiture-chataigne-orange-bio.jpg","width":1200,"height":1200,"caption":"Confiture ch\u00e2taigne-orange Bio, pot de 360g net"},{"@type":"BreadcrumbList","@id":"https:\/\/www.lesjardinsdesaintehildegarde.com\/es\/espelta-alimentacion\/frutos-y-preparaciones-a-base-de-frutos\/confiture-chataigne-orange-bio-360g\/#breadcrumb","itemListElement":[{"@type":"ListItem","position":1,"name":"Inicio","item":"https:\/\/www.lesjardinsdesaintehildegarde.com\/es\/"},{"@type":"ListItem","position":2,"name":"Productos","item":"https:\/\/www.lesjardinsdesaintehildegarde.com\/es\/shop\/"},{"@type":"ListItem","position":3,"name":"CONFITURE CHATAIGNE-ORANGE BIO 360G*"}]},{"@type":"WebSite","@id":"https:\/\/www.lesjardinsdesaintehildegarde.com\/es\/#website","url":"https:\/\/www.lesjardinsdesaintehildegarde.com\/es\/","name":"Les Jardins de Sainte-Hildegarde","description":"Viriditas","publisher":{"@id":"https:\/\/www.lesjardinsdesaintehildegarde.com\/es\/#organization"},"potentialAction":[{"@type":"SearchAction","target":{"@type":"EntryPoint","urlTemplate":"https:\/\/www.lesjardinsdesaintehildegarde.com\/es\/?s={search_term_string}"},"query-input":{"@type":"PropertyValueSpecification","valueRequired":true,"valueName":"search_term_string"}}],"inLanguage":"es"},{"@type":"Organization","@id":"https:\/\/www.lesjardinsdesaintehildegarde.com\/es\/#organization","name":"Les Jardins de Sainte-Hildegarde","url":"https:\/\/www.lesjardinsdesaintehildegarde.com\/es\/","logo":{"@type":"ImageObject","inLanguage":"es","@id":"https:\/\/www.lesjardinsdesaintehildegarde.com\/es\/#\/schema\/logo\/image\/","url":"https:\/\/www.lesjardinsdesaintehildegarde.com\/wp-content\/uploads\/2022\/11\/logo-2022.png","contentUrl":"https:\/\/www.lesjardinsdesaintehildegarde.com\/wp-content\/uploads\/2022\/11\/logo-2022.png","width":365,"height":90,"caption":"Les Jardins de Sainte-Hildegarde"},"image":{"@id":"https:\/\/www.lesjardinsdesaintehildegarde.com\/es\/#\/schema\/logo\/image\/"}}]}},"_links":{"self":[{"href":"https:\/\/www.lesjardinsdesaintehildegarde.com\/es\/wp-json\/wp\/v2\/product\/960","targetHints":{"allow":["GET"]}}],"collection":[{"href":"https:\/\/www.lesjardinsdesaintehildegarde.com\/es\/wp-json\/wp\/v2\/product"}],"about":[{"href":"https:\/\/www.lesjardinsdesaintehildegarde.com\/es\/wp-json\/wp\/v2\/types\/product"}],"replies":[{"embeddable":true,"href":"https:\/\/www.lesjardinsdesaintehildegarde.com\/es\/wp-json\/wp\/v2\/comments?post=960"}],"wp:featuredmedia":[{"embeddable":true,"href":"https:\/\/www.lesjardinsdesaintehildegarde.com\/es\/wp-json\/wp\/v2\/media\/66837"}],"wp:attachment":[{"href":"https:\/\/www.lesjardinsdesaintehildegarde.com\/es\/wp-json\/wp\/v2\/media?parent=960"}],"wp:term":[{"taxonomy":"product_brand","embeddable":true,"href":"https:\/\/www.lesjardinsdesaintehildegarde.com\/es\/wp-json\/wp\/v2\/product_brand?post=960"},{"taxonomy":"product_cat","embeddable":true,"href":"https:\/\/www.lesjardinsdesaintehildegarde.com\/es\/wp-json\/wp\/v2\/product_cat?post=960"},{"taxonomy":"product_tag","embeddable":true,"href":"https:\/\/www.lesjardinsdesaintehildegarde.com\/es\/wp-json\/wp\/v2\/product_tag?post=960"}],"curies":[{"name":"wp","href":"https:\/\/api.w.org\/{rel}","templated":true}]}}