{"id":968,"date":"2022-11-04T09:07:18","date_gmt":"2022-11-04T08:07:18","guid":{"rendered":"https:\/\/www.lesjardinsdesaintehildegarde.com\/non%20class\u00e9\/gelules-de-galanga-230mg-boite-de-200\/"},"modified":"2026-04-14T23:01:07","modified_gmt":"2026-04-14T21:01:07","slug":"gelules-de-galanga-230mg-boite-de-200","status":"publish","type":"product","link":"https:\/\/www.lesjardinsdesaintehildegarde.com\/es\/plantes-et-epices\/complements-alimentaires-a-base-de-plantes\/gelules-de-galanga-230mg-boite-de-200\/","title":{"rendered":"GELULES DE GALANGA RO 230MG BOITE DE 200"},"content":{"rendered":"<p>COMPL\u00c9MENT ALIMENTAIRE<\/p>\n<p>G\u00c9LULES GALANGA ROUGE 200 GEL\/230 MG<\/p>\n<p>Poudre d&#8217;alpinia officinarum<\/p>\n<p>Mode d&#8217;emploi :<\/p>\n<p>2 g\u00e9lules  matin, midi et soir pendant le repas.<\/p>\n<p>Dose journali\u00e8re recommand\u00e9e : 6 g\u00e9lules, soit 1380 mg<\/p>\n<p>La principale diff\u00e9rence entre les comprim\u00e9s et les g\u00e9lules r\u00e9side dans leur temps d&#8217;action et dans le go\u00fbt :<\/p>\n<p>-Un comprim\u00e9, du fait de sa prise sublinguale, va avoir un effet imm\u00e9diat (on sent fortement le go\u00fbt des plantes)<\/p>\n<p>-Une g\u00e9lule, du fait de son ingestion, aura un effet sous environ 20 minutes (on ne sent pas le go\u00fbt des plantes)<\/p>\n<p>Ingr\u00e9dients :<\/p>\n<p>Poudre de racine de petit galanga rouge (alpinia officinarum), g\u00e9lule de cellulose v\u00e9g\u00e9tale.<\/p>\n<p>* Produit issu de l&#8217;agriculture biologique <\/p>\n<p>Tenir hors de port\u00e9e des enfants. Ne pas d\u00e9passer la dose journali\u00e8re recommand\u00e9e. Produit destin\u00e9 \u00e0 un individu adulte d&#8217;un poids moyen de 50 \u00e0 70 kg. La posologie doit \u00eatre adapt\u00e9e en cas d&#8217;\u00e9cart de poids vis-\u00e0-vis \u00e0 cette moyenne. Les compl\u00e9ments alimentaires ne se substituent pas \u00e0 une alimentation vari\u00e9e et \u00e9quilibr\u00e9e. <\/p>\n<p>A conserver dans son emballage dans un endroit sec et \u00e0 une temp\u00e9rature n&#8217;exc\u00e9dant pas 20\u00b0C.<\/p>\n<p>N\u00b0 de d\u00e9claration : 2017-8-295<\/p>\n","protected":false},"excerpt":{"rendered":"<p>COMPL\u00c9MENT ALIMENTAIRE G\u00c9LULES GALANGA ROUGE 200 GEL\/230 MG Poudre d&#8217;alpinia officinarum Mode d&#8217;emploi : 2 g\u00e9lules matin, midi et soir pendant le repas. Dose journali\u00e8re recommand\u00e9e : 6 g\u00e9lules, soit 1380 mg La principale diff\u00e9rence entre les comprim\u00e9s et les g\u00e9lules r\u00e9side dans leur temps d&#8217;action et dans le go\u00fbt : -Un comprim\u00e9, du fait [&hellip;]<\/p>\n","protected":false},"featured_media":71631,"comment_status":"open","ping_status":"closed","template":"","meta":{"_acf_changed":false,"_relevanssi_hide_post":"","_relevanssi_hide_content":"","_relevanssi_pin_for_all":"","_relevanssi_pin_keywords":"","_relevanssi_unpin_keywords":"","_relevanssi_related_keywords":"","_relevanssi_related_include_ids":"","_relevanssi_related_exclude_ids":"","_relevanssi_related_no_append":"","_relevanssi_related_not_related":"","_relevanssi_related_posts":"","_relevanssi_noindex_reason":""},"product_brand":[],"product_cat":[653,35],"product_tag":[],"class_list":{"0":"post-968","1":"product","2":"type-product","3":"status-publish","4":"has-post-thumbnail","6":"product_cat-complements-alimentaires-a-base-de-plantes","7":"product_cat-plantes-et-epices","9":"first","10":"instock","11":"taxable","12":"shipping-taxable","13":"purchasable","14":"product-type-simple"},"acf":[],"yoast_head":"<!-- This site is optimized with the Yoast SEO plugin v27.2 - https:\/\/yoast.com\/product\/yoast-seo-wordpress\/ -->\n<title>GELULES DE GALANGA RO 230MG BOITE DE 200 - Les Jardins de Sainte-Hildegarde<\/title>\n<meta name=\"robots\" content=\"index, follow, max-snippet:-1, max-image-preview:large, max-video-preview:-1\" \/>\n<link rel=\"canonical\" href=\"https:\/\/www.lesjardinsdesaintehildegarde.com\/es\/plantes-et-epices\/complements-alimentaires-a-base-de-plantes\/gelules-de-galanga-230mg-boite-de-200\/\" \/>\n<meta property=\"og:locale\" content=\"es_ES\" \/>\n<meta property=\"og:type\" content=\"article\" \/>\n<meta property=\"og:title\" content=\"GELULES DE GALANGA RO 230MG BOITE DE 200 - Les Jardins de Sainte-Hildegarde\" \/>\n<meta property=\"og:description\" content=\"COMPL\u00c9MENT ALIMENTAIRE G\u00c9LULES GALANGA ROUGE 200 GEL\/230 MG Poudre d&#8217;alpinia officinarum Mode d&#8217;emploi : 2 g\u00e9lules matin, midi et soir pendant le repas. Dose journali\u00e8re recommand\u00e9e : 6 g\u00e9lules, soit 1380 mg La principale diff\u00e9rence entre les comprim\u00e9s et les g\u00e9lules r\u00e9side dans leur temps d&#8217;action et dans le go\u00fbt : -Un comprim\u00e9, du fait [&hellip;]\" \/>\n<meta property=\"og:url\" content=\"https:\/\/www.lesjardinsdesaintehildegarde.com\/es\/plantes-et-epices\/complements-alimentaires-a-base-de-plantes\/gelules-de-galanga-230mg-boite-de-200\/\" \/>\n<meta property=\"og:site_name\" content=\"Les Jardins de Sainte-Hildegarde\" \/>\n<meta property=\"article:modified_time\" content=\"2026-04-14T21:01:07+00:00\" \/>\n<meta property=\"og:image\" content=\"https:\/\/www.lesjardinsdesaintehildegarde.com\/wp-content\/uploads\/2022\/11\/20006-galanga-rouge-boite-de-200-gelules-1.jpg\" \/>\n\t<meta property=\"og:image:width\" content=\"1200\" \/>\n\t<meta property=\"og:image:height\" content=\"1200\" \/>\n\t<meta property=\"og:image:type\" content=\"image\/jpeg\" \/>\n<meta name=\"twitter:card\" content=\"summary_large_image\" \/>\n<meta name=\"twitter:label1\" content=\"Tiempo de lectura\" \/>\n\t<meta name=\"twitter:data1\" content=\"1 minuto\" \/>\n<script type=\"application\/ld+json\" class=\"yoast-schema-graph\">{\"@context\":\"https:\/\/schema.org\",\"@graph\":[{\"@type\":\"WebPage\",\"@id\":\"https:\/\/www.lesjardinsdesaintehildegarde.com\/es\/plantes-et-epices\/complements-alimentaires-a-base-de-plantes\/gelules-de-galanga-230mg-boite-de-200\/\",\"url\":\"https:\/\/www.lesjardinsdesaintehildegarde.com\/es\/plantes-et-epices\/complements-alimentaires-a-base-de-plantes\/gelules-de-galanga-230mg-boite-de-200\/\",\"name\":\"GELULES DE GALANGA RO 230MG BOITE DE 200 - Les Jardins de Sainte-Hildegarde\",\"isPartOf\":{\"@id\":\"https:\/\/www.lesjardinsdesaintehildegarde.com\/es\/#website\"},\"primaryImageOfPage\":{\"@id\":\"https:\/\/www.lesjardinsdesaintehildegarde.com\/es\/plantes-et-epices\/complements-alimentaires-a-base-de-plantes\/gelules-de-galanga-230mg-boite-de-200\/#primaryimage\"},\"image\":{\"@id\":\"https:\/\/www.lesjardinsdesaintehildegarde.com\/es\/plantes-et-epices\/complements-alimentaires-a-base-de-plantes\/gelules-de-galanga-230mg-boite-de-200\/#primaryimage\"},\"thumbnailUrl\":\"https:\/\/www.lesjardinsdesaintehildegarde.com\/wp-content\/uploads\/2022\/11\/20006-galanga-rouge-boite-de-200-gelules-1.jpg\",\"datePublished\":\"2022-11-04T08:07:18+00:00\",\"dateModified\":\"2026-04-14T21:01:07+00:00\",\"breadcrumb\":{\"@id\":\"https:\/\/www.lesjardinsdesaintehildegarde.com\/es\/plantes-et-epices\/complements-alimentaires-a-base-de-plantes\/gelules-de-galanga-230mg-boite-de-200\/#breadcrumb\"},\"inLanguage\":\"es\",\"potentialAction\":[{\"@type\":\"ReadAction\",\"target\":[\"https:\/\/www.lesjardinsdesaintehildegarde.com\/es\/plantes-et-epices\/complements-alimentaires-a-base-de-plantes\/gelules-de-galanga-230mg-boite-de-200\/\"]}]},{\"@type\":\"ImageObject\",\"inLanguage\":\"es\",\"@id\":\"https:\/\/www.lesjardinsdesaintehildegarde.com\/es\/plantes-et-epices\/complements-alimentaires-a-base-de-plantes\/gelules-de-galanga-230mg-boite-de-200\/#primaryimage\",\"url\":\"https:\/\/www.lesjardinsdesaintehildegarde.com\/wp-content\/uploads\/2022\/11\/20006-galanga-rouge-boite-de-200-gelules-1.jpg\",\"contentUrl\":\"https:\/\/www.lesjardinsdesaintehildegarde.com\/wp-content\/uploads\/2022\/11\/20006-galanga-rouge-boite-de-200-gelules-1.jpg\",\"width\":1200,\"height\":1200,\"caption\":\"COMPL\u00c9MENT ALIMENTAIRE G\u00c9LULES GALANGA 200 G\u00e9lules \/230 MG Poudre d'alpinia officinarum\"},{\"@type\":\"BreadcrumbList\",\"@id\":\"https:\/\/www.lesjardinsdesaintehildegarde.com\/es\/plantes-et-epices\/complements-alimentaires-a-base-de-plantes\/gelules-de-galanga-230mg-boite-de-200\/#breadcrumb\",\"itemListElement\":[{\"@type\":\"ListItem\",\"position\":1,\"name\":\"Inicio\",\"item\":\"https:\/\/www.lesjardinsdesaintehildegarde.com\/es\/\"},{\"@type\":\"ListItem\",\"position\":2,\"name\":\"Productos\",\"item\":\"https:\/\/www.lesjardinsdesaintehildegarde.com\/es\/shop\/\"},{\"@type\":\"ListItem\",\"position\":3,\"name\":\"GELULES DE GALANGA RO 230MG BOITE DE 200\"}]},{\"@type\":\"WebSite\",\"@id\":\"https:\/\/www.lesjardinsdesaintehildegarde.com\/es\/#website\",\"url\":\"https:\/\/www.lesjardinsdesaintehildegarde.com\/es\/\",\"name\":\"Les Jardins de Sainte-Hildegarde\",\"description\":\"Viriditas\",\"publisher\":{\"@id\":\"https:\/\/www.lesjardinsdesaintehildegarde.com\/es\/#organization\"},\"potentialAction\":[{\"@type\":\"SearchAction\",\"target\":{\"@type\":\"EntryPoint\",\"urlTemplate\":\"https:\/\/www.lesjardinsdesaintehildegarde.com\/es\/?s={search_term_string}\"},\"query-input\":{\"@type\":\"PropertyValueSpecification\",\"valueRequired\":true,\"valueName\":\"search_term_string\"}}],\"inLanguage\":\"es\"},{\"@type\":\"Organization\",\"@id\":\"https:\/\/www.lesjardinsdesaintehildegarde.com\/es\/#organization\",\"name\":\"Les Jardins de Sainte-Hildegarde\",\"url\":\"https:\/\/www.lesjardinsdesaintehildegarde.com\/es\/\",\"logo\":{\"@type\":\"ImageObject\",\"inLanguage\":\"es\",\"@id\":\"https:\/\/www.lesjardinsdesaintehildegarde.com\/es\/#\/schema\/logo\/image\/\",\"url\":\"https:\/\/www.lesjardinsdesaintehildegarde.com\/wp-content\/uploads\/2022\/11\/logo-2022.png\",\"contentUrl\":\"https:\/\/www.lesjardinsdesaintehildegarde.com\/wp-content\/uploads\/2022\/11\/logo-2022.png\",\"width\":365,\"height\":90,\"caption\":\"Les Jardins de Sainte-Hildegarde\"},\"image\":{\"@id\":\"https:\/\/www.lesjardinsdesaintehildegarde.com\/es\/#\/schema\/logo\/image\/\"}}]}<\/script>\n<!-- \/ Yoast SEO plugin. -->","yoast_head_json":{"title":"GELULES DE GALANGA RO 230MG BOITE DE 200 - Les Jardins de Sainte-Hildegarde","robots":{"index":"index","follow":"follow","max-snippet":"max-snippet:-1","max-image-preview":"max-image-preview:large","max-video-preview":"max-video-preview:-1"},"canonical":"https:\/\/www.lesjardinsdesaintehildegarde.com\/es\/plantes-et-epices\/complements-alimentaires-a-base-de-plantes\/gelules-de-galanga-230mg-boite-de-200\/","og_locale":"es_ES","og_type":"article","og_title":"GELULES DE GALANGA RO 230MG BOITE DE 200 - Les Jardins de Sainte-Hildegarde","og_description":"COMPL\u00c9MENT ALIMENTAIRE G\u00c9LULES GALANGA ROUGE 200 GEL\/230 MG Poudre d&#8217;alpinia officinarum Mode d&#8217;emploi : 2 g\u00e9lules matin, midi et soir pendant le repas. Dose journali\u00e8re recommand\u00e9e : 6 g\u00e9lules, soit 1380 mg La principale diff\u00e9rence entre les comprim\u00e9s et les g\u00e9lules r\u00e9side dans leur temps d&#8217;action et dans le go\u00fbt : -Un comprim\u00e9, du fait [&hellip;]","og_url":"https:\/\/www.lesjardinsdesaintehildegarde.com\/es\/plantes-et-epices\/complements-alimentaires-a-base-de-plantes\/gelules-de-galanga-230mg-boite-de-200\/","og_site_name":"Les Jardins de Sainte-Hildegarde","article_modified_time":"2026-04-14T21:01:07+00:00","og_image":[{"width":1200,"height":1200,"url":"https:\/\/www.lesjardinsdesaintehildegarde.com\/wp-content\/uploads\/2022\/11\/20006-galanga-rouge-boite-de-200-gelules-1.jpg","type":"image\/jpeg"}],"twitter_card":"summary_large_image","twitter_misc":{"Tiempo de lectura":"1 minuto"},"schema":{"@context":"https:\/\/schema.org","@graph":[{"@type":"WebPage","@id":"https:\/\/www.lesjardinsdesaintehildegarde.com\/es\/plantes-et-epices\/complements-alimentaires-a-base-de-plantes\/gelules-de-galanga-230mg-boite-de-200\/","url":"https:\/\/www.lesjardinsdesaintehildegarde.com\/es\/plantes-et-epices\/complements-alimentaires-a-base-de-plantes\/gelules-de-galanga-230mg-boite-de-200\/","name":"GELULES DE GALANGA RO 230MG BOITE DE 200 - Les Jardins de Sainte-Hildegarde","isPartOf":{"@id":"https:\/\/www.lesjardinsdesaintehildegarde.com\/es\/#website"},"primaryImageOfPage":{"@id":"https:\/\/www.lesjardinsdesaintehildegarde.com\/es\/plantes-et-epices\/complements-alimentaires-a-base-de-plantes\/gelules-de-galanga-230mg-boite-de-200\/#primaryimage"},"image":{"@id":"https:\/\/www.lesjardinsdesaintehildegarde.com\/es\/plantes-et-epices\/complements-alimentaires-a-base-de-plantes\/gelules-de-galanga-230mg-boite-de-200\/#primaryimage"},"thumbnailUrl":"https:\/\/www.lesjardinsdesaintehildegarde.com\/wp-content\/uploads\/2022\/11\/20006-galanga-rouge-boite-de-200-gelules-1.jpg","datePublished":"2022-11-04T08:07:18+00:00","dateModified":"2026-04-14T21:01:07+00:00","breadcrumb":{"@id":"https:\/\/www.lesjardinsdesaintehildegarde.com\/es\/plantes-et-epices\/complements-alimentaires-a-base-de-plantes\/gelules-de-galanga-230mg-boite-de-200\/#breadcrumb"},"inLanguage":"es","potentialAction":[{"@type":"ReadAction","target":["https:\/\/www.lesjardinsdesaintehildegarde.com\/es\/plantes-et-epices\/complements-alimentaires-a-base-de-plantes\/gelules-de-galanga-230mg-boite-de-200\/"]}]},{"@type":"ImageObject","inLanguage":"es","@id":"https:\/\/www.lesjardinsdesaintehildegarde.com\/es\/plantes-et-epices\/complements-alimentaires-a-base-de-plantes\/gelules-de-galanga-230mg-boite-de-200\/#primaryimage","url":"https:\/\/www.lesjardinsdesaintehildegarde.com\/wp-content\/uploads\/2022\/11\/20006-galanga-rouge-boite-de-200-gelules-1.jpg","contentUrl":"https:\/\/www.lesjardinsdesaintehildegarde.com\/wp-content\/uploads\/2022\/11\/20006-galanga-rouge-boite-de-200-gelules-1.jpg","width":1200,"height":1200,"caption":"COMPL\u00c9MENT ALIMENTAIRE G\u00c9LULES GALANGA 200 G\u00e9lules \/230 MG Poudre d'alpinia officinarum"},{"@type":"BreadcrumbList","@id":"https:\/\/www.lesjardinsdesaintehildegarde.com\/es\/plantes-et-epices\/complements-alimentaires-a-base-de-plantes\/gelules-de-galanga-230mg-boite-de-200\/#breadcrumb","itemListElement":[{"@type":"ListItem","position":1,"name":"Inicio","item":"https:\/\/www.lesjardinsdesaintehildegarde.com\/es\/"},{"@type":"ListItem","position":2,"name":"Productos","item":"https:\/\/www.lesjardinsdesaintehildegarde.com\/es\/shop\/"},{"@type":"ListItem","position":3,"name":"GELULES DE GALANGA RO 230MG BOITE DE 200"}]},{"@type":"WebSite","@id":"https:\/\/www.lesjardinsdesaintehildegarde.com\/es\/#website","url":"https:\/\/www.lesjardinsdesaintehildegarde.com\/es\/","name":"Les Jardins de Sainte-Hildegarde","description":"Viriditas","publisher":{"@id":"https:\/\/www.lesjardinsdesaintehildegarde.com\/es\/#organization"},"potentialAction":[{"@type":"SearchAction","target":{"@type":"EntryPoint","urlTemplate":"https:\/\/www.lesjardinsdesaintehildegarde.com\/es\/?s={search_term_string}"},"query-input":{"@type":"PropertyValueSpecification","valueRequired":true,"valueName":"search_term_string"}}],"inLanguage":"es"},{"@type":"Organization","@id":"https:\/\/www.lesjardinsdesaintehildegarde.com\/es\/#organization","name":"Les Jardins de Sainte-Hildegarde","url":"https:\/\/www.lesjardinsdesaintehildegarde.com\/es\/","logo":{"@type":"ImageObject","inLanguage":"es","@id":"https:\/\/www.lesjardinsdesaintehildegarde.com\/es\/#\/schema\/logo\/image\/","url":"https:\/\/www.lesjardinsdesaintehildegarde.com\/wp-content\/uploads\/2022\/11\/logo-2022.png","contentUrl":"https:\/\/www.lesjardinsdesaintehildegarde.com\/wp-content\/uploads\/2022\/11\/logo-2022.png","width":365,"height":90,"caption":"Les Jardins de Sainte-Hildegarde"},"image":{"@id":"https:\/\/www.lesjardinsdesaintehildegarde.com\/es\/#\/schema\/logo\/image\/"}}]}},"_links":{"self":[{"href":"https:\/\/www.lesjardinsdesaintehildegarde.com\/es\/wp-json\/wp\/v2\/product\/968","targetHints":{"allow":["GET"]}}],"collection":[{"href":"https:\/\/www.lesjardinsdesaintehildegarde.com\/es\/wp-json\/wp\/v2\/product"}],"about":[{"href":"https:\/\/www.lesjardinsdesaintehildegarde.com\/es\/wp-json\/wp\/v2\/types\/product"}],"replies":[{"embeddable":true,"href":"https:\/\/www.lesjardinsdesaintehildegarde.com\/es\/wp-json\/wp\/v2\/comments?post=968"}],"wp:featuredmedia":[{"embeddable":true,"href":"https:\/\/www.lesjardinsdesaintehildegarde.com\/es\/wp-json\/wp\/v2\/media\/71631"}],"wp:attachment":[{"href":"https:\/\/www.lesjardinsdesaintehildegarde.com\/es\/wp-json\/wp\/v2\/media?parent=968"}],"wp:term":[{"taxonomy":"product_brand","embeddable":true,"href":"https:\/\/www.lesjardinsdesaintehildegarde.com\/es\/wp-json\/wp\/v2\/product_brand?post=968"},{"taxonomy":"product_cat","embeddable":true,"href":"https:\/\/www.lesjardinsdesaintehildegarde.com\/es\/wp-json\/wp\/v2\/product_cat?post=968"},{"taxonomy":"product_tag","embeddable":true,"href":"https:\/\/www.lesjardinsdesaintehildegarde.com\/es\/wp-json\/wp\/v2\/product_tag?post=968"}],"curies":[{"name":"wp","href":"https:\/\/api.w.org\/{rel}","templated":true}]}}